{"id":5817,"date":"2021-12-03T10:10:29","date_gmt":"2021-12-03T10:10:29","guid":{"rendered":"https:\/\/elfsight.com\/fr\/?page_id=5817"},"modified":"2024-11-11T10:58:55","modified_gmt":"2024-11-11T10:58:55","slug":"html","status":"publish","type":"page","link":"https:\/\/elfsight.com\/fr\/facebook-reviews-widget\/html\/","title":{"rendered":"Facebook Reviews &#8211; HTML"},"content":{"rendered":"<div class=\"application-platform-content-item-description application-platform-content-item\" id=\"description\" data-nav-section=\"description\"><h2>Description<\/h2><p>D\u00e9montrez vos avis clients sur Facebook sur le site \u00e0 l&rsquo;aide d&rsquo;Elfsight Facebook Reviews et prouvez que les gens vous font confiance . Les visiteurs du site Web apprendront ce que les gens disent de votre entreprise sur Facebook dans un widget avec une interface \u00e9quilibr\u00e9e et des d\u00e9tails Facebook originaux. L&rsquo;interface est adaptative et propose un classement par \u00e9toiles, des donn\u00e9es d&rsquo;auteur, des \u00e9l\u00e9ments commutables et des options de mise en page et de mod\u00e8le pr\u00e9d\u00e9finies. Via Elfsight Facebook Reviews, vous pouvez afficher un bouton pour laisser un nouvel avis et recueillir les commentaires des clients.<\/p><p>Attirez davantage de commentaires de clients en d\u00e9montrant les avis Facebook avec la possibilit\u00e9 d&rsquo;en ajouter de nouveaux\u00a0!<\/p><ul><li><b>Renforcez la confiance en affichant les avis de vrais clients<\/b><br>Convainquez les utilisateurs que vos avis sont r\u00e9els \u00e0 l&rsquo;aide des informations compl\u00e8tes sur l&rsquo;auteur et renforcez la confiance dans votre marque.<\/li><li><b>Attirez plus d&rsquo;achats b\u00e9n\u00e9ficiant de votre excellente note<\/b><br>D\u00e9montrez votre excellente note et vos excellents avis pour prouver que vos articles valent la peine d&rsquo;\u00eatre achet\u00e9s et attirer plus d&rsquo;achats.<\/li><li><b>Parvenez \u00e0 une compr\u00e9hension plus claire de vos offres<\/b><br>D\u00e9montrer vos produits et services \u00e0 travers l&rsquo;exp\u00e9rience des clients aidera les utilisateurs \u00e0 mieux les comprendre.<\/li><\/ul><\/div><div class=\"application-platform-content-item-features application-platform-content-item\" id=\"features\" data-nav-section=\"features\"><h2>Fonctionnalit\u00e9s <\/h2><p>5 avantages qui font de notre widget le meilleur outil pour les sites Web HTML\u00a0:<\/p><ul><li>En-t\u00eate commutable du widget;<\/li><li>Choisir le nombre d&rsquo;avis par page\u00a0;<\/li><li>Choisir le type de pagination dans la disposition Slider\u00a0;<\/li><li>Bouton de demande de r\u00e9vision pour rediriger sur la page Facebook\u00a0;<\/li><li>5 \u00e9l\u00e9ments pouvant \u00eatre peints de l&rsquo;interface\u00a0: arri\u00e8re-plan, r\u00e9vision texte, liens. Bouton de demande de r\u00e9vision, note\u00a0;<\/li><\/ul><p><a href=\"#demo\">Testez toutes les fonctionnalit\u00e9s dans la d\u00e9mo en direct<\/a><\/p><\/div><div class=\"application-platform-content-item- installation application-platform-content-item\" id=\" installation\" data-nav-section=\" installation\"><h2>Comment ajouter des avis Facebook sur un site Web HTML<\/h2><div class=\"video-container\"><iframe width=\"720\" height=\"405\" src=\"https:\/\/www.youtube.com\/embed\/XfkcWOTExT8\" frameborder=\"0\" allowfullscreen=\"\"><\/iframe><\/div><p>La dur\u00e9e approximative de la mise en \u0153uvre est inf\u00e9rieure \u00e0 90 secondes, et de plus, elle ne n\u00e9cessite aucune comp\u00e9tence en programmation.<\/p><ol><li><b>Cr\u00e9ez vos avis Facebook uniques<\/b><br> Avec notre \u00e9diteur gratuit, g\u00e9n\u00e9rez un plugin avec les fonctionnalit\u00e9s de mise en page requises.<\/li><li><b> Recevez un code pour l&rsquo;int\u00e9gration du plugin<\/b><br> Apr\u00e8s la configuration du widget, recevez un code pour le plugin Reviews \u00e0 partir de la notification apparue sur les applications Elfsight.<\/li><li><b>Placez le widget sur le site Web HTML <\/b><br> Ouvrez le code de la page dans l&rsquo;\u00e9diteur HTML, placez le widget \u00e0 l&rsquo;endroit souhait\u00e9 (contenu, pied de page, barre lat\u00e9rale, etc.) et appliquez les modifications.<\/li><li><b>L&rsquo;int\u00e9gration est r\u00e9ussie\u00a0! <\/b><br> Entrez sur le site Web pour v\u00e9rifier votre plugin.<\/li><\/ol><p>Vous rencontrez des difficult\u00e9s lors de l&rsquo;ex\u00e9cution du manuel ou de la g\u00e9n\u00e9ration d&rsquo;un plugin personnel\u00a0? Contactez le centre d&rsquo;aide et l&rsquo;\u00e9quipe d&rsquo;assistance se fera un plaisir de vous aider.<\/p><div class=\"faq\" data-component=\"FAQ\"> <div class=\"faq-item\">\r\n\t\t\t\t\t<div class=\"faq-item-question\">\r\n\t\t\t\t\t\t<h3 class=\"faq-item-question-text\">Comment ajouter des avis Facebook \u00e0 mon site Web HTML sans comp\u00e9tences en codage ?<\/h3>\r\n\r\n\t\t\t\t\t\t<div class=\"faq-item-question-icon\"><\/div>\r\n\t\t\t\t\t<\/div>\r\n\r\n\t\t\t\t\t<div class=\"faq-item-answer\">\r\n\t\t\t\t\t\t<div class=\"faq-item-answer-text\"> <p>Elfsight fournit une solution SaaS qui vous permet cr\u00e9ez vous-m\u00eame un widget d&rsquo;avis Facebook, voyez \u00e0 quel point le processus est simple\u00a0: travaillez directement dans l&rsquo;\u00e9diteur en ligne pour cr\u00e9er un widget d&rsquo;avis Facebook que vous aimeriez voir sur votre site Web HTML. Choisissez l&rsquo;un des mod\u00e8les pr\u00e9d\u00e9finis et ajustez les param\u00e8tres des avis Facebook, ajoutez votre contenu, modifiez la mise en page et les couleurs sans comp\u00e9tences en codage. Enregistrez les avis Facebook et copiez son code d&rsquo;installation, que vous pouvez simplement int\u00e9grer dans votre site Web HTML sans avoir besoin d&rsquo;acheter une version payante. Gr\u00e2ce \u00e0 notre \u00e9diteur intuitif, tout internaute peut cr\u00e9er un widget Avis Facebook en ligne et l&rsquo;int\u00e9grer facilement \u00e0 son site Web HTML. Il n&rsquo;est pas n\u00e9cessaire de payer ou de saisir les informations d&rsquo;identification de votre carte pour acc\u00e9der au service. Si vous rencontrez des probl\u00e8mes \u00e0 n&rsquo;importe quelle \u00e9tape, n&rsquo;h\u00e9sitez pas \u00e0 contacter notre \u00e9quipe d&rsquo;assistance technique.<\/p> <\/div>\r\n\t\t\t\t\t<\/div>\r\n\t\t\t\t<\/div> <\/div> <\/div>","protected":false},"excerpt":{"rendered":"","protected":false},"author":18,"featured_media":0,"parent":2252,"menu_order":0,"comment_status":"closed","ping_status":"closed","template":"templates\/template-application-platform.php","meta":{"publish_to_discourse":"","publish_post_category":"","wpdc_auto_publish_overridden":"","wpdc_topic_tags":"","wpdc_pin_topic":"","wpdc_pin_until":"","discourse_post_id":"","discourse_permalink":"","wpdc_publishing_response":"","wpdc_publishing_error":"","footnotes":""},"class_list":["post-5817","page","type-page","status-publish","hentry"],"yoast_head":"<!-- This site is optimized with the Yoast SEO plugin v25.3.1 - https:\/\/yoast.com\/wordpress\/plugins\/seo\/ -->\n<title>Avis Facebook - ajoutez widget Avis Client Facebook sur HTML<\/title>\n<meta name=\"description\" content=\"Int\u00e9grez un Avis Facebook attractif sur votre site. Appliquez la d\u00e9mo d&#039;Elfsight et g\u00e9n\u00e9rez votre widget en quelques minutes.\" \/>\n<meta name=\"robots\" content=\"index, follow, max-snippet:-1, max-image-preview:large, max-video-preview:-1\" \/>\n<link rel=\"canonical\" href=\"https:\/\/elfsight.com\/fr\/facebook-reviews-widget\/html\/\" \/>\n<meta property=\"og:locale\" content=\"fr_FR\" \/>\n<meta property=\"og:type\" content=\"article\" \/>\n<meta property=\"og:title\" content=\"Avis Facebook - ajoutez widget Avis Client Facebook sur HTML\" \/>\n<meta property=\"og:description\" content=\"Int\u00e9grez un Avis Facebook attractif sur votre site. Appliquez la d\u00e9mo d&#039;Elfsight et g\u00e9n\u00e9rez votre widget en quelques minutes.\" \/>\n<meta property=\"og:url\" content=\"https:\/\/elfsight.com\/fr\/facebook-reviews-widget\/html\/\" \/>\n<meta property=\"og:site_name\" content=\"Elfsight FR\" \/>\n<meta property=\"article:modified_time\" content=\"2024-11-11T10:58:55+00:00\" \/>\n<meta name=\"twitter:card\" content=\"summary_large_image\" \/>\n<meta name=\"twitter:label1\" content=\"Dur\u00e9e de lecture estim\u00e9e\" \/>\n\t<meta name=\"twitter:data1\" content=\"1 minute\" \/>\n<!-- \/ Yoast SEO plugin. -->","yoast_head_json":{"title":"Avis Facebook - ajoutez widget Avis Client Facebook sur HTML","description":"Int\u00e9grez un Avis Facebook attractif sur votre site. Appliquez la d\u00e9mo d'Elfsight et g\u00e9n\u00e9rez votre widget en quelques minutes.","robots":{"index":"index","follow":"follow","max-snippet":"max-snippet:-1","max-image-preview":"max-image-preview:large","max-video-preview":"max-video-preview:-1"},"canonical":"https:\/\/elfsight.com\/fr\/facebook-reviews-widget\/html\/","og_locale":"fr_FR","og_type":"article","og_title":"Avis Facebook - ajoutez widget Avis Client Facebook sur HTML","og_description":"Int\u00e9grez un Avis Facebook attractif sur votre site. Appliquez la d\u00e9mo d'Elfsight et g\u00e9n\u00e9rez votre widget en quelques minutes.","og_url":"https:\/\/elfsight.com\/fr\/facebook-reviews-widget\/html\/","og_site_name":"Elfsight FR","article_modified_time":"2024-11-11T10:58:55+00:00","twitter_card":"summary_large_image","twitter_misc":{"Dur\u00e9e de lecture estim\u00e9e":"1 minute"},"schema":{"@context":"https:\/\/schema.org","@graph":[{"@type":"WebPage","@id":"https:\/\/elfsight.com\/fr\/facebook-reviews-widget\/html\/","url":"https:\/\/elfsight.com\/fr\/facebook-reviews-widget\/html\/","name":"Avis Facebook - ajoutez widget Avis Client Facebook sur HTML","isPartOf":{"@id":"https:\/\/elfsight.com\/fr\/#website"},"datePublished":"2021-12-03T10:10:29+00:00","dateModified":"2024-11-11T10:58:55+00:00","description":"Int\u00e9grez un Avis Facebook attractif sur votre site. Appliquez la d\u00e9mo d'Elfsight et g\u00e9n\u00e9rez votre widget en quelques minutes.","breadcrumb":{"@id":"https:\/\/elfsight.com\/fr\/facebook-reviews-widget\/html\/#breadcrumb"},"inLanguage":"fr-FR","potentialAction":[{"@type":"ReadAction","target":["https:\/\/elfsight.com\/fr\/facebook-reviews-widget\/html\/"]}]},{"@type":"BreadcrumbList","@id":"https:\/\/elfsight.com\/fr\/facebook-reviews-widget\/html\/#breadcrumb","itemListElement":[{"@type":"ListItem","position":1,"name":"Home","item":"https:\/\/elfsight.com\/fr\/"},{"@type":"ListItem","position":2,"name":"Facebook Reviews","item":"https:\/\/elfsight.com\/fr\/facebook-reviews-widget\/"},{"@type":"ListItem","position":3,"name":"Facebook Reviews &#8211; HTML"}]},{"@type":"WebSite","@id":"https:\/\/elfsight.com\/fr\/#website","url":"https:\/\/elfsight.com\/fr\/","name":"Elfsight FR","description":"","potentialAction":[{"@type":"SearchAction","target":{"@type":"EntryPoint","urlTemplate":"https:\/\/elfsight.com\/fr\/?s={search_term_string}"},"query-input":{"@type":"PropertyValueSpecification","valueRequired":true,"valueName":"search_term_string"}}],"inLanguage":"fr-FR"}]}},"meta_box":{"industry":"","seo_heading":"","heading":"","description":"","cta_heading":"","cta_description":"","application":"2182","h1":"Widget Avis Facebook pour HTML","h1_caption":"Int\u00e9grez les avis clients de votre page Facebook directement sur votre site Web pour am\u00e9liorer sans effort la confiance et la preuve sociale dans votre site Web HTML.","application_category":[],"applications_title":"","applications_request_title":"","applications_request_button_text":"","hero_text":"","hero_video":"","hero_video_schema_markup":"","selling_points_title":"","selling_points_caption":"","selling_points":[],"selling_points_cta_text":"","features_title":"","features":"","ed_cta_examples_text":"","ed_cta_examples_hidden":"","ed_cta_demo_text":"","ed_cta_demo_hidden":"","why_caption":"","why_editor_title":"","why_editor_text":"","why_team_title":"","why_team_text":"","why_service_title":"","why_service_text":"","template_catalog_visible":"","template_catalog_title":"","template_catalog_text":"","template_catalog_categories_visible":"","demo_title":"Cr\u00e9ez votre widget Avis Facebook","demo_caption":"Configurez vos avis Facebook et ajoutez-les \u00e0 votre site Web HTML gratuitement !","default_faq_hidden":"","app_template_category":[],"platform":"352","template_public_id":"","codecanyon_url":"","codecanyon_item_id":"","codecanyon_price":"","pricing_caption":"","pricing_elfsight_apps_hide_column":"","pricing_elfsight_apps_url":"","pricing_codecanyon_price_caption":"","integration_category":[],"integration_request_title":"","integration_request_cta":"","integration_platform":"","integrations":[],"platform_category":[],"video_schema_markup":"","price":"\u00c0 partir de $0\/mois","trial":"","benefits":[{"text":"Installation gratuite"},{"text":"Support Premium"},{"text":"Garantie de remboursement de 14 jours"},{"text":"L'am\u00e9lioration continue"}],"button_url":"#demo","button_target_blank":"0","button_nofollow":"0","attributes":[{"name":"Nombre d'installations","content":"1,000 - 5,000","_state":"expanded"},{"name":"Adaptif","content":"Oui","_state":"expanded"},{"name":"Navigateurs compatibles","content":"Firefox, Safari, Opera, Chrome, Edge","_state":"expanded"}],"tags":[],"tags_disable_links":"0","hide_more_platforms":"","video_object":"","demo_hide_cta":"0","demo_hide_cloud_options":"0","pricing_title":"","pricing":[{"pricing_icon":"platform","pricing_title":"Applications d'Elfsight","pricing_title_caption":"Solution num\u00e9rique multiplateforme qui fonctionne sur n'importe quel site","pricing_price":"\u00c0 partir de $0\/mois","pricing_price_caption":"Commencez avec un plan gratuit","pricing_benefits":[{"text":"Sites Web illimit\u00e9s"},{"text":"\u00c9quipe d'assistance professionnelle"},{"text":"Service d'installation gratuit"},{"text":"100% personnalisable"}],"pricing_button_text":"Ajouter au site Web","pricing_button_url":"https:\/\/apps.elfsight.com\/sign-up\/","pricing_button_nofollow":"1","_state":"expanded"}],"related_apps_title":"","related_apps_hidden":"1","author":"","image":[],"title":"","job":"","social_networks":[]},"_links":{"self":[{"href":"https:\/\/elfsight.com\/fr\/wp-json\/wp\/v2\/pages\/5817","targetHints":{"allow":["GET"]}}],"collection":[{"href":"https:\/\/elfsight.com\/fr\/wp-json\/wp\/v2\/pages"}],"about":[{"href":"https:\/\/elfsight.com\/fr\/wp-json\/wp\/v2\/types\/page"}],"author":[{"embeddable":true,"href":"https:\/\/elfsight.com\/fr\/wp-json\/wp\/v2\/users\/18"}],"replies":[{"embeddable":true,"href":"https:\/\/elfsight.com\/fr\/wp-json\/wp\/v2\/comments?post=5817"}],"version-history":[{"count":2,"href":"https:\/\/elfsight.com\/fr\/wp-json\/wp\/v2\/pages\/5817\/revisions"}],"predecessor-version":[{"id":14874,"href":"https:\/\/elfsight.com\/fr\/wp-json\/wp\/v2\/pages\/5817\/revisions\/14874"}],"up":[{"embeddable":true,"href":"https:\/\/elfsight.com\/fr\/wp-json\/wp\/v2\/pages\/2252"}],"wp:attachment":[{"href":"https:\/\/elfsight.com\/fr\/wp-json\/wp\/v2\/media?parent=5817"}],"curies":[{"name":"wp","href":"https:\/\/api.w.org\/{rel}","templated":true}]}}