{"id":5815,"date":"2021-12-03T10:10:32","date_gmt":"2021-12-03T10:10:32","guid":{"rendered":"https:\/\/elfsight.com\/fr\/?page_id=5815"},"modified":"2024-11-08T14:31:06","modified_gmt":"2024-11-08T14:31:06","slug":"google-sites","status":"publish","type":"page","link":"https:\/\/elfsight.com\/fr\/facebook-reviews-widget\/google-sites\/","title":{"rendered":"Facebook Reviews &#8211; Google Sites"},"content":{"rendered":"<div class=\"application-platform-content-item-description application-platform-content-item\" id=\"description\" data-nav-section=\"description\"> <h2>Int\u00e9grez les avis Facebook sur Google Sites avec le widget Elfsight<\/h2> <p>Les avis Elfsight peuvent vous aider \u00e0 ajouter facilement des t\u00e9moignages \u00e0 partir de votre page Facebook sur votre site Web et renforcez la confiance dans votre marque parmi les utilisateurs du site Web. Vous pouvez filtrer les avis par l&rsquo;utilisateur, ajouter un nombre d&rsquo;\u00e9toiles, des informations sur l&rsquo;auteur et afficher un bouton pour laisser un avis suppl\u00e9mentaire. Le widget Elfsight Facebook Reviews a diverses mises en page et mod\u00e8les d&rsquo;avis, des \u00e9l\u00e9ments commutables et un en-t\u00eate flexible pour une personnalisation approfondie. En ayant vos avis Facebook sur le site de Google, vous pouvez b\u00e9n\u00e9ficier d&rsquo;une grande reconnaissance, renforcer la confiance et attirer plus d&rsquo;avis.<\/p> <p><b>Rendez votre site Web plus efficace pour les cibles de commerce \u00e9lectronique avec les widgets Elfsight<\/b> <\/p> <\/div> <div class=\"application-platform-content-item-features application-platform-content-item\" id=\"features\" data-nav-section=\"features\"> <h2>Voici seulement quelques-unes des diff\u00e9rentes fonctionnalit\u00e9s du widget\u00a0: <\/h2> <ul><li>22 langues pr\u00e9d\u00e9finies prises en charge\u00a0; <\/li><li>Choisir le nombre d&rsquo;avis par page\u00a0; <\/li><li>D\u00e9finition de la vitesse de diapositive et de la vitesse de lecture automatique\u00a0; <\/li><li>Message texte modifiable apr\u00e8s refus d&rsquo;une demande de r\u00e9vision, avec options de formatage\u00a0; <\/li><li>Titre du widget modifiable avec taille et poids de police r\u00e9glables\u00a0; <\/li><\/ul><p><a href=\"#demo\">Essayez simplement cette d\u00e9mo pour voir ce que vaut le widget<\/a><\/p> <\/div> <div class=\"application-platform-content-item-installation application-platform-content-item\" id=\"installation\" data-nav-section=\"installation\"> <h2>Comment puis-je ajouter des avis Facebook \u00e0 mes sites Google\u00a0?<\/h2> <p>Appliquez simplement les instructions ci-dessous pour ins\u00e9rer l&rsquo;outil.<\/p> <ol><li><b>Utilisez notre d\u00e9mo gratuite et commencez \u00e0 cr\u00e9er votre propre widget.<\/b><br> Choisissez la pr\u00e9sentation et les fonctionnalit\u00e9s personnalis\u00e9es du widget et enregistrez les modifications.<\/li> <li><b>Copiez votre code unique qui est affich\u00e9 dans le formulaire sp\u00e9cial sur Elfsight. Applications.<\/b><br> Une fois la configuration de votre plugin termin\u00e9e, copiez le code exclusif dans la bo\u00eete qui appara\u00eet et conservez-le pour une occasion ult\u00e9rieure.<\/li> <li><b>Commencez \u00e0 utiliser le widget sur Google Site Web Sites.<\/b><br> Int\u00e9grez le code copi\u00e9 r\u00e9cemment dans votre page d&rsquo;accueil et appliquez les modifications.<\/li> <li><b>Termin\u00e9\u00a0! La configuration est termin\u00e9e avec succ\u00e8s.<\/b><br> Visitez votre site pour observer les performances du widget.<\/li><\/ol> <div class=\"tip-yellow tip\"><b>En raison des particularit\u00e9s du fonctionnement de Google Sites, le widget peut \u00eatre diff\u00e9rent de la d\u00e9mo en ligne. Nous nous excusons pour tout inconv\u00e9nient occasionn\u00e9.<\/b><\/div><p>Si vous avez des demandes de renseignements ou faites face \u00e0 des difficult\u00e9s, n&rsquo;h\u00e9sitez pas \u00e0 contacter notre \u00e9quipe d&rsquo;assistance. Nos collaborateurs ont h\u00e2te de vous aider \u00e0 r\u00e9soudre toutes les difficult\u00e9s que vous pourriez rencontrer avec le produit.<\/p> <div class=\"faq\" data-component=\"FAQ\"> <div class=\"faq-item\">\r\n\t\t\t\t\t<div class=\"faq-item-question\">\r\n\t\t\t\t\t\t<h3 class=\"faq-item-question-text\">Comment ajouter des avis Facebook \u00e0 mon site Web Google Sites sans comp\u00e9tences en codage ?<\/h3>\r\n\r\n\t\t\t\t\t\t<div class=\"faq-item-question-icon\"><\/div>\r\n\t\t\t\t\t<\/div>\r\n\r\n\t\t\t\t\t<div class=\"faq-item-answer\">\r\n\t\t\t\t\t\t<div class=\"faq-item-answer-text\"> <p>Elfsight fournit une solution SaaS qui vous permet de cr\u00e9er vous-m\u00eame un widget d&rsquo;avis Facebook. Voyez \u00e0 quel point le processus est simple\u00a0: travaillez directement dans l&rsquo;\u00e9diteur en ligne pour cr\u00e9er un widget d&rsquo;avis Facebook que vous aimeriez voir sur votre site Web Google Sites. Choisissez l&rsquo;un des mod\u00e8les pr\u00e9d\u00e9finis et ajustez les param\u00e8tres des avis Facebook, ajoutez votre contenu, modifiez la mise en page et les couleurs sans comp\u00e9tences en codage. Enregistrez les avis Facebook et copiez son code d&rsquo;installation, que vous pouvez facilement ajouter \u00e0 votre site Web Google Sites sans acheter d&rsquo;abonnement payant. Gr\u00e2ce \u00e0 notre \u00e9diteur intuitif, tout internaute peut cr\u00e9er un widget Avis Facebook en ligne et l&rsquo;int\u00e9grer facilement \u00e0 son site Web Google Sites. Il n&rsquo;est pas n\u00e9cessaire de payer ou de saisir les informations d&rsquo;identification de votre carte pour acc\u00e9der au service. Si vous rencontrez des probl\u00e8mes \u00e0 n&rsquo;importe quelle \u00e9tape, n&rsquo;h\u00e9sitez pas \u00e0 contacter notre \u00e9quipe d&rsquo;assistance technique.<\/p> <\/div>\r\n\t\t\t\t\t<\/div>\r\n\t\t\t\t<\/div> <\/div> <\/div><p><\/p>","protected":false},"excerpt":{"rendered":"","protected":false},"author":18,"featured_media":0,"parent":2252,"menu_order":0,"comment_status":"closed","ping_status":"closed","template":"templates\/template-application-platform.php","meta":{"publish_to_discourse":"","publish_post_category":"","wpdc_auto_publish_overridden":"","wpdc_topic_tags":"","wpdc_pin_topic":"","wpdc_pin_until":"","discourse_post_id":"","discourse_permalink":"","wpdc_publishing_response":"","wpdc_publishing_error":"","footnotes":""},"class_list":["post-5815","page","type-page","status-publish","hentry"],"yoast_head":"<!-- This site is optimized with the Yoast SEO plugin v25.3.1 - https:\/\/yoast.com\/wordpress\/plugins\/seo\/ -->\n<title>Avis Facebook - ajoutez plugin Avis Client Facebook sur Google Sites<\/title>\n<meta name=\"description\" content=\"Int\u00e9grez un Avis Facebook avantageux sur votre site. Appliquez la d\u00e9mo d&#039;Elfsight et g\u00e9n\u00e9rez votre widget en deux minutes.\" \/>\n<meta name=\"robots\" content=\"index, follow, max-snippet:-1, max-image-preview:large, max-video-preview:-1\" \/>\n<link rel=\"canonical\" href=\"https:\/\/elfsight.com\/fr\/facebook-reviews-widget\/google-sites\/\" \/>\n<meta property=\"og:locale\" content=\"fr_FR\" \/>\n<meta property=\"og:type\" content=\"article\" \/>\n<meta property=\"og:title\" content=\"Avis Facebook - ajoutez plugin Avis Client Facebook sur Google Sites\" \/>\n<meta property=\"og:description\" content=\"Int\u00e9grez un Avis Facebook avantageux sur votre site. Appliquez la d\u00e9mo d&#039;Elfsight et g\u00e9n\u00e9rez votre widget en deux minutes.\" \/>\n<meta property=\"og:url\" content=\"https:\/\/elfsight.com\/fr\/facebook-reviews-widget\/google-sites\/\" \/>\n<meta property=\"og:site_name\" content=\"Elfsight FR\" \/>\n<meta property=\"article:modified_time\" content=\"2024-11-08T14:31:06+00:00\" \/>\n<meta name=\"twitter:card\" content=\"summary_large_image\" \/>\n<meta name=\"twitter:label1\" content=\"Dur\u00e9e de lecture estim\u00e9e\" \/>\n\t<meta name=\"twitter:data1\" content=\"1 minute\" \/>\n<!-- \/ Yoast SEO plugin. -->","yoast_head_json":{"title":"Avis Facebook - ajoutez plugin Avis Client Facebook sur Google Sites","description":"Int\u00e9grez un Avis Facebook avantageux sur votre site. Appliquez la d\u00e9mo d'Elfsight et g\u00e9n\u00e9rez votre widget en deux minutes.","robots":{"index":"index","follow":"follow","max-snippet":"max-snippet:-1","max-image-preview":"max-image-preview:large","max-video-preview":"max-video-preview:-1"},"canonical":"https:\/\/elfsight.com\/fr\/facebook-reviews-widget\/google-sites\/","og_locale":"fr_FR","og_type":"article","og_title":"Avis Facebook - ajoutez plugin Avis Client Facebook sur Google Sites","og_description":"Int\u00e9grez un Avis Facebook avantageux sur votre site. Appliquez la d\u00e9mo d'Elfsight et g\u00e9n\u00e9rez votre widget en deux minutes.","og_url":"https:\/\/elfsight.com\/fr\/facebook-reviews-widget\/google-sites\/","og_site_name":"Elfsight FR","article_modified_time":"2024-11-08T14:31:06+00:00","twitter_card":"summary_large_image","twitter_misc":{"Dur\u00e9e de lecture estim\u00e9e":"1 minute"},"schema":{"@context":"https:\/\/schema.org","@graph":[{"@type":"WebPage","@id":"https:\/\/elfsight.com\/fr\/facebook-reviews-widget\/google-sites\/","url":"https:\/\/elfsight.com\/fr\/facebook-reviews-widget\/google-sites\/","name":"Avis Facebook - ajoutez plugin Avis Client Facebook sur Google Sites","isPartOf":{"@id":"https:\/\/elfsight.com\/fr\/#website"},"datePublished":"2021-12-03T10:10:32+00:00","dateModified":"2024-11-08T14:31:06+00:00","description":"Int\u00e9grez un Avis Facebook avantageux sur votre site. Appliquez la d\u00e9mo d'Elfsight et g\u00e9n\u00e9rez votre widget en deux minutes.","breadcrumb":{"@id":"https:\/\/elfsight.com\/fr\/facebook-reviews-widget\/google-sites\/#breadcrumb"},"inLanguage":"fr-FR","potentialAction":[{"@type":"ReadAction","target":["https:\/\/elfsight.com\/fr\/facebook-reviews-widget\/google-sites\/"]}]},{"@type":"BreadcrumbList","@id":"https:\/\/elfsight.com\/fr\/facebook-reviews-widget\/google-sites\/#breadcrumb","itemListElement":[{"@type":"ListItem","position":1,"name":"Home","item":"https:\/\/elfsight.com\/fr\/"},{"@type":"ListItem","position":2,"name":"Facebook Reviews","item":"https:\/\/elfsight.com\/fr\/facebook-reviews-widget\/"},{"@type":"ListItem","position":3,"name":"Facebook Reviews &#8211; Google Sites"}]},{"@type":"WebSite","@id":"https:\/\/elfsight.com\/fr\/#website","url":"https:\/\/elfsight.com\/fr\/","name":"Elfsight FR","description":"","potentialAction":[{"@type":"SearchAction","target":{"@type":"EntryPoint","urlTemplate":"https:\/\/elfsight.com\/fr\/?s={search_term_string}"},"query-input":{"@type":"PropertyValueSpecification","valueRequired":true,"valueName":"search_term_string"}}],"inLanguage":"fr-FR"}]}},"meta_box":{"industry":"","seo_heading":"","heading":"","description":"","cta_heading":"","cta_description":"","application":"2182","h1":"Plugin Avis Facebook pour Google Sites","h1_caption":"Int\u00e9grez les avis clients de votre page Facebook directement sur votre site Web pour am\u00e9liorer sans effort la confiance et la preuve sociale dans vos sites Google.","application_category":[],"applications_title":"","applications_request_title":"","applications_request_button_text":"","hero_text":"","hero_video":"","hero_video_schema_markup":"","selling_points_title":"","selling_points_caption":"","selling_points":[],"selling_points_cta_text":"","features_title":"","features":"","ed_cta_examples_text":"","ed_cta_examples_hidden":"","ed_cta_demo_text":"","ed_cta_demo_hidden":"","why_caption":"","why_editor_title":"","why_editor_text":"","why_team_title":"","why_team_text":"","why_service_title":"","why_service_text":"","template_catalog_visible":"","template_catalog_title":"","template_catalog_text":"","template_catalog_categories_visible":"","demo_title":"Cr\u00e9ez votre widget Avis Facebook","demo_caption":"Configurez vos avis Facebook et ajoutez-les gratuitement \u00e0 votre site Web Google Sites\u00a0!","default_faq_hidden":"","app_template_category":[],"platform":"423","template_public_id":"","codecanyon_url":"","codecanyon_item_id":"","codecanyon_price":"","pricing_caption":"","pricing_elfsight_apps_hide_column":"","pricing_elfsight_apps_url":"","pricing_codecanyon_price_caption":"","integration_category":[],"integration_request_title":"","integration_request_cta":"","integration_platform":"","integrations":[],"platform_category":[],"video_schema_markup":"","price":"\u00c0 partir de $0\/mois","trial":"","benefits":[{"text":"Installation gratuite"},{"text":"Support Premium"},{"text":"Garantie de remboursement de 14 jours"},{"text":"L'am\u00e9lioration continue"}],"button_url":"#demo","button_target_blank":"0","button_nofollow":"0","attributes":[{"name":"Nombre d'installations","content":"1,000 - 5,000","_state":"expanded"},{"name":"Adaptif","content":"Oui","_state":"expanded"},{"name":"Navigateurs compatibles","content":"Firefox, Safari, Opera, Chrome, Edge","_state":"expanded"}],"tags":[],"tags_disable_links":"0","hide_more_platforms":"","video_object":"","demo_hide_cta":"0","demo_hide_cloud_options":"0","pricing_title":"","pricing":[{"pricing_icon":"platform","pricing_title":"Applications d'Elfsight","pricing_title_caption":"Solution num\u00e9rique multiplateforme qui fonctionne sur n'importe quel site","pricing_price":"\u00c0 partir de $0\/mois","pricing_price_caption":"Commencez avec un plan gratuit","pricing_benefits":[{"text":"Sites Web illimit\u00e9s"},{"text":"\u00c9quipe d'assistance professionnelle"},{"text":"Service d'installation gratuit"},{"text":"100% personnalisable"}],"pricing_button_text":"Ajouter au site Web","pricing_button_url":"https:\/\/apps.elfsight.com\/sign-up\/","pricing_button_nofollow":"1","_state":"expanded"}],"related_apps_title":"","related_apps_hidden":"1","author":"","image":[],"title":"","job":"","social_networks":[]},"_links":{"self":[{"href":"https:\/\/elfsight.com\/fr\/wp-json\/wp\/v2\/pages\/5815","targetHints":{"allow":["GET"]}}],"collection":[{"href":"https:\/\/elfsight.com\/fr\/wp-json\/wp\/v2\/pages"}],"about":[{"href":"https:\/\/elfsight.com\/fr\/wp-json\/wp\/v2\/types\/page"}],"author":[{"embeddable":true,"href":"https:\/\/elfsight.com\/fr\/wp-json\/wp\/v2\/users\/18"}],"replies":[{"embeddable":true,"href":"https:\/\/elfsight.com\/fr\/wp-json\/wp\/v2\/comments?post=5815"}],"version-history":[{"count":2,"href":"https:\/\/elfsight.com\/fr\/wp-json\/wp\/v2\/pages\/5815\/revisions"}],"predecessor-version":[{"id":14875,"href":"https:\/\/elfsight.com\/fr\/wp-json\/wp\/v2\/pages\/5815\/revisions\/14875"}],"up":[{"embeddable":true,"href":"https:\/\/elfsight.com\/fr\/wp-json\/wp\/v2\/pages\/2252"}],"wp:attachment":[{"href":"https:\/\/elfsight.com\/fr\/wp-json\/wp\/v2\/media?parent=5815"}],"curies":[{"name":"wp","href":"https:\/\/api.w.org\/{rel}","templated":true}]}}