{"id":5803,"date":"2021-12-03T10:10:51","date_gmt":"2021-12-03T10:10:51","guid":{"rendered":"https:\/\/elfsight.com\/fr\/?page_id=5803"},"modified":"2024-11-11T10:58:39","modified_gmt":"2024-11-11T10:58:39","slug":"bigcommerce","status":"publish","type":"page","link":"https:\/\/elfsight.com\/fr\/facebook-reviews-widget\/bigcommerce\/","title":{"rendered":"Facebook Reviews &#8211; BigCommerce"},"content":{"rendered":"<div class=\"application-platform-content-item-description application-platform-content-item\" id=\"description\" data-nav-section=\"description\"><h2>Description<\/h2><p>D\u00e9voilez vos avis clients Facebook sur le site avec Elfsight Facebook Reviews et prouvez votre haut niveau de confiance. Les utilisateurs du site apprendront ce que les clients disent de vos produits sur Facebook dans un widget avec une interface \u00e9quilibr\u00e9e et des \u00e9l\u00e9ments Facebook originaux. L&rsquo;interface est r\u00e9active et affiche le nombre d&rsquo;\u00e9toiles, les donn\u00e9es d&rsquo;auteur, les fonctionnalit\u00e9s commutables ainsi que les variantes de mise en page et de mod\u00e8le pr\u00e9d\u00e9finies. Avec l&rsquo;aide d&rsquo;Elfsight Facebook Reviews, vous pouvez ajouter un bouton pour laisser un nouvel avis et recevoir ainsi de nouveaux commentaires.<\/p><p>Recevez plus d&rsquo;informations sur les clients montrant les avis Facebook avec une fonctionnalit\u00e9 pour en r\u00e9diger de nouveaux\u00a0!<\/p><ul><li><b>Renforcez la confiance en r\u00e9v\u00e9lant les avis des vrais utilisateurs<\/b><br>Prouvez que vos avis sont vrais gr\u00e2ce \u00e0 des donn\u00e9es d\u00e9taill\u00e9es sur l&rsquo;auteur et renforcez la cr\u00e9dibilit\u00e9 de votre marque.<\/li><li><b>Attirez avis avec bouton d&rsquo;appel \u00e0 l&rsquo;action<\/b><br>Gr\u00e2ce \u00e0 un acc\u00e8s transparent \u00e0 votre page Facebook et \u00e0 un bouton d&rsquo;appel \u00e0 l&rsquo;action inspirant, vous pouvez obtenir davantage d&rsquo;avis clients.<\/li><li><b>Parvenir \u00e0 une compr\u00e9hension plus claire de vos offres<\/b><br>Montrer vos articles \u00e0 travers l&rsquo;exp\u00e9rience des clients aidera les futurs clients \u00e0 mieux les comprendre.<\/li><\/ul><\/div><div class=\"application-platform-content-item-features application-platform-content-item\" id=\"features\" data-nav-section=\"features\"><h2>Fonctionnalit\u00e9s<\/h2><p>Pourquoi Elfsight est-il le meilleur plugin parmi les widgets BigCommerce de haute qualit\u00e9\u00a0? Essayez nos principales caract\u00e9ristiques\u00a0:<\/p><ul><li>\u00c9l\u00e9ments commutables de l&rsquo;en-t\u00eate\u00a0: notes et photos des \u00e9valuateurs\u00a0;<\/li><li>Navigation par fl\u00e8ches et glissements dans la disposition Slider\u00a0;<\/li><li>Param\u00e8tre vitesse de diapositive et vitesse de lecture automatique\u00a0;<\/li><li>Deux sc\u00e9narios de refus de demande de r\u00e9vision\u00a0: afficher un message ou masquer le formulaire\u00a0;<\/li><li>5 \u00e9l\u00e9ments pouvant \u00eatre peints de l&rsquo;interface\u00a0: arri\u00e8re-plan, texte de r\u00e9vision, liens. Bouton de demande de r\u00e9vision, \u00e9valuation\u00a0;<\/li><\/ul><p><a href=\"#demo\">Vous pouvez essayer tous les avantages gr\u00e2ce \u00e0 l&rsquo;\u00e9diteur en direct<\/a><\/p><\/div><div class=\"application-platform-content-item-installation application-platform-content-item\" id=\"installation\" data-nav-section=\"installation\"><h2>Comment int\u00e9grer les avis Facebook au site Web BigCommerce<\/h2><div class=\"video-container\"><iframe width=\"720\" height=\"405\" src=\"https:\/\/www.youtube.com\/embed\/kl7pq1zmjbU\" frameborder=\"0\" allowfullscreen=\"\"><\/iframe><\/div><p>Suivez simplement les instructions ci-dessous pour int\u00e9grer le widget sur BigCommerce.<\/p> <ol><li><b>Ex\u00e9cutez notre \u00e9diteur gratuit et commencez \u00e0 cr\u00e9er votre propre application. <\/b><br> Sp\u00e9cifiez la disposition et les param\u00e8tres s\u00e9lectionn\u00e9s du widget et enregistrez les modifications. <\/li> <li><b>Copiez votre code unique r\u00e9v\u00e9l\u00e9 dans le formulaire sp\u00e9cial sur Elfsight Apps. <\/b><br> D\u00e8s que la configuration de votre widget personnel Facebook Reviews est termin\u00e9e, copiez le code exclusif dans la bo\u00eete qui appara\u00eet et enregistrez-le pour un besoin ult\u00e9rieur. <\/li> <li><b>Initiez l&rsquo;utilisation du widget sur votre site BigCommerce. <\/b><br> Ajoutez le code que vous avez copi\u00e9 auparavant dans votre site Web et enregistrez les am\u00e9liorations. <\/li> <li><b>Vous avez termin\u00e9\u00a0! La configuration est effectu\u00e9e avec succ\u00e8s. <\/b><br> Visitez votre site Web pour voir comment fonctionne l&rsquo;outil. <\/li><\/ol><p>Besoin d&rsquo;aide pour ajouter ou g\u00e9n\u00e9rer le plugin\u00a0? Les sp\u00e9cialistes du support Elfsight se feront un plaisir de vous aider et de proposer une solution\u00a0!<\/p><div class=\"faq\" data-component=\"FAQ\"> <div class=\"faq-item\">\r\n\t\t\t\t\t<div class=\"faq-item-question\">\r\n\t\t\t\t\t\t<h3 class=\"faq-item-question-text\">Comment puis-je ajouter des avis Facebook \u00e0 mon site Web BigCommerce sans comp\u00e9tences en codage ?<\/h3>\r\n\r\n\t\t\t\t\t\t<div class=\"faq-item-question-icon\"><\/div>\r\n\t\t\t\t\t<\/div>\r\n\r\n\t\t\t\t\t<div class=\"faq-item-answer\">\r\n\t\t\t\t\t\t<div class=\"faq-item-answer-text\"> <p>Elfsight fournit une solution SaaS qui vous permet de cr\u00e9er vous-m\u00eame un widget d&rsquo;avis Facebook. Voyez \u00e0 quel point le processus est simple\u00a0: travaillez directement dans l&rsquo;\u00e9diteur en ligne pour cr\u00e9er un widget d&rsquo;avis Facebook que vous aimeriez voir sur votre site Web BigCommerce. Choisissez l&rsquo;un des mod\u00e8les pr\u00e9d\u00e9finis et ajustez les param\u00e8tres des avis Facebook, ajoutez votre contenu, modifiez la mise en page et les couleurs sans comp\u00e9tences en codage. Enregistrez les avis Facebook et copiez son code d&rsquo;installation, que vous pouvez simplement ajouter sur votre site Web BigCommerce sans acheter de version payante. Gr\u00e2ce \u00e0 notre \u00e9diteur intuitif, tout internaute peut cr\u00e9er un widget Avis Facebook en ligne et l&rsquo;int\u00e9grer facilement \u00e0 son site Web BigCommerce. Il n&rsquo;est pas n\u00e9cessaire de payer ou de saisir les informations d&rsquo;identification de votre carte pour acc\u00e9der au service. Si vous rencontrez des probl\u00e8mes \u00e0 n&rsquo;importe quelle \u00e9tape, n&rsquo;h\u00e9sitez pas \u00e0 contacter notre \u00e9quipe d&rsquo;assistance technique.<\/p> <\/div>\r\n\t\t\t\t\t<\/div>\r\n\t\t\t\t<\/div> <\/div> <\/div>","protected":false},"excerpt":{"rendered":"","protected":false},"author":18,"featured_media":0,"parent":2252,"menu_order":0,"comment_status":"closed","ping_status":"closed","template":"templates\/template-application-platform.php","meta":{"publish_to_discourse":"","publish_post_category":"","wpdc_auto_publish_overridden":"","wpdc_topic_tags":"","wpdc_pin_topic":"","wpdc_pin_until":"","discourse_post_id":"","discourse_permalink":"","wpdc_publishing_response":"","wpdc_publishing_error":"","footnotes":""},"class_list":["post-5803","page","type-page","status-publish","hentry"],"yoast_head":"<!-- This site is optimized with the Yoast SEO plugin v25.3.1 - https:\/\/yoast.com\/wordpress\/plugins\/seo\/ -->\n<title>Avis Facebook - ajoutez plugin Avis Client Facebook sur BigCommerce<\/title>\n<meta name=\"description\" content=\"Int\u00e9grez un Avis Facebook attractif sur votre site. Appliquez la d\u00e9mo d&#039;Elfsight et g\u00e9n\u00e9rez votre widget en quelques minutes.\" \/>\n<meta name=\"robots\" content=\"index, follow, max-snippet:-1, max-image-preview:large, max-video-preview:-1\" \/>\n<link rel=\"canonical\" href=\"https:\/\/elfsight.com\/fr\/facebook-reviews-widget\/bigcommerce\/\" \/>\n<meta property=\"og:locale\" content=\"fr_FR\" \/>\n<meta property=\"og:type\" content=\"article\" \/>\n<meta property=\"og:title\" content=\"Avis Facebook - ajoutez plugin Avis Client Facebook sur BigCommerce\" \/>\n<meta property=\"og:description\" content=\"Int\u00e9grez un Avis Facebook attractif sur votre site. Appliquez la d\u00e9mo d&#039;Elfsight et g\u00e9n\u00e9rez votre widget en quelques minutes.\" \/>\n<meta property=\"og:url\" content=\"https:\/\/elfsight.com\/fr\/facebook-reviews-widget\/bigcommerce\/\" \/>\n<meta property=\"og:site_name\" content=\"Elfsight FR\" \/>\n<meta property=\"article:modified_time\" content=\"2024-11-11T10:58:39+00:00\" \/>\n<meta name=\"twitter:card\" content=\"summary_large_image\" \/>\n<meta name=\"twitter:label1\" content=\"Dur\u00e9e de lecture estim\u00e9e\" \/>\n\t<meta name=\"twitter:data1\" content=\"1 minute\" \/>\n<!-- \/ Yoast SEO plugin. -->","yoast_head_json":{"title":"Avis Facebook - ajoutez plugin Avis Client Facebook sur BigCommerce","description":"Int\u00e9grez un Avis Facebook attractif sur votre site. Appliquez la d\u00e9mo d'Elfsight et g\u00e9n\u00e9rez votre widget en quelques minutes.","robots":{"index":"index","follow":"follow","max-snippet":"max-snippet:-1","max-image-preview":"max-image-preview:large","max-video-preview":"max-video-preview:-1"},"canonical":"https:\/\/elfsight.com\/fr\/facebook-reviews-widget\/bigcommerce\/","og_locale":"fr_FR","og_type":"article","og_title":"Avis Facebook - ajoutez plugin Avis Client Facebook sur BigCommerce","og_description":"Int\u00e9grez un Avis Facebook attractif sur votre site. Appliquez la d\u00e9mo d'Elfsight et g\u00e9n\u00e9rez votre widget en quelques minutes.","og_url":"https:\/\/elfsight.com\/fr\/facebook-reviews-widget\/bigcommerce\/","og_site_name":"Elfsight FR","article_modified_time":"2024-11-11T10:58:39+00:00","twitter_card":"summary_large_image","twitter_misc":{"Dur\u00e9e de lecture estim\u00e9e":"1 minute"},"schema":{"@context":"https:\/\/schema.org","@graph":[{"@type":"WebPage","@id":"https:\/\/elfsight.com\/fr\/facebook-reviews-widget\/bigcommerce\/","url":"https:\/\/elfsight.com\/fr\/facebook-reviews-widget\/bigcommerce\/","name":"Avis Facebook - ajoutez plugin Avis Client Facebook sur BigCommerce","isPartOf":{"@id":"https:\/\/elfsight.com\/fr\/#website"},"datePublished":"2021-12-03T10:10:51+00:00","dateModified":"2024-11-11T10:58:39+00:00","description":"Int\u00e9grez un Avis Facebook attractif sur votre site. Appliquez la d\u00e9mo d'Elfsight et g\u00e9n\u00e9rez votre widget en quelques minutes.","breadcrumb":{"@id":"https:\/\/elfsight.com\/fr\/facebook-reviews-widget\/bigcommerce\/#breadcrumb"},"inLanguage":"fr-FR","potentialAction":[{"@type":"ReadAction","target":["https:\/\/elfsight.com\/fr\/facebook-reviews-widget\/bigcommerce\/"]}]},{"@type":"BreadcrumbList","@id":"https:\/\/elfsight.com\/fr\/facebook-reviews-widget\/bigcommerce\/#breadcrumb","itemListElement":[{"@type":"ListItem","position":1,"name":"Home","item":"https:\/\/elfsight.com\/fr\/"},{"@type":"ListItem","position":2,"name":"Facebook Reviews","item":"https:\/\/elfsight.com\/fr\/facebook-reviews-widget\/"},{"@type":"ListItem","position":3,"name":"Facebook Reviews &#8211; BigCommerce"}]},{"@type":"WebSite","@id":"https:\/\/elfsight.com\/fr\/#website","url":"https:\/\/elfsight.com\/fr\/","name":"Elfsight FR","description":"","potentialAction":[{"@type":"SearchAction","target":{"@type":"EntryPoint","urlTemplate":"https:\/\/elfsight.com\/fr\/?s={search_term_string}"},"query-input":{"@type":"PropertyValueSpecification","valueRequired":true,"valueName":"search_term_string"}}],"inLanguage":"fr-FR"}]}},"meta_box":{"industry":"","seo_heading":"","heading":"","description":"","cta_heading":"","cta_description":"","application":"2182","h1":"App Avis Facebook pour BigCommerce","h1_caption":"Int\u00e9grez les avis clients de votre page Facebook directement sur votre site Web pour am\u00e9liorer sans effort la confiance et la preuve sociale dans votre site Web BigCommerce.","application_category":[],"applications_title":"","applications_request_title":"","applications_request_button_text":"","hero_text":"","hero_video":"","hero_video_schema_markup":"","selling_points_title":"","selling_points_caption":"","selling_points":[],"selling_points_cta_text":"","features_title":"","features":"","ed_cta_examples_text":"","ed_cta_examples_hidden":"","ed_cta_demo_text":"","ed_cta_demo_hidden":"","why_caption":"","why_editor_title":"","why_editor_text":"","why_team_title":"","why_team_text":"","why_service_title":"","why_service_text":"","template_catalog_visible":"","template_catalog_title":"","template_catalog_text":"","template_catalog_categories_visible":"","demo_title":"Cr\u00e9ez votre application Facebook Reviews","demo_caption":"Configurez vos avis Facebook et ajoutez-les gratuitement \u00e0 votre site Web BigCommerce !","default_faq_hidden":"","app_template_category":[],"platform":"347","template_public_id":"","codecanyon_url":"","codecanyon_item_id":"","codecanyon_price":"","pricing_caption":"","pricing_elfsight_apps_hide_column":"","pricing_elfsight_apps_url":"","pricing_codecanyon_price_caption":"","integration_category":[],"integration_request_title":"","integration_request_cta":"","integration_platform":"","integrations":[],"platform_category":[],"video_schema_markup":"","price":"\u00c0 partir de $0\/mois","trial":"","benefits":[{"text":"Installation gratuite"},{"text":"Support Premium"},{"text":"Garantie de remboursement de 14 jours"},{"text":"L'am\u00e9lioration continue"}],"button_url":"#demo","button_target_blank":"0","button_nofollow":"0","attributes":[{"name":"Nombre d'installations","content":"1,000 - 5,000","_state":"expanded"},{"name":"Adaptif","content":"Oui","_state":"expanded"},{"name":"Navigateurs compatibles","content":"Firefox, Safari, Opera, Chrome, Edge","_state":"expanded"}],"tags":[],"tags_disable_links":"0","hide_more_platforms":"","video_object":"","demo_hide_cta":"0","demo_hide_cloud_options":"0","pricing_title":"","pricing":[{"pricing_icon":"platform","pricing_title":"Applications d'Elfsight","pricing_title_caption":"Solution num\u00e9rique multiplateforme qui fonctionne sur n'importe quel site","pricing_price":"\u00c0 partir de $0\/mois","pricing_price_caption":"Commencez avec un plan gratuit","pricing_benefits":[{"text":"Sites Web illimit\u00e9s"},{"text":"\u00c9quipe d'assistance professionnelle"},{"text":"Service d'installation gratuit"},{"text":"100% personnalisable"}],"pricing_button_text":"Ajouter au site Web","pricing_button_url":"https:\/\/apps.elfsight.com\/sign-up\/","pricing_button_nofollow":"1","_state":"expanded"}],"related_apps_title":"","related_apps_hidden":"1","author":"","image":[],"title":"","job":"","social_networks":[]},"_links":{"self":[{"href":"https:\/\/elfsight.com\/fr\/wp-json\/wp\/v2\/pages\/5803","targetHints":{"allow":["GET"]}}],"collection":[{"href":"https:\/\/elfsight.com\/fr\/wp-json\/wp\/v2\/pages"}],"about":[{"href":"https:\/\/elfsight.com\/fr\/wp-json\/wp\/v2\/types\/page"}],"author":[{"embeddable":true,"href":"https:\/\/elfsight.com\/fr\/wp-json\/wp\/v2\/users\/18"}],"replies":[{"embeddable":true,"href":"https:\/\/elfsight.com\/fr\/wp-json\/wp\/v2\/comments?post=5803"}],"version-history":[{"count":3,"href":"https:\/\/elfsight.com\/fr\/wp-json\/wp\/v2\/pages\/5803\/revisions"}],"predecessor-version":[{"id":14062,"href":"https:\/\/elfsight.com\/fr\/wp-json\/wp\/v2\/pages\/5803\/revisions\/14062"}],"up":[{"embeddable":true,"href":"https:\/\/elfsight.com\/fr\/wp-json\/wp\/v2\/pages\/2252"}],"wp:attachment":[{"href":"https:\/\/elfsight.com\/fr\/wp-json\/wp\/v2\/media?parent=5803"}],"curies":[{"name":"wp","href":"https:\/\/api.w.org\/{rel}","templated":true}]}}