{"id":5791,"date":"2021-12-03T09:52:30","date_gmt":"2021-12-03T09:52:30","guid":{"rendered":"https:\/\/elfsight.com\/fr\/?page_id=5791"},"modified":"2024-11-08T14:33:34","modified_gmt":"2024-11-08T14:33:34","slug":"webflow","status":"publish","type":"page","link":"https:\/\/elfsight.com\/fr\/all-in-one-reviews-widget\/webflow\/","title":{"rendered":"All-in-One Reviews &#8211; Webflow"},"content":{"rendered":"<div class=\"application-platform-content-item-description application-platform-content-item\" id=\"description\" data-nav-section=\"description\"> <h2>Int\u00e9grer les avis tout-en-un sur Webflow avec le widget Elfsight<\/h2> <p>Elfsight All-in-One Reviews est un widget utile pour Webflow vous offrant la possibilit\u00e9 d&rsquo;afficher tous les avis sur votre entreprise directement sur votre site Web \u00e0 partir de tous les sites d&rsquo;avis populaires. En utilisant notre plugin, vous aurez la possibilit\u00e9 d&rsquo;utiliser des filtres pour masquer les avis ind\u00e9sirables, d&rsquo;afficher votre note par \u00e9toiles et votre note num\u00e9rique \u00e0 partir de votre compte sur n&rsquo;importe quelle page Web d&rsquo;avis commerciaux, d&rsquo;ajouter des informations sur les cr\u00e9ateurs des avis et d&rsquo;ajouter un bouton CTA fascinant qui motivera les utilisateurs \u00e0 \u00e9crire de nouveaux commentaires. Le widget Elfsight peut vous aider \u00e0 vanter votre excellente preuve sociale sur votre page Web et \u00e0 commencer \u00e0 g\u00e9n\u00e9rer plus de ventes. <\/p> <p><b>Augmentez vos ventes en affichant votre excellente valorisation<\/b><\/p> <\/div> <div class=\"application-platform-content-item-features application-platform-content-item\" id=\"features\" data-nav-section=\"features\"> <h2>Voici quelques-unes des riches fonctionnalit\u00e9s du widget\u00a0: <\/h2> <ul><li>En-t\u00eate commutable du widget<\/li><li>Bouton de demande de r\u00e9vision pour attirer les utilisateurs sur votre page<\/li><li>Un style remarquable \u00e0 port\u00e9e de clic<\/li><li>Composants pouvant \u00eatre peints de l&rsquo;interface<\/li><li>D\u00e9tails maximaux pour g\u00e9n\u00e9rer de la confiance<\/li><\/ul><p><a href=\"#demo\">Examinez toutes les options de personnalisation dans la d\u00e9mo compl\u00e8te<\/a><\/p> <\/div> <div class=\"application-platform-content-item-installation application-platform-content-item\" id=\"installation\" data-nav-section=\"installation\"> <h2>Comment int\u00e9grer les avis tout-en-un \u00e0 mon site Webflow\u00a0? <\/h2> <p>Suivez simplement quelques \u00e9tapes ci-dessous pour commencer \u00e0 travailler avec le widget. <\/p> <ol><li><b>Utilisez notre \u00e9diteur gratuit et commencez \u00e0 fa\u00e7onner votre widget personnalis\u00e9. <\/b><br> Recherchez la forme et les caract\u00e9ristiques pr\u00e9f\u00e9r\u00e9es de l&rsquo;outil et appliquez les modifications. <\/li> <li><b>Recevez votre code personnel expos\u00e9 dans la fen\u00eatre sur Elfsight Apps. <\/b><br> Juste apr\u00e8s la cr\u00e9ation de votre outil personnel, copiez le code exclusif dans la bo\u00eete qui appara\u00eet et conservez-le pour une utilisation ult\u00e9rieure. <\/li> <li><b>Entrez sur l&rsquo;utilisation du widget sur la page d&rsquo;accueil de Webflow. <\/b><br> Placez le code enregistr\u00e9 pr\u00e9c\u00e9demment dans votre site Web et appliquez les modifications. <\/li> <li><b>Fait\u00a0! L&rsquo;int\u00e9gration est r\u00e9ussie. <\/b><br> Visitez votre site Web pour examiner les performances du widget. <\/li><\/ol> <p>Si vous rencontrez des difficult\u00e9s, n&rsquo;h\u00e9sitez pas \u00e0 demander l&rsquo;aide de notre \u00e9quipe d&rsquo;assistance. Nos consultants se feront un plaisir de vous aider avec tous les probl\u00e8mes que vous pourriez rencontrer avec l&rsquo;outil. <\/p> <div class=\"faq\" data-component=\"FAQ\"> <div class=\"faq-item\">\r\n\t\t\t\t\t<div class=\"faq-item-question\">\r\n\t\t\t\t\t\t<h3 class=\"faq-item-question-text\">Comment ajouter des avis tout-en-un \u00e0 mon site Web Webflow sans comp\u00e9tences en codage ?<\/h3>\r\n\r\n\t\t\t\t\t\t<div class=\"faq-item-question-icon\"><\/div>\r\n\t\t\t\t\t<\/div>\r\n\r\n\t\t\t\t\t<div class=\"faq-item-answer\">\r\n\t\t\t\t\t\t<div class=\"faq-item-answer-text\"> <p>Elfsight fournit une solution SaaS qui vous permet de cr\u00e9er un avis tout-en-un widget vous-m\u00eame, voyez \u00e0 quel point le processus est simple\u00a0: travaillez directement dans l&rsquo;\u00e9diteur en ligne pour cr\u00e9er un widget d&rsquo;avis tout-en-un que vous aimeriez voir sur votre site Web Webflow. Choisissez l&rsquo;un des mod\u00e8les pr\u00e9d\u00e9finis et ajustez les param\u00e8tres des avis tout-en-un, ajoutez votre contenu, modifiez la mise en page et la palette de couleurs sans aucune comp\u00e9tence en codage. Enregistrez les avis tout-en-un et copiez son code d&rsquo;installation, que vous pouvez facilement int\u00e9grer \u00e0 votre site Web Webflow sans avoir besoin d&rsquo;acheter un abonnement payant. Gr\u00e2ce \u00e0 notre \u00e9diteur intuitif, tout internaute peut cr\u00e9er un widget d&rsquo;avis tout-en-un en ligne et l&rsquo;int\u00e9grer facilement \u00e0 son site Web Webflow. Il n&rsquo;est pas n\u00e9cessaire de payer ou de saisir les informations d&rsquo;identification de votre carte pour acc\u00e9der au service. Si vous rencontrez des probl\u00e8mes \u00e0 n&rsquo;importe quelle \u00e9tape, n&rsquo;h\u00e9sitez pas \u00e0 contacter notre \u00e9quipe d&rsquo;assistance technique.<\/p> <\/div>\r\n\t\t\t\t\t<\/div>\r\n\t\t\t\t<\/div> <\/div> <\/div>","protected":false},"excerpt":{"rendered":"","protected":false},"author":18,"featured_media":0,"parent":2083,"menu_order":0,"comment_status":"closed","ping_status":"closed","template":"templates\/template-application-platform.php","meta":{"publish_to_discourse":"","publish_post_category":"","wpdc_auto_publish_overridden":"","wpdc_topic_tags":"","wpdc_pin_topic":"","wpdc_pin_until":"","discourse_post_id":"","discourse_permalink":"","wpdc_publishing_response":"","wpdc_publishing_error":"","footnotes":""},"class_list":["post-5791","page","type-page","status-publish","hentry"],"yoast_head":"<!-- This site is optimized with the Yoast SEO plugin v25.3.1 - https:\/\/yoast.com\/wordpress\/plugins\/seo\/ -->\n<title>Avis tout en direct - ajoutez widget Reviews tout en direct sur Webflow<\/title>\n<meta name=\"description\" content=\"Int\u00e9grez un Avis tout en direct avantageux sur votre site. Utilisez la d\u00e9mo d&#039;Elfsight et g\u00e9n\u00e9rez votre widget en 2 minutes.\" \/>\n<meta name=\"robots\" content=\"index, follow, max-snippet:-1, max-image-preview:large, max-video-preview:-1\" \/>\n<link rel=\"canonical\" href=\"https:\/\/elfsight.com\/fr\/all-in-one-reviews-widget\/webflow\/\" \/>\n<meta property=\"og:locale\" content=\"fr_FR\" \/>\n<meta property=\"og:type\" content=\"article\" \/>\n<meta property=\"og:title\" content=\"Avis tout en direct - ajoutez widget Reviews tout en direct sur Webflow\" \/>\n<meta property=\"og:description\" content=\"Int\u00e9grez un Avis tout en direct avantageux sur votre site. Utilisez la d\u00e9mo d&#039;Elfsight et g\u00e9n\u00e9rez votre widget en 2 minutes.\" \/>\n<meta property=\"og:url\" content=\"https:\/\/elfsight.com\/fr\/all-in-one-reviews-widget\/webflow\/\" \/>\n<meta property=\"og:site_name\" content=\"Elfsight FR\" \/>\n<meta property=\"article:modified_time\" content=\"2024-11-08T14:33:34+00:00\" \/>\n<meta name=\"twitter:card\" content=\"summary_large_image\" \/>\n<meta name=\"twitter:label1\" content=\"Dur\u00e9e de lecture estim\u00e9e\" \/>\n\t<meta name=\"twitter:data1\" content=\"1 minute\" \/>\n<!-- \/ Yoast SEO plugin. -->","yoast_head_json":{"title":"Avis tout en direct - ajoutez widget Reviews tout en direct sur Webflow","description":"Int\u00e9grez un Avis tout en direct avantageux sur votre site. Utilisez la d\u00e9mo d'Elfsight et g\u00e9n\u00e9rez votre widget en 2 minutes.","robots":{"index":"index","follow":"follow","max-snippet":"max-snippet:-1","max-image-preview":"max-image-preview:large","max-video-preview":"max-video-preview:-1"},"canonical":"https:\/\/elfsight.com\/fr\/all-in-one-reviews-widget\/webflow\/","og_locale":"fr_FR","og_type":"article","og_title":"Avis tout en direct - ajoutez widget Reviews tout en direct sur Webflow","og_description":"Int\u00e9grez un Avis tout en direct avantageux sur votre site. Utilisez la d\u00e9mo d'Elfsight et g\u00e9n\u00e9rez votre widget en 2 minutes.","og_url":"https:\/\/elfsight.com\/fr\/all-in-one-reviews-widget\/webflow\/","og_site_name":"Elfsight FR","article_modified_time":"2024-11-08T14:33:34+00:00","twitter_card":"summary_large_image","twitter_misc":{"Dur\u00e9e de lecture estim\u00e9e":"1 minute"},"schema":{"@context":"https:\/\/schema.org","@graph":[{"@type":"WebPage","@id":"https:\/\/elfsight.com\/fr\/all-in-one-reviews-widget\/webflow\/","url":"https:\/\/elfsight.com\/fr\/all-in-one-reviews-widget\/webflow\/","name":"Avis tout en direct - ajoutez widget Reviews tout en direct sur Webflow","isPartOf":{"@id":"https:\/\/elfsight.com\/fr\/#website"},"datePublished":"2021-12-03T09:52:30+00:00","dateModified":"2024-11-08T14:33:34+00:00","description":"Int\u00e9grez un Avis tout en direct avantageux sur votre site. Utilisez la d\u00e9mo d'Elfsight et g\u00e9n\u00e9rez votre widget en 2 minutes.","breadcrumb":{"@id":"https:\/\/elfsight.com\/fr\/all-in-one-reviews-widget\/webflow\/#breadcrumb"},"inLanguage":"fr-FR","potentialAction":[{"@type":"ReadAction","target":["https:\/\/elfsight.com\/fr\/all-in-one-reviews-widget\/webflow\/"]}]},{"@type":"BreadcrumbList","@id":"https:\/\/elfsight.com\/fr\/all-in-one-reviews-widget\/webflow\/#breadcrumb","itemListElement":[{"@type":"ListItem","position":1,"name":"Home","item":"https:\/\/elfsight.com\/fr\/"},{"@type":"ListItem","position":2,"name":"All-in-One Reviews","item":"https:\/\/elfsight.com\/fr\/all-in-one-reviews-widget\/"},{"@type":"ListItem","position":3,"name":"All-in-One Reviews &#8211; Webflow"}]},{"@type":"WebSite","@id":"https:\/\/elfsight.com\/fr\/#website","url":"https:\/\/elfsight.com\/fr\/","name":"Elfsight FR","description":"","potentialAction":[{"@type":"SearchAction","target":{"@type":"EntryPoint","urlTemplate":"https:\/\/elfsight.com\/fr\/?s={search_term_string}"},"query-input":{"@type":"PropertyValueSpecification","valueRequired":true,"valueName":"search_term_string"}}],"inLanguage":"fr-FR"}]}},"meta_box":{"industry":"","seo_heading":"","heading":"","description":"","cta_heading":"","cta_description":"","application":"2082","h1":"Widget Avis tout en direct pour Webflow","h1_caption":"Collectez et pr\u00e9sentez les avis de plusieurs plates-formes telles que Google, Facebook et Yelp dans un seul widget pour renforcer la confiance et la cr\u00e9dibilit\u00e9 de votre site Web Webflow sans effort.","application_category":[],"applications_title":"","applications_request_title":"","applications_request_button_text":"","hero_text":"","hero_video":"","hero_video_schema_markup":"","selling_points_title":"","selling_points_caption":"","selling_points":[],"selling_points_cta_text":"","features_title":"","features":"","ed_cta_examples_text":"","ed_cta_examples_hidden":"","ed_cta_demo_text":"","ed_cta_demo_hidden":"","why_caption":"","why_editor_title":"","why_editor_text":"","why_team_title":"","why_team_text":"","why_service_title":"","why_service_text":"","template_catalog_visible":"","template_catalog_title":"","template_catalog_text":"","template_catalog_categories_visible":"","demo_title":"Cr\u00e9ez votre widget Avis tout-en-un","demo_caption":"Configurez vos avis tout-en-un et ajoutez-les gratuitement \u00e0 votre site Web Webflow\u00a0!","default_faq_hidden":"","app_template_category":[],"platform":"362","template_public_id":"","codecanyon_url":"","codecanyon_item_id":"","codecanyon_price":"","pricing_caption":"","pricing_elfsight_apps_hide_column":"","pricing_elfsight_apps_url":"","pricing_codecanyon_price_caption":"","integration_category":[],"integration_request_title":"","integration_request_cta":"","integration_platform":"","integrations":[],"platform_category":[],"video_schema_markup":"","price":"\u00c0 partir de $0\/mois","trial":"","benefits":[{"text":"Installation gratuite"},{"text":"Support Premium"},{"text":"Garantie de remboursement de 14 jours"},{"text":"L'am\u00e9lioration continue"}],"button_url":"#demo","button_target_blank":"0","button_nofollow":"0","attributes":[{"name":"Nombre d'installations","content":"1,000 - 5,000","_state":"expanded"},{"name":"Adaptif","content":"Oui","_state":"expanded"},{"name":"Navigateurs compatibles","content":"Firefox, Safari, Opera, Chrome, Edge","_state":"expanded"}],"tags":[],"tags_disable_links":"0","hide_more_platforms":"","video_object":"","demo_hide_cta":"0","demo_hide_cloud_options":"0","pricing_title":"","pricing":[{"pricing_icon":"platform","pricing_title":"Applications d'Elfsight","pricing_title_caption":"Solution num\u00e9rique multiplateforme qui fonctionne sur n'importe quel site","pricing_price":"\u00c0 partir de $0\/mois","pricing_price_caption":"Commencez avec un plan gratuit","pricing_benefits":[{"text":"Sites Web illimit\u00e9s"},{"text":"\u00c9quipe d'assistance professionnelle"},{"text":"Service d'installation gratuit"},{"text":"100% personnalisable"}],"pricing_button_text":"Ajouter au site Web","pricing_button_url":"https:\/\/apps.elfsight.com\/sign-up\/","pricing_button_nofollow":"1","_state":"expanded"}],"related_apps_title":"","related_apps_hidden":"1","author":"","image":[],"title":"","job":"","social_networks":[]},"_links":{"self":[{"href":"https:\/\/elfsight.com\/fr\/wp-json\/wp\/v2\/pages\/5791","targetHints":{"allow":["GET"]}}],"collection":[{"href":"https:\/\/elfsight.com\/fr\/wp-json\/wp\/v2\/pages"}],"about":[{"href":"https:\/\/elfsight.com\/fr\/wp-json\/wp\/v2\/types\/page"}],"author":[{"embeddable":true,"href":"https:\/\/elfsight.com\/fr\/wp-json\/wp\/v2\/users\/18"}],"replies":[{"embeddable":true,"href":"https:\/\/elfsight.com\/fr\/wp-json\/wp\/v2\/comments?post=5791"}],"version-history":[{"count":3,"href":"https:\/\/elfsight.com\/fr\/wp-json\/wp\/v2\/pages\/5791\/revisions"}],"predecessor-version":[{"id":14008,"href":"https:\/\/elfsight.com\/fr\/wp-json\/wp\/v2\/pages\/5791\/revisions\/14008"}],"up":[{"embeddable":true,"href":"https:\/\/elfsight.com\/fr\/wp-json\/wp\/v2\/pages\/2083"}],"wp:attachment":[{"href":"https:\/\/elfsight.com\/fr\/wp-json\/wp\/v2\/media?parent=5791"}],"curies":[{"name":"wp","href":"https:\/\/api.w.org\/{rel}","templated":true}]}}