{"id":5775,"date":"2021-12-03T09:52:58","date_gmt":"2021-12-03T09:52:58","guid":{"rendered":"https:\/\/elfsight.com\/fr\/?page_id=5775"},"modified":"2025-07-09T09:47:54","modified_gmt":"2025-07-09T09:47:54","slug":"jquery","status":"publish","type":"page","link":"https:\/\/elfsight.com\/fr\/all-in-one-reviews-widget\/jquery\/","title":{"rendered":"All-in-One Reviews &#8211; jQuery"},"content":{"rendered":"<div class=\"application-platform-content-item-description application-platform-content-item\" id=\"description\" data-nav-section=\"description\"> <h2>Description<\/h2> <p>Elfsight All-in-One Reviews est un plugin facile \u00e0 utiliser pour jQuery vous offrant un possibilit\u00e9 de r\u00e9v\u00e9ler tous les t\u00e9moignages sur votre entreprise directement sur votre page Web \u00e0 partir de tous les sites d&rsquo;avis populaires. En utilisant notre widget, vous aurez la possibilit\u00e9 d&rsquo;utiliser des filtres pour masquer les avis ind\u00e9sirables, d&rsquo;afficher votre note et votre note num\u00e9rique de votre compte sur n&rsquo;importe quelle page Web d&rsquo;avis professionnels, de joindre des informations sur les auteurs des avis et de joindre un fascinant bouton CTA qui inciter les utilisateurs \u00e0 \u00e9crire leur commentaire. Le widget Elfsight est l\u00e0 pour vous aider \u00e0 pr\u00e9senter votre impressionnante preuve sociale sur votre page Web et \u00e0 commencer \u00e0 effectuer davantage de nouveaux achats. <\/p> <p><b>Avis de Facebook, Amazon, Airbnb, Google et de nombreux autres sites d&rsquo;\u00e9valuation d&rsquo;entreprises dans un seul outil pour un taux de conversion et une confiance des clients maximaux\u00a0!<\/b><\/p> <p><b>Augmentez le nombre de ventes gr\u00e2ce \u00e0 la preuve sociale<\/b><br>Gr\u00e2ce au plugin Reviews, vous pourrez r\u00e9v\u00e9ler vos meilleurs avis d&rsquo;Amazon, Airbnb, Google, Facebook et d&rsquo;autres sites Web d&rsquo;avis d&rsquo;entreprises les plus importants, obtenir plus de nouveaux clients.<\/p><p><b>Obtenir plus d&rsquo;avis<\/b><br>Inviter le bouton \u00ab\u00a0Laisser un avis\u00a0\u00bb motivera davantage de personnes \u00e0 cliquer pour partager leur opinion sur vos produits et services, ce qui se traduira par estimation client la plus \u00e9lev\u00e9e possible.<\/b><p><b>R\u00e9duire les avis n\u00e9gatifs<\/b><br>Le widget Avis clients vous pr\u00e9sente plusieurs options de filtrage qui vous offriront la possibilit\u00e9 d&rsquo;afficher les avis n\u00e9gatifs, en ne d\u00e9montrant que les avantages. ceux.<\/b><\/div> <div class=\"application-platform-content-item-features application-platform-content-item\" id=\"features\" data-nav-section=\"features\"> <h2>Retrouvez ci-dessous les principales fonctionnalit\u00e9s du plugin\u00a0: <\/h2> <ul><li>En-t\u00eate commutable du widget<\/li><li>Une option pour afficher le bouton de demande pour attirer les utilisateurs sur votre page<\/li><li>Un style exceptionnel \u00e0 port\u00e9e de clic<\/li><li>Composants de l&rsquo;interface pouvant \u00eatre peints<\/li><li>Un maximum de d\u00e9tails pour plus de confiance b\u00e2timent<\/li><\/ul><p><a href=\"#demo\">Testez tous les param\u00e8tres dans une d\u00e9mo enti\u00e8rement fonctionnelle<\/a><\/p> <\/div> <div class=\"application-platform-content-item-installation application-platform-content-item\" id=\"installation\" data-nav-section=\"installation\"> <h2>Comment int\u00e9grer des avis tout-en-un dans ma page Web jQuery\u00a0? <\/h2> <p>Suivez simplement plusieurs \u00e9tapes d\u00e9crites ci-dessous pour activer le plugin. <\/p> <ol><li><b>Ouvrez notre d\u00e9mo gratuite et commencez \u00e0 cr\u00e9er votre widget sur mesure. <\/b><br> Choisissez le design s\u00e9lectionn\u00e9 et les options de l&rsquo;outil et appliquez les corrections. <\/li> <li><b>Recevez votre code personnel r\u00e9v\u00e9l\u00e9 dans la case sur Elfsight Apps. <\/b><br> Une fois la configuration de votre widget personnel termin\u00e9e, copiez le code individuel dans la fen\u00eatre qui appara\u00eet et enregistrez-le pour une utilisation future. <\/li> <li><b>Entrez sur l&rsquo;utilisation de l&rsquo;outil sur la page d&rsquo;accueil de jQuery. <\/b><br> Impl\u00e9mentez le code que vous avez copi\u00e9 auparavant dans votre page Web et appliquez les modifications. <\/li> <li><b>L&rsquo;installation est enti\u00e8rement effectu\u00e9e. <\/b><br> Visitez votre site pour voir comment fonctionne le plugin. <\/li><\/ol> <p>\u00c0 condition de vous poser des questions ou de rencontrer certains probl\u00e8mes, n&rsquo;h\u00e9sitez pas \u00e0 \u00e9crire \u00e0 notre service client. Nos collaborateurs seront ravis de vous aider avec toutes les questions que vous pourriez avoir concernant le produit. <\/p> <div class=\"faq\" data-component=\"FAQ\"> <div class=\"faq-item\">\r\n\t\t\t\t\t<div class=\"faq-item-question\">\r\n\t\t\t\t\t\t<h3 class=\"faq-item-question-text\">Comment ajouter des avis tout-en-un \u00e0 mon site jQuery sans comp\u00e9tences en codage ?<\/h3>\r\n\r\n\t\t\t\t\t\t<div class=\"faq-item-question-icon\"><\/div>\r\n\t\t\t\t\t<\/div>\r\n\r\n\t\t\t\t\t<div class=\"faq-item-answer\">\r\n\t\t\t\t\t\t<div class=\"faq-item-answer-text\"> <p>Elfsight fournit une solution SaaS qui vous permet de cr\u00e9er un avis tout-en-un widget vous-m\u00eame, voyez \u00e0 quel point le processus est simple\u00a0: travaillez directement dans l&rsquo;\u00e9diteur en ligne pour cr\u00e9er un widget d&rsquo;avis tout-en-un que vous aimeriez voir sur votre site Web jQuery. Choisissez l&rsquo;un des mod\u00e8les pr\u00e9d\u00e9finis et ajustez les param\u00e8tres des avis tout-en-un, ajoutez votre contenu, modifiez la mise en page et la palette de couleurs sans comp\u00e9tences en codage. Enregistrez les critiques tout-en-un et copiez son code d&rsquo;installation, que vous pouvez facilement ajouter \u00e0 votre site Web jQuery sans avoir besoin d&rsquo;acheter un abonnement payant. Gr\u00e2ce \u00e0 notre \u00e9diteur intuitif, tout internaute peut cr\u00e9er un widget d&rsquo;avis tout-en-un en ligne et l&rsquo;int\u00e9grer facilement \u00e0 son site Web jQuery. Il n&rsquo;est pas n\u00e9cessaire de payer ou de saisir les informations d&rsquo;identification de votre carte pour acc\u00e9der au service. Si vous rencontrez des probl\u00e8mes \u00e0 n&rsquo;importe quelle \u00e9tape, n&rsquo;h\u00e9sitez pas \u00e0 contacter notre \u00e9quipe d&rsquo;assistance technique.<\/p> <\/div>\r\n\t\t\t\t\t<\/div>\r\n\t\t\t\t<\/div> <\/div> <\/div>","protected":false},"excerpt":{"rendered":"","protected":false},"author":18,"featured_media":0,"parent":2083,"menu_order":0,"comment_status":"closed","ping_status":"closed","template":"templates\/template-application-platform.php","meta":{"publish_to_discourse":"","publish_post_category":"","wpdc_auto_publish_overridden":"","wpdc_topic_tags":"","wpdc_pin_topic":"","wpdc_pin_until":"","discourse_post_id":"","discourse_permalink":"","wpdc_publishing_response":"","wpdc_publishing_error":"","footnotes":""},"class_list":["post-5775","page","type-page","status-publish","hentry"],"yoast_head":"<!-- This site is optimized with the Yoast SEO plugin v25.3.1 - https:\/\/yoast.com\/wordpress\/plugins\/seo\/ -->\n<title>Avis tout en direct - ajoutez widget Reviews tout en direct sur jQuery<\/title>\n<meta name=\"description\" content=\"Int\u00e9grez un Avis tout en direct avantageux sur votre site. Utilisez la d\u00e9mo d&#039;Elfsight et g\u00e9n\u00e9rez votre widget en deux minutes.\" \/>\n<meta name=\"robots\" content=\"index, follow, max-snippet:-1, max-image-preview:large, max-video-preview:-1\" \/>\n<link rel=\"canonical\" href=\"https:\/\/elfsight.com\/fr\/all-in-one-reviews-widget\/jquery\/\" \/>\n<meta property=\"og:locale\" content=\"fr_FR\" \/>\n<meta property=\"og:type\" content=\"article\" \/>\n<meta property=\"og:title\" content=\"Avis tout en direct - ajoutez widget Reviews tout en direct sur jQuery\" \/>\n<meta property=\"og:description\" content=\"Int\u00e9grez un Avis tout en direct avantageux sur votre site. Utilisez la d\u00e9mo d&#039;Elfsight et g\u00e9n\u00e9rez votre widget en deux minutes.\" \/>\n<meta property=\"og:url\" content=\"https:\/\/elfsight.com\/fr\/all-in-one-reviews-widget\/jquery\/\" \/>\n<meta property=\"og:site_name\" content=\"Elfsight FR\" \/>\n<meta property=\"article:modified_time\" content=\"2025-07-09T09:47:54+00:00\" \/>\n<meta name=\"twitter:card\" content=\"summary_large_image\" \/>\n<meta name=\"twitter:label1\" content=\"Dur\u00e9e de lecture estim\u00e9e\" \/>\n\t<meta name=\"twitter:data1\" content=\"1 minute\" \/>\n<!-- \/ Yoast SEO plugin. -->","yoast_head_json":{"title":"Avis tout en direct - ajoutez widget Reviews tout en direct sur jQuery","description":"Int\u00e9grez un Avis tout en direct avantageux sur votre site. Utilisez la d\u00e9mo d'Elfsight et g\u00e9n\u00e9rez votre widget en deux minutes.","robots":{"index":"index","follow":"follow","max-snippet":"max-snippet:-1","max-image-preview":"max-image-preview:large","max-video-preview":"max-video-preview:-1"},"canonical":"https:\/\/elfsight.com\/fr\/all-in-one-reviews-widget\/jquery\/","og_locale":"fr_FR","og_type":"article","og_title":"Avis tout en direct - ajoutez widget Reviews tout en direct sur jQuery","og_description":"Int\u00e9grez un Avis tout en direct avantageux sur votre site. Utilisez la d\u00e9mo d'Elfsight et g\u00e9n\u00e9rez votre widget en deux minutes.","og_url":"https:\/\/elfsight.com\/fr\/all-in-one-reviews-widget\/jquery\/","og_site_name":"Elfsight FR","article_modified_time":"2025-07-09T09:47:54+00:00","twitter_card":"summary_large_image","twitter_misc":{"Dur\u00e9e de lecture estim\u00e9e":"1 minute"},"schema":{"@context":"https:\/\/schema.org","@graph":[{"@type":"WebPage","@id":"https:\/\/elfsight.com\/fr\/all-in-one-reviews-widget\/jquery\/","url":"https:\/\/elfsight.com\/fr\/all-in-one-reviews-widget\/jquery\/","name":"Avis tout en direct - ajoutez widget Reviews tout en direct sur jQuery","isPartOf":{"@id":"https:\/\/elfsight.com\/fr\/#website"},"datePublished":"2021-12-03T09:52:58+00:00","dateModified":"2025-07-09T09:47:54+00:00","description":"Int\u00e9grez un Avis tout en direct avantageux sur votre site. Utilisez la d\u00e9mo d'Elfsight et g\u00e9n\u00e9rez votre widget en deux minutes.","breadcrumb":{"@id":"https:\/\/elfsight.com\/fr\/all-in-one-reviews-widget\/jquery\/#breadcrumb"},"inLanguage":"fr-FR","potentialAction":[{"@type":"ReadAction","target":["https:\/\/elfsight.com\/fr\/all-in-one-reviews-widget\/jquery\/"]}]},{"@type":"BreadcrumbList","@id":"https:\/\/elfsight.com\/fr\/all-in-one-reviews-widget\/jquery\/#breadcrumb","itemListElement":[{"@type":"ListItem","position":1,"name":"Home","item":"https:\/\/elfsight.com\/fr\/"},{"@type":"ListItem","position":2,"name":"All-in-One Reviews","item":"https:\/\/elfsight.com\/fr\/all-in-one-reviews-widget\/"},{"@type":"ListItem","position":3,"name":"All-in-One Reviews &#8211; jQuery"}]},{"@type":"WebSite","@id":"https:\/\/elfsight.com\/fr\/#website","url":"https:\/\/elfsight.com\/fr\/","name":"Elfsight FR","description":"","potentialAction":[{"@type":"SearchAction","target":{"@type":"EntryPoint","urlTemplate":"https:\/\/elfsight.com\/fr\/?s={search_term_string}"},"query-input":{"@type":"PropertyValueSpecification","valueRequired":true,"valueName":"search_term_string"}}],"inLanguage":"fr-FR"}]}},"meta_box":{"industry":"","seo_heading":"","heading":"","description":"","cta_heading":"","cta_description":"","application":"2082","h1":"Widget Avis tout en direct pour jQuery","h1_caption":"Collectez et pr\u00e9sentez les avis de plusieurs plates-formes telles que Google, Facebook et Yelp dans un seul plugin pour renforcer la confiance et la cr\u00e9dibilit\u00e9 de votre site Web jQuery sans effort.","application_category":[],"applications_title":"","applications_request_title":"","applications_request_button_text":"","hero_text":"","hero_video":"","hero_video_schema_markup":"","selling_points_title":"","selling_points_caption":"","selling_points":[],"selling_points_cta_text":"","features_title":"","features":"","ed_cta_examples_text":"","ed_cta_examples_hidden":"","ed_cta_demo_text":"","ed_cta_demo_hidden":"","why_caption":"","why_editor_title":"","why_editor_text":"","why_team_title":"","why_team_text":"","why_service_title":"","why_service_text":"","template_catalog_visible":"","template_catalog_title":"","template_catalog_text":"","template_catalog_categories_visible":"","demo_title":"Cr\u00e9ez votre plugin All-in-One Reviews","demo_caption":"Configurez vos avis tout-en-un et ajoutez-les gratuitement \u00e0 votre site Web jQuery\u00a0!","default_faq_hidden":"","app_template_category":[],"platform":"355","template_public_id":"","codecanyon_url":"","codecanyon_item_id":"","codecanyon_price":"","pricing_caption":"","pricing_elfsight_apps_hide_column":"","pricing_elfsight_apps_url":"","pricing_codecanyon_price_caption":"","integration_category":[],"integration_request_title":"","integration_request_cta":"","integration_platform":"","integrations":[],"platform_category":[],"video_schema_markup":"","price":"\u00c0 partir de $0\/mois","trial":"","benefits":[{"text":"Installation gratuite"},{"text":"Support Premium"},{"text":"Garantie de remboursement de 14 jours"},{"text":"L'am\u00e9lioration continue"}],"button_url":"#demo","button_target_blank":"0","button_nofollow":"0","attributes":[{"name":"Nombre d'installations","content":"1,000 - 5,000","_state":"expanded"},{"name":"Adaptif","content":"Oui","_state":"expanded"},{"name":"Navigateurs compatibles","content":"Firefox, Safari, Opera, Chrome, Edge","_state":"expanded"}],"tags":[],"tags_disable_links":"0","hide_more_platforms":"","video_object":"","demo_hide_cta":"0","demo_hide_cloud_options":"0","pricing_title":"","pricing":[{"pricing_icon":"platform","pricing_title":"Applications d'Elfsight","pricing_title_caption":"Solution num\u00e9rique multiplateforme qui fonctionne sur n'importe quel site","pricing_price":"\u00c0 partir de $0\/mois","pricing_price_caption":"Commencez avec un plan gratuit","pricing_benefits":[{"text":"Sites Web illimit\u00e9s"},{"text":"\u00c9quipe d'assistance professionnelle"},{"text":"Service d'installation gratuit"},{"text":"100% personnalisable"}],"pricing_button_text":"Ajouter au site Web","pricing_button_url":"https:\/\/apps.elfsight.com\/sign-up\/","pricing_button_nofollow":"1","_state":"expanded"}],"related_apps_title":"","related_apps_hidden":"1","author":"","image":[],"title":"","job":"","social_networks":[]},"_links":{"self":[{"href":"https:\/\/elfsight.com\/fr\/wp-json\/wp\/v2\/pages\/5775","targetHints":{"allow":["GET"]}}],"collection":[{"href":"https:\/\/elfsight.com\/fr\/wp-json\/wp\/v2\/pages"}],"about":[{"href":"https:\/\/elfsight.com\/fr\/wp-json\/wp\/v2\/types\/page"}],"author":[{"embeddable":true,"href":"https:\/\/elfsight.com\/fr\/wp-json\/wp\/v2\/users\/18"}],"replies":[{"embeddable":true,"href":"https:\/\/elfsight.com\/fr\/wp-json\/wp\/v2\/comments?post=5775"}],"version-history":[{"count":3,"href":"https:\/\/elfsight.com\/fr\/wp-json\/wp\/v2\/pages\/5775\/revisions"}],"predecessor-version":[{"id":14016,"href":"https:\/\/elfsight.com\/fr\/wp-json\/wp\/v2\/pages\/5775\/revisions\/14016"}],"up":[{"embeddable":true,"href":"https:\/\/elfsight.com\/fr\/wp-json\/wp\/v2\/pages\/2083"}],"wp:attachment":[{"href":"https:\/\/elfsight.com\/fr\/wp-json\/wp\/v2\/media?parent=5775"}],"curies":[{"name":"wp","href":"https:\/\/api.w.org\/{rel}","templated":true}]}}