{"id":5773,"date":"2021-12-03T09:53:01","date_gmt":"2021-12-03T09:53:01","guid":{"rendered":"https:\/\/elfsight.com\/fr\/?page_id=5773"},"modified":"2025-07-09T09:47:48","modified_gmt":"2025-07-09T09:47:48","slug":"joomla","status":"publish","type":"page","link":"https:\/\/elfsight.com\/fr\/all-in-one-reviews-widget\/joomla\/","title":{"rendered":"All-in-One Reviews &#8211; Joomla"},"content":{"rendered":"<div class=\"application-platform-content-item-description application-platform-content-item\" id=\"description\" data-nav-section=\"description\"> <h2>Description<\/h2> <p>Elfsight All-in-One Reviews est une extension pratique pour Joomla qui vous offre la possibilit\u00e9 d&rsquo;afficher tous les commentaires. sur votre entreprise directement sur votre site \u00e0 partir de toutes les plateformes d&rsquo;avis connues. En appliquant notre outil, vous pourrez utiliser des filtres pour masquer les avis ind\u00e9sirables, afficher votre note par \u00e9toiles et votre note num\u00e9rique \u00e0 partir de votre compte sur n&rsquo;importe quelle plateforme d&rsquo;avis, ajouter des informations sur les cr\u00e9ateurs des avis et ajouter un bouton CTA convaincant qui pilotera le site. les visiteurs peuvent publier un nouveau commentaire. Le widget Elfsight Reviews peut vous aider \u00e0 pr\u00e9senter votre impressionnante preuve sociale sur le site Web et \u00e0 commencer \u00e0 obtenir davantage de nouveaux achats. <\/p> <p><b>Commentaires de Google, Airbnb, Amazon, Facebook et bien d&rsquo;autres dans une seule application pour un taux de conversion ultime et la confiance des clients\u00a0!<\/b><\/p> <p><b>Augmentez votre ventes utilisant la preuve sociale<\/b><br>Avec l&rsquo;extension Avis, vous pr\u00e9senterez vos meilleurs commentaires sur Airbnb, Google, Facebook, Amazon et d&rsquo;autres sites Web d&rsquo;avis d&rsquo;entreprises les plus appr\u00e9ci\u00e9s, attirant ainsi plus de nouveaux clients.<\/p><p><b>Obtenir plus d&rsquo;avis<\/b><br>En cliquant sur le bouton \u00ab \u00c9crire un avis \u00bb, davantage de personnes cliqueront pour partager leurs r\u00e9flexions sur vos produits et services, ce qui se traduira par une estimation client la plus \u00e9lev\u00e9e possible.<\/b><p><b>Minimiser les avis n\u00e9gatifs<\/b><br>Le plugin Avis clients vous offre de multiples opportunit\u00e9s de filtrage qui vous offriront la possibilit\u00e9 d&rsquo;afficher les avis n\u00e9gatifs, en ne montrant que les positifs.<\/b>[ \/application_platform_content_item] <div class=\"application-platform-content-item-features application-platform-content-item\" id=\"features\" data-nav-section=\"features\"><\/div> <h2>V\u00e9rifiez la liste des fonctionnalit\u00e9s les plus puissantes\u00a0: <\/h2> <ul><li>En-t\u00eate commutable du widget<\/li><li>Une option pour afficher \u201d Bouton \u00ab \u00c9crire un avis \u00bb pour rediriger vers votre page<\/li><li>Un superbe style \u00e0 port\u00e9e de clic<\/li><li>\u00c9l\u00e9ments pouvant \u00eatre peints de l&rsquo;interface du widget<\/li><li>D\u00e9tails maximum pour la g\u00e9n\u00e9ration de confiance<\/li><\/ul><p><a href=\"#demo\">Explorez tous les param\u00e8tres dans une d\u00e9mo compl\u00e8te<\/a><\/p> <\/div> <div class=\"application-platform-content-item-installation application-platform-content-item\" id=\"installation\" data-nav-section=\"installation\"> <h2> Comment puis-je ajouter des avis tout-en-un sur ma page Web Joomla\u00a0? <\/h2> <p>Suivez simplement plusieurs \u00e9tapes pr\u00e9sent\u00e9es ci-dessous pour int\u00e9grer l&rsquo;extension<\/p> <ol><li><b>Ouvrez notre \u00e9diteur gratuit et commencez \u00e0 travailler avec votre extension personnalis\u00e9e. <\/b><br> Sp\u00e9cifiez la forme et les fonctionnalit\u00e9s pr\u00e9f\u00e9r\u00e9es de l&rsquo;extension et enregistrez toutes les modifications. <\/li> <li><b>Recevez le code unique r\u00e9v\u00e9l\u00e9 dans le formulaire sp\u00e9cial sur Elfsight Apps. <\/b><br> Une fois la personnalisation de votre extension termin\u00e9e, copiez votre code dans la case qui appara\u00eet et enregistrez-le pour d&rsquo;autres besoins. <\/li> <li><b>Commencez \u00e0 utiliser l&rsquo;extension sur le site Joomla. <\/b><br> Impl\u00e9mentez le code que vous avez enregistr\u00e9 auparavant dans votre page et appliquez les modifications. <\/li> <li><b>La configuration est termin\u00e9e avec succ\u00e8s. <\/b><br> Rendez-vous sur votre site pour jeter un \u0153il au fonctionnement de l&rsquo;extension. <\/li><\/ol><p>Si vous avez des questions ou rencontrez des difficult\u00e9s, n&rsquo;h\u00e9sitez pas \u00e0 contacter notre service client. Nos collaborateurs se feront un plaisir de vous aider avec toutes les difficult\u00e9s que vous pourriez rencontrer avec l&rsquo;outil. <\/p> <div class=\"faq\" data-component=\"FAQ\"> <div class=\"faq-item\">\r\n\t\t\t\t\t<div class=\"faq-item-question\">\r\n\t\t\t\t\t\t<h3 class=\"faq-item-question-text\">Comment ajouter des avis tout-en-un \u00e0 mon site Joomla sans comp\u00e9tences en codage ?<\/h3>\r\n\r\n\t\t\t\t\t\t<div class=\"faq-item-question-icon\"><\/div>\r\n\t\t\t\t\t<\/div>\r\n\r\n\t\t\t\t\t<div class=\"faq-item-answer\">\r\n\t\t\t\t\t\t<div class=\"faq-item-answer-text\"> <p>Elfsight fournit une solution SaaS qui vous permet de cr\u00e9er un avis tout-en-un widget vous-m\u00eame, voyez \u00e0 quel point le processus est simple\u00a0: travaillez directement dans l&rsquo;\u00e9diteur en ligne pour cr\u00e9er un widget d&rsquo;avis tout-en-un que vous aimeriez voir sur votre site Web Joomla. Choisissez l&rsquo;un des mod\u00e8les pr\u00e9d\u00e9finis et ajustez les param\u00e8tres des avis tout-en-un, ajoutez votre contenu, modifiez la disposition et la couleur des \u00e9l\u00e9ments sans aucune comp\u00e9tence en codage. Enregistrez les avis tout-en-un et copiez son code d&rsquo;installation, afin de pouvoir l&rsquo;ajouter facilement \u00e0 votre site Web Joomla sans acheter de forfait payant. Gr\u00e2ce \u00e0 notre \u00e9diteur intuitif, tout internaute peut cr\u00e9er un widget d&rsquo;avis tout-en-un en ligne et l&rsquo;int\u00e9grer facilement \u00e0 son site Web Joomla. Il n&rsquo;est pas n\u00e9cessaire de payer ou de saisir les informations d&rsquo;identification de votre carte pour acc\u00e9der au service. Si vous rencontrez des probl\u00e8mes \u00e0 n&rsquo;importe quelle \u00e9tape, n&rsquo;h\u00e9sitez pas \u00e0 contacter notre \u00e9quipe d&rsquo;assistance technique.<\/p> <\/div>\r\n\t\t\t\t\t<\/div>\r\n\t\t\t\t<\/div> <\/div> <\/div>","protected":false},"excerpt":{"rendered":"","protected":false},"author":18,"featured_media":0,"parent":2083,"menu_order":0,"comment_status":"closed","ping_status":"closed","template":"templates\/template-application-platform.php","meta":{"publish_to_discourse":"","publish_post_category":"","wpdc_auto_publish_overridden":"","wpdc_topic_tags":"","wpdc_pin_topic":"","wpdc_pin_until":"","discourse_post_id":"","discourse_permalink":"","wpdc_publishing_response":"","wpdc_publishing_error":"","footnotes":""},"class_list":["post-5773","page","type-page","status-publish","hentry"],"yoast_head":"<!-- This site is optimized with the Yoast SEO plugin v25.3.1 - https:\/\/yoast.com\/wordpress\/plugins\/seo\/ -->\n<title>Avis tout en direct - ajoutez extension Reviews tout en direct sur Joomla<\/title>\n<meta name=\"description\" content=\"Int\u00e9grez un Avis tout en direct attractif sur votre site. Appliquez la d\u00e9mo d&#039;Elfsight et g\u00e9n\u00e9rez votre module en quelques minutes.\" \/>\n<meta name=\"robots\" content=\"index, follow, max-snippet:-1, max-image-preview:large, max-video-preview:-1\" \/>\n<link rel=\"canonical\" href=\"https:\/\/elfsight.com\/fr\/all-in-one-reviews-widget\/joomla\/\" \/>\n<meta property=\"og:locale\" content=\"fr_FR\" \/>\n<meta property=\"og:type\" content=\"article\" \/>\n<meta property=\"og:title\" content=\"Avis tout en direct - ajoutez extension Reviews tout en direct sur Joomla\" \/>\n<meta property=\"og:description\" content=\"Int\u00e9grez un Avis tout en direct attractif sur votre site. Appliquez la d\u00e9mo d&#039;Elfsight et g\u00e9n\u00e9rez votre module en quelques minutes.\" \/>\n<meta property=\"og:url\" content=\"https:\/\/elfsight.com\/fr\/all-in-one-reviews-widget\/joomla\/\" \/>\n<meta property=\"og:site_name\" content=\"Elfsight FR\" \/>\n<meta property=\"article:modified_time\" content=\"2025-07-09T09:47:48+00:00\" \/>\n<meta name=\"twitter:card\" content=\"summary_large_image\" \/>\n<meta name=\"twitter:label1\" content=\"Dur\u00e9e de lecture estim\u00e9e\" \/>\n\t<meta name=\"twitter:data1\" content=\"1 minute\" \/>\n<!-- \/ Yoast SEO plugin. -->","yoast_head_json":{"title":"Avis tout en direct - ajoutez extension Reviews tout en direct sur Joomla","description":"Int\u00e9grez un Avis tout en direct attractif sur votre site. Appliquez la d\u00e9mo d'Elfsight et g\u00e9n\u00e9rez votre module en quelques minutes.","robots":{"index":"index","follow":"follow","max-snippet":"max-snippet:-1","max-image-preview":"max-image-preview:large","max-video-preview":"max-video-preview:-1"},"canonical":"https:\/\/elfsight.com\/fr\/all-in-one-reviews-widget\/joomla\/","og_locale":"fr_FR","og_type":"article","og_title":"Avis tout en direct - ajoutez extension Reviews tout en direct sur Joomla","og_description":"Int\u00e9grez un Avis tout en direct attractif sur votre site. Appliquez la d\u00e9mo d'Elfsight et g\u00e9n\u00e9rez votre module en quelques minutes.","og_url":"https:\/\/elfsight.com\/fr\/all-in-one-reviews-widget\/joomla\/","og_site_name":"Elfsight FR","article_modified_time":"2025-07-09T09:47:48+00:00","twitter_card":"summary_large_image","twitter_misc":{"Dur\u00e9e de lecture estim\u00e9e":"1 minute"},"schema":{"@context":"https:\/\/schema.org","@graph":[{"@type":"WebPage","@id":"https:\/\/elfsight.com\/fr\/all-in-one-reviews-widget\/joomla\/","url":"https:\/\/elfsight.com\/fr\/all-in-one-reviews-widget\/joomla\/","name":"Avis tout en direct - ajoutez extension Reviews tout en direct sur Joomla","isPartOf":{"@id":"https:\/\/elfsight.com\/fr\/#website"},"datePublished":"2021-12-03T09:53:01+00:00","dateModified":"2025-07-09T09:47:48+00:00","description":"Int\u00e9grez un Avis tout en direct attractif sur votre site. Appliquez la d\u00e9mo d'Elfsight et g\u00e9n\u00e9rez votre module en quelques minutes.","breadcrumb":{"@id":"https:\/\/elfsight.com\/fr\/all-in-one-reviews-widget\/joomla\/#breadcrumb"},"inLanguage":"fr-FR","potentialAction":[{"@type":"ReadAction","target":["https:\/\/elfsight.com\/fr\/all-in-one-reviews-widget\/joomla\/"]}]},{"@type":"BreadcrumbList","@id":"https:\/\/elfsight.com\/fr\/all-in-one-reviews-widget\/joomla\/#breadcrumb","itemListElement":[{"@type":"ListItem","position":1,"name":"Home","item":"https:\/\/elfsight.com\/fr\/"},{"@type":"ListItem","position":2,"name":"All-in-One Reviews","item":"https:\/\/elfsight.com\/fr\/all-in-one-reviews-widget\/"},{"@type":"ListItem","position":3,"name":"All-in-One Reviews &#8211; Joomla"}]},{"@type":"WebSite","@id":"https:\/\/elfsight.com\/fr\/#website","url":"https:\/\/elfsight.com\/fr\/","name":"Elfsight FR","description":"","potentialAction":[{"@type":"SearchAction","target":{"@type":"EntryPoint","urlTemplate":"https:\/\/elfsight.com\/fr\/?s={search_term_string}"},"query-input":{"@type":"PropertyValueSpecification","valueRequired":true,"valueName":"search_term_string"}}],"inLanguage":"fr-FR"}]}},"meta_box":{"industry":"","seo_heading":"","heading":"","description":"","cta_heading":"","cta_description":"","application":"2082","h1":"Extension Avis tout en direct pour Joomla","h1_caption":"Collectez et pr\u00e9sentez les avis de plusieurs plateformes comme Google, Facebook et Yelp dans une seule extension pour renforcer la confiance et la cr\u00e9dibilit\u00e9 de votre site Web Joomla sans effort.","application_category":[],"applications_title":"","applications_request_title":"","applications_request_button_text":"","hero_text":"","hero_video":"","hero_video_schema_markup":"","selling_points_title":"","selling_points_caption":"","selling_points":[],"selling_points_cta_text":"","features_title":"","features":"","ed_cta_examples_text":"","ed_cta_examples_hidden":"","ed_cta_demo_text":"","ed_cta_demo_hidden":"","why_caption":"","why_editor_title":"","why_editor_text":"","why_team_title":"","why_team_text":"","why_service_title":"","why_service_text":"","template_catalog_visible":"","template_catalog_title":"","template_catalog_text":"","template_catalog_categories_visible":"","demo_title":"Cr\u00e9ez votre plugin All-in-One Reviews","demo_caption":"Configurez vos avis tout-en-un et ajoutez-le gratuitement \u00e0 votre site Web Joomla\u00a0!","default_faq_hidden":"","app_template_category":[],"platform":"354","template_public_id":"","codecanyon_url":"","codecanyon_item_id":"","codecanyon_price":"","pricing_caption":"","pricing_elfsight_apps_hide_column":"","pricing_elfsight_apps_url":"","pricing_codecanyon_price_caption":"","integration_category":[],"integration_request_title":"","integration_request_cta":"","integration_platform":"","integrations":[],"platform_category":[],"video_schema_markup":"","price":"\u00c0 partir de $0\/mois","trial":"","benefits":[{"text":"Installation gratuite"},{"text":"Support Premium"},{"text":"Garantie de remboursement de 14 jours"},{"text":"L'am\u00e9lioration continue"}],"button_url":"#demo","button_target_blank":"0","button_nofollow":"0","attributes":[{"name":"Nombre d'installations","content":"1,000 - 5,000","_state":"expanded"},{"name":"Adaptif","content":"Oui","_state":"expanded"},{"name":"Navigateurs compatibles","content":"Firefox, Safari, Opera, Chrome, Edge","_state":"expanded"}],"tags":[],"tags_disable_links":"0","hide_more_platforms":"","video_object":"","demo_hide_cta":"0","demo_hide_cloud_options":"0","pricing_title":"","pricing":[{"pricing_icon":"platform","pricing_title":"Applications d'Elfsight","pricing_title_caption":"Solution num\u00e9rique multiplateforme qui fonctionne sur n'importe quel site","pricing_price":"\u00c0 partir de $0\/mois","pricing_price_caption":"Commencez avec un plan gratuit","pricing_benefits":[{"text":"Sites Web illimit\u00e9s"},{"text":"\u00c9quipe d'assistance professionnelle"},{"text":"Service d'installation gratuit"},{"text":"100% personnalisable"}],"pricing_button_text":"Ajouter au site Web","pricing_button_url":"https:\/\/apps.elfsight.com\/sign-up\/","pricing_button_nofollow":"1","_state":"expanded"}],"related_apps_title":"","related_apps_hidden":"1","author":"","image":[],"title":"","job":"","social_networks":[]},"_links":{"self":[{"href":"https:\/\/elfsight.com\/fr\/wp-json\/wp\/v2\/pages\/5773","targetHints":{"allow":["GET"]}}],"collection":[{"href":"https:\/\/elfsight.com\/fr\/wp-json\/wp\/v2\/pages"}],"about":[{"href":"https:\/\/elfsight.com\/fr\/wp-json\/wp\/v2\/types\/page"}],"author":[{"embeddable":true,"href":"https:\/\/elfsight.com\/fr\/wp-json\/wp\/v2\/users\/18"}],"replies":[{"embeddable":true,"href":"https:\/\/elfsight.com\/fr\/wp-json\/wp\/v2\/comments?post=5773"}],"version-history":[{"count":3,"href":"https:\/\/elfsight.com\/fr\/wp-json\/wp\/v2\/pages\/5773\/revisions"}],"predecessor-version":[{"id":14017,"href":"https:\/\/elfsight.com\/fr\/wp-json\/wp\/v2\/pages\/5773\/revisions\/14017"}],"up":[{"embeddable":true,"href":"https:\/\/elfsight.com\/fr\/wp-json\/wp\/v2\/pages\/2083"}],"wp:attachment":[{"href":"https:\/\/elfsight.com\/fr\/wp-json\/wp\/v2\/media?parent=5773"}],"curies":[{"name":"wp","href":"https:\/\/api.w.org\/{rel}","templated":true}]}}