{"id":5765,"date":"2021-12-03T09:53:13","date_gmt":"2021-12-03T09:53:13","guid":{"rendered":"https:\/\/elfsight.com\/fr\/?page_id=5765"},"modified":"2025-07-09T09:38:43","modified_gmt":"2025-07-09T09:38:43","slug":"google-sites","status":"publish","type":"page","link":"https:\/\/elfsight.com\/fr\/all-in-one-reviews-widget\/google-sites\/","title":{"rendered":"All in 1 Reviews &#8211; Google Sites"},"content":{"rendered":"\n<div class=\"application-platform-content-item-features application-platform-content-item\" id=\"features\" data-nav-section=\"features\">\n<h2>Les fonctionnalit\u00e9es plus importantes<\/h2> \n<ul>\n\n<li>Quatre sortes de mise en page: Ma\u00e7onnerie, Slider, Liste, et Grid<\/li>\n<li>5 sortes de filtres de contenu<\/li>\n<li>S\u00e9lection du type de pagination dans la mise en page Slider<\/li>\n<li>Sanq \u00e9l\u00e9ments commutables des avis: date, ic\u00f4ne, auteur image et nom, recommandation et note d&rsquo;\u00e9toiles<\/li>\n<li>D\u00e9placements et fl\u00e8ches types de navigation dans la disposition Slider<\/li>\n<li>Ajout avis client de l&rsquo;un de vos comptes sur des sites d&rsquo;avis d&rsquo;entreprise<\/li>\n<li>Bouton de demande de r\u00e9vision pour mener utilisateurs vers votre page\n<\/li><\/ul>\n \n<p><a href=\"#demo\">Vous pouvez d\u00e9couvrir la fonctionnalit\u00e9 du widget dans la d\u00e9mo en ce moment<\/a><\/p> \n<\/div> \n<div class=\"application-platform-content-item-installation application-platform-content-item\" id=\"installation\" data-nav-section=\"installation\">\n \n<h2>Comment est-il possible int\u00e9grer Avis tout en direct \u00e0 mon site Web Google Sites?<\/h2>\n<p>Juste suivez les instructions ci-dessous pour activer le plugin.<\/p>\n<ol>\n<li>Ex\u00e9cutez notre \u00e9diteur gratuit et commencez \u00e0 former votre propre plugin personnalis\u00e9.<\/li> \n <li>Acqu\u00e9rez le code personnel qui appara\u00eet dans la fen\u00eatre sur les applications Elfsight.<\/li>\n <li>Commencez l\u2019application du widget sur le site de Google Sites.<\/li>\n<li>Le setup est complet. Vous avez int\u00e9gr\u00e9 Reviews tout en direct sur Google Sites.<\/li>\n<\/ol> \n<p>Si vous avez rencontr\u00e9 des questions, n&rsquo;ayez pas peur d&rsquo;\u00e9crire \u00e0 notre \u00e9quipe de support. Nos consultants sont d\u00e9sireux de r\u00e9soudre toutes les difficult\u00e9s que vous pourriez avoir avec le widget.<\/p> \n<\/div>\n\n\n\n<p><\/p>\n","protected":false},"excerpt":{"rendered":"","protected":false},"author":18,"featured_media":0,"parent":2083,"menu_order":0,"comment_status":"closed","ping_status":"closed","template":"templates\/template-application-platform.php","meta":{"publish_to_discourse":"","publish_post_category":"","wpdc_auto_publish_overridden":"","wpdc_topic_tags":"","wpdc_pin_topic":"","wpdc_pin_until":"","discourse_post_id":"","discourse_permalink":"","wpdc_publishing_response":"","wpdc_publishing_error":"","footnotes":""},"class_list":["post-5765","page","type-page","status-publish","hentry"],"yoast_head":"<!-- This site is optimized with the Yoast SEO plugin v25.3.1 - https:\/\/yoast.com\/wordpress\/plugins\/seo\/ -->\n<title>Avis tout en direct - ajoutez plugin Reviews tout en direct sur Google Sites<\/title>\n<meta name=\"description\" content=\"Int\u00e9grez un Avis tout en direct avantageux sur votre site. Appliquez la d\u00e9mo d&#039;Elfsight et g\u00e9n\u00e9rez votre widget en 2 minutes.\" \/>\n<meta name=\"robots\" content=\"index, follow, max-snippet:-1, max-image-preview:large, max-video-preview:-1\" \/>\n<link rel=\"canonical\" href=\"https:\/\/elfsight.com\/fr\/all-in-one-reviews-widget\/google-sites\/\" \/>\n<meta property=\"og:locale\" content=\"fr_FR\" \/>\n<meta property=\"og:type\" content=\"article\" \/>\n<meta property=\"og:title\" content=\"Avis tout en direct - ajoutez plugin Reviews tout en direct sur Google Sites\" \/>\n<meta property=\"og:description\" content=\"Int\u00e9grez un Avis tout en direct avantageux sur votre site. Appliquez la d\u00e9mo d&#039;Elfsight et g\u00e9n\u00e9rez votre widget en 2 minutes.\" \/>\n<meta property=\"og:url\" content=\"https:\/\/elfsight.com\/fr\/all-in-one-reviews-widget\/google-sites\/\" \/>\n<meta property=\"og:site_name\" content=\"Elfsight FR\" \/>\n<meta property=\"article:modified_time\" content=\"2025-07-09T09:38:43+00:00\" \/>\n<meta name=\"twitter:card\" content=\"summary_large_image\" \/>\n<meta name=\"twitter:label1\" content=\"Dur\u00e9e de lecture estim\u00e9e\" \/>\n\t<meta name=\"twitter:data1\" content=\"1 minute\" \/>\n<!-- \/ Yoast SEO plugin. -->","yoast_head_json":{"title":"Avis tout en direct - ajoutez plugin Reviews tout en direct sur Google Sites","description":"Int\u00e9grez un Avis tout en direct avantageux sur votre site. Appliquez la d\u00e9mo d'Elfsight et g\u00e9n\u00e9rez votre widget en 2 minutes.","robots":{"index":"index","follow":"follow","max-snippet":"max-snippet:-1","max-image-preview":"max-image-preview:large","max-video-preview":"max-video-preview:-1"},"canonical":"https:\/\/elfsight.com\/fr\/all-in-one-reviews-widget\/google-sites\/","og_locale":"fr_FR","og_type":"article","og_title":"Avis tout en direct - ajoutez plugin Reviews tout en direct sur Google Sites","og_description":"Int\u00e9grez un Avis tout en direct avantageux sur votre site. Appliquez la d\u00e9mo d'Elfsight et g\u00e9n\u00e9rez votre widget en 2 minutes.","og_url":"https:\/\/elfsight.com\/fr\/all-in-one-reviews-widget\/google-sites\/","og_site_name":"Elfsight FR","article_modified_time":"2025-07-09T09:38:43+00:00","twitter_card":"summary_large_image","twitter_misc":{"Dur\u00e9e de lecture estim\u00e9e":"1 minute"},"schema":{"@context":"https:\/\/schema.org","@graph":[{"@type":"WebPage","@id":"https:\/\/elfsight.com\/fr\/all-in-one-reviews-widget\/google-sites\/","url":"https:\/\/elfsight.com\/fr\/all-in-one-reviews-widget\/google-sites\/","name":"Avis tout en direct - ajoutez plugin Reviews tout en direct sur Google Sites","isPartOf":{"@id":"https:\/\/elfsight.com\/fr\/#website"},"datePublished":"2021-12-03T09:53:13+00:00","dateModified":"2025-07-09T09:38:43+00:00","description":"Int\u00e9grez un Avis tout en direct avantageux sur votre site. Appliquez la d\u00e9mo d'Elfsight et g\u00e9n\u00e9rez votre widget en 2 minutes.","breadcrumb":{"@id":"https:\/\/elfsight.com\/fr\/all-in-one-reviews-widget\/google-sites\/#breadcrumb"},"inLanguage":"fr-FR","potentialAction":[{"@type":"ReadAction","target":["https:\/\/elfsight.com\/fr\/all-in-one-reviews-widget\/google-sites\/"]}]},{"@type":"BreadcrumbList","@id":"https:\/\/elfsight.com\/fr\/all-in-one-reviews-widget\/google-sites\/#breadcrumb","itemListElement":[{"@type":"ListItem","position":1,"name":"Home","item":"https:\/\/elfsight.com\/fr\/"},{"@type":"ListItem","position":2,"name":"All-in-One Reviews","item":"https:\/\/elfsight.com\/fr\/all-in-one-reviews-widget\/"},{"@type":"ListItem","position":3,"name":"All in 1 Reviews &#8211; Google Sites"}]},{"@type":"WebSite","@id":"https:\/\/elfsight.com\/fr\/#website","url":"https:\/\/elfsight.com\/fr\/","name":"Elfsight FR","description":"","potentialAction":[{"@type":"SearchAction","target":{"@type":"EntryPoint","urlTemplate":"https:\/\/elfsight.com\/fr\/?s={search_term_string}"},"query-input":{"@type":"PropertyValueSpecification","valueRequired":true,"valueName":"search_term_string"}}],"inLanguage":"fr-FR"}]}},"meta_box":{"industry":"","seo_heading":"","heading":"","description":"","cta_heading":"","cta_description":"","application":"2082","h1":"Plugin Avis tout en direct pour Google Sites","h1_caption":"Redoublez la confiance en affichant les vrais avis des visiteurs de plateformes nombreuse","application_category":[],"applications_title":"","applications_request_title":"","applications_request_button_text":"","hero_text":"","hero_video":"","hero_video_schema_markup":"","selling_points_title":"","selling_points_caption":"","selling_points":[],"selling_points_cta_text":"","features_title":"","features":"","ed_cta_examples_text":"","ed_cta_examples_hidden":"","ed_cta_demo_text":"","ed_cta_demo_hidden":"","why_caption":"","why_editor_title":"","why_editor_text":"","why_team_title":"","why_team_text":"","why_service_title":"","why_service_text":"","template_catalog_visible":"","template_catalog_title":"","template_catalog_text":"","template_catalog_categories_visible":"","demo_title":"N'h\u00e9sitez pas pour forme personnalis\u00e9 plugin Avis tout en direct Google Sites","demo_caption":"Personnalisez et impl\u00e9mentez le plugin dans votre page d'accueil avec l'aide de active d\u00e9mo.","default_faq_hidden":"","app_template_category":[],"platform":"423","template_public_id":"","codecanyon_url":"","codecanyon_item_id":"","codecanyon_price":"","pricing_caption":"","pricing_elfsight_apps_hide_column":"","pricing_elfsight_apps_url":"","pricing_codecanyon_price_caption":"","integration_category":[],"integration_request_title":"","integration_request_cta":"","integration_platform":"","integrations":[],"platform_category":[],"video_schema_markup":"","price":"\u00c0 partir de $0\/mois","trial":"","benefits":[{"text":"Installation gratuite"},{"text":"Support Premium"},{"text":"Garantie de remboursement de 14 jours"},{"text":"L'am\u00e9lioration continue"}],"button_url":"#demo","button_target_blank":"0","button_nofollow":"0","attributes":[{"name":"Nombre d'installations","content":"1,000 - 5,000","_state":"expanded"},{"name":"Adaptif","content":"Oui","_state":"expanded"},{"name":"Navigateurs compatibles","content":"Firefox, Safari, Opera, Chrome, Edge","_state":"expanded"}],"tags":[],"tags_disable_links":"0","hide_more_platforms":"","video_object":"","demo_hide_cta":"0","demo_hide_cloud_options":"0","pricing_title":"","pricing":[{"pricing_icon":"platform","pricing_title":"Applications d'Elfsight","pricing_title_caption":"Solution num\u00e9rique multiplateforme qui fonctionne sur n'importe quel site","pricing_price":"\u00c0 partir de $0\/mois","pricing_price_caption":"Commencez avec un plan gratuit","pricing_benefits":[{"text":"Sites Web illimit\u00e9s"},{"text":"\u00c9quipe d'assistance professionnelle"},{"text":"Service d'installation gratuit"},{"text":"100% personnalisable"}],"pricing_button_text":"Ajouter au site Web","pricing_button_url":"https:\/\/apps.elfsight.com\/sign-up\/","pricing_button_nofollow":"1","_state":"expanded"}],"related_apps_title":"","related_apps_hidden":"1","author":"","image":[],"title":"","job":"","social_networks":[]},"_links":{"self":[{"href":"https:\/\/elfsight.com\/fr\/wp-json\/wp\/v2\/pages\/5765","targetHints":{"allow":["GET"]}}],"collection":[{"href":"https:\/\/elfsight.com\/fr\/wp-json\/wp\/v2\/pages"}],"about":[{"href":"https:\/\/elfsight.com\/fr\/wp-json\/wp\/v2\/types\/page"}],"author":[{"embeddable":true,"href":"https:\/\/elfsight.com\/fr\/wp-json\/wp\/v2\/users\/18"}],"replies":[{"embeddable":true,"href":"https:\/\/elfsight.com\/fr\/wp-json\/wp\/v2\/comments?post=5765"}],"version-history":[{"count":1,"href":"https:\/\/elfsight.com\/fr\/wp-json\/wp\/v2\/pages\/5765\/revisions"}],"predecessor-version":[{"id":5766,"href":"https:\/\/elfsight.com\/fr\/wp-json\/wp\/v2\/pages\/5765\/revisions\/5766"}],"up":[{"embeddable":true,"href":"https:\/\/elfsight.com\/fr\/wp-json\/wp\/v2\/pages\/2083"}],"wp:attachment":[{"href":"https:\/\/elfsight.com\/fr\/wp-json\/wp\/v2\/media?parent=5765"}],"curies":[{"name":"wp","href":"https:\/\/api.w.org\/{rel}","templated":true}]}}