{"id":5759,"date":"2021-12-03T09:53:18","date_gmt":"2021-12-03T09:53:18","guid":{"rendered":"https:\/\/elfsight.com\/fr\/?page_id=5759"},"modified":"2025-07-09T09:39:44","modified_gmt":"2025-07-09T09:39:44","slug":"elementor","status":"publish","type":"page","link":"https:\/\/elfsight.com\/fr\/all-in-one-reviews-widget\/elementor\/","title":{"rendered":"All-in-One Reviews &#8211; Elementor"},"content":{"rendered":"<div class=\"application-platform-content-item-description application-platform-content-item\" id=\"description\" data-nav-section=\"description\"> <h2>Int\u00e9grer les avis tout-en-un sur Elementor avec le widget Elfsight<\/h2> <p>Elfsight All-in-One Reviews est un un widget facile \u00e0 utiliser pour Elementor vous donnant la possibilit\u00e9 de r\u00e9v\u00e9ler tous les t\u00e9moignages sur vos offres directement sur votre site \u00e0 partir de tous les sites d&rsquo;avis bien connus. En utilisant notre widget, vous aurez la possibilit\u00e9 d&rsquo;utiliser des filtres pour masquer les commentaires ind\u00e9sirables, d&rsquo;exposer votre note et les num\u00e9ros de votre compte sur n&rsquo;importe quelle plateforme d&rsquo;avis professionnels, de joindre des informations sur les cr\u00e9ateurs des t\u00e9moignages et d&rsquo;ajouter un appel convaincant \u00e0- bouton d&rsquo;action qui incitera les visiteurs du site \u00e0 r\u00e9diger un nouveau commentaire. Le widget Elfsight Reviews vous aidera \u00e0 vanter votre impressionnante preuve sociale sur le site Web et \u00e0 commencer \u00e0 augmenter vos ventes. <\/p> <p><b>Commentaires de Facebook, Amazon, Airbnb, Google et bien d&rsquo;autres dans un seul plugin pour un taux de conversion et une cr\u00e9dibilit\u00e9 client le plus \u00e9lev\u00e9 possible\u00a0!<\/b><\/p> <p><b>Augmentez le nombre de ventes utilisant la preuve sociale<\/b><br>Gr\u00e2ce \u00e0 notre plugin Avis, vous pourrez r\u00e9v\u00e9ler vos avis les plus m\u00e9morables de Google, Airbnb, Facebook, Amazon et d&rsquo;autres sites d&rsquo;avis d&rsquo;entreprises les plus importants, en obtenant plus de nouveaux clients.<\/p><p><b>Obtenez plus de commentaires<\/b><br>Le bouton attrayant \u00ab Publier un avis \u00bb incitera davantage de personnes \u00e0 cliquer pour donner leur avis sur vos produits et services, ce qui se traduira par un maximum de clients. estimation des clients.<\/p><p><b>R\u00e9duire les avis n\u00e9gatifs<\/b><br>Le widget Avis clients vous offre plusieurs opportunit\u00e9s de filtrage qui vous offriront la possibilit\u00e9 de garder un \u0153il sur les avis n\u00e9gatifs, en ne pr\u00e9sentant que les avantages. ones.<\/div> <div class=\"application-platform-content-item-features application-platform-content-item\" id=\"features\" data-nav-section=\"features\"> <\/p><h2>Nous proposons des fonctionnalit\u00e9s utiles et simples, en voici quelques-unes\u00a0: <\/h2> <ul><li>Une option pour activer\/ hors de l&rsquo;en-t\u00eate du widget<\/li><li>Bouton de demande de r\u00e9vision pour rediriger vers votre page<\/li><li>Un style exceptionnel est \u00e0 port\u00e9e de clic<\/li><li>\u00c9l\u00e9ments pouvant \u00eatre peints de l&rsquo;interface du widget<\/li><li> li&gt;<li>D\u00e9tails maximum pour la g\u00e9n\u00e9ration de confiance<\/li><\/ul><p><a href=\"#demo\">Vous pouvez consulter toutes les fonctionnalit\u00e9s du widget dans la d\u00e9mo ci-dessous<\/a><\/p> <\/div> <div class=\"application-platform-content-item-installation application-platform-content-item\" id=\"installation\" data-nav-section=\"installation\"> <h2>Comment puis-je ajouter des avis tout-en-un sur mon site Elementor\u00a0? <\/h2> <p>Appliquez simplement les instructions ci-dessous pour ajouter le plugin. <\/p> <ol><li><b>Ex\u00e9cutez notre \u00e9diteur gratuit et commencez \u00e0 cr\u00e9er votre propre widget. <\/b><br> Recherchez la disposition et les param\u00e8tres s\u00e9lectionn\u00e9s de l&rsquo;outil et enregistrez les modifications. <\/li> <li><b>Recevez le code unique apparaissant dans le formulaire sp\u00e9cial sur Elfsight Apps. <\/b><br> Une fois la personnalisation de votre widget personnel termin\u00e9e, copiez le code personnel dans la fen\u00eatre qui appara\u00eet et conservez-le pour un besoin ult\u00e9rieur. <\/li> <li><b>Entrez sur l&rsquo;utilisation de l&rsquo;outil sur la page Web Elementor. <\/b><br> Int\u00e9grez le code que vous avez enregistr\u00e9 r\u00e9cemment dans votre page Web et enregistrez les modifications. <\/li> <li><b>Fait\u00a0! La configuration est termin\u00e9e avec succ\u00e8s. <\/b><br> Visitez votre page pour v\u00e9rifier le fonctionnement de l&rsquo;outil. <\/li><\/ol> <p>Si vous rencontrez des questions ou rencontrez des obstacles, n&rsquo;h\u00e9sitez pas \u00e0 contacter notre \u00e9quipe d&rsquo;assistance. Nos sp\u00e9cialistes ont h\u00e2te de r\u00e9soudre toutes les questions que vous pourriez vous poser avec le plugin. <\/p> <div class=\"faq\" data-component=\"FAQ\"> <div class=\"faq-item\">\r\n\t\t\t\t\t<div class=\"faq-item-question\">\r\n\t\t\t\t\t\t<h3 class=\"faq-item-question-text\">Comment ajouter des avis tout-en-un \u00e0 mon site Web Elementor sans comp\u00e9tences en codage ?<\/h3>\r\n\r\n\t\t\t\t\t\t<div class=\"faq-item-question-icon\"><\/div>\r\n\t\t\t\t\t<\/div>\r\n\r\n\t\t\t\t\t<div class=\"faq-item-answer\">\r\n\t\t\t\t\t\t<div class=\"faq-item-answer-text\"> <p>Elfsight fournit une solution SaaS qui vous permet de cr\u00e9er un avis tout-en-un widget vous-m\u00eame, voyez \u00e0 quel point le processus est simple\u00a0: travaillez directement dans l&rsquo;\u00e9diteur en ligne pour cr\u00e9er un widget d&rsquo;avis tout-en-un que vous aimeriez voir sur votre site Web Elementor. Choisissez l&rsquo;un des mod\u00e8les pr\u00e9d\u00e9finis et ajustez les param\u00e8tres des avis tout-en-un, ajoutez votre contenu, modifiez la mise en page et les couleurs sans aucune comp\u00e9tence en codage. Enregistrez les avis tout-en-un et copiez son code d&rsquo;installation, que vous pouvez facilement int\u00e9grer \u00e0 votre site Web Elementor sans acheter de forfait payant. Gr\u00e2ce \u00e0 notre \u00e9diteur intuitif, tout internaute peut cr\u00e9er un widget d&rsquo;avis tout-en-un en ligne et l&rsquo;int\u00e9grer facilement \u00e0 son site Web Elementor. Il n&rsquo;est pas n\u00e9cessaire de payer ou de saisir les informations d&rsquo;identification de votre carte pour acc\u00e9der au service. Si vous rencontrez des probl\u00e8mes \u00e0 n&rsquo;importe quelle \u00e9tape, n&rsquo;h\u00e9sitez pas \u00e0 contacter notre \u00e9quipe d&rsquo;assistance technique.<\/p> <\/div>\r\n\t\t\t\t\t<\/div>\r\n\t\t\t\t<\/div> <\/div> <\/div>","protected":false},"excerpt":{"rendered":"","protected":false},"author":18,"featured_media":0,"parent":2083,"menu_order":0,"comment_status":"closed","ping_status":"closed","template":"templates\/template-application-platform.php","meta":{"publish_to_discourse":"","publish_post_category":"","wpdc_auto_publish_overridden":"","wpdc_topic_tags":"","wpdc_pin_topic":"","wpdc_pin_until":"","discourse_post_id":"","discourse_permalink":"","wpdc_publishing_response":"","wpdc_publishing_error":"","footnotes":""},"class_list":["post-5759","page","type-page","status-publish","hentry"],"yoast_head":"<!-- This site is optimized with the Yoast SEO plugin v25.3.1 - https:\/\/yoast.com\/wordpress\/plugins\/seo\/ -->\n<title>Avis tout en direct - ajoutez plugin Reviews tout en direct sur Elementor<\/title>\n<meta name=\"description\" content=\"Int\u00e9grez un Avis tout en direct avantageux sur votre site. Appliquez la d\u00e9mo d&#039;Elfsight et g\u00e9n\u00e9rez votre widget en quelques minutes.\" \/>\n<meta name=\"robots\" content=\"index, follow, max-snippet:-1, max-image-preview:large, max-video-preview:-1\" \/>\n<link rel=\"canonical\" href=\"https:\/\/elfsight.com\/fr\/all-in-one-reviews-widget\/elementor\/\" \/>\n<meta property=\"og:locale\" content=\"fr_FR\" \/>\n<meta property=\"og:type\" content=\"article\" \/>\n<meta property=\"og:title\" content=\"Avis tout en direct - ajoutez plugin Reviews tout en direct sur Elementor\" \/>\n<meta property=\"og:description\" content=\"Int\u00e9grez un Avis tout en direct avantageux sur votre site. Appliquez la d\u00e9mo d&#039;Elfsight et g\u00e9n\u00e9rez votre widget en quelques minutes.\" \/>\n<meta property=\"og:url\" content=\"https:\/\/elfsight.com\/fr\/all-in-one-reviews-widget\/elementor\/\" \/>\n<meta property=\"og:site_name\" content=\"Elfsight FR\" \/>\n<meta property=\"article:modified_time\" content=\"2025-07-09T09:39:44+00:00\" \/>\n<meta name=\"twitter:card\" content=\"summary_large_image\" \/>\n<meta name=\"twitter:label1\" content=\"Dur\u00e9e de lecture estim\u00e9e\" \/>\n\t<meta name=\"twitter:data1\" content=\"1 minute\" \/>\n<!-- \/ Yoast SEO plugin. -->","yoast_head_json":{"title":"Avis tout en direct - ajoutez plugin Reviews tout en direct sur Elementor","description":"Int\u00e9grez un Avis tout en direct avantageux sur votre site. Appliquez la d\u00e9mo d'Elfsight et g\u00e9n\u00e9rez votre widget en quelques minutes.","robots":{"index":"index","follow":"follow","max-snippet":"max-snippet:-1","max-image-preview":"max-image-preview:large","max-video-preview":"max-video-preview:-1"},"canonical":"https:\/\/elfsight.com\/fr\/all-in-one-reviews-widget\/elementor\/","og_locale":"fr_FR","og_type":"article","og_title":"Avis tout en direct - ajoutez plugin Reviews tout en direct sur Elementor","og_description":"Int\u00e9grez un Avis tout en direct avantageux sur votre site. Appliquez la d\u00e9mo d'Elfsight et g\u00e9n\u00e9rez votre widget en quelques minutes.","og_url":"https:\/\/elfsight.com\/fr\/all-in-one-reviews-widget\/elementor\/","og_site_name":"Elfsight FR","article_modified_time":"2025-07-09T09:39:44+00:00","twitter_card":"summary_large_image","twitter_misc":{"Dur\u00e9e de lecture estim\u00e9e":"1 minute"},"schema":{"@context":"https:\/\/schema.org","@graph":[{"@type":"WebPage","@id":"https:\/\/elfsight.com\/fr\/all-in-one-reviews-widget\/elementor\/","url":"https:\/\/elfsight.com\/fr\/all-in-one-reviews-widget\/elementor\/","name":"Avis tout en direct - ajoutez plugin Reviews tout en direct sur Elementor","isPartOf":{"@id":"https:\/\/elfsight.com\/fr\/#website"},"datePublished":"2021-12-03T09:53:18+00:00","dateModified":"2025-07-09T09:39:44+00:00","description":"Int\u00e9grez un Avis tout en direct avantageux sur votre site. Appliquez la d\u00e9mo d'Elfsight et g\u00e9n\u00e9rez votre widget en quelques minutes.","breadcrumb":{"@id":"https:\/\/elfsight.com\/fr\/all-in-one-reviews-widget\/elementor\/#breadcrumb"},"inLanguage":"fr-FR","potentialAction":[{"@type":"ReadAction","target":["https:\/\/elfsight.com\/fr\/all-in-one-reviews-widget\/elementor\/"]}]},{"@type":"BreadcrumbList","@id":"https:\/\/elfsight.com\/fr\/all-in-one-reviews-widget\/elementor\/#breadcrumb","itemListElement":[{"@type":"ListItem","position":1,"name":"Home","item":"https:\/\/elfsight.com\/fr\/"},{"@type":"ListItem","position":2,"name":"All-in-One Reviews","item":"https:\/\/elfsight.com\/fr\/all-in-one-reviews-widget\/"},{"@type":"ListItem","position":3,"name":"All-in-One Reviews &#8211; Elementor"}]},{"@type":"WebSite","@id":"https:\/\/elfsight.com\/fr\/#website","url":"https:\/\/elfsight.com\/fr\/","name":"Elfsight FR","description":"","potentialAction":[{"@type":"SearchAction","target":{"@type":"EntryPoint","urlTemplate":"https:\/\/elfsight.com\/fr\/?s={search_term_string}"},"query-input":{"@type":"PropertyValueSpecification","valueRequired":true,"valueName":"search_term_string"}}],"inLanguage":"fr-FR"}]}},"meta_box":{"industry":"","seo_heading":"","heading":"","description":"","cta_heading":"","cta_description":"","application":"2082","h1":"Plugin Avis tout en direct pour Elementor","h1_caption":"Collectez et pr\u00e9sentez les avis de plusieurs plateformes comme Google, Facebook et Yelp dans un seul widget pour renforcer la confiance et la cr\u00e9dibilit\u00e9 de votre site Web Elementor sans effort.","application_category":[],"applications_title":"","applications_request_title":"","applications_request_button_text":"","hero_text":"","hero_video":"","hero_video_schema_markup":"","selling_points_title":"","selling_points_caption":"","selling_points":[],"selling_points_cta_text":"","features_title":"","features":"","ed_cta_examples_text":"","ed_cta_examples_hidden":"","ed_cta_demo_text":"","ed_cta_demo_hidden":"","why_caption":"","why_editor_title":"","why_editor_text":"","why_team_title":"","why_team_text":"","why_service_title":"","why_service_text":"","template_catalog_visible":"","template_catalog_title":"","template_catalog_text":"","template_catalog_categories_visible":"","demo_title":"Cr\u00e9ez votre widget Avis tout-en-un","demo_caption":"Configurez vos avis tout-en-un et ajoutez-les gratuitement \u00e0 votre site Web Elementor\u00a0!","default_faq_hidden":"","app_template_category":[],"platform":"385","template_public_id":"","codecanyon_url":"","codecanyon_item_id":"","codecanyon_price":"","pricing_caption":"","pricing_elfsight_apps_hide_column":"","pricing_elfsight_apps_url":"","pricing_codecanyon_price_caption":"","integration_category":[],"integration_request_title":"","integration_request_cta":"","integration_platform":"","integrations":[],"platform_category":[],"video_schema_markup":"","price":"\u00c0 partir de $0\/mois","trial":"","benefits":[{"text":"Installation gratuite"},{"text":"Support Premium"},{"text":"Garantie de remboursement de 14 jours"},{"text":"L'am\u00e9lioration continue"}],"button_url":"#demo","button_target_blank":"0","button_nofollow":"0","attributes":[{"name":"Nombre d'installations","content":"1,000 - 5,000","_state":"expanded"},{"name":"Adaptif","content":"Oui","_state":"expanded"},{"name":"Navigateurs compatibles","content":"Firefox, Safari, Opera, Chrome, Edge","_state":"expanded"}],"tags":[],"tags_disable_links":"0","hide_more_platforms":"","video_object":"","demo_hide_cta":"0","demo_hide_cloud_options":"0","pricing_title":"","pricing":[{"pricing_icon":"platform","pricing_title":"Applications d'Elfsight","pricing_title_caption":"Solution num\u00e9rique multiplateforme qui fonctionne sur n'importe quel site","pricing_price":"\u00c0 partir de $0\/mois","pricing_price_caption":"Commencez avec un plan gratuit","pricing_benefits":[{"text":"Sites Web illimit\u00e9s"},{"text":"\u00c9quipe d'assistance professionnelle"},{"text":"Service d'installation gratuit"},{"text":"100% personnalisable"}],"pricing_button_text":"Ajouter au site Web","pricing_button_url":"https:\/\/apps.elfsight.com\/sign-up\/","pricing_button_nofollow":"1","_state":"expanded"}],"related_apps_title":"","related_apps_hidden":"1","author":"","image":[],"title":"","job":"","social_networks":[]},"_links":{"self":[{"href":"https:\/\/elfsight.com\/fr\/wp-json\/wp\/v2\/pages\/5759","targetHints":{"allow":["GET"]}}],"collection":[{"href":"https:\/\/elfsight.com\/fr\/wp-json\/wp\/v2\/pages"}],"about":[{"href":"https:\/\/elfsight.com\/fr\/wp-json\/wp\/v2\/types\/page"}],"author":[{"embeddable":true,"href":"https:\/\/elfsight.com\/fr\/wp-json\/wp\/v2\/users\/18"}],"replies":[{"embeddable":true,"href":"https:\/\/elfsight.com\/fr\/wp-json\/wp\/v2\/comments?post=5759"}],"version-history":[{"count":3,"href":"https:\/\/elfsight.com\/fr\/wp-json\/wp\/v2\/pages\/5759\/revisions"}],"predecessor-version":[{"id":14018,"href":"https:\/\/elfsight.com\/fr\/wp-json\/wp\/v2\/pages\/5759\/revisions\/14018"}],"up":[{"embeddable":true,"href":"https:\/\/elfsight.com\/fr\/wp-json\/wp\/v2\/pages\/2083"}],"wp:attachment":[{"href":"https:\/\/elfsight.com\/fr\/wp-json\/wp\/v2\/media?parent=5759"}],"curies":[{"name":"wp","href":"https:\/\/api.w.org\/{rel}","templated":true}]}}