{"id":5749,"date":"2021-12-03T09:06:44","date_gmt":"2021-12-03T09:06:44","guid":{"rendered":"https:\/\/elfsight.com\/fr\/?page_id=5749"},"modified":"2025-07-09T09:37:57","modified_gmt":"2025-07-09T09:37:57","slug":"woocommerce","status":"publish","type":"page","link":"https:\/\/elfsight.com\/fr\/all-in-one-chat-widget\/woocommerce\/","title":{"rendered":"All-in-One Chat &#8211; WooCommerce"},"content":{"rendered":"<div class=\"application-platform-content-item-description application-platform-content-item\" id=\"description\" data-nav-section=\"description\"> <h2>Description<\/h2> <p>Le chat en direct tout-en-un d&rsquo;Elfsight est l&rsquo;un des moyens les plus rapides pour les clients de sites Web de vous contacter. et obtenez votre soutien. Vous pourrez rester disponible en direct sur tous les messagers les plus utilis\u00e9s, sans interruption. Int\u00e9grez le plugin sur votre page et il peut \u00eatre activ\u00e9 sur des pages s\u00e9lectionn\u00e9es ou pour des groupes distincts de visiteurs, d\u00e9finir des d\u00e9marreurs de discussion, cr\u00e9er votre texte de bienvenue, d\u00e9finir des ic\u00f4nes et plus encore. En utilisant le plugin sur la page, vous resterez joignable \u00e0 tout moment et en tout lieu. <\/p> <p><b>Tous les messagers connus comme Facebook, Viber, Telegram, WhatsApp et bien d&rsquo;autres en un pour une interaction maximale et pratique avec les clients\u00a0!<\/b><\/p> <p><b>Consolidez les demandes de vos clients<\/b><br>En fusionnant tous les canaux de communication connus dans le plugin r\u00e9actif Chat box, vous serez en mesure de r\u00e9soudre plusieurs t\u00e2ches en un seul endroit, am\u00e9liorant ainsi la satisfaction client.<\/p><p><b>Outil profond\u00e9ment personnalisable<\/b><br>WhatsApp, Viber, Facebook Messenger, Discord, Telegram, Line, &#8211; vous pouvez les appliquer tous ensemble, ou choisir ceux qui r\u00e9pondent \u00e0 vos besoins, en adaptant leurs couleurs, leur taille. et bien plus encore.<\/b><p><b>Maintenir une communication en temps r\u00e9el<\/b><br>En pla\u00e7ant le widget de chat en direct sur votre site Web, vous apprendrez \u00e0 mieux conna\u00eetre vos visiteurs en leur fournissant les service de premier plan et offrant des services plus cibl\u00e9s.<\/b><\/div> <div class=\"application-platform-content-item-features application-platform-content-item\" id=\"features\" data-nav-section=\"features\"> <h2>Les fonctionnalit\u00e9s de widget les plus populaires incluent<\/h2> <ul><li>Ajouter un tout-en-un Un plugin de messagerie de chat en ligne sur votre page pour discuter avec les utilisateurs. <\/li><li>Trois variantes de position de discussion\u00a0: bulle flottante, bulle int\u00e9gr\u00e9e et fen\u00eatre de discussion int\u00e9gr\u00e9e. <\/li><li>Une collection d&rsquo;ic\u00f4nes de bulles parmi lesquelles vous pouvez s\u00e9lectionner. <\/li><li>Titre de discussion flexible avec image de page, nom et l\u00e9gende<\/li><li>D\u00e9finition de l&rsquo;image de la page par d\u00e9faut, \u00e0 partir de la collection ou t\u00e9l\u00e9chargement d&rsquo;une image personnalis\u00e9e. <\/li><\/ul><p><a href=\"#demo\">Essayez simplement cette d\u00e9mo pour avoir une id\u00e9e compl\u00e8te<\/a><\/p> <\/div> <div class=\"application-platform-content-item-installation application-platform-content-item\" id=\"installation\" data-nav-section=\"installation\"> <h2>Comment puis-je ajouter le plugin All in One Chat \u00e0 mon site WooCommerce ?<\/h2> <p>Suivez simplement les instructions ci-dessous pour int\u00e9grer le plugin. <\/p> <ol><li><b>En appliquant notre configurateur gratuit, commencez \u00e0 cr\u00e9er votre plugin personnalis\u00e9. <\/b><br> Choisissez la disposition et les sp\u00e9cifications appropri\u00e9es du widget et enregistrez les corrections.<\/li> <li><b>Acqu\u00e9rez votre code personnel apparaissant dans la case sur Elfsight Apps. <\/b><br> Une fois la configuration de votre widget termin\u00e9e, copiez le code personnel de la bo\u00eete qui appara\u00eet et conservez-le pour une occasion ult\u00e9rieure.<\/li> <li><b>Commencez \u00e0 utiliser le plugin sur WooCommerce page d&rsquo;accueil.<\/b><br> Ajoutez le code copi\u00e9 pr\u00e9c\u00e9demment dans votre page et appliquez les modifications.<\/li> <li><b>Le tour est jou\u00e9\u00a0! L&rsquo;int\u00e9gration est enti\u00e8rement effectu\u00e9e.<\/b><br> Acc\u00e9dez \u00e0 votre site pour v\u00e9rifier le fonctionnement de la Chat Box.<\/li><\/ol> <p>Si vous rencontrez des complications, n&rsquo;h\u00e9sitez pas \u00e0 contacter notre client. \u00e9quipe de service. Nos collaborateurs ont h\u00e2te de vous aider \u00e0 r\u00e9soudre tous les probl\u00e8mes que vous pourriez rencontrer avec le widget. <\/p> <\/div><div class=\"faq\" data-component=\"FAQ\"><div class=\"faq-item\">\r\n\t\t\t\t\t<div class=\"faq-item-question\">\r\n\t\t\t\t\t\t<h3 class=\"faq-item-question-text\">Comment puis-je int\u00e9grer un chat en direct sur le site WooCommerce ?<\/h3>\r\n\r\n\t\t\t\t\t\t<div class=\"faq-item-question-icon\"><\/div>\r\n\t\t\t\t\t<\/div>\r\n\r\n\t\t\t\t\t<div class=\"faq-item-answer\">\r\n\t\t\t\t\t\t<div class=\"faq-item-answer-text\"><p>La fondation de l&rsquo;outil a lieu sur les pages Elfsight et il n&rsquo;est pas n\u00e9cessaire d&rsquo;apprendre \u00e0 coder. Acc\u00e9dez \u00e0 notre d\u00e9mo en direct pour cr\u00e9er votre plugin personnel, acqu\u00e9rir le code et l&rsquo;int\u00e9grer \u00e0 votre site. <\/p><\/div>\r\n\t\t\t\t\t<\/div>\r\n\t\t\t\t<\/div><div class=\"faq-item\">\r\n\t\t\t\t\t<div class=\"faq-item-question\">\r\n\t\t\t\t\t\t<h3 class=\"faq-item-question-text\">Les meilleurs exemples d'utilisation de l'int\u00e9gration du Live Chat<\/h3>\r\n\r\n\t\t\t\t\t\t<div class=\"faq-item-question-icon\"><\/div>\r\n\t\t\t\t\t<\/div>\r\n\r\n\t\t\t\t\t<div class=\"faq-item-answer\">\r\n\t\t\t\t\t\t<div class=\"faq-item-answer-text\"><p>Nous vous offrons de nombreuses opportunit\u00e9s de personnalisation\u00a0: widgets complets \u00e0 int\u00e9grer dans la section de contenu, flottants des plugins avec des possibilit\u00e9s de d\u00e9filement, des vignettes pour le pied de page, la section d&rsquo;en-t\u00eate et toutes sortes d&rsquo;opportunit\u00e9s verticales pour les barres lat\u00e9rales et les menus du site Web. <\/p><\/div>\r\n\t\t\t\t\t<\/div>\r\n\t\t\t\t<\/div><div class=\"faq-item\">\r\n\t\t\t\t\t<div class=\"faq-item-question\">\r\n\t\t\t\t\t\t<h3 class=\"faq-item-question-text\">Comment cr\u00e9er un chat en direct de commentaires ou d'int\u00e9gration avec l'aide de l'\u00e9diteur ?<\/h3>\r\n\r\n\t\t\t\t\t\t<div class=\"faq-item-question-icon\"><\/div>\r\n\t\t\t\t\t<\/div>\r\n\r\n\t\t\t\t\t<div class=\"faq-item-answer\">\r\n\t\t\t\t\t\t<div class=\"faq-item-answer-text\"><p>Vous pouvez cr\u00e9er les variantes de n&rsquo;importe quel widget. De nombreuses mises en page sont \u00e0 votre disposition dans l&rsquo;\u00e9diteur, et toutes peuvent \u00eatre rapidement ajust\u00e9es selon vos besoins. <\/p><\/div>\r\n\t\t\t\t\t<\/div>\r\n\t\t\t\t<\/div><\/div>","protected":false},"excerpt":{"rendered":"","protected":false},"author":18,"featured_media":0,"parent":2310,"menu_order":0,"comment_status":"closed","ping_status":"closed","template":"templates\/template-application-platform.php","meta":{"publish_to_discourse":"","publish_post_category":"","wpdc_auto_publish_overridden":"","wpdc_topic_tags":"","wpdc_pin_topic":"","wpdc_pin_until":"","discourse_post_id":"","discourse_permalink":"","wpdc_publishing_response":"","wpdc_publishing_error":"","footnotes":""},"class_list":["post-5749","page","type-page","status-publish","hentry"],"yoast_head":"<!-- This site is optimized with the Yoast SEO plugin v25.3.1 - https:\/\/yoast.com\/wordpress\/plugins\/seo\/ -->\n<title>Chat en direct - ajoutez plugin Chat en live sur WooCommerce<\/title>\n<meta name=\"description\" content=\"Int\u00e9grez un Chat en direct avantageux sur votre site. Utilisez la d\u00e9mo d&#039;Elfsight et g\u00e9n\u00e9rez votre widget en 2 minutes.\" \/>\n<meta name=\"robots\" content=\"index, follow, max-snippet:-1, max-image-preview:large, max-video-preview:-1\" \/>\n<link rel=\"canonical\" href=\"https:\/\/elfsight.com\/fr\/all-in-one-chat-widget\/woocommerce\/\" \/>\n<meta property=\"og:locale\" content=\"fr_FR\" \/>\n<meta property=\"og:type\" content=\"article\" \/>\n<meta property=\"og:title\" content=\"Chat en direct - ajoutez plugin Chat en live sur WooCommerce\" \/>\n<meta property=\"og:description\" content=\"Int\u00e9grez un Chat en direct avantageux sur votre site. Utilisez la d\u00e9mo d&#039;Elfsight et g\u00e9n\u00e9rez votre widget en 2 minutes.\" \/>\n<meta property=\"og:url\" content=\"https:\/\/elfsight.com\/fr\/all-in-one-chat-widget\/woocommerce\/\" \/>\n<meta property=\"og:site_name\" content=\"Elfsight FR\" \/>\n<meta property=\"article:modified_time\" content=\"2025-07-09T09:37:57+00:00\" \/>\n<meta name=\"twitter:card\" content=\"summary_large_image\" \/>\n<meta name=\"twitter:label1\" content=\"Dur\u00e9e de lecture estim\u00e9e\" \/>\n\t<meta name=\"twitter:data1\" content=\"1 minute\" \/>\n<!-- \/ Yoast SEO plugin. -->","yoast_head_json":{"title":"Chat en direct - ajoutez plugin Chat en live sur WooCommerce","description":"Int\u00e9grez un Chat en direct avantageux sur votre site. Utilisez la d\u00e9mo d'Elfsight et g\u00e9n\u00e9rez votre widget en 2 minutes.","robots":{"index":"index","follow":"follow","max-snippet":"max-snippet:-1","max-image-preview":"max-image-preview:large","max-video-preview":"max-video-preview:-1"},"canonical":"https:\/\/elfsight.com\/fr\/all-in-one-chat-widget\/woocommerce\/","og_locale":"fr_FR","og_type":"article","og_title":"Chat en direct - ajoutez plugin Chat en live sur WooCommerce","og_description":"Int\u00e9grez un Chat en direct avantageux sur votre site. Utilisez la d\u00e9mo d'Elfsight et g\u00e9n\u00e9rez votre widget en 2 minutes.","og_url":"https:\/\/elfsight.com\/fr\/all-in-one-chat-widget\/woocommerce\/","og_site_name":"Elfsight FR","article_modified_time":"2025-07-09T09:37:57+00:00","twitter_card":"summary_large_image","twitter_misc":{"Dur\u00e9e de lecture estim\u00e9e":"1 minute"},"schema":{"@context":"https:\/\/schema.org","@graph":[{"@type":"WebPage","@id":"https:\/\/elfsight.com\/fr\/all-in-one-chat-widget\/woocommerce\/","url":"https:\/\/elfsight.com\/fr\/all-in-one-chat-widget\/woocommerce\/","name":"Chat en direct - ajoutez plugin Chat en live sur WooCommerce","isPartOf":{"@id":"https:\/\/elfsight.com\/fr\/#website"},"datePublished":"2021-12-03T09:06:44+00:00","dateModified":"2025-07-09T09:37:57+00:00","description":"Int\u00e9grez un Chat en direct avantageux sur votre site. Utilisez la d\u00e9mo d'Elfsight et g\u00e9n\u00e9rez votre widget en 2 minutes.","breadcrumb":{"@id":"https:\/\/elfsight.com\/fr\/all-in-one-chat-widget\/woocommerce\/#breadcrumb"},"inLanguage":"fr-FR","potentialAction":[{"@type":"ReadAction","target":["https:\/\/elfsight.com\/fr\/all-in-one-chat-widget\/woocommerce\/"]}]},{"@type":"BreadcrumbList","@id":"https:\/\/elfsight.com\/fr\/all-in-one-chat-widget\/woocommerce\/#breadcrumb","itemListElement":[{"@type":"ListItem","position":1,"name":"Home","item":"https:\/\/elfsight.com\/fr\/"},{"@type":"ListItem","position":2,"name":"All-in-One Chat","item":"https:\/\/elfsight.com\/fr\/all-in-one-chat-widget\/"},{"@type":"ListItem","position":3,"name":"All-in-One Chat &#8211; WooCommerce"}]},{"@type":"WebSite","@id":"https:\/\/elfsight.com\/fr\/#website","url":"https:\/\/elfsight.com\/fr\/","name":"Elfsight FR","description":"","potentialAction":[{"@type":"SearchAction","target":{"@type":"EntryPoint","urlTemplate":"https:\/\/elfsight.com\/fr\/?s={search_term_string}"},"query-input":{"@type":"PropertyValueSpecification","valueRequired":true,"valueName":"search_term_string"}}],"inLanguage":"fr-FR"}]}},"meta_box":{"industry":"","seo_heading":"","heading":"","description":"","cta_heading":"","cta_description":"","application":"2309","h1":"Plugin Chat en direct pour WooCommerce","h1_caption":"Offrez \u00e0 vos clients la possibilit\u00e9 de vous joindre sur plusieurs plates-formes de messagerie telles que WhatsApp, Facebook, Telegram et bien plus encore, \u00e0 partir d'une seule application vers votre site Web WooCommerce, sans effort.","application_category":[],"applications_title":"","applications_request_title":"","applications_request_button_text":"","hero_text":"","hero_video":"","hero_video_schema_markup":"","selling_points_title":"","selling_points_caption":"","selling_points":[],"selling_points_cta_text":"","features_title":"","features":"","ed_cta_examples_text":"","ed_cta_examples_hidden":"","ed_cta_demo_text":"","ed_cta_demo_hidden":"","why_caption":"","why_editor_title":"","why_editor_text":"","why_team_title":"","why_team_text":"","why_service_title":"","why_service_text":"","template_catalog_visible":"","template_catalog_title":"","template_catalog_text":"","template_catalog_categories_visible":"","demo_title":"Cr\u00e9ez votre application de chat tout-en-un","demo_caption":"Configurez votre chat tout-en-un et ajoutez-le \u00e0 votre site Web WooCommerce gratuitement !","default_faq_hidden":"","app_template_category":[],"platform":"397","template_public_id":"","codecanyon_url":"","codecanyon_item_id":"","codecanyon_price":"","pricing_caption":"","pricing_elfsight_apps_hide_column":"","pricing_elfsight_apps_url":"","pricing_codecanyon_price_caption":"","integration_category":[],"integration_request_title":"","integration_request_cta":"","integration_platform":"","integrations":[],"platform_category":[],"video_schema_markup":"","price":"\u00c0 partir de $0\/mois","trial":"","benefits":[{"text":"Installation gratuite"},{"text":"Support Premium"},{"text":"Garantie de remboursement de 14 jours"},{"text":"L'am\u00e9lioration continue"}],"button_url":"#demo","button_target_blank":"0","button_nofollow":"0","attributes":[{"name":"Nombre d'installations","content":"1,000 - 5,000","_state":"expanded"},{"name":"Adaptif","content":"Oui","_state":"expanded"},{"name":"Navigateurs compatibles","content":"Firefox, Safari, Opera, Chrome, Edge","_state":"expanded"}],"tags":[],"tags_disable_links":"0","hide_more_platforms":"","video_object":"","demo_hide_cta":"0","demo_hide_cloud_options":"0","pricing_title":"","pricing":[{"pricing_icon":"platform","pricing_title":"Applications d'Elfsight","pricing_title_caption":"Solution num\u00e9rique multiplateforme qui fonctionne sur n'importe quel site","pricing_price":"\u00c0 partir de $0\/mois","pricing_price_caption":"Commencez avec un plan gratuit","pricing_benefits":[{"text":"Sites Web illimit\u00e9s"},{"text":"\u00c9quipe d'assistance professionnelle"},{"text":"Service d'installation gratuit"},{"text":"100% personnalisable"}],"pricing_button_text":"Ajouter au site Web","pricing_button_url":"https:\/\/apps.elfsight.com\/sign-up\/","pricing_button_nofollow":"1","_state":"expanded"}],"related_apps_title":"","related_apps_hidden":"1","author":"","image":[],"title":"","job":"","social_networks":[]},"_links":{"self":[{"href":"https:\/\/elfsight.com\/fr\/wp-json\/wp\/v2\/pages\/5749","targetHints":{"allow":["GET"]}}],"collection":[{"href":"https:\/\/elfsight.com\/fr\/wp-json\/wp\/v2\/pages"}],"about":[{"href":"https:\/\/elfsight.com\/fr\/wp-json\/wp\/v2\/types\/page"}],"author":[{"embeddable":true,"href":"https:\/\/elfsight.com\/fr\/wp-json\/wp\/v2\/users\/18"}],"replies":[{"embeddable":true,"href":"https:\/\/elfsight.com\/fr\/wp-json\/wp\/v2\/comments?post=5749"}],"version-history":[{"count":3,"href":"https:\/\/elfsight.com\/fr\/wp-json\/wp\/v2\/pages\/5749\/revisions"}],"predecessor-version":[{"id":13993,"href":"https:\/\/elfsight.com\/fr\/wp-json\/wp\/v2\/pages\/5749\/revisions\/13993"}],"up":[{"embeddable":true,"href":"https:\/\/elfsight.com\/fr\/wp-json\/wp\/v2\/pages\/2310"}],"wp:attachment":[{"href":"https:\/\/elfsight.com\/fr\/wp-json\/wp\/v2\/media?parent=5749"}],"curies":[{"name":"wp","href":"https:\/\/api.w.org\/{rel}","templated":true}]}}