{"id":5743,"date":"2021-12-03T09:06:58","date_gmt":"2021-12-03T09:06:58","guid":{"rendered":"https:\/\/elfsight.com\/fr\/?page_id=5743"},"modified":"2024-12-20T08:07:30","modified_gmt":"2024-12-20T08:07:30","slug":"webnode","status":"publish","type":"page","link":"https:\/\/elfsight.com\/fr\/all-in-one-chat-widget\/webnode\/","title":{"rendered":"All-in-One Chat &#8211; Webnode"},"content":{"rendered":"\n<div class=\"application-platform-content-item-description application-platform-content-item\" id=\"description\" data-nav-section=\"description\"> <h2>Description<\/h2> <p>La bo\u00eete de discussion tout-en-un d&rsquo;Elfsight est l&rsquo;un des outils les plus pratiques permettant aux utilisateurs de s&rsquo;adresser \u00e0 vous et r\u00e9soudre leurs questions. Restez disponible en direct sur toutes les messageries les plus populaires 24h\/24 et 7j\/7. Int\u00e9grez le widget sur votre page et il ne peut \u00eatre actif que sur des pages particuli\u00e8res ou pour des cat\u00e9gories d&rsquo;audience distinctes, attribuez des d\u00e9clencheurs de d\u00e9marrage de chat, composez votre propre message de bienvenue, d\u00e9finissez des ic\u00f4nes et bien plus encore. En ayant le widget sur votre site Web, vous resterez joignable pour les visiteurs \u00e0 tout moment et de n&rsquo;importe o\u00f9. <\/p> <p><b>Restez facile \u00e0 contacter et rapide \u00e0 r\u00e9pondre, am\u00e9liorant les achats gr\u00e2ce au conseil<\/b><\/p> <\/div> <div class=\"application-platform-content-item-features application-platform-content-item\" id=\"features\" data-nav-section=\"features\"> <h2>Consultez la liste des fonctionnalit\u00e9s les plus puissantes\u00a0: <\/h2> <ul><li>Ajoutez un messager de chat en ligne tout-en-un sur votre site pour discuter avec les utilisateurs. <\/li><li>3 variantes de position de discussion\u00a0: bulle flottante, bulle int\u00e9gr\u00e9e et fen\u00eatre de discussion int\u00e9gr\u00e9e. <\/li><li>Une biblioth\u00e8que d&rsquo;ic\u00f4nes de bulles \u00e0 choisir. <\/li><li>En-t\u00eate de discussion mall\u00e9able avec image de page, nom et l\u00e9gende<\/li><li>Choisir l&rsquo;image de la page par d\u00e9faut, dans notre collection ou t\u00e9l\u00e9charger votre propre image. <\/li><\/ul><p><a href=\"#demo\">Cochez simplement cette d\u00e9mo pour avoir une id\u00e9e compl\u00e8te<\/a><\/p> <\/div> <div class=\"application-platform-content-item-installation application-platform-content-item\" id=\"installation\" data-nav-section=\"installation\"> <h2>Comment puis-je ajouter un chat en direct tout-en-un sur mon site Webnode\u00a0? <\/h2> <p>Suivez simplement quelques \u00e9tapes d\u00e9crites ci-dessous pour commencer \u00e0 travailler avec le widget. <\/p> <ol><li><b>Utilisez notre \u00e9diteur gratuit et commencez \u00e0 cr\u00e9er votre plugin sur mesure. <\/b><br> Choisissez le design et les options souhait\u00e9s du widget et enregistrez les corrections. <\/li> <li><b>Acqu\u00e9rir le code individuel qui est affich\u00e9 dans le formulaire sp\u00e9cial sur les applications Elfsight. <\/b><br> D\u00e8s que la configuration de votre outil est termin\u00e9e, copiez le code personnel dans la popup qui appara\u00eet et conservez-le pour une occasion ult\u00e9rieure. <\/li> <li><b>Commencez \u00e0 utiliser le plugin sur la page Web Webnode. <\/b><br> Int\u00e9grez le code que vous avez copi\u00e9 r\u00e9cemment dans votre site Web et enregistrez les modifications. <\/li> <li><b>Fait\u00a0! L&rsquo;int\u00e9gration est enti\u00e8rement termin\u00e9e. <\/b><br> Visitez votre page Web pour examiner comment fonctionne la bo\u00eete de discussion en ligne. <\/li><\/ol> <p>Si vous rencontrez des demandes de renseignements ou rencontrez des probl\u00e8mes, veuillez demander l&rsquo;aide de notre \u00e9quipe d&rsquo;assistance. Nos consultants sont d\u00e9sireux de r\u00e9soudre toutes les difficult\u00e9s que vous pourriez rencontrer avec le widget. <\/p> <div class=\"faq\" data-component=\"FAQ\"><div class=\"faq-item\">\r\n\t\t\t\t\t<div class=\"faq-item-question\">\r\n\t\t\t\t\t\t<h3 class=\"faq-item-question-text\">Comment puis-je ajouter un chat tout-en-un \u00e0 mon site Webnode sans comp\u00e9tences en codage ?<\/h3>\r\n\r\n\t\t\t\t\t\t<div class=\"faq-item-question-icon\"><\/div>\r\n\t\t\t\t\t<\/div>\r\n\r\n\t\t\t\t\t<div class=\"faq-item-answer\">\r\n\t\t\t\t\t\t<div class=\"faq-item-answer-text\"><p>Elfsight propose une solution SaaS qui vous permet de cr\u00e9er un chat tout-en-un. Widget de chat vous-m\u00eame, voyez \u00e0 quel point le processus est simple\u00a0: travaillez directement dans l&rsquo;\u00e9diteur en ligne pour cr\u00e9er un widget de chat tout-en-un que vous aimeriez voir sur votre site Web Prestashop. Choisissez l&rsquo;un des mod\u00e8les pr\u00e9d\u00e9finis et ajustez les param\u00e8tres du chat tout-en-un, ajoutez votre contenu, modifiez la mise en page et les couleurs sans aucune comp\u00e9tence en codage. Enregistrez le chat tout-en-un et copiez son code d&rsquo;installation, que vous pouvez facilement int\u00e9grer dans votre site Prestashop sans acheter d&rsquo;abonnement payant. Avec notre \u00e9diteur intuitif, tout internaute peut cr\u00e9er un widget de chat tout-en-un en ligne et l&rsquo;int\u00e9grer facilement \u00e0 son site Web Prestashop. Il n&rsquo;est pas n\u00e9cessaire de payer ou de saisir les informations d&rsquo;identification de votre carte pour acc\u00e9der au service. Si vous rencontrez des probl\u00e8mes \u00e0 n&rsquo;importe quelle \u00e9tape, n&rsquo;h\u00e9sitez pas \u00e0 contacter notre \u00e9quipe d&rsquo;assistance technique.<\/p><\/div>\r\n\t\t\t\t\t<\/div>\r\n\t\t\t\t<\/div><\/div><\/div>\n","protected":false},"excerpt":{"rendered":"","protected":false},"author":18,"featured_media":0,"parent":2310,"menu_order":0,"comment_status":"closed","ping_status":"closed","template":"templates\/template-application-platform.php","meta":{"publish_to_discourse":"","publish_post_category":"","wpdc_auto_publish_overridden":"","wpdc_topic_tags":"","wpdc_pin_topic":"","wpdc_pin_until":"","discourse_post_id":"","discourse_permalink":"","wpdc_publishing_response":"","wpdc_publishing_error":"","footnotes":""},"class_list":["post-5743","page","type-page","status-publish","hentry"],"yoast_head":"<!-- This site is optimized with the Yoast SEO plugin v25.3.1 - https:\/\/yoast.com\/wordpress\/plugins\/seo\/ -->\n<title>Chat en direct - ajoutez plugin Chat en live sur Webnode<\/title>\n<meta name=\"description\" content=\"Int\u00e9grez un Chat en direct attractif sur votre site. Utilisez la d\u00e9mo d&#039;Elfsight et g\u00e9n\u00e9rez votre widget en deux minutes.\" \/>\n<meta name=\"robots\" content=\"index, follow, max-snippet:-1, max-image-preview:large, max-video-preview:-1\" \/>\n<link rel=\"canonical\" href=\"https:\/\/elfsight.com\/fr\/all-in-one-chat-widget\/webnode\/\" \/>\n<meta property=\"og:locale\" content=\"fr_FR\" \/>\n<meta property=\"og:type\" content=\"article\" \/>\n<meta property=\"og:title\" content=\"Chat en direct - ajoutez plugin Chat en live sur Webnode\" \/>\n<meta property=\"og:description\" content=\"Int\u00e9grez un Chat en direct attractif sur votre site. Utilisez la d\u00e9mo d&#039;Elfsight et g\u00e9n\u00e9rez votre widget en deux minutes.\" \/>\n<meta property=\"og:url\" content=\"https:\/\/elfsight.com\/fr\/all-in-one-chat-widget\/webnode\/\" \/>\n<meta property=\"og:site_name\" content=\"Elfsight FR\" \/>\n<meta property=\"article:modified_time\" content=\"2024-12-20T08:07:30+00:00\" \/>\n<meta name=\"twitter:card\" content=\"summary_large_image\" \/>\n<meta name=\"twitter:label1\" content=\"Dur\u00e9e de lecture estim\u00e9e\" \/>\n\t<meta name=\"twitter:data1\" content=\"3 minutes\" \/>\n<!-- \/ Yoast SEO plugin. -->","yoast_head_json":{"title":"Chat en direct - ajoutez plugin Chat en live sur Webnode","description":"Int\u00e9grez un Chat en direct attractif sur votre site. Utilisez la d\u00e9mo d'Elfsight et g\u00e9n\u00e9rez votre widget en deux minutes.","robots":{"index":"index","follow":"follow","max-snippet":"max-snippet:-1","max-image-preview":"max-image-preview:large","max-video-preview":"max-video-preview:-1"},"canonical":"https:\/\/elfsight.com\/fr\/all-in-one-chat-widget\/webnode\/","og_locale":"fr_FR","og_type":"article","og_title":"Chat en direct - ajoutez plugin Chat en live sur Webnode","og_description":"Int\u00e9grez un Chat en direct attractif sur votre site. Utilisez la d\u00e9mo d'Elfsight et g\u00e9n\u00e9rez votre widget en deux minutes.","og_url":"https:\/\/elfsight.com\/fr\/all-in-one-chat-widget\/webnode\/","og_site_name":"Elfsight FR","article_modified_time":"2024-12-20T08:07:30+00:00","twitter_card":"summary_large_image","twitter_misc":{"Dur\u00e9e de lecture estim\u00e9e":"3 minutes"},"schema":{"@context":"https:\/\/schema.org","@graph":[{"@type":"WebPage","@id":"https:\/\/elfsight.com\/fr\/all-in-one-chat-widget\/webnode\/","url":"https:\/\/elfsight.com\/fr\/all-in-one-chat-widget\/webnode\/","name":"Chat en direct - ajoutez plugin Chat en live sur Webnode","isPartOf":{"@id":"https:\/\/elfsight.com\/fr\/#website"},"datePublished":"2021-12-03T09:06:58+00:00","dateModified":"2024-12-20T08:07:30+00:00","description":"Int\u00e9grez un Chat en direct attractif sur votre site. Utilisez la d\u00e9mo d'Elfsight et g\u00e9n\u00e9rez votre widget en deux minutes.","breadcrumb":{"@id":"https:\/\/elfsight.com\/fr\/all-in-one-chat-widget\/webnode\/#breadcrumb"},"inLanguage":"fr-FR","potentialAction":[{"@type":"ReadAction","target":["https:\/\/elfsight.com\/fr\/all-in-one-chat-widget\/webnode\/"]}]},{"@type":"BreadcrumbList","@id":"https:\/\/elfsight.com\/fr\/all-in-one-chat-widget\/webnode\/#breadcrumb","itemListElement":[{"@type":"ListItem","position":1,"name":"Home","item":"https:\/\/elfsight.com\/fr\/"},{"@type":"ListItem","position":2,"name":"All-in-One Chat","item":"https:\/\/elfsight.com\/fr\/all-in-one-chat-widget\/"},{"@type":"ListItem","position":3,"name":"All-in-One Chat &#8211; Webnode"}]},{"@type":"WebSite","@id":"https:\/\/elfsight.com\/fr\/#website","url":"https:\/\/elfsight.com\/fr\/","name":"Elfsight FR","description":"","potentialAction":[{"@type":"SearchAction","target":{"@type":"EntryPoint","urlTemplate":"https:\/\/elfsight.com\/fr\/?s={search_term_string}"},"query-input":{"@type":"PropertyValueSpecification","valueRequired":true,"valueName":"search_term_string"}}],"inLanguage":"fr-FR"}]}},"meta_box":{"industry":"","seo_heading":"","heading":"","description":"","cta_heading":"","cta_description":"","application":"2309","h1":"Plugin Chat en direct pour Webnode","h1_caption":"Offrez \u00e0 vos clients la possibilit\u00e9 de vous joindre sur plusieurs plates-formes de messagerie telles que WhatsApp, Facebook, Telegram et bien plus encore, \u00e0 partir d'un widget vers votre site Web Webnode, sans effort.","application_category":[],"applications_title":"","applications_request_title":"","applications_request_button_text":"","hero_text":"","hero_video":"","hero_video_schema_markup":"","selling_points_title":"","selling_points_caption":"","selling_points":[],"selling_points_cta_text":"","features_title":"","features":"","ed_cta_examples_text":"","ed_cta_examples_hidden":"","ed_cta_demo_text":"","ed_cta_demo_hidden":"","why_caption":"","why_editor_title":"","why_editor_text":"","why_team_title":"","why_team_text":"","why_service_title":"","why_service_text":"","template_catalog_visible":"0","template_catalog_title":"","template_catalog_text":"","template_catalog_categories_visible":"","demo_title":"Cr\u00e9ez votre widget de chat tout-en-un","demo_caption":"Configurez votre chat tout-en-un et ajoutez-le gratuitement \u00e0 votre site Webnode !","default_faq_hidden":"","app_template_category":[],"platform":"364","template_public_id":"","codecanyon_url":"","codecanyon_item_id":"","codecanyon_price":"","pricing_caption":"","pricing_elfsight_apps_hide_column":"","pricing_elfsight_apps_url":"","pricing_codecanyon_price_caption":"","integration_category":[],"integration_request_title":"","integration_request_cta":"","integration_platform":"","integrations":[],"platform_category":[],"video_schema_markup":"","price":"\u00c0 partir de $0\/mois","trial":"","benefits":[{"text":"Installation gratuite"},{"text":"Support Premium"},{"text":"Garantie de remboursement de 14 jours"},{"text":"L'am\u00e9lioration continue"}],"button_url":"#demo","button_target_blank":"0","button_nofollow":"0","attributes":[{"name":"Nombre d'installations","content":"1,000 - 5,000","_state":"expanded"},{"name":"Adaptif","content":"Oui","_state":"expanded"},{"name":"Navigateurs compatibles","content":"Firefox, Safari, Opera, Chrome, Edge","_state":"expanded"}],"tags":[],"tags_disable_links":"0","hide_more_platforms":"","video_object":"","demo_hide_cta":"0","demo_hide_cloud_options":"0","pricing_title":"","pricing":[{"pricing_icon":"platform","pricing_title":"Applications d'Elfsight","pricing_title_caption":"Solution num\u00e9rique multiplateforme qui fonctionne sur n'importe quel site","pricing_price":"\u00c0 partir de $0\/mois","pricing_price_caption":"Commencez avec un plan gratuit","pricing_benefits":[{"text":"Sites Web illimit\u00e9s"},{"text":"\u00c9quipe d'assistance professionnelle"},{"text":"Service d'installation gratuit"},{"text":"100% personnalisable"}],"pricing_button_text":"Ajouter au site Web","pricing_button_url":"https:\/\/apps.elfsight.com\/sign-up\/","pricing_button_nofollow":"1","_state":"expanded"}],"related_apps_title":"","related_apps_hidden":"1","author":"","image":[],"title":"","job":"","social_networks":[]},"_links":{"self":[{"href":"https:\/\/elfsight.com\/fr\/wp-json\/wp\/v2\/pages\/5743","targetHints":{"allow":["GET"]}}],"collection":[{"href":"https:\/\/elfsight.com\/fr\/wp-json\/wp\/v2\/pages"}],"about":[{"href":"https:\/\/elfsight.com\/fr\/wp-json\/wp\/v2\/types\/page"}],"author":[{"embeddable":true,"href":"https:\/\/elfsight.com\/fr\/wp-json\/wp\/v2\/users\/18"}],"replies":[{"embeddable":true,"href":"https:\/\/elfsight.com\/fr\/wp-json\/wp\/v2\/comments?post=5743"}],"version-history":[{"count":4,"href":"https:\/\/elfsight.com\/fr\/wp-json\/wp\/v2\/pages\/5743\/revisions"}],"predecessor-version":[{"id":15941,"href":"https:\/\/elfsight.com\/fr\/wp-json\/wp\/v2\/pages\/5743\/revisions\/15941"}],"up":[{"embeddable":true,"href":"https:\/\/elfsight.com\/fr\/wp-json\/wp\/v2\/pages\/2310"}],"wp:attachment":[{"href":"https:\/\/elfsight.com\/fr\/wp-json\/wp\/v2\/media?parent=5743"}],"curies":[{"name":"wp","href":"https:\/\/api.w.org\/{rel}","templated":true}]}}