{"id":5741,"date":"2021-12-03T09:07:02","date_gmt":"2021-12-03T09:07:02","guid":{"rendered":"https:\/\/elfsight.com\/fr\/?page_id=5741"},"modified":"2025-07-09T09:37:37","modified_gmt":"2025-07-09T09:37:37","slug":"webflow","status":"publish","type":"page","link":"https:\/\/elfsight.com\/fr\/all-in-one-chat-widget\/webflow\/","title":{"rendered":"All-in-One Chat &#8211; Webflow"},"content":{"rendered":"<div class=\"application-platform-content-item-description application-platform-content-item\" id=\"description\" data-nav-section=\"description\"> <h2>Int\u00e9grez le chat tout-en-un sur Webflow avec le widget Elfsight<\/h2> <p>Bo\u00eete de chat tout-en-un par Elfsight est l&rsquo;un des outils les plus rapides permettant aux utilisateurs de vous contacter et d&rsquo;obtenir de votre aide. Vous pourrez rester disponible en ligne sans interruption dans tous les chats les plus utilis\u00e9s. Int\u00e9grez le widget sur votre site Web et configurez-le pour qu&rsquo;il apparaisse sur des pages sp\u00e9cifiques ou pour certaines cat\u00e9gories de visiteurs, choisissez les activateurs de lancement de chat, r\u00e9digez votre texte de bienvenue, s\u00e9lectionnez des ic\u00f4nes et bien plus encore. Une fois le widget op\u00e9rationnel, vous serez connect\u00e9 pour les gens \u00e0 tout moment et de n&rsquo;importe o\u00f9. <\/p> <p><b>Obtenez plus de prospects gr\u00e2ce au contact direct<\/b><\/p> <\/div> <div class=\"application-platform-content-item-features application-platform-content-item\" id=\"features\" data-nav-section=\"features\"> <h2>D\u00e9couvrez la liste des meilleures fonctionnalit\u00e9s\u00a0: <\/h2> <ul><li>Int\u00e9grez la messagerie tout-en-un Live Chat sur votre site Web pour discuter avec les utilisateurs. <\/li><li>3 types de position de discussion\u00a0: bulle flottante, bulle int\u00e9gr\u00e9e et fen\u00eatre de discussion int\u00e9gr\u00e9e. <\/li><li>Une biblioth\u00e8que d&rsquo;ic\u00f4nes de bulles \u00e0 choisir. <\/li><li>Titre de discussion mall\u00e9able avec image de page, nom et l\u00e9gende<\/li><li>D\u00e9finition de l&rsquo;image de la page par d\u00e9faut, \u00e0 partir de notre biblioth\u00e8que ou en t\u00e9l\u00e9chargeant une image personnalis\u00e9e. <\/li><\/ul><div class=\"faq\" data-component=\"FAQ\"><div class=\"faq-item\">\r\n\t\t\t\t\t<div class=\"faq-item-question\">\r\n\t\t\t\t\t\t<h3 class=\"faq-item-question-text\">Comment ajouter la bo\u00eete de discussion tout-en-un \u00e0 une page Webflow ?<\/h3>\r\n\r\n\t\t\t\t\t\t<div class=\"faq-item-question-icon\"><\/div>\r\n\t\t\t\t\t<\/div>\r\n\r\n\t\t\t\t\t<div class=\"faq-item-answer\">\r\n\t\t\t\t\t\t<div class=\"faq-item-answer-text\"><p>L&rsquo;ajout de la bo\u00eete de discussion au site Web prendra environ 90 secondes. De plus, vous n\u2019avez besoin d\u2019aucune connaissance en programmation Web. <\/p><ol><li>Personnalisez le widget Webflow Chat dans le configurateur en direct gratuit. <\/li> <li>Cliquez sur le code pour le copier. <\/li> <li>Ajoutez le code \u00e0 l&rsquo;endroit requis dans le mod\u00e8le de site Web. <\/li> <li>C&rsquo;est tout\u00a0! Le widget de chat est d\u00e9sormais en ligne sur Webflow\u00a0!<\/li><\/ol><p>Vous rencontrez des probl\u00e8mes pour int\u00e9grer le widget de chat sur Webflow ou pour le configurer\u00a0? Vous d\u00e9couvrirez peut-\u00eatre le guide complet sur cette page. <\/p><p><a href=\"#demo\">Essayez simplement cette d\u00e9mo pour voir comment elle fonctionne<\/a><\/p> <\/div>\r\n\t\t\t\t\t<\/div>\r\n\t\t\t\t<\/div><div class=\"faq-item\">\r\n\t\t\t\t\t<div class=\"faq-item-question\">\r\n\t\t\t\t\t\t<h3 class=\"faq-item-question-text\">Puis-je voir \u00e0 quoi ressemblera le widget sur mon site ?<\/h3>\r\n\r\n\t\t\t\t\t\t<div class=\"faq-item-question-icon\"><\/div>\r\n\t\t\t\t\t<\/div>\r\n\r\n\t\t\t\t\t<div class=\"faq-item-answer\">\r\n\t\t\t\t\t\t<div class=\"faq-item-answer-text\"><p>Absolument\u00a0! Lors de la cr\u00e9ation du widget de discussion Webflow dans le <a href=\"https:\/\/elfsight.com\/all-in-one-chat-widget\/#demo\">constructeur en ligne gratuit<\/a>, vous prendrez en compte toutes les r\u00e9visions sur la droite. Votre bo\u00eete de discussion ressemblera exactement \u00e0 ce que vous ajouterez \u00e0 votre site Web Webflow. <\/p><\/div>\r\n\t\t\t\t\t<\/div>\r\n\t\t\t\t<\/div><div class=\"faq-item\">\r\n\t\t\t\t\t<div class=\"faq-item-question\">\r\n\t\t\t\t\t\t<h3 class=\"faq-item-question-text\">Quels autres widgets sont essentiels pour un site Webflow ?<\/h3>\r\n\r\n\t\t\t\t\t\t<div class=\"faq-item-question-icon\"><\/div>\r\n\t\t\t\t\t<\/div>\r\n\r\n\t\t\t\t\t<div class=\"faq-item-answer\">\r\n\t\t\t\t\t\t<div class=\"faq-item-answer-text\"><p>Webflow est une plateforme promouvant les id\u00e9es de la philosophie du no-coding. Avec l&rsquo;aide de ce cr\u00e9ateur de site Web, vous pouvez cr\u00e9er un site pour presque tous les cas : d&rsquo;un portfolio \u00e0 une petite boutique de commerce \u00e9lectronique. <\/p><p>Elfsight vous aidera \u00e0 am\u00e9liorer les fonctionnalit\u00e9s de votre site Web Webflow avec les outils suivants\u00a0: <a href=\"https:\/\/elfsight.com\/online-form-builder\/webflow\/\">Form Builder<\/a>, <a href=\"https:\/\/elfsight.com\/cookie-consent-widget\/webflow\/\">Banni\u00e8re de consentement aux cookies<\/a>, <a href=\"https:\/\/elfsight.com\/popup- widget\/webflow\/\">Widget contextuel<\/a>, <a href=\"https:\/\/elfsight.com\/instagram-feed-instashow\/webflow\/\">Flux Instagram<\/a> et <a href=\"https:\/\/elfsight.com\/slider-widget\/webflow\/\">Curseur<\/a>. Choisissez simplement celui que vous aimez et commencez \u00e0 en tirer profit imm\u00e9diatement\u00a0!<\/p><\/div>\r\n\t\t\t\t\t<\/div>\r\n\t\t\t\t<\/div><\/div><\/div> <div class=\"application-platform-content-item-installation application-platform-content-item\" id=\"installation\" data-nav-section=\"installation\"> <h2>Comment ajouter un widget de chat en direct \u00e0 mon site Web Webflow\u00a0?<\/h2><div class=\"video-container\"><iframe width=\"720\" height=\"405\" src=\"https:\/\/www.youtube.com\/embed\/ScRcsa8EdGI\" frameborder=\"0\" allowfullscreen=\"\"><\/iframe><\/div><p>Appliquez simplement les instructions ci-dessous pour commencer \u00e0 utiliser l&rsquo;outil.<\/p> <ol><li><b>En lan\u00e7ant notre d\u00e9mo gratuite, commencez \u00e0 fa\u00e7onner votre widget personnalis\u00e9. <\/b><br> Sp\u00e9cifiez la disposition s\u00e9lectionn\u00e9e et les caract\u00e9ristiques fonctionnelles du plugin et appliquez les modifications. <\/li> <li><b>Recevez le code unique r\u00e9v\u00e9l\u00e9 dans la veuve sur Elfsight Apps. <\/b><br> Une fois la g\u00e9n\u00e9ration de votre plugin personnel termin\u00e9e, copiez le code personnel dans la popup qui appara\u00eet et conservez-le pour une occasion ult\u00e9rieure. <\/li> <li><b>Entrez sur l&rsquo;utilisation du widget sur la page Web Webflow. <\/b><br> Collez le code copi\u00e9 r\u00e9cemment dans votre page et appliquez les ajustements. <\/li> <li><b>La configuration a \u00e9t\u00e9 effectu\u00e9e avec succ\u00e8s.<\/b><br> Visitez votre page Web pour v\u00e9rifier le fonctionnement de la bo\u00eete de discussion en ligne.<\/li><\/ol> <p>\u00c0 condition de Face \u00e0 des demandes de renseignements ou \u00e0 des obstacles, n&rsquo;h\u00e9sitez pas \u00e0 contacter notre \u00e9quipe de service client. Nos collaborateurs seront ravis de vous aider avec toutes les difficult\u00e9s que vous pourriez rencontrer avec l&rsquo;outil. <\/p> <\/div>","protected":false},"excerpt":{"rendered":"","protected":false},"author":18,"featured_media":0,"parent":2310,"menu_order":0,"comment_status":"closed","ping_status":"closed","template":"templates\/template-application-platform.php","meta":{"publish_to_discourse":"","publish_post_category":"","wpdc_auto_publish_overridden":"","wpdc_topic_tags":"","wpdc_pin_topic":"","wpdc_pin_until":"","discourse_post_id":"","discourse_permalink":"","wpdc_publishing_response":"","wpdc_publishing_error":"","footnotes":""},"class_list":["post-5741","page","type-page","status-publish","hentry"],"yoast_head":"<!-- This site is optimized with the Yoast SEO plugin v25.3.1 - https:\/\/yoast.com\/wordpress\/plugins\/seo\/ -->\n<title>Chat en direct - ajoutez widget Chat en live sur Webflow<\/title>\n<meta name=\"description\" content=\"Int\u00e9grez un Chat en direct avantageux sur votre site. Utilisez la d\u00e9mo d&#039;Elfsight et g\u00e9n\u00e9rez votre widget en quelques minutes.\" \/>\n<meta name=\"robots\" content=\"index, follow, max-snippet:-1, max-image-preview:large, max-video-preview:-1\" \/>\n<link rel=\"canonical\" href=\"https:\/\/elfsight.com\/fr\/all-in-one-chat-widget\/webflow\/\" \/>\n<meta property=\"og:locale\" content=\"fr_FR\" \/>\n<meta property=\"og:type\" content=\"article\" \/>\n<meta property=\"og:title\" content=\"Chat en direct - ajoutez widget Chat en live sur Webflow\" \/>\n<meta property=\"og:description\" content=\"Int\u00e9grez un Chat en direct avantageux sur votre site. Utilisez la d\u00e9mo d&#039;Elfsight et g\u00e9n\u00e9rez votre widget en quelques minutes.\" \/>\n<meta property=\"og:url\" content=\"https:\/\/elfsight.com\/fr\/all-in-one-chat-widget\/webflow\/\" \/>\n<meta property=\"og:site_name\" content=\"Elfsight FR\" \/>\n<meta property=\"article:modified_time\" content=\"2025-07-09T09:37:37+00:00\" \/>\n<meta name=\"twitter:card\" content=\"summary_large_image\" \/>\n<meta name=\"twitter:label1\" content=\"Dur\u00e9e de lecture estim\u00e9e\" \/>\n\t<meta name=\"twitter:data1\" content=\"1 minute\" \/>\n<!-- \/ Yoast SEO plugin. -->","yoast_head_json":{"title":"Chat en direct - ajoutez widget Chat en live sur Webflow","description":"Int\u00e9grez un Chat en direct avantageux sur votre site. Utilisez la d\u00e9mo d'Elfsight et g\u00e9n\u00e9rez votre widget en quelques minutes.","robots":{"index":"index","follow":"follow","max-snippet":"max-snippet:-1","max-image-preview":"max-image-preview:large","max-video-preview":"max-video-preview:-1"},"canonical":"https:\/\/elfsight.com\/fr\/all-in-one-chat-widget\/webflow\/","og_locale":"fr_FR","og_type":"article","og_title":"Chat en direct - ajoutez widget Chat en live sur Webflow","og_description":"Int\u00e9grez un Chat en direct avantageux sur votre site. Utilisez la d\u00e9mo d'Elfsight et g\u00e9n\u00e9rez votre widget en quelques minutes.","og_url":"https:\/\/elfsight.com\/fr\/all-in-one-chat-widget\/webflow\/","og_site_name":"Elfsight FR","article_modified_time":"2025-07-09T09:37:37+00:00","twitter_card":"summary_large_image","twitter_misc":{"Dur\u00e9e de lecture estim\u00e9e":"1 minute"},"schema":{"@context":"https:\/\/schema.org","@graph":[{"@type":"WebPage","@id":"https:\/\/elfsight.com\/fr\/all-in-one-chat-widget\/webflow\/","url":"https:\/\/elfsight.com\/fr\/all-in-one-chat-widget\/webflow\/","name":"Chat en direct - ajoutez widget Chat en live sur Webflow","isPartOf":{"@id":"https:\/\/elfsight.com\/fr\/#website"},"datePublished":"2021-12-03T09:07:02+00:00","dateModified":"2025-07-09T09:37:37+00:00","description":"Int\u00e9grez un Chat en direct avantageux sur votre site. Utilisez la d\u00e9mo d'Elfsight et g\u00e9n\u00e9rez votre widget en quelques minutes.","breadcrumb":{"@id":"https:\/\/elfsight.com\/fr\/all-in-one-chat-widget\/webflow\/#breadcrumb"},"inLanguage":"fr-FR","potentialAction":[{"@type":"ReadAction","target":["https:\/\/elfsight.com\/fr\/all-in-one-chat-widget\/webflow\/"]}]},{"@type":"BreadcrumbList","@id":"https:\/\/elfsight.com\/fr\/all-in-one-chat-widget\/webflow\/#breadcrumb","itemListElement":[{"@type":"ListItem","position":1,"name":"Home","item":"https:\/\/elfsight.com\/fr\/"},{"@type":"ListItem","position":2,"name":"All-in-One Chat","item":"https:\/\/elfsight.com\/fr\/all-in-one-chat-widget\/"},{"@type":"ListItem","position":3,"name":"All-in-One Chat &#8211; Webflow"}]},{"@type":"WebSite","@id":"https:\/\/elfsight.com\/fr\/#website","url":"https:\/\/elfsight.com\/fr\/","name":"Elfsight FR","description":"","potentialAction":[{"@type":"SearchAction","target":{"@type":"EntryPoint","urlTemplate":"https:\/\/elfsight.com\/fr\/?s={search_term_string}"},"query-input":{"@type":"PropertyValueSpecification","valueRequired":true,"valueName":"search_term_string"}}],"inLanguage":"fr-FR"}]}},"meta_box":{"industry":"","seo_heading":"","heading":"","description":"","cta_heading":"","cta_description":"","application":"2309","h1":"Widget Chat en direct pour Webflow","h1_caption":"Offrez \u00e0 vos clients la possibilit\u00e9 de vous joindre sur plusieurs plates-formes de messagerie telles que WhatsApp, Facebook, Telegram et bien plus encore, \u00e0 partir d'un widget vers votre site Web Webflow, sans effort.","application_category":[],"applications_title":"","applications_request_title":"","applications_request_button_text":"","hero_text":"","hero_video":"","hero_video_schema_markup":"","selling_points_title":"","selling_points_caption":"","selling_points":[],"selling_points_cta_text":"","features_title":"","features":"","ed_cta_examples_text":"","ed_cta_examples_hidden":"","ed_cta_demo_text":"","ed_cta_demo_hidden":"","why_caption":"","why_editor_title":"","why_editor_text":"","why_team_title":"","why_team_text":"","why_service_title":"","why_service_text":"","template_catalog_visible":"","template_catalog_title":"","template_catalog_text":"","template_catalog_categories_visible":"","demo_title":"Cr\u00e9ez votre widget de chat tout-en-un","demo_caption":"Configurez votre chat tout-en-un et ajoutez-le gratuitement \u00e0 votre site Web Webflow\u00a0!","default_faq_hidden":"","app_template_category":[],"platform":"362","template_public_id":"","codecanyon_url":"","codecanyon_item_id":"","codecanyon_price":"","pricing_caption":"","pricing_elfsight_apps_hide_column":"","pricing_elfsight_apps_url":"","pricing_codecanyon_price_caption":"","integration_category":[],"integration_request_title":"","integration_request_cta":"","integration_platform":"","integrations":[],"platform_category":[],"video_schema_markup":"","price":"\u00c0 partir de $0\/mois","trial":"","benefits":[{"text":"Installation gratuite"},{"text":"Support Premium"},{"text":"Garantie de remboursement de 14 jours"},{"text":"L'am\u00e9lioration continue"}],"button_url":"#demo","button_target_blank":"0","button_nofollow":"0","attributes":[{"name":"Nombre d'installations","content":"1,000 - 5,000","_state":"expanded"},{"name":"Adaptif","content":"Oui","_state":"expanded"},{"name":"Navigateurs compatibles","content":"Firefox, Safari, Opera, Chrome, Edge","_state":"expanded"}],"tags":[],"tags_disable_links":"0","hide_more_platforms":"","video_object":"","demo_hide_cta":"0","demo_hide_cloud_options":"0","pricing_title":"","pricing":[{"pricing_icon":"platform","pricing_title":"Applications d'Elfsight","pricing_title_caption":"Solution num\u00e9rique multiplateforme qui fonctionne sur n'importe quel site","pricing_price":"\u00c0 partir de $0\/mois","pricing_price_caption":"Commencez avec un plan gratuit","pricing_benefits":[{"text":"Sites Web illimit\u00e9s"},{"text":"\u00c9quipe d'assistance professionnelle"},{"text":"Service d'installation gratuit"},{"text":"100% personnalisable"}],"pricing_button_text":"Ajouter au site Web","pricing_button_url":"https:\/\/apps.elfsight.com\/sign-up\/","pricing_button_nofollow":"1","_state":"expanded"}],"related_apps_title":"","related_apps_hidden":"1","author":"","image":[],"title":"","job":"","social_networks":[]},"_links":{"self":[{"href":"https:\/\/elfsight.com\/fr\/wp-json\/wp\/v2\/pages\/5741","targetHints":{"allow":["GET"]}}],"collection":[{"href":"https:\/\/elfsight.com\/fr\/wp-json\/wp\/v2\/pages"}],"about":[{"href":"https:\/\/elfsight.com\/fr\/wp-json\/wp\/v2\/types\/page"}],"author":[{"embeddable":true,"href":"https:\/\/elfsight.com\/fr\/wp-json\/wp\/v2\/users\/18"}],"replies":[{"embeddable":true,"href":"https:\/\/elfsight.com\/fr\/wp-json\/wp\/v2\/comments?post=5741"}],"version-history":[{"count":3,"href":"https:\/\/elfsight.com\/fr\/wp-json\/wp\/v2\/pages\/5741\/revisions"}],"predecessor-version":[{"id":13997,"href":"https:\/\/elfsight.com\/fr\/wp-json\/wp\/v2\/pages\/5741\/revisions\/13997"}],"up":[{"embeddable":true,"href":"https:\/\/elfsight.com\/fr\/wp-json\/wp\/v2\/pages\/2310"}],"wp:attachment":[{"href":"https:\/\/elfsight.com\/fr\/wp-json\/wp\/v2\/media?parent=5741"}],"curies":[{"name":"wp","href":"https:\/\/api.w.org\/{rel}","templated":true}]}}