{"id":5739,"date":"2021-12-03T09:07:07","date_gmt":"2021-12-03T09:07:07","guid":{"rendered":"https:\/\/elfsight.com\/fr\/?page_id=5739"},"modified":"2024-11-08T14:40:34","modified_gmt":"2024-11-08T14:40:34","slug":"squarespace","status":"publish","type":"page","link":"https:\/\/elfsight.com\/fr\/all-in-one-chat-widget\/squarespace\/","title":{"rendered":"All-in-One Chat &#8211; Squarespace"},"content":{"rendered":"<div class=\"application-platform-content-item-description application-platform-content-item\" id=\"description\" data-nav-section=\"description\"> <h2>Int\u00e9grer le chat tout-en-un sur Squarespace avec le widget Elfsight<\/h2> <p>Le widget de chat tout-en-un Elfsight est l&rsquo;une des possibilit\u00e9s les plus rapides pour que les gens vous contactent et obtiennent des r\u00e9ponses \u00e0 leurs questions. Restez disponible en ligne dans tous les chats les plus utilis\u00e9s. Int\u00e9grez le plugin sur votre site Web et il peut appara\u00eetre sur des pages s\u00e9lectionn\u00e9es ou pour des cat\u00e9gories d&rsquo;audience distinctes, choisissez des d\u00e9marreurs de discussion, composez votre texte de bienvenue, s\u00e9lectionnez des ic\u00f4nes et d&rsquo;autres fonctionnalit\u00e9s. Une fois le plugin actif, vous serez joignable par les visiteurs \u00e0 tout moment et en tout lieu. <\/p> <p><b>Augmentez le nombre de leads via des contacts individuels<\/b><\/p> <\/div> <div class=\"application-platform-content-item-features application-platform-content-item\" id=\"features\" data-nav-section=\"features\"> <h2>Voici les fonctionnalit\u00e9s essentielles du widget\u00a0: <\/h2> <ul><li>Ajoutez une messagerie tout-en-un sur votre site Web pour discuter avec les utilisateurs. <\/li><li>Trois variantes de position de discussion\u00a0: bulle flottante, bulle int\u00e9gr\u00e9e et fen\u00eatre de discussion int\u00e9gr\u00e9e. <\/li><li>Une biblioth\u00e8que d&rsquo;ic\u00f4nes de bulles \u00e0 choisir. <\/li><li>Titre de discussion flexible avec logo, nom et l\u00e9gende de la page<\/li><li>Choisir l&rsquo;image de la page par d\u00e9faut, \u00e0 partir de notre biblioth\u00e8que ou t\u00e9l\u00e9charger votre propre image. <\/li><\/ul><p><a href=\"#demo\">Essayez simplement cette d\u00e9mo pour voir ce que vaut le widget<\/a><\/p> <div class=\"faq\" data-component=\"FAQ\"><div class=\"faq-item\">\r\n\t\t\t\t\t<div class=\"faq-item-question\">\r\n\t\t\t\t\t\t<h3 class=\"faq-item-question-text\">Comment ajouter la bo\u00eete de discussion tout-en-un \u00e0 une page Squarespace ?<\/h3>\r\n\r\n\t\t\t\t\t\t<div class=\"faq-item-question-icon\"><\/div>\r\n\t\t\t\t\t<\/div>\r\n\r\n\t\t\t\t\t<div class=\"faq-item-answer\">\r\n\t\t\t\t\t\t<div class=\"faq-item-answer-text\"><p>L&rsquo;ajout au site Web ne prend que quelques secondes. De plus, vous n\u2019avez besoin d\u2019aucune comp\u00e9tence en codage. <\/p><ol><li>Personnalisez le widget Squarespace dans le configurateur en direct gratuit. <\/li> <li>Copiez votre code d&rsquo;installation. <\/li> <li>Collez le code \u00e0 l&rsquo;endroit n\u00e9cessaire dans le backend du site. <\/li> <li>Travail fantastique\u00a0! L&rsquo;installation du plugin de chat sur Squarespace est termin\u00e9e ! <\/li><\/ol><p>Vous rencontrez des probl\u00e8mes pour ins\u00e9rer le plugin dans Squarespace ou pour formater le chat tout-en-un\u00a0? Vous trouverez peut-\u00eatre le guide d\u00e9taill\u00e9 <a href=\"https:\/\/elfsight.com\/tutorials\/how-to-add-live-chat-to-website\/#how-to-add-live-chat-to-squarespace\">sur cette page<\/a>. <\/p><\/div>\r\n\t\t\t\t\t<\/div>\r\n\t\t\t\t<\/div><div class=\"faq-item\">\r\n\t\t\t\t\t<div class=\"faq-item-question\">\r\n\t\t\t\t\t\t<h3 class=\"faq-item-question-text\">Y a-t-il une chance de voir \u00e0 quoi ressemblera le widget sur un site Web ?<\/h3>\r\n\r\n\t\t\t\t\t\t<div class=\"faq-item-question-icon\"><\/div>\r\n\t\t\t\t\t<\/div>\r\n\r\n\t\t\t\t\t<div class=\"faq-item-answer\">\r\n\t\t\t\t\t\t<div class=\"faq-item-answer-text\"><p>Certainement\u00a0! Lors du processus de cr\u00e9ation du plug-in de chat Squarespace dans l&rsquo;<a href=\"https:\/\/elfsight.com\/all-in-one-chat-widget\/#demo\">\u00e9diteur en direct<\/a>, vous verrez tous les changements dans la partie droite de celui-ci. La bo\u00eete de discussion sera identique \u00e0 celle que vous aurez sur un site Squarespace. <\/p><\/div>\r\n\t\t\t\t\t<\/div>\r\n\t\t\t\t<\/div><div class=\"faq-item\">\r\n\t\t\t\t\t<div class=\"faq-item-question\">\r\n\t\t\t\t\t\t<h3 class=\"faq-item-question-text\">Quels autres widgets sont essentiels pour un site Web Squarespace ?<\/h3>\r\n\r\n\t\t\t\t\t\t<div class=\"faq-item-question-icon\"><\/div>\r\n\t\t\t\t\t<\/div>\r\n\r\n\t\t\t\t\t<div class=\"faq-item-answer\">\r\n\t\t\t\t\t\t<div class=\"faq-item-answer-text\"><p>Squarespace est une plateforme \u00e9tonnante pour cr\u00e9er presque tout type de site Web\u00a0: du blog au portfolio. Les sites de commerce \u00e9lectronique sont tr\u00e8s populaires parmi les utilisateurs de Squarespace, et vous pouvez trouver de nombreux outils pour votre boutique en ligne propos\u00e9s par Elfsight.<\/p><p>Par exemple, les avis Google renforceront la confiance envers votre marque, le bouton de discussion WhatsApp am\u00e9liorera la confiance dans votre marque. acc\u00e9l\u00e9rez la communication avec vos utilisateurs. Le <a href=\"https:\/\/elfsight.com\/countdown-timer-widget\/squarespace\/\">Le compte \u00e0 rebours<\/a> augmentera l&rsquo;int\u00e9r\u00eat pour une vente incroyable, <a href=\"https:\/\/elfsight.com\/ event-calendar-widget\/squarespace\/\">Le widget Calendrier<\/a> enregistrera vos magnifiques \u00e9v\u00e9nements et, enfin, <a href=\"https:\/\/elfsight.com\/qr-code-widget\/squarespace\/\">QR Le code<\/a> m\u00e8nera \u00e0 n&rsquo;importe quelle page contenant des informations d\u00e9taill\u00e9es.<\/p><\/div>\r\n\t\t\t\t\t<\/div>\r\n\t\t\t\t<\/div><\/div><\/div> <div class=\"application-platform-content-item-installation application-platform-content-item\" id=\"installation\" data-nav-section=\"installation\"> <h2>Comment int\u00e9grer le plugin Live Chat sur mon Un site Squarespace ? <\/h2> <div class=\"video-container\"><iframe width=\"720\" height=\"405\" src=\"https:\/\/www.youtube.com\/embed\/zBgvDOtNfSg\" frameborder=\"0\" allowfullscreen=\"\"><\/iframe><\/div><p>Suivez simplement les instructions ci-dessous pour int\u00e9grer le widget.<\/p> <ol><li><b>En lan\u00e7ant notre configurateur gratuit, commencez \u00e0 cr\u00e9er votre widget personnalis\u00e9.<\/b><br> Recherchez l&rsquo;apparence personnalis\u00e9e et les caract\u00e9ristiques du widget et enregistrez les modifications.<\/li> <li><b>Obtenez votre code unique qui appara\u00eet dans la bo\u00eete sur les applications Elfsight.<\/b><br> Droite une fois la configuration de votre outil personnel termin\u00e9e, copiez le code individuel dans la case qui appara\u00eet et conservez-le pour une occasion ult\u00e9rieure.<\/li> <li><b>Commencez \u00e0 utiliser l&rsquo;outil sur votre page Web Squarespace.<\/b><br> Ajoutez le code enregistr\u00e9 r\u00e9cemment sur votre site Web et appliquez les ajustements.<\/li> <li><b>Vous avez termin\u00e9\u00a0! L&rsquo;int\u00e9gration est enti\u00e8rement effectu\u00e9e.<\/b><br> Acc\u00e9dez \u00e0 votre site Web pour v\u00e9rifier les performances de la bo\u00eete de discussion en ligne.<\/li><\/ol> <p>\u00c0 condition de traiter des demandes de renseignements ou de rencontrer des difficult\u00e9s, ne n&rsquo;ayez pas peur d&rsquo;\u00e9crire \u00e0 notre service client. Nos collaborateurs seront ravis de r\u00e9soudre toutes les difficult\u00e9s que vous pourriez rencontrer avec le widget.<\/p> <\/div>","protected":false},"excerpt":{"rendered":"","protected":false},"author":18,"featured_media":0,"parent":2310,"menu_order":0,"comment_status":"closed","ping_status":"closed","template":"templates\/template-application-platform.php","meta":{"publish_to_discourse":"","publish_post_category":"","wpdc_auto_publish_overridden":"","wpdc_topic_tags":"","wpdc_pin_topic":"","wpdc_pin_until":"","discourse_post_id":"","discourse_permalink":"","wpdc_publishing_response":"","wpdc_publishing_error":"","footnotes":""},"class_list":["post-5739","page","type-page","status-publish","hentry"],"yoast_head":"<!-- This site is optimized with the Yoast SEO plugin v25.3.1 - https:\/\/yoast.com\/wordpress\/plugins\/seo\/ -->\n<title>Chat en direct - ajoutez plugin Chat en live sur Squarespace<\/title>\n<meta name=\"description\" content=\"Int\u00e9grez un Chat en direct attractif sur votre site. Appliquez la d\u00e9mo d&#039;Elfsight et g\u00e9n\u00e9rez votre widget en 2 minutes.\" \/>\n<meta name=\"robots\" content=\"index, follow, max-snippet:-1, max-image-preview:large, max-video-preview:-1\" \/>\n<link rel=\"canonical\" href=\"https:\/\/elfsight.com\/fr\/all-in-one-chat-widget\/squarespace\/\" \/>\n<meta property=\"og:locale\" content=\"fr_FR\" \/>\n<meta property=\"og:type\" content=\"article\" \/>\n<meta property=\"og:title\" content=\"Chat en direct - ajoutez plugin Chat en live sur Squarespace\" \/>\n<meta property=\"og:description\" content=\"Int\u00e9grez un Chat en direct attractif sur votre site. Appliquez la d\u00e9mo d&#039;Elfsight et g\u00e9n\u00e9rez votre widget en 2 minutes.\" \/>\n<meta property=\"og:url\" content=\"https:\/\/elfsight.com\/fr\/all-in-one-chat-widget\/squarespace\/\" \/>\n<meta property=\"og:site_name\" content=\"Elfsight FR\" \/>\n<meta property=\"article:modified_time\" content=\"2024-11-08T14:40:34+00:00\" \/>\n<meta name=\"twitter:card\" content=\"summary_large_image\" \/>\n<meta name=\"twitter:label1\" content=\"Dur\u00e9e de lecture estim\u00e9e\" \/>\n\t<meta name=\"twitter:data1\" content=\"1 minute\" \/>\n<!-- \/ Yoast SEO plugin. -->","yoast_head_json":{"title":"Chat en direct - ajoutez plugin Chat en live sur Squarespace","description":"Int\u00e9grez un Chat en direct attractif sur votre site. Appliquez la d\u00e9mo d'Elfsight et g\u00e9n\u00e9rez votre widget en 2 minutes.","robots":{"index":"index","follow":"follow","max-snippet":"max-snippet:-1","max-image-preview":"max-image-preview:large","max-video-preview":"max-video-preview:-1"},"canonical":"https:\/\/elfsight.com\/fr\/all-in-one-chat-widget\/squarespace\/","og_locale":"fr_FR","og_type":"article","og_title":"Chat en direct - ajoutez plugin Chat en live sur Squarespace","og_description":"Int\u00e9grez un Chat en direct attractif sur votre site. Appliquez la d\u00e9mo d'Elfsight et g\u00e9n\u00e9rez votre widget en 2 minutes.","og_url":"https:\/\/elfsight.com\/fr\/all-in-one-chat-widget\/squarespace\/","og_site_name":"Elfsight FR","article_modified_time":"2024-11-08T14:40:34+00:00","twitter_card":"summary_large_image","twitter_misc":{"Dur\u00e9e de lecture estim\u00e9e":"1 minute"},"schema":{"@context":"https:\/\/schema.org","@graph":[{"@type":"WebPage","@id":"https:\/\/elfsight.com\/fr\/all-in-one-chat-widget\/squarespace\/","url":"https:\/\/elfsight.com\/fr\/all-in-one-chat-widget\/squarespace\/","name":"Chat en direct - ajoutez plugin Chat en live sur Squarespace","isPartOf":{"@id":"https:\/\/elfsight.com\/fr\/#website"},"datePublished":"2021-12-03T09:07:07+00:00","dateModified":"2024-11-08T14:40:34+00:00","description":"Int\u00e9grez un Chat en direct attractif sur votre site. Appliquez la d\u00e9mo d'Elfsight et g\u00e9n\u00e9rez votre widget en 2 minutes.","breadcrumb":{"@id":"https:\/\/elfsight.com\/fr\/all-in-one-chat-widget\/squarespace\/#breadcrumb"},"inLanguage":"fr-FR","potentialAction":[{"@type":"ReadAction","target":["https:\/\/elfsight.com\/fr\/all-in-one-chat-widget\/squarespace\/"]}]},{"@type":"BreadcrumbList","@id":"https:\/\/elfsight.com\/fr\/all-in-one-chat-widget\/squarespace\/#breadcrumb","itemListElement":[{"@type":"ListItem","position":1,"name":"Home","item":"https:\/\/elfsight.com\/fr\/"},{"@type":"ListItem","position":2,"name":"All-in-One Chat","item":"https:\/\/elfsight.com\/fr\/all-in-one-chat-widget\/"},{"@type":"ListItem","position":3,"name":"All-in-One Chat &#8211; Squarespace"}]},{"@type":"WebSite","@id":"https:\/\/elfsight.com\/fr\/#website","url":"https:\/\/elfsight.com\/fr\/","name":"Elfsight FR","description":"","potentialAction":[{"@type":"SearchAction","target":{"@type":"EntryPoint","urlTemplate":"https:\/\/elfsight.com\/fr\/?s={search_term_string}"},"query-input":{"@type":"PropertyValueSpecification","valueRequired":true,"valueName":"search_term_string"}}],"inLanguage":"fr-FR"}]}},"meta_box":{"industry":"","seo_heading":"","heading":"","description":"","cta_heading":"","cta_description":"","application":"2309","h1":"Plugin Chat en direct pour Squarespace","h1_caption":"Offrez \u00e0 vos clients la possibilit\u00e9 de vous joindre sur plusieurs plates-formes de messagerie telles que WhatsApp, Facebook, Telegram et bien plus encore, \u00e0 partir d'un seul plugin sur votre site Web Squarespace, sans effort.","application_category":[],"applications_title":"","applications_request_title":"","applications_request_button_text":"","hero_text":"","hero_video":"","hero_video_schema_markup":"","selling_points_title":"","selling_points_caption":"","selling_points":[],"selling_points_cta_text":"","features_title":"","features":"","ed_cta_examples_text":"","ed_cta_examples_hidden":"","ed_cta_demo_text":"","ed_cta_demo_hidden":"","why_caption":"","why_editor_title":"","why_editor_text":"","why_team_title":"","why_team_text":"","why_service_title":"","why_service_text":"","template_catalog_visible":"","template_catalog_title":"","template_catalog_text":"","template_catalog_categories_visible":"","demo_title":"Cr\u00e9ez votre plugin de chat tout-en-un","demo_caption":"Configurez votre chat tout-en-un et ajoutez-le gratuitement \u00e0 votre site Web Squarespace\u00a0!","default_faq_hidden":"","app_template_category":[],"platform":"361","template_public_id":"","codecanyon_url":"","codecanyon_item_id":"","codecanyon_price":"","pricing_caption":"","pricing_elfsight_apps_hide_column":"","pricing_elfsight_apps_url":"","pricing_codecanyon_price_caption":"","integration_category":[],"integration_request_title":"","integration_request_cta":"","integration_platform":"","integrations":[],"platform_category":[],"video_schema_markup":"","price":"\u00c0 partir de $0\/mois","trial":"","benefits":[{"text":"Installation gratuite"},{"text":"Support Premium"},{"text":"Garantie de remboursement de 14 jours"},{"text":"L'am\u00e9lioration continue"}],"button_url":"#demo","button_target_blank":"0","button_nofollow":"0","attributes":[{"name":"Nombre d'installations","content":"1,000 - 5,000","_state":"expanded"},{"name":"Adaptif","content":"Oui","_state":"expanded"},{"name":"Navigateurs compatibles","content":"Firefox, Safari, Opera, Chrome, Edge","_state":"expanded"}],"tags":[],"tags_disable_links":"0","hide_more_platforms":"","video_object":"","demo_hide_cta":"0","demo_hide_cloud_options":"0","pricing_title":"","pricing":[{"pricing_icon":"platform","pricing_title":"Applications d'Elfsight","pricing_title_caption":"Solution num\u00e9rique multiplateforme qui fonctionne sur n'importe quel site","pricing_price":"\u00c0 partir de $0\/mois","pricing_price_caption":"Commencez avec un plan gratuit","pricing_benefits":[{"text":"Sites Web illimit\u00e9s"},{"text":"\u00c9quipe d'assistance professionnelle"},{"text":"Service d'installation gratuit"},{"text":"100% personnalisable"}],"pricing_button_text":"Ajouter au site Web","pricing_button_url":"https:\/\/apps.elfsight.com\/sign-up\/","pricing_button_nofollow":"1","_state":"expanded"}],"related_apps_title":"","related_apps_hidden":"1","author":"","image":[],"title":"","job":"","social_networks":[]},"_links":{"self":[{"href":"https:\/\/elfsight.com\/fr\/wp-json\/wp\/v2\/pages\/5739","targetHints":{"allow":["GET"]}}],"collection":[{"href":"https:\/\/elfsight.com\/fr\/wp-json\/wp\/v2\/pages"}],"about":[{"href":"https:\/\/elfsight.com\/fr\/wp-json\/wp\/v2\/types\/page"}],"author":[{"embeddable":true,"href":"https:\/\/elfsight.com\/fr\/wp-json\/wp\/v2\/users\/18"}],"replies":[{"embeddable":true,"href":"https:\/\/elfsight.com\/fr\/wp-json\/wp\/v2\/comments?post=5739"}],"version-history":[{"count":3,"href":"https:\/\/elfsight.com\/fr\/wp-json\/wp\/v2\/pages\/5739\/revisions"}],"predecessor-version":[{"id":13998,"href":"https:\/\/elfsight.com\/fr\/wp-json\/wp\/v2\/pages\/5739\/revisions\/13998"}],"up":[{"embeddable":true,"href":"https:\/\/elfsight.com\/fr\/wp-json\/wp\/v2\/pages\/2310"}],"wp:attachment":[{"href":"https:\/\/elfsight.com\/fr\/wp-json\/wp\/v2\/media?parent=5739"}],"curies":[{"name":"wp","href":"https:\/\/api.w.org\/{rel}","templated":true}]}}