{"id":5703,"date":"2021-12-03T09:26:53","date_gmt":"2021-12-03T09:26:53","guid":{"rendered":"https:\/\/elfsight.com\/fr\/?page_id=5703"},"modified":"2025-07-09T09:35:12","modified_gmt":"2025-07-09T09:35:12","slug":"bigcommerce","status":"publish","type":"page","link":"https:\/\/elfsight.com\/fr\/all-in-one-chat-widget\/bigcommerce\/","title":{"rendered":"All in 1 Chat &#8211; BigCommerce"},"content":{"rendered":"\n<div class=\"application-platform-content-item-features application-platform-content-item\" id=\"features\" data-nav-section=\"features\">\n<h2>Les fonctionnalit\u00e9es indispensables<\/h2>  \n<ul>\n\n\n<li>Liens pris en charge dans la fen\u00eatre d&rsquo;accueil<\/li>\n<li>Affichez Heure de r\u00e9ponse dans la l\u00e9gende de la fen\u00eatre de discussion<\/li>\n<li>L&rsquo;en-t\u00eate de discussion comprend un compte l\u00e9gende, image et nom<\/li>\n<li>Bouton D\u00e9marrer le chat avec du texte personnalisable<\/li>\n\n<li>S\u00e9lection de la cat\u00e9gorie de visiteurs pour afficher le chat: nouveaux, tous, ou anciens visiteurs<\/li>\n<li>4 d\u00e9clencheurs de discussion ouverts: position de d\u00e9filement, intention de sortie, heure sur le site, ou heure sur la page<\/li>\n<li>Changez Forme du bouton D\u00e9marrer le chat de carr\u00e9 \u00e0 arrondi<\/li>\n<li>Affichez ou masquez le chat sur les appareils mobiles<\/li>\n<li>Une option pour afficher le chat sur toutes les pages du site Web, pages s\u00e9lectionn\u00e9es, ou utiliser le filtre d&rsquo;exclusion\n<\/li><\/ul>\n<p><a href=\"#demo\">Examinez tous les param\u00e8tres dans la d\u00e9mo op\u00e9rationnel<\/a><\/p> \n<\/div> \n<div class=\"application-platform-content-item-installation application-platform-content-item\" id=\"installation\" data-nav-section=\"installation\">\n \n<h2>Comment est-il possible int\u00e9grer Chat en direct \u00e0 mon site BigCommerce?<\/h2>\n<p>Simplement appliquez les instructions ci-dessous pour commencer \u00e0 utiliser le plugin.<\/p>\n<ol>\n<li>Ex\u00e9cutez le configurateur gratuit d\u2019Elfsight et commencez \u00e0 construire votre plugin unique.<\/li> \n <li>Acqu\u00e9rez le code unique r\u00e9v\u00e9l\u00e9 dans la forme sp\u00e9ciale sur les applications Elfsight.<\/li>\n <li>Commencez l\u2019application du widget sur votre page d&rsquo;accueil de BigCommerce.<\/li>\n<li>Vous avez termin\u00e9!L\u2019installation est r\u00e9alis\u00e9e. Vous avez int\u00e9gr\u00e9 Chat en live sur BigCommerce.<\/li>\n<\/ol> \n<p>Dans le cas o\u00f9 vous avez rencontr\u00e9 des probl\u00e8mes, n&rsquo;h\u00e9sitez pas \u00e0 \u00e9crivez \u00e0 notre service client\u00e8le. Nos sp\u00e9cialistes sont d\u00e9sireux de vous aider avec tous les probl\u00e8mes que vous pouvez avoir avec le widget.<\/p> \n<\/div>\n\n\n\n<p><\/p>\n","protected":false},"excerpt":{"rendered":"","protected":false},"author":18,"featured_media":0,"parent":2310,"menu_order":0,"comment_status":"closed","ping_status":"closed","template":"templates\/template-application-platform.php","meta":{"publish_to_discourse":"","publish_post_category":"","wpdc_auto_publish_overridden":"","wpdc_topic_tags":"","wpdc_pin_topic":"","wpdc_pin_until":"","discourse_post_id":"","discourse_permalink":"","wpdc_publishing_response":"","wpdc_publishing_error":"","footnotes":""},"class_list":["post-5703","page","type-page","status-publish","hentry"],"yoast_head":"<!-- This site is optimized with the Yoast SEO plugin v25.3.1 - https:\/\/yoast.com\/wordpress\/plugins\/seo\/ -->\n<title>Chat en direct - ajoutez plugin Chat en live sur BigCommerce<\/title>\n<meta name=\"description\" content=\"Int\u00e9grez un Chat en direct avantageux sur votre site. Utilisez la d\u00e9mo d&#039;Elfsight et g\u00e9n\u00e9rez votre widget en 2 minutes.\" \/>\n<meta name=\"robots\" content=\"index, follow, max-snippet:-1, max-image-preview:large, max-video-preview:-1\" \/>\n<link rel=\"canonical\" href=\"https:\/\/elfsight.com\/fr\/all-in-one-chat-widget\/bigcommerce\/\" \/>\n<meta property=\"og:locale\" content=\"fr_FR\" \/>\n<meta property=\"og:type\" content=\"article\" \/>\n<meta property=\"og:title\" content=\"Chat en direct - ajoutez plugin Chat en live sur BigCommerce\" \/>\n<meta property=\"og:description\" content=\"Int\u00e9grez un Chat en direct avantageux sur votre site. Utilisez la d\u00e9mo d&#039;Elfsight et g\u00e9n\u00e9rez votre widget en 2 minutes.\" \/>\n<meta property=\"og:url\" content=\"https:\/\/elfsight.com\/fr\/all-in-one-chat-widget\/bigcommerce\/\" \/>\n<meta property=\"og:site_name\" content=\"Elfsight FR\" \/>\n<meta property=\"article:modified_time\" content=\"2025-07-09T09:35:12+00:00\" \/>\n<meta name=\"twitter:card\" content=\"summary_large_image\" \/>\n<meta name=\"twitter:label1\" content=\"Dur\u00e9e de lecture estim\u00e9e\" \/>\n\t<meta name=\"twitter:data1\" content=\"2 minutes\" \/>\n<!-- \/ Yoast SEO plugin. -->","yoast_head_json":{"title":"Chat en direct - ajoutez plugin Chat en live sur BigCommerce","description":"Int\u00e9grez un Chat en direct avantageux sur votre site. Utilisez la d\u00e9mo d'Elfsight et g\u00e9n\u00e9rez votre widget en 2 minutes.","robots":{"index":"index","follow":"follow","max-snippet":"max-snippet:-1","max-image-preview":"max-image-preview:large","max-video-preview":"max-video-preview:-1"},"canonical":"https:\/\/elfsight.com\/fr\/all-in-one-chat-widget\/bigcommerce\/","og_locale":"fr_FR","og_type":"article","og_title":"Chat en direct - ajoutez plugin Chat en live sur BigCommerce","og_description":"Int\u00e9grez un Chat en direct avantageux sur votre site. Utilisez la d\u00e9mo d'Elfsight et g\u00e9n\u00e9rez votre widget en 2 minutes.","og_url":"https:\/\/elfsight.com\/fr\/all-in-one-chat-widget\/bigcommerce\/","og_site_name":"Elfsight FR","article_modified_time":"2025-07-09T09:35:12+00:00","twitter_card":"summary_large_image","twitter_misc":{"Dur\u00e9e de lecture estim\u00e9e":"2 minutes"},"schema":{"@context":"https:\/\/schema.org","@graph":[{"@type":"WebPage","@id":"https:\/\/elfsight.com\/fr\/all-in-one-chat-widget\/bigcommerce\/","url":"https:\/\/elfsight.com\/fr\/all-in-one-chat-widget\/bigcommerce\/","name":"Chat en direct - ajoutez plugin Chat en live sur BigCommerce","isPartOf":{"@id":"https:\/\/elfsight.com\/fr\/#website"},"datePublished":"2021-12-03T09:26:53+00:00","dateModified":"2025-07-09T09:35:12+00:00","description":"Int\u00e9grez un Chat en direct avantageux sur votre site. Utilisez la d\u00e9mo d'Elfsight et g\u00e9n\u00e9rez votre widget en 2 minutes.","breadcrumb":{"@id":"https:\/\/elfsight.com\/fr\/all-in-one-chat-widget\/bigcommerce\/#breadcrumb"},"inLanguage":"fr-FR","potentialAction":[{"@type":"ReadAction","target":["https:\/\/elfsight.com\/fr\/all-in-one-chat-widget\/bigcommerce\/"]}]},{"@type":"BreadcrumbList","@id":"https:\/\/elfsight.com\/fr\/all-in-one-chat-widget\/bigcommerce\/#breadcrumb","itemListElement":[{"@type":"ListItem","position":1,"name":"Home","item":"https:\/\/elfsight.com\/fr\/"},{"@type":"ListItem","position":2,"name":"All-in-One Chat","item":"https:\/\/elfsight.com\/fr\/all-in-one-chat-widget\/"},{"@type":"ListItem","position":3,"name":"All in 1 Chat &#8211; BigCommerce"}]},{"@type":"WebSite","@id":"https:\/\/elfsight.com\/fr\/#website","url":"https:\/\/elfsight.com\/fr\/","name":"Elfsight FR","description":"","potentialAction":[{"@type":"SearchAction","target":{"@type":"EntryPoint","urlTemplate":"https:\/\/elfsight.com\/fr\/?s={search_term_string}"},"query-input":{"@type":"PropertyValueSpecification","valueRequired":true,"valueName":"search_term_string"}}],"inLanguage":"fr-FR"}]}},"meta_box":{"industry":"","seo_heading":"","heading":"","description":"","cta_heading":"","cta_description":"","application":"2309","h1":"Plugin Chat en direct pour BigCommerce","h1_caption":"Le canal de communication le plus pratique pour les consommateurs de votre site Web","application_category":[],"applications_title":"","applications_request_title":"","applications_request_button_text":"","hero_text":"","hero_video":"","hero_video_schema_markup":"","selling_points_title":"","selling_points_caption":"","selling_points":[],"selling_points_cta_text":"","features_title":"","features":"","ed_cta_examples_text":"","ed_cta_examples_hidden":"","ed_cta_demo_text":"","ed_cta_demo_hidden":"","why_caption":"","why_editor_title":"","why_editor_text":"","why_team_title":"","why_team_text":"","why_service_title":"","why_service_text":"","template_catalog_visible":"","template_catalog_title":"","template_catalog_text":"","template_catalog_categories_visible":"","demo_title":"D\u00e9p\u00eachez-vous pour construire sur mesure plugin Chat en direct BigCommerce","demo_caption":"Personnalisez et int\u00e9grez le plugin dans votre page au moyen de live d\u00e9mo.","default_faq_hidden":"","app_template_category":[],"platform":"347","template_public_id":"","codecanyon_url":"","codecanyon_item_id":"","codecanyon_price":"","pricing_caption":"","pricing_elfsight_apps_hide_column":"","pricing_elfsight_apps_url":"","pricing_codecanyon_price_caption":"","integration_category":[],"integration_request_title":"","integration_request_cta":"","integration_platform":"","integrations":[],"platform_category":[],"video_schema_markup":"","price":"\u00c0 partir de $0\/mois","trial":"","benefits":[{"text":"Installation gratuite"},{"text":"Support Premium"},{"text":"Garantie de remboursement de 14 jours"},{"text":"L'am\u00e9lioration continue"}],"button_url":"#demo","button_target_blank":"0","button_nofollow":"0","attributes":[{"name":"Nombre d'installations","content":"1,000 - 5,000","_state":"expanded"},{"name":"Adaptif","content":"Oui","_state":"expanded"},{"name":"Navigateurs compatibles","content":"Firefox, Safari, Opera, Chrome, Edge","_state":"expanded"}],"tags":[],"tags_disable_links":"0","hide_more_platforms":"","video_object":"","demo_hide_cta":"0","demo_hide_cloud_options":"0","pricing_title":"","pricing":[{"pricing_icon":"platform","pricing_title":"Applications d'Elfsight","pricing_title_caption":"Solution num\u00e9rique multiplateforme qui fonctionne sur n'importe quel site","pricing_price":"\u00c0 partir de $0\/mois","pricing_price_caption":"Commencez avec un plan gratuit","pricing_benefits":[{"text":"Sites Web illimit\u00e9s"},{"text":"\u00c9quipe d'assistance professionnelle"},{"text":"Service d'installation gratuit"},{"text":"100% personnalisable"}],"pricing_button_text":"Ajouter au site Web","pricing_button_url":"https:\/\/apps.elfsight.com\/sign-up\/","pricing_button_nofollow":"1","_state":"expanded"}],"related_apps_title":"","related_apps_hidden":"1","author":"","image":[],"title":"","job":"","social_networks":[]},"_links":{"self":[{"href":"https:\/\/elfsight.com\/fr\/wp-json\/wp\/v2\/pages\/5703","targetHints":{"allow":["GET"]}}],"collection":[{"href":"https:\/\/elfsight.com\/fr\/wp-json\/wp\/v2\/pages"}],"about":[{"href":"https:\/\/elfsight.com\/fr\/wp-json\/wp\/v2\/types\/page"}],"author":[{"embeddable":true,"href":"https:\/\/elfsight.com\/fr\/wp-json\/wp\/v2\/users\/18"}],"replies":[{"embeddable":true,"href":"https:\/\/elfsight.com\/fr\/wp-json\/wp\/v2\/comments?post=5703"}],"version-history":[{"count":1,"href":"https:\/\/elfsight.com\/fr\/wp-json\/wp\/v2\/pages\/5703\/revisions"}],"predecessor-version":[{"id":5704,"href":"https:\/\/elfsight.com\/fr\/wp-json\/wp\/v2\/pages\/5703\/revisions\/5704"}],"up":[{"embeddable":true,"href":"https:\/\/elfsight.com\/fr\/wp-json\/wp\/v2\/pages\/2310"}],"wp:attachment":[{"href":"https:\/\/elfsight.com\/fr\/wp-json\/wp\/v2\/media?parent=5703"}],"curies":[{"name":"wp","href":"https:\/\/api.w.org\/{rel}","templated":true}]}}