{"id":5595,"date":"2021-12-03T09:27:35","date_gmt":"2021-12-03T09:27:35","guid":{"rendered":"https:\/\/elfsight.com\/fr\/?page_id=5595"},"modified":"2025-07-10T15:03:40","modified_gmt":"2025-07-10T15:03:40","slug":"weebly","status":"publish","type":"page","link":"https:\/\/elfsight.com\/fr\/whatsapp-chat-widget\/weebly\/","title":{"rendered":"Whatsapp Chat &#8211; Weebly"},"content":{"rendered":"<div class=\"application-platform-content-item-description application-platform-content-item\" id=\"description\" data-nav-section=\"description\"> <h2>Int\u00e9grer le chat WhatsApp avec le widget Elfsight<\/h2> <p>L&rsquo;application WhatsApp d&rsquo;Elfsight est une m\u00e9thode transparente permettant aux utilisateurs de votre site Web de vous joindre et avoir des r\u00e9ponses \u00e0 leurs questions. Soyez disponible d\u00e8s maintenant pour votre client\u00e8le dans sa messagerie pr\u00e9f\u00e9r\u00e9e o\u00f9 que vous soyez. Introduisez le chat sur votre boutique et choisissez-le pour qu&rsquo;il apparaisse sur des pages sp\u00e9cifi\u00e9es ou pour des cat\u00e9gories particuli\u00e8res de t\u00e9l\u00e9spectateurs, choisissez les d\u00e9clencheurs de d\u00e9marrage du chat, r\u00e9digez votre message de bienvenue personnel, d\u00e9finissez des ic\u00f4nes et faites plus encore. Gr\u00e2ce au chat Weebly install\u00e9 sur votre site, vous serez connect\u00e9 avec votre client\u00e8le \u00e0 tout moment et de n&rsquo;importe o\u00f9. <\/p> <div class=\"faq\" data-component=\"FAQ\"> <div class=\"faq-item\">\r\n\t\t\t\t\t<div class=\"faq-item-question\">\r\n\t\t\t\t\t\t<h3 class=\"faq-item-question-text\">O\u00f9 puis-je installer le widget<\/h3>\r\n\r\n\t\t\t\t\t\t<div class=\"faq-item-question-icon\"><\/div>\r\n\t\t\t\t\t<\/div>\r\n\r\n\t\t\t\t\t<div class=\"faq-item-answer\">\r\n\t\t\t\t\t\t<div class=\"faq-item-answer-text\"> <p>Le widget peut appara\u00eetre sur chaque page de votre site Web, ou seulement sur certaines pages. Vous pouvez \u00e9galement exclure plusieurs pages sur lesquelles vous ne souhaitez pas le widget. <\/p> <\/div>\r\n\t\t\t\t\t<\/div>\r\n\t\t\t\t<\/div> <div class=\"faq-item\">\r\n\t\t\t\t\t<div class=\"faq-item-question\">\r\n\t\t\t\t\t\t<h3 class=\"faq-item-question-text\">Comment vais-je b\u00e9n\u00e9ficier de Whatsapp ?<\/h3>\r\n\r\n\t\t\t\t\t\t<div class=\"faq-item-question-icon\"><\/div>\r\n\t\t\t\t\t<\/div>\r\n\r\n\t\t\t\t\t<div class=\"faq-item-answer\">\r\n\t\t\t\t\t\t<div class=\"faq-item-answer-text\"> <p>Le widget aidera davantage de clients \u00e0 vous adresser leurs questions, demandes ou probl\u00e8mes. Cela peut aider \u00e0 augmenter le nombre de prospects et de ventes. De plus, des r\u00e9ponses rapides et une approche individuelle \u00e9l\u00e8veront le niveau de votre service client. <\/p> <\/div>\r\n\t\t\t\t\t<\/div>\r\n\t\t\t\t<\/div> <div class=\"faq-item\">\r\n\t\t\t\t\t<div class=\"faq-item-question\">\r\n\t\t\t\t\t\t<h3 class=\"faq-item-question-text\">Comment installer Whatsapp Chat ?<\/h3>\r\n\r\n\t\t\t\t\t\t<div class=\"faq-item-question-icon\"><\/div>\r\n\t\t\t\t\t<\/div>\r\n\r\n\t\t\t\t\t<div class=\"faq-item-answer\">\r\n\t\t\t\t\t\t<div class=\"faq-item-answer-text\"> <p>Vous n&rsquo;aurez besoin que de deux minutes de votre temps pour que le widget soit op\u00e9rationnel. L&rsquo;int\u00e9gration est tr\u00e8s rapide, gratuite et sans codage. <\/p> <p>Le widget peut \u00eatre mis en place sur votre site via notre service ou via la place de march\u00e9. Vous pouvez voir davantage les deux options et d\u00e9cider laquelle est la plus appropri\u00e9e. <\/p> <\/div>\r\n\t\t\t\t\t<\/div>\r\n\t\t\t\t<\/div> <\/div> <\/div><div class=\"application-platform-content-item-features application-platform-content-item\" id=\"features\" data-nav-section=\"features\"> <h2>Principales fonctionnalit\u00e9s du widget de chat WhatsApp<\/h2> <p>Pour mieux comprendre le chat en direct, consultez la liste de ses principaux traits. Ils rendent cette application vraiment efficace pour vous\u00a0: <\/p> <ul><li>Ajoutez WhatsApp Messenger sur votre site Web pour rester connect\u00e9 avec la client\u00e8le\u00a0; <\/li><li>R\u00e9pondez aux messages directement depuis votre page WhatsApp\u00a0; <\/li><li>Choisissez entre 3 options de pr\u00e9sentation du chat\u00a0: sous forme de bulle flottante, bulle int\u00e9gr\u00e9e et fen\u00eatre de discussion int\u00e9gr\u00e9e\u00a0; <\/li><li>D\u00e9couvrez une biblioth\u00e8que d&rsquo;ic\u00f4nes de bulles parmi lesquelles choisir\u00a0; <\/li><li>Entrez votre texte personnalis\u00e9 de la bulle de discussion. <\/li><\/ul><p><a href=\"#demo\">Voir la liste compl\u00e8te des fonctionnalit\u00e9s dans notre d\u00e9mo en direct<\/a><\/p> <\/div><div class=\"application-platform-content-item-installation application-platform-content-item\" id=\"installation\" data-nav-section=\"installation\"> <h2>Comment ajouter l&rsquo;application Live Chat \u00e0 votre site Web Weebly<\/h2><div class=\"video-container\"><iframe width=\"720\" height=\"405\" src=\"https:\/\/www.youtube.com\/embed\/QRSWqCNO_jE\" frameborder=\"0\" allowfullscreen=\"\"><\/iframe><\/div><p>Les actions suivantes sont la seule chose que vous devez afficher.<\/p> <ol><li><b>Ouvrez notre d\u00e9mo gratuite et commencez \u00e0 travailler avec votre application personnalis\u00e9e. <\/b><br> Sp\u00e9cifiez la disposition et les options pr\u00e9f\u00e9rables de l&rsquo;application et enregistrez toutes les corrections. <\/li> <li><b>Copiez votre code unique r\u00e9v\u00e9l\u00e9 dans le formulaire sp\u00e9cial sur Elfsight Apps. <\/b><br> Juste apr\u00e8s la personnalisation de votre application personnelle, copiez votre code dans la fen\u00eatre contextuelle qui appara\u00eet et enregistrez-le pour un besoin ult\u00e9rieur. <\/li> <li><b>Entrez sur l&rsquo;utilisation de l&rsquo;application sur votre page Web Weebly. <\/b><br> Int\u00e9grez le code enregistr\u00e9 pr\u00e9c\u00e9demment dans votre site et appliquez les corrections. <\/li> <li><b>Vous avez termin\u00e9\u00a0! La configuration est enti\u00e8rement r\u00e9alis\u00e9e. <\/b><br> Acc\u00e9dez \u00e0 votre site pour inspecter le travail de l&rsquo;application. <\/li><\/ol><p>Il y a encore quelque chose qui vous rend incertain\u00a0? Ou vous \u00eates tomb\u00e9 sur quelque chose ? Une simple demande \u00e0 notre service client r\u00e9glera toute question. <\/p> <\/div><div class=\"faq\" data-component=\"FAQ\"><div class=\"faq-item\">\r\n\t\t\t\t\t<div class=\"faq-item-question\">\r\n\t\t\t\t\t\t<h3 class=\"faq-item-question-text\">De quelle mani\u00e8re puis-je ajouter Whatsapp Chat \u00e0 mon Weebly sans connaissances en codage ?<\/h3>\r\n\r\n\t\t\t\t\t\t<div class=\"faq-item-question-icon\"><\/div>\r\n\t\t\t\t\t<\/div>\r\n\r\n\t\t\t\t\t<div class=\"faq-item-answer\">\r\n\t\t\t\t\t\t<div class=\"faq-item-answer-text\"><p>La soci\u00e9t\u00e9 Elfsight pr\u00e9sente un Solution cloud qui permet \u00e0 l&rsquo;utilisateur de cr\u00e9er lui-m\u00eame un widget de chat Whatsapp. D\u00e9couvrez \u00e0 quel point c&rsquo;est simple\u00a0: <\/p><ul><li>Acc\u00e9dez \u00e0 l&rsquo;\u00e9diteur en direct pour cr\u00e9er un widget de chat Whatsapp que vous souhaitez int\u00e9grer sur le site Weebly.<\/li><li>S\u00e9lectionnez l&rsquo;un de nos mod\u00e8les pr\u00e9d\u00e9finis et modifiez les param\u00e8tres du chat Whatsapp, mettez \u00e0 jour votre contenu, transformez la disposition et la couleur des \u00e9l\u00e9ments sans comp\u00e9tences en codage.<\/li><li>Enregistrez le chat Whatsapp et obtenez le code d&rsquo;installation. , que vous pouvez facilement ajouter sur la page d&rsquo;accueil de Weebly sans acheter de version payante. <\/li><\/ul><p>En travaillant dans le configurateur simple, tout internaute peut cr\u00e9er l&rsquo;application Whatsapp Chat et simplement l&rsquo;ajouter au site Web Weebly. Vous ne devez pas souscrire \u00e0 un forfait payant ni saisir les informations d\u2019identification de votre carte pour acc\u00e9der \u00e0 notre service. Si vous rencontrez des probl\u00e8mes de quelque nature que ce soit, n&rsquo;h\u00e9sitez pas \u00e0 parler \u00e0 notre \u00e9quipe d&rsquo;assistance technique.<\/p><\/div>\r\n\t\t\t\t\t<\/div>\r\n\t\t\t\t<\/div><\/div>","protected":false},"excerpt":{"rendered":"","protected":false},"author":18,"featured_media":0,"parent":815,"menu_order":0,"comment_status":"closed","ping_status":"closed","template":"templates\/template-application-platform.php","meta":{"publish_to_discourse":"","publish_post_category":"","wpdc_auto_publish_overridden":"","wpdc_topic_tags":"","wpdc_pin_topic":"","wpdc_pin_until":"","discourse_post_id":"","discourse_permalink":"","wpdc_publishing_response":"","wpdc_publishing_error":"","footnotes":""},"class_list":["post-5595","page","type-page","status-publish","hentry"],"yoast_head":"<!-- This site is optimized with the Yoast SEO plugin v25.3.1 - https:\/\/yoast.com\/wordpress\/plugins\/seo\/ -->\n<title>Chat WhatsApp - ajoutez app Fenetre chat WhatsApp sur Weebly<\/title>\n<meta name=\"description\" content=\"Int\u00e9grez un Chat WhatsApp avantageux sur votre site. Utilisez la d\u00e9mo d&#039;Elfsight et g\u00e9n\u00e9rez votre widget en 2 minutes.\" \/>\n<meta name=\"robots\" content=\"index, follow, max-snippet:-1, max-image-preview:large, max-video-preview:-1\" \/>\n<link rel=\"canonical\" href=\"https:\/\/elfsight.com\/fr\/whatsapp-chat-widget\/weebly\/\" \/>\n<meta property=\"og:locale\" content=\"fr_FR\" \/>\n<meta property=\"og:type\" content=\"article\" \/>\n<meta property=\"og:title\" content=\"Chat WhatsApp - ajoutez app Fenetre chat WhatsApp sur Weebly\" \/>\n<meta property=\"og:description\" content=\"Int\u00e9grez un Chat WhatsApp avantageux sur votre site. Utilisez la d\u00e9mo d&#039;Elfsight et g\u00e9n\u00e9rez votre widget en 2 minutes.\" \/>\n<meta property=\"og:url\" content=\"https:\/\/elfsight.com\/fr\/whatsapp-chat-widget\/weebly\/\" \/>\n<meta property=\"og:site_name\" content=\"Elfsight FR\" \/>\n<meta property=\"article:modified_time\" content=\"2025-07-10T15:03:40+00:00\" \/>\n<meta name=\"twitter:card\" content=\"summary_large_image\" \/>\n<meta name=\"twitter:label1\" content=\"Dur\u00e9e de lecture estim\u00e9e\" \/>\n\t<meta name=\"twitter:data1\" content=\"1 minute\" \/>\n<!-- \/ Yoast SEO plugin. -->","yoast_head_json":{"title":"Chat WhatsApp - ajoutez app Fenetre chat WhatsApp sur Weebly","description":"Int\u00e9grez un Chat WhatsApp avantageux sur votre site. Utilisez la d\u00e9mo d'Elfsight et g\u00e9n\u00e9rez votre widget en 2 minutes.","robots":{"index":"index","follow":"follow","max-snippet":"max-snippet:-1","max-image-preview":"max-image-preview:large","max-video-preview":"max-video-preview:-1"},"canonical":"https:\/\/elfsight.com\/fr\/whatsapp-chat-widget\/weebly\/","og_locale":"fr_FR","og_type":"article","og_title":"Chat WhatsApp - ajoutez app Fenetre chat WhatsApp sur Weebly","og_description":"Int\u00e9grez un Chat WhatsApp avantageux sur votre site. Utilisez la d\u00e9mo d'Elfsight et g\u00e9n\u00e9rez votre widget en 2 minutes.","og_url":"https:\/\/elfsight.com\/fr\/whatsapp-chat-widget\/weebly\/","og_site_name":"Elfsight FR","article_modified_time":"2025-07-10T15:03:40+00:00","twitter_card":"summary_large_image","twitter_misc":{"Dur\u00e9e de lecture estim\u00e9e":"1 minute"},"schema":{"@context":"https:\/\/schema.org","@graph":[{"@type":"WebPage","@id":"https:\/\/elfsight.com\/fr\/whatsapp-chat-widget\/weebly\/","url":"https:\/\/elfsight.com\/fr\/whatsapp-chat-widget\/weebly\/","name":"Chat WhatsApp - ajoutez app Fenetre chat WhatsApp sur Weebly","isPartOf":{"@id":"https:\/\/elfsight.com\/fr\/#website"},"datePublished":"2021-12-03T09:27:35+00:00","dateModified":"2025-07-10T15:03:40+00:00","description":"Int\u00e9grez un Chat WhatsApp avantageux sur votre site. Utilisez la d\u00e9mo d'Elfsight et g\u00e9n\u00e9rez votre widget en 2 minutes.","breadcrumb":{"@id":"https:\/\/elfsight.com\/fr\/whatsapp-chat-widget\/weebly\/#breadcrumb"},"inLanguage":"fr-FR","potentialAction":[{"@type":"ReadAction","target":["https:\/\/elfsight.com\/fr\/whatsapp-chat-widget\/weebly\/"]}]},{"@type":"BreadcrumbList","@id":"https:\/\/elfsight.com\/fr\/whatsapp-chat-widget\/weebly\/#breadcrumb","itemListElement":[{"@type":"ListItem","position":1,"name":"Home","item":"https:\/\/elfsight.com\/fr\/"},{"@type":"ListItem","position":2,"name":"WhatsApp Chat","item":"https:\/\/elfsight.com\/fr\/whatsapp-chat-widget\/"},{"@type":"ListItem","position":3,"name":"Whatsapp Chat &#8211; Weebly"}]},{"@type":"WebSite","@id":"https:\/\/elfsight.com\/fr\/#website","url":"https:\/\/elfsight.com\/fr\/","name":"Elfsight FR","description":"","potentialAction":[{"@type":"SearchAction","target":{"@type":"EntryPoint","urlTemplate":"https:\/\/elfsight.com\/fr\/?s={search_term_string}"},"query-input":{"@type":"PropertyValueSpecification","valueRequired":true,"valueName":"search_term_string"}}],"inLanguage":"fr-FR"}]}},"meta_box":{"industry":"","seo_heading":"","heading":"","description":"","cta_heading":"","cta_description":"","application":"814","h1":"App Chat WhatsApp pour Weebly","h1_caption":"Donnez aux utilisateurs la possibilit\u00e9 de vous contacter sur WhatsApp, garantissant ainsi l'interaction la plus rapide et la plus pratique pour les visiteurs de votre site Web sur votre site Web Weebly sans effort.","application_category":[],"applications_title":"","applications_request_title":"","applications_request_button_text":"","hero_text":"","hero_video":"","hero_video_schema_markup":"","selling_points_title":"","selling_points_caption":"","selling_points":[],"selling_points_cta_text":"","features_title":"","features":"","ed_cta_examples_text":"","ed_cta_examples_hidden":"","ed_cta_demo_text":"","ed_cta_demo_hidden":"","why_caption":"","why_editor_title":"","why_editor_text":"","why_team_title":"","why_team_text":"","why_service_title":"","why_service_text":"","template_catalog_visible":"","template_catalog_title":"","template_catalog_text":"","template_catalog_categories_visible":"","demo_title":"Cr\u00e9ez votre application Whatsapp Chat","demo_caption":"Configurez votre chat Whatsapp et ajoutez-le \u00e0 votre site Web Weebly gratuitement !","default_faq_hidden":"","app_template_category":[],"platform":"363","template_public_id":"","codecanyon_url":"","codecanyon_item_id":"","codecanyon_price":"","pricing_caption":"","pricing_elfsight_apps_hide_column":"","pricing_elfsight_apps_url":"","pricing_codecanyon_price_caption":"","integration_category":[],"integration_request_title":"","integration_request_cta":"","integration_platform":"","integrations":[],"platform_category":[],"video_schema_markup":"","price":"\u00c0 partir de $0\/mois","trial":"","benefits":[{"text":"Installation gratuite"},{"text":"Support Premium"},{"text":"Garantie de remboursement de 14 jours"},{"text":"L'am\u00e9lioration continue"}],"button_url":"#demo","button_target_blank":"0","button_nofollow":"0","attributes":[{"name":"Nombre d'installations","content":"1,000 - 5,000","_state":"expanded"},{"name":"Adaptif","content":"Oui","_state":"expanded"},{"name":"Navigateurs compatibles","content":"Firefox, Safari, Opera, Chrome, Edge","_state":"expanded"}],"tags":[],"tags_disable_links":"0","hide_more_platforms":"","video_object":"","demo_hide_cta":"0","demo_hide_cloud_options":"0","pricing_title":"","pricing":[{"pricing_icon":"platform","pricing_title":"Applications d'Elfsight","pricing_title_caption":"Solution num\u00e9rique multiplateforme qui fonctionne sur n'importe quel site","pricing_price":"\u00c0 partir de $0\/mois","pricing_price_caption":"Commencez avec un plan gratuit","pricing_benefits":[{"text":"Sites Web illimit\u00e9s"},{"text":"\u00c9quipe d'assistance professionnelle"},{"text":"Service d'installation gratuit"},{"text":"100% personnalisable"}],"pricing_button_text":"Ajouter au site Web","pricing_button_url":"https:\/\/apps.elfsight.com\/sign-up\/","pricing_button_nofollow":"1","_state":"expanded"}],"related_apps_title":"","related_apps_hidden":"1","author":"","image":[],"title":"","job":"","social_networks":[]},"_links":{"self":[{"href":"https:\/\/elfsight.com\/fr\/wp-json\/wp\/v2\/pages\/5595","targetHints":{"allow":["GET"]}}],"collection":[{"href":"https:\/\/elfsight.com\/fr\/wp-json\/wp\/v2\/pages"}],"about":[{"href":"https:\/\/elfsight.com\/fr\/wp-json\/wp\/v2\/types\/page"}],"author":[{"embeddable":true,"href":"https:\/\/elfsight.com\/fr\/wp-json\/wp\/v2\/users\/18"}],"replies":[{"embeddable":true,"href":"https:\/\/elfsight.com\/fr\/wp-json\/wp\/v2\/comments?post=5595"}],"version-history":[{"count":2,"href":"https:\/\/elfsight.com\/fr\/wp-json\/wp\/v2\/pages\/5595\/revisions"}],"predecessor-version":[{"id":14750,"href":"https:\/\/elfsight.com\/fr\/wp-json\/wp\/v2\/pages\/5595\/revisions\/14750"}],"up":[{"embeddable":true,"href":"https:\/\/elfsight.com\/fr\/wp-json\/wp\/v2\/pages\/815"}],"wp:attachment":[{"href":"https:\/\/elfsight.com\/fr\/wp-json\/wp\/v2\/media?parent=5595"}],"curies":[{"name":"wp","href":"https:\/\/api.w.org\/{rel}","templated":true}]}}