{"id":5589,"date":"2021-12-03T09:27:44","date_gmt":"2021-12-03T09:27:44","guid":{"rendered":"https:\/\/elfsight.com\/fr\/?page_id=5589"},"modified":"2025-11-01T11:13:54","modified_gmt":"2025-11-01T11:13:54","slug":"squarespace","status":"publish","type":"page","link":"https:\/\/elfsight.com\/fr\/whatsapp-chat-widget\/squarespace\/","title":{"rendered":"Whatsapp Chat &#8211; Squarespace"},"content":{"rendered":"<div class=\"application-platform-content-item-description application-platform-content-item\" id=\"description\" data-nav-section=\"description\"> <h2>Int\u00e9grer le chat WhatsApp avec le widget Elfsight<\/h2> <p>Le plugin WhatsApp cr\u00e9\u00e9 par Elfsight est le moyen le plus rapide pour les clients de votre site Web de vous contacter et entendre les r\u00e9ponses \u00e0 leurs questions et demandes. Vous pouvez d\u00e9sormais \u00eatre disponible d\u00e8s maintenant pour les t\u00e9l\u00e9spectateurs dans la messagerie bien-aim\u00e9e, o\u00f9 que vous soyez. Ins\u00e9rez le chat en magasin et il peut appara\u00eetre sur des pages s\u00e9lectionn\u00e9es ou pour des cat\u00e9gories de client\u00e8le choisies, choisissez les d\u00e9clencheurs de d\u00e9marrage du chat, saisissez votre message de bienvenue personnel, choisissez des ic\u00f4nes et bien plus encore. En utilisant le chat Squarespace sur votre page Web, vous serez disponible pour votre public \u00e0 tout moment et de n&rsquo;importe o\u00f9.<\/p> <div class=\"faq\" data-component=\"FAQ\"><div class=\"faq-item\">\r\n\t\t\t\t\t<div class=\"faq-item-question\">\r\n\t\t\t\t\t\t<h3 class=\"faq-item-question-text\">Comment ajouter le bouton de chat WhatsApp \u00e0 une page Squarespace ?<\/h3>\r\n\r\n\t\t\t\t\t\t<div class=\"faq-item-question-icon\"><\/div>\r\n\t\t\t\t\t<\/div>\r\n\r\n\t\t\t\t\t<div class=\"faq-item-answer\">\r\n\t\t\t\t\t\t<div class=\"faq-item-answer-text\"><p>Vous ajouterez le plugin de chat WhatsApp au site Web Squarespace en seulement 90 secondes.<\/p><ol><li>Ajustez le widget pour Squarespace dans le configurateur gratuit et voyez les modifications en direct.<\/li> <li>Obtenez votre code d&rsquo;installation.<\/li> <li>Entrez le code \u00e0 l&rsquo;endroit requis dans le backend du site Web Squarespace.<\/li> <li>C&rsquo;est tout\u00a0! Voici comment int\u00e9grer le plugin de chat WhatsApp sur Squarespace\u00a0!<\/li><\/ol><p>Vous rencontrez des probl\u00e8mes pour ins\u00e9rer le plugin ou le configurer\u00a0? Vous pouvez consulter le guide d\u00e9taill\u00e9 <a href=\"https:\/\/elfsight.com\/tutorials\/how-to-add-whatsapp-chat-widget-to-website\/#how-to-add-whatsapp-to-squarespace\">sur cette page<\/a>.<\/p><\/div>\r\n\t\t\t\t\t<\/div>\r\n\t\t\t\t<\/div><div class=\"faq-item\">\r\n\t\t\t\t\t<div class=\"faq-item-question\">\r\n\t\t\t\t\t\t<h3 class=\"faq-item-question-text\">Puis-je voir \u00e0 quoi ressemblera le plugin sur mon site ?<\/h3>\r\n\r\n\t\t\t\t\t\t<div class=\"faq-item-question-icon\"><\/div>\r\n\t\t\t\t\t<\/div>\r\n\r\n\t\t\t\t\t<div class=\"faq-item-answer\">\r\n\t\t\t\t\t\t<div class=\"faq-item-answer-text\"><p>Absolument\u00a0! Lors de la production du plug-in Squarespace WhatsApp Chat <a href=\"https:\/\/elfsight.com\/whatsapp-chat-widget\/#demo\">dans l&rsquo;\u00e9diteur en direct<\/a>, vous prendrez en compte toutes les configurations dans la partie droite de il. La bo\u00eete de discussion ressemblera exactement \u00e0 celle que vous aurez sur votre site Web Squarespace.<\/p><\/div>\r\n\t\t\t\t\t<\/div>\r\n\t\t\t\t<\/div><div class=\"faq-item\">\r\n\t\t\t\t\t<div class=\"faq-item-question\">\r\n\t\t\t\t\t\t<h3 class=\"faq-item-question-text\">Quels plugins populaires sont n\u00e9cessaires pour un site Squarespace ?<\/h3>\r\n\r\n\t\t\t\t\t\t<div class=\"faq-item-question-icon\"><\/div>\r\n\t\t\t\t\t<\/div>\r\n\r\n\t\t\t\t\t<div class=\"faq-item-answer\">\r\n\t\t\t\t\t\t<div class=\"faq-item-answer-text\"><p> Vous pouvez trouver de nombreux outils \u00e9tonnants pour am\u00e9liorer les fonctionnalit\u00e9s de votre site Squarespace. Par exemple, il existe des <a href=\"https:\/\/elfsight.com\/google-reviews-widget\/squarespace\/\">Avis Google<\/a>, <a href=\"https:\/\/elfsight.com\/qr- code-widget\/squarespace\/\">QR Code<\/a> et <a href=\"https:\/\/elfsight.com\/whatsapp-chat-widget\/squarespace\/\">WhatsApp Chat<\/a>. Il existe \u00e9galement un <a href=\"https:\/\/elfsight.com\/event-calendar-widget\/squarespace\/\">Calendrier des \u00e9v\u00e9nements<\/a> et un <a href=\"https:\/\/elfsight.com\/countdown-timer -widget\/squarespace\/\">Compte \u00e0 rebours<\/a>. Tous ces plugins sont parfaits pour le site Web de votre petite entreprise et augmenteront l&rsquo;engagement.<\/p><\/div>\r\n\t\t\t\t\t<\/div>\r\n\t\t\t\t<\/div><\/div><\/div> <div class=\"application-platform-content-item-features application-platform-content-item\" id=\"features\" data-nav-section=\"features\"> <h2>Principales fonctionnalit\u00e9s du widget de chat WhatsApp<\/h2> <p>Afin d&rsquo;avoir une connaissance plus claire du plugin Chat, examinez la liste de ses principales fonctions. Ils rendent notre widget plus efficace pour vous\u00a0:<\/p> <ul><li>Introduisez WhatsApp Messenger dans votre boutique pour discuter en direct avec les spectateurs\u00a0;<\/li><li>Fournissez des r\u00e9ponses directement depuis votre compte WhatsApp\u00a0;<\/li><li> Trois options de pr\u00e9sentation du chat\u00a0: bulle flottante, bulle int\u00e9gr\u00e9e et fen\u00eatre de chat int\u00e9gr\u00e9e\u00a0;<\/li><li> Choisissez votre ic\u00f4ne de bulle dans la biblioth\u00e8que d&rsquo;ic\u00f4nes disponibles\u00a0;<\/li><li> Texte de bulle modifiable. <\/li><\/ul><p><a href=\"#demo\">V\u00e9rifiez plus de fonctionnalit\u00e9s dans la d\u00e9mo<\/a><\/p> <\/div> <div class=\"application-platform-content-item-installation application-platform-content-item\" id=\"installation\" data-nav-section=\"installation\"> <h2>Comment ajoutez le plug-in Live Chat \u00e0 votre site Web Squarespace<\/h2><div class=\"video-container\">\n<iframe width=\"720\" height=\"405\" src=\"https:\/\/www.youtube.com\/embed\/Ox2aiS5huj4?si=NHa1x26ndpNmw3us\" frameborder=\"0\" allowfullscreen=\"\"><\/iframe>\n<\/div>\n<p>Les actions ci-dessous sont la seule chose dont vous avez besoin pour d\u00e9montrer le widget. <\/p> <ul><li><b>Construisez votre plugin WhatsApp unique<\/b><br> \u00c0 l&rsquo;aide de notre configurateur gratuit, configurez un widget avec une mise en page et des caract\u00e9ristiques fonctionnelles pr\u00e9f\u00e9r\u00e9es. <\/li><li><b>Obtenir le code personnel pour installer le plugin<\/b><br> Apr\u00e8s avoir cr\u00e9\u00e9 votre widget, vous obtiendrez le code d&rsquo;installation dans la fen\u00eatre apparue sur Elfsight Apps. Copiez ce code. <\/li> <li><b>Int\u00e9grez le plugin Chat sur votre site Squarespace<\/b><br> S\u00e9lectionnez la zone dans laquelle vous souhaitez afficher le widget et ins\u00e9rez-y le code enregistr\u00e9. Enregistrez les modifications.<\/li><li><b>Termin\u00e9\u00a0!<\/b><br> Acc\u00e9dez au site Web pour v\u00e9rifier votre plugin.<\/li> <\/ul><p>Je ne parviens toujours pas \u00e0 cr\u00e9er un d\u00e9cision? Ou avez-vous des questions \u00e0 poser ? Une seule demande \u00e0 notre \u00e9quipe d\u2019assistance vous aidera \u00e0 r\u00e9soudre chaque probl\u00e8me. <\/p> <\/div><div class=\"faq\" data-component=\"FAQ\"><div class=\"faq-item\">\r\n\t\t\t\t\t<div class=\"faq-item-question\">\r\n\t\t\t\t\t\t<h3 class=\"faq-item-question-text\">De quelle mani\u00e8re est-il possible d'int\u00e9grer le chat Whatsapp \u00e0 mon site Web Squarespace sans exp\u00e9rience de codage ?<\/h3>\r\n\r\n\t\t\t\t\t\t<div class=\"faq-item-question-icon\"><\/div>\r\n\t\t\t\t\t<\/div>\r\n\r\n\t\t\t\t\t<div class=\"faq-item-answer\">\r\n\t\t\t\t\t\t<div class=\"faq-item-answer-text\"><p>Elfsight La soci\u00e9t\u00e9 propose une solution qui permet aux utilisateurs de cr\u00e9er eux-m\u00eames une section de chat Whatsapp. Regardez le guide simple\u00a0: <\/p><ul><li>Travailler directement dans l&rsquo;\u00e9diteur en ligne pour cr\u00e9er un plugin de chat Whatsapp que vous souhaitez ajouter sur votre site Squarespace. .<\/li><li>Cliquez sur l&rsquo;un des nombreux mod\u00e8les pr\u00e9d\u00e9finis et modifiez les param\u00e8tres du chat Whatsapp, modifiez la mise en page et la palette de couleurs, incluez votre contenu sans codage.<\/li><li>Enregistrez le chat Whatsapp et copiez le code. pour l&rsquo;int\u00e9gration, que vous pouvez facilement ajouter gratuitement \u00e0 votre page d&rsquo;accueil Squarespace. <\/li><\/ul><p>Gr\u00e2ce au configurateur intuitif, tout internaute peut cr\u00e9er le plugin Whatsapp Chat et l&rsquo;ajouter facilement \u00e0 sa page d&rsquo;accueil Squarespace. Vous ne devez pas payer ni saisir les informations d&rsquo;identification de votre carte pour acc\u00e9der \u00e0 Elfsight Editor. Si vous rencontrez des probl\u00e8mes de quelque nature que ce soit, n&rsquo;h\u00e9sitez pas \u00e0 en parler \u00e0 notre \u00e9quipe d&rsquo;assistance technique.<\/p><\/div>\r\n\t\t\t\t\t<\/div>\r\n\t\t\t\t<\/div><\/div>","protected":false},"excerpt":{"rendered":"","protected":false},"author":18,"featured_media":0,"parent":815,"menu_order":0,"comment_status":"closed","ping_status":"closed","template":"templates\/template-application-platform.php","meta":{"publish_to_discourse":"","publish_post_category":"","wpdc_auto_publish_overridden":"","wpdc_topic_tags":"","wpdc_pin_topic":"","wpdc_pin_until":"","discourse_post_id":"","discourse_permalink":"","wpdc_publishing_response":"","wpdc_publishing_error":"","footnotes":""},"class_list":["post-5589","page","type-page","status-publish","hentry"],"yoast_head":"<!-- This site is optimized with the Yoast SEO plugin v25.3.1 - https:\/\/yoast.com\/wordpress\/plugins\/seo\/ -->\n<title>Chat WhatsApp - ajoutez plugin Fenetre chat WhatsApp sur Squarespace<\/title>\n<meta name=\"description\" content=\"Int\u00e9grez un Chat WhatsApp attractif sur votre site. Appliquez la d\u00e9mo d&#039;Elfsight et g\u00e9n\u00e9rez votre widget en quelques minutes.\" \/>\n<meta name=\"robots\" content=\"index, follow, max-snippet:-1, max-image-preview:large, max-video-preview:-1\" \/>\n<link rel=\"canonical\" href=\"https:\/\/elfsight.com\/fr\/whatsapp-chat-widget\/squarespace\/\" \/>\n<meta property=\"og:locale\" content=\"fr_FR\" \/>\n<meta property=\"og:type\" content=\"article\" \/>\n<meta property=\"og:title\" content=\"Chat WhatsApp - ajoutez plugin Fenetre chat WhatsApp sur Squarespace\" \/>\n<meta property=\"og:description\" content=\"Int\u00e9grez un Chat WhatsApp attractif sur votre site. Appliquez la d\u00e9mo d&#039;Elfsight et g\u00e9n\u00e9rez votre widget en quelques minutes.\" \/>\n<meta property=\"og:url\" content=\"https:\/\/elfsight.com\/fr\/whatsapp-chat-widget\/squarespace\/\" \/>\n<meta property=\"og:site_name\" content=\"Elfsight FR\" \/>\n<meta property=\"article:modified_time\" content=\"2025-11-01T11:13:54+00:00\" \/>\n<meta name=\"twitter:card\" content=\"summary_large_image\" \/>\n<meta name=\"twitter:label1\" content=\"Dur\u00e9e de lecture estim\u00e9e\" \/>\n\t<meta name=\"twitter:data1\" content=\"1 minute\" \/>\n<!-- \/ Yoast SEO plugin. -->","yoast_head_json":{"title":"Chat WhatsApp - ajoutez plugin Fenetre chat WhatsApp sur Squarespace","description":"Int\u00e9grez un Chat WhatsApp attractif sur votre site. Appliquez la d\u00e9mo d'Elfsight et g\u00e9n\u00e9rez votre widget en quelques minutes.","robots":{"index":"index","follow":"follow","max-snippet":"max-snippet:-1","max-image-preview":"max-image-preview:large","max-video-preview":"max-video-preview:-1"},"canonical":"https:\/\/elfsight.com\/fr\/whatsapp-chat-widget\/squarespace\/","og_locale":"fr_FR","og_type":"article","og_title":"Chat WhatsApp - ajoutez plugin Fenetre chat WhatsApp sur Squarespace","og_description":"Int\u00e9grez un Chat WhatsApp attractif sur votre site. Appliquez la d\u00e9mo d'Elfsight et g\u00e9n\u00e9rez votre widget en quelques minutes.","og_url":"https:\/\/elfsight.com\/fr\/whatsapp-chat-widget\/squarespace\/","og_site_name":"Elfsight FR","article_modified_time":"2025-11-01T11:13:54+00:00","twitter_card":"summary_large_image","twitter_misc":{"Dur\u00e9e de lecture estim\u00e9e":"1 minute"},"schema":{"@context":"https:\/\/schema.org","@graph":[{"@type":"WebPage","@id":"https:\/\/elfsight.com\/fr\/whatsapp-chat-widget\/squarespace\/","url":"https:\/\/elfsight.com\/fr\/whatsapp-chat-widget\/squarespace\/","name":"Chat WhatsApp - ajoutez plugin Fenetre chat WhatsApp sur Squarespace","isPartOf":{"@id":"https:\/\/elfsight.com\/fr\/#website"},"datePublished":"2021-12-03T09:27:44+00:00","dateModified":"2025-11-01T11:13:54+00:00","description":"Int\u00e9grez un Chat WhatsApp attractif sur votre site. Appliquez la d\u00e9mo d'Elfsight et g\u00e9n\u00e9rez votre widget en quelques minutes.","breadcrumb":{"@id":"https:\/\/elfsight.com\/fr\/whatsapp-chat-widget\/squarespace\/#breadcrumb"},"inLanguage":"fr-FR","potentialAction":[{"@type":"ReadAction","target":["https:\/\/elfsight.com\/fr\/whatsapp-chat-widget\/squarespace\/"]}]},{"@type":"BreadcrumbList","@id":"https:\/\/elfsight.com\/fr\/whatsapp-chat-widget\/squarespace\/#breadcrumb","itemListElement":[{"@type":"ListItem","position":1,"name":"Home","item":"https:\/\/elfsight.com\/fr\/"},{"@type":"ListItem","position":2,"name":"WhatsApp Chat","item":"https:\/\/elfsight.com\/fr\/whatsapp-chat-widget\/"},{"@type":"ListItem","position":3,"name":"Whatsapp Chat &#8211; Squarespace"}]},{"@type":"WebSite","@id":"https:\/\/elfsight.com\/fr\/#website","url":"https:\/\/elfsight.com\/fr\/","name":"Elfsight FR","description":"","potentialAction":[{"@type":"SearchAction","target":{"@type":"EntryPoint","urlTemplate":"https:\/\/elfsight.com\/fr\/?s={search_term_string}"},"query-input":{"@type":"PropertyValueSpecification","valueRequired":true,"valueName":"search_term_string"}}],"inLanguage":"fr-FR"}]}},"meta_box":{"industry":"","seo_heading":"","heading":"","description":"","cta_heading":"","cta_description":"","application":"814","h1":"Plugin Chat WhatsApp pour Squarespace","h1_caption":"Donnez aux utilisateurs la possibilit\u00e9 de vous contacter sur WhatsApp, garantissant ainsi l'interaction la plus rapide et la plus pratique pour les visiteurs de votre site Web sur votre site Web Squarespace sans effort.","application_category":[],"applications_title":"","applications_request_title":"","applications_request_button_text":"","hero_text":"","hero_video":"","hero_video_schema_markup":"","selling_points_title":"","selling_points_caption":"","selling_points":[],"selling_points_cta_text":"","features_title":"","features":"","ed_cta_examples_text":"","ed_cta_examples_hidden":"","ed_cta_demo_text":"","ed_cta_demo_hidden":"","why_caption":"","why_editor_title":"","why_editor_text":"","why_team_title":"","why_team_text":"","why_service_title":"","why_service_text":"","template_catalog_visible":"","template_catalog_title":"","template_catalog_text":"","template_catalog_categories_visible":"","demo_title":"Cr\u00e9ez votre plugin Whatsapp Chat","demo_caption":"Configurez votre chat Whatsapp et ajoutez-le gratuitement \u00e0 votre site Web Squarespace\u00a0!","default_faq_hidden":"","app_template_category":[],"platform":"361","template_public_id":"","codecanyon_url":"","codecanyon_item_id":"","codecanyon_price":"","pricing_caption":"","pricing_elfsight_apps_hide_column":"","pricing_elfsight_apps_url":"","pricing_codecanyon_price_caption":"","integration_category":[],"integration_request_title":"","integration_request_cta":"","integration_platform":"","integrations":[],"platform_category":[],"video_schema_markup":"","price":"\u00c0 partir de $0\/mois","trial":"","benefits":[{"text":"Installation gratuite"},{"text":"Support Premium"},{"text":"Garantie de remboursement de 14 jours"},{"text":"L'am\u00e9lioration continue"}],"button_url":"#demo","button_target_blank":"0","button_nofollow":"0","attributes":[{"name":"Nombre d'installations","content":"1,000 - 5,000","_state":"expanded"},{"name":"Adaptif","content":"Oui","_state":"expanded"},{"name":"Navigateurs compatibles","content":"Firefox, Safari, Opera, Chrome, Edge","_state":"expanded"}],"tags":[],"tags_disable_links":"0","hide_more_platforms":"","video_object":"","demo_hide_cta":"0","demo_hide_cloud_options":"0","pricing_title":"","pricing":[{"pricing_icon":"platform","pricing_title":"Applications d'Elfsight","pricing_title_caption":"Solution num\u00e9rique multiplateforme qui fonctionne sur n'importe quel site","pricing_price":"\u00c0 partir de $0\/mois","pricing_price_caption":"Commencez avec un plan gratuit","pricing_benefits":[{"text":"Sites Web illimit\u00e9s"},{"text":"\u00c9quipe d'assistance professionnelle"},{"text":"Service d'installation gratuit"},{"text":"100% personnalisable"}],"pricing_button_text":"Ajouter au site Web","pricing_button_url":"https:\/\/apps.elfsight.com\/sign-up\/","pricing_button_nofollow":"1","_state":"expanded"}],"related_apps_title":"","related_apps_hidden":"1","author":"","image":[],"title":"","job":"","social_networks":[]},"_links":{"self":[{"href":"https:\/\/elfsight.com\/fr\/wp-json\/wp\/v2\/pages\/5589","targetHints":{"allow":["GET"]}}],"collection":[{"href":"https:\/\/elfsight.com\/fr\/wp-json\/wp\/v2\/pages"}],"about":[{"href":"https:\/\/elfsight.com\/fr\/wp-json\/wp\/v2\/types\/page"}],"author":[{"embeddable":true,"href":"https:\/\/elfsight.com\/fr\/wp-json\/wp\/v2\/users\/18"}],"replies":[{"embeddable":true,"href":"https:\/\/elfsight.com\/fr\/wp-json\/wp\/v2\/comments?post=5589"}],"version-history":[{"count":2,"href":"https:\/\/elfsight.com\/fr\/wp-json\/wp\/v2\/pages\/5589\/revisions"}],"predecessor-version":[{"id":14753,"href":"https:\/\/elfsight.com\/fr\/wp-json\/wp\/v2\/pages\/5589\/revisions\/14753"}],"up":[{"embeddable":true,"href":"https:\/\/elfsight.com\/fr\/wp-json\/wp\/v2\/pages\/815"}],"wp:attachment":[{"href":"https:\/\/elfsight.com\/fr\/wp-json\/wp\/v2\/media?parent=5589"}],"curies":[{"name":"wp","href":"https:\/\/api.w.org\/{rel}","templated":true}]}}