{"id":5583,"date":"2021-12-03T09:27:55","date_gmt":"2021-12-03T09:27:55","guid":{"rendered":"https:\/\/elfsight.com\/fr\/?page_id=5583"},"modified":"2025-07-10T15:03:14","modified_gmt":"2025-07-10T15:03:14","slug":"opencart","status":"publish","type":"page","link":"https:\/\/elfsight.com\/fr\/whatsapp-chat-widget\/opencart\/","title":{"rendered":"Whatsapp Chat &#8211; OpenCart"},"content":{"rendered":"<div class=\"application-platform-content-item-description application-platform-content-item\" id=\"description\" data-nav-section=\"description\"> <h2>Int\u00e9grer le chat WhatsApp avec le widget Elfsight<\/h2> <p>Le module WhatsApp d&rsquo;Elfsight est le plus simple pour que les utilisateurs de votre site Web vous contactent et entendent r\u00e9ponses \u00e0 leurs questions et demandes. Restez disponible d\u00e8s maintenant pour votre client\u00e8le dans le confortable messager non-stop. Int\u00e9grez le chat sur votre boutique et s\u00e9lectionnez-le pour appara\u00eetre sur des pages sp\u00e9cifi\u00e9es ou pour des types de clients s\u00e9lectionn\u00e9s\u00a0; introduire des d\u00e9clencheurs de d\u00e9marrage de discussion\u00a0; composez votre propre message de bienvenue\u00a0; d\u00e9finir des ic\u00f4nes et faire plus encore. En utilisant le chat OpenCart int\u00e9gr\u00e9 au site Web, vous serez connect\u00e9 \u00e0 vos clients \u00e0 tout moment et de n&rsquo;importe o\u00f9. <\/p> <div class=\"faq\" data-component=\"FAQ\"><div class=\"faq-item\">\r\n\t\t\t\t\t<div class=\"faq-item-question\">\r\n\t\t\t\t\t\t<h3 class=\"faq-item-question-text\">Comment ajouter le bouton WhatsApp Chat \u00e0 Opencart ?<\/h3>\r\n\r\n\t\t\t\t\t\t<div class=\"faq-item-question-icon\"><\/div>\r\n\t\t\t\t\t<\/div>\r\n\r\n\t\t\t\t\t<div class=\"faq-item-answer\">\r\n\t\t\t\t\t\t<div class=\"faq-item-answer-text\"><p>L&rsquo;ajout au site Web prendra une minute et demie. De plus, vous n\u2019avez pas besoin d\u2019avoir des connaissances en programmation web. <\/p><ol><li>Modifiez le plugin de chat WhatsApp dans le configurateur gratuit et voyez les ajustements en direct. <\/li> <li>Obtenez votre code d&rsquo;installation individuel. <\/li> <li>Int\u00e9grez le code du module de discussion WhatsApp \u00e0 l&rsquo;endroit n\u00e9cessaire dans le mod\u00e8le Opencart. <\/li> <li>Compris\u00a0! La configuration de l&rsquo;extension de chat sur Opencart est termin\u00e9e\u00a0!<\/li><\/ol><p>Vous rencontrez des probl\u00e8mes pour mettre le module sur le site Web ou pour le configurer\u00a0? Vous pouvez trouver le guide d\u00e9taill\u00e9 <a href=\"https:\/\/elfsight.com\/tutorials\/how-to-add-whatsapp-chat-widget-to-website\/#how-to-add-whatsapp-to-opencart\">sur cette page<\/a>. <\/p><\/div>\r\n\t\t\t\t\t<\/div>\r\n\t\t\t\t<\/div><div class=\"faq-item\">\r\n\t\t\t\t\t<div class=\"faq-item-question\">\r\n\t\t\t\t\t\t<h3 class=\"faq-item-question-text\">Ai-je une chance de voir \u00e0 quoi ressemblera le widget sur un site Web ?<\/h3>\r\n\r\n\t\t\t\t\t\t<div class=\"faq-item-question-icon\"><\/div>\r\n\t\t\t\t\t<\/div>\r\n\r\n\t\t\t\t\t<div class=\"faq-item-answer\">\r\n\t\t\t\t\t\t<div class=\"faq-item-answer-text\"><p>Oui, vous pouvez\u00a0! Lors du d\u00e9veloppement du plugin de chat WhatsApp pour Opencart <a href=\"https:\/\/elfsight.com\/whatsapp-chat-widget\/#demo\">dans l&rsquo;\u00e9diteur en ligne<\/a>, vous consid\u00e9rerez toutes les configurations \u00e0 droite . La bo\u00eete de discussion aura exactement la m\u00eame apparence que celle que vous ajouterez \u00e0 votre site Web Opencart. <\/p><\/div>\r\n\t\t\t\t\t<\/div>\r\n\t\t\t\t<\/div><div class=\"faq-item\">\r\n\t\t\t\t\t<div class=\"faq-item-question\">\r\n\t\t\t\t\t\t<h3 class=\"faq-item-question-text\">Quels autres widgets sont n\u00e9cessaires pour un site Opencart ?<\/h3>\r\n\r\n\t\t\t\t\t\t<div class=\"faq-item-question-icon\"><\/div>\r\n\t\t\t\t\t<\/div>\r\n\r\n\t\t\t\t\t<div class=\"faq-item-answer\">\r\n\t\t\t\t\t\t<div class=\"faq-item-answer-text\"><p>Il existe de nombreux plugins Elfsight que vous pouvez ajouter au site Web Opencart et le mettre \u00e0 niveau en quelques minutes. . Par exemple, il existe <a href=\"https:\/\/elfsight.com\/whatsapp-chat-widget\/opencart\/\">WhatsApp Chat<\/a>, <a href=\"https:\/\/elfsight.com\/instagram- feed-instashow\/opencart\/\">Flux Instagram<\/a> et <a href=\"https:\/\/elfsight.com\/facebook-chat-widget\/opencart\/\">Facebook Chat<\/a>. Vous pouvez \u00e9galement utiliser <a href=\"https:\/\/elfsight.com\/google-reviews-widget\/opencart\/\">avis Google<\/a> et <a href=\"https:\/\/elfsight.com\/slider- widget\/opencart\/\">Widget de curseur<\/a>. Tous sont utiles pour am\u00e9liorer les fonctionnalit\u00e9s de votre site Web.<\/p><\/div>\r\n\t\t\t\t\t<\/div>\r\n\t\t\t\t<\/div><\/div><\/div> <div class=\"application-platform-content-item-features application-platform-content-item\" id=\"features\" data-nav-section=\"features\"> <h2>Principales fonctionnalit\u00e9s du widget de chat WhatsApp<\/h2> <p>Pour mieux comprendre l&rsquo;extension de chat, examinez la liste de ses principales fonctionnalit\u00e9s. Ils rendent notre module incroyablement b\u00e9n\u00e9fique pour votre entreprise\u00a0: <\/p> <ul><li>Ajoutez WhatsApp Messenger sur votre boutique pour \u00e9tablir la communication avec les clients\u00a0; <\/li><li>Fournissez des r\u00e9ponses directement depuis votre compte WhatsApp\u00a0; <\/li><li> Trois options de position de discussion\u00a0: bulle flottante, bulle int\u00e9gr\u00e9e et fen\u00eatre de discussion int\u00e9gr\u00e9e\u00a0; <\/li><li>Explorez une collection d&rsquo;ic\u00f4nes de bulles parmi lesquelles s\u00e9lectionner\u00a0; <\/li><li>Texte de bulle modifiable. <\/li><\/ul><p><a href=\"#demo\">Pour v\u00e9rifier toutes les fonctionnalit\u00e9s, consultez notre d\u00e9mo<\/a><\/p> <\/div> <div class=\"application-platform-content-item-installation application-platform-content-item\" id=\"installation\" data-nav-section=\"installation\"> <h2>Comment ajouter le module Live Chat \u00e0 votre site Web OpenCart<\/h2> <p>Ces plusieurs actions sont la seule chose dont vous avez besoin pour int\u00e9grer Whatsapp.<\/p> <ol><li><b>Lancez notre configurateur gratuit et commencez \u00e0 cr\u00e9er votre propre extension Whatsapp Chat. <\/b><br> D\u00e9terminez la disposition personnalis\u00e9e et les aspects de l&rsquo;extension et appliquez toutes les corrections. <\/li> <li><b>Acqu\u00e9rir le code unique affich\u00e9 dans la case sur les applications Elfsight. <\/b><br> Une fois la configuration de votre extension termin\u00e9e, copiez votre code dans la zone qui appara\u00eet et enregistrez-le pour une utilisation future. <\/li> <li><b>Commencez \u00e0 utiliser l&rsquo;extension sur votre page Web OpenCart. <\/b><br> Collez le code copi\u00e9 auparavant dans votre site et appliquez les corrections. <\/li> <li><b>L&rsquo;installation est enti\u00e8rement effectu\u00e9e. <\/b><br> Ouvrez votre site pour voir comment fonctionne l&rsquo;extension. <\/li><\/ol><p>Vous n&rsquo;arrivez toujours pas \u00e0 vous d\u00e9cider\u00a0? Ou vous avez des probl\u00e8mes ? Une simple demande \u00e0 notre service client r\u00e9soudra toute question. <\/p> <\/div><div class=\"faq\" data-component=\"FAQ\"><div class=\"faq-item\">\r\n\t\t\t\t\t<div class=\"faq-item-question\">\r\n\t\t\t\t\t\t<h3 class=\"faq-item-question-text\">Existe-t-il une option pour ajouter Whatsapp Chat \u00e0 ma page Web OpenCart sans comp\u00e9tences en codage ?<\/h3>\r\n\r\n\t\t\t\t\t\t<div class=\"faq-item-question-icon\"><\/div>\r\n\t\t\t\t\t<\/div>\r\n\r\n\t\t\t\t\t<div class=\"faq-item-answer\">\r\n\t\t\t\t\t\t<div class=\"faq-item-answer-text\"><p>Elfsight La soci\u00e9t\u00e9 propose une solution qui permet \u00e0 un large public de cr\u00e9er vous-m\u00eame un widget de chat Whatsapp. D\u00e9couvrez les \u00e9tapes simples\u00a0: <\/p><ul><li>Commencez \u00e0 travailler directement dans l&rsquo;\u00e9diteur en direct pour cr\u00e9er une application de chat Whatsapp sur laquelle vous souhaitez appara\u00eetre. Site Web OpenCart.<\/li><li>Choisissez l&rsquo;un des mod\u00e8les pr\u00e9d\u00e9finis et ajustez les param\u00e8tres de chat Whatsapp, modifiez la mise en page et les couleurs, mettez \u00e0 jour votre contenu sans exp\u00e9rience de codage.<\/li><li>Cliquez pour enregistrer le param\u00e8tres que vous avez d\u00e9finis sur Whatsapp Chat et copiez le code d&rsquo;installation du widget, qui peut \u00eatre facilement ajout\u00e9 gratuitement \u00e0 la page d&rsquo;accueil d&rsquo;OpenCart. <\/li><\/ul><p>Avec l&rsquo;aide de l&rsquo;\u00e9diteur facile \u00e0 utiliser, chaque utilisateur Web peut g\u00e9n\u00e9rer le plugin Whatsapp Chat en ligne et l&rsquo;int\u00e9grer facilement \u00e0 la page d&rsquo;accueil d&rsquo;OpenCart. Vous ne devez pas payer ni saisir les donn\u00e9es de votre carte pour acc\u00e9der au service Elfsight. Si vous rencontrez des probl\u00e8mes de quelque nature que ce soit, n&rsquo;h\u00e9sitez pas \u00e0 contacter notre support technique client.<\/p><\/div>\r\n\t\t\t\t\t<\/div>\r\n\t\t\t\t<\/div><\/div>","protected":false},"excerpt":{"rendered":"","protected":false},"author":18,"featured_media":0,"parent":815,"menu_order":0,"comment_status":"closed","ping_status":"closed","template":"templates\/template-application-platform.php","meta":{"publish_to_discourse":"","publish_post_category":"","wpdc_auto_publish_overridden":"","wpdc_topic_tags":"","wpdc_pin_topic":"","wpdc_pin_until":"","discourse_post_id":"","discourse_permalink":"","wpdc_publishing_response":"","wpdc_publishing_error":"","footnotes":""},"class_list":["post-5583","page","type-page","status-publish","hentry"],"yoast_head":"<!-- This site is optimized with the Yoast SEO plugin v25.3.1 - https:\/\/yoast.com\/wordpress\/plugins\/seo\/ -->\n<title>Chat WhatsApp - ajoutez plugin Fenetre chat WhatsApp sur OpenCart<\/title>\n<meta name=\"description\" content=\"Int\u00e9grez un Chat WhatsApp avantageux sur votre site. Appliquez la d\u00e9mo d&#039;Elfsight et g\u00e9n\u00e9rez votre module en 2 minutes.\" \/>\n<meta name=\"robots\" content=\"index, follow, max-snippet:-1, max-image-preview:large, max-video-preview:-1\" \/>\n<link rel=\"canonical\" href=\"https:\/\/elfsight.com\/fr\/whatsapp-chat-widget\/opencart\/\" \/>\n<meta property=\"og:locale\" content=\"fr_FR\" \/>\n<meta property=\"og:type\" content=\"article\" \/>\n<meta property=\"og:title\" content=\"Chat WhatsApp - ajoutez plugin Fenetre chat WhatsApp sur OpenCart\" \/>\n<meta property=\"og:description\" content=\"Int\u00e9grez un Chat WhatsApp avantageux sur votre site. Appliquez la d\u00e9mo d&#039;Elfsight et g\u00e9n\u00e9rez votre module en 2 minutes.\" \/>\n<meta property=\"og:url\" content=\"https:\/\/elfsight.com\/fr\/whatsapp-chat-widget\/opencart\/\" \/>\n<meta property=\"og:site_name\" content=\"Elfsight FR\" \/>\n<meta property=\"article:modified_time\" content=\"2025-07-10T15:03:14+00:00\" \/>\n<meta name=\"twitter:card\" content=\"summary_large_image\" \/>\n<meta name=\"twitter:label1\" content=\"Dur\u00e9e de lecture estim\u00e9e\" \/>\n\t<meta name=\"twitter:data1\" content=\"1 minute\" \/>\n<!-- \/ Yoast SEO plugin. -->","yoast_head_json":{"title":"Chat WhatsApp - ajoutez plugin Fenetre chat WhatsApp sur OpenCart","description":"Int\u00e9grez un Chat WhatsApp avantageux sur votre site. Appliquez la d\u00e9mo d'Elfsight et g\u00e9n\u00e9rez votre module en 2 minutes.","robots":{"index":"index","follow":"follow","max-snippet":"max-snippet:-1","max-image-preview":"max-image-preview:large","max-video-preview":"max-video-preview:-1"},"canonical":"https:\/\/elfsight.com\/fr\/whatsapp-chat-widget\/opencart\/","og_locale":"fr_FR","og_type":"article","og_title":"Chat WhatsApp - ajoutez plugin Fenetre chat WhatsApp sur OpenCart","og_description":"Int\u00e9grez un Chat WhatsApp avantageux sur votre site. Appliquez la d\u00e9mo d'Elfsight et g\u00e9n\u00e9rez votre module en 2 minutes.","og_url":"https:\/\/elfsight.com\/fr\/whatsapp-chat-widget\/opencart\/","og_site_name":"Elfsight FR","article_modified_time":"2025-07-10T15:03:14+00:00","twitter_card":"summary_large_image","twitter_misc":{"Dur\u00e9e de lecture estim\u00e9e":"1 minute"},"schema":{"@context":"https:\/\/schema.org","@graph":[{"@type":"WebPage","@id":"https:\/\/elfsight.com\/fr\/whatsapp-chat-widget\/opencart\/","url":"https:\/\/elfsight.com\/fr\/whatsapp-chat-widget\/opencart\/","name":"Chat WhatsApp - ajoutez plugin Fenetre chat WhatsApp sur OpenCart","isPartOf":{"@id":"https:\/\/elfsight.com\/fr\/#website"},"datePublished":"2021-12-03T09:27:55+00:00","dateModified":"2025-07-10T15:03:14+00:00","description":"Int\u00e9grez un Chat WhatsApp avantageux sur votre site. Appliquez la d\u00e9mo d'Elfsight et g\u00e9n\u00e9rez votre module en 2 minutes.","breadcrumb":{"@id":"https:\/\/elfsight.com\/fr\/whatsapp-chat-widget\/opencart\/#breadcrumb"},"inLanguage":"fr-FR","potentialAction":[{"@type":"ReadAction","target":["https:\/\/elfsight.com\/fr\/whatsapp-chat-widget\/opencart\/"]}]},{"@type":"BreadcrumbList","@id":"https:\/\/elfsight.com\/fr\/whatsapp-chat-widget\/opencart\/#breadcrumb","itemListElement":[{"@type":"ListItem","position":1,"name":"Home","item":"https:\/\/elfsight.com\/fr\/"},{"@type":"ListItem","position":2,"name":"WhatsApp Chat","item":"https:\/\/elfsight.com\/fr\/whatsapp-chat-widget\/"},{"@type":"ListItem","position":3,"name":"Whatsapp Chat &#8211; OpenCart"}]},{"@type":"WebSite","@id":"https:\/\/elfsight.com\/fr\/#website","url":"https:\/\/elfsight.com\/fr\/","name":"Elfsight FR","description":"","potentialAction":[{"@type":"SearchAction","target":{"@type":"EntryPoint","urlTemplate":"https:\/\/elfsight.com\/fr\/?s={search_term_string}"},"query-input":{"@type":"PropertyValueSpecification","valueRequired":true,"valueName":"search_term_string"}}],"inLanguage":"fr-FR"}]}},"meta_box":{"industry":"","seo_heading":"","heading":"","description":"","cta_heading":"","cta_description":"","application":"814","h1":"Plugin Chat WhatsApp pour OpenCart","h1_caption":"Donnez aux utilisateurs la possibilit\u00e9 de vous contacter sur WhatsApp, garantissant ainsi l'interaction la plus rapide et la plus pratique pour les visiteurs de votre site Web sur votre site Web Opencart sans effort.","application_category":[],"applications_title":"","applications_request_title":"","applications_request_button_text":"","hero_text":"","hero_video":"","hero_video_schema_markup":"","selling_points_title":"","selling_points_caption":"","selling_points":[],"selling_points_cta_text":"","features_title":"","features":"","ed_cta_examples_text":"","ed_cta_examples_hidden":"","ed_cta_demo_text":"","ed_cta_demo_hidden":"","why_caption":"","why_editor_title":"","why_editor_text":"","why_team_title":"","why_team_text":"","why_service_title":"","why_service_text":"","template_catalog_visible":"","template_catalog_title":"","template_catalog_text":"","template_catalog_categories_visible":"","demo_title":"Cr\u00e9ez votre extension de chat Whatsapp","demo_caption":"Configurez votre chat Whatsapp et ajoutez-le \u00e0 votre site Web OpenCart gratuitement !","default_faq_hidden":"","app_template_category":[],"platform":"359","template_public_id":"","codecanyon_url":"","codecanyon_item_id":"","codecanyon_price":"","pricing_caption":"","pricing_elfsight_apps_hide_column":"","pricing_elfsight_apps_url":"","pricing_codecanyon_price_caption":"","integration_category":[],"integration_request_title":"","integration_request_cta":"","integration_platform":"","integrations":[],"platform_category":[],"video_schema_markup":"","price":"\u00c0 partir de $0\/mois","trial":"","benefits":[{"text":"Installation gratuite"},{"text":"Support Premium"},{"text":"Garantie de remboursement de 14 jours"},{"text":"L'am\u00e9lioration continue"}],"button_url":"#demo","button_target_blank":"0","button_nofollow":"0","attributes":[{"name":"Nombre d'installations","content":"1,000 - 5,000","_state":"expanded"},{"name":"Adaptif","content":"Oui","_state":"expanded"},{"name":"Navigateurs compatibles","content":"Firefox, Safari, Opera, Chrome, Edge","_state":"expanded"}],"tags":[],"tags_disable_links":"0","hide_more_platforms":"","video_object":"","demo_hide_cta":"0","demo_hide_cloud_options":"0","pricing_title":"","pricing":[{"pricing_icon":"platform","pricing_title":"Applications d'Elfsight","pricing_title_caption":"Solution num\u00e9rique multiplateforme qui fonctionne sur n'importe quel site","pricing_price":"\u00c0 partir de $0\/mois","pricing_price_caption":"Commencez avec un plan gratuit","pricing_benefits":[{"text":"Sites Web illimit\u00e9s"},{"text":"\u00c9quipe d'assistance professionnelle"},{"text":"Service d'installation gratuit"},{"text":"100% personnalisable"}],"pricing_button_text":"Ajouter au site Web","pricing_button_url":"https:\/\/apps.elfsight.com\/sign-up\/","pricing_button_nofollow":"1","_state":"expanded"}],"related_apps_title":"","related_apps_hidden":"1","author":"","image":[],"title":"","job":"","social_networks":[]},"_links":{"self":[{"href":"https:\/\/elfsight.com\/fr\/wp-json\/wp\/v2\/pages\/5583","targetHints":{"allow":["GET"]}}],"collection":[{"href":"https:\/\/elfsight.com\/fr\/wp-json\/wp\/v2\/pages"}],"about":[{"href":"https:\/\/elfsight.com\/fr\/wp-json\/wp\/v2\/types\/page"}],"author":[{"embeddable":true,"href":"https:\/\/elfsight.com\/fr\/wp-json\/wp\/v2\/users\/18"}],"replies":[{"embeddable":true,"href":"https:\/\/elfsight.com\/fr\/wp-json\/wp\/v2\/comments?post=5583"}],"version-history":[{"count":2,"href":"https:\/\/elfsight.com\/fr\/wp-json\/wp\/v2\/pages\/5583\/revisions"}],"predecessor-version":[{"id":14755,"href":"https:\/\/elfsight.com\/fr\/wp-json\/wp\/v2\/pages\/5583\/revisions\/14755"}],"up":[{"embeddable":true,"href":"https:\/\/elfsight.com\/fr\/wp-json\/wp\/v2\/pages\/815"}],"wp:attachment":[{"href":"https:\/\/elfsight.com\/fr\/wp-json\/wp\/v2\/media?parent=5583"}],"curies":[{"name":"wp","href":"https:\/\/api.w.org\/{rel}","templated":true}]}}