{"id":5579,"date":"2021-12-03T09:28:02","date_gmt":"2021-12-03T09:28:02","guid":{"rendered":"https:\/\/elfsight.com\/fr\/?page_id=5579"},"modified":"2024-12-20T10:54:29","modified_gmt":"2024-12-20T10:54:29","slug":"magento","status":"publish","type":"page","link":"https:\/\/elfsight.com\/fr\/whatsapp-chat-widget\/magento\/","title":{"rendered":"Whatsapp Chat &#8211; Magento"},"content":{"rendered":"\n<div class=\"application-platform-content-item-description application-platform-content-item\" id=\"description\" data-nav-section=\"description\"> \n  <h2>Int\u00e9grer le chat WhatsApp avec le widget Elfsight<\/h2> \n  <p>Le plugin WhatsApp cr\u00e9\u00e9 par Elfsight est un outil simple permettant aux utilisateurs de votre site Web de vous envoyer des messages et d&rsquo;obtenir des r\u00e9ponses \u00e0 leurs questions. Vous pouvez d\u00e8s maintenant rester disponible pour votre public sur l&rsquo;un des messagers les plus populaires. Int\u00e9grez le chat sur votre boutique et faites-le appara\u00eetre sur des pages choisies ou pour certains types d&rsquo;utilisateurs ; activez les d\u00e9clencheurs de d\u00e9marrage du chat ; r\u00e9digez votre propre message de bienvenue ; choisissez des ic\u00f4nes, et bien plus encore. Gr\u00e2ce au chat Magento int\u00e9gr\u00e9 \u00e0 votre site Web, vous resterez disponible pour votre public \u00e0 tout moment et peu importe o\u00f9 vous vous trouvez.<\/p> \n  <p>L&rsquo;extension de chat WhatsApp peut consid\u00e9rablement am\u00e9liorer les fonctionnalit\u00e9s de votre site Web. Int\u00e9grez simplement WhatsApp \u00e0 n&rsquo;importe quelle page de votre site, et vous verrez comment cela change compl\u00e8tement la fa\u00e7on dont vous interagissez avec votre public. Vous \u00eates libre de choisir les utilisateurs qui pourront voir votre int\u00e9gration WhatsApp. Si vous choisissez d&rsquo;ajouter le chat WhatsApp sur l&rsquo;une des pages de votre site, vous pourrez fournir une assistance de tous types \u00e0 vos clients &#8211; du support client aux conversations informelles. Avec WhatsApp ajout\u00e9 \u00e0 votre site, vous aurez sans aucun doute la possibilit\u00e9 de d\u00e9velopper rapidement votre entreprise.<\/p>\n\n  <p>Notre extension WhatsApp gratuite est \u00e9galement tr\u00e8s facile \u00e0 personnaliser, ce qui est une bonne nouvelle pour vous, car vous pouvez l&rsquo;adapter en fonction du design de votre page entreprise. Il vous suffit de commencer par choisir les couleurs appropri\u00e9es ou d&rsquo;utiliser l&rsquo;un des mod\u00e8les pr\u00eats \u00e0 l&#8217;emploi. Comme vous pouvez enti\u00e8rement r\u00e9inventer l&rsquo;apparence de l&rsquo;extension de chat WhatsApp, elle deviendra facilement une partie int\u00e9grante du design et du style de votre site Web. Commencez simplement \u00e0 cr\u00e9er votre extension et vous verrez comment elle se transforme en une fonctionnalit\u00e9 pratique et attrayante sur les pages de votre site Web, le tout accessible en un simple clic de souris.<\/p>\n\n<div class=\"faq\" data-component=\"FAQ\"> \n  <div class=\"faq-item\">\r\n\t\t\t\t\t<div class=\"faq-item-question\">\r\n\t\t\t\t\t\t<h3 class=\"faq-item-question-text\">Comment ajouter la bo\u00eete de discussion WhatsApp \u00e0 une page Magento ?<\/h3>\r\n\r\n\t\t\t\t\t\t<div class=\"faq-item-question-icon\"><\/div>\r\n\t\t\t\t\t<\/div>\r\n\r\n\t\t\t\t\t<div class=\"faq-item-answer\">\r\n\t\t\t\t\t\t<div class=\"faq-item-answer-text\"> \n    <p>L&rsquo;installation prend quelques secondes. Tout d&rsquo;abord, personnalisez le plugin WhatsApp Chat pour Magento dans le configurateur en ligne gratuit, puis copiez le code d&rsquo;installation depuis la fen\u00eatre contextuelle, collez-le \u00e0 l&rsquo;endroit voulu dans le mod\u00e8le de votre site Web. Bravo ! L&rsquo;int\u00e9gration de l&rsquo;extension WhatsApp sur Magento est parfaite !<\/p> \n    <p>Vous avez des probl\u00e8mes pour installer ou formater le plugin WhatsApp Chat sur Magento ? Vous pouvez consulter le guide d\u00e9taill\u00e9 <a href=\"https:\/\/elfsight.com\/tutorials\/how-to-add-whatsapp-chat-widget-to-website\/#how-to-add-whatsapp-to-magento\">sur cette page<\/a>.<\/p> \n  <\/div>\r\n\t\t\t\t\t<\/div>\r\n\t\t\t\t<\/div> \n  <div class=\"faq-item\">\r\n\t\t\t\t\t<div class=\"faq-item-question\">\r\n\t\t\t\t\t\t<h3 class=\"faq-item-question-text\">Puis-je voir \u00e0 quoi ressemblera l'extension sur un site ?<\/h3>\r\n\r\n\t\t\t\t\t\t<div class=\"faq-item-question-icon\"><\/div>\r\n\t\t\t\t\t<\/div>\r\n\r\n\t\t\t\t\t<div class=\"faq-item-answer\">\r\n\t\t\t\t\t\t<div class=\"faq-item-answer-text\"> \n    <p>Bien s\u00fbr ! Lors de la cr\u00e9ation du plugin de chat WhatsApp Magento <a href=\"https:\/\/elfsight.com\/whatsapp-chat-widget\/#demo\">dans l&rsquo;\u00e9diteur en ligne gratuit<\/a>, vous pourrez voir toutes les modifications \u00e0 droite. La bo\u00eete de discussion sera identique \u00e0 celle que vous aurez sur un site Magento.<\/p> \n  <\/div>\r\n\t\t\t\t\t<\/div>\r\n\t\t\t\t<\/div> \n  <div class=\"faq-item\">\r\n\t\t\t\t\t<div class=\"faq-item-question\">\r\n\t\t\t\t\t\t<h3 class=\"faq-item-question-text\">Quels plugins populaires sont n\u00e9cessaires pour un site Web Magento ?<\/h3>\r\n\r\n\t\t\t\t\t\t<div class=\"faq-item-question-icon\"><\/div>\r\n\t\t\t\t\t<\/div>\r\n\r\n\t\t\t\t\t<div class=\"faq-item-answer\">\r\n\t\t\t\t\t\t<div class=\"faq-item-answer-text\"> \n    <p>Vous pouvez ajouter un nombre illimit\u00e9 de plugins \u00e0 votre site Web Magento. De plus, vous pouvez toujours utiliser les plugins Elfsight pour \u00e9largir les fonctionnalit\u00e9s de votre site.<\/p> \n    <p>Par exemple, ajoutez un <a href=\"https:\/\/elfsight.com\/whatsapp-chat-widget\/magento\/\">chat WhatsApp<\/a> ou un <a href=\"https:\/\/elfsight.com\/facebook-chat-widget\/magento\/\">chat Facebook<\/a> sur votre site pour atteindre vos clients via leur messagerie pr\u00e9f\u00e9r\u00e9e. Ajoutez des <a href=\"https:\/\/elfsight.com\/amazon-reviews-widget\/magento\/\">avis Amazon<\/a> et <a href=\"https:\/\/elfsight.com\/google-reviews-widget\/magento\/\">avis Google<\/a> pour afficher les avis r\u00e9els des clients actuels sur votre site. Enfin, int\u00e9grez un <a href=\"https:\/\/elfsight.com\/instagram-feed-instashow\/magento\/\">flux Instagram<\/a> en tant que galerie de photos compl\u00e8te sur votre page Web.<\/p> \n  <\/div>\r\n\t\t\t\t\t<\/div>\r\n\t\t\t\t<\/div> \n<\/div>\n\n<\/div> \n\n<div class=\"application-platform-content-item-features application-platform-content-item\" id=\"features\" data-nav-section=\"features\"> \n  <h2>Principales fonctionnalit\u00e9s de l&rsquo;extension WhatsApp Chat<\/h2> \n  <p>Pour mieux comprendre l&rsquo;extension WhatsApp Chat, d\u00e9couvrez la liste des principales fonctionnalit\u00e9s. Elles rendent l&rsquo;extension incroyablement efficace pour votre promotion : <\/p> \n  <ul>\n    <li>Int\u00e9grer le messager WhatsApp sur votre site Web pour rester en contact avec votre public ; <\/li>\n    <li>R\u00e9pondez aux messages directement depuis votre compte WhatsApp ; <\/li>\n    <li>Essayez trois options de position pour la discussion : bulle flottante, bulle int\u00e9gr\u00e9e, et fen\u00eatre de chat int\u00e9gr\u00e9e ; <\/li>\n    <li>Choisissez votre variante d&rsquo;ic\u00f4ne de bulle parmi l&rsquo;ensemble des ic\u00f4nes disponibles ; <\/li>\n    <li>Modifiez le texte de la bulle de chat. <\/li>\n  <\/ul>\n  <p><a href=\"#demo\">Pour d\u00e9couvrir toutes les fonctionnalit\u00e9s, consultez la d\u00e9mo en direct<\/a><\/p> \n<\/div> \n\n<div class=\"application-platform-content-item-installation application-platform-content-item\" id=\"installation\" data-nav-section=\"installation\"> \n  <h2>Comment ajouter l&rsquo;extension Live Chat \u00e0 votre site Web Magento<\/h2> \n  <p>Suivez simplement les \u00e9tapes ci-dessous pour commencer \u00e0 utiliser l&rsquo;outil sur Magento.<\/p> \n  <ol>\n    <li><b>Ouvrez notre configurateur gratuit et commencez \u00e0 cr\u00e9er votre extension WhatsApp Chat sur mesure. <\/b><br> \n      D\u00e9terminez la disposition et les fonctionnalit\u00e9s pr\u00e9f\u00e9r\u00e9es de l&rsquo;extension et enregistrez les modifications. <\/li> \n    <li><b>Obtenez le code personnel qui s&rsquo;affiche dans la case sur les applications Elfsight. <\/b><br> \n      Une fois la cr\u00e9ation de votre widget termin\u00e9e, copiez le code qui appara\u00eet dans la fen\u00eatre contextuelle et conservez-le pour un usage ult\u00e9rieur. <\/li> \n    <li><b>Commencez \u00e0 utiliser l&rsquo;outil sur votre site Web Magento. <\/b><br> \n      Int\u00e9grez le code que vous avez enregistr\u00e9 pr\u00e9c\u00e9demment sur votre page d&rsquo;accueil et enregistrez les modifications. <\/li> \n    <li><b>Fait ! L&rsquo;int\u00e9gration est enti\u00e8rement termin\u00e9e. <\/b><br> \n      Visitez votre site pour v\u00e9rifier comment fonctionne l&rsquo;outil. <\/li>\n  <\/ol>\n  <p>Il vous reste des questions ? Ou vous rencontrez des probl\u00e8mes ? Une simple demande \u00e0 notre service client vous aidera \u00e0 r\u00e9soudre tout probl\u00e8me.<\/p> \n<\/div>\n\n<div class=\"faq\" data-component=\"FAQ\"> \n  <div class=\"faq-item\">\r\n\t\t\t\t\t<div class=\"faq-item-question\">\r\n\t\t\t\t\t\t<h3 class=\"faq-item-question-text\">Comment int\u00e9grer WhatsApp Chat \u00e0 mon site Web Magento sans exp\u00e9rience en codage ?<\/h3>\r\n\r\n\t\t\t\t\t\t<div class=\"faq-item-question-icon\"><\/div>\r\n\t\t\t\t\t<\/div>\r\n\r\n\t\t\t\t\t<div class=\"faq-item-answer\">\r\n\t\t\t\t\t\t<div class=\"faq-item-answer-text\"> \n    <p>Elfsight propose une solution Cloud permettant \u00e0 un large public de cr\u00e9er facilement un widget WhatsApp Chat. D\u00e9couvrez \u00e0 quel point c&rsquo;est simple : <\/p>\n    <ul>\n      <li>Cr\u00e9ez directement dans la d\u00e9mo en ligne l&rsquo;application WhatsApp Chat que vous souhaitez voir sur votre site Magento.<\/li>\n      <li>Choisissez l&rsquo;un des mod\u00e8les pr\u00eats \u00e0 l&#8217;emploi et modifiez les param\u00e8tres du WhatsApp Chat, la mise en page et la couleur des \u00e9l\u00e9ments, ajoutez votre contenu sans codage.<\/li>\n      <li>Cliquez pour enregistrer le WhatsApp Chat et obtenez le code d&rsquo;installation du widget, que vous pouvez int\u00e9grer facilement dans n&rsquo;importe quel site Magento sans avoir \u00e0 acheter un abonnement payant.<\/li>\n    <\/ul>\n    <p>Avec notre \u00e9diteur intuitif, n&rsquo;importe quel utilisateur peut cr\u00e9er facilement une section de chat WhatsApp et l&rsquo;int\u00e9grer \u00e0 la page d&rsquo;accueil de Magento. Vous n&rsquo;avez pas besoin de payer ni de soumettre vos informations de carte pour acc\u00e9der \u00e0 notre service. Si vous rencontrez des probl\u00e8mes \u00e0 n&rsquo;importe quelle \u00e9tape, n&rsquo;h\u00e9sitez pas \u00e0 contacter notre service client.<\/p> \n  <\/div>\r\n\t\t\t\t\t<\/div>\r\n\t\t\t\t<\/div> \n<\/div> \n\n","protected":false},"excerpt":{"rendered":"","protected":false},"author":18,"featured_media":0,"parent":815,"menu_order":0,"comment_status":"closed","ping_status":"closed","template":"templates\/template-application-platform.php","meta":{"publish_to_discourse":"","publish_post_category":"","wpdc_auto_publish_overridden":"","wpdc_topic_tags":"","wpdc_pin_topic":"","wpdc_pin_until":"","discourse_post_id":"","discourse_permalink":"","wpdc_publishing_response":"","wpdc_publishing_error":"","footnotes":""},"class_list":["post-5579","page","type-page","status-publish","hentry"],"yoast_head":"<!-- This site is optimized with the Yoast SEO plugin v25.3.1 - https:\/\/yoast.com\/wordpress\/plugins\/seo\/ -->\n<title>Chat WhatsApp - ajoutez plugin Fenetre chat WhatsApp sur Magento<\/title>\n<meta name=\"description\" content=\"Int\u00e9grez un Chat WhatsApp attractif sur votre site. Appliquez la d\u00e9mo d&#039;Elfsight et g\u00e9n\u00e9rez votre extension en quelques minutes.\" \/>\n<meta name=\"robots\" content=\"index, follow, max-snippet:-1, max-image-preview:large, max-video-preview:-1\" \/>\n<link rel=\"canonical\" href=\"https:\/\/elfsight.com\/fr\/whatsapp-chat-widget\/magento\/\" \/>\n<meta property=\"og:locale\" content=\"fr_FR\" \/>\n<meta property=\"og:type\" content=\"article\" \/>\n<meta property=\"og:title\" content=\"Chat WhatsApp - ajoutez plugin Fenetre chat WhatsApp sur Magento\" \/>\n<meta property=\"og:description\" content=\"Int\u00e9grez un Chat WhatsApp attractif sur votre site. Appliquez la d\u00e9mo d&#039;Elfsight et g\u00e9n\u00e9rez votre extension en quelques minutes.\" \/>\n<meta property=\"og:url\" content=\"https:\/\/elfsight.com\/fr\/whatsapp-chat-widget\/magento\/\" \/>\n<meta property=\"og:site_name\" content=\"Elfsight FR\" \/>\n<meta property=\"article:modified_time\" content=\"2024-12-20T10:54:29+00:00\" \/>\n<meta name=\"twitter:card\" content=\"summary_large_image\" \/>\n<!-- \/ Yoast SEO plugin. -->","yoast_head_json":{"title":"Chat WhatsApp - ajoutez plugin Fenetre chat WhatsApp sur Magento","description":"Int\u00e9grez un Chat WhatsApp attractif sur votre site. Appliquez la d\u00e9mo d'Elfsight et g\u00e9n\u00e9rez votre extension en quelques minutes.","robots":{"index":"index","follow":"follow","max-snippet":"max-snippet:-1","max-image-preview":"max-image-preview:large","max-video-preview":"max-video-preview:-1"},"canonical":"https:\/\/elfsight.com\/fr\/whatsapp-chat-widget\/magento\/","og_locale":"fr_FR","og_type":"article","og_title":"Chat WhatsApp - ajoutez plugin Fenetre chat WhatsApp sur Magento","og_description":"Int\u00e9grez un Chat WhatsApp attractif sur votre site. Appliquez la d\u00e9mo d'Elfsight et g\u00e9n\u00e9rez votre extension en quelques minutes.","og_url":"https:\/\/elfsight.com\/fr\/whatsapp-chat-widget\/magento\/","og_site_name":"Elfsight FR","article_modified_time":"2024-12-20T10:54:29+00:00","twitter_card":"summary_large_image","schema":{"@context":"https:\/\/schema.org","@graph":[{"@type":"WebPage","@id":"https:\/\/elfsight.com\/fr\/whatsapp-chat-widget\/magento\/","url":"https:\/\/elfsight.com\/fr\/whatsapp-chat-widget\/magento\/","name":"Chat WhatsApp - ajoutez plugin Fenetre chat WhatsApp sur Magento","isPartOf":{"@id":"https:\/\/elfsight.com\/fr\/#website"},"datePublished":"2021-12-03T09:28:02+00:00","dateModified":"2024-12-20T10:54:29+00:00","description":"Int\u00e9grez un Chat WhatsApp attractif sur votre site. Appliquez la d\u00e9mo d'Elfsight et g\u00e9n\u00e9rez votre extension en quelques minutes.","breadcrumb":{"@id":"https:\/\/elfsight.com\/fr\/whatsapp-chat-widget\/magento\/#breadcrumb"},"inLanguage":"fr-FR","potentialAction":[{"@type":"ReadAction","target":["https:\/\/elfsight.com\/fr\/whatsapp-chat-widget\/magento\/"]}]},{"@type":"BreadcrumbList","@id":"https:\/\/elfsight.com\/fr\/whatsapp-chat-widget\/magento\/#breadcrumb","itemListElement":[{"@type":"ListItem","position":1,"name":"Home","item":"https:\/\/elfsight.com\/fr\/"},{"@type":"ListItem","position":2,"name":"WhatsApp Chat","item":"https:\/\/elfsight.com\/fr\/whatsapp-chat-widget\/"},{"@type":"ListItem","position":3,"name":"Whatsapp Chat &#8211; Magento"}]},{"@type":"WebSite","@id":"https:\/\/elfsight.com\/fr\/#website","url":"https:\/\/elfsight.com\/fr\/","name":"Elfsight FR","description":"","potentialAction":[{"@type":"SearchAction","target":{"@type":"EntryPoint","urlTemplate":"https:\/\/elfsight.com\/fr\/?s={search_term_string}"},"query-input":{"@type":"PropertyValueSpecification","valueRequired":true,"valueName":"search_term_string"}}],"inLanguage":"fr-FR"}]}},"meta_box":{"industry":"","seo_heading":"","heading":"","description":"","cta_heading":"","cta_description":"","application":"814","h1":"Plugin Chat WhatsApp pour Magento","h1_caption":"Donnez aux utilisateurs la possibilit\u00e9 de vous contacter sur WhatsApp, garantissant ainsi l'interaction la plus rapide et la plus pratique pour les visiteurs de votre site Web sur votre site Web Magento sans effort.","application_category":[],"applications_title":"","applications_request_title":"","applications_request_button_text":"","hero_text":"","hero_video":"","hero_video_schema_markup":"","selling_points_title":"","selling_points_caption":"","selling_points":[],"selling_points_cta_text":"","features_title":"","features":"","ed_cta_examples_text":"","ed_cta_examples_hidden":"","ed_cta_demo_text":"","ed_cta_demo_hidden":"","why_caption":"","why_editor_title":"","why_editor_text":"","why_team_title":"","why_team_text":"","why_service_title":"","why_service_text":"","template_catalog_visible":"0","template_catalog_title":"","template_catalog_text":"","template_catalog_categories_visible":"","demo_title":"Cr\u00e9ez votre extension de chat Whatsapp","demo_caption":"Configurez votre chat Whatsapp et ajoutez-le \u00e0 votre site Web Magento gratuitement !","default_faq_hidden":"","app_template_category":[],"platform":"357","template_public_id":"","codecanyon_url":"","codecanyon_item_id":"","codecanyon_price":"","pricing_caption":"","pricing_elfsight_apps_hide_column":"","pricing_elfsight_apps_url":"","pricing_codecanyon_price_caption":"","integration_category":[],"integration_request_title":"","integration_request_cta":"","integration_platform":"","integrations":[],"platform_category":[],"video_schema_markup":"","price":"\u00c0 partir de $0\/mois","trial":"","benefits":[{"text":"Installation gratuite"},{"text":"Support Premium"},{"text":"Garantie de remboursement de 14 jours"},{"text":"L'am\u00e9lioration continue"}],"button_url":"#demo","button_target_blank":"0","button_nofollow":"0","attributes":[{"name":"Nombre d'installations","content":"1,000 - 5,000","_state":"expanded"},{"name":"Adaptif","content":"Oui","_state":"expanded"},{"name":"Navigateurs compatibles","content":"Firefox, Safari, Opera, Chrome, Edge","_state":"expanded"}],"tags":[],"tags_disable_links":"0","hide_more_platforms":"","video_object":"","demo_hide_cta":"0","demo_hide_cloud_options":"0","pricing_title":"","pricing":[{"pricing_icon":"platform","pricing_title":"Applications d'Elfsight","pricing_title_caption":"Solution num\u00e9rique multiplateforme qui fonctionne sur n'importe quel site","pricing_price":"\u00c0 partir de $0\/mois","pricing_price_caption":"Commencez avec un plan gratuit","pricing_benefits":[{"text":"Sites Web illimit\u00e9s"},{"text":"\u00c9quipe d'assistance professionnelle"},{"text":"Service d'installation gratuit"},{"text":"100% personnalisable"}],"pricing_button_text":"Ajouter au site Web","pricing_button_url":"https:\/\/apps.elfsight.com\/sign-up\/","pricing_button_nofollow":"1","_state":"expanded"}],"related_apps_title":"","related_apps_hidden":"1","author":"","image":[],"title":"","job":"","social_networks":[]},"_links":{"self":[{"href":"https:\/\/elfsight.com\/fr\/wp-json\/wp\/v2\/pages\/5579","targetHints":{"allow":["GET"]}}],"collection":[{"href":"https:\/\/elfsight.com\/fr\/wp-json\/wp\/v2\/pages"}],"about":[{"href":"https:\/\/elfsight.com\/fr\/wp-json\/wp\/v2\/types\/page"}],"author":[{"embeddable":true,"href":"https:\/\/elfsight.com\/fr\/wp-json\/wp\/v2\/users\/18"}],"replies":[{"embeddable":true,"href":"https:\/\/elfsight.com\/fr\/wp-json\/wp\/v2\/comments?post=5579"}],"version-history":[{"count":4,"href":"https:\/\/elfsight.com\/fr\/wp-json\/wp\/v2\/pages\/5579\/revisions"}],"predecessor-version":[{"id":15967,"href":"https:\/\/elfsight.com\/fr\/wp-json\/wp\/v2\/pages\/5579\/revisions\/15967"}],"up":[{"embeddable":true,"href":"https:\/\/elfsight.com\/fr\/wp-json\/wp\/v2\/pages\/815"}],"wp:attachment":[{"href":"https:\/\/elfsight.com\/fr\/wp-json\/wp\/v2\/media?parent=5579"}],"curies":[{"name":"wp","href":"https:\/\/api.w.org\/{rel}","templated":true}]}}