{"id":5571,"date":"2021-12-03T09:28:57","date_gmt":"2021-12-03T09:28:57","guid":{"rendered":"https:\/\/elfsight.com\/fr\/?page_id=5571"},"modified":"2025-07-10T15:02:57","modified_gmt":"2025-07-10T15:02:57","slug":"jimdo","status":"publish","type":"page","link":"https:\/\/elfsight.com\/fr\/whatsapp-chat-widget\/jimdo\/","title":{"rendered":"WhatsApp Chat &#8211; Jimdo"},"content":{"rendered":"<div class=\"application-platform-content-item-description application-platform-content-item\" id=\"description\" data-nav-section=\"description\"><h2>Int\u00e9grer le chat WhatsApp avec le widget Elfsight<\/h2> <p>Le chat WhatsApp d\u00e9velopp\u00e9 par Elfsight est le moyen le plus simple pour les clients de votre site Web de d\u00e9marrer une conversation avec vous et obtenez des r\u00e9ponses \u00e0 leurs questions. Restez disponible en direct pour vos collaborateurs dans la messagerie pr\u00e9f\u00e9r\u00e9e, n&rsquo;importe o\u00f9 et \u00e0 tout moment. Placez WhatsApp Chat sur votre page Web et faites-le appara\u00eetre sur des pages s\u00e9lectionn\u00e9es ou pour des types de visiteurs sp\u00e9cifi\u00e9s, d\u00e9finissez des d\u00e9clencheurs de d\u00e9marrage de discussion, cr\u00e9ez votre message de bienvenue personnalis\u00e9, d\u00e9finissez des ic\u00f4nes et appliquez d&rsquo;autres personnalisations. Gr\u00e2ce au chat WhatsApp install\u00e9 sur la page Web, vous pourrez facilement joindre votre client\u00e8le \u00e0 tout moment et depuis n&rsquo;importe quel endroit. <\/p><p><b>Essayez WhatsApp Chat pour simplifier vos objectifs de commerce \u00e9lectronique\u00a0! <\/b><\/p> <\/div> <div class=\"application-platform-content-item-features application-platform-content-item\" id=\"features\" data-nav-section=\"features\"> <h2>Principales fonctionnalit\u00e9s du widget de chat WhatsApp<\/h2> <ul><li>Int\u00e9grez WhatsApp Messenger sur votre site pour discuter avec les clients<\/li><li>R\u00e9pondez aux messages directement depuis votre page WhatsApp<\/li><li>S\u00e9lectionnez l&rsquo;une des 3 options de position de discussion\u00a0: bulle flottante, bulle int\u00e9gr\u00e9e et fen\u00eatre de discussion int\u00e9gr\u00e9e<\/li><li> S\u00e9lectionnez votre bulle variante d&rsquo;ic\u00f4ne dans notre ensemble d&rsquo;ic\u00f4nes disponibles<\/li><li>Modifiez le texte de la bulle de discussion<\/li><\/ul><p><a href=\"#demo\">Essayez simplement cette d\u00e9mo pour voir comment \u00e7a marche<\/a><\/p> <\/div> <div class=\"application-platform-content-item-installation application-platform-content-item\" id=\"installation\" data-nav-section=\"installation\"> <h2>Comment ajouter un Chat WhatsApp sur un site Jimdo ? <\/h2> <p>Suivez simplement les \u00e9tapes suivantes pr\u00e9sent\u00e9es ci-dessous pour commencer \u00e0 utiliser le widget. <\/p> <ol><li><b>G\u00e9rez notre d\u00e9mo gratuite et commencez \u00e0 cr\u00e9er votre widget personnalis\u00e9. <\/b><br> Recherchez l&rsquo;interface et les options appropri\u00e9es du widget et enregistrez les corrections. <\/li> <li><b>Copiez le code individuel affich\u00e9 dans le formulaire sp\u00e9cial sur les applications Elfsight. <\/b><br> Juste une fois la personnalisation de votre widget termin\u00e9e, copiez le code personnel de la fen\u00eatre et enregistrez-le pour une utilisation ult\u00e9rieure. <\/li> <li><b>Commencez l&rsquo;application de l&rsquo;outil sur la page d&rsquo;accueil de Jimdo. <\/b><br> Ajoutez le code enregistr\u00e9 pr\u00e9c\u00e9demment dans votre site Web et enregistrez les corrections. <\/li> <li><b>Vous avez termin\u00e9\u00a0! L&rsquo;int\u00e9gration s&rsquo;est termin\u00e9e avec succ\u00e8s. <\/b><br> Acc\u00e9dez \u00e0 votre page Web pour voir comment fonctionne le widget. <\/li><\/ol> <p>Si vous rencontrez des difficult\u00e9s, n&rsquo;h\u00e9sitez pas \u00e0 postuler aupr\u00e8s de notre service client. Nos collaborateurs seront ravis de r\u00e9soudre tous les probl\u00e8mes que vous pourriez rencontrer avec le widget. <\/p> <\/div><div class=\"faq\" data-component=\"FAQ\"><div class=\"faq-item\">\r\n\t\t\t\t\t<div class=\"faq-item-question\">\r\n\t\t\t\t\t\t<h3 class=\"faq-item-question-text\">De quelle mani\u00e8re est-il possible d'ajouter Whatsapp Chat \u00e0 mon site Jimdo sans connaissances en codage ?<\/h3>\r\n\r\n\t\t\t\t\t\t<div class=\"faq-item-question-icon\"><\/div>\r\n\t\t\t\t\t<\/div>\r\n\r\n\t\t\t\t\t<div class=\"faq-item-answer\">\r\n\t\t\t\t\t\t<div class=\"faq-item-answer-text\"><p>Soci\u00e9t\u00e9 Elfsight propose une solution Cloud qui permet aux utilisateurs de cr\u00e9er eux-m\u00eames un widget de chat Whatsapp. D\u00e9couvrez \u00e0 quel point le processus est simple\u00a0: <\/p><ul><li>Commencez \u00e0 travailler dans la d\u00e9mo en direct pour g\u00e9n\u00e9rer une section de chat Whatsapp sur laquelle vous souhaitez appara\u00eetre. Page d&rsquo;accueil Jimdo.<\/li><li>Choisissez l&rsquo;un des mod\u00e8les pr\u00eats \u00e0 l&#8217;emploi et ajustez les param\u00e8tres de chat Whatsapp, changez la mise en page et les couleurs, mettez \u00e0 jour votre contenu sans comp\u00e9tences en codage.<\/li><li>Enregistrez les param\u00e8tres que vous J&rsquo;ai cr\u00e9\u00e9 Whatsapp Chat et copi\u00e9 le code du plugin pour l&rsquo;installation, que vous pouvez facilement coller dans la page Web Jimdo sans acheter d&rsquo;abonnement payant. <\/li><\/ul><p>Gr\u00e2ce \u00e0 notre configurateur convivial, tout utilisateur Web peut cr\u00e9er un chat Whatsapp en ligne et le coller facilement sur n&rsquo;importe quel site Web Jimdo. Vous ne devez pas payer ni soumettre les informations d&rsquo;identification de votre carte pour acc\u00e9der \u00e0 Elfsight Editor. Si vous rencontrez des obstacles de quelque nature que ce soit, n&rsquo;h\u00e9sitez pas \u00e0 vous adresser \u00e0 notre \u00e9quipe d&rsquo;assistance.<\/p><\/div>\r\n\t\t\t\t\t<\/div>\r\n\t\t\t\t<\/div><\/div>","protected":false},"excerpt":{"rendered":"","protected":false},"author":18,"featured_media":0,"parent":815,"menu_order":0,"comment_status":"closed","ping_status":"closed","template":"templates\/template-application-platform.php","meta":{"publish_to_discourse":"","publish_post_category":"","wpdc_auto_publish_overridden":"","wpdc_topic_tags":"","wpdc_pin_topic":"","wpdc_pin_until":"","discourse_post_id":"","discourse_permalink":"","wpdc_publishing_response":"","wpdc_publishing_error":"","footnotes":""},"class_list":["post-5571","page","type-page","status-publish","hentry"],"yoast_head":"<!-- This site is optimized with the Yoast SEO plugin v25.3.1 - https:\/\/yoast.com\/wordpress\/plugins\/seo\/ -->\n<title>Chat WhatsApp - ajoutez plugin Fenetre chat WhatsApp sur Jimdo<\/title>\n<meta name=\"description\" content=\"Int\u00e9grez un Chat WhatsApp avantageux sur votre site. Appliquez la d\u00e9mo d&#039;Elfsight et g\u00e9n\u00e9rez votre widget en deux minutes.\" \/>\n<meta name=\"robots\" content=\"index, follow, max-snippet:-1, max-image-preview:large, max-video-preview:-1\" \/>\n<link rel=\"canonical\" href=\"https:\/\/elfsight.com\/fr\/whatsapp-chat-widget\/jimdo\/\" \/>\n<meta property=\"og:locale\" content=\"fr_FR\" \/>\n<meta property=\"og:type\" content=\"article\" \/>\n<meta property=\"og:title\" content=\"Chat WhatsApp - ajoutez plugin Fenetre chat WhatsApp sur Jimdo\" \/>\n<meta property=\"og:description\" content=\"Int\u00e9grez un Chat WhatsApp avantageux sur votre site. Appliquez la d\u00e9mo d&#039;Elfsight et g\u00e9n\u00e9rez votre widget en deux minutes.\" \/>\n<meta property=\"og:url\" content=\"https:\/\/elfsight.com\/fr\/whatsapp-chat-widget\/jimdo\/\" \/>\n<meta property=\"og:site_name\" content=\"Elfsight FR\" \/>\n<meta property=\"article:modified_time\" content=\"2025-07-10T15:02:57+00:00\" \/>\n<meta name=\"twitter:card\" content=\"summary_large_image\" \/>\n<meta name=\"twitter:label1\" content=\"Dur\u00e9e de lecture estim\u00e9e\" \/>\n\t<meta name=\"twitter:data1\" content=\"1 minute\" \/>\n<!-- \/ Yoast SEO plugin. -->","yoast_head_json":{"title":"Chat WhatsApp - ajoutez plugin Fenetre chat WhatsApp sur Jimdo","description":"Int\u00e9grez un Chat WhatsApp avantageux sur votre site. Appliquez la d\u00e9mo d'Elfsight et g\u00e9n\u00e9rez votre widget en deux minutes.","robots":{"index":"index","follow":"follow","max-snippet":"max-snippet:-1","max-image-preview":"max-image-preview:large","max-video-preview":"max-video-preview:-1"},"canonical":"https:\/\/elfsight.com\/fr\/whatsapp-chat-widget\/jimdo\/","og_locale":"fr_FR","og_type":"article","og_title":"Chat WhatsApp - ajoutez plugin Fenetre chat WhatsApp sur Jimdo","og_description":"Int\u00e9grez un Chat WhatsApp avantageux sur votre site. Appliquez la d\u00e9mo d'Elfsight et g\u00e9n\u00e9rez votre widget en deux minutes.","og_url":"https:\/\/elfsight.com\/fr\/whatsapp-chat-widget\/jimdo\/","og_site_name":"Elfsight FR","article_modified_time":"2025-07-10T15:02:57+00:00","twitter_card":"summary_large_image","twitter_misc":{"Dur\u00e9e de lecture estim\u00e9e":"1 minute"},"schema":{"@context":"https:\/\/schema.org","@graph":[{"@type":"WebPage","@id":"https:\/\/elfsight.com\/fr\/whatsapp-chat-widget\/jimdo\/","url":"https:\/\/elfsight.com\/fr\/whatsapp-chat-widget\/jimdo\/","name":"Chat WhatsApp - ajoutez plugin Fenetre chat WhatsApp sur Jimdo","isPartOf":{"@id":"https:\/\/elfsight.com\/fr\/#website"},"datePublished":"2021-12-03T09:28:57+00:00","dateModified":"2025-07-10T15:02:57+00:00","description":"Int\u00e9grez un Chat WhatsApp avantageux sur votre site. Appliquez la d\u00e9mo d'Elfsight et g\u00e9n\u00e9rez votre widget en deux minutes.","breadcrumb":{"@id":"https:\/\/elfsight.com\/fr\/whatsapp-chat-widget\/jimdo\/#breadcrumb"},"inLanguage":"fr-FR","potentialAction":[{"@type":"ReadAction","target":["https:\/\/elfsight.com\/fr\/whatsapp-chat-widget\/jimdo\/"]}]},{"@type":"BreadcrumbList","@id":"https:\/\/elfsight.com\/fr\/whatsapp-chat-widget\/jimdo\/#breadcrumb","itemListElement":[{"@type":"ListItem","position":1,"name":"Home","item":"https:\/\/elfsight.com\/fr\/"},{"@type":"ListItem","position":2,"name":"WhatsApp Chat","item":"https:\/\/elfsight.com\/fr\/whatsapp-chat-widget\/"},{"@type":"ListItem","position":3,"name":"WhatsApp Chat &#8211; Jimdo"}]},{"@type":"WebSite","@id":"https:\/\/elfsight.com\/fr\/#website","url":"https:\/\/elfsight.com\/fr\/","name":"Elfsight FR","description":"","potentialAction":[{"@type":"SearchAction","target":{"@type":"EntryPoint","urlTemplate":"https:\/\/elfsight.com\/fr\/?s={search_term_string}"},"query-input":{"@type":"PropertyValueSpecification","valueRequired":true,"valueName":"search_term_string"}}],"inLanguage":"fr-FR"}]}},"meta_box":{"industry":"","seo_heading":"","heading":"","description":"","cta_heading":"","cta_description":"","application":"814","h1":"Plugin Chat WhatsApp pour Jimdo","h1_caption":"Donnez aux utilisateurs la possibilit\u00e9 de vous contacter sur WhatsApp, garantissant ainsi l'interaction la plus rapide et la plus pratique pour les visiteurs de votre site Web sur votre site Web Jimdo, sans effort.","application_category":[],"applications_title":"","applications_request_title":"","applications_request_button_text":"","hero_text":"","hero_video":"","hero_video_schema_markup":"","selling_points_title":"","selling_points_caption":"","selling_points":[],"selling_points_cta_text":"","features_title":"","features":"","ed_cta_examples_text":"","ed_cta_examples_hidden":"","ed_cta_demo_text":"","ed_cta_demo_hidden":"","why_caption":"","why_editor_title":"","why_editor_text":"","why_team_title":"","why_team_text":"","why_service_title":"","why_service_text":"","template_catalog_visible":"","template_catalog_title":"","template_catalog_text":"","template_catalog_categories_visible":"","demo_title":"Cr\u00e9ez votre widget de chat WhatsApp","demo_caption":"Configurez votre Chat WhatsApp et ajoutez-le gratuitement \u00e0 votre site Jimdo !","default_faq_hidden":"","app_template_category":[],"platform":"372","template_public_id":"","codecanyon_url":"","codecanyon_item_id":"","codecanyon_price":"","pricing_caption":"","pricing_elfsight_apps_hide_column":"","pricing_elfsight_apps_url":"","pricing_codecanyon_price_caption":"","integration_category":[],"integration_request_title":"","integration_request_cta":"","integration_platform":"","integrations":[],"platform_category":[],"video_schema_markup":"","price":"\u00c0 partir de $0\/mois","trial":"","benefits":[{"text":"Installation gratuite"},{"text":"Support Premium"},{"text":"Garantie de remboursement de 14 jours"},{"text":"L'am\u00e9lioration continue"}],"button_url":"#demo","button_target_blank":"0","button_nofollow":"0","attributes":[{"name":"Nombre d'installations","content":"1,000 - 5,000","_state":"expanded"},{"name":"Adaptif","content":"Oui","_state":"expanded"},{"name":"Navigateurs compatibles","content":"Firefox, Safari, Opera, Chrome, Edge","_state":"expanded"}],"tags":[],"tags_disable_links":"0","hide_more_platforms":"","video_object":"","demo_hide_cta":"0","demo_hide_cloud_options":"0","pricing_title":"","pricing":[{"pricing_icon":"platform","pricing_title":"Applications d'Elfsight","pricing_title_caption":"Solution num\u00e9rique multiplateforme qui fonctionne sur n'importe quel site","pricing_price":"\u00c0 partir de $0\/mois","pricing_price_caption":"Commencez avec un plan gratuit","pricing_benefits":[{"text":"Sites Web illimit\u00e9s"},{"text":"\u00c9quipe d'assistance professionnelle"},{"text":"Service d'installation gratuit"},{"text":"100% personnalisable"}],"pricing_button_text":"Ajouter au site Web","pricing_button_url":"https:\/\/apps.elfsight.com\/sign-up\/","pricing_button_nofollow":"1","_state":"expanded"}],"related_apps_title":"","related_apps_hidden":"1","author":"","image":[],"title":"","job":"","social_networks":[]},"_links":{"self":[{"href":"https:\/\/elfsight.com\/fr\/wp-json\/wp\/v2\/pages\/5571","targetHints":{"allow":["GET"]}}],"collection":[{"href":"https:\/\/elfsight.com\/fr\/wp-json\/wp\/v2\/pages"}],"about":[{"href":"https:\/\/elfsight.com\/fr\/wp-json\/wp\/v2\/types\/page"}],"author":[{"embeddable":true,"href":"https:\/\/elfsight.com\/fr\/wp-json\/wp\/v2\/users\/18"}],"replies":[{"embeddable":true,"href":"https:\/\/elfsight.com\/fr\/wp-json\/wp\/v2\/comments?post=5571"}],"version-history":[{"count":2,"href":"https:\/\/elfsight.com\/fr\/wp-json\/wp\/v2\/pages\/5571\/revisions"}],"predecessor-version":[{"id":14761,"href":"https:\/\/elfsight.com\/fr\/wp-json\/wp\/v2\/pages\/5571\/revisions\/14761"}],"up":[{"embeddable":true,"href":"https:\/\/elfsight.com\/fr\/wp-json\/wp\/v2\/pages\/815"}],"wp:attachment":[{"href":"https:\/\/elfsight.com\/fr\/wp-json\/wp\/v2\/media?parent=5571"}],"curies":[{"name":"wp","href":"https:\/\/api.w.org\/{rel}","templated":true}]}}