{"id":5567,"date":"2021-12-03T09:28:53","date_gmt":"2021-12-03T09:28:53","guid":{"rendered":"https:\/\/elfsight.com\/fr\/?page_id=5567"},"modified":"2025-09-05T14:05:38","modified_gmt":"2025-09-05T14:05:38","slug":"html","status":"publish","type":"page","link":"https:\/\/elfsight.com\/fr\/whatsapp-chat-widget\/html\/","title":{"rendered":"Whatsapp Chat &#8211; HTML"},"content":{"rendered":"<div class=\"application-platform-content-item-description application-platform-content-item\" id=\"description\" data-nav-section=\"description\"> <h2>Description<\/h2> <p>Le widget WhatsApp d&rsquo;Elfsight est un outil simple permettant aux clients de votre site Web de rester en contact avec vous et d&rsquo;entendre les r\u00e9ponses aux questions. leurs questions et demandes. Soyez disponible en direct pour la client\u00e8le dans sa messagerie pr\u00e9f\u00e9r\u00e9e toute la journ\u00e9e. Configurez le chat sur le site Web et il appara\u00eetra sur des pages sp\u00e9cifi\u00e9es ou pour des groupes de t\u00e9l\u00e9spectateurs sp\u00e9cifi\u00e9s. Vous pouvez \u00e9tablir des d\u00e9clencheurs de d\u00e9marrage de discussion, r\u00e9diger votre message de bienvenue unique, choisir des ic\u00f4nes et bien plus encore. Gr\u00e2ce au code HTML Chat int\u00e9gr\u00e9 \u00e0 la page Web, vous resterez connect\u00e9 avec vos spectateurs \u00e0 tout moment et depuis n&rsquo;importe quel endroit.<\/p><p>Le chat WhatsApp est l\u00e0 pour vous aider non seulement \u00e0 am\u00e9liorer les mesures de performances de votre site Web, mais \u00e9galement en termes de conception. Avec ce widget, vous pouvez ajouter un bouton de messagerie flottant ou fixe \u00e0 n&rsquo;importe quelle page de votre site Web. Vous pouvez m\u00eame choisir le public qui pourra voir le chat et vous envoyer un message en l&rsquo;utilisant. Le bouton flottant WhatsApp peut devenir un outil extr\u00eamement efficace pour votre entreprise. Le widget est une solution parfaite pour fournir toutes sortes d&rsquo;aide \u00e0 nos utilisateurs &#8211; du support client aux discussions communes sur Messenger. Et utiliser WhatsApp pour envoyer un message ou deux \u00e0 vos utilisateurs ne fera que vous ajouter des points car c&rsquo;est l&rsquo;un des messagers les plus utilis\u00e9s au monde.<\/p><p>Le plugin WhatsApp est \u00e9galement extr\u00eamement facile \u00e0 personnaliser en termes de design. , et c&rsquo;est une bonne nouvelle puisque vous pouvez en faire un bloc incontournable sur la page de votre site Web. Commencez simplement par choisir les bonnes couleurs pour la conception de vos boutons WhatsApp. Votre premier message peut devenir une exp\u00e9rience inoubliable pour les utilisateurs du chat WhatsApp car vous pouvez compl\u00e8tement modifier l&rsquo;apparence originale du widget. Essayez-le vous-m\u00eame et appr\u00e9ciez le r\u00e9sultat\u00a0!<\/p> <div class=\"faq\" data-component=\"FAQ\"> <div class=\"faq-item\">\r\n\t\t\t\t\t<div class=\"faq-item-question\">\r\n\t\t\t\t\t\t<h3 class=\"faq-item-question-text\">O\u00f9 puis-je int\u00e9grer ce plugin Whatsapp<\/h3>\r\n\r\n\t\t\t\t\t\t<div class=\"faq-item-question-icon\"><\/div>\r\n\t\t\t\t\t<\/div>\r\n\r\n\t\t\t\t\t<div class=\"faq-item-answer\">\r\n\t\t\t\t\t\t<div class=\"faq-item-answer-text\"> <p>Le widget peut s&rsquo;afficher sur chaque page de votre site Web, ou uniquement sur des pages particuli\u00e8res. Vous pouvez \u00e9galement exclure les pages s\u00e9lectionn\u00e9es si vous le souhaitez sans le chat. <\/p> <\/div>\r\n\t\t\t\t\t<\/div>\r\n\t\t\t\t<\/div> <div class=\"faq-item\">\r\n\t\t\t\t\t<div class=\"faq-item-question\">\r\n\t\t\t\t\t\t<h3 class=\"faq-item-question-text\">Quels avantages cela m'apporte-t-il ?<\/h3>\r\n\r\n\t\t\t\t\t\t<div class=\"faq-item-question-icon\"><\/div>\r\n\t\t\t\t\t<\/div>\r\n\r\n\t\t\t\t\t<div class=\"faq-item-answer\">\r\n\t\t\t\t\t\t<div class=\"faq-item-answer-text\"> <p>Cela aidera davantage de t\u00e9l\u00e9spectateurs \u00e0 vous contacter pour leurs questions, demandes ou probl\u00e8mes. Cela peut aider \u00e0 augmenter le nombre de prospects et d\u2019achats. Un autre avantage est qu\u2019une r\u00e9ponse rapide et une approche personnelle am\u00e9lioreront la qualit\u00e9 de votre interaction client. <\/p> <\/div>\r\n\t\t\t\t\t<\/div>\r\n\t\t\t\t<\/div> <div class=\"faq-item\">\r\n\t\t\t\t\t<div class=\"faq-item-question\">\r\n\t\t\t\t\t\t<h3 class=\"faq-item-question-text\">Comment puis-je ajouter une bo\u00eete de discussion Whatsapp sur mon site Web ?<\/h3>\r\n\r\n\t\t\t\t\t\t<div class=\"faq-item-question-icon\"><\/div>\r\n\t\t\t\t\t<\/div>\r\n\r\n\t\t\t\t\t<div class=\"faq-item-answer\">\r\n\t\t\t\t\t\t<div class=\"faq-item-answer-text\"> <p>Vous n&rsquo;aurez besoin que de trois minutes de votre temps pour que le widget soit op\u00e9rationnel. L\u2019ajout est ultra rapide, gratuit et sans codage. <\/p> <p>Vous pouvez placer le widget sur la page Web de notre service. Pour cela vous devrez appliquer le guide ci-apr\u00e8s sur cette page.<\/p> <\/div>\r\n\t\t\t\t\t<\/div>\r\n\t\t\t\t<\/div> <\/div> <\/div> <div class=\"application-platform-content-item-features application-platform-content-item\" id=\"features\" data-nav-section=\"features\"> <h2>Fonctionnalit\u00e9s<\/h2> <p>Dans Afin d&rsquo;avoir une id\u00e9e compl\u00e8te de la Chat Box, consultez la liste de ses fonctionnalit\u00e9s essentielles. Ils rendent le widget incroyablement efficace pour votre promotion\u00a0:<\/p> <ul><li>Int\u00e9grez WhatsApp Messenger sur votre page Web pour rester en contact avec les clients\u00a0; <\/li><li>R\u00e9pondez aux messages directement depuis votre compte WhatsApp\u00a0; <\/li><li>Essayez 3 options d&#8217;emplacement de discussion\u00a0: bulle flottante, bulle int\u00e9gr\u00e9e et fen\u00eatre de discussion int\u00e9gr\u00e9e\u00a0; <\/li><li>Utilisez une collection d&rsquo;ic\u00f4nes de bulles parmi lesquelles choisir\u00a0; <\/li><li>Entrez votre propre texte de la bulle de discussion. <\/li><\/ul><p><a href=\"#demo\">Pour explorer plus de fonctionnalit\u00e9s, consultez notre d\u00e9mo<\/a><\/p> <\/div> <div class=\"application-platform-content-item-installation application-platform-content-item\" id=\"installation\" data-nav-section=\"installation\"> <h2>Comment ajouter le code Whatsapp Chat \u00e0 votre page HTML<\/h2><div class=\"video-container\">\n<iframe width=\"720\" height=\"405\" src=\"https:\/\/www.youtube.com\/embed\/1-MsIyeGQAs?si=2VDBWfVzOH_MrIil\" frameborder=\"0\" allowfullscreen=\"\"><\/iframe>\n<\/div><p>Ces plusieurs actions sont la seule chose dont vous avez besoin pour que Whatsapp soit op\u00e9rationnel.<\/p> <ul><li><b>G\u00e9n\u00e9rez votre WhatsApp Live Chat personnalis\u00e9<\/b><br> Avec l&rsquo;aide de notre \u00e9diteur gratuit, g\u00e9n\u00e9rez un plugin avec une interface et des fonctions personnalis\u00e9es. <\/li><li><b>Acqu\u00e9rir le code personnel pour installer le widget<\/b><br> Apr\u00e8s avoir configur\u00e9 votre plugin, vous recevrez le code d&rsquo;installation de la notification contextuelle sur Elfsight Apps. Copiez-le. <\/li> <li><b>Publiez le widget sur votre site HTML<\/b><br> D\u00e9finissez l&rsquo;endroit o\u00f9 vous souhaitez int\u00e9grer le plugin et ins\u00e9rez-y le code enregistr\u00e9. Publier les r\u00e9sultats. <\/li> <li><b>F\u00e9licitations\u00a0! Vous venez de publier le widget Chat ! <\/b><br> Entrez votre page, pour voir votre widget. <\/li> <\/ul><p>Toujours pas d\u00e9cid\u00e9 ? Ou vous \u00eates tomb\u00e9 sur quelque chose ? Une simple demande \u00e0 notre service client r\u00e9soudra tout type de probl\u00e8me. <\/p> <\/div><div class=\"faq\" data-component=\"FAQ\"><div class=\"faq-item\">\r\n\t\t\t\t\t<div class=\"faq-item-question\">\r\n\t\t\t\t\t\t<h3 class=\"faq-item-question-text\">Existe-t-il une option pour ajouter Whatsapp Chat \u00e0 ma page d'accueil HTML sans exp\u00e9rience en codage ?<\/h3>\r\n\r\n\t\t\t\t\t\t<div class=\"faq-item-question-icon\"><\/div>\r\n\t\t\t\t\t<\/div>\r\n\r\n\t\t\t\t\t<div class=\"faq-item-answer\">\r\n\t\t\t\t\t\t<div class=\"faq-item-answer-text\"><p>Soci\u00e9t\u00e9 Elfsight fournit une solution Cloud qui permet aux utilisateurs de cr\u00e9er eux-m\u00eames une application Whatsapp Chat, v\u00e9rifiez \u00e0 quel point c&rsquo;est simple\u00a0: <\/p><ul><li> Acc\u00e9dez \u00e0 l&rsquo;\u00e9diteur en ligne pour g\u00e9n\u00e9rer une section Whatsapp Chat que vous souhaitez inclure sur votre site HTML. .<\/li><li>Choisissez l&rsquo;un des mod\u00e8les pr\u00e9d\u00e9finis et modifiez les param\u00e8tres de Whatsapp Chat, mettez \u00e0 jour votre contenu, modifiez la disposition et la couleur des \u00e9l\u00e9ments sans exp\u00e9rience de codage.<\/li><li>Cliquez pour enregistrer les param\u00e8tres que vous J&rsquo;ai cr\u00e9\u00e9 Whatsapp Chat et obtenez le code d&rsquo;installation, que vous pouvez int\u00e9grer gratuitement dans votre site Web HTML. <\/li><\/ul><p>Gr\u00e2ce \u00e0 notre configurateur simple, chaque internaute peut \u00e9tablir un chat Whatsapp et l&rsquo;int\u00e9grer simplement \u00e0 n&rsquo;importe quel site HTML. Il n&rsquo;est pas n\u00e9cessaire de payer ou de divulguer les informations d&rsquo;identification de votre carte pour acc\u00e9der \u00e0 l&rsquo;\u00e9diteur. Si vous rencontrez des obstacles de quelque nature que ce soit, n&rsquo;h\u00e9sitez pas \u00e0 vous adresser \u00e0 notre \u00e9quipe d&rsquo;assistance.<\/p><\/div>\r\n\t\t\t\t\t<\/div>\r\n\t\t\t\t<\/div><\/div>","protected":false},"excerpt":{"rendered":"","protected":false},"author":18,"featured_media":0,"parent":815,"menu_order":0,"comment_status":"closed","ping_status":"closed","template":"templates\/template-application-platform.php","meta":{"publish_to_discourse":"","publish_post_category":"","wpdc_auto_publish_overridden":"","wpdc_topic_tags":"","wpdc_pin_topic":"","wpdc_pin_until":"","discourse_post_id":"","discourse_permalink":"","wpdc_publishing_response":"","wpdc_publishing_error":"","footnotes":""},"class_list":["post-5567","page","type-page","status-publish","hentry"],"yoast_head":"<!-- This site is optimized with the Yoast SEO plugin v25.3.1 - https:\/\/yoast.com\/wordpress\/plugins\/seo\/ -->\n<title>Chat WhatsApp - ajoutez widget Fenetre chat WhatsApp sur HTML<\/title>\n<meta name=\"description\" content=\"Int\u00e9grez un Chat WhatsApp attractif sur votre site. Appliquez la d\u00e9mo d&#039;Elfsight et g\u00e9n\u00e9rez votre widget en 2 minutes.\" \/>\n<meta name=\"robots\" content=\"index, follow, max-snippet:-1, max-image-preview:large, max-video-preview:-1\" \/>\n<link rel=\"canonical\" href=\"https:\/\/elfsight.com\/fr\/whatsapp-chat-widget\/html\/\" \/>\n<meta property=\"og:locale\" content=\"fr_FR\" \/>\n<meta property=\"og:type\" content=\"article\" \/>\n<meta property=\"og:title\" content=\"Chat WhatsApp - ajoutez widget Fenetre chat WhatsApp sur HTML\" \/>\n<meta property=\"og:description\" content=\"Int\u00e9grez un Chat WhatsApp attractif sur votre site. Appliquez la d\u00e9mo d&#039;Elfsight et g\u00e9n\u00e9rez votre widget en 2 minutes.\" \/>\n<meta property=\"og:url\" content=\"https:\/\/elfsight.com\/fr\/whatsapp-chat-widget\/html\/\" \/>\n<meta property=\"og:site_name\" content=\"Elfsight FR\" \/>\n<meta property=\"article:modified_time\" content=\"2025-09-05T14:05:38+00:00\" \/>\n<meta name=\"twitter:card\" content=\"summary_large_image\" \/>\n<meta name=\"twitter:label1\" content=\"Dur\u00e9e de lecture estim\u00e9e\" \/>\n\t<meta name=\"twitter:data1\" content=\"5 minutes\" \/>\n<!-- \/ Yoast SEO plugin. -->","yoast_head_json":{"title":"Chat WhatsApp - ajoutez widget Fenetre chat WhatsApp sur HTML","description":"Int\u00e9grez un Chat WhatsApp attractif sur votre site. Appliquez la d\u00e9mo d'Elfsight et g\u00e9n\u00e9rez votre widget en 2 minutes.","robots":{"index":"index","follow":"follow","max-snippet":"max-snippet:-1","max-image-preview":"max-image-preview:large","max-video-preview":"max-video-preview:-1"},"canonical":"https:\/\/elfsight.com\/fr\/whatsapp-chat-widget\/html\/","og_locale":"fr_FR","og_type":"article","og_title":"Chat WhatsApp - ajoutez widget Fenetre chat WhatsApp sur HTML","og_description":"Int\u00e9grez un Chat WhatsApp attractif sur votre site. Appliquez la d\u00e9mo d'Elfsight et g\u00e9n\u00e9rez votre widget en 2 minutes.","og_url":"https:\/\/elfsight.com\/fr\/whatsapp-chat-widget\/html\/","og_site_name":"Elfsight FR","article_modified_time":"2025-09-05T14:05:38+00:00","twitter_card":"summary_large_image","twitter_misc":{"Dur\u00e9e de lecture estim\u00e9e":"5 minutes"},"schema":{"@context":"https:\/\/schema.org","@graph":[{"@type":"WebPage","@id":"https:\/\/elfsight.com\/fr\/whatsapp-chat-widget\/html\/","url":"https:\/\/elfsight.com\/fr\/whatsapp-chat-widget\/html\/","name":"Chat WhatsApp - ajoutez widget Fenetre chat WhatsApp sur HTML","isPartOf":{"@id":"https:\/\/elfsight.com\/fr\/#website"},"datePublished":"2021-12-03T09:28:53+00:00","dateModified":"2025-09-05T14:05:38+00:00","description":"Int\u00e9grez un Chat WhatsApp attractif sur votre site. Appliquez la d\u00e9mo d'Elfsight et g\u00e9n\u00e9rez votre widget en 2 minutes.","breadcrumb":{"@id":"https:\/\/elfsight.com\/fr\/whatsapp-chat-widget\/html\/#breadcrumb"},"inLanguage":"fr-FR","potentialAction":[{"@type":"ReadAction","target":["https:\/\/elfsight.com\/fr\/whatsapp-chat-widget\/html\/"]}]},{"@type":"BreadcrumbList","@id":"https:\/\/elfsight.com\/fr\/whatsapp-chat-widget\/html\/#breadcrumb","itemListElement":[{"@type":"ListItem","position":1,"name":"Home","item":"https:\/\/elfsight.com\/fr\/"},{"@type":"ListItem","position":2,"name":"WhatsApp Chat","item":"https:\/\/elfsight.com\/fr\/whatsapp-chat-widget\/"},{"@type":"ListItem","position":3,"name":"Whatsapp Chat &#8211; HTML"}]},{"@type":"WebSite","@id":"https:\/\/elfsight.com\/fr\/#website","url":"https:\/\/elfsight.com\/fr\/","name":"Elfsight FR","description":"","potentialAction":[{"@type":"SearchAction","target":{"@type":"EntryPoint","urlTemplate":"https:\/\/elfsight.com\/fr\/?s={search_term_string}"},"query-input":{"@type":"PropertyValueSpecification","valueRequired":true,"valueName":"search_term_string"}}],"inLanguage":"fr-FR"}]}},"meta_box":{"industry":"","seo_heading":"","heading":"","description":"","cta_heading":"","cta_description":"","application":"814","h1":"Widget Chat WhatsApp pour HTML","h1_caption":"Donnez aux utilisateurs la possibilit\u00e9 de vous contacter sur WhatsApp, garantissant ainsi l'interaction la plus rapide et la plus pratique pour les visiteurs de votre site Web sur votre site Web HTML sans effort.","application_category":[],"applications_title":"","applications_request_title":"","applications_request_button_text":"","hero_text":"","hero_video":"","hero_video_schema_markup":"","selling_points_title":"","selling_points_caption":"","selling_points":[],"selling_points_cta_text":"","features_title":"","features":"","ed_cta_examples_text":"","ed_cta_examples_hidden":"","ed_cta_demo_text":"","ed_cta_demo_hidden":"","why_caption":"","why_editor_title":"","why_editor_text":"","why_team_title":"","why_team_text":"","why_service_title":"","why_service_text":"","template_catalog_visible":"0","template_catalog_title":"","template_catalog_text":"","template_catalog_categories_visible":"","demo_title":"Cr\u00e9ez votre widget de chat Whatsapp","demo_caption":"Configurez votre chat Whatsapp et ajoutez-le \u00e0 votre site Web HTML gratuitement !","default_faq_hidden":"","app_template_category":[],"platform":"352","template_public_id":"","codecanyon_url":"","codecanyon_item_id":"","codecanyon_price":"","pricing_caption":"","pricing_elfsight_apps_hide_column":"","pricing_elfsight_apps_url":"","pricing_codecanyon_price_caption":"","integration_category":[],"integration_request_title":"","integration_request_cta":"","integration_platform":"","integrations":[],"platform_category":[],"video_schema_markup":"","price":"\u00c0 partir de $0\/mois","trial":"","benefits":[{"text":"Installation gratuite"},{"text":"Support Premium"},{"text":"Garantie de remboursement de 14 jours"},{"text":"L'am\u00e9lioration continue"}],"button_url":"#demo","button_target_blank":"0","button_nofollow":"0","attributes":[{"name":"Nombre d'installations","content":"1,000 - 5,000","_state":"expanded"},{"name":"Adaptif","content":"Oui","_state":"expanded"},{"name":"Navigateurs compatibles","content":"Firefox, Safari, Opera, Chrome, Edge","_state":"expanded"}],"tags":[],"tags_disable_links":"0","hide_more_platforms":"0","video_object":"","demo_hide_cta":"0","demo_hide_cloud_options":"0","pricing_title":"","pricing":[{"pricing_icon":"platform","pricing_title":"Applications d'Elfsight","pricing_title_caption":"Solution num\u00e9rique multiplateforme qui fonctionne sur n'importe quel site","pricing_price":"\u00c0 partir de $0\/mois","pricing_price_caption":"Commencez avec un plan gratuit","pricing_benefits":[{"text":"Sites Web illimit\u00e9s"},{"text":"\u00c9quipe d'assistance professionnelle"},{"text":"Service d'installation gratuit"},{"text":"100% personnalisable"}],"pricing_button_text":"Ajouter au site Web","pricing_button_url":"https:\/\/apps.elfsight.com\/sign-up\/","pricing_button_nofollow":"1","_state":"expanded"}],"related_apps_title":"","related_apps_hidden":"1","author":"","image":[],"title":"","job":"","social_networks":[]},"_links":{"self":[{"href":"https:\/\/elfsight.com\/fr\/wp-json\/wp\/v2\/pages\/5567","targetHints":{"allow":["GET"]}}],"collection":[{"href":"https:\/\/elfsight.com\/fr\/wp-json\/wp\/v2\/pages"}],"about":[{"href":"https:\/\/elfsight.com\/fr\/wp-json\/wp\/v2\/types\/page"}],"author":[{"embeddable":true,"href":"https:\/\/elfsight.com\/fr\/wp-json\/wp\/v2\/users\/18"}],"replies":[{"embeddable":true,"href":"https:\/\/elfsight.com\/fr\/wp-json\/wp\/v2\/comments?post=5567"}],"version-history":[{"count":3,"href":"https:\/\/elfsight.com\/fr\/wp-json\/wp\/v2\/pages\/5567\/revisions"}],"predecessor-version":[{"id":16700,"href":"https:\/\/elfsight.com\/fr\/wp-json\/wp\/v2\/pages\/5567\/revisions\/16700"}],"up":[{"embeddable":true,"href":"https:\/\/elfsight.com\/fr\/wp-json\/wp\/v2\/pages\/815"}],"wp:attachment":[{"href":"https:\/\/elfsight.com\/fr\/wp-json\/wp\/v2\/media?parent=5567"}],"curies":[{"name":"wp","href":"https:\/\/api.w.org\/{rel}","templated":true}]}}