{"id":5560,"date":"2021-12-03T09:28:41","date_gmt":"2021-12-03T09:28:41","guid":{"rendered":"https:\/\/elfsight.com\/fr\/?page_id=5560"},"modified":"2025-07-10T15:02:31","modified_gmt":"2025-07-10T15:02:31","slug":"facebook","status":"publish","type":"page","link":"https:\/\/elfsight.com\/fr\/whatsapp-chat-widget\/facebook\/","title":{"rendered":"Whatsapp Chat &#8211; Facebook Page"},"content":{"rendered":"<div class=\"application-platform-content-item-description application-platform-content-item\" id=\"description\" data-nav-section=\"description\"><h2>Int\u00e9grer le chat WhatsApp avec le widget Elfsight<\/h2><p>WhatsApp Chat d\u00e9velopp\u00e9 par Elfsight est un outil fluide et rapide permettant \u00e0 votre client\u00e8le de communiquer avec vous et recevez des r\u00e9ponses \u00e0 leurs questions et demandes. Vous \u00eates d\u00e9sormais disponible en direct pour vos collaborateurs dans la messagerie pr\u00e9f\u00e9r\u00e9e \u00e0 tout moment. Ajoutez WhatsApp \u00e0 votre page professionnelle Facebook en quelques secondes, choisissez les d\u00e9clencheurs de d\u00e9marrage du chat, pr\u00e9sentez votre propre message de bienvenue, d\u00e9finissez des ic\u00f4nes et appliquez d&rsquo;autres personnalisations. Avec le widget WhatsApp int\u00e9gr\u00e9 \u00e0 la page, vous serez publi\u00e9 pour vos clients \u00e0 tout moment et peu importe o\u00f9 vous vous trouvez.<\/p><p><b>Restez disponible dans la messagerie la plus populaire avec Elfsight Live Chat\u00a0!<\/b> <\/p><\/div> <div class=\"application-platform-content-item-features application-platform-content-item\" id=\"features\" data-nav-section=\"features\"><h2>Principales fonctionnalit\u00e9s du widget de chat WhatsApp<\/h2><p>V\u00e9rifiez toutes les fonctionnalit\u00e9s de notre widget. Ils sont disponibles directement dans l&rsquo;\u00e9diteur et vous aideront \u00e0 cr\u00e9er le widget exactement adapt\u00e9 \u00e0 vos besoins. <\/p><ul><li>Ins\u00e9rez WhatsApp Messenger sur votre page Facebook pour rester connect\u00e9 avec la client\u00e8le\u00a0;<\/li><li>R\u00e9pondez aux messages directement depuis votre compte WhatsApp\u00a0; <\/li><li>Utilisez 3 options de pr\u00e9sentation du chat\u00a0: sous forme de bulle flottante, bulle int\u00e9gr\u00e9e et fen\u00eatre de discussion int\u00e9gr\u00e9e\u00a0; <\/li><li>Choisissez votre ic\u00f4ne de bulle dans notre biblioth\u00e8que d&rsquo;ic\u00f4nes disponibles\u00a0; <\/li><li>Modifiez le texte de la bulle de discussion. <\/li><p><a href=\"#demo\">Vous pouvez essayer toutes les fonctionnalit\u00e9s du widget directement dans la d\u00e9mo<\/a><\/p><\/ul><\/div> <div class=\"application-platform-content-item-installation application-platform-content-item\" id=\"installation\" data-nav-section=\"installation\"> <h2>Comment ajouter le widget Whatsapp Chat \u00e0 la page Facebook<\/h2> <p>Pour introduire le widget, suivez simplement les instructions ci-dessous<\/p><ul><li><b>Cr\u00e9ez votre WhatsApp personnel<\/b> <br>\u00c0 l&rsquo;aide de notre d\u00e9mo gratuite, cr\u00e9ez un plugin personnalis\u00e9 en ajustant les param\u00e8tres et en ajoutant vos informations d&rsquo;identification. <\/li><li><b>Recevez le code individuel pour installer le plugin<\/b><br>Apr\u00e8s avoir configur\u00e9 votre widget, vous obtiendrez le code d&rsquo;installation \u00e0 partir de la notification contextuelle sur Elfsight Apps. Copiez le code. <\/li><li><b>Ajoutez le widget \u00e0 la page Facebook<\/b><br> Cr\u00e9ez votre onglet Facebook personnalis\u00e9. Ins\u00e9rez le code que vous avez re\u00e7u sur les applications elfsight dans l&rsquo;onglet. Si vous rencontrez des probl\u00e8mes, consultez simplement notre guide sur <a href=\"https:\/\/elfsight.com\/blog\/how-to-add-custom-tab-to-facebook-page\/\" target=\"_blank\" rel=\"noopener noreferrer\">cr\u00e9ation d&rsquo;un onglet Facebook personnalis\u00e9<\/a><\/li><li><b>Vous avez termin\u00e9\u00a0! <\/b><br>Acc\u00e9dez \u00e0 votre page professionnelle Facebook pour v\u00e9rifier votre travail. <\/li><\/ul><p>N&rsquo;h\u00e9sitez pas \u00e0 communiquer avec le service d&rsquo;assistance d&rsquo;Elfsight lorsque vous avez besoin de conseils ou que vous rencontrez des probl\u00e8mes. Nous serons heureux de r\u00e9pondre \u00e0 chaque demande. <\/p><\/div>","protected":false},"excerpt":{"rendered":"","protected":false},"author":18,"featured_media":0,"parent":815,"menu_order":0,"comment_status":"closed","ping_status":"closed","template":"templates\/template-application-platform.php","meta":{"publish_to_discourse":"","publish_post_category":"","wpdc_auto_publish_overridden":"","wpdc_topic_tags":"","wpdc_pin_topic":"","wpdc_pin_until":"","discourse_post_id":"","discourse_permalink":"","wpdc_publishing_response":"","wpdc_publishing_error":"","footnotes":""},"class_list":["post-5560","page","type-page","status-publish","hentry"],"yoast_head":"<!-- This site is optimized with the Yoast SEO plugin v25.3.1 - https:\/\/yoast.com\/wordpress\/plugins\/seo\/ -->\n<title>Chat WhatsApp - ajoutez widget Fenetre chat WhatsApp sur Facebook Page<\/title>\n<meta name=\"description\" content=\"Int\u00e9grez un Chat WhatsApp avantageux sur votre site. Appliquez la d\u00e9mo d&#039;Elfsight et g\u00e9n\u00e9rez votre widget en quelques minutes.\" \/>\n<meta name=\"robots\" content=\"index, follow, max-snippet:-1, max-image-preview:large, max-video-preview:-1\" \/>\n<link rel=\"canonical\" href=\"https:\/\/elfsight.com\/fr\/whatsapp-chat-widget\/facebook\/\" \/>\n<meta property=\"og:locale\" content=\"fr_FR\" \/>\n<meta property=\"og:type\" content=\"article\" \/>\n<meta property=\"og:title\" content=\"Chat WhatsApp - ajoutez widget Fenetre chat WhatsApp sur Facebook Page\" \/>\n<meta property=\"og:description\" content=\"Int\u00e9grez un Chat WhatsApp avantageux sur votre site. Appliquez la d\u00e9mo d&#039;Elfsight et g\u00e9n\u00e9rez votre widget en quelques minutes.\" \/>\n<meta property=\"og:url\" content=\"https:\/\/elfsight.com\/fr\/whatsapp-chat-widget\/facebook\/\" \/>\n<meta property=\"og:site_name\" content=\"Elfsight FR\" \/>\n<meta property=\"article:modified_time\" content=\"2025-07-10T15:02:31+00:00\" \/>\n<meta name=\"twitter:card\" content=\"summary_large_image\" \/>\n<meta name=\"twitter:label1\" content=\"Dur\u00e9e de lecture estim\u00e9e\" \/>\n\t<meta name=\"twitter:data1\" content=\"1 minute\" \/>\n<!-- \/ Yoast SEO plugin. -->","yoast_head_json":{"title":"Chat WhatsApp - ajoutez widget Fenetre chat WhatsApp sur Facebook Page","description":"Int\u00e9grez un Chat WhatsApp avantageux sur votre site. Appliquez la d\u00e9mo d'Elfsight et g\u00e9n\u00e9rez votre widget en quelques minutes.","robots":{"index":"index","follow":"follow","max-snippet":"max-snippet:-1","max-image-preview":"max-image-preview:large","max-video-preview":"max-video-preview:-1"},"canonical":"https:\/\/elfsight.com\/fr\/whatsapp-chat-widget\/facebook\/","og_locale":"fr_FR","og_type":"article","og_title":"Chat WhatsApp - ajoutez widget Fenetre chat WhatsApp sur Facebook Page","og_description":"Int\u00e9grez un Chat WhatsApp avantageux sur votre site. Appliquez la d\u00e9mo d'Elfsight et g\u00e9n\u00e9rez votre widget en quelques minutes.","og_url":"https:\/\/elfsight.com\/fr\/whatsapp-chat-widget\/facebook\/","og_site_name":"Elfsight FR","article_modified_time":"2025-07-10T15:02:31+00:00","twitter_card":"summary_large_image","twitter_misc":{"Dur\u00e9e de lecture estim\u00e9e":"1 minute"},"schema":{"@context":"https:\/\/schema.org","@graph":[{"@type":"WebPage","@id":"https:\/\/elfsight.com\/fr\/whatsapp-chat-widget\/facebook\/","url":"https:\/\/elfsight.com\/fr\/whatsapp-chat-widget\/facebook\/","name":"Chat WhatsApp - ajoutez widget Fenetre chat WhatsApp sur Facebook Page","isPartOf":{"@id":"https:\/\/elfsight.com\/fr\/#website"},"datePublished":"2021-12-03T09:28:41+00:00","dateModified":"2025-07-10T15:02:31+00:00","description":"Int\u00e9grez un Chat WhatsApp avantageux sur votre site. Appliquez la d\u00e9mo d'Elfsight et g\u00e9n\u00e9rez votre widget en quelques minutes.","breadcrumb":{"@id":"https:\/\/elfsight.com\/fr\/whatsapp-chat-widget\/facebook\/#breadcrumb"},"inLanguage":"fr-FR","potentialAction":[{"@type":"ReadAction","target":["https:\/\/elfsight.com\/fr\/whatsapp-chat-widget\/facebook\/"]}]},{"@type":"BreadcrumbList","@id":"https:\/\/elfsight.com\/fr\/whatsapp-chat-widget\/facebook\/#breadcrumb","itemListElement":[{"@type":"ListItem","position":1,"name":"Home","item":"https:\/\/elfsight.com\/fr\/"},{"@type":"ListItem","position":2,"name":"WhatsApp Chat","item":"https:\/\/elfsight.com\/fr\/whatsapp-chat-widget\/"},{"@type":"ListItem","position":3,"name":"Whatsapp Chat &#8211; Facebook Page"}]},{"@type":"WebSite","@id":"https:\/\/elfsight.com\/fr\/#website","url":"https:\/\/elfsight.com\/fr\/","name":"Elfsight FR","description":"","potentialAction":[{"@type":"SearchAction","target":{"@type":"EntryPoint","urlTemplate":"https:\/\/elfsight.com\/fr\/?s={search_term_string}"},"query-input":{"@type":"PropertyValueSpecification","valueRequired":true,"valueName":"search_term_string"}}],"inLanguage":"fr-FR"}]}},"meta_box":{"industry":"","seo_heading":"","heading":"","description":"","cta_heading":"","cta_description":"","application":"814","h1":"Widget Chat WhatsApp pour Facebook Page","h1_caption":"Donnez aux utilisateurs la possibilit\u00e9 de vous contacter sur WhatsApp, garantissant ainsi l'interaction la plus rapide et la plus pratique pour les visiteurs de votre site Web sur votre page Facebook sans effort.","application_category":[],"applications_title":"","applications_request_title":"","applications_request_button_text":"","hero_text":"","hero_video":"","hero_video_schema_markup":"","selling_points_title":"","selling_points_caption":"","selling_points":[],"selling_points_cta_text":"","features_title":"","features":"","ed_cta_examples_text":"","ed_cta_examples_hidden":"","ed_cta_demo_text":"","ed_cta_demo_hidden":"","why_caption":"","why_editor_title":"","why_editor_text":"","why_team_title":"","why_team_text":"","why_service_title":"","why_service_text":"","template_catalog_visible":"","template_catalog_title":"","template_catalog_text":"","template_catalog_categories_visible":"","demo_title":"Cr\u00e9ez votre widget de chat Whatsapp","demo_caption":"Configurez votre chat Whatsapp et ajoutez-le gratuitement \u00e0 votre page Facebook\u00a0!","default_faq_hidden":"","app_template_category":[],"platform":"394","template_public_id":"","codecanyon_url":"","codecanyon_item_id":"","codecanyon_price":"","pricing_caption":"","pricing_elfsight_apps_hide_column":"","pricing_elfsight_apps_url":"","pricing_codecanyon_price_caption":"","integration_category":[],"integration_request_title":"","integration_request_cta":"","integration_platform":"","integrations":[],"platform_category":[],"video_schema_markup":"","price":"\u00c0 partir de $0\/mois","trial":"","benefits":[{"text":"Installation gratuite"},{"text":"Support Premium"},{"text":"Garantie de remboursement de 14 jours"},{"text":"L'am\u00e9lioration continue"}],"button_url":"#demo","button_target_blank":"0","button_nofollow":"0","attributes":[{"name":"Nombre d'installations","content":"1,000 - 5,000","_state":"expanded"},{"name":"Adaptif","content":"Oui","_state":"expanded"},{"name":"Navigateurs compatibles","content":"Firefox, Safari, Opera, Chrome, Edge","_state":"expanded"}],"tags":[],"tags_disable_links":"0","hide_more_platforms":"","video_object":"","demo_hide_cta":"0","demo_hide_cloud_options":"0","pricing_title":"","pricing":[{"pricing_icon":"platform","pricing_title":"Applications d'Elfsight","pricing_title_caption":"Solution num\u00e9rique multiplateforme qui fonctionne sur n'importe quel site","pricing_price":"\u00c0 partir de $0\/mois","pricing_price_caption":"Commencez avec un plan gratuit","pricing_benefits":[{"text":"Sites Web illimit\u00e9s"},{"text":"\u00c9quipe d'assistance professionnelle"},{"text":"Service d'installation gratuit"},{"text":"100% personnalisable"}],"pricing_button_text":"Ajouter au site Web","pricing_button_url":"https:\/\/apps.elfsight.com\/sign-up\/","pricing_button_nofollow":"1","_state":"expanded"}],"related_apps_title":"","related_apps_hidden":"1","author":"","image":[],"title":"","job":"","social_networks":[]},"_links":{"self":[{"href":"https:\/\/elfsight.com\/fr\/wp-json\/wp\/v2\/pages\/5560","targetHints":{"allow":["GET"]}}],"collection":[{"href":"https:\/\/elfsight.com\/fr\/wp-json\/wp\/v2\/pages"}],"about":[{"href":"https:\/\/elfsight.com\/fr\/wp-json\/wp\/v2\/types\/page"}],"author":[{"embeddable":true,"href":"https:\/\/elfsight.com\/fr\/wp-json\/wp\/v2\/users\/18"}],"replies":[{"embeddable":true,"href":"https:\/\/elfsight.com\/fr\/wp-json\/wp\/v2\/comments?post=5560"}],"version-history":[{"count":2,"href":"https:\/\/elfsight.com\/fr\/wp-json\/wp\/v2\/pages\/5560\/revisions"}],"predecessor-version":[{"id":14766,"href":"https:\/\/elfsight.com\/fr\/wp-json\/wp\/v2\/pages\/5560\/revisions\/14766"}],"up":[{"embeddable":true,"href":"https:\/\/elfsight.com\/fr\/wp-json\/wp\/v2\/pages\/815"}],"wp:attachment":[{"href":"https:\/\/elfsight.com\/fr\/wp-json\/wp\/v2\/media?parent=5560"}],"curies":[{"name":"wp","href":"https:\/\/api.w.org\/{rel}","templated":true}]}}