{"id":5556,"date":"2021-12-03T09:29:34","date_gmt":"2021-12-03T09:29:34","guid":{"rendered":"https:\/\/elfsight.com\/fr\/?page_id=5556"},"modified":"2025-07-10T15:02:21","modified_gmt":"2025-07-10T15:02:21","slug":"drupal","status":"publish","type":"page","link":"https:\/\/elfsight.com\/fr\/whatsapp-chat-widget\/drupal\/","title":{"rendered":"Whatsapp Chat &#8211; Drupal"},"content":{"rendered":"<div class=\"application-platform-content-item-description application-platform-content-item\" id=\"description\" data-nav-section=\"description\"> <h2>Int\u00e9grer le chat WhatsApp avec le widget Elfsight<\/h2> <p>Le module WhatsApp d&rsquo;Elfsight est un outil simple permettant aux utilisateurs de votre site Web de communiquer avec vous. et obtenir des r\u00e9ponses \u00e0 leurs questions. Vous pouvez d\u00e9sormais \u00eatre disponible en ligne pour les t\u00e9l\u00e9spectateurs \u00e0 tout moment dans leur messagerie confortable. Ins\u00e9rez le chat sur votre boutique et il peut appara\u00eetre sur les pages les plus importantes ou pour certains types d&rsquo;utilisateurs, s\u00e9lectionnez les d\u00e9clencheurs de d\u00e9marrage du chat, envoyez votre message de bienvenue unique, choisissez des ic\u00f4nes et appliquez d&rsquo;autres personnalisations. En ayant Drupal Live Chat sur votre site Web, vous resterez en contact avec votre public \u00e0 tout moment et peu importe o\u00f9 vous vous trouvez. <\/p><p>Le chat WhatsApp pour Drupal peut vous aider \u00e0 am\u00e9liorer vos possibilit\u00e9s commerciales en vous aidant \u00e0 fournir un support client impeccable. Vous pouvez ajouter cet outil \u00e0 toutes les pages ou \u00e0 certaines pages de votre site Web. Il existe \u00e9galement une option permettant de choisir les publics qui verront votre discussion WhatsApp sur les pages de votre site Web Drupal. Cette fonctionnalit\u00e9 peut vous aider \u00e0 rester en contact avec les gens sans les ennuyer avec des messages constants. Le chat WhatsApp pour Drupal est un outil parfait pour tout type d&rsquo;aide, d&rsquo;assistance, d&rsquo;int\u00e9gration et autres services n\u00e9cessaires \u00e0 votre entreprise en ligne et hors ligne. Fournissez le meilleur service client \u00e0 votre public avec l&rsquo;aide d&rsquo;un messager populaire et bien connu.<\/p> <div class=\"faq\" data-component=\"FAQ\"><div class=\"faq-item\">\r\n\t\t\t\t\t<div class=\"faq-item-question\">\r\n\t\t\t\t\t\t<h3 class=\"faq-item-question-text\">Comment ajouter la bo\u00eete de discussion WhatsApp \u00e0 un Drupal page?<\/h3>\r\n\r\n\t\t\t\t\t\t<div class=\"faq-item-question-icon\"><\/div>\r\n\t\t\t\t\t<\/div>\r\n\r\n\t\t\t\t\t<div class=\"faq-item-answer\">\r\n\t\t\t\t\t\t<div class=\"faq-item-answer-text\"><p>L&rsquo;ajout au site Web ne durera que quelques instants. De plus, vous n&rsquo;avez pas besoin d&rsquo;avoir de comp\u00e9tences en programmation.<\/p><ol><li>Personnalisez le module WhatsApp Chat pour Drupal dans le configurateur en direct gratuit.<\/li> <li>Cliquez sur le code pour l&rsquo;obtenir. .<\/li> <li>Int\u00e9grez le code \u00e0 l&rsquo;endroit n\u00e9cessaire dans le mod\u00e8le de site.<\/li> <li>Travail fantastique\u00a0! La configuration du module WhatsApp Chat sur Drupal est perfectionn\u00e9e\u00a0!<\/li><\/ol><p>Vous rencontrez des probl\u00e8mes lors de l&rsquo;installation du plugin sur Drupal ou de la configuration de votre chat WhatsApp\u00a0? Vous pourriez consulter le guide complet <a href=\"https:\/\/elfsight.com\/tutorials\/how-to-add-whatsapp-chat-widget-to-website\/#how-to-add-whatsapp-to-drupal\">sur cette page<\/a>. <\/p><\/div>\r\n\t\t\t\t\t<\/div>\r\n\t\t\t\t<\/div><div class=\"faq-item\">\r\n\t\t\t\t\t<div class=\"faq-item-question\">\r\n\t\t\t\t\t\t<h3 class=\"faq-item-question-text\">Y a-t-il une opportunit\u00e9 de voir \u00e0 quoi ressemblera le widget sur mon site ?<\/h3>\r\n\r\n\t\t\t\t\t\t<div class=\"faq-item-question-icon\"><\/div>\r\n\t\t\t\t\t<\/div>\r\n\r\n\t\t\t\t\t<div class=\"faq-item-answer\">\r\n\t\t\t\t\t\t<div class=\"faq-item-answer-text\"><p>Absolument\u00a0! Lors de la cr\u00e9ation du module de chat WhatsApp pour Drupal <a href=\"https:\/\/elfsight.com\/whatsapp-chat-widget\/#demo\">dans l&rsquo;\u00e9diteur en direct gratuit<\/a>, vous prendrez en compte toutes les configurations sur le droite. La bo\u00eete de discussion aura exactement la m\u00eame apparence que celle que vous aurez sur un site Web Drupal.<\/p><\/div>\r\n\t\t\t\t\t<\/div>\r\n\t\t\t\t<\/div><div class=\"faq-item\">\r\n\t\t\t\t\t<div class=\"faq-item-question\">\r\n\t\t\t\t\t\t<h3 class=\"faq-item-question-text\">Quels modules complets sont n\u00e9cessaires pour un site Web Drupal ?<\/h3>\r\n\r\n\t\t\t\t\t\t<div class=\"faq-item-question-icon\"><\/div>\r\n\t\t\t\t\t<\/div>\r\n\r\n\t\t\t\t\t<div class=\"faq-item-answer\">\r\n\t\t\t\t\t\t<div class=\"faq-item-answer-text\"> <p>Les sites Web Drupal sont parfaits pour \u00eatre renforc\u00e9s par les nombreux modules propos\u00e9s par Elfsight. Par exemple, vous pouvez choisir <a href=\"https:\/\/elfsight.com\/whatsapp-chat-widget\/drupal\/\">WhatsApp Chat<\/a> et <a href=\"https:\/\/elfsight.com\/online -form-builder\/drupal\/\">Form Builder<\/a> pour recueillir les commentaires de vos clients. <a href=\"https:\/\/elfsight.com\/pdf-embed-widget\/drupal\/\">PDF int\u00e9gr\u00e9<\/a>, <a href=\"https:\/\/elfsight.com\/instagram-feed-instashow\/drupal \/\">Flux Instagram<\/a> et <a href=\"https:\/\/elfsight.com\/event-calendar-widget\/drupal\/\">Calendrier des \u00e9v\u00e9nements<\/a> sont l\u00e0 pour vous aider \u00e0 \u00e9largir votre contenu et \u00e0 cr\u00e9er et plus divers.<\/p><\/div>\r\n\t\t\t\t\t<\/div>\r\n\t\t\t\t<\/div><div class=\"faq-item\">\r\n\t\t\t\t\t<div class=\"faq-item-question\">\r\n\t\t\t\t\t\t<h3 class=\"faq-item-question-text\">Les meilleurs exemples d'utilisation de l'int\u00e9gration de Whatsapp Live Chat<\/h3>\r\n\r\n\t\t\t\t\t\t<div class=\"faq-item-question-icon\"><\/div>\r\n\t\t\t\t\t<\/div>\r\n\r\n\t\t\t\t\t<div class=\"faq-item-answer\">\r\n\t\t\t\t\t\t<div class=\"faq-item-answer-text\"><p>Nous offrons une multitude de possibilit\u00e9s d&rsquo;ajustement\u00a0: des widgets pleine taille pour l&rsquo;int\u00e9gration dans la zone de contenu, des widgets flottants avec des possibilit\u00e9s de d\u00e9filement, des dispositions pour le pied de page, l&rsquo;en-t\u00eate et toutes sortes de possibilit\u00e9s verticales pour les barres lat\u00e9rales et les menus du site Web. <\/p><\/div>\r\n\t\t\t\t\t<\/div>\r\n\t\t\t\t<\/div><div class=\"faq-item\">\r\n\t\t\t\t\t<div class=\"faq-item-question\">\r\n\t\t\t\t\t\t<h3 class=\"faq-item-question-text\">Comment cr\u00e9er un chat WhatsApp d'assistance ou de vente \u00e0 l'aide de l'\u00e9diteur ? <\/h3>\r\n\r\n\t\t\t\t\t\t<div class=\"faq-item-question-icon\"><\/div>\r\n\t\t\t\t\t<\/div>\r\n\r\n\t\t\t\t\t<div class=\"faq-item-answer\">\r\n\t\t\t\t\t\t<div class=\"faq-item-answer-text\"><p>Vous pouvez cr\u00e9er les variantes de n&rsquo;importe quel widget. Il existe une multitude de mises en page applicables dans l&rsquo;\u00e9diteur, et toutes peuvent \u00eatre facilement personnalis\u00e9es selon vos besoins. <\/p><\/div>\r\n\t\t\t\t\t<\/div>\r\n\t\t\t\t<\/div><\/div><\/div> <div class=\"application-platform-content-item-features application-platform-content-item\" id=\"features\" data-nav-section=\"features\"> <h2>Principales fonctionnalit\u00e9s du widget de chat WhatsApp<\/h2> <p>Pour avoir une id\u00e9e compl\u00e8te du chat en direct, examinez la liste de ses principales fonctions. Ils rendent le widget incroyablement efficace pour votre entreprise\u00a0: <\/p> <ul><li>Configurez WhatsApp Messenger sur votre site Web pour \u00e9tablir la communication avec les visiteurs\u00a0; <\/li><li>Fournissez une r\u00e9ponse directement depuis votre compte WhatsApp\u00a0; <\/li><li>Utilisez trois options de disposition du module\u00a0: bulle flottante, bulle int\u00e9gr\u00e9e et fen\u00eatre de discussion int\u00e9gr\u00e9e\u00a0; <\/li><li> Choisissez votre variante d&rsquo;ic\u00f4ne de bulle dans la biblioth\u00e8que d&rsquo;ic\u00f4nes disponibles\u00a0; <\/li><li>Entrez votre texte personnalis\u00e9 de la bulle de discussion. <\/li><\/ul><p><a href=\"#demo\">Voir la liste compl\u00e8te des fonctionnalit\u00e9s des widgets dans notre d\u00e9mo en direct<\/a><\/p> <\/div> <div class=\"application-platform-content-item-installation application-platform-content-item\" id=\"installation\" data-nav-section=\"installation\"> <h2>Comment ajouter le module Whatsapp Live Chat \u00e0 votre site Web Drupal<\/h2><div class=\"video-container\"><iframe width=\"720\" height=\"405\" src=\"https:\/\/www.youtube.com\/embed\/u3RYBCjBWJQ\" frameborder=\"0\" allowfullscreen=\"\"><\/iframe><\/div><p>Appliquez simplement les instructions ci-dessous pour int\u00e9grer le module sur Drupal.<\/p> <ol><li><b>Lancez notre \u00e9diteur gratuit et commencez \u00e0 cr\u00e9er votre module personnalis\u00e9. <\/b><br> Recherchez la disposition et les caract\u00e9ristiques pr\u00e9f\u00e9r\u00e9es du module Whatsapp Chat et appliquez les modifications. <\/li> <li><b>Acqu\u00e9rez votre code personnel qui appara\u00eet dans la case sur Elfsight Apps. <\/b><br> Une fois la configuration de votre outil termin\u00e9e, copiez le code individuel dans la case qui appara\u00eet et conservez-le pour une utilisation ult\u00e9rieure. <\/li> <li><b>Commencez \u00e0 utiliser le module sur le site Drupal. <\/b><br> Ins\u00e9rez le code enregistr\u00e9 pr\u00e9c\u00e9demment dans votre page et enregistrez les corrections. <\/li> <li><b>L&rsquo;installation est enti\u00e8rement termin\u00e9e. <\/b><br> Visitez votre site pour examiner comment fonctionne le module. <\/li><\/ol><p>Vous n&rsquo;arrivez toujours pas \u00e0 prendre une d\u00e9cision\u00a0? Ou rencontrez des probl\u00e8mes ? Envoyez simplement une demande \u00e0 notre \u00e9quipe d\u2019assistance et nous vous aiderons pour chaque probl\u00e8me. <\/p> <\/div><div class=\"faq\" data-component=\"FAQ\"><div class=\"faq-item\">\r\n\t\t\t\t\t<div class=\"faq-item-question\">\r\n\t\t\t\t\t\t<h3 class=\"faq-item-question-text\">Existe-t-il une option pour int\u00e9grer le chat Whatsapp \u00e0 mon site Web Drupal sans comp\u00e9tences en codage ?<\/h3>\r\n\r\n\t\t\t\t\t\t<div class=\"faq-item-question-icon\"><\/div>\r\n\t\t\t\t\t<\/div>\r\n\r\n\t\t\t\t\t<div class=\"faq-item-answer\">\r\n\t\t\t\t\t\t<div class=\"faq-item-answer-text\"><p>Soci\u00e9t\u00e9 Elfsight propose une solution qui permet aux utilisateurs de cr\u00e9er eux-m\u00eames un plugin Whatsapp Chat. D\u00e9couvrez les \u00e9tapes simples\u00a0: <\/p><ul><li>Acc\u00e9dez \u00e0 la d\u00e9mo en direct pour cr\u00e9er une section Whatsapp Chat que vous souhaitez ajouter sur votre site Web Drupal.<\/li><li>Choisissez l&rsquo;un des mod\u00e8les pr\u00eats \u00e0 l&#8217;emploi et modifiez les param\u00e8tres du chat Whatsapp, modifiez la mise en page et la palette de couleurs, ajoutez votre contenu sans aucune connaissance en codage.<\/li><li>Enregistrez le chat Whatsapp et obtenez le code d&rsquo;installation, qui peut \u00eatre ajout\u00e9 sans effort sur votre page d&rsquo;accueil Drupal sans avoir besoin d&rsquo;acheter une version payante. <\/li><\/ul><p>Avec l&rsquo;aide du configurateur simple, tout utilisateur Web peut g\u00e9n\u00e9rer un widget de chat Whatsapp et l&rsquo;ajouter simplement \u00e0 la page d&rsquo;accueil de Drupal. Vous ne devez pas payer ni divulguer les donn\u00e9es de votre carte pour acc\u00e9der \u00e0 Elfsight Editor. Si vous rencontrez des obstacles de quelque nature que ce soit, n&rsquo;h\u00e9sitez pas \u00e0 contacter notre \u00e9quipe d&rsquo;assistance.<\/p><\/div>\r\n\t\t\t\t\t<\/div>\r\n\t\t\t\t<\/div><\/div>","protected":false},"excerpt":{"rendered":"","protected":false},"author":18,"featured_media":0,"parent":815,"menu_order":0,"comment_status":"closed","ping_status":"closed","template":"templates\/template-application-platform.php","meta":{"publish_to_discourse":"","publish_post_category":"","wpdc_auto_publish_overridden":"","wpdc_topic_tags":"","wpdc_pin_topic":"","wpdc_pin_until":"","discourse_post_id":"","discourse_permalink":"","wpdc_publishing_response":"","wpdc_publishing_error":"","footnotes":""},"class_list":["post-5556","page","type-page","status-publish","hentry"],"yoast_head":"<!-- This site is optimized with the Yoast SEO plugin v25.3.1 - https:\/\/yoast.com\/wordpress\/plugins\/seo\/ -->\n<title>Chat WhatsApp - ajoutez module Fenetre chat WhatsApp sur Drupal<\/title>\n<meta name=\"description\" content=\"Int\u00e9grez un Chat WhatsApp avantageux sur votre site. Utilisez la d\u00e9mo d&#039;Elfsight et g\u00e9n\u00e9rez votre widget en quelques minutes.\" \/>\n<meta name=\"robots\" content=\"index, follow, max-snippet:-1, max-image-preview:large, max-video-preview:-1\" \/>\n<link rel=\"canonical\" href=\"https:\/\/elfsight.com\/fr\/whatsapp-chat-widget\/drupal\/\" \/>\n<meta property=\"og:locale\" content=\"fr_FR\" \/>\n<meta property=\"og:type\" content=\"article\" \/>\n<meta property=\"og:title\" content=\"Chat WhatsApp - ajoutez module Fenetre chat WhatsApp sur Drupal\" \/>\n<meta property=\"og:description\" content=\"Int\u00e9grez un Chat WhatsApp avantageux sur votre site. Utilisez la d\u00e9mo d&#039;Elfsight et g\u00e9n\u00e9rez votre widget en quelques minutes.\" \/>\n<meta property=\"og:url\" content=\"https:\/\/elfsight.com\/fr\/whatsapp-chat-widget\/drupal\/\" \/>\n<meta property=\"og:site_name\" content=\"Elfsight FR\" \/>\n<meta property=\"article:modified_time\" content=\"2025-07-10T15:02:21+00:00\" \/>\n<meta name=\"twitter:card\" content=\"summary_large_image\" \/>\n<meta name=\"twitter:label1\" content=\"Dur\u00e9e de lecture estim\u00e9e\" \/>\n\t<meta name=\"twitter:data1\" content=\"1 minute\" \/>\n<!-- \/ Yoast SEO plugin. -->","yoast_head_json":{"title":"Chat WhatsApp - ajoutez module Fenetre chat WhatsApp sur Drupal","description":"Int\u00e9grez un Chat WhatsApp avantageux sur votre site. Utilisez la d\u00e9mo d'Elfsight et g\u00e9n\u00e9rez votre widget en quelques minutes.","robots":{"index":"index","follow":"follow","max-snippet":"max-snippet:-1","max-image-preview":"max-image-preview:large","max-video-preview":"max-video-preview:-1"},"canonical":"https:\/\/elfsight.com\/fr\/whatsapp-chat-widget\/drupal\/","og_locale":"fr_FR","og_type":"article","og_title":"Chat WhatsApp - ajoutez module Fenetre chat WhatsApp sur Drupal","og_description":"Int\u00e9grez un Chat WhatsApp avantageux sur votre site. Utilisez la d\u00e9mo d'Elfsight et g\u00e9n\u00e9rez votre widget en quelques minutes.","og_url":"https:\/\/elfsight.com\/fr\/whatsapp-chat-widget\/drupal\/","og_site_name":"Elfsight FR","article_modified_time":"2025-07-10T15:02:21+00:00","twitter_card":"summary_large_image","twitter_misc":{"Dur\u00e9e de lecture estim\u00e9e":"1 minute"},"schema":{"@context":"https:\/\/schema.org","@graph":[{"@type":"WebPage","@id":"https:\/\/elfsight.com\/fr\/whatsapp-chat-widget\/drupal\/","url":"https:\/\/elfsight.com\/fr\/whatsapp-chat-widget\/drupal\/","name":"Chat WhatsApp - ajoutez module Fenetre chat WhatsApp sur Drupal","isPartOf":{"@id":"https:\/\/elfsight.com\/fr\/#website"},"datePublished":"2021-12-03T09:29:34+00:00","dateModified":"2025-07-10T15:02:21+00:00","description":"Int\u00e9grez un Chat WhatsApp avantageux sur votre site. Utilisez la d\u00e9mo d'Elfsight et g\u00e9n\u00e9rez votre widget en quelques minutes.","breadcrumb":{"@id":"https:\/\/elfsight.com\/fr\/whatsapp-chat-widget\/drupal\/#breadcrumb"},"inLanguage":"fr-FR","potentialAction":[{"@type":"ReadAction","target":["https:\/\/elfsight.com\/fr\/whatsapp-chat-widget\/drupal\/"]}]},{"@type":"BreadcrumbList","@id":"https:\/\/elfsight.com\/fr\/whatsapp-chat-widget\/drupal\/#breadcrumb","itemListElement":[{"@type":"ListItem","position":1,"name":"Home","item":"https:\/\/elfsight.com\/fr\/"},{"@type":"ListItem","position":2,"name":"WhatsApp Chat","item":"https:\/\/elfsight.com\/fr\/whatsapp-chat-widget\/"},{"@type":"ListItem","position":3,"name":"Whatsapp Chat &#8211; Drupal"}]},{"@type":"WebSite","@id":"https:\/\/elfsight.com\/fr\/#website","url":"https:\/\/elfsight.com\/fr\/","name":"Elfsight FR","description":"","potentialAction":[{"@type":"SearchAction","target":{"@type":"EntryPoint","urlTemplate":"https:\/\/elfsight.com\/fr\/?s={search_term_string}"},"query-input":{"@type":"PropertyValueSpecification","valueRequired":true,"valueName":"search_term_string"}}],"inLanguage":"fr-FR"}]}},"meta_box":{"industry":"","seo_heading":"","heading":"","description":"","cta_heading":"","cta_description":"","application":"814","h1":"Module Chat WhatsApp pour Drupal","h1_caption":"Donnez aux utilisateurs la possibilit\u00e9 de vous contacter sur WhatsApp, garantissant ainsi l'interaction la plus rapide et la plus pratique pour les visiteurs de votre site Web sur votre site Web Drupal sans effort.","application_category":[],"applications_title":"","applications_request_title":"","applications_request_button_text":"","hero_text":"","hero_video":"","hero_video_schema_markup":"","selling_points_title":"","selling_points_caption":"","selling_points":[],"selling_points_cta_text":"","features_title":"","features":"","ed_cta_examples_text":"","ed_cta_examples_hidden":"","ed_cta_demo_text":"","ed_cta_demo_hidden":"","why_caption":"","why_editor_title":"","why_editor_text":"","why_team_title":"","why_team_text":"","why_service_title":"","why_service_text":"","template_catalog_visible":"","template_catalog_title":"","template_catalog_text":"","template_catalog_categories_visible":"","demo_title":"Cr\u00e9ez votre module de chat Whatsapp","demo_caption":"Configurez votre chat Whatsapp et ajoutez-le \u00e0 votre site Drupal gratuitement !","default_faq_hidden":"","app_template_category":[],"platform":"351","template_public_id":"","codecanyon_url":"","codecanyon_item_id":"","codecanyon_price":"","pricing_caption":"","pricing_elfsight_apps_hide_column":"","pricing_elfsight_apps_url":"","pricing_codecanyon_price_caption":"","integration_category":[],"integration_request_title":"","integration_request_cta":"","integration_platform":"","integrations":[],"platform_category":[],"video_schema_markup":"","price":"\u00c0 partir de $0\/mois","trial":"","benefits":[{"text":"Installation gratuite"},{"text":"Support Premium"},{"text":"Garantie de remboursement de 14 jours"},{"text":"L'am\u00e9lioration continue"}],"button_url":"#demo","button_target_blank":"0","button_nofollow":"0","attributes":[{"name":"Nombre d'installations","content":"1,000 - 5,000","_state":"expanded"},{"name":"Adaptif","content":"Oui","_state":"expanded"},{"name":"Navigateurs compatibles","content":"Firefox, Safari, Opera, Chrome, Edge","_state":"expanded"}],"tags":[],"tags_disable_links":"0","hide_more_platforms":"","video_object":"","demo_hide_cta":"0","demo_hide_cloud_options":"0","pricing_title":"","pricing":[{"pricing_icon":"platform","pricing_title":"Applications d'Elfsight","pricing_title_caption":"Solution num\u00e9rique multiplateforme qui fonctionne sur n'importe quel site","pricing_price":"\u00c0 partir de $0\/mois","pricing_price_caption":"Commencez avec un plan gratuit","pricing_benefits":[{"text":"Sites Web illimit\u00e9s"},{"text":"\u00c9quipe d'assistance professionnelle"},{"text":"Service d'installation gratuit"},{"text":"100% personnalisable"}],"pricing_button_text":"Ajouter au site Web","pricing_button_url":"https:\/\/apps.elfsight.com\/sign-up\/","pricing_button_nofollow":"1","_state":"expanded"}],"related_apps_title":"","related_apps_hidden":"1","author":"","image":[],"title":"","job":"","social_networks":[]},"_links":{"self":[{"href":"https:\/\/elfsight.com\/fr\/wp-json\/wp\/v2\/pages\/5556","targetHints":{"allow":["GET"]}}],"collection":[{"href":"https:\/\/elfsight.com\/fr\/wp-json\/wp\/v2\/pages"}],"about":[{"href":"https:\/\/elfsight.com\/fr\/wp-json\/wp\/v2\/types\/page"}],"author":[{"embeddable":true,"href":"https:\/\/elfsight.com\/fr\/wp-json\/wp\/v2\/users\/18"}],"replies":[{"embeddable":true,"href":"https:\/\/elfsight.com\/fr\/wp-json\/wp\/v2\/comments?post=5556"}],"version-history":[{"count":2,"href":"https:\/\/elfsight.com\/fr\/wp-json\/wp\/v2\/pages\/5556\/revisions"}],"predecessor-version":[{"id":14768,"href":"https:\/\/elfsight.com\/fr\/wp-json\/wp\/v2\/pages\/5556\/revisions\/14768"}],"up":[{"embeddable":true,"href":"https:\/\/elfsight.com\/fr\/wp-json\/wp\/v2\/pages\/815"}],"wp:attachment":[{"href":"https:\/\/elfsight.com\/fr\/wp-json\/wp\/v2\/media?parent=5556"}],"curies":[{"name":"wp","href":"https:\/\/api.w.org\/{rel}","templated":true}]}}