{"id":5554,"date":"2021-12-03T09:54:18","date_gmt":"2021-12-03T09:54:18","guid":{"rendered":"https:\/\/elfsight.com\/fr\/?page_id=5554"},"modified":"2025-07-10T15:02:15","modified_gmt":"2025-07-10T15:02:15","slug":"blogger","status":"publish","type":"page","link":"https:\/\/elfsight.com\/fr\/whatsapp-chat-widget\/blogger\/","title":{"rendered":"Whatsapp Chat &#8211; Blogger"},"content":{"rendered":"<div class=\"application-platform-content-item-description application-platform-content-item\" id=\"description\" data-nav-section=\"description\"> <h2>Int\u00e9grer le chat WhatsApp avec le widget Elfsight<\/h2> <p>Le widget WhatsApp cr\u00e9\u00e9 par Elfsight est une m\u00e9thode simple permettant aux clients de votre site Web de vous joindre et obtenir des r\u00e9ponses \u00e0 leurs questions. Soyez disponible en ligne pour vos clients dans la messagerie la plus populaire \u00e0 tout moment. Introduire le chat sur le site Web et le faire appara\u00eetre sur des pages sp\u00e9cifi\u00e9es ou pour des groupes s\u00e9lectionn\u00e9s de t\u00e9l\u00e9spectateurs\u00a0; choisissez les d\u00e9clencheurs de d\u00e9marrage du chat, affichez votre propre message de bienvenue, choisissez des ic\u00f4nes et bien plus encore. En utilisant le widget Chat Box int\u00e9gr\u00e9 \u00e0 la page Web, vous resterez au courant de vos visiteurs \u00e0 tout moment et quel que soit votre lieu. <\/p> <div class=\"faq\" data-component=\"FAQ\"> <div class=\"faq-item\">\r\n\t\t\t\t\t<div class=\"faq-item-question\">\r\n\t\t\t\t\t\t<h3 class=\"faq-item-question-text\">O\u00f9 sur mon site puis-je afficher le widget<\/h3>\r\n\r\n\t\t\t\t\t\t<div class=\"faq-item-question-icon\"><\/div>\r\n\t\t\t\t\t<\/div>\r\n\r\n\t\t\t\t\t<div class=\"faq-item-answer\">\r\n\t\t\t\t\t\t<div class=\"faq-item-answer-text\"> <p>Vous pouvez int\u00e9grer WhatsApp Live Chat \u00e0 chaque page de votre site Web, ou uniquement \u00e0 des pages s\u00e9lectionn\u00e9es. Il est \u00e9galement possible de le restreindre sur certaines pages si vous ne souhaitez pas y discuter. <\/p> <\/div>\r\n\t\t\t\t\t<\/div>\r\n\t\t\t\t<\/div> <div class=\"faq-item\">\r\n\t\t\t\t\t<div class=\"faq-item-question\">\r\n\t\t\t\t\t\t<h3 class=\"faq-item-question-text\">Comment en b\u00e9n\u00e9ficierais-je ?<\/h3>\r\n\r\n\t\t\t\t\t\t<div class=\"faq-item-question-icon\"><\/div>\r\n\t\t\t\t\t<\/div>\r\n\r\n\t\t\t\t\t<div class=\"faq-item-answer\">\r\n\t\t\t\t\t\t<div class=\"faq-item-answer-text\"> <p>Blogger Chat permettra \u00e0 davantage de visiteurs de vous communiquer leurs requ\u00eates, demandes de renseignements ou probl\u00e8mes. Cela peut aider \u00e0 augmenter le nombre de prospects et de ventes. De plus, une r\u00e9ponse rapide et une approche personnalis\u00e9e am\u00e9lioreront la qualit\u00e9 de votre interaction client. <\/p> <\/div>\r\n\t\t\t\t\t<\/div>\r\n\t\t\t\t<\/div> <div class=\"faq-item\">\r\n\t\t\t\t\t<div class=\"faq-item-question\">\r\n\t\t\t\t\t\t<h3 class=\"faq-item-question-text\">De quoi ai-je besoin pour int\u00e9grer Whatsapp sur mon site Web ?<\/h3>\r\n\r\n\t\t\t\t\t\t<div class=\"faq-item-question-icon\"><\/div>\r\n\t\t\t\t\t<\/div>\r\n\r\n\t\t\t\t\t<div class=\"faq-item-answer\">\r\n\t\t\t\t\t\t<div class=\"faq-item-answer-text\"> <p>L&rsquo;activation du widget ne prendra que trois minutes de votre temps. L\u2019installation est extr\u00eamement rapide, gratuite et ne n\u00e9cessite aucun codage. <\/p> <p>Il existe une option pour int\u00e9grer le widget \u00e0 votre site directement via notre service. Pour cela, vous devez suivre la br\u00e8ve description sur cette page.<\/p> <\/div>\r\n\t\t\t\t\t<\/div>\r\n\t\t\t\t<\/div> <\/div> <\/div> <div class=\"application-platform-content-item-features application-platform-content-item\" id=\"features\" data-nav-section=\"features\"> <h2>Principales fonctionnalit\u00e9s du widget de chat WhatsApp<\/h2> <p>Pour mieux conna\u00eetre le widget, vous pouvez consulter la liste de ses fonctions les plus remarquables. Ils rendent ce widget incroyablement efficace pour vous\u00a0: <\/p> <ul><li>Introduisez WhatsApp Messenger sur votre site pour communiquer avec la client\u00e8le\u00a0; <\/li><li>R\u00e9pondez aux messages directement depuis votre page WhatsApp\u00a0; <\/li><li>Utilisez trois options de pr\u00e9sentation de discussion\u00a0: bulle flottante, bulle int\u00e9gr\u00e9e et fen\u00eatre de discussion int\u00e9gr\u00e9e\u00a0; <\/li><li>D\u00e9couvrez une collection d&rsquo;ic\u00f4nes de bulles parmi lesquelles choisir\u00a0; <\/li><li>Entrez votre texte personnel de la bulle de discussion. <\/li><\/ul><p><a href=\"#demo\">Pour consulter la liste compl\u00e8te des fonctionnalit\u00e9s, voir la d\u00e9mo<\/a><\/p> <\/div> <div class=\"application-platform-content-item-installation application-platform-content-item\" id=\"installation\" data-nav-section=\"installation\"> <h2>V\u00e9rifions comment configurer le chat Whatsapp sur votre site Blogger. C&rsquo;est rapide.<\/h2><div class=\"video-container\"><iframe width=\"720\" height=\"405\" src=\"https:\/\/www.youtube.com\/embed\/yUErtGsJqvM\" frameborder=\"0\" allowfullscreen=\"\"><\/iframe><\/div><p>Les \u00e9tapes suivantes sont la seule chose dont vous avez besoin pour configurer le widget. C\u2019est rapide et sans codage. <\/p> <ul><li><b>Concevez votre bo\u00eete de discussion WhatsApp personnalis\u00e9e<\/b><br> \u00c0 l&rsquo;aide de notre \u00e9diteur gratuit, cr\u00e9ez un plugin avec une composition et des caract\u00e9ristiques fonctionnelles pr\u00e9f\u00e9rables. <\/li><li><b>Acqu\u00e9rir le code individuel pour configurer le plugin<\/b><br> Apr\u00e8s avoir cr\u00e9\u00e9 votre widget, vous recevrez le code individuel dans la fen\u00eatre qui appara\u00eet sur Elfsight Apps. Copiez-le pour une utilisation ult\u00e9rieure. <\/li> <li><b>Ajoutez le plugin sur votre site Blogger<\/b><br> Choisissez l&rsquo;endroit o\u00f9 vous souhaitez afficher le plugin et ajoutez-y le code copi\u00e9. Enregistrez les modifications. <\/li> <li><b>Termin\u00e9\u00a0!<\/b><br> Acc\u00e9dez au site Web pour consulter votre chat.<\/li> <\/ul><p>Vous n&rsquo;arrivez toujours pas \u00e0 vous d\u00e9cider\u00a0? Ou vous avez des probl\u00e8mes ? \u00c9crivez simplement une demande \u00e0 notre service client pour vous aider \u00e0 r\u00e9soudre chaque probl\u00e8me. <\/p> <\/div><div class=\"faq\" data-component=\"FAQ\"><div class=\"faq-item\">\r\n\t\t\t\t\t<div class=\"faq-item-question\">\r\n\t\t\t\t\t\t<h3 class=\"faq-item-question-text\">Comment puis-je int\u00e9grer Whatsapp Chat \u00e0 ma page d'accueil Blogger sans exp\u00e9rience en codage ?<\/h3>\r\n\r\n\t\t\t\t\t\t<div class=\"faq-item-question-icon\"><\/div>\r\n\t\t\t\t\t<\/div>\r\n\r\n\t\t\t\t\t<div class=\"faq-item-answer\">\r\n\t\t\t\t\t\t<div class=\"faq-item-answer-text\"><p>La soci\u00e9t\u00e9 Elfsight pr\u00e9sente un Cloud qui vous permet de cr\u00e9er vous-m\u00eame une application Whatsapp Chat, d\u00e9couvrez \u00e0 quel point le processus est simple\u00a0: <\/p><ul><li>Travailler directement dans l&rsquo;\u00e9diteur en ligne pour cr\u00e9er un plugin Whatsapp Chat que vous aimeriez voir sur la page d&rsquo;accueil de Blogger. <\/li><li>Choisissez l&rsquo;un de nos mod\u00e8les pr\u00e9d\u00e9finis et ajustez les param\u00e8tres de Whatsapp Chat, ajoutez votre contenu, modifiez la mise en page et la palette de couleurs sans comp\u00e9tences en codage.<\/li><li>Cliquez pour enregistrer les param\u00e8tres que vous avez choisis. J&rsquo;ai cr\u00e9\u00e9 Whatsapp Chat et obtenez le code du plugin \u00e0 int\u00e9grer, que vous pouvez ajouter sans effort et gratuitement \u00e0 n&rsquo;importe quelle page Web Blogger. <\/li><\/ul><p>Gr\u00e2ce \u00e0 notre \u00e9diteur convivial, chaque internaute peut cr\u00e9er une section de discussion Whatsapp en ligne et l&rsquo;inclure facilement sur le site Web Blogger. Il n\u2019est pas n\u00e9cessaire de souscrire un abonnement payant ou de saisir les informations d\u2019identification de votre carte pour acc\u00e9der \u00e0 notre service. Si vous rencontrez des obstacles \u00e0 une \u00e9tape quelconque, n&rsquo;h\u00e9sitez pas \u00e0 contacter notre support technique client.<\/p><\/div>\r\n\t\t\t\t\t<\/div>\r\n\t\t\t\t<\/div><\/div>","protected":false},"excerpt":{"rendered":"","protected":false},"author":18,"featured_media":0,"parent":815,"menu_order":0,"comment_status":"closed","ping_status":"closed","template":"templates\/template-application-platform.php","meta":{"publish_to_discourse":"","publish_post_category":"","wpdc_auto_publish_overridden":"","wpdc_topic_tags":"","wpdc_pin_topic":"","wpdc_pin_until":"","discourse_post_id":"","discourse_permalink":"","wpdc_publishing_response":"","wpdc_publishing_error":"","footnotes":""},"class_list":["post-5554","page","type-page","status-publish","hentry"],"yoast_head":"<!-- This site is optimized with the Yoast SEO plugin v25.3.1 - https:\/\/yoast.com\/wordpress\/plugins\/seo\/ -->\n<title>Chat WhatsApp - ajoutez plugin Fenetre chat WhatsApp sur Blogger<\/title>\n<meta name=\"description\" content=\"Int\u00e9grez un Chat WhatsApp attractif sur votre site. Utilisez la d\u00e9mo d&#039;Elfsight et g\u00e9n\u00e9rez votre widget en deux minutes.\" \/>\n<meta name=\"robots\" content=\"index, follow, max-snippet:-1, max-image-preview:large, max-video-preview:-1\" \/>\n<link rel=\"canonical\" href=\"https:\/\/elfsight.com\/fr\/whatsapp-chat-widget\/blogger\/\" \/>\n<meta property=\"og:locale\" content=\"fr_FR\" \/>\n<meta property=\"og:type\" content=\"article\" \/>\n<meta property=\"og:title\" content=\"Chat WhatsApp - ajoutez plugin Fenetre chat WhatsApp sur Blogger\" \/>\n<meta property=\"og:description\" content=\"Int\u00e9grez un Chat WhatsApp attractif sur votre site. Utilisez la d\u00e9mo d&#039;Elfsight et g\u00e9n\u00e9rez votre widget en deux minutes.\" \/>\n<meta property=\"og:url\" content=\"https:\/\/elfsight.com\/fr\/whatsapp-chat-widget\/blogger\/\" \/>\n<meta property=\"og:site_name\" content=\"Elfsight FR\" \/>\n<meta property=\"article:modified_time\" content=\"2025-07-10T15:02:15+00:00\" \/>\n<meta name=\"twitter:card\" content=\"summary_large_image\" \/>\n<meta name=\"twitter:label1\" content=\"Dur\u00e9e de lecture estim\u00e9e\" \/>\n\t<meta name=\"twitter:data1\" content=\"1 minute\" \/>\n<!-- \/ Yoast SEO plugin. -->","yoast_head_json":{"title":"Chat WhatsApp - ajoutez plugin Fenetre chat WhatsApp sur Blogger","description":"Int\u00e9grez un Chat WhatsApp attractif sur votre site. Utilisez la d\u00e9mo d'Elfsight et g\u00e9n\u00e9rez votre widget en deux minutes.","robots":{"index":"index","follow":"follow","max-snippet":"max-snippet:-1","max-image-preview":"max-image-preview:large","max-video-preview":"max-video-preview:-1"},"canonical":"https:\/\/elfsight.com\/fr\/whatsapp-chat-widget\/blogger\/","og_locale":"fr_FR","og_type":"article","og_title":"Chat WhatsApp - ajoutez plugin Fenetre chat WhatsApp sur Blogger","og_description":"Int\u00e9grez un Chat WhatsApp attractif sur votre site. Utilisez la d\u00e9mo d'Elfsight et g\u00e9n\u00e9rez votre widget en deux minutes.","og_url":"https:\/\/elfsight.com\/fr\/whatsapp-chat-widget\/blogger\/","og_site_name":"Elfsight FR","article_modified_time":"2025-07-10T15:02:15+00:00","twitter_card":"summary_large_image","twitter_misc":{"Dur\u00e9e de lecture estim\u00e9e":"1 minute"},"schema":{"@context":"https:\/\/schema.org","@graph":[{"@type":"WebPage","@id":"https:\/\/elfsight.com\/fr\/whatsapp-chat-widget\/blogger\/","url":"https:\/\/elfsight.com\/fr\/whatsapp-chat-widget\/blogger\/","name":"Chat WhatsApp - ajoutez plugin Fenetre chat WhatsApp sur Blogger","isPartOf":{"@id":"https:\/\/elfsight.com\/fr\/#website"},"datePublished":"2021-12-03T09:54:18+00:00","dateModified":"2025-07-10T15:02:15+00:00","description":"Int\u00e9grez un Chat WhatsApp attractif sur votre site. Utilisez la d\u00e9mo d'Elfsight et g\u00e9n\u00e9rez votre widget en deux minutes.","breadcrumb":{"@id":"https:\/\/elfsight.com\/fr\/whatsapp-chat-widget\/blogger\/#breadcrumb"},"inLanguage":"fr-FR","potentialAction":[{"@type":"ReadAction","target":["https:\/\/elfsight.com\/fr\/whatsapp-chat-widget\/blogger\/"]}]},{"@type":"BreadcrumbList","@id":"https:\/\/elfsight.com\/fr\/whatsapp-chat-widget\/blogger\/#breadcrumb","itemListElement":[{"@type":"ListItem","position":1,"name":"Home","item":"https:\/\/elfsight.com\/fr\/"},{"@type":"ListItem","position":2,"name":"WhatsApp Chat","item":"https:\/\/elfsight.com\/fr\/whatsapp-chat-widget\/"},{"@type":"ListItem","position":3,"name":"Whatsapp Chat &#8211; Blogger"}]},{"@type":"WebSite","@id":"https:\/\/elfsight.com\/fr\/#website","url":"https:\/\/elfsight.com\/fr\/","name":"Elfsight FR","description":"","potentialAction":[{"@type":"SearchAction","target":{"@type":"EntryPoint","urlTemplate":"https:\/\/elfsight.com\/fr\/?s={search_term_string}"},"query-input":{"@type":"PropertyValueSpecification","valueRequired":true,"valueName":"search_term_string"}}],"inLanguage":"fr-FR"}]}},"meta_box":{"industry":"","seo_heading":"","heading":"","description":"","cta_heading":"","cta_description":"","application":"814","h1":"Plugin Chat WhatsApp pour Blogger","h1_caption":"Donnez aux utilisateurs la possibilit\u00e9 de vous contacter sur WhatsApp, garantissant ainsi l'interaction la plus rapide et la plus pratique pour les visiteurs de votre site Web sur votre site Web Blogger sans effort.","application_category":[],"applications_title":"","applications_request_title":"","applications_request_button_text":"","hero_text":"","hero_video":"","hero_video_schema_markup":"","selling_points_title":"","selling_points_caption":"","selling_points":[],"selling_points_cta_text":"","features_title":"","features":"","ed_cta_examples_text":"","ed_cta_examples_hidden":"","ed_cta_demo_text":"","ed_cta_demo_hidden":"","why_caption":"","why_editor_title":"","why_editor_text":"","why_team_title":"","why_team_text":"","why_service_title":"","why_service_text":"","template_catalog_visible":"","template_catalog_title":"","template_catalog_text":"","template_catalog_categories_visible":"","demo_title":"Cr\u00e9ez votre widget de chat Whatsapp","demo_caption":"Configurez votre chat Whatsapp et ajoutez-le gratuitement \u00e0 votre site Web Blogger\u00a0!","default_faq_hidden":"","app_template_category":[],"platform":"348","template_public_id":"","codecanyon_url":"","codecanyon_item_id":"","codecanyon_price":"","pricing_caption":"","pricing_elfsight_apps_hide_column":"","pricing_elfsight_apps_url":"","pricing_codecanyon_price_caption":"","integration_category":[],"integration_request_title":"","integration_request_cta":"","integration_platform":"","integrations":[],"platform_category":[],"video_schema_markup":"","price":"\u00c0 partir de $0\/mois","trial":"","benefits":[{"text":"Installation gratuite"},{"text":"Support Premium"},{"text":"Garantie de remboursement de 14 jours"},{"text":"L'am\u00e9lioration continue"}],"button_url":"#demo","button_target_blank":"0","button_nofollow":"0","attributes":[{"name":"Nombre d'installations","content":"1,000 - 5,000","_state":"expanded"},{"name":"Adaptif","content":"Oui","_state":"expanded"},{"name":"Navigateurs compatibles","content":"Firefox, Safari, Opera, Chrome, Edge","_state":"expanded"}],"tags":[],"tags_disable_links":"0","hide_more_platforms":"","video_object":"","demo_hide_cta":"0","demo_hide_cloud_options":"0","pricing_title":"","pricing":[{"pricing_icon":"platform","pricing_title":"Applications d'Elfsight","pricing_title_caption":"Solution num\u00e9rique multiplateforme qui fonctionne sur n'importe quel site","pricing_price":"\u00c0 partir de $0\/mois","pricing_price_caption":"Commencez avec un plan gratuit","pricing_benefits":[{"text":"Sites Web illimit\u00e9s"},{"text":"\u00c9quipe d'assistance professionnelle"},{"text":"Service d'installation gratuit"},{"text":"100% personnalisable"}],"pricing_button_text":"Ajouter au site Web","pricing_button_url":"https:\/\/apps.elfsight.com\/sign-up\/","pricing_button_nofollow":"1","_state":"expanded"}],"related_apps_title":"","related_apps_hidden":"1","author":"","image":[],"title":"","job":"","social_networks":[]},"_links":{"self":[{"href":"https:\/\/elfsight.com\/fr\/wp-json\/wp\/v2\/pages\/5554","targetHints":{"allow":["GET"]}}],"collection":[{"href":"https:\/\/elfsight.com\/fr\/wp-json\/wp\/v2\/pages"}],"about":[{"href":"https:\/\/elfsight.com\/fr\/wp-json\/wp\/v2\/types\/page"}],"author":[{"embeddable":true,"href":"https:\/\/elfsight.com\/fr\/wp-json\/wp\/v2\/users\/18"}],"replies":[{"embeddable":true,"href":"https:\/\/elfsight.com\/fr\/wp-json\/wp\/v2\/comments?post=5554"}],"version-history":[{"count":2,"href":"https:\/\/elfsight.com\/fr\/wp-json\/wp\/v2\/pages\/5554\/revisions"}],"predecessor-version":[{"id":14769,"href":"https:\/\/elfsight.com\/fr\/wp-json\/wp\/v2\/pages\/5554\/revisions\/14769"}],"up":[{"embeddable":true,"href":"https:\/\/elfsight.com\/fr\/wp-json\/wp\/v2\/pages\/815"}],"wp:attachment":[{"href":"https:\/\/elfsight.com\/fr\/wp-json\/wp\/v2\/media?parent=5554"}],"curies":[{"name":"wp","href":"https:\/\/api.w.org\/{rel}","templated":true}]}}