{"id":5496,"date":"2021-12-03T10:05:26","date_gmt":"2021-12-03T10:05:26","guid":{"rendered":"https:\/\/elfsight.com\/fr\/?page_id=5496"},"modified":"2025-12-01T10:08:00","modified_gmt":"2025-12-01T10:08:00","slug":"wix","status":"publish","type":"page","link":"https:\/\/elfsight.com\/fr\/testimonials-slider-widget\/wix\/","title":{"rendered":"Testimonials Slider &#8211; Wix"},"content":{"rendered":"\n<div class=\"application-platform-content-item-description application-platform-content-item\" id=\"description\" data-nav-section=\"description\">\n  <h2>Description<\/h2>\n\n  <p>Testimonials Slider est une superbe application pour ajouter des t\u00e9moignages de vos clients sur votre propre site Web. Vous \u00eates libre d&rsquo;utiliser tout type de preuve sociale pour rendre les t\u00e9moignages dignes de confiance&nbsp;: nom de l&rsquo;auteur, photo, logo commercial de l&rsquo;entreprise et m\u00eame un lien vers le site.<\/p>\n\n  <p><b>Augmentez la confiance dans votre entreprise en montrant aux lecteurs vos avis honn\u00eates et positifs.<\/b><\/p>\n\n  <ul>\n    <li><b>Preuve sociale solide<\/b>. Un lien provenant des commentaires vers Facebook, LinkedIn ou le blog de l&rsquo;auteur est un point fort pour les lecteurs, ce qui augmentera la cr\u00e9dibilit\u00e9 et prouvera que vous pouvez faire confiance \u00e0 votre entreprise.<\/li>\n    <li><b>Niveau de conversion jusqu&rsquo;\u00e0 200&nbsp;%<\/b>. Transformez vos commentaires en un point de prise de d\u00e9cision, en les r\u00e9v\u00e9lant l\u00e0 o\u00f9 les spectateurs prennent leur d\u00e9cision concernant la commande ou l&rsquo;abonnement.<\/li>\n    <li><b>Afficher l&rsquo;\u00e9valuation d&rsquo;un expert<\/b>. Avez-vous des clients dont le point de vue influencera les autres visiteurs&nbsp;? Utilisez-le pour configurer des t\u00e9moignages d\u00e9taill\u00e9s avec des donn\u00e9es compl\u00e8tes sur l&rsquo;auteur et augmenter le niveau de ventes.<\/li>\n  <\/ul>\n<\/div>\n\n<div class=\"application-platform-content-item-features application-platform-content-item\" id=\"features\" data-nav-section=\"features\">\n  <h2>Fonctionnalit\u00e9s<\/h2>\n\n  <p>Les principales aspects qui d\u00e9tournent notre curseur de t\u00e9moignages en une application essentielle pour tout site Wix.<\/p>\n\n  <ul>\n    <li>Utilisez l&rsquo;URL du profil Facebook ou Twitter pour prouver que l&rsquo;auteur est r\u00e9el&nbsp;;<\/li>\n    <li>Complet disposition en largeur pour lui donner un aspect apparent&nbsp;;<\/li>\n    <li>Utiliser une l\u00e9gende pour le nom de l&rsquo;entreprise, le poste et d&rsquo;autres donn\u00e9es&nbsp;;<\/li>\n    <li>Augmenter la cr\u00e9dibilit\u00e9 avec un lien vers le site Web de l&rsquo;auteur.<\/li>\n  <\/ul>\n\n  <p><a href=\"#demo\">Essayez ces fonctionnalit\u00e9s dans la d\u00e9mo en direct<\/a><\/p>\n<\/div>\n\n<div class=\"application-platform-content-item-installation application-platform-content-item\" id=\"installation\" data-nav-section=\"installation\">\n  <h2>Comment ajouter des t\u00e9moignages sur le site Web Wix<\/h2>\n\n  <div class=\"video-container\">\n    <iframe width=\"720\" height=\"405\" src=\"https:\/\/www.youtube.com\/embed\/wPy3rhKiWCI?si=jykCohJOey4o-HoA\" frameborder=\"0\" allowfullscreen><\/iframe>\n  <\/div>\n\n  <p>Notre widget est simple en termes d&rsquo;installation et ne n\u00e9cessite aucune connaissance en d\u00e9veloppement. La r\u00e9alisation du guide ne vous prendra pas plus de 2&nbsp;minutes.<\/p>\n\n  <ol>\n    <li><b>Construisez votre curseur de t\u00e9moignages personnalis\u00e9<\/b>.<br \/>\n      \u00c0 l&rsquo;aide de notre <a href=\"#demo\">configurateur gratuit<\/a>, fa\u00e7onnez un widget avec le design et les fonctions souhait\u00e9es.\n    <\/li>\n    <li><b>Acqu\u00e9rir un code pour configurer l&rsquo;application<\/b>.<br \/>\n      Apr\u00e8s le param\u00e9trage du widget, obtenez un code pour le widget T\u00e9moignages depuis la fen\u00eatre contextuelle des applications Elfsight.\n    <\/li>\n    <li><b>Placez l&rsquo;application sur le site Wix<\/b>.<br \/>\n      Placez le widget \u00e0 l&rsquo;endroit n\u00e9cessaire du site Web et publiez les r\u00e9sultats.\n    <\/li>\n    <li><b>La configuration est termin\u00e9e&nbsp;!<\/b><br \/>\n      Entrez sur votre site Web pour v\u00e9rifier votre travail.\n    <\/li>\n  <\/ol>\n\n  <p>J&rsquo;ai rencontr\u00e9 des difficult\u00e9s lors de l&rsquo;int\u00e9gration ou de la configuration d&rsquo;une application&nbsp;? Lisez le didacticiel complet sur l&rsquo;\n    <a href=\"https:\/\/elfsight.com\/tutorials\/how-to-add-testimonials-slider-widget-to-wix\/\" target=\"_blank\" rel=\"noopener noreferrer\">\n      affichage Testimonials Slider sur Wix\n    <\/a>\n    ou contactez notre centre d&rsquo;assistance.\n  <\/p>\n\n  <div class=\"faq\" data-component=\"FAQ\">\n    <div class=\"faq-item\">\r\n\t\t\t\t\t<div class=\"faq-item-question\">\r\n\t\t\t\t\t\t<h3 class=\"faq-item-question-text\">Comment ajouter Testimonials Slider \u00e0 mon site Wix sans comp\u00e9tences en codage ?<\/h3>\r\n\r\n\t\t\t\t\t\t<div class=\"faq-item-question-icon\"><\/div>\r\n\t\t\t\t\t<\/div>\r\n\r\n\t\t\t\t\t<div class=\"faq-item-answer\">\r\n\t\t\t\t\t\t<div class=\"faq-item-answer-text\">\n      <p>Elfsight fournit une solution SaaS qui vous permet de cr\u00e9er vous-m\u00eame un widget T\u00e9moignages Slider, voyez \u00e0 quel point le processus est simple&nbsp;: travaillez directement dans l&rsquo;\u00e9diteur en ligne pour cr\u00e9er un widget T\u00e9moignages Slider que vous aimeriez voir sur votre site Web Wix. Choisissez l&rsquo;un des mod\u00e8les pr\u00e9d\u00e9finis et ajustez les param\u00e8tres du curseur de t\u00e9moignages, ajoutez votre contenu, modifiez la mise en page et les couleurs sans comp\u00e9tences en codage. Enregistrez le curseur de t\u00e9moignages et copiez son code d&rsquo;installation, que vous pouvez facilement coller sur votre site Web Wix sans acheter d&rsquo;abonnement payant. Avec notre \u00e9diteur intuitif, tout internaute peut cr\u00e9er un widget T\u00e9moignages Slider en ligne et l&rsquo;int\u00e9grer facilement \u00e0 son site Web Wix. Il n&rsquo;est pas n\u00e9cessaire de payer ou de saisir les informations d&rsquo;identification de votre carte pour acc\u00e9der au service. Si vous rencontrez des probl\u00e8mes \u00e0 n&rsquo;importe quelle \u00e9tape, n&rsquo;h\u00e9sitez pas \u00e0 contacter notre \u00e9quipe d&rsquo;assistance technique.<\/p>\n    <\/div>\r\n\t\t\t\t\t<\/div>\r\n\t\t\t\t<\/div>\n  <\/div>\n<\/div>\n\n","protected":false},"excerpt":{"rendered":"","protected":false},"author":18,"featured_media":0,"parent":1017,"menu_order":0,"comment_status":"closed","ping_status":"closed","template":"templates\/template-application-platform.php","meta":{"publish_to_discourse":"","publish_post_category":"","wpdc_auto_publish_overridden":"","wpdc_topic_tags":"","wpdc_pin_topic":"","wpdc_pin_until":"","discourse_post_id":"","discourse_permalink":"","wpdc_publishing_response":"","wpdc_publishing_error":"","footnotes":""},"class_list":["post-5496","page","type-page","status-publish","hentry"],"yoast_head":"<!-- This site is optimized with the Yoast SEO plugin v25.3.1 - https:\/\/yoast.com\/wordpress\/plugins\/seo\/ -->\n<title>Carrousel de t\u00e9moignages - ajoutez app T\u00e9moignage client plugin sur Wix<\/title>\n<meta name=\"description\" content=\"Int\u00e9grez un Carrousel de t\u00e9moignages attractif sur votre site. Appliquez la d\u00e9mo d&#039;Elfsight et g\u00e9n\u00e9rez votre plugin en 2 minutes.\" \/>\n<meta name=\"robots\" content=\"index, follow, max-snippet:-1, max-image-preview:large, max-video-preview:-1\" \/>\n<link rel=\"canonical\" href=\"https:\/\/elfsight.com\/fr\/testimonials-slider-widget\/wix\/\" \/>\n<meta property=\"og:locale\" content=\"fr_FR\" \/>\n<meta property=\"og:type\" content=\"article\" \/>\n<meta property=\"og:title\" content=\"Carrousel de t\u00e9moignages - ajoutez app T\u00e9moignage client plugin sur Wix\" \/>\n<meta property=\"og:description\" content=\"Int\u00e9grez un Carrousel de t\u00e9moignages attractif sur votre site. Appliquez la d\u00e9mo d&#039;Elfsight et g\u00e9n\u00e9rez votre plugin en 2 minutes.\" \/>\n<meta property=\"og:url\" content=\"https:\/\/elfsight.com\/fr\/testimonials-slider-widget\/wix\/\" \/>\n<meta property=\"og:site_name\" content=\"Elfsight FR\" \/>\n<meta property=\"article:modified_time\" content=\"2025-12-01T10:08:00+00:00\" \/>\n<meta name=\"twitter:card\" content=\"summary_large_image\" \/>\n<meta name=\"twitter:label1\" content=\"Dur\u00e9e de lecture estim\u00e9e\" \/>\n\t<meta name=\"twitter:data1\" content=\"3 minutes\" \/>\n<!-- \/ Yoast SEO plugin. -->","yoast_head_json":{"title":"Carrousel de t\u00e9moignages - ajoutez app T\u00e9moignage client plugin sur Wix","description":"Int\u00e9grez un Carrousel de t\u00e9moignages attractif sur votre site. Appliquez la d\u00e9mo d'Elfsight et g\u00e9n\u00e9rez votre plugin en 2 minutes.","robots":{"index":"index","follow":"follow","max-snippet":"max-snippet:-1","max-image-preview":"max-image-preview:large","max-video-preview":"max-video-preview:-1"},"canonical":"https:\/\/elfsight.com\/fr\/testimonials-slider-widget\/wix\/","og_locale":"fr_FR","og_type":"article","og_title":"Carrousel de t\u00e9moignages - ajoutez app T\u00e9moignage client plugin sur Wix","og_description":"Int\u00e9grez un Carrousel de t\u00e9moignages attractif sur votre site. Appliquez la d\u00e9mo d'Elfsight et g\u00e9n\u00e9rez votre plugin en 2 minutes.","og_url":"https:\/\/elfsight.com\/fr\/testimonials-slider-widget\/wix\/","og_site_name":"Elfsight FR","article_modified_time":"2025-12-01T10:08:00+00:00","twitter_card":"summary_large_image","twitter_misc":{"Dur\u00e9e de lecture estim\u00e9e":"3 minutes"},"schema":{"@context":"https:\/\/schema.org","@graph":[{"@type":"WebPage","@id":"https:\/\/elfsight.com\/fr\/testimonials-slider-widget\/wix\/","url":"https:\/\/elfsight.com\/fr\/testimonials-slider-widget\/wix\/","name":"Carrousel de t\u00e9moignages - ajoutez app T\u00e9moignage client plugin sur Wix","isPartOf":{"@id":"https:\/\/elfsight.com\/fr\/#website"},"datePublished":"2021-12-03T10:05:26+00:00","dateModified":"2025-12-01T10:08:00+00:00","description":"Int\u00e9grez un Carrousel de t\u00e9moignages attractif sur votre site. Appliquez la d\u00e9mo d'Elfsight et g\u00e9n\u00e9rez votre plugin en 2 minutes.","breadcrumb":{"@id":"https:\/\/elfsight.com\/fr\/testimonials-slider-widget\/wix\/#breadcrumb"},"inLanguage":"fr-FR","potentialAction":[{"@type":"ReadAction","target":["https:\/\/elfsight.com\/fr\/testimonials-slider-widget\/wix\/"]}]},{"@type":"BreadcrumbList","@id":"https:\/\/elfsight.com\/fr\/testimonials-slider-widget\/wix\/#breadcrumb","itemListElement":[{"@type":"ListItem","position":1,"name":"Home","item":"https:\/\/elfsight.com\/fr\/"},{"@type":"ListItem","position":2,"name":"Testimonials Slider","item":"https:\/\/elfsight.com\/fr\/testimonials-slider-widget\/"},{"@type":"ListItem","position":3,"name":"Testimonials Slider &#8211; Wix"}]},{"@type":"WebSite","@id":"https:\/\/elfsight.com\/fr\/#website","url":"https:\/\/elfsight.com\/fr\/","name":"Elfsight FR","description":"","potentialAction":[{"@type":"SearchAction","target":{"@type":"EntryPoint","urlTemplate":"https:\/\/elfsight.com\/fr\/?s={search_term_string}"},"query-input":{"@type":"PropertyValueSpecification","valueRequired":true,"valueName":"search_term_string"}}],"inLanguage":"fr-FR"}]}},"meta_box":{"industry":"","seo_heading":"","heading":"","description":"","cta_heading":"","cta_description":"","application":"1010","h1":"App Carrousel de t\u00e9moignages pour Wix","h1_caption":"Affichez les t\u00e9moignages de clients dans un curseur rotatif pour renforcer votre cr\u00e9dibilit\u00e9 et pr\u00e9senter sans effort les commentaires positifs sur votre site Web Wix.","application_category":[],"applications_title":"","applications_request_title":"","applications_request_button_text":"","hero_text":"","hero_video":"","hero_video_schema_markup":"","selling_points_title":"","selling_points_caption":"","selling_points":[],"selling_points_cta_text":"","features_title":"","features":"","ed_cta_examples_text":"","ed_cta_examples_hidden":"","ed_cta_demo_text":"","ed_cta_demo_hidden":"","why_caption":"","why_editor_title":"","why_editor_text":"","why_team_title":"","why_team_text":"","why_service_title":"","why_service_text":"","template_catalog_visible":"0","template_catalog_title":"","template_catalog_text":"","template_catalog_categories_visible":"","demo_title":"Cr\u00e9ez votre application T\u00e9moignages Slider","demo_caption":"Configurez votre curseur de t\u00e9moignages et ajoutez-le \u00e0 votre site Web Wix gratuitement !","default_faq_hidden":"","app_template_category":[],"platform":"345","template_public_id":"","codecanyon_url":"","codecanyon_item_id":"","codecanyon_price":"","pricing_caption":"","pricing_elfsight_apps_hide_column":"","pricing_elfsight_apps_url":"","pricing_codecanyon_price_caption":"","integration_category":[],"integration_request_title":"","integration_request_cta":"","integration_platform":"","integrations":[],"platform_category":[],"video_schema_markup":"","price":"\u00c0 partir de $0\/mois","trial":"","benefits":[{"text":"Installation gratuite"},{"text":"Support Premium"},{"text":"Garantie de remboursement de 14 jours"},{"text":"L'am\u00e9lioration continue"}],"button_url":"#demo","button_target_blank":"0","button_nofollow":"0","attributes":[{"name":"Nombre d'installations","content":"1,000 - 5,000","_state":"expanded"},{"name":"Adaptif","content":"Oui","_state":"expanded"},{"name":"Navigateurs compatibles","content":"Firefox, Safari, Opera, Chrome, Edge","_state":"expanded"}],"tags":[],"tags_disable_links":"0","hide_more_platforms":"0","video_object":"","demo_hide_cta":"0","demo_hide_cloud_options":"0","pricing_title":"","pricing":[{"pricing_icon":"platform","pricing_title":"Applications d'Elfsight","pricing_title_caption":"Solution num\u00e9rique multiplateforme qui fonctionne sur n'importe quel site","pricing_price":"\u00c0 partir de $0\/mois","pricing_price_caption":"Commencez avec un plan gratuit","pricing_benefits":[{"text":"Sites Web illimit\u00e9s"},{"text":"\u00c9quipe d'assistance professionnelle"},{"text":"Service d'installation gratuit"},{"text":"100% personnalisable"}],"pricing_button_text":"Ajouter au site Web","pricing_button_url":"https:\/\/apps.elfsight.com\/sign-up\/","pricing_button_nofollow":"1","_state":"expanded"}],"related_apps_title":"","related_apps_hidden":"1","author":"","image":[],"title":"","job":"","social_networks":[]},"_links":{"self":[{"href":"https:\/\/elfsight.com\/fr\/wp-json\/wp\/v2\/pages\/5496","targetHints":{"allow":["GET"]}}],"collection":[{"href":"https:\/\/elfsight.com\/fr\/wp-json\/wp\/v2\/pages"}],"about":[{"href":"https:\/\/elfsight.com\/fr\/wp-json\/wp\/v2\/types\/page"}],"author":[{"embeddable":true,"href":"https:\/\/elfsight.com\/fr\/wp-json\/wp\/v2\/users\/18"}],"replies":[{"embeddable":true,"href":"https:\/\/elfsight.com\/fr\/wp-json\/wp\/v2\/comments?post=5496"}],"version-history":[{"count":3,"href":"https:\/\/elfsight.com\/fr\/wp-json\/wp\/v2\/pages\/5496\/revisions"}],"predecessor-version":[{"id":16753,"href":"https:\/\/elfsight.com\/fr\/wp-json\/wp\/v2\/pages\/5496\/revisions\/16753"}],"up":[{"embeddable":true,"href":"https:\/\/elfsight.com\/fr\/wp-json\/wp\/v2\/pages\/1017"}],"wp:attachment":[{"href":"https:\/\/elfsight.com\/fr\/wp-json\/wp\/v2\/media?parent=5496"}],"curies":[{"name":"wp","href":"https:\/\/api.w.org\/{rel}","templated":true}]}}