{"id":5490,"date":"2021-12-03T10:05:34","date_gmt":"2021-12-03T10:05:34","guid":{"rendered":"https:\/\/elfsight.com\/fr\/?page_id=5490"},"modified":"2025-12-01T09:24:11","modified_gmt":"2025-12-01T09:24:11","slug":"webflow","status":"publish","type":"page","link":"https:\/\/elfsight.com\/fr\/testimonials-slider-widget\/webflow\/","title":{"rendered":"Testimonials Slider &#8211; Webflow"},"content":{"rendered":"<div class=\"application-platform-content-item-description application-platform-content-item\" id=\"description\" data-nav-section=\"description\"><h2>Int\u00e9grer le curseur de t\u00e9moignages sur Webflow avec le widget Elfsight<\/h2><p>Le curseur de t\u00e9moignages est un widget simple permettant de r\u00e9v\u00e9ler les commentaires de vos clients sur votre site Web personnel. Vous \u00eates libre d&rsquo;utiliser tous types de preuves sociales pour rendre les t\u00e9moignages dignes de confiance\u00a0: nom de l&rsquo;auteur, photo, logo de l&rsquo;organisation et m\u00eame un lien vers le site Web.<\/p><p><b>Augmentez la confiance dans votre service en montrant \u00e0 vos lecteurs ont des commentaires honn\u00eates et francs \u00e0 ce sujet.<\/b><\/p><ul><li><b>Motivez les utilisateurs \u00e0 agir<\/b>.<br>D\u00e9montrer de vrais avis d&rsquo;utilisateurs avec une histoire heureuse motive les visiteurs \u00e0 partager ceci exp\u00e9rience et les stimule \u00e0 agir et \u00e0 augmenter votre niveau de conversion.<\/li><li><b>Multipliez la confiance dans votre site<\/b>.<br>Affichez les t\u00e9moignages de vos clients sur le site Web et d\u00e9montrez des exemples de bonne exp\u00e9rience client pour accro\u00eetre la confiance dans votre entreprise.<\/li><li><b>Affichez une opinion faisant autorit\u00e9<\/b>.<br>Avez-vous des clients dont l&rsquo;opinion aura un effet puissant sur le reste des lecteurs\u00a0? Cr\u00e9ez des t\u00e9moignages complets avec des informations sur l&rsquo;auteur et augmentez le niveau de ventes.<\/li><\/ul><\/div><div class=\"application-platform-content-item-features application-platform-content-item\" id=\"features\" data-nav-section=\"features\"><h2>Principales fonctionnalit\u00e9s du widget T\u00e9moignages Slider<\/h2><p> Les traits marquants, qui transforment notre curseur de t\u00e9moignages en un widget irrempla\u00e7able pour tout site Webflow.<\/p><ul><li>Augmentez la cr\u00e9dibilit\u00e9 avec un lien vers le site Web de l&rsquo;auteur\u00a0;<\/li><li>Placez un lien vers le site Web de l&rsquo;auteur pour cr\u00e9er une image solide\u00a0;<\/li><li>Ajoutez le logo de la soci\u00e9t\u00e9 de l&rsquo;auteur pour rendre les informations dignes de confiance\u00a0;<\/li><li>Pour ajouter de la confiance, affichez le logo de la soci\u00e9t\u00e9 de l&rsquo;auteur.<\/li> <\/ul><p><a href=\"#demo\">Essayez ces fonctionnalit\u00e9s dans la d\u00e9mo en direct<\/a><\/p><\/div><div class=\"application-platform-content-item-installation application-platform-content-item\" id=\"installation\" data-nav-section=\"installation\"><h2>Comment ajouter des t\u00e9moignages \u00e0 Site Web Webflow<\/h2><div class=\"video-container\"><iframe width=\"720\" height=\"405\" src=\"\/\/www.youtube.com\/embed\/knpbylAiW60?si=aTRDeqbJS-HO9750\" frameborder=\"0\" allowfullscreen=\"\"><\/iframe><\/div><p>Notre widget est extr\u00eamement simple en termes d&rsquo;installation et ne n\u00e9cessite aucune comp\u00e9tence en d\u00e9veloppement Web. Suivre les instructions ne vous prendra pas plus de 3 minutes.<\/p><ol><li><b>Concevez votre curseur de t\u00e9moignages sur mesure.<\/b><br>Avec l&rsquo;aide de notre \u00e9diteur gratuit, assemblez un widget avec une apparence et des fonctions pr\u00e9f\u00e9rables.<\/li><li><b>Obtenez le code pour l&rsquo;int\u00e9gration du widget.<\/b><br>Apr\u00e8s la cr\u00e9ation du widget, recevez le code du widget T\u00e9moignages \u00e0 partir de la notification apparaissant sur les applications Elfsight. .<\/li><li><b>Placez le widget sur le site Webflow.<\/b><br>Int\u00e9grez le widget \u00e0 l&rsquo;endroit souhait\u00e9 de la page et appliquez les modifications.<\/li><li><b> Termin\u00e9\u00a0!<\/b><br>Visitez votre site Webflow pour voir votre widget.<\/li><\/ol><p>Vous rencontrez des probl\u00e8mes lors de l&rsquo;installation ou de la configuration du widget\u00a0? Consultez les instructions d\u00e9taill\u00e9es sur <a href=\"https:\/\/elfsight.com\/tutorials\/how-to-add-testimonials-slider-widget-to-webflow\/\" target=\"_blank\" rel=\"noopener noreferrer\"> int\u00e9gration de Testimonials Slider \u00e0 Webflow<\/a> ou contactez notre centre d&rsquo;assistance.<\/p><div class=\"faq\" data-component=\"FAQ\"> <div class=\"faq-item\">\r\n\t\t\t\t\t<div class=\"faq-item-question\">\r\n\t\t\t\t\t\t<h3 class=\"faq-item-question-text\">Comment ajouter Testimonials Slider \u00e0 mon site Web Webflow sans comp\u00e9tences en codage ?<\/h3>\r\n\r\n\t\t\t\t\t\t<div class=\"faq-item-question-icon\"><\/div>\r\n\t\t\t\t\t<\/div>\r\n\r\n\t\t\t\t\t<div class=\"faq-item-answer\">\r\n\t\t\t\t\t\t<div class=\"faq-item-answer-text\"> <p>Elfsight fournit un SaaS solution qui vous permet de cr\u00e9er vous-m\u00eame un widget T\u00e9moignages Slider, voyez \u00e0 quel point le processus est simple\u00a0: travaillez directement dans l&rsquo;\u00e9diteur en ligne pour cr\u00e9er un widget T\u00e9moignages Slider que vous aimeriez voir sur votre site Web Webflow. Choisissez l&rsquo;un des mod\u00e8les pr\u00e9d\u00e9finis et ajustez les param\u00e8tres du curseur de t\u00e9moignages, ajoutez votre contenu, modifiez la mise en page et la palette de couleurs sans comp\u00e9tences en codage. Enregistrez le curseur de t\u00e9moignages et copiez son code d&rsquo;installation, que vous pouvez int\u00e9grer sans effort dans votre site Web Webflow sans acheter d&rsquo;abonnement payant. Avec notre \u00e9diteur intuitif, tout internaute peut cr\u00e9er un widget T\u00e9moignages Slider en ligne et l&rsquo;int\u00e9grer facilement \u00e0 son site Web Webflow. Il n&rsquo;est pas n\u00e9cessaire de payer ou de saisir les informations d&rsquo;identification de votre carte pour acc\u00e9der au service. Si vous rencontrez des probl\u00e8mes \u00e0 n&rsquo;importe quelle \u00e9tape, n&rsquo;h\u00e9sitez pas \u00e0 contacter notre \u00e9quipe d&rsquo;assistance technique.<\/p> <\/div>\r\n\t\t\t\t\t<\/div>\r\n\t\t\t\t<\/div> <\/div> <\/div>","protected":false},"excerpt":{"rendered":"","protected":false},"author":18,"featured_media":0,"parent":1017,"menu_order":0,"comment_status":"closed","ping_status":"closed","template":"templates\/template-application-platform.php","meta":{"publish_to_discourse":"","publish_post_category":"","wpdc_auto_publish_overridden":"","wpdc_topic_tags":"","wpdc_pin_topic":"","wpdc_pin_until":"","discourse_post_id":"","discourse_permalink":"","wpdc_publishing_response":"","wpdc_publishing_error":"","footnotes":""},"class_list":["post-5490","page","type-page","status-publish","hentry"],"yoast_head":"<!-- This site is optimized with the Yoast SEO plugin v25.3.1 - https:\/\/yoast.com\/wordpress\/plugins\/seo\/ -->\n<title>Carrousel de t\u00e9moignages - ajoutez widget T\u00e9moignage client plugin sur Webflow<\/title>\n<meta name=\"description\" content=\"Int\u00e9grez un Carrousel de t\u00e9moignages avantageux sur votre site. Appliquez la d\u00e9mo d&#039;Elfsight et g\u00e9n\u00e9rez votre widget en 2 minutes.\" \/>\n<meta name=\"robots\" content=\"index, follow, max-snippet:-1, max-image-preview:large, max-video-preview:-1\" \/>\n<link rel=\"canonical\" href=\"https:\/\/elfsight.com\/fr\/testimonials-slider-widget\/webflow\/\" \/>\n<meta property=\"og:locale\" content=\"fr_FR\" \/>\n<meta property=\"og:type\" content=\"article\" \/>\n<meta property=\"og:title\" content=\"Carrousel de t\u00e9moignages - ajoutez widget T\u00e9moignage client plugin sur Webflow\" \/>\n<meta property=\"og:description\" content=\"Int\u00e9grez un Carrousel de t\u00e9moignages avantageux sur votre site. Appliquez la d\u00e9mo d&#039;Elfsight et g\u00e9n\u00e9rez votre widget en 2 minutes.\" \/>\n<meta property=\"og:url\" content=\"https:\/\/elfsight.com\/fr\/testimonials-slider-widget\/webflow\/\" \/>\n<meta property=\"og:site_name\" content=\"Elfsight FR\" \/>\n<meta property=\"article:modified_time\" content=\"2025-12-01T09:24:11+00:00\" \/>\n<meta name=\"twitter:card\" content=\"summary_large_image\" \/>\n<meta name=\"twitter:label1\" content=\"Dur\u00e9e de lecture estim\u00e9e\" \/>\n\t<meta name=\"twitter:data1\" content=\"4 minutes\" \/>\n<!-- \/ Yoast SEO plugin. -->","yoast_head_json":{"title":"Carrousel de t\u00e9moignages - ajoutez widget T\u00e9moignage client plugin sur Webflow","description":"Int\u00e9grez un Carrousel de t\u00e9moignages avantageux sur votre site. Appliquez la d\u00e9mo d'Elfsight et g\u00e9n\u00e9rez votre widget en 2 minutes.","robots":{"index":"index","follow":"follow","max-snippet":"max-snippet:-1","max-image-preview":"max-image-preview:large","max-video-preview":"max-video-preview:-1"},"canonical":"https:\/\/elfsight.com\/fr\/testimonials-slider-widget\/webflow\/","og_locale":"fr_FR","og_type":"article","og_title":"Carrousel de t\u00e9moignages - ajoutez widget T\u00e9moignage client plugin sur Webflow","og_description":"Int\u00e9grez un Carrousel de t\u00e9moignages avantageux sur votre site. Appliquez la d\u00e9mo d'Elfsight et g\u00e9n\u00e9rez votre widget en 2 minutes.","og_url":"https:\/\/elfsight.com\/fr\/testimonials-slider-widget\/webflow\/","og_site_name":"Elfsight FR","article_modified_time":"2025-12-01T09:24:11+00:00","twitter_card":"summary_large_image","twitter_misc":{"Dur\u00e9e de lecture estim\u00e9e":"4 minutes"},"schema":{"@context":"https:\/\/schema.org","@graph":[{"@type":"WebPage","@id":"https:\/\/elfsight.com\/fr\/testimonials-slider-widget\/webflow\/","url":"https:\/\/elfsight.com\/fr\/testimonials-slider-widget\/webflow\/","name":"Carrousel de t\u00e9moignages - ajoutez widget T\u00e9moignage client plugin sur Webflow","isPartOf":{"@id":"https:\/\/elfsight.com\/fr\/#website"},"datePublished":"2021-12-03T10:05:34+00:00","dateModified":"2025-12-01T09:24:11+00:00","description":"Int\u00e9grez un Carrousel de t\u00e9moignages avantageux sur votre site. Appliquez la d\u00e9mo d'Elfsight et g\u00e9n\u00e9rez votre widget en 2 minutes.","breadcrumb":{"@id":"https:\/\/elfsight.com\/fr\/testimonials-slider-widget\/webflow\/#breadcrumb"},"inLanguage":"fr-FR","potentialAction":[{"@type":"ReadAction","target":["https:\/\/elfsight.com\/fr\/testimonials-slider-widget\/webflow\/"]}]},{"@type":"BreadcrumbList","@id":"https:\/\/elfsight.com\/fr\/testimonials-slider-widget\/webflow\/#breadcrumb","itemListElement":[{"@type":"ListItem","position":1,"name":"Home","item":"https:\/\/elfsight.com\/fr\/"},{"@type":"ListItem","position":2,"name":"Testimonials Slider","item":"https:\/\/elfsight.com\/fr\/testimonials-slider-widget\/"},{"@type":"ListItem","position":3,"name":"Testimonials Slider &#8211; Webflow"}]},{"@type":"WebSite","@id":"https:\/\/elfsight.com\/fr\/#website","url":"https:\/\/elfsight.com\/fr\/","name":"Elfsight FR","description":"","potentialAction":[{"@type":"SearchAction","target":{"@type":"EntryPoint","urlTemplate":"https:\/\/elfsight.com\/fr\/?s={search_term_string}"},"query-input":{"@type":"PropertyValueSpecification","valueRequired":true,"valueName":"search_term_string"}}],"inLanguage":"fr-FR"}]}},"meta_box":{"industry":"","seo_heading":"","heading":"","description":"","cta_heading":"","cta_description":"","application":"1010","h1":"Widget Carrousel de t\u00e9moignages pour Webflow","h1_caption":"Affichez les t\u00e9moignages de clients dans un curseur rotatif pour renforcer votre cr\u00e9dibilit\u00e9 et pr\u00e9senter sans effort les commentaires positifs sur votre site Web Webflow.","application_category":[],"applications_title":"","applications_request_title":"","applications_request_button_text":"","hero_text":"","hero_video":"","hero_video_schema_markup":"","selling_points_title":"","selling_points_caption":"","selling_points":[],"selling_points_cta_text":"","features_title":"","features":"","ed_cta_examples_text":"","ed_cta_examples_hidden":"","ed_cta_demo_text":"","ed_cta_demo_hidden":"","why_caption":"","why_editor_title":"","why_editor_text":"","why_team_title":"","why_team_text":"","why_service_title":"","why_service_text":"","template_catalog_visible":"0","template_catalog_title":"","template_catalog_text":"","template_catalog_categories_visible":"","demo_title":"Cr\u00e9ez votre widget Slider de t\u00e9moignages","demo_caption":"Configurez votre curseur de t\u00e9moignages et ajoutez-le \u00e0 votre site Web Webflow gratuitement\u00a0!","default_faq_hidden":"","app_template_category":[],"platform":"362","template_public_id":"","codecanyon_url":"","codecanyon_item_id":"","codecanyon_price":"","pricing_caption":"","pricing_elfsight_apps_hide_column":"","pricing_elfsight_apps_url":"","pricing_codecanyon_price_caption":"","integration_category":[],"integration_request_title":"","integration_request_cta":"","integration_platform":"","integrations":[],"platform_category":[],"video_schema_markup":"","price":"\u00c0 partir de $0\/mois","trial":"","benefits":[{"text":"Installation gratuite"},{"text":"Support Premium"},{"text":"Garantie de remboursement de 14 jours"},{"text":"L'am\u00e9lioration continue"}],"button_url":"#demo","button_target_blank":"0","button_nofollow":"0","attributes":[{"name":"Nombre d'installations","content":"1,000 - 5,000","_state":"expanded"},{"name":"Adaptif","content":"Oui","_state":"expanded"},{"name":"Navigateurs compatibles","content":"Firefox, Safari, Opera, Chrome, Edge","_state":"expanded"}],"tags":[],"tags_disable_links":"0","hide_more_platforms":"0","video_object":"","demo_hide_cta":"0","demo_hide_cloud_options":"0","pricing_title":"","pricing":[{"pricing_icon":"platform","pricing_title":"Applications d'Elfsight","pricing_title_caption":"Solution num\u00e9rique multiplateforme qui fonctionne sur n'importe quel site","pricing_price":"\u00c0 partir de $0\/mois","pricing_price_caption":"Commencez avec un plan gratuit","pricing_benefits":[{"text":"Sites Web illimit\u00e9s"},{"text":"\u00c9quipe d'assistance professionnelle"},{"text":"Service d'installation gratuit"},{"text":"100% personnalisable"}],"pricing_button_text":"Ajouter au site Web","pricing_button_url":"https:\/\/apps.elfsight.com\/sign-up\/","pricing_button_nofollow":"1","_state":"expanded"}],"related_apps_title":"","related_apps_hidden":"1","author":"","image":[],"title":"","job":"","social_networks":[]},"_links":{"self":[{"href":"https:\/\/elfsight.com\/fr\/wp-json\/wp\/v2\/pages\/5490","targetHints":{"allow":["GET"]}}],"collection":[{"href":"https:\/\/elfsight.com\/fr\/wp-json\/wp\/v2\/pages"}],"about":[{"href":"https:\/\/elfsight.com\/fr\/wp-json\/wp\/v2\/types\/page"}],"author":[{"embeddable":true,"href":"https:\/\/elfsight.com\/fr\/wp-json\/wp\/v2\/users\/18"}],"replies":[{"embeddable":true,"href":"https:\/\/elfsight.com\/fr\/wp-json\/wp\/v2\/comments?post=5490"}],"version-history":[{"count":3,"href":"https:\/\/elfsight.com\/fr\/wp-json\/wp\/v2\/pages\/5490\/revisions"}],"predecessor-version":[{"id":16750,"href":"https:\/\/elfsight.com\/fr\/wp-json\/wp\/v2\/pages\/5490\/revisions\/16750"}],"up":[{"embeddable":true,"href":"https:\/\/elfsight.com\/fr\/wp-json\/wp\/v2\/pages\/1017"}],"wp:attachment":[{"href":"https:\/\/elfsight.com\/fr\/wp-json\/wp\/v2\/media?parent=5490"}],"curies":[{"name":"wp","href":"https:\/\/api.w.org\/{rel}","templated":true}]}}