{"id":5488,"date":"2021-12-03T10:05:36","date_gmt":"2021-12-03T10:05:36","guid":{"rendered":"https:\/\/elfsight.com\/fr\/?page_id=5488"},"modified":"2024-11-11T11:07:08","modified_gmt":"2024-11-11T11:07:08","slug":"squarespace","status":"publish","type":"page","link":"https:\/\/elfsight.com\/fr\/testimonials-slider-widget\/squarespace\/","title":{"rendered":"Testimonials Slider &#8211; SquareSpace"},"content":{"rendered":"<div class=\"application-platform-content-item-description application-platform-content-item\" id=\"description\" data-nav-section=\"description\"><h2>Int\u00e9grer le curseur de t\u00e9moignages sur SquareSpace avec le widget Elfsight<\/h2><p>Le curseur de t\u00e9moignages est un widget r\u00e9actif permettant d&rsquo;afficher les commentaires de vos acheteurs sur votre site personnel. Vous pouvez joindre diff\u00e9rents types de preuves sociales pour rendre les avis dignes de confiance\u00a0: nom de l&rsquo;auteur, photo, logo commercial de l&rsquo;entreprise et m\u00eame un lien vers le site.<\/p><p><b>Augmentez la confiance dans votre entreprise en montrant aux utilisateurs vos t\u00e9moignages vrais et naturels.<\/b><\/p><ul><li><b>Persuader les lecteurs d&rsquo;acheter<\/b>.<br>Afficher des t\u00e9moignages de clients authentiques avec une interaction positive incite les utilisateurs \u00e0 partager cette exp\u00e9rience et les motive \u00e0 acheter et \u00e0 augmenter votre conversion.<\/li><li><b>Double confiance dans votre site Web<\/b>.<br>Utilisez les avis de vos clients sur le site et vantez des exemples d&rsquo;exp\u00e9rience client satisfaite pour renforcer confiance en votre entreprise.<\/li><li><b>Fid\u00e9lisation de vos visiteurs<\/b>.<br>Un client a fait un t\u00e9moignage positif sur votre entreprise ? Ne le laissez pas inaper\u00e7u et exprimez votre appr\u00e9ciation en l&rsquo;int\u00e9grant au site.<\/li><\/ul><\/div><div class=\"application-platform-content-item-features application-platform-content-item\" id=\"features\" data-nav-section=\"features\"><h2>Principales fonctionnalit\u00e9s du widget T\u00e9moignages Slider<\/h2><p>Les caract\u00e9ristiques cruciales qui font d&rsquo;Elfsight Testimonial Slider un widget pr\u00e9cieux pour n&rsquo;importe quel site SquareSpace.<\/p><ul><li>Ajoutez un maximum d&rsquo;informations sur l&rsquo;auteur &#8211; affichez le logo de l&rsquo;entreprise de l&rsquo;auteur\u00a0;<\/li><li>Modifiable titre du widget pour lui donner un nom accrocheur\u00a0;<\/li><li>Ajoutez un lien vers le profil Facebook ou Twitter de l&rsquo;auteur pour plus de cr\u00e9dibilit\u00e9\u00a0;<\/li><li>Mise en page en pleine largeur.<\/li><\/ul> <p><a href=\"#demo\">Essayez ces fonctionnalit\u00e9s dans la d\u00e9mo en direct<\/a><\/p><\/div><div class=\"application-platform-content-item-installation application-platform-content-item\" id=\"installation\" data-nav-section=\"installation\"><h2>Comment ajouter un curseur de t\u00e9moignage au site Web Squarespace<\/h2> <div class=\"video-container\"><iframe width=\"720\" height=\"405\" src=\"https:\/\/www.youtube.com\/embed\/mMQWrphD-xI\" frameborder=\"0\" allowfullscreen=\"\"><\/iframe><\/div><p>Le plugin Elfsight est simple en termes d&rsquo;installation et ne n\u00e9cessite aucune exp\u00e9rience en d\u00e9veloppement. L&rsquo;ex\u00e9cution des instructions prendra moins de 3 minutes.<\/p><ol><li><b>Concevez votre curseur de t\u00e9moignages personnalis\u00e9.<\/b><br>Avec l&rsquo;aide de notre \u00e9diteur gratuit, cr\u00e9ez un plugin avec les pr\u00e9f\u00e9rences conception et options.<\/li><li><b>Copiez le code pour l&rsquo;int\u00e9gration du plugin.<\/b><br>Apr\u00e8s la configuration du widget, r\u00e9cup\u00e9rez le code du plugin Testimonials \u00e0 partir de la notification apparue sur les applications Elfsight.<\/li> <li><b>Int\u00e9grez le plugin sur le site SquareSpace.<\/b><br>Int\u00e9grez le plugin \u00e0 l&rsquo;endroit n\u00e9cessaire de la page et appliquez les modifications.<\/li><li><b>Vous avez termin\u00e9\u00a0! <\/b><br>Acc\u00e9dez \u00e0 votre site Web SquareSpace pour v\u00e9rifier votre travail.<\/li><\/ol><p>Vous rencontrez des probl\u00e8mes lors de l&rsquo;int\u00e9gration ou de l&rsquo;ajustement du widget\u00a0? Lisez le manuel complet sur la <a href=\"https:\/\/elfsight.com\/tutorials\/how-to-add-testimonials-slider-widget-to-squarespace\/\" target=\"_blank\" rel=\"noopener noreferrer\">cr\u00e9ation de t\u00e9moignages Slider \u00e0 SquareSpace<\/a> ou adressez-vous \u00e0 notre centre d&rsquo;assistance.<\/p><div class=\"faq\" data-component=\"FAQ\"> <div class=\"faq-item\">\r\n\t\t\t\t\t<div class=\"faq-item-question\">\r\n\t\t\t\t\t\t<h3 class=\"faq-item-question-text\">Comment puis-je ajouter Testimonials Slider \u00e0 mon site Web Squarespace sans comp\u00e9tences en codage ?<\/h3>\r\n\r\n\t\t\t\t\t\t<div class=\"faq-item-question-icon\"><\/div>\r\n\t\t\t\t\t<\/div>\r\n\r\n\t\t\t\t\t<div class=\"faq-item-answer\">\r\n\t\t\t\t\t\t<div class=\"faq-item-answer-text\"> <p>Elfsight propose un SaaS qui vous permet de cr\u00e9er vous-m\u00eame un widget T\u00e9moignages Slider, voyez \u00e0 quel point le processus est simple\u00a0: Travaillez directement dans l&rsquo;\u00e9diteur en ligne pour cr\u00e9er un widget T\u00e9moignages Slider que vous aimeriez voir sur votre site Web Squarespace. Choisissez l&rsquo;un des mod\u00e8les pr\u00e9d\u00e9finis et ajustez les param\u00e8tres du curseur de t\u00e9moignages, ajoutez votre contenu, modifiez la mise en page et la palette de couleurs sans comp\u00e9tences en codage. Enregistrez le curseur de t\u00e9moignages et copiez son code d&rsquo;installation, que vous pouvez coller sur votre site Web Squarespace sans avoir besoin d&rsquo;acheter un abonnement payant. Gr\u00e2ce \u00e0 notre \u00e9diteur intuitif, tout internaute peut cr\u00e9er un widget T\u00e9moignages Slider en ligne et l&rsquo;int\u00e9grer facilement \u00e0 son site Web Squarespace. Il n&rsquo;est pas n\u00e9cessaire de payer ou de saisir les informations d&rsquo;identification de votre carte pour acc\u00e9der au service. Si vous rencontrez des probl\u00e8mes \u00e0 n&rsquo;importe quelle \u00e9tape, n&rsquo;h\u00e9sitez pas \u00e0 contacter notre \u00e9quipe d&rsquo;assistance technique.<\/p> <\/div>\r\n\t\t\t\t\t<\/div>\r\n\t\t\t\t<\/div> <\/div> <\/div><p><\/p>","protected":false},"excerpt":{"rendered":"","protected":false},"author":18,"featured_media":0,"parent":1017,"menu_order":0,"comment_status":"closed","ping_status":"closed","template":"templates\/template-application-platform.php","meta":{"publish_to_discourse":"","publish_post_category":"","wpdc_auto_publish_overridden":"","wpdc_topic_tags":"","wpdc_pin_topic":"","wpdc_pin_until":"","discourse_post_id":"","discourse_permalink":"","wpdc_publishing_response":"","wpdc_publishing_error":"","footnotes":""},"class_list":["post-5488","page","type-page","status-publish","hentry"],"yoast_head":"<!-- This site is optimized with the Yoast SEO plugin v25.3.1 - https:\/\/yoast.com\/wordpress\/plugins\/seo\/ -->\n<title>Carrousel de t\u00e9moignages - ajoutez plugin T\u00e9moignage client plugin sur Squarespace<\/title>\n<meta name=\"description\" content=\"Int\u00e9grez un Carrousel de t\u00e9moignages attractif sur votre site. Utilisez la d\u00e9mo d&#039;Elfsight et g\u00e9n\u00e9rez votre widget en quelques minutes.\" \/>\n<meta name=\"robots\" content=\"index, follow, max-snippet:-1, max-image-preview:large, max-video-preview:-1\" \/>\n<link rel=\"canonical\" href=\"https:\/\/elfsight.com\/fr\/testimonials-slider-widget\/squarespace\/\" \/>\n<meta property=\"og:locale\" content=\"fr_FR\" \/>\n<meta property=\"og:type\" content=\"article\" \/>\n<meta property=\"og:title\" content=\"Carrousel de t\u00e9moignages - ajoutez plugin T\u00e9moignage client plugin sur Squarespace\" \/>\n<meta property=\"og:description\" content=\"Int\u00e9grez un Carrousel de t\u00e9moignages attractif sur votre site. Utilisez la d\u00e9mo d&#039;Elfsight et g\u00e9n\u00e9rez votre widget en quelques minutes.\" \/>\n<meta property=\"og:url\" content=\"https:\/\/elfsight.com\/fr\/testimonials-slider-widget\/squarespace\/\" \/>\n<meta property=\"og:site_name\" content=\"Elfsight FR\" \/>\n<meta property=\"article:modified_time\" content=\"2024-11-11T11:07:08+00:00\" \/>\n<meta name=\"twitter:card\" content=\"summary_large_image\" \/>\n<meta name=\"twitter:label1\" content=\"Dur\u00e9e de lecture estim\u00e9e\" \/>\n\t<meta name=\"twitter:data1\" content=\"1 minute\" \/>\n<!-- \/ Yoast SEO plugin. -->","yoast_head_json":{"title":"Carrousel de t\u00e9moignages - ajoutez plugin T\u00e9moignage client plugin sur Squarespace","description":"Int\u00e9grez un Carrousel de t\u00e9moignages attractif sur votre site. Utilisez la d\u00e9mo d'Elfsight et g\u00e9n\u00e9rez votre widget en quelques minutes.","robots":{"index":"index","follow":"follow","max-snippet":"max-snippet:-1","max-image-preview":"max-image-preview:large","max-video-preview":"max-video-preview:-1"},"canonical":"https:\/\/elfsight.com\/fr\/testimonials-slider-widget\/squarespace\/","og_locale":"fr_FR","og_type":"article","og_title":"Carrousel de t\u00e9moignages - ajoutez plugin T\u00e9moignage client plugin sur Squarespace","og_description":"Int\u00e9grez un Carrousel de t\u00e9moignages attractif sur votre site. Utilisez la d\u00e9mo d'Elfsight et g\u00e9n\u00e9rez votre widget en quelques minutes.","og_url":"https:\/\/elfsight.com\/fr\/testimonials-slider-widget\/squarespace\/","og_site_name":"Elfsight FR","article_modified_time":"2024-11-11T11:07:08+00:00","twitter_card":"summary_large_image","twitter_misc":{"Dur\u00e9e de lecture estim\u00e9e":"1 minute"},"schema":{"@context":"https:\/\/schema.org","@graph":[{"@type":"WebPage","@id":"https:\/\/elfsight.com\/fr\/testimonials-slider-widget\/squarespace\/","url":"https:\/\/elfsight.com\/fr\/testimonials-slider-widget\/squarespace\/","name":"Carrousel de t\u00e9moignages - ajoutez plugin T\u00e9moignage client plugin sur Squarespace","isPartOf":{"@id":"https:\/\/elfsight.com\/fr\/#website"},"datePublished":"2021-12-03T10:05:36+00:00","dateModified":"2024-11-11T11:07:08+00:00","description":"Int\u00e9grez un Carrousel de t\u00e9moignages attractif sur votre site. Utilisez la d\u00e9mo d'Elfsight et g\u00e9n\u00e9rez votre widget en quelques minutes.","breadcrumb":{"@id":"https:\/\/elfsight.com\/fr\/testimonials-slider-widget\/squarespace\/#breadcrumb"},"inLanguage":"fr-FR","potentialAction":[{"@type":"ReadAction","target":["https:\/\/elfsight.com\/fr\/testimonials-slider-widget\/squarespace\/"]}]},{"@type":"BreadcrumbList","@id":"https:\/\/elfsight.com\/fr\/testimonials-slider-widget\/squarespace\/#breadcrumb","itemListElement":[{"@type":"ListItem","position":1,"name":"Home","item":"https:\/\/elfsight.com\/fr\/"},{"@type":"ListItem","position":2,"name":"Testimonials Slider","item":"https:\/\/elfsight.com\/fr\/testimonials-slider-widget\/"},{"@type":"ListItem","position":3,"name":"Testimonials Slider &#8211; SquareSpace"}]},{"@type":"WebSite","@id":"https:\/\/elfsight.com\/fr\/#website","url":"https:\/\/elfsight.com\/fr\/","name":"Elfsight FR","description":"","potentialAction":[{"@type":"SearchAction","target":{"@type":"EntryPoint","urlTemplate":"https:\/\/elfsight.com\/fr\/?s={search_term_string}"},"query-input":{"@type":"PropertyValueSpecification","valueRequired":true,"valueName":"search_term_string"}}],"inLanguage":"fr-FR"}]}},"meta_box":{"industry":"","seo_heading":"","heading":"","description":"","cta_heading":"","cta_description":"","application":"1010","h1":"Plugin Carrousel de t\u00e9moignages pour Squarespace","h1_caption":"Affichez les t\u00e9moignages de clients dans un curseur rotatif pour renforcer votre cr\u00e9dibilit\u00e9 et pr\u00e9senter sans effort les commentaires positifs sur votre site Web Squarespace.","application_category":[],"applications_title":"","applications_request_title":"","applications_request_button_text":"","hero_text":"","hero_video":"","hero_video_schema_markup":"","selling_points_title":"","selling_points_caption":"","selling_points":[],"selling_points_cta_text":"","features_title":"","features":"","ed_cta_examples_text":"","ed_cta_examples_hidden":"","ed_cta_demo_text":"","ed_cta_demo_hidden":"","why_caption":"","why_editor_title":"","why_editor_text":"","why_team_title":"","why_team_text":"","why_service_title":"","why_service_text":"","template_catalog_visible":"","template_catalog_title":"","template_catalog_text":"","template_catalog_categories_visible":"","demo_title":"Cr\u00e9ez votre plugin Testimonials Slider","demo_caption":"Configurez votre curseur de t\u00e9moignages et ajoutez-le gratuitement \u00e0 votre site Web Squarespace\u00a0!","default_faq_hidden":"","app_template_category":[],"platform":"361","template_public_id":"","codecanyon_url":"","codecanyon_item_id":"","codecanyon_price":"","pricing_caption":"","pricing_elfsight_apps_hide_column":"","pricing_elfsight_apps_url":"","pricing_codecanyon_price_caption":"","integration_category":[],"integration_request_title":"","integration_request_cta":"","integration_platform":"","integrations":[],"platform_category":[],"video_schema_markup":"","price":"\u00c0 partir de $0\/mois","trial":"","benefits":[{"text":"Installation gratuite"},{"text":"Support Premium"},{"text":"Garantie de remboursement de 14 jours"},{"text":"L'am\u00e9lioration continue"}],"button_url":"#demo","button_target_blank":"0","button_nofollow":"0","attributes":[{"name":"Nombre d'installations","content":"1,000 - 5,000","_state":"expanded"},{"name":"Adaptif","content":"Oui","_state":"expanded"},{"name":"Navigateurs compatibles","content":"Firefox, Safari, Opera, Chrome, Edge","_state":"expanded"}],"tags":[],"tags_disable_links":"0","hide_more_platforms":"","video_object":"","demo_hide_cta":"0","demo_hide_cloud_options":"0","pricing_title":"","pricing":[{"pricing_icon":"platform","pricing_title":"Applications d'Elfsight","pricing_title_caption":"Solution num\u00e9rique multiplateforme qui fonctionne sur n'importe quel site","pricing_price":"\u00c0 partir de $0\/mois","pricing_price_caption":"Commencez avec un plan gratuit","pricing_benefits":[{"text":"Sites Web illimit\u00e9s"},{"text":"\u00c9quipe d'assistance professionnelle"},{"text":"Service d'installation gratuit"},{"text":"100% personnalisable"}],"pricing_button_text":"Ajouter au site Web","pricing_button_url":"https:\/\/apps.elfsight.com\/sign-up\/","pricing_button_nofollow":"1","_state":"expanded"}],"related_apps_title":"","related_apps_hidden":"1","author":"","image":[],"title":"","job":"","social_networks":[]},"_links":{"self":[{"href":"https:\/\/elfsight.com\/fr\/wp-json\/wp\/v2\/pages\/5488","targetHints":{"allow":["GET"]}}],"collection":[{"href":"https:\/\/elfsight.com\/fr\/wp-json\/wp\/v2\/pages"}],"about":[{"href":"https:\/\/elfsight.com\/fr\/wp-json\/wp\/v2\/types\/page"}],"author":[{"embeddable":true,"href":"https:\/\/elfsight.com\/fr\/wp-json\/wp\/v2\/users\/18"}],"replies":[{"embeddable":true,"href":"https:\/\/elfsight.com\/fr\/wp-json\/wp\/v2\/comments?post=5488"}],"version-history":[{"count":2,"href":"https:\/\/elfsight.com\/fr\/wp-json\/wp\/v2\/pages\/5488\/revisions"}],"predecessor-version":[{"id":15013,"href":"https:\/\/elfsight.com\/fr\/wp-json\/wp\/v2\/pages\/5488\/revisions\/15013"}],"up":[{"embeddable":true,"href":"https:\/\/elfsight.com\/fr\/wp-json\/wp\/v2\/pages\/1017"}],"wp:attachment":[{"href":"https:\/\/elfsight.com\/fr\/wp-json\/wp\/v2\/media?parent=5488"}],"curies":[{"name":"wp","href":"https:\/\/api.w.org\/{rel}","templated":true}]}}