{"id":5484,"date":"2021-12-03T10:05:41","date_gmt":"2021-12-03T10:05:41","guid":{"rendered":"https:\/\/elfsight.com\/fr\/?page_id=5484"},"modified":"2025-07-10T13:50:06","modified_gmt":"2025-07-10T13:50:06","slug":"prestashop","status":"publish","type":"page","link":"https:\/\/elfsight.com\/fr\/testimonials-slider-widget\/prestashop\/","title":{"rendered":"Testimonials Slider &#8211; PrestaShop"},"content":{"rendered":"<div class=\"application-platform-content-item-description application-platform-content-item\" id=\"description\" data-nav-section=\"description\"> <h2>Description<\/h2> <p>Elfsight Testimonials Slider pour PrestaShop est un widget simple qui vous permet d&rsquo;attirer l&rsquo;attention des utilisateurs en affichant diverses images, des vid\u00e9os ou les meilleures offres de votre site. N&rsquo;h\u00e9sitez pas \u00e0 utiliser n&rsquo;importe quel nombre de diapositives essentielles pour pr\u00e9senter vos produits et marquer les bonnes affaires. Ajoutez des effets sp\u00e9ciaux et redimensionnez la taille de l&rsquo;image\/vid\u00e9o selon vos besoins. Gr\u00e2ce \u00e0 notre outil, vous r\u00e9ussirez \u00e0 cr\u00e9er un curseur saillant qui attirera l&rsquo;attention des visiteurs du site et ne les laissera pas quitter votre page trop t\u00f4t. <\/p> <p><b>Rendez votre site Web plus efficace pour les cibles de commerce \u00e9lectronique avec %\u043f\u0440\u043e\u0434\u0443\u043a\u0442%<\/b><\/p> <\/div> <div class=\"application-platform-content-item-features application-platform-content-item\" id=\"features\" data-nav-section=\"features\"> <h2>Nous proposons de pr\u00e9cieux et des fonctionnalit\u00e9s rapides, consultez-en quelques-unes\u00a0: <\/h2> <ul><li>Ajoutez des CTA pour guider les utilisateurs vers la conversion. <\/li><li>Dur\u00e9e de changement de diapositive personnalis\u00e9e. <\/li><li>Choisissez entre de nombreuses variantes. <\/li><li>Placez le texte o\u00f9 vous le souhaitez sur la page \u00e0 l&rsquo;aide de la position avanc\u00e9e. <\/li><li>Adaptez cinq options de contenu. <\/li><\/ul><p><a href=\"#demo\">Examinez tous les param\u00e8tres dans une d\u00e9mo 100\u00a0% fonctionnelle<\/a><\/p> <\/div> <div class=\"application-platform-content-item-installation application-platform-content-item\" id=\"installation\" data-nav-section=\"installation\"> <h2>Comment puis-je ajouter un curseur de t\u00e9moignages \u00e0 ma page Web PrestaShop ? <\/h2> <p>Suivez simplement plusieurs \u00e9tapes d\u00e9crites ci-dessous pour int\u00e9grer l&rsquo;addon. <\/p> <ol><li><b>G\u00e9rez notre \u00e9diteur gratuit et commencez \u00e0 cr\u00e9er votre instrument sur mesure. <\/b><br> D\u00e9terminez la disposition et les options souhaitables de l&rsquo;outil et enregistrez les modifications. <\/li> <li><b>R\u00e9cup\u00e9rez votre code personnel apparaissant dans la case sur Elfsight Apps. <\/b><br> Juste apr\u00e8s la cr\u00e9ation de votre outil personnel, copiez le code exclusif de la fen\u00eatre contextuelle qui appara\u00eet et conservez-le pour une utilisation future. <\/li> <li><b>Initier l&rsquo;utilisation du widget sur le site PrestaShop. <\/b><br> Collez le code copi\u00e9 r\u00e9cemment dans votre page et enregistrez les modifications. <\/li> <li><b>Vous avez termin\u00e9\u00a0! L&rsquo;int\u00e9gration est effectu\u00e9e avec succ\u00e8s. <\/b><br> Acc\u00e9dez \u00e0 votre page pour voir comment fonctionne l&rsquo;addon. <\/li><\/ol> <p>Si vous avez des questions ou rencontrez des probl\u00e8mes, veuillez faire appel \u00e0 notre \u00e9quipe d&rsquo;assistance. Nos consultants ont h\u00e2te de vous aider avec tous les probl\u00e8mes que vous pourriez rencontrer avec l&rsquo;outil. <\/p> <div class=\"faq\" data-component=\"FAQ\"> <div class=\"faq-item\">\r\n\t\t\t\t\t<div class=\"faq-item-question\">\r\n\t\t\t\t\t\t<h3 class=\"faq-item-question-text\">Comment puis-je ajouter un Slider de t\u00e9moignages \u00e0 mon site PrestaShop sans comp\u00e9tences en codage ?<\/h3>\r\n\r\n\t\t\t\t\t\t<div class=\"faq-item-question-icon\"><\/div>\r\n\t\t\t\t\t<\/div>\r\n\r\n\t\t\t\t\t<div class=\"faq-item-answer\">\r\n\t\t\t\t\t\t<div class=\"faq-item-answer-text\"> <p>Elfsight fournit une solution SaaS qui vous permet de cr\u00e9er vous-m\u00eame un widget Slider de t\u00e9moignages, voyez \u00e0 quel point il est facile Le processus est le suivant\u00a0: travaillez directement dans l&rsquo;\u00e9diteur en ligne pour cr\u00e9er un widget Slider de t\u00e9moignages que vous aimeriez voir sur votre site Web PrestaShop. Choisissez l&rsquo;un des mod\u00e8les pr\u00e9d\u00e9finis et ajustez les param\u00e8tres du curseur de t\u00e9moignages, ajoutez votre contenu, modifiez la mise en page et les couleurs sans comp\u00e9tences en codage. Enregistrez le curseur de t\u00e9moignages et copiez son code d&rsquo;installation, que vous pouvez simplement ajouter sur votre site PrestaShop sans avoir besoin d&rsquo;acheter un abonnement payant. Avec notre \u00e9diteur intuitif, tout internaute peut cr\u00e9er un widget T\u00e9moignages Slider en ligne et l&rsquo;int\u00e9grer facilement \u00e0 son site PrestaShop. Il n&rsquo;est pas n\u00e9cessaire de payer ou de saisir les informations d&rsquo;identification de votre carte pour acc\u00e9der au service. Si vous rencontrez des probl\u00e8mes \u00e0 n&rsquo;importe quelle \u00e9tape, n&rsquo;h\u00e9sitez pas \u00e0 contacter notre \u00e9quipe d&rsquo;assistance technique.<\/p> <\/div>\r\n\t\t\t\t\t<\/div>\r\n\t\t\t\t<\/div> <\/div> <\/div><p><\/p>","protected":false},"excerpt":{"rendered":"","protected":false},"author":18,"featured_media":0,"parent":1017,"menu_order":0,"comment_status":"closed","ping_status":"closed","template":"templates\/template-application-platform.php","meta":{"publish_to_discourse":"","publish_post_category":"","wpdc_auto_publish_overridden":"","wpdc_topic_tags":"","wpdc_pin_topic":"","wpdc_pin_until":"","discourse_post_id":"","discourse_permalink":"","wpdc_publishing_response":"","wpdc_publishing_error":"","footnotes":""},"class_list":["post-5484","page","type-page","status-publish","hentry"],"yoast_head":"<!-- This site is optimized with the Yoast SEO plugin v25.3.1 - https:\/\/yoast.com\/wordpress\/plugins\/seo\/ -->\n<title>Carrousel de t\u00e9moignages - ajoutez addon T\u00e9moignage client plugin sur Prestashop<\/title>\n<meta name=\"description\" content=\"Int\u00e9grez un Carrousel de t\u00e9moignages attractif sur votre site. Appliquez la d\u00e9mo d&#039;Elfsight et g\u00e9n\u00e9rez votre plugin en quelques minutes.\" \/>\n<meta name=\"robots\" content=\"index, follow, max-snippet:-1, max-image-preview:large, max-video-preview:-1\" \/>\n<link rel=\"canonical\" href=\"https:\/\/elfsight.com\/fr\/testimonials-slider-widget\/prestashop\/\" \/>\n<meta property=\"og:locale\" content=\"fr_FR\" \/>\n<meta property=\"og:type\" content=\"article\" \/>\n<meta property=\"og:title\" content=\"Carrousel de t\u00e9moignages - ajoutez addon T\u00e9moignage client plugin sur Prestashop\" \/>\n<meta property=\"og:description\" content=\"Int\u00e9grez un Carrousel de t\u00e9moignages attractif sur votre site. Appliquez la d\u00e9mo d&#039;Elfsight et g\u00e9n\u00e9rez votre plugin en quelques minutes.\" \/>\n<meta property=\"og:url\" content=\"https:\/\/elfsight.com\/fr\/testimonials-slider-widget\/prestashop\/\" \/>\n<meta property=\"og:site_name\" content=\"Elfsight FR\" \/>\n<meta property=\"article:modified_time\" content=\"2025-07-10T13:50:06+00:00\" \/>\n<meta name=\"twitter:card\" content=\"summary_large_image\" \/>\n<meta name=\"twitter:label1\" content=\"Dur\u00e9e de lecture estim\u00e9e\" \/>\n\t<meta name=\"twitter:data1\" content=\"1 minute\" \/>\n<!-- \/ Yoast SEO plugin. -->","yoast_head_json":{"title":"Carrousel de t\u00e9moignages - ajoutez addon T\u00e9moignage client plugin sur Prestashop","description":"Int\u00e9grez un Carrousel de t\u00e9moignages attractif sur votre site. Appliquez la d\u00e9mo d'Elfsight et g\u00e9n\u00e9rez votre plugin en quelques minutes.","robots":{"index":"index","follow":"follow","max-snippet":"max-snippet:-1","max-image-preview":"max-image-preview:large","max-video-preview":"max-video-preview:-1"},"canonical":"https:\/\/elfsight.com\/fr\/testimonials-slider-widget\/prestashop\/","og_locale":"fr_FR","og_type":"article","og_title":"Carrousel de t\u00e9moignages - ajoutez addon T\u00e9moignage client plugin sur Prestashop","og_description":"Int\u00e9grez un Carrousel de t\u00e9moignages attractif sur votre site. Appliquez la d\u00e9mo d'Elfsight et g\u00e9n\u00e9rez votre plugin en quelques minutes.","og_url":"https:\/\/elfsight.com\/fr\/testimonials-slider-widget\/prestashop\/","og_site_name":"Elfsight FR","article_modified_time":"2025-07-10T13:50:06+00:00","twitter_card":"summary_large_image","twitter_misc":{"Dur\u00e9e de lecture estim\u00e9e":"1 minute"},"schema":{"@context":"https:\/\/schema.org","@graph":[{"@type":"WebPage","@id":"https:\/\/elfsight.com\/fr\/testimonials-slider-widget\/prestashop\/","url":"https:\/\/elfsight.com\/fr\/testimonials-slider-widget\/prestashop\/","name":"Carrousel de t\u00e9moignages - ajoutez addon T\u00e9moignage client plugin sur Prestashop","isPartOf":{"@id":"https:\/\/elfsight.com\/fr\/#website"},"datePublished":"2021-12-03T10:05:41+00:00","dateModified":"2025-07-10T13:50:06+00:00","description":"Int\u00e9grez un Carrousel de t\u00e9moignages attractif sur votre site. Appliquez la d\u00e9mo d'Elfsight et g\u00e9n\u00e9rez votre plugin en quelques minutes.","breadcrumb":{"@id":"https:\/\/elfsight.com\/fr\/testimonials-slider-widget\/prestashop\/#breadcrumb"},"inLanguage":"fr-FR","potentialAction":[{"@type":"ReadAction","target":["https:\/\/elfsight.com\/fr\/testimonials-slider-widget\/prestashop\/"]}]},{"@type":"BreadcrumbList","@id":"https:\/\/elfsight.com\/fr\/testimonials-slider-widget\/prestashop\/#breadcrumb","itemListElement":[{"@type":"ListItem","position":1,"name":"Home","item":"https:\/\/elfsight.com\/fr\/"},{"@type":"ListItem","position":2,"name":"Testimonials Slider","item":"https:\/\/elfsight.com\/fr\/testimonials-slider-widget\/"},{"@type":"ListItem","position":3,"name":"Testimonials Slider &#8211; PrestaShop"}]},{"@type":"WebSite","@id":"https:\/\/elfsight.com\/fr\/#website","url":"https:\/\/elfsight.com\/fr\/","name":"Elfsight FR","description":"","potentialAction":[{"@type":"SearchAction","target":{"@type":"EntryPoint","urlTemplate":"https:\/\/elfsight.com\/fr\/?s={search_term_string}"},"query-input":{"@type":"PropertyValueSpecification","valueRequired":true,"valueName":"search_term_string"}}],"inLanguage":"fr-FR"}]}},"meta_box":{"industry":"","seo_heading":"","heading":"","description":"","cta_heading":"","cta_description":"","application":"1010","h1":"Carrousel de t\u00e9moignages pour Prestashop","h1_caption":"Affichez les t\u00e9moignages de clients dans un curseur rotatif pour renforcer votre cr\u00e9dibilit\u00e9 et pr\u00e9senter sans effort les commentaires positifs sur votre site Web Prestashop.","application_category":[],"applications_title":"","applications_request_title":"","applications_request_button_text":"","hero_text":"","hero_video":"","hero_video_schema_markup":"","selling_points_title":"","selling_points_caption":"","selling_points":[],"selling_points_cta_text":"","features_title":"","features":"","ed_cta_examples_text":"","ed_cta_examples_hidden":"","ed_cta_demo_text":"","ed_cta_demo_hidden":"","why_caption":"","why_editor_title":"","why_editor_text":"","why_team_title":"","why_team_text":"","why_service_title":"","why_service_text":"","template_catalog_visible":"","template_catalog_title":"","template_catalog_text":"","template_catalog_categories_visible":"","demo_title":"Cr\u00e9ez votre module compl\u00e9mentaire T\u00e9moignages Slider","demo_caption":"Configurez votre Slider T\u00e9moignages et ajoutez-le \u00e0 votre site PrestaShop gratuitement !","default_faq_hidden":"","app_template_category":[],"platform":"3190","template_public_id":"","codecanyon_url":"","codecanyon_item_id":"","codecanyon_price":"","pricing_caption":"","pricing_elfsight_apps_hide_column":"","pricing_elfsight_apps_url":"","pricing_codecanyon_price_caption":"","integration_category":[],"integration_request_title":"","integration_request_cta":"","integration_platform":"","integrations":[],"platform_category":[],"video_schema_markup":"","price":"\u00c0 partir de $0\/mois","trial":"","benefits":[{"text":"Installation gratuite"},{"text":"Support Premium"},{"text":"Garantie de remboursement de 14 jours"},{"text":"L'am\u00e9lioration continue"}],"button_url":"#demo","button_target_blank":"0","button_nofollow":"0","attributes":[{"name":"Nombre d'installations","content":"1,000 - 5,000","_state":"expanded"},{"name":"Adaptif","content":"Oui","_state":"expanded"},{"name":"Navigateurs compatibles","content":"Firefox, Safari, Opera, Chrome, Edge","_state":"expanded"}],"tags":[],"tags_disable_links":"0","hide_more_platforms":"","video_object":"","demo_hide_cta":"0","demo_hide_cloud_options":"0","pricing_title":"","pricing":[{"pricing_icon":"platform","pricing_title":"Applications d'Elfsight","pricing_title_caption":"Solution num\u00e9rique multiplateforme qui fonctionne sur n'importe quel site","pricing_price":"\u00c0 partir de $0\/mois","pricing_price_caption":"Commencez avec un plan gratuit","pricing_benefits":[{"text":"Sites Web illimit\u00e9s"},{"text":"\u00c9quipe d'assistance professionnelle"},{"text":"Service d'installation gratuit"},{"text":"100% personnalisable"}],"pricing_button_text":"Ajouter au site Web","pricing_button_url":"https:\/\/apps.elfsight.com\/sign-up\/","pricing_button_nofollow":"1","_state":"expanded"}],"related_apps_title":"","related_apps_hidden":"1","author":"","image":[],"title":"","job":"","social_networks":[]},"_links":{"self":[{"href":"https:\/\/elfsight.com\/fr\/wp-json\/wp\/v2\/pages\/5484","targetHints":{"allow":["GET"]}}],"collection":[{"href":"https:\/\/elfsight.com\/fr\/wp-json\/wp\/v2\/pages"}],"about":[{"href":"https:\/\/elfsight.com\/fr\/wp-json\/wp\/v2\/types\/page"}],"author":[{"embeddable":true,"href":"https:\/\/elfsight.com\/fr\/wp-json\/wp\/v2\/users\/18"}],"replies":[{"embeddable":true,"href":"https:\/\/elfsight.com\/fr\/wp-json\/wp\/v2\/comments?post=5484"}],"version-history":[{"count":2,"href":"https:\/\/elfsight.com\/fr\/wp-json\/wp\/v2\/pages\/5484\/revisions"}],"predecessor-version":[{"id":15015,"href":"https:\/\/elfsight.com\/fr\/wp-json\/wp\/v2\/pages\/5484\/revisions\/15015"}],"up":[{"embeddable":true,"href":"https:\/\/elfsight.com\/fr\/wp-json\/wp\/v2\/pages\/1017"}],"wp:attachment":[{"href":"https:\/\/elfsight.com\/fr\/wp-json\/wp\/v2\/media?parent=5484"}],"curies":[{"name":"wp","href":"https:\/\/api.w.org\/{rel}","templated":true}]}}