{"id":5474,"date":"2021-12-03T10:05:57","date_gmt":"2021-12-03T10:05:57","guid":{"rendered":"https:\/\/elfsight.com\/fr\/?page_id=5474"},"modified":"2024-11-11T11:02:51","modified_gmt":"2024-11-11T11:02:51","slug":"jquery","status":"publish","type":"page","link":"https:\/\/elfsight.com\/fr\/testimonials-slider-widget\/jquery\/","title":{"rendered":"Testimonials Slider &#8211; jQuery"},"content":{"rendered":"<div class=\"application-platform-content-item-description application-platform-content-item\" id=\"description\" data-nav-section=\"description\"><h2>Description<\/h2><p>Testimonials Slider \u2013 un superbe plugin pour r\u00e9v\u00e9ler les avis de vos clients sur votre site Web personnel. Vous pouvez joindre n&rsquo;importe quelle preuve sociale pour rendre les t\u00e9moignages dignes de confiance\u00a0: nom de l&rsquo;auteur, photo, logo commercial de l&rsquo;organisation et m\u00eame un lien vers le site.<\/p><p><b>Augmentez la confiance dans votre service en d\u00e9montrant aux visiteurs votre des avis r\u00e9els et brillants.<\/b><\/p><ul><li><b>Cr\u00e9ez des t\u00e9moignages impeccablement fiables<\/b>.<br>R\u00e9v\u00e9lez toutes les informations sur l&rsquo;auteur de tous les avis, y compris\u00a0: le nom, l&rsquo;entreprise, leur position prouve aux visiteurs qu&rsquo;ils ont affaire \u00e0 des t\u00e9moignages de vrais clients.<\/li><li><b>Incitez les utilisateurs \u00e0 acheter<\/b>.<br>Afficher de vrais avis d&rsquo;utilisateurs avec une exp\u00e9rience heureuse incite les clients \u00e0 partager ces impressions et les motive \u00e0 acheter et \u00e0 augmenter votre conversion.<\/li><li><b>Une preuve sociale de plus<\/b>.<br>Un lien d&rsquo;un avis vers Facebook, LinkedIn ou un site Web de l&rsquo;auteur est un signe de fiabilit\u00e9 pour les utilisateurs, ce qui augmentera la cr\u00e9dibilit\u00e9 et d\u00e9montrera que votre entreprise est vraie.<\/li><li><b>Augmentez la conversion jusqu&rsquo;\u00e0 200\u00a0%<\/b>.<br>Transformez vos t\u00e9moignages en argument crucial, en les affichant correctement o\u00f9 les t\u00e9l\u00e9spectateurs prennent leur d\u00e9cision concernant l&rsquo;achat ou l&rsquo;inscription.<\/li><\/ul><\/div><div class=\"faq\" data-component=\"FAQ\"><div class=\"faq-item\">\r\n\t\t\t\t\t<div class=\"faq-item-question\">\r\n\t\t\t\t\t\t<h3 class=\"faq-item-question-text\">De quelle mani\u00e8re puis-je int\u00e9grer un curseur de t\u00e9moignages au Site jQuery ? <\/h3>\r\n\r\n\t\t\t\t\t\t<div class=\"faq-item-question-icon\"><\/div>\r\n\t\t\t\t\t<\/div>\r\n\r\n\t\t\t\t\t<div class=\"faq-item-answer\">\r\n\t\t\t\t\t\t<div class=\"faq-item-answer-text\"><p>La construction de l&rsquo;outil s&rsquo;effectue au sein du site Elfsight et il n&rsquo;est pas n\u00e9cessaire d&rsquo;apprendre le codage. Ouvrez la d\u00e9mo en ligne pour personnaliser votre outil, obtenez le code et collez-le dans votre site. <\/p>[\/faq_item ][faq_item question_tag=\"h3\" schema_markup=\"1\" question=\"Les meilleures fa\u00e7ons d'utiliser l'int\u00e9gration du widget Feedback\"]<p>Nous proposons de nombreuses opportunit\u00e9s de personnalisation\u00a0: des widgets pleine taille \u00e0 impl\u00e9menter dans la zone de contenu, des widgets flottants pour les opportunit\u00e9s de d\u00e9filement, des mises en page pour le pied de page, la section d&rsquo;en-t\u00eate et toutes sortes d&rsquo;options verticales pour les barres lat\u00e9rales et les menus du site Web <\/p><\/div>\r\n\t\t\t\t\t<\/div>\r\n\t\t\t\t<\/div><div class=\"faq-item\">\r\n\t\t\t\t\t<div class=\"faq-item-question\">\r\n\t\t\t\t\t\t<h3 class=\"faq-item-question-text\">Puis-je cr\u00e9er un curseur de cartes ou de t\u00e9moignages de carrousel par l'interm\u00e9diaire de l'\u00e9diteur. ? <\/h3>\r\n\r\n\t\t\t\t\t\t<div class=\"faq-item-question-icon\"><\/div>\r\n\t\t\t\t\t<\/div>\r\n\r\n\t\t\t\t\t<div class=\"faq-item-answer\">\r\n\t\t\t\t\t\t<div class=\"faq-item-answer-text\"><p>Vous \u00eates libre de cr\u00e9er des variantes de n&rsquo;importe quel widget. De nombreuses mises en page sont disponibles dans l&rsquo;\u00e9diteur, et elles peuvent toutes \u00eatre rapidement ajust\u00e9es selon vos besoins. <\/p><\/div>\r\n\t\t\t\t\t<\/div>\r\n\t\t\t\t<\/div><\/div><div class=\"application-platform-content-item-features application-platform-content-item\" id=\"features\" data-nav-section=\"features\"><h2>Caract\u00e9ristiques<\/h2><p>Les caract\u00e9ristiques importantes qui transforment Elfsight Testimonials Slider en un plugin irrempla\u00e7able pour tout site jQuery.<\/p><ul><li>Adaptatif et adapt\u00e9 \u00e0 tous design\u00a0;<\/li><li>Afficher le nom et la photo de l&rsquo;auteur pour une plus grande confiance\u00a0;<\/li><li>Augmentez la cr\u00e9dibilit\u00e9 avec un lien vers le site Web de l&rsquo;auteur\u00a0;<\/li><li>Dispositions de curseur, de grille, de carrousel et de rotateur pour large \u00e9ventail de cas d&rsquo;utilisation\u00a0;<\/li><li>Utilisez l&rsquo;URL du profil Facebook ou Twitter pour prouver que l&rsquo;auteur est r\u00e9el.<\/li><\/ul><p><a href=\"#demo\"> Autres fonctionnalit\u00e9s dans un \u00e9diteur gratuit<\/a><\/p><\/div><div class=\"application-platform-content-item-installation application-platform-content-item\" id=\"installation\" data-nav-section=\"installation\"><h2>Comment ajouter le plugin Testimonials Slider au site Web jQuery<\/h2><p>Le plugin Elfsight est intuitif dans termes d&rsquo;installation et ne n\u00e9cessite aucune connaissance en programmation. L&rsquo;ex\u00e9cution du didacticiel ne durera pas plus de quelques minutes.<\/p><ol><li><b>Cr\u00e9ez votre curseur de t\u00e9moignages personnalis\u00e9<\/b>.<br>\u00c0 l&rsquo;aide de notre d\u00e9mo gratuite, un plugin avec mod\u00e8le n\u00e9cessaire (Carousel, Rotator, Grid ou etc.) et options.<\/li><li><b>Recevez un code pour afficher le plugin<\/b>.<br>Apr\u00e8s le r\u00e9glage du widget, recevez un code pour les t\u00e9moignages du Une fen\u00eatre est apparue sur les applications Elfsight.<\/li><li><b>Affichez le plugin sur le site Web jQuery<\/b>.<br>Affichez le plugin \u00e0 l&rsquo;endroit souhait\u00e9 de la page et appliquez les modifications.<\/li><li><b>L&rsquo;int\u00e9gration est r\u00e9ussie\u00a0!<\/b>.<br>Entrez sur votre site Web jQuery pour v\u00e9rifier votre travail.<\/li><\/ol><p>Vous rencontrez des questions lors de l&rsquo;ajout ou de l&rsquo;ajustement du plugin de t\u00e9moignages\u00a0? Contactez notre centre d&rsquo;assistance.<\/p><\/div>","protected":false},"excerpt":{"rendered":"","protected":false},"author":18,"featured_media":0,"parent":1017,"menu_order":0,"comment_status":"closed","ping_status":"closed","template":"templates\/template-application-platform.php","meta":{"publish_to_discourse":"","publish_post_category":"","wpdc_auto_publish_overridden":"","wpdc_topic_tags":"","wpdc_pin_topic":"","wpdc_pin_until":"","discourse_post_id":"","discourse_permalink":"","wpdc_publishing_response":"","wpdc_publishing_error":"","footnotes":""},"class_list":["post-5474","page","type-page","status-publish","hentry"],"yoast_head":"<!-- This site is optimized with the Yoast SEO plugin v25.3.1 - https:\/\/yoast.com\/wordpress\/plugins\/seo\/ -->\n<title>Carrousel de t\u00e9moignages - ajoutez widget T\u00e9moignage client plugin sur jQuery<\/title>\n<meta name=\"description\" content=\"Int\u00e9grez un Carrousel de t\u00e9moignages attractif sur votre site. Appliquez la d\u00e9mo d&#039;Elfsight et g\u00e9n\u00e9rez votre widget en deux minutes.\" \/>\n<meta name=\"robots\" content=\"index, follow, max-snippet:-1, max-image-preview:large, max-video-preview:-1\" \/>\n<link rel=\"canonical\" href=\"https:\/\/elfsight.com\/fr\/testimonials-slider-widget\/jquery\/\" \/>\n<meta property=\"og:locale\" content=\"fr_FR\" \/>\n<meta property=\"og:type\" content=\"article\" \/>\n<meta property=\"og:title\" content=\"Carrousel de t\u00e9moignages - ajoutez widget T\u00e9moignage client plugin sur jQuery\" \/>\n<meta property=\"og:description\" content=\"Int\u00e9grez un Carrousel de t\u00e9moignages attractif sur votre site. Appliquez la d\u00e9mo d&#039;Elfsight et g\u00e9n\u00e9rez votre widget en deux minutes.\" \/>\n<meta property=\"og:url\" content=\"https:\/\/elfsight.com\/fr\/testimonials-slider-widget\/jquery\/\" \/>\n<meta property=\"og:site_name\" content=\"Elfsight FR\" \/>\n<meta property=\"article:modified_time\" content=\"2024-11-11T11:02:51+00:00\" \/>\n<meta name=\"twitter:card\" content=\"summary_large_image\" \/>\n<meta name=\"twitter:label1\" content=\"Dur\u00e9e de lecture estim\u00e9e\" \/>\n\t<meta name=\"twitter:data1\" content=\"1 minute\" \/>\n<!-- \/ Yoast SEO plugin. -->","yoast_head_json":{"title":"Carrousel de t\u00e9moignages - ajoutez widget T\u00e9moignage client plugin sur jQuery","description":"Int\u00e9grez un Carrousel de t\u00e9moignages attractif sur votre site. Appliquez la d\u00e9mo d'Elfsight et g\u00e9n\u00e9rez votre widget en deux minutes.","robots":{"index":"index","follow":"follow","max-snippet":"max-snippet:-1","max-image-preview":"max-image-preview:large","max-video-preview":"max-video-preview:-1"},"canonical":"https:\/\/elfsight.com\/fr\/testimonials-slider-widget\/jquery\/","og_locale":"fr_FR","og_type":"article","og_title":"Carrousel de t\u00e9moignages - ajoutez widget T\u00e9moignage client plugin sur jQuery","og_description":"Int\u00e9grez un Carrousel de t\u00e9moignages attractif sur votre site. Appliquez la d\u00e9mo d'Elfsight et g\u00e9n\u00e9rez votre widget en deux minutes.","og_url":"https:\/\/elfsight.com\/fr\/testimonials-slider-widget\/jquery\/","og_site_name":"Elfsight FR","article_modified_time":"2024-11-11T11:02:51+00:00","twitter_card":"summary_large_image","twitter_misc":{"Dur\u00e9e de lecture estim\u00e9e":"1 minute"},"schema":{"@context":"https:\/\/schema.org","@graph":[{"@type":"WebPage","@id":"https:\/\/elfsight.com\/fr\/testimonials-slider-widget\/jquery\/","url":"https:\/\/elfsight.com\/fr\/testimonials-slider-widget\/jquery\/","name":"Carrousel de t\u00e9moignages - ajoutez widget T\u00e9moignage client plugin sur jQuery","isPartOf":{"@id":"https:\/\/elfsight.com\/fr\/#website"},"datePublished":"2021-12-03T10:05:57+00:00","dateModified":"2024-11-11T11:02:51+00:00","description":"Int\u00e9grez un Carrousel de t\u00e9moignages attractif sur votre site. Appliquez la d\u00e9mo d'Elfsight et g\u00e9n\u00e9rez votre widget en deux minutes.","breadcrumb":{"@id":"https:\/\/elfsight.com\/fr\/testimonials-slider-widget\/jquery\/#breadcrumb"},"inLanguage":"fr-FR","potentialAction":[{"@type":"ReadAction","target":["https:\/\/elfsight.com\/fr\/testimonials-slider-widget\/jquery\/"]}]},{"@type":"BreadcrumbList","@id":"https:\/\/elfsight.com\/fr\/testimonials-slider-widget\/jquery\/#breadcrumb","itemListElement":[{"@type":"ListItem","position":1,"name":"Home","item":"https:\/\/elfsight.com\/fr\/"},{"@type":"ListItem","position":2,"name":"Testimonials Slider","item":"https:\/\/elfsight.com\/fr\/testimonials-slider-widget\/"},{"@type":"ListItem","position":3,"name":"Testimonials Slider &#8211; jQuery"}]},{"@type":"WebSite","@id":"https:\/\/elfsight.com\/fr\/#website","url":"https:\/\/elfsight.com\/fr\/","name":"Elfsight FR","description":"","potentialAction":[{"@type":"SearchAction","target":{"@type":"EntryPoint","urlTemplate":"https:\/\/elfsight.com\/fr\/?s={search_term_string}"},"query-input":{"@type":"PropertyValueSpecification","valueRequired":true,"valueName":"search_term_string"}}],"inLanguage":"fr-FR"}]}},"meta_box":{"industry":"","seo_heading":"","heading":"","description":"","cta_heading":"","cta_description":"","application":"1010","h1":"Widget Carrousel de t\u00e9moignages pour jQuery","h1_caption":"Affichez les t\u00e9moignages de clients dans un curseur rotatif pour renforcer votre cr\u00e9dibilit\u00e9 et pr\u00e9senter sans effort les commentaires positifs sur votre site Web jQuery.","application_category":[],"applications_title":"","applications_request_title":"","applications_request_button_text":"","hero_text":"","hero_video":"","hero_video_schema_markup":"","selling_points_title":"","selling_points_caption":"","selling_points":[],"selling_points_cta_text":"","features_title":"","features":"","ed_cta_examples_text":"","ed_cta_examples_hidden":"","ed_cta_demo_text":"","ed_cta_demo_hidden":"","why_caption":"","why_editor_title":"","why_editor_text":"","why_team_title":"","why_team_text":"","why_service_title":"","why_service_text":"","template_catalog_visible":"","template_catalog_title":"","template_catalog_text":"","template_catalog_categories_visible":"","demo_title":"Cr\u00e9ez votre plugin Testimonials Slider","demo_caption":"Configurez votre curseur de t\u00e9moignages et ajoutez-le \u00e0 votre site Web jQuery gratuitement\u00a0!","default_faq_hidden":"","app_template_category":[],"platform":"355","template_public_id":"","codecanyon_url":"","codecanyon_item_id":"","codecanyon_price":"","pricing_caption":"","pricing_elfsight_apps_hide_column":"","pricing_elfsight_apps_url":"","pricing_codecanyon_price_caption":"","integration_category":[],"integration_request_title":"","integration_request_cta":"","integration_platform":"","integrations":[],"platform_category":[],"video_schema_markup":"","price":"\u00c0 partir de $0\/mois","trial":"","benefits":[{"text":"Installation gratuite"},{"text":"Support Premium"},{"text":"Garantie de remboursement de 14 jours"},{"text":"L'am\u00e9lioration continue"}],"button_url":"#demo","button_target_blank":"0","button_nofollow":"0","attributes":[{"name":"Nombre d'installations","content":"1,000 - 5,000","_state":"expanded"},{"name":"Adaptif","content":"Oui","_state":"expanded"},{"name":"Navigateurs compatibles","content":"Firefox, Safari, Opera, Chrome, Edge","_state":"expanded"}],"tags":[],"tags_disable_links":"0","hide_more_platforms":"","video_object":"","demo_hide_cta":"0","demo_hide_cloud_options":"0","pricing_title":"","pricing":[{"pricing_icon":"platform","pricing_title":"Applications d'Elfsight","pricing_title_caption":"Solution num\u00e9rique multiplateforme qui fonctionne sur n'importe quel site","pricing_price":"\u00c0 partir de $0\/mois","pricing_price_caption":"Commencez avec un plan gratuit","pricing_benefits":[{"text":"Sites Web illimit\u00e9s"},{"text":"\u00c9quipe d'assistance professionnelle"},{"text":"Service d'installation gratuit"},{"text":"100% personnalisable"}],"pricing_button_text":"Ajouter au site Web","pricing_button_url":"https:\/\/apps.elfsight.com\/sign-up\/","pricing_button_nofollow":"1","_state":"expanded"}],"related_apps_title":"","related_apps_hidden":"1","author":"","image":[],"title":"","job":"","social_networks":[]},"_links":{"self":[{"href":"https:\/\/elfsight.com\/fr\/wp-json\/wp\/v2\/pages\/5474","targetHints":{"allow":["GET"]}}],"collection":[{"href":"https:\/\/elfsight.com\/fr\/wp-json\/wp\/v2\/pages"}],"about":[{"href":"https:\/\/elfsight.com\/fr\/wp-json\/wp\/v2\/types\/page"}],"author":[{"embeddable":true,"href":"https:\/\/elfsight.com\/fr\/wp-json\/wp\/v2\/users\/18"}],"replies":[{"embeddable":true,"href":"https:\/\/elfsight.com\/fr\/wp-json\/wp\/v2\/comments?post=5474"}],"version-history":[{"count":2,"href":"https:\/\/elfsight.com\/fr\/wp-json\/wp\/v2\/pages\/5474\/revisions"}],"predecessor-version":[{"id":15020,"href":"https:\/\/elfsight.com\/fr\/wp-json\/wp\/v2\/pages\/5474\/revisions\/15020"}],"up":[{"embeddable":true,"href":"https:\/\/elfsight.com\/fr\/wp-json\/wp\/v2\/pages\/1017"}],"wp:attachment":[{"href":"https:\/\/elfsight.com\/fr\/wp-json\/wp\/v2\/media?parent=5474"}],"curies":[{"name":"wp","href":"https:\/\/api.w.org\/{rel}","templated":true}]}}