{"id":5472,"date":"2021-12-03T10:05:59","date_gmt":"2021-12-03T10:05:59","guid":{"rendered":"https:\/\/elfsight.com\/fr\/?page_id=5472"},"modified":"2024-11-11T11:07:17","modified_gmt":"2024-11-11T11:07:17","slug":"joomla","status":"publish","type":"page","link":"https:\/\/elfsight.com\/fr\/testimonials-slider-widget\/joomla\/","title":{"rendered":"Testimonials Slider &#8211; Joomla"},"content":{"rendered":"<div class=\"application-platform-content-item-description application-platform-content-item\" id=\"description\" data-nav-section=\"description\"><h2>Description<\/h2><p>Testimonials Slider est un module responsive, qui permet d&rsquo;afficher les retours de vos clients sur votre site web. Vous pouvez utiliser tout type de preuve sociale pour rendre vos t\u00e9moignages fiables\u00a0: nom de l&rsquo;auteur, photo, logo commercial de l&rsquo;entreprise et m\u00eame un lien vers le site Web.<\/p><p><b>Doublez la confiance dans votre entreprise. en affichant les avis de vos acheteurs satisfaits.<\/b><\/p><ul><li><b>Rendez vos t\u00e9moignages absolument dignes de confiance<\/b>.<br>Placez un maximum d&rsquo;informations sur l&rsquo;auteur de tous les t\u00e9moignages, ainsi que : le nom, l&rsquo;entreprise, le poste prouvent aux lecteurs qu&rsquo;ils lisent les t\u00e9moignages de personnes existantes.<\/li><li><b>Niveau de conversion jusqu&rsquo;\u00e0 200\u00a0%<\/b>.<br>Transformez vos avis en d\u00e9cision- argumenter, en les r\u00e9v\u00e9lant l\u00e0 o\u00f9 les visiteurs prennent leur d\u00e9cision d&rsquo;acheter ou de t\u00e9l\u00e9charger \u00e0 partir de votre site Web.<\/li><li><b>Utilisez une opinion faisant autorit\u00e9<\/b>.<br>Avez-vous des utilisateurs dont les commentaires auront un effet puissant sur le reste des lecteurs ? Montrez-le sous forme de t\u00e9moignages complets avec des d\u00e9tails sur l&rsquo;auteur et augmentez votre niveau de vente.<\/li><\/ul><\/div><div class=\"faq\" data-component=\"FAQ\"><div class=\"faq-item\">\r\n\t\t\t\t\t<div class=\"faq-item-question\">\r\n\t\t\t\t\t\t<h3 class=\"faq-item-question-text\">De quelle mani\u00e8re puis-je int\u00e9grer un curseur de t\u00e9moignages \u00e0 mon Joomla ? <\/h3>\r\n\r\n\t\t\t\t\t\t<div class=\"faq-item-question-icon\"><\/div>\r\n\t\t\t\t\t<\/div>\r\n\r\n\t\t\t\t\t<div class=\"faq-item-answer\">\r\n\t\t\t\t\t\t<div class=\"faq-item-answer-text\"><p>La base de l&rsquo;outil se d\u00e9roule sur le site Elfsight et vous n&rsquo;avez pas besoin d&rsquo;apprendre \u00e0 coder. Acc\u00e9dez \u00e0 la d\u00e9mo en ligne pour ajuster votre widget personnel, acqu\u00e9rir le code et l&rsquo;ajouter \u00e0 votre site Web. <\/p><\/div>\r\n\t\t\t\t\t<\/div>\r\n\t\t\t\t<\/div><div class=\"faq-item\">\r\n\t\t\t\t\t<div class=\"faq-item-question\">\r\n\t\t\t\t\t\t<h3 class=\"faq-item-question-text\">Les meilleures fa\u00e7ons d'utiliser l'int\u00e9gration du carrousel de t\u00e9moignages<\/h3>\r\n\r\n\t\t\t\t\t\t<div class=\"faq-item-question-icon\"><\/div>\r\n\t\t\t\t\t<\/div>\r\n\r\n\t\t\t\t\t<div class=\"faq-item-answer\">\r\n\t\t\t\t\t\t<div class=\"faq-item-answer-text\"><p>Nous avons des tonnes de possibilit\u00e9s d&rsquo;ajustement\u00a0: des widgets \u00e0 grande \u00e9chelle \u00e0 impl\u00e9menter dans la section de contenu, flottants des widgets pour les options de d\u00e9filement, des mises en page pour le pied de page de votre site Web, l&rsquo;en-t\u00eate et toutes les variantes d&rsquo;opportunit\u00e9s verticales pour les barres lat\u00e9rales et les menus. <\/p><\/div>\r\n\t\t\t\t\t<\/div>\r\n\t\t\t\t<\/div><div class=\"faq-item\">\r\n\t\t\t\t\t<div class=\"faq-item-question\">\r\n\t\t\t\t\t\t<h3 class=\"faq-item-question-text\">Existe-t-il une option pour cr\u00e9er un widget de liste ou de t\u00e9moignages de cartes au moyen de l'\u00e9diteur ? <\/h3>\r\n\r\n\t\t\t\t\t\t<div class=\"faq-item-question-icon\"><\/div>\r\n\t\t\t\t\t<\/div>\r\n\r\n\t\t\t\t\t<div class=\"faq-item-answer\">\r\n\t\t\t\t\t\t<div class=\"faq-item-answer-text\"><p>Vous \u00eates libre de fa\u00e7onner les modifications de n&rsquo;importe quel widget. De nombreuses mises en page sont \u00e0 votre disposition dans l&rsquo;\u00e9diteur, et toutes peuvent \u00eatre facilement personnalis\u00e9es selon vos besoins. <\/p><\/div>\r\n\t\t\t\t\t<\/div>\r\n\t\t\t\t<\/div><\/div><div class=\"application-platform-content-item-features application-platform-content-item\" id=\"features\" data-nav-section=\"features\"><h2>Fonctionnalit\u00e9s<\/h2><p>Les caract\u00e9ristiques importantes qui transforment notre curseur de t\u00e9moignages en un module pr\u00e9cieux pour tout site Web Joomla.<\/p><ul><li>Essayez 6 mod\u00e8les de t\u00e9moignages adaptatifs et trouvez celui dont vous avez besoin\u00a0;<\/li><li>Affichez les informations sur l&rsquo;auteur pour plus de cr\u00e9dibilit\u00e9\u00a0: nom et photo\u00a0;<\/li><li>Augmentez la cr\u00e9dibilit\u00e9 avec un lien vers le site Web de l&rsquo;auteur\u00a0;<\/li><li>Dispositions de curseur et de grille pour un large \u00e9ventail de cas d&rsquo;utilisation\u00a0;<\/li><li>Etc<\/li><\/ul><p><a href=\"#demo\">Essayez ces fonctionnalit\u00e9s dans la d\u00e9mo en direct<\/a><\/p><\/div><div class=\"application-platform-content-item-installation application-platform-content-item\" id=\"installation\" data-nav-section=\"installation\"><h2>Comment ajouter l&rsquo;extension Testimonial au site Web Joomla<\/h2><p>Suivez simplement les instructions ci-dessous pour ajouter l&rsquo;extension sur Joomla.<\/p> <ol><li><b>Ouvrez notre \u00e9diteur gratuit et commencez \u00e0 fa\u00e7onner votre extension T\u00e9moignages unique. <\/b><br> Sp\u00e9cifiez la conception personnalis\u00e9e et les fonctionnalit\u00e9s de l&rsquo;extension et appliquez les modifications. <\/li> <li><b>Acqu\u00e9rez votre code unique qui appara\u00eet dans la fen\u00eatre des applications Elfsight. <\/b><br> Une fois la configuration de votre extension personnelle termin\u00e9e, copiez le code exclusif dans la fen\u00eatre qui appara\u00eet et conservez-le pour une utilisation ult\u00e9rieure. <\/li> <li><b>Commencez \u00e0 utiliser le plugin sur le site Joomla. <\/b><br> Collez le code copi\u00e9 auparavant dans votre site et appliquez les modifications. <\/li> <li><b>L&rsquo;installation est enti\u00e8rement termin\u00e9e. <\/b><br> Acc\u00e9dez \u00e0 votre site Web pour voir comment fonctionne l&rsquo;extension. <\/li><\/ol><p>Vous rencontrez des probl\u00e8mes lors de la configuration ou du r\u00e9glage du module\u00a0? \u00c9tudiez le guide du module sur l&rsquo;<a href=\"https:\/\/elfsight.com\/tutorials\/how-to-add-testimonials-slider-widget-to-joomla\/\" target=\"_blank\" rel=\"noopener noreferrer\">installation de t\u00e9moignages Slider sur Joomla<\/a> ou adressez-vous \u00e0 notre centre d&rsquo;assistance.<\/p><\/div>","protected":false},"excerpt":{"rendered":"","protected":false},"author":18,"featured_media":0,"parent":1017,"menu_order":0,"comment_status":"closed","ping_status":"closed","template":"templates\/template-application-platform.php","meta":{"publish_to_discourse":"","publish_post_category":"","wpdc_auto_publish_overridden":"","wpdc_topic_tags":"","wpdc_pin_topic":"","wpdc_pin_until":"","discourse_post_id":"","discourse_permalink":"","wpdc_publishing_response":"","wpdc_publishing_error":"","footnotes":""},"class_list":["post-5472","page","type-page","status-publish","hentry"],"yoast_head":"<!-- This site is optimized with the Yoast SEO plugin v25.3.1 - https:\/\/yoast.com\/wordpress\/plugins\/seo\/ -->\n<title>Carrousel de t\u00e9moignages - ajoutez extension T\u00e9moignage client plugin sur Joomla<\/title>\n<meta name=\"description\" content=\"Int\u00e9grez un Carrousel de t\u00e9moignages avantageux sur votre site. Utilisez la d\u00e9mo d&#039;Elfsight et g\u00e9n\u00e9rez votre module en quelques minutes.\" \/>\n<meta name=\"robots\" content=\"index, follow, max-snippet:-1, max-image-preview:large, max-video-preview:-1\" \/>\n<link rel=\"canonical\" href=\"https:\/\/elfsight.com\/fr\/testimonials-slider-widget\/joomla\/\" \/>\n<meta property=\"og:locale\" content=\"fr_FR\" \/>\n<meta property=\"og:type\" content=\"article\" \/>\n<meta property=\"og:title\" content=\"Carrousel de t\u00e9moignages - ajoutez extension T\u00e9moignage client plugin sur Joomla\" \/>\n<meta property=\"og:description\" content=\"Int\u00e9grez un Carrousel de t\u00e9moignages avantageux sur votre site. Utilisez la d\u00e9mo d&#039;Elfsight et g\u00e9n\u00e9rez votre module en quelques minutes.\" \/>\n<meta property=\"og:url\" content=\"https:\/\/elfsight.com\/fr\/testimonials-slider-widget\/joomla\/\" \/>\n<meta property=\"og:site_name\" content=\"Elfsight FR\" \/>\n<meta property=\"article:modified_time\" content=\"2024-11-11T11:07:17+00:00\" \/>\n<meta name=\"twitter:card\" content=\"summary_large_image\" \/>\n<meta name=\"twitter:label1\" content=\"Dur\u00e9e de lecture estim\u00e9e\" \/>\n\t<meta name=\"twitter:data1\" content=\"1 minute\" \/>\n<!-- \/ Yoast SEO plugin. -->","yoast_head_json":{"title":"Carrousel de t\u00e9moignages - ajoutez extension T\u00e9moignage client plugin sur Joomla","description":"Int\u00e9grez un Carrousel de t\u00e9moignages avantageux sur votre site. Utilisez la d\u00e9mo d'Elfsight et g\u00e9n\u00e9rez votre module en quelques minutes.","robots":{"index":"index","follow":"follow","max-snippet":"max-snippet:-1","max-image-preview":"max-image-preview:large","max-video-preview":"max-video-preview:-1"},"canonical":"https:\/\/elfsight.com\/fr\/testimonials-slider-widget\/joomla\/","og_locale":"fr_FR","og_type":"article","og_title":"Carrousel de t\u00e9moignages - ajoutez extension T\u00e9moignage client plugin sur Joomla","og_description":"Int\u00e9grez un Carrousel de t\u00e9moignages avantageux sur votre site. Utilisez la d\u00e9mo d'Elfsight et g\u00e9n\u00e9rez votre module en quelques minutes.","og_url":"https:\/\/elfsight.com\/fr\/testimonials-slider-widget\/joomla\/","og_site_name":"Elfsight FR","article_modified_time":"2024-11-11T11:07:17+00:00","twitter_card":"summary_large_image","twitter_misc":{"Dur\u00e9e de lecture estim\u00e9e":"1 minute"},"schema":{"@context":"https:\/\/schema.org","@graph":[{"@type":"WebPage","@id":"https:\/\/elfsight.com\/fr\/testimonials-slider-widget\/joomla\/","url":"https:\/\/elfsight.com\/fr\/testimonials-slider-widget\/joomla\/","name":"Carrousel de t\u00e9moignages - ajoutez extension T\u00e9moignage client plugin sur Joomla","isPartOf":{"@id":"https:\/\/elfsight.com\/fr\/#website"},"datePublished":"2021-12-03T10:05:59+00:00","dateModified":"2024-11-11T11:07:17+00:00","description":"Int\u00e9grez un Carrousel de t\u00e9moignages avantageux sur votre site. Utilisez la d\u00e9mo d'Elfsight et g\u00e9n\u00e9rez votre module en quelques minutes.","breadcrumb":{"@id":"https:\/\/elfsight.com\/fr\/testimonials-slider-widget\/joomla\/#breadcrumb"},"inLanguage":"fr-FR","potentialAction":[{"@type":"ReadAction","target":["https:\/\/elfsight.com\/fr\/testimonials-slider-widget\/joomla\/"]}]},{"@type":"BreadcrumbList","@id":"https:\/\/elfsight.com\/fr\/testimonials-slider-widget\/joomla\/#breadcrumb","itemListElement":[{"@type":"ListItem","position":1,"name":"Home","item":"https:\/\/elfsight.com\/fr\/"},{"@type":"ListItem","position":2,"name":"Testimonials Slider","item":"https:\/\/elfsight.com\/fr\/testimonials-slider-widget\/"},{"@type":"ListItem","position":3,"name":"Testimonials Slider &#8211; Joomla"}]},{"@type":"WebSite","@id":"https:\/\/elfsight.com\/fr\/#website","url":"https:\/\/elfsight.com\/fr\/","name":"Elfsight FR","description":"","potentialAction":[{"@type":"SearchAction","target":{"@type":"EntryPoint","urlTemplate":"https:\/\/elfsight.com\/fr\/?s={search_term_string}"},"query-input":{"@type":"PropertyValueSpecification","valueRequired":true,"valueName":"search_term_string"}}],"inLanguage":"fr-FR"}]}},"meta_box":{"industry":"","seo_heading":"","heading":"","description":"","cta_heading":"","cta_description":"","application":"1010","h1":"Extension Carrousel de t\u00e9moignages pour Joomla","h1_caption":"Affichez les t\u00e9moignages de clients dans un curseur rotatif pour renforcer votre cr\u00e9dibilit\u00e9 et pr\u00e9senter sans effort les commentaires positifs sur votre site Web Joomla.","application_category":[],"applications_title":"","applications_request_title":"","applications_request_button_text":"","hero_text":"","hero_video":"","hero_video_schema_markup":"","selling_points_title":"","selling_points_caption":"","selling_points":[],"selling_points_cta_text":"","features_title":"","features":"","ed_cta_examples_text":"","ed_cta_examples_hidden":"","ed_cta_demo_text":"","ed_cta_demo_hidden":"","why_caption":"","why_editor_title":"","why_editor_text":"","why_team_title":"","why_team_text":"","why_service_title":"","why_service_text":"","template_catalog_visible":"","template_catalog_title":"","template_catalog_text":"","template_catalog_categories_visible":"","demo_title":"Cr\u00e9ez votre plugin Testimonials Slider","demo_caption":"Configurez votre curseur de t\u00e9moignages et ajoutez-le \u00e0 votre site Web Joomla gratuitement\u00a0!","default_faq_hidden":"","app_template_category":[],"platform":"354","template_public_id":"","codecanyon_url":"","codecanyon_item_id":"","codecanyon_price":"","pricing_caption":"","pricing_elfsight_apps_hide_column":"","pricing_elfsight_apps_url":"","pricing_codecanyon_price_caption":"","integration_category":[],"integration_request_title":"","integration_request_cta":"","integration_platform":"","integrations":[],"platform_category":[],"video_schema_markup":"","price":"\u00c0 partir de $0\/mois","trial":"","benefits":[{"text":"Installation gratuite"},{"text":"Support Premium"},{"text":"Garantie de remboursement de 14 jours"},{"text":"L'am\u00e9lioration continue"}],"button_url":"#demo","button_target_blank":"0","button_nofollow":"0","attributes":[{"name":"Nombre d'installations","content":"1,000 - 5,000","_state":"expanded"},{"name":"Adaptif","content":"Oui","_state":"expanded"},{"name":"Navigateurs compatibles","content":"Firefox, Safari, Opera, Chrome, Edge","_state":"expanded"}],"tags":[],"tags_disable_links":"0","hide_more_platforms":"","video_object":"","demo_hide_cta":"0","demo_hide_cloud_options":"0","pricing_title":"","pricing":[{"pricing_icon":"platform","pricing_title":"Applications d'Elfsight","pricing_title_caption":"Solution num\u00e9rique multiplateforme qui fonctionne sur n'importe quel site","pricing_price":"\u00c0 partir de $0\/mois","pricing_price_caption":"Commencez avec un plan gratuit","pricing_benefits":[{"text":"Sites Web illimit\u00e9s"},{"text":"\u00c9quipe d'assistance professionnelle"},{"text":"Service d'installation gratuit"},{"text":"100% personnalisable"}],"pricing_button_text":"Ajouter au site Web","pricing_button_url":"https:\/\/apps.elfsight.com\/sign-up\/","pricing_button_nofollow":"1","_state":"expanded"}],"related_apps_title":"","related_apps_hidden":"1","author":"","image":[],"title":"","job":"","social_networks":[]},"_links":{"self":[{"href":"https:\/\/elfsight.com\/fr\/wp-json\/wp\/v2\/pages\/5472","targetHints":{"allow":["GET"]}}],"collection":[{"href":"https:\/\/elfsight.com\/fr\/wp-json\/wp\/v2\/pages"}],"about":[{"href":"https:\/\/elfsight.com\/fr\/wp-json\/wp\/v2\/types\/page"}],"author":[{"embeddable":true,"href":"https:\/\/elfsight.com\/fr\/wp-json\/wp\/v2\/users\/18"}],"replies":[{"embeddable":true,"href":"https:\/\/elfsight.com\/fr\/wp-json\/wp\/v2\/comments?post=5472"}],"version-history":[{"count":2,"href":"https:\/\/elfsight.com\/fr\/wp-json\/wp\/v2\/pages\/5472\/revisions"}],"predecessor-version":[{"id":15021,"href":"https:\/\/elfsight.com\/fr\/wp-json\/wp\/v2\/pages\/5472\/revisions\/15021"}],"up":[{"embeddable":true,"href":"https:\/\/elfsight.com\/fr\/wp-json\/wp\/v2\/pages\/1017"}],"wp:attachment":[{"href":"https:\/\/elfsight.com\/fr\/wp-json\/wp\/v2\/media?parent=5472"}],"curies":[{"name":"wp","href":"https:\/\/api.w.org\/{rel}","templated":true}]}}