{"id":5468,"date":"2021-12-03T10:06:04","date_gmt":"2021-12-03T10:06:04","guid":{"rendered":"https:\/\/elfsight.com\/fr\/?page_id=5468"},"modified":"2024-11-11T10:43:05","modified_gmt":"2024-11-11T10:43:05","slug":"iframe","status":"publish","type":"page","link":"https:\/\/elfsight.com\/fr\/testimonials-slider-widget\/iframe\/","title":{"rendered":"Testimonials Slider &#8211; iFrame"},"content":{"rendered":"<div class=\"application-platform-content-item-description application-platform-content-item\" id=\"description\" data-nav-section=\"description\"><h2>Int\u00e9grer le curseur de t\u00e9moignages sur iFrame avec le widget Elfsight<\/h2><p>Testimonials Slider est un plugin r\u00e9actif permettant de r\u00e9v\u00e9ler les t\u00e9moignages de vos clients sur votre site. Vous pouvez int\u00e9grer tous types d&rsquo;informations suppl\u00e9mentaires pour rendre les t\u00e9moignages fiables\u00a0: nom de l&rsquo;auteur, photo, symbole de l&rsquo;entreprise et m\u00eame une URL vers le site.<\/p> <p><b>Doublez le niveau de confiance dans vos produits en d\u00e9montrant aux utilisateurs sur les meilleurs t\u00e9moignages.<\/b><\/p> <p><b>Montrez vos t\u00e9moignages de mani\u00e8re fiable<\/b><br> Placez toutes les donn\u00e9es sur l&rsquo;auteur de chacun des t\u00e9moignages, par exemple , nom, entreprise, poste d\u00e9montrent aux utilisateurs qu&rsquo;ils voient des t\u00e9moignages de vrais clients existants.<\/p><p><b>Augmentez la conversion jusqu&rsquo;\u00e0 200\u00a0%<\/b><br> Transformez vos t\u00e9moignages en un argument incontestable, en les affichant l\u00e0 o\u00f9 les t\u00e9l\u00e9spectateurs prennent leur d\u00e9cision concernant la commande ou l&rsquo;inscription.<\/p><p><b>Une preuve sociale de plus<\/b><br> Un lien d&rsquo;un t\u00e9moignage vers Twitter, Pinterest ou le site de l&rsquo;auteur est un d\u00e9tail important pour les clients, qui ajoutera de la cr\u00e9dibilit\u00e9 et prouvera que votre entreprise est vraie.<\/p><\/div><div class=\"application-platform-content-item-features application-platform-content-item\" id=\"features\" data-nav-section=\"features\"><h2>Principales fonctionnalit\u00e9s du widget T\u00e9moignages Slider<\/h2><p>Voir les fonctionnalit\u00e9s les plus puissantes de notre plugin. Ils font de notre curseur de t\u00e9moignages un plugin utile pour n&rsquo;importe quel site iFrame.<\/p><ul><li>Affichez le nom et la photo de l&rsquo;auteur pour une plus grande confiance\u00a0;<\/li><li>Utilisez une l\u00e9gende pour le nom de l&rsquo;entreprise, le poste et d&rsquo;autres donn\u00e9es\u00a0; <\/li><li>Fournissez un lien vers le site Web de l&rsquo;auteur pour une pr\u00e9sentation plus fiable\u00a0;<\/li><li>Pour ajouter de la confiance, affichez le logo de l&rsquo;entreprise de l&rsquo;auteur.<\/li><p><a href=\"#demo\">Essayez toutes les fonctionnalit\u00e9s de la d\u00e9mo en direct<\/a><\/p><\/div><div class=\"application-platform-content-item-installation application-platform-content-item\" id=\"installation\" data-nav-section=\"installation\"><h2>Comment ajouter un curseur de t\u00e9moignages au site Web iFrame<\/h2>Elfsight est le plus simple jamais cr\u00e9\u00e9 en termes de configuration et ne n\u00e9cessite aucune comp\u00e9tence en d\u00e9veloppement Web. La r\u00e9alisation du tutoriel ne durera qu&rsquo;une minute environ.<\/p><ol><li><b>Construisez votre plugin T\u00e9moignages unique<\/b><br> Avec l&rsquo;aide de notre configurateur gratuit, obtenez un plugin avec une disposition et des fonctionnalit\u00e9s s\u00e9lectionn\u00e9es. <\/li><li><b>Recevez le code individuel pour installer le plugin<\/b><br> Apr\u00e8s avoir cr\u00e9\u00e9 votre plugin, vous obtiendrez le code d&rsquo;installation \u00e0 partir de la notification apparaissant sur Elfsight Apps. Copiez-le. <\/li> <li><b>Affichez le plugin sur votre site Web iFrame<\/b><br> S\u00e9lectionnez la zone dans laquelle vous pr\u00e9voyez d&rsquo;afficher le plugin et ins\u00e9rez-y le code enregistr\u00e9. Appliquez les modifications. <\/li> <li><b>Vous avez termin\u00e9\u00a0! <\/b><br> Entrez dans la boutique pour voir votre plugin. <\/li> <\/ol><p>Vous rencontrez des probl\u00e8mes lors de l&rsquo;installation ou de la configuration du plugin\u00a0? D\u00e9couvrez les instructions d\u00e9taill\u00e9es sur l&rsquo;ajout de Testimonials Slider \u00e0 iFrame ou adressez-vous \u00e0 notre centre d&rsquo;assistance.<\/p><div class=\"faq\" data-component=\"FAQ\"> <div class=\"faq-item\">\r\n\t\t\t\t\t<div class=\"faq-item-question\">\r\n\t\t\t\t\t\t<h3 class=\"faq-item-question-text\">Comment ajouter Testimonials Slider \u00e0 mon site Web iFrame sans comp\u00e9tences en codage ?<\/h3>\r\n\r\n\t\t\t\t\t\t<div class=\"faq-item-question-icon\"><\/div>\r\n\t\t\t\t\t<\/div>\r\n\r\n\t\t\t\t\t<div class=\"faq-item-answer\">\r\n\t\t\t\t\t\t<div class=\"faq-item-answer-text\"> <p>Elfsight fournit un Solution SaaS qui vous permet de cr\u00e9er vous-m\u00eame un widget T\u00e9moignages Slider. Voyez \u00e0 quel point le processus est simple\u00a0: travaillez directement dans l&rsquo;\u00e9diteur en ligne pour cr\u00e9er un widget T\u00e9moignages Slider que vous aimeriez voir sur votre site Web iFrame. Choisissez l&rsquo;un des mod\u00e8les pr\u00e9d\u00e9finis et ajustez les param\u00e8tres du curseur de t\u00e9moignages, ajoutez votre contenu, modifiez la mise en page et les couleurs sans aucune comp\u00e9tence en codage. Enregistrez le curseur de t\u00e9moignages et copiez son code d&rsquo;installation, que vous pouvez facilement inclure dans votre site Web iFrame sans avoir besoin d&rsquo;acheter un abonnement payant. Avec notre \u00e9diteur intuitif, tout internaute peut cr\u00e9er un widget T\u00e9moignages Slider en ligne et l&rsquo;int\u00e9grer facilement \u00e0 son site Web iFrame. Il n&rsquo;est pas n\u00e9cessaire de payer ou de saisir les informations d&rsquo;identification de votre carte pour acc\u00e9der au service. Si vous rencontrez des probl\u00e8mes \u00e0 n&rsquo;importe quelle \u00e9tape, n&rsquo;h\u00e9sitez pas \u00e0 contacter notre \u00e9quipe d&rsquo;assistance technique.<\/p> <\/div>\r\n\t\t\t\t\t<\/div>\r\n\t\t\t\t<\/div> <\/div> <\/div><\/ul>","protected":false},"excerpt":{"rendered":"","protected":false},"author":18,"featured_media":0,"parent":1017,"menu_order":0,"comment_status":"closed","ping_status":"closed","template":"templates\/template-application-platform.php","meta":{"publish_to_discourse":"","publish_post_category":"","wpdc_auto_publish_overridden":"","wpdc_topic_tags":"","wpdc_pin_topic":"","wpdc_pin_until":"","discourse_post_id":"","discourse_permalink":"","wpdc_publishing_response":"","wpdc_publishing_error":"","footnotes":""},"class_list":["post-5468","page","type-page","status-publish","hentry"],"yoast_head":"<!-- This site is optimized with the Yoast SEO plugin v25.3.1 - https:\/\/yoast.com\/wordpress\/plugins\/seo\/ -->\n<title>Carrousel de t\u00e9moignages - ajoutez widget T\u00e9moignage client plugin sur iFrame<\/title>\n<meta name=\"description\" content=\"Int\u00e9grez un Carrousel de t\u00e9moignages avantageux sur votre site. Appliquez la d\u00e9mo d&#039;Elfsight et g\u00e9n\u00e9rez votre widget en quelques minutes.\" \/>\n<meta name=\"robots\" content=\"index, follow, max-snippet:-1, max-image-preview:large, max-video-preview:-1\" \/>\n<link rel=\"canonical\" href=\"https:\/\/elfsight.com\/fr\/testimonials-slider-widget\/iframe\/\" \/>\n<meta property=\"og:locale\" content=\"fr_FR\" \/>\n<meta property=\"og:type\" content=\"article\" \/>\n<meta property=\"og:title\" content=\"Carrousel de t\u00e9moignages - ajoutez widget T\u00e9moignage client plugin sur iFrame\" \/>\n<meta property=\"og:description\" content=\"Int\u00e9grez un Carrousel de t\u00e9moignages avantageux sur votre site. Appliquez la d\u00e9mo d&#039;Elfsight et g\u00e9n\u00e9rez votre widget en quelques minutes.\" \/>\n<meta property=\"og:url\" content=\"https:\/\/elfsight.com\/fr\/testimonials-slider-widget\/iframe\/\" \/>\n<meta property=\"og:site_name\" content=\"Elfsight FR\" \/>\n<meta property=\"article:modified_time\" content=\"2024-11-11T10:43:05+00:00\" \/>\n<meta name=\"twitter:card\" content=\"summary_large_image\" \/>\n<meta name=\"twitter:label1\" content=\"Dur\u00e9e de lecture estim\u00e9e\" \/>\n\t<meta name=\"twitter:data1\" content=\"1 minute\" \/>\n<!-- \/ Yoast SEO plugin. -->","yoast_head_json":{"title":"Carrousel de t\u00e9moignages - ajoutez widget T\u00e9moignage client plugin sur iFrame","description":"Int\u00e9grez un Carrousel de t\u00e9moignages avantageux sur votre site. Appliquez la d\u00e9mo d'Elfsight et g\u00e9n\u00e9rez votre widget en quelques minutes.","robots":{"index":"index","follow":"follow","max-snippet":"max-snippet:-1","max-image-preview":"max-image-preview:large","max-video-preview":"max-video-preview:-1"},"canonical":"https:\/\/elfsight.com\/fr\/testimonials-slider-widget\/iframe\/","og_locale":"fr_FR","og_type":"article","og_title":"Carrousel de t\u00e9moignages - ajoutez widget T\u00e9moignage client plugin sur iFrame","og_description":"Int\u00e9grez un Carrousel de t\u00e9moignages avantageux sur votre site. Appliquez la d\u00e9mo d'Elfsight et g\u00e9n\u00e9rez votre widget en quelques minutes.","og_url":"https:\/\/elfsight.com\/fr\/testimonials-slider-widget\/iframe\/","og_site_name":"Elfsight FR","article_modified_time":"2024-11-11T10:43:05+00:00","twitter_card":"summary_large_image","twitter_misc":{"Dur\u00e9e de lecture estim\u00e9e":"1 minute"},"schema":{"@context":"https:\/\/schema.org","@graph":[{"@type":"WebPage","@id":"https:\/\/elfsight.com\/fr\/testimonials-slider-widget\/iframe\/","url":"https:\/\/elfsight.com\/fr\/testimonials-slider-widget\/iframe\/","name":"Carrousel de t\u00e9moignages - ajoutez widget T\u00e9moignage client plugin sur iFrame","isPartOf":{"@id":"https:\/\/elfsight.com\/fr\/#website"},"datePublished":"2021-12-03T10:06:04+00:00","dateModified":"2024-11-11T10:43:05+00:00","description":"Int\u00e9grez un Carrousel de t\u00e9moignages avantageux sur votre site. Appliquez la d\u00e9mo d'Elfsight et g\u00e9n\u00e9rez votre widget en quelques minutes.","breadcrumb":{"@id":"https:\/\/elfsight.com\/fr\/testimonials-slider-widget\/iframe\/#breadcrumb"},"inLanguage":"fr-FR","potentialAction":[{"@type":"ReadAction","target":["https:\/\/elfsight.com\/fr\/testimonials-slider-widget\/iframe\/"]}]},{"@type":"BreadcrumbList","@id":"https:\/\/elfsight.com\/fr\/testimonials-slider-widget\/iframe\/#breadcrumb","itemListElement":[{"@type":"ListItem","position":1,"name":"Home","item":"https:\/\/elfsight.com\/fr\/"},{"@type":"ListItem","position":2,"name":"Testimonials Slider","item":"https:\/\/elfsight.com\/fr\/testimonials-slider-widget\/"},{"@type":"ListItem","position":3,"name":"Testimonials Slider &#8211; iFrame"}]},{"@type":"WebSite","@id":"https:\/\/elfsight.com\/fr\/#website","url":"https:\/\/elfsight.com\/fr\/","name":"Elfsight FR","description":"","potentialAction":[{"@type":"SearchAction","target":{"@type":"EntryPoint","urlTemplate":"https:\/\/elfsight.com\/fr\/?s={search_term_string}"},"query-input":{"@type":"PropertyValueSpecification","valueRequired":true,"valueName":"search_term_string"}}],"inLanguage":"fr-FR"}]}},"meta_box":{"industry":"","seo_heading":"","heading":"","description":"","cta_heading":"","cta_description":"","application":"1010","h1":"Carrousel de t\u00e9moignages pour iFrame","h1_caption":"Affichez les t\u00e9moignages de clients dans un curseur rotatif pour renforcer votre cr\u00e9dibilit\u00e9 et pr\u00e9senter sans effort les commentaires positifs sur votre site Web iFrame.","application_category":[],"applications_title":"","applications_request_title":"","applications_request_button_text":"","hero_text":"","hero_video":"","hero_video_schema_markup":"","selling_points_title":"","selling_points_caption":"","selling_points":[],"selling_points_cta_text":"","features_title":"","features":"","ed_cta_examples_text":"","ed_cta_examples_hidden":"","ed_cta_demo_text":"","ed_cta_demo_hidden":"","why_caption":"","why_editor_title":"","why_editor_text":"","why_team_title":"","why_team_text":"","why_service_title":"","why_service_text":"","template_catalog_visible":"","template_catalog_title":"","template_catalog_text":"","template_catalog_categories_visible":"","demo_title":"Cr\u00e9ez votre widget Slider de t\u00e9moignages","demo_caption":"Configurez votre curseur de t\u00e9moignages et ajoutez-le \u00e0 votre site Web iFrame gratuitement\u00a0!","default_faq_hidden":"","app_template_category":[],"platform":"371","template_public_id":"","codecanyon_url":"","codecanyon_item_id":"","codecanyon_price":"","pricing_caption":"","pricing_elfsight_apps_hide_column":"","pricing_elfsight_apps_url":"","pricing_codecanyon_price_caption":"","integration_category":[],"integration_request_title":"","integration_request_cta":"","integration_platform":"","integrations":[],"platform_category":[],"video_schema_markup":"","price":"\u00c0 partir de $0\/mois","trial":"","benefits":[{"text":"Installation gratuite"},{"text":"Support Premium"},{"text":"Garantie de remboursement de 14 jours"},{"text":"L'am\u00e9lioration continue"}],"button_url":"#demo","button_target_blank":"0","button_nofollow":"0","attributes":[{"name":"Nombre d'installations","content":"1,000 - 5,000","_state":"expanded"},{"name":"Adaptif","content":"Oui","_state":"expanded"},{"name":"Navigateurs compatibles","content":"Firefox, Safari, Opera, Chrome, Edge","_state":"expanded"}],"tags":[],"tags_disable_links":"0","hide_more_platforms":"","video_object":"","demo_hide_cta":"0","demo_hide_cloud_options":"0","pricing_title":"","pricing":[{"pricing_icon":"platform","pricing_title":"Applications d'Elfsight","pricing_title_caption":"Solution num\u00e9rique multiplateforme qui fonctionne sur n'importe quel site","pricing_price":"\u00c0 partir de $0\/mois","pricing_price_caption":"Commencez avec un plan gratuit","pricing_benefits":[{"text":"Sites Web illimit\u00e9s"},{"text":"\u00c9quipe d'assistance professionnelle"},{"text":"Service d'installation gratuit"},{"text":"100% personnalisable"}],"pricing_button_text":"Ajouter au site Web","pricing_button_url":"https:\/\/apps.elfsight.com\/sign-up\/","pricing_button_nofollow":"1","_state":"expanded"}],"related_apps_title":"","related_apps_hidden":"1","author":"","image":[],"title":"","job":"","social_networks":[]},"_links":{"self":[{"href":"https:\/\/elfsight.com\/fr\/wp-json\/wp\/v2\/pages\/5468","targetHints":{"allow":["GET"]}}],"collection":[{"href":"https:\/\/elfsight.com\/fr\/wp-json\/wp\/v2\/pages"}],"about":[{"href":"https:\/\/elfsight.com\/fr\/wp-json\/wp\/v2\/types\/page"}],"author":[{"embeddable":true,"href":"https:\/\/elfsight.com\/fr\/wp-json\/wp\/v2\/users\/18"}],"replies":[{"embeddable":true,"href":"https:\/\/elfsight.com\/fr\/wp-json\/wp\/v2\/comments?post=5468"}],"version-history":[{"count":2,"href":"https:\/\/elfsight.com\/fr\/wp-json\/wp\/v2\/pages\/5468\/revisions"}],"predecessor-version":[{"id":15023,"href":"https:\/\/elfsight.com\/fr\/wp-json\/wp\/v2\/pages\/5468\/revisions\/15023"}],"up":[{"embeddable":true,"href":"https:\/\/elfsight.com\/fr\/wp-json\/wp\/v2\/pages\/1017"}],"wp:attachment":[{"href":"https:\/\/elfsight.com\/fr\/wp-json\/wp\/v2\/media?parent=5468"}],"curies":[{"name":"wp","href":"https:\/\/api.w.org\/{rel}","templated":true}]}}