{"id":5462,"date":"2021-12-03T10:06:12","date_gmt":"2021-12-03T10:06:12","guid":{"rendered":"https:\/\/elfsight.com\/fr\/?page_id=5462"},"modified":"2024-11-08T14:01:58","modified_gmt":"2024-11-08T14:01:58","slug":"godaddy","status":"publish","type":"page","link":"https:\/\/elfsight.com\/fr\/testimonials-slider-widget\/godaddy\/","title":{"rendered":"Testimonials Slider &#8211; GoDaddy"},"content":{"rendered":"\n<div class=\"application-platform-content-item-features application-platform-content-item\" id=\"features\" data-nav-section=\"features\">\n<h2>Les fonctionnalit\u00e9es essentielles<\/h2>  \n<ul>\n\n\n<li>Fournissez un lien vers le site Web de l&rsquo;auteur pour une pr\u00e9sentation plus fiable<\/li>\n<li>Pour ajouter de la confiance, montrez le logo de la soci\u00e9t\u00e9 de l&rsquo;auteur<\/li>\n<li>Fl\u00e8ches du curseur et options de pagination<\/li>\n<li>Dispositions Slider et Grid pour un large \u00e9ventail de cas d&rsquo;utilisation\n\n<\/li><\/ul>\n<p><a href=\"#demo\">Vous pouvez tester si le plugin est pour vous en utilisant la d\u00e9mo<\/a><\/p> \n<\/div> \n<div class=\"application-platform-content-item-installation application-platform-content-item\" id=\"installation\" data-nav-section=\"installation\">\n \n<h2>Comment est-il possible int\u00e9grer Carrousel de t\u00e9moignages \u00e0 mon site Web GoDaddy?<\/h2>\n<p>Juste prenez quelques actions donn\u00e9es ci-dessous pour ins\u00e9rer le app.<\/p>\n<ol>\n<li>Utilisez notre d\u00e9mo gratuite et commencez \u00e0 fa\u00e7onner votre app flexible.<\/li> \n <li>Recevez le code personnel r\u00e9v\u00e9l\u00e9 dans la fen\u00eatre sur les applications Elfsight.<\/li>\n <li>Initiez l\u2019application du plugin sur votre page d&rsquo;accueil de GoDaddy.<\/li>\n<li>Termin\u00e9!L&rsquo;int\u00e9gration est r\u00e9ussie. Vous avez ajout\u00e9 T\u00e9moignage client plugin sur GoDaddy.<\/li>\n<\/ol> \n<p>Si vous rencontrez des probl\u00e8mes, n&rsquo;ayez pas peur d&rsquo;\u00e9crire \u00e0 notre service client\u00e8le. Nos consultants seront excit\u00e9s de vous aider avec toutes les difficult\u00e9s que vous pouvez avoir avec le plugin.<\/p> \n<\/div>\n\n\n\n<p><\/p>\n","protected":false},"excerpt":{"rendered":"","protected":false},"author":18,"featured_media":0,"parent":1017,"menu_order":0,"comment_status":"closed","ping_status":"closed","template":"templates\/template-application-platform.php","meta":{"publish_to_discourse":"","publish_post_category":"","wpdc_auto_publish_overridden":"","wpdc_topic_tags":"","wpdc_pin_topic":"","wpdc_pin_until":"","discourse_post_id":"","discourse_permalink":"","wpdc_publishing_response":"","wpdc_publishing_error":"","footnotes":""},"class_list":["post-5462","page","type-page","status-publish","hentry"],"yoast_head":"<!-- This site is optimized with the Yoast SEO plugin v25.3.1 - https:\/\/yoast.com\/wordpress\/plugins\/seo\/ -->\n<title>Carrousel de t\u00e9moignages - ajoutez app T\u00e9moignage client plugin sur GoDaddy<\/title>\n<meta name=\"description\" content=\"Int\u00e9grez un Carrousel de t\u00e9moignages attractif sur votre site. Utilisez la d\u00e9mo d&#039;Elfsight et g\u00e9n\u00e9rez votre plugin en deux minutes.\" \/>\n<meta name=\"robots\" content=\"index, follow, max-snippet:-1, max-image-preview:large, max-video-preview:-1\" \/>\n<link rel=\"canonical\" href=\"https:\/\/elfsight.com\/fr\/testimonials-slider-widget\/godaddy\/\" \/>\n<meta property=\"og:locale\" content=\"fr_FR\" \/>\n<meta property=\"og:type\" content=\"article\" \/>\n<meta property=\"og:title\" content=\"Carrousel de t\u00e9moignages - ajoutez app T\u00e9moignage client plugin sur GoDaddy\" \/>\n<meta property=\"og:description\" content=\"Int\u00e9grez un Carrousel de t\u00e9moignages attractif sur votre site. Utilisez la d\u00e9mo d&#039;Elfsight et g\u00e9n\u00e9rez votre plugin en deux minutes.\" \/>\n<meta property=\"og:url\" content=\"https:\/\/elfsight.com\/fr\/testimonials-slider-widget\/godaddy\/\" \/>\n<meta property=\"og:site_name\" content=\"Elfsight FR\" \/>\n<meta property=\"article:modified_time\" content=\"2024-11-08T14:01:58+00:00\" \/>\n<meta name=\"twitter:card\" content=\"summary_large_image\" \/>\n<meta name=\"twitter:label1\" content=\"Dur\u00e9e de lecture estim\u00e9e\" \/>\n\t<meta name=\"twitter:data1\" content=\"1 minute\" \/>\n<!-- \/ Yoast SEO plugin. -->","yoast_head_json":{"title":"Carrousel de t\u00e9moignages - ajoutez app T\u00e9moignage client plugin sur GoDaddy","description":"Int\u00e9grez un Carrousel de t\u00e9moignages attractif sur votre site. Utilisez la d\u00e9mo d'Elfsight et g\u00e9n\u00e9rez votre plugin en deux minutes.","robots":{"index":"index","follow":"follow","max-snippet":"max-snippet:-1","max-image-preview":"max-image-preview:large","max-video-preview":"max-video-preview:-1"},"canonical":"https:\/\/elfsight.com\/fr\/testimonials-slider-widget\/godaddy\/","og_locale":"fr_FR","og_type":"article","og_title":"Carrousel de t\u00e9moignages - ajoutez app T\u00e9moignage client plugin sur GoDaddy","og_description":"Int\u00e9grez un Carrousel de t\u00e9moignages attractif sur votre site. Utilisez la d\u00e9mo d'Elfsight et g\u00e9n\u00e9rez votre plugin en deux minutes.","og_url":"https:\/\/elfsight.com\/fr\/testimonials-slider-widget\/godaddy\/","og_site_name":"Elfsight FR","article_modified_time":"2024-11-08T14:01:58+00:00","twitter_card":"summary_large_image","twitter_misc":{"Dur\u00e9e de lecture estim\u00e9e":"1 minute"},"schema":{"@context":"https:\/\/schema.org","@graph":[{"@type":"WebPage","@id":"https:\/\/elfsight.com\/fr\/testimonials-slider-widget\/godaddy\/","url":"https:\/\/elfsight.com\/fr\/testimonials-slider-widget\/godaddy\/","name":"Carrousel de t\u00e9moignages - ajoutez app T\u00e9moignage client plugin sur GoDaddy","isPartOf":{"@id":"https:\/\/elfsight.com\/fr\/#website"},"datePublished":"2021-12-03T10:06:12+00:00","dateModified":"2024-11-08T14:01:58+00:00","description":"Int\u00e9grez un Carrousel de t\u00e9moignages attractif sur votre site. Utilisez la d\u00e9mo d'Elfsight et g\u00e9n\u00e9rez votre plugin en deux minutes.","breadcrumb":{"@id":"https:\/\/elfsight.com\/fr\/testimonials-slider-widget\/godaddy\/#breadcrumb"},"inLanguage":"fr-FR","potentialAction":[{"@type":"ReadAction","target":["https:\/\/elfsight.com\/fr\/testimonials-slider-widget\/godaddy\/"]}]},{"@type":"BreadcrumbList","@id":"https:\/\/elfsight.com\/fr\/testimonials-slider-widget\/godaddy\/#breadcrumb","itemListElement":[{"@type":"ListItem","position":1,"name":"Home","item":"https:\/\/elfsight.com\/fr\/"},{"@type":"ListItem","position":2,"name":"Testimonials Slider","item":"https:\/\/elfsight.com\/fr\/testimonials-slider-widget\/"},{"@type":"ListItem","position":3,"name":"Testimonials Slider &#8211; GoDaddy"}]},{"@type":"WebSite","@id":"https:\/\/elfsight.com\/fr\/#website","url":"https:\/\/elfsight.com\/fr\/","name":"Elfsight FR","description":"","potentialAction":[{"@type":"SearchAction","target":{"@type":"EntryPoint","urlTemplate":"https:\/\/elfsight.com\/fr\/?s={search_term_string}"},"query-input":{"@type":"PropertyValueSpecification","valueRequired":true,"valueName":"search_term_string"}}],"inLanguage":"fr-FR"}]}},"meta_box":{"industry":"","seo_heading":"","heading":"","description":"","cta_heading":"","cta_description":"","application":"1010","h1":"App Carrousel de t\u00e9moignages pour GoDaddy","h1_caption":"Affichez les t\u00e9moignages de clients dans un curseur rotatif pour renforcer votre cr\u00e9dibilit\u00e9 et pr\u00e9senter sans effort les commentaires positifs sur votre site Web GoDaddy.","application_category":[],"applications_title":"","applications_request_title":"","applications_request_button_text":"","hero_text":"","hero_video":"","hero_video_schema_markup":"","selling_points_title":"","selling_points_caption":"","selling_points":[],"selling_points_cta_text":"","features_title":"","features":"","ed_cta_examples_text":"","ed_cta_examples_hidden":"","ed_cta_demo_text":"","ed_cta_demo_hidden":"","why_caption":"","why_editor_title":"","why_editor_text":"","why_team_title":"","why_team_text":"","why_service_title":"","why_service_text":"","template_catalog_visible":"","template_catalog_title":"","template_catalog_text":"","template_catalog_categories_visible":"","demo_title":"Cr\u00e9ez votre plugin Testimonials Slider","demo_caption":"Configurez votre curseur de t\u00e9moignages et ajoutez-le gratuitement \u00e0 votre site Web GoDaddy\u00a0!","default_faq_hidden":"","app_template_category":[],"platform":"370","template_public_id":"","codecanyon_url":"","codecanyon_item_id":"","codecanyon_price":"","pricing_caption":"","pricing_elfsight_apps_hide_column":"","pricing_elfsight_apps_url":"","pricing_codecanyon_price_caption":"","integration_category":[],"integration_request_title":"","integration_request_cta":"","integration_platform":"","integrations":[],"platform_category":[],"video_schema_markup":"","price":"\u00c0 partir de $0\/mois","trial":"","benefits":[{"text":"Installation gratuite"},{"text":"Support Premium"},{"text":"Garantie de remboursement de 14 jours"},{"text":"L'am\u00e9lioration continue"}],"button_url":"#demo","button_target_blank":"0","button_nofollow":"0","attributes":[{"name":"Nombre d'installations","content":"1,000 - 5,000","_state":"expanded"},{"name":"Adaptif","content":"Oui","_state":"expanded"},{"name":"Navigateurs compatibles","content":"Firefox, Safari, Opera, Chrome, Edge","_state":"expanded"}],"tags":[],"tags_disable_links":"0","hide_more_platforms":"","video_object":"","demo_hide_cta":"0","demo_hide_cloud_options":"0","pricing_title":"","pricing":[{"pricing_icon":"platform","pricing_title":"Applications d'Elfsight","pricing_title_caption":"Solution num\u00e9rique multiplateforme qui fonctionne sur n'importe quel site","pricing_price":"\u00c0 partir de $0\/mois","pricing_price_caption":"Commencez avec un plan gratuit","pricing_benefits":[{"text":"Sites Web illimit\u00e9s"},{"text":"\u00c9quipe d'assistance professionnelle"},{"text":"Service d'installation gratuit"},{"text":"100% personnalisable"}],"pricing_button_text":"Ajouter au site Web","pricing_button_url":"https:\/\/apps.elfsight.com\/sign-up\/","pricing_button_nofollow":"1","_state":"expanded"}],"related_apps_title":"","related_apps_hidden":"1","author":"","image":[],"title":"","job":"","social_networks":[]},"_links":{"self":[{"href":"https:\/\/elfsight.com\/fr\/wp-json\/wp\/v2\/pages\/5462","targetHints":{"allow":["GET"]}}],"collection":[{"href":"https:\/\/elfsight.com\/fr\/wp-json\/wp\/v2\/pages"}],"about":[{"href":"https:\/\/elfsight.com\/fr\/wp-json\/wp\/v2\/types\/page"}],"author":[{"embeddable":true,"href":"https:\/\/elfsight.com\/fr\/wp-json\/wp\/v2\/users\/18"}],"replies":[{"embeddable":true,"href":"https:\/\/elfsight.com\/fr\/wp-json\/wp\/v2\/comments?post=5462"}],"version-history":[{"count":1,"href":"https:\/\/elfsight.com\/fr\/wp-json\/wp\/v2\/pages\/5462\/revisions"}],"predecessor-version":[{"id":5463,"href":"https:\/\/elfsight.com\/fr\/wp-json\/wp\/v2\/pages\/5462\/revisions\/5463"}],"up":[{"embeddable":true,"href":"https:\/\/elfsight.com\/fr\/wp-json\/wp\/v2\/pages\/1017"}],"wp:attachment":[{"href":"https:\/\/elfsight.com\/fr\/wp-json\/wp\/v2\/media?parent=5462"}],"curies":[{"name":"wp","href":"https:\/\/api.w.org\/{rel}","templated":true}]}}