{"id":5458,"date":"2021-12-03T10:07:13","date_gmt":"2021-12-03T10:07:13","guid":{"rendered":"https:\/\/elfsight.com\/fr\/?page_id=5458"},"modified":"2024-11-11T10:44:04","modified_gmt":"2024-11-11T10:44:04","slug":"elementor","status":"publish","type":"page","link":"https:\/\/elfsight.com\/fr\/testimonials-slider-widget\/elementor\/","title":{"rendered":"Testimonials Slider &#8211; Elementor"},"content":{"rendered":"<div class=\"application-platform-content-item-description application-platform-content-item\" id=\"description\" data-nav-section=\"description\"> <h2>Int\u00e9grer le curseur de t\u00e9moignages sur Elementor avec le widget Elfsight<\/h2><p>Testimonials Slider est un plugin r\u00e9actif pour afficher les commentaires de vos utilisateurs sur votre site. Vous \u00eates libre d&rsquo;utiliser tout type de preuve sociale pour rendre les avis dignes de confiance\u00a0: nom de l&rsquo;auteur, photo, symbole de l&rsquo;organisation et m\u00eame un lien vers le site Web.<\/p><p><b>Renforcez la confiance dans votre entreprise en montrant \u00e0 aux visiteurs vos avis vrais et naturels.<\/b><\/p><p><b>Am\u00e9liorez vos avis pour les rendre parfaitement dignes de confiance<\/b><br> R\u00e9v\u00e9lez toutes les donn\u00e9es sur l&rsquo;auteur de chacun des t\u00e9moignages, y compris\u00a0: nom, entreprise, fonction. Prouvez aux lecteurs qu&rsquo;ils voient les t\u00e9moignages de personnes existantes.<\/p> <p><b>Incitez les utilisateurs \u00e0 acheter<\/b><br> D\u00e9montrer de vrais t\u00e9moignages d&rsquo;utilisateurs avec une histoire heureuse attire les clients \u00e0 partager cette exp\u00e9rience et les stimule pour faire des achats, augmentant ainsi votre conversion.<\/p> <p><b>Preuve sociale convaincante<\/b><br> Un lien des commentaires vers Twitter, LinkedIn ou le site Web de l&rsquo;auteur doublera la cr\u00e9dibilit\u00e9 et confirmera votre les affaires sont r\u00e9elles.<\/p> <p><b>Augmentez le taux de conversion jusqu&rsquo;\u00e0 200\u00a0%<\/b><br> Transformez vos commentaires en preuve sociale, en les affichant l\u00e0 o\u00f9 les spectateurs prennent leur d\u00e9cision d&rsquo;acheter ou de se connecter.<\/p> <\/div><div class=\"application-platform-content-item-features application-platform-content-item\" id=\"features\" data-nav-section=\"features\"> <h2>Principales fonctionnalit\u00e9s du widget Testimonials Slider<\/h2><p>Voici les fonctionnalit\u00e9s de widget les plus remarquables qui font de notre Testimonials Slider un plugin pr\u00e9cieux pour tout Elementor site.<\/p><ul><li>Choisissez l&rsquo;un des six mod\u00e8les de t\u00e9moignages pr\u00eats\u00a0;<\/li><li>Modifiez la l\u00e9gende pour afficher l&rsquo;entreprise, le poste et plus encore\u00a0;<\/li><li>Dispositions de curseur et de grille. pour un large \u00e9ventail de cas d&rsquo;utilisation\u00a0;<\/li><li>Cr\u00e9ez votre propre titre de widget.<\/li><\/ul><p><a href=\"#demo\">Essayez ces fonctionnalit\u00e9s dans la d\u00e9mo en direct<\/a><\/p><\/div><div class=\"application-platform-content-item-installation application-platform-content-item\" id=\"installation\" data-nav-section=\"installation\"> <h2>Comment ajouter un curseur de t\u00e9moignages au site Web Elementor<\/h2><div class=\"video-container\"><iframe width=\"720\" height=\"405\" src=\"https:\/\/www.youtube.com\/embed\/jgC-OSlXIT4\" frameborder=\"0\" allowfullscreen=\"\"><\/iframe><\/div><p>Le plugin Elfsight est l&rsquo;un des le plus simple en termes de configuration et ne n\u00e9cessite aucune connaissance en d\u00e9veloppement Web. La r\u00e9alisation du tutoriel ne vous prendra qu&rsquo;environ 1 minute.<\/p><ol><li><b>Cr\u00e9ez votre plugin T\u00e9moignages sur mesure<\/b><br> Gr\u00e2ce \u00e0 notre d\u00e9mo gratuite, configurez un plugin avec une mise en page et des fonctions personnalis\u00e9es. <\/li><li><b>Acqu\u00e9rir le code individuel pour afficher le plugin<\/b><br> Apr\u00e8s avoir cr\u00e9\u00e9 votre widget, vous obtiendrez votre code personnel dans la fen\u00eatre contextuelle d&rsquo;Elfsight Apps. Copiez ce code pour une utilisation ult\u00e9rieure. <\/li> <li><b> Le plugin sur votre site Elementor<\/b><br> Choisissez la zone o\u00f9 vous souhaitez afficher le plugin et collez-y le code enregistr\u00e9. Enregistrez les modifications. <\/li> <li><b>L&rsquo;installation est termin\u00e9e<\/b><br> Visitez votre site pour voir votre travail. <\/li> <\/ol><p>Vous rencontrez des probl\u00e8mes lors de l&rsquo;affichage ou de la configuration du plugin\u00a0? Consultez un guide d\u00e9taill\u00e9 sur la cr\u00e9ation du site Web Testimonials Slider pour Elementor ou laissez une demande \u00e0 notre centre d&rsquo;assistance.<\/p><div class=\"faq\" data-component=\"FAQ\"> <div class=\"faq-item\">\r\n\t\t\t\t\t<div class=\"faq-item-question\">\r\n\t\t\t\t\t\t<h3 class=\"faq-item-question-text\">Comment ajouter Testimonials Slider \u00e0 mon site Web Elementor sans comp\u00e9tences en codage ?<\/h3>\r\n\r\n\t\t\t\t\t\t<div class=\"faq-item-question-icon\"><\/div>\r\n\t\t\t\t\t<\/div>\r\n\r\n\t\t\t\t\t<div class=\"faq-item-answer\">\r\n\t\t\t\t\t\t<div class=\"faq-item-answer-text\"> <p> Elfsight fournit une solution SaaS qui vous permet de cr\u00e9er vous-m\u00eame un widget Testimonials Slider. Voyez \u00e0 quel point le processus est simple\u00a0: travaillez directement dans l&rsquo;\u00e9diteur en ligne pour cr\u00e9er un widget Testimonials Slider que vous aimeriez voir sur votre site Web Elementor. Choisissez l&rsquo;un des mod\u00e8les pr\u00e9d\u00e9finis et ajustez les param\u00e8tres du curseur de t\u00e9moignages, ajoutez votre contenu, modifiez la mise en page et la palette de couleurs sans aucune comp\u00e9tence en codage. Enregistrez le curseur de t\u00e9moignages et copiez son code d&rsquo;installation, que vous pouvez simplement coller sur votre site Web Elementor sans avoir besoin d&rsquo;acheter une version payante. Avec notre \u00e9diteur intuitif, tout internaute peut cr\u00e9er un widget Testimonials Slider en ligne et l&rsquo;int\u00e9grer facilement \u00e0 son site Web Elementor. Il n&rsquo;est pas n\u00e9cessaire de payer ou de saisir les informations d&rsquo;identification de votre carte pour acc\u00e9der au service. Si vous rencontrez des probl\u00e8mes \u00e0 n&rsquo;importe quelle \u00e9tape, n&rsquo;h\u00e9sitez pas \u00e0 contacter notre \u00e9quipe d&rsquo;assistance technique.<\/p> <\/div>\r\n\t\t\t\t\t<\/div>\r\n\t\t\t\t<\/div> <\/div> <\/div>","protected":false},"excerpt":{"rendered":"","protected":false},"author":18,"featured_media":0,"parent":1017,"menu_order":0,"comment_status":"closed","ping_status":"closed","template":"templates\/template-application-platform.php","meta":{"publish_to_discourse":"","publish_post_category":"","wpdc_auto_publish_overridden":"","wpdc_topic_tags":"","wpdc_pin_topic":"","wpdc_pin_until":"","discourse_post_id":"","discourse_permalink":"","wpdc_publishing_response":"","wpdc_publishing_error":"","footnotes":""},"class_list":["post-5458","page","type-page","status-publish","hentry"],"yoast_head":"<!-- This site is optimized with the Yoast SEO plugin v25.3.1 - https:\/\/yoast.com\/wordpress\/plugins\/seo\/ -->\n<title>Carrousel de t\u00e9moignages - ajoutez plugin T\u00e9moignage client plugin sur Elementor<\/title>\n<meta name=\"description\" content=\"Int\u00e9grez un Carrousel de t\u00e9moignages attractif sur votre site. Appliquez la d\u00e9mo d&#039;Elfsight et g\u00e9n\u00e9rez votre widget en deux minutes.\" \/>\n<meta name=\"robots\" content=\"index, follow, max-snippet:-1, max-image-preview:large, max-video-preview:-1\" \/>\n<link rel=\"canonical\" href=\"https:\/\/elfsight.com\/fr\/testimonials-slider-widget\/elementor\/\" \/>\n<meta property=\"og:locale\" content=\"fr_FR\" \/>\n<meta property=\"og:type\" content=\"article\" \/>\n<meta property=\"og:title\" content=\"Carrousel de t\u00e9moignages - ajoutez plugin T\u00e9moignage client plugin sur Elementor\" \/>\n<meta property=\"og:description\" content=\"Int\u00e9grez un Carrousel de t\u00e9moignages attractif sur votre site. Appliquez la d\u00e9mo d&#039;Elfsight et g\u00e9n\u00e9rez votre widget en deux minutes.\" \/>\n<meta property=\"og:url\" content=\"https:\/\/elfsight.com\/fr\/testimonials-slider-widget\/elementor\/\" \/>\n<meta property=\"og:site_name\" content=\"Elfsight FR\" \/>\n<meta property=\"article:modified_time\" content=\"2024-11-11T10:44:04+00:00\" \/>\n<meta name=\"twitter:card\" content=\"summary_large_image\" \/>\n<meta name=\"twitter:label1\" content=\"Dur\u00e9e de lecture estim\u00e9e\" \/>\n\t<meta name=\"twitter:data1\" content=\"1 minute\" \/>\n<!-- \/ Yoast SEO plugin. -->","yoast_head_json":{"title":"Carrousel de t\u00e9moignages - ajoutez plugin T\u00e9moignage client plugin sur Elementor","description":"Int\u00e9grez un Carrousel de t\u00e9moignages attractif sur votre site. Appliquez la d\u00e9mo d'Elfsight et g\u00e9n\u00e9rez votre widget en deux minutes.","robots":{"index":"index","follow":"follow","max-snippet":"max-snippet:-1","max-image-preview":"max-image-preview:large","max-video-preview":"max-video-preview:-1"},"canonical":"https:\/\/elfsight.com\/fr\/testimonials-slider-widget\/elementor\/","og_locale":"fr_FR","og_type":"article","og_title":"Carrousel de t\u00e9moignages - ajoutez plugin T\u00e9moignage client plugin sur Elementor","og_description":"Int\u00e9grez un Carrousel de t\u00e9moignages attractif sur votre site. Appliquez la d\u00e9mo d'Elfsight et g\u00e9n\u00e9rez votre widget en deux minutes.","og_url":"https:\/\/elfsight.com\/fr\/testimonials-slider-widget\/elementor\/","og_site_name":"Elfsight FR","article_modified_time":"2024-11-11T10:44:04+00:00","twitter_card":"summary_large_image","twitter_misc":{"Dur\u00e9e de lecture estim\u00e9e":"1 minute"},"schema":{"@context":"https:\/\/schema.org","@graph":[{"@type":"WebPage","@id":"https:\/\/elfsight.com\/fr\/testimonials-slider-widget\/elementor\/","url":"https:\/\/elfsight.com\/fr\/testimonials-slider-widget\/elementor\/","name":"Carrousel de t\u00e9moignages - ajoutez plugin T\u00e9moignage client plugin sur Elementor","isPartOf":{"@id":"https:\/\/elfsight.com\/fr\/#website"},"datePublished":"2021-12-03T10:07:13+00:00","dateModified":"2024-11-11T10:44:04+00:00","description":"Int\u00e9grez un Carrousel de t\u00e9moignages attractif sur votre site. Appliquez la d\u00e9mo d'Elfsight et g\u00e9n\u00e9rez votre widget en deux minutes.","breadcrumb":{"@id":"https:\/\/elfsight.com\/fr\/testimonials-slider-widget\/elementor\/#breadcrumb"},"inLanguage":"fr-FR","potentialAction":[{"@type":"ReadAction","target":["https:\/\/elfsight.com\/fr\/testimonials-slider-widget\/elementor\/"]}]},{"@type":"BreadcrumbList","@id":"https:\/\/elfsight.com\/fr\/testimonials-slider-widget\/elementor\/#breadcrumb","itemListElement":[{"@type":"ListItem","position":1,"name":"Home","item":"https:\/\/elfsight.com\/fr\/"},{"@type":"ListItem","position":2,"name":"Testimonials Slider","item":"https:\/\/elfsight.com\/fr\/testimonials-slider-widget\/"},{"@type":"ListItem","position":3,"name":"Testimonials Slider &#8211; Elementor"}]},{"@type":"WebSite","@id":"https:\/\/elfsight.com\/fr\/#website","url":"https:\/\/elfsight.com\/fr\/","name":"Elfsight FR","description":"","potentialAction":[{"@type":"SearchAction","target":{"@type":"EntryPoint","urlTemplate":"https:\/\/elfsight.com\/fr\/?s={search_term_string}"},"query-input":{"@type":"PropertyValueSpecification","valueRequired":true,"valueName":"search_term_string"}}],"inLanguage":"fr-FR"}]}},"meta_box":{"industry":"","seo_heading":"","heading":"","description":"","cta_heading":"","cta_description":"","application":"1010","h1":"Plugin Carrousel de t\u00e9moignages pour Elementor","h1_caption":"Affichez les t\u00e9moignages de clients dans un curseur rotatif pour renforcer votre cr\u00e9dibilit\u00e9 et pr\u00e9senter sans effort les commentaires positifs sur votre site Web Elementor.","application_category":[],"applications_title":"","applications_request_title":"","applications_request_button_text":"","hero_text":"","hero_video":"","hero_video_schema_markup":"","selling_points_title":"","selling_points_caption":"","selling_points":[],"selling_points_cta_text":"","features_title":"","features":"","ed_cta_examples_text":"","ed_cta_examples_hidden":"","ed_cta_demo_text":"","ed_cta_demo_hidden":"","why_caption":"","why_editor_title":"","why_editor_text":"","why_team_title":"","why_team_text":"","why_service_title":"","why_service_text":"","template_catalog_visible":"","template_catalog_title":"","template_catalog_text":"","template_catalog_categories_visible":"","demo_title":"Cr\u00e9ez votre widget Slider de t\u00e9moignages","demo_caption":"Configurez votre curseur de t\u00e9moignages et ajoutez-le \u00e0 votre site Web Elementor gratuitement\u00a0!","default_faq_hidden":"","app_template_category":[],"platform":"385","template_public_id":"","codecanyon_url":"","codecanyon_item_id":"","codecanyon_price":"","pricing_caption":"","pricing_elfsight_apps_hide_column":"","pricing_elfsight_apps_url":"","pricing_codecanyon_price_caption":"","integration_category":[],"integration_request_title":"","integration_request_cta":"","integration_platform":"","integrations":[],"platform_category":[],"video_schema_markup":"","price":"\u00c0 partir de $0\/mois","trial":"","benefits":[{"text":"Installation gratuite"},{"text":"Support Premium"},{"text":"Garantie de remboursement de 14 jours"},{"text":"L'am\u00e9lioration continue"}],"button_url":"#demo","button_target_blank":"0","button_nofollow":"0","attributes":[{"name":"Nombre d'installations","content":"1,000 - 5,000","_state":"expanded"},{"name":"Adaptif","content":"Oui","_state":"expanded"},{"name":"Navigateurs compatibles","content":"Firefox, Safari, Opera, Chrome, Edge","_state":"expanded"}],"tags":[],"tags_disable_links":"0","hide_more_platforms":"","video_object":"","demo_hide_cta":"0","demo_hide_cloud_options":"0","pricing_title":"","pricing":[{"pricing_icon":"platform","pricing_title":"Applications d'Elfsight","pricing_title_caption":"Solution num\u00e9rique multiplateforme qui fonctionne sur n'importe quel site","pricing_price":"\u00c0 partir de $0\/mois","pricing_price_caption":"Commencez avec un plan gratuit","pricing_benefits":[{"text":"Sites Web illimit\u00e9s"},{"text":"\u00c9quipe d'assistance professionnelle"},{"text":"Service d'installation gratuit"},{"text":"100% personnalisable"}],"pricing_button_text":"Ajouter au site Web","pricing_button_url":"https:\/\/apps.elfsight.com\/sign-up\/","pricing_button_nofollow":"1","_state":"expanded"}],"related_apps_title":"","related_apps_hidden":"1","author":"","image":[],"title":"","job":"","social_networks":[]},"_links":{"self":[{"href":"https:\/\/elfsight.com\/fr\/wp-json\/wp\/v2\/pages\/5458","targetHints":{"allow":["GET"]}}],"collection":[{"href":"https:\/\/elfsight.com\/fr\/wp-json\/wp\/v2\/pages"}],"about":[{"href":"https:\/\/elfsight.com\/fr\/wp-json\/wp\/v2\/types\/page"}],"author":[{"embeddable":true,"href":"https:\/\/elfsight.com\/fr\/wp-json\/wp\/v2\/users\/18"}],"replies":[{"embeddable":true,"href":"https:\/\/elfsight.com\/fr\/wp-json\/wp\/v2\/comments?post=5458"}],"version-history":[{"count":2,"href":"https:\/\/elfsight.com\/fr\/wp-json\/wp\/v2\/pages\/5458\/revisions"}],"predecessor-version":[{"id":15027,"href":"https:\/\/elfsight.com\/fr\/wp-json\/wp\/v2\/pages\/5458\/revisions\/15027"}],"up":[{"embeddable":true,"href":"https:\/\/elfsight.com\/fr\/wp-json\/wp\/v2\/pages\/1017"}],"wp:attachment":[{"href":"https:\/\/elfsight.com\/fr\/wp-json\/wp\/v2\/media?parent=5458"}],"curies":[{"name":"wp","href":"https:\/\/api.w.org\/{rel}","templated":true}]}}