{"id":5406,"date":"2021-12-03T09:31:53","date_gmt":"2021-12-03T09:31:53","guid":{"rendered":"https:\/\/elfsight.com\/fr\/?page_id=5406"},"modified":"2025-07-10T13:32:11","modified_gmt":"2025-07-10T13:32:11","slug":"drupal","status":"publish","type":"page","link":"https:\/\/elfsight.com\/fr\/social-media-share-buttons\/drupal\/","title":{"rendered":"Share Buttons &#8211; Drupal"},"content":{"rendered":"\n<div class=\"application-platform-content-item-features application-platform-content-item\" id=\"features\" data-nav-section=\"features\">\n<h2>Les caract\u00e9ristiques indispensables<\/h2>  \n<ul>\n\n<li>Deux mises en page: Floating et Inline<\/li>\n<li>Dupliquez et r\u00e9organisez les boutons comme vous le souhaitez<\/li>\n<li>Ajoutez nombre illimit\u00e9 de boutons<\/li>\n<li>Texte du bouton r\u00e9glable<\/li>\n<li>D\u00e9finissez la largeur du bouton\n<\/li><\/ul>\n<p><a href=\"#demo\">Examinez tous les param\u00e8tres dans la d\u00e9mo fonctionnelle<\/a><\/p> \n<\/div> \n<div class=\"application-platform-content-item-installation application-platform-content-item\" id=\"installation\" data-nav-section=\"installation\">\n \n<h2>Comment est-il possible int\u00e9grer Boutons partager \u00e0 mon site Web Drupal?<\/h2>\n<p>Juste appliquez les instructions ci-dessous pour int\u00e9grer le module.<\/p>\n<ol>\n<li>Employez notre configurateur gratuit et commencez \u00e0 cr\u00e9er votre module sur mesure.<\/li> \n <li>Acqu\u00e9rez le code personnel expos\u00e9 dans la fen\u00eatre sur les applications Elfsight.<\/li>\n <li>Commencez avec utilisant du widget sur le page Web de Drupal.<\/li>\n<li>Termin\u00e9!L\u2019installation est r\u00e9ussie. Vous avez int\u00e9gr\u00e9 Boutons share sur Drupal.<\/li>\n<\/ol> \n<p>Dans le cas o\u00f9 vous traitez avec des difficult\u00e9s, n&rsquo;ayez pas peur d\u2019adresser \u00e0 notre service client\u00e8le. Nos sp\u00e9cialistes seront heureux de r\u00e9soudre tous les probl\u00e8mes que vous pouvez avoir avec le widget.<\/p> \n<\/div>\n\n\n\n<p><\/p>\n","protected":false},"excerpt":{"rendered":"","protected":false},"author":18,"featured_media":0,"parent":1344,"menu_order":0,"comment_status":"closed","ping_status":"closed","template":"templates\/template-application-platform.php","meta":{"publish_to_discourse":"","publish_post_category":"","wpdc_auto_publish_overridden":"","wpdc_topic_tags":"","wpdc_pin_topic":"","wpdc_pin_until":"","discourse_post_id":"","discourse_permalink":"","wpdc_publishing_response":"","wpdc_publishing_error":"","footnotes":""},"class_list":["post-5406","page","type-page","status-publish","hentry"],"yoast_head":"<!-- This site is optimized with the Yoast SEO plugin v25.3.1 - https:\/\/yoast.com\/wordpress\/plugins\/seo\/ -->\n<title>Boutons partager - ajoutez module Boutons share sur Drupal<\/title>\n<meta name=\"description\" content=\"Int\u00e9grez un Boutons partager avantageux sur votre site. Utilisez la d\u00e9mo d&#039;Elfsight et g\u00e9n\u00e9rez votre widget en 2 minutes.\" \/>\n<meta name=\"robots\" content=\"index, follow, max-snippet:-1, max-image-preview:large, max-video-preview:-1\" \/>\n<link rel=\"canonical\" href=\"https:\/\/elfsight.com\/fr\/social-media-share-buttons\/drupal\/\" \/>\n<meta property=\"og:locale\" content=\"fr_FR\" \/>\n<meta property=\"og:type\" content=\"article\" \/>\n<meta property=\"og:title\" content=\"Boutons partager - ajoutez module Boutons share sur Drupal\" \/>\n<meta property=\"og:description\" content=\"Int\u00e9grez un Boutons partager avantageux sur votre site. Utilisez la d\u00e9mo d&#039;Elfsight et g\u00e9n\u00e9rez votre widget en 2 minutes.\" \/>\n<meta property=\"og:url\" content=\"https:\/\/elfsight.com\/fr\/social-media-share-buttons\/drupal\/\" \/>\n<meta property=\"og:site_name\" content=\"Elfsight FR\" \/>\n<meta property=\"article:modified_time\" content=\"2025-07-10T13:32:11+00:00\" \/>\n<meta name=\"twitter:card\" content=\"summary_large_image\" \/>\n<meta name=\"twitter:label1\" content=\"Dur\u00e9e de lecture estim\u00e9e\" \/>\n\t<meta name=\"twitter:data1\" content=\"1 minute\" \/>\n<!-- \/ Yoast SEO plugin. -->","yoast_head_json":{"title":"Boutons partager - ajoutez module Boutons share sur Drupal","description":"Int\u00e9grez un Boutons partager avantageux sur votre site. Utilisez la d\u00e9mo d'Elfsight et g\u00e9n\u00e9rez votre widget en 2 minutes.","robots":{"index":"index","follow":"follow","max-snippet":"max-snippet:-1","max-image-preview":"max-image-preview:large","max-video-preview":"max-video-preview:-1"},"canonical":"https:\/\/elfsight.com\/fr\/social-media-share-buttons\/drupal\/","og_locale":"fr_FR","og_type":"article","og_title":"Boutons partager - ajoutez module Boutons share sur Drupal","og_description":"Int\u00e9grez un Boutons partager avantageux sur votre site. Utilisez la d\u00e9mo d'Elfsight et g\u00e9n\u00e9rez votre widget en 2 minutes.","og_url":"https:\/\/elfsight.com\/fr\/social-media-share-buttons\/drupal\/","og_site_name":"Elfsight FR","article_modified_time":"2025-07-10T13:32:11+00:00","twitter_card":"summary_large_image","twitter_misc":{"Dur\u00e9e de lecture estim\u00e9e":"1 minute"},"schema":{"@context":"https:\/\/schema.org","@graph":[{"@type":"WebPage","@id":"https:\/\/elfsight.com\/fr\/social-media-share-buttons\/drupal\/","url":"https:\/\/elfsight.com\/fr\/social-media-share-buttons\/drupal\/","name":"Boutons partager - ajoutez module Boutons share sur Drupal","isPartOf":{"@id":"https:\/\/elfsight.com\/fr\/#website"},"datePublished":"2021-12-03T09:31:53+00:00","dateModified":"2025-07-10T13:32:11+00:00","description":"Int\u00e9grez un Boutons partager avantageux sur votre site. Utilisez la d\u00e9mo d'Elfsight et g\u00e9n\u00e9rez votre widget en 2 minutes.","breadcrumb":{"@id":"https:\/\/elfsight.com\/fr\/social-media-share-buttons\/drupal\/#breadcrumb"},"inLanguage":"fr-FR","potentialAction":[{"@type":"ReadAction","target":["https:\/\/elfsight.com\/fr\/social-media-share-buttons\/drupal\/"]}]},{"@type":"BreadcrumbList","@id":"https:\/\/elfsight.com\/fr\/social-media-share-buttons\/drupal\/#breadcrumb","itemListElement":[{"@type":"ListItem","position":1,"name":"Home","item":"https:\/\/elfsight.com\/fr\/"},{"@type":"ListItem","position":2,"name":"Social Share Buttons","item":"https:\/\/elfsight.com\/fr\/social-media-share-buttons\/"},{"@type":"ListItem","position":3,"name":"Share Buttons &#8211; Drupal"}]},{"@type":"WebSite","@id":"https:\/\/elfsight.com\/fr\/#website","url":"https:\/\/elfsight.com\/fr\/","name":"Elfsight FR","description":"","potentialAction":[{"@type":"SearchAction","target":{"@type":"EntryPoint","urlTemplate":"https:\/\/elfsight.com\/fr\/?s={search_term_string}"},"query-input":{"@type":"PropertyValueSpecification","valueRequired":true,"valueName":"search_term_string"}}],"inLanguage":"fr-FR"}]}},"meta_box":{"industry":"","seo_heading":"","heading":"","description":"","cta_heading":"","cta_description":"","application":"1337","h1":"Module Boutons partager pour Drupal","h1_caption":"Pr\u00e9sentez 40+ ic\u00f4nes des r\u00e9seaux sociaux sur le site","application_category":[],"applications_title":"","applications_request_title":"","applications_request_button_text":"","hero_text":"","hero_video":"","hero_video_schema_markup":"","selling_points_title":"","selling_points_caption":"","selling_points":[],"selling_points_cta_text":"","features_title":"","features":"","ed_cta_examples_text":"","ed_cta_examples_hidden":"","ed_cta_demo_text":"","ed_cta_demo_hidden":"","why_caption":"","why_editor_title":"","why_editor_text":"","why_team_title":"","why_team_text":"","why_service_title":"","why_service_text":"","template_catalog_visible":"","template_catalog_title":"","template_catalog_text":"","template_catalog_categories_visible":"","demo_title":"D\u00e9p\u00eachez-vous pour composer personnalis\u00e9 module Boutons partager Drupal","demo_caption":"Adaptez et impl\u00e9mentez le module sur votre page au moyen de d\u00e9mo.","default_faq_hidden":"","app_template_category":[],"platform":"351","template_public_id":"","codecanyon_url":"","codecanyon_item_id":"","codecanyon_price":"","pricing_caption":"","pricing_elfsight_apps_hide_column":"","pricing_elfsight_apps_url":"","pricing_codecanyon_price_caption":"","integration_category":[],"integration_request_title":"","integration_request_cta":"","integration_platform":"","integrations":[],"platform_category":[],"video_schema_markup":"","price":"\u00c0 partir de $0\/mois","trial":"","benefits":[{"text":"Installation gratuite"},{"text":"Support Premium"},{"text":"Garantie de remboursement de 14 jours"},{"text":"L'am\u00e9lioration continue"}],"button_url":"#demo","button_target_blank":"0","button_nofollow":"0","attributes":[{"name":"Nombre d'installations","content":"1,000 - 5,000","_state":"expanded"},{"name":"Adaptif","content":"Oui","_state":"expanded"},{"name":"Navigateurs compatibles","content":"Firefox, Safari, Opera, Chrome, Edge","_state":"expanded"}],"tags":[],"tags_disable_links":"0","hide_more_platforms":"","video_object":"","demo_hide_cta":"0","demo_hide_cloud_options":"0","pricing_title":"","pricing":[{"pricing_icon":"platform","pricing_title":"Applications d'Elfsight","pricing_title_caption":"Solution num\u00e9rique multiplateforme qui fonctionne sur n'importe quel site","pricing_price":"\u00c0 partir de $0\/mois","pricing_price_caption":"Commencez avec un plan gratuit","pricing_benefits":[{"text":"Sites Web illimit\u00e9s"},{"text":"\u00c9quipe d'assistance professionnelle"},{"text":"Service d'installation gratuit"},{"text":"100% personnalisable"}],"pricing_button_text":"Ajouter au site Web","pricing_button_url":"https:\/\/apps.elfsight.com\/sign-up\/","pricing_button_nofollow":"1","_state":"expanded"}],"related_apps_title":"","related_apps_hidden":"1","author":"","image":[],"title":"","job":"","social_networks":[]},"_links":{"self":[{"href":"https:\/\/elfsight.com\/fr\/wp-json\/wp\/v2\/pages\/5406","targetHints":{"allow":["GET"]}}],"collection":[{"href":"https:\/\/elfsight.com\/fr\/wp-json\/wp\/v2\/pages"}],"about":[{"href":"https:\/\/elfsight.com\/fr\/wp-json\/wp\/v2\/types\/page"}],"author":[{"embeddable":true,"href":"https:\/\/elfsight.com\/fr\/wp-json\/wp\/v2\/users\/18"}],"replies":[{"embeddable":true,"href":"https:\/\/elfsight.com\/fr\/wp-json\/wp\/v2\/comments?post=5406"}],"version-history":[{"count":1,"href":"https:\/\/elfsight.com\/fr\/wp-json\/wp\/v2\/pages\/5406\/revisions"}],"predecessor-version":[{"id":5407,"href":"https:\/\/elfsight.com\/fr\/wp-json\/wp\/v2\/pages\/5406\/revisions\/5407"}],"up":[{"embeddable":true,"href":"https:\/\/elfsight.com\/fr\/wp-json\/wp\/v2\/pages\/1344"}],"wp:attachment":[{"href":"https:\/\/elfsight.com\/fr\/wp-json\/wp\/v2\/media?parent=5406"}],"curies":[{"name":"wp","href":"https:\/\/api.w.org\/{rel}","templated":true}]}}