{"id":5291,"date":"2021-12-03T09:32:49","date_gmt":"2021-12-03T09:32:49","guid":{"rendered":"https:\/\/elfsight.com\/fr\/?page_id=5291"},"modified":"2025-12-25T12:53:57","modified_gmt":"2025-12-25T12:53:57","slug":"wix","status":"publish","type":"page","link":"https:\/\/elfsight.com\/fr\/pricing-table-plugin\/wix\/","title":{"rendered":"Pricing Table &#8211; Wix"},"content":{"rendered":"<div class=\"application-platform-content-item-description application-platform-content-item\" id=\"description\" data-nav-section=\"description\"><h2>Description<\/h2><p>La tarification joue l&rsquo;un des r\u00f4les fondamentaux pour inciter les utilisateurs \u00e0 commander sur votre site. L&rsquo;application de notre \u00e9quipe aide non seulement les clients du site \u00e0 visualiser et \u00e0 comparer plusieurs offres de prix de mani\u00e8re simple et rapide. Il contribue \u00e9galement \u00e0 augmenter la conversion en utilisant les derni\u00e8res tendances en mati\u00e8re de conception et de mise en page.<\/p><p><b>Augmentez les ventes de votre site gr\u00e2ce \u00e0 une tarification intelligente.<\/b><\/p><ul> <li><b>Ayez plus de clients<\/b>.<br>Utilisez diverses astuces efficaces de cr\u00e9ation de prix, pour dissiper toutes les peurs et les doutes de vos clients qui peuvent appara\u00eetre sur le chemin de l&rsquo;achat, et obtenir la meilleure conversion possible. <\/li><li><b>Configuration de l&rsquo;application en seulement 90\u00a0secondes<\/b>.<br>Passe quelques minutes pour g\u00e9n\u00e9rer une application id\u00e9ale. Choisissez tous les param\u00e8tres n\u00e9cessaires de l&rsquo;interface et les informations d\u00e9taill\u00e9es pour les afficher en un seul clic.<\/li><li><b>Rendez vos prix attractifs pour les clients<\/b>.<br>Modifiez diverses couleurs, placez des unit\u00e9s, ajoutez des images , pour rendre vos tarifs attractifs pour les clients et apporter une influence positive sur la d\u00e9cision d&rsquo;achat.<\/li><\/ul><\/div><div class=\"application-platform-content-item-features application-platform-content-item\" id=\"features\" data-nav-section=\"features\"><h2>Caract\u00e9ristiques<\/h2><p>Les avantages qui font de notre application le meilleur tableau de tarification pour les sites Web Wix.<\/p><ul><li>6 \u00e9l\u00e9ments de colonnes pr\u00e9d\u00e9finis qui peuvent \u00eatre organis\u00e9s et personnalis\u00e9s pour obtenir le look parfait\u00a0;<\/li><li>5 skins pr\u00e9d\u00e9finis, pr\u00e9sentant diff\u00e9rents sch\u00e9mas de couleurs\u00a0;<\/li><li>3 styles de fonctionnalit\u00e9s pr\u00e9d\u00e9finis\u00a0;<\/li><li>Lier le bouton \u00e0 la page requise\u00a0;<\/li><li>Mise en page optimis\u00e9e pour les mobiles.<\/li><\/ul><p><a href=\"#demo\">Vous pouvez essayer tous les avantages dans la d\u00e9mo en direct<\/a><\/p><\/div><div class=\"application-platform-content-item-installation application-platform-content-item\" id=\"installation\" data-nav-section=\"installation\"><h2>Comment ajouter un tableau de prix vers le site Wix<\/h2><div class=\"video-container\">\n  <iframe allowfullscreen=\"\" frameborder=\"0\" height=\"405\" src=\"https:\/\/www.youtube.com\/embed\/paL5984Ivz4?si=ZUJcllHAiDuUMXlr\" width=\"720\"><\/iframe>\n<\/div><p>Une instruction sur l&rsquo;int\u00e9gration de notre application. Pour r\u00e9aliser cela, vous n&rsquo;aurez pas besoin de connaissances en programmation ni de beaucoup de temps. Juste quelques actions rapides et 3 minutes.<\/p><ol><li><b>Cr\u00e9ez votre tableau de prix unique<\/b>.<br> Avec notre <a href=\"#demo\">\u00e9diteur gratuit<\/a> , cr\u00e9ez un widget avec l&rsquo;apparence et les fonctions n\u00e9cessaires.<\/li><li><b>Copiez un code pour ajouter l&rsquo;application<\/b>.<br> Apr\u00e8s la cr\u00e9ation du widget, obtenez un code pour le widget de tarification dans la fen\u00eatre qui appara\u00eet sur Applications Elfsight.<\/li><li><b>Placez l&rsquo;application sur le site Web de Wix<\/b>.<br> Affichez le widget \u00e0 l&rsquo;endroit souhait\u00e9 du site Web et publiez les modifications.<\/li><li><b>Vous avez enti\u00e8rement termin\u00e9 l&rsquo;installation\u00a0!<\/b><br> Allez sur votre site pour voir votre travail.<\/li><\/ol><p>Vous rencontrez des questions lors de la configuration de l&rsquo;application\u00a0? Consultez nos instructions d\u00e9taill\u00e9es \u00ab<a href=\"https:\/\/elfsight.com\/tutorials\/how-to-add-pricing-table-to-wix\/\" target=\"_blank\" rel=\"noopener noreferrer\">Comment afficher tableau de prix dans Wix<\/a>\u00bb ou adressez-vous \u00e0 notre service client, qui r\u00e9soudra rapidement tout type de probl\u00e8me.<\/p><div class=\"faq\" data-component=\"FAQ\"> <div class=\"faq-item\">\r\n\t\t\t\t\t<div class=\"faq-item-question\">\r\n\t\t\t\t\t\t<h3 class=\"faq-item-question-text\">Comment puis-je ajouter un tableau de prix \u00e0 mon site Wix sans coder skills?<\/h3>\r\n\r\n\t\t\t\t\t\t<div class=\"faq-item-question-icon\"><\/div>\r\n\t\t\t\t\t<\/div>\r\n\r\n\t\t\t\t\t<div class=\"faq-item-answer\">\r\n\t\t\t\t\t\t<div class=\"faq-item-answer-text\"> <p>Elfsight fournit une solution SaaS qui vous permet de cr\u00e9er vous-m\u00eame un widget de tableau de tarification. Voyez \u00e0 quel point le processus est simple\u00a0: travaillez directement dans l&rsquo;\u00e9diteur en ligne pour cr\u00e9er un widget de tableau de tarification que vous aimeriez voir sur votre site Web Wix. . Choisissez l&rsquo;un des mod\u00e8les pr\u00e9d\u00e9finis et ajustez les param\u00e8tres du tableau de prix, ajoutez votre contenu, modifiez la mise en page et les couleurs sans aucune comp\u00e9tence en codage. Enregistrez le tableau des prix et copiez son code d&rsquo;installation, que vous pouvez int\u00e9grer dans votre site Web Wix sans acheter de version payante. Gr\u00e2ce \u00e0 notre \u00e9diteur intuitif, tout internaute peut cr\u00e9er un widget Tableau de tarification en ligne et l&rsquo;int\u00e9grer facilement \u00e0 son site Web Wix. Il n&rsquo;est pas n\u00e9cessaire de payer ou de saisir les informations d&rsquo;identification de votre carte pour acc\u00e9der au service. Si vous rencontrez des probl\u00e8mes \u00e0 n&rsquo;importe quelle \u00e9tape, n&rsquo;h\u00e9sitez pas \u00e0 contacter notre \u00e9quipe d&rsquo;assistance technique.<\/p> <\/div>\r\n\t\t\t\t\t<\/div>\r\n\t\t\t\t<\/div> <\/div> <\/div>","protected":false},"excerpt":{"rendered":"","protected":false},"author":18,"featured_media":0,"parent":1096,"menu_order":0,"comment_status":"closed","ping_status":"closed","template":"templates\/template-application-platform.php","meta":{"publish_to_discourse":"","publish_post_category":"","wpdc_auto_publish_overridden":"","wpdc_topic_tags":"","wpdc_pin_topic":"","wpdc_pin_until":"","discourse_post_id":"","discourse_permalink":"","wpdc_publishing_response":"","wpdc_publishing_error":"","footnotes":""},"class_list":["post-5291","page","type-page","status-publish","hentry"],"yoast_head":"<!-- This site is optimized with the Yoast SEO plugin v25.3.1 - https:\/\/yoast.com\/wordpress\/plugins\/seo\/ -->\n<title>Tableau de prix - ajoutez app Prix showcase sur Wix<\/title>\n<meta name=\"description\" content=\"Int\u00e9grez un Tableau de prix avantageux sur votre site. Utilisez la d\u00e9mo d&#039;Elfsight et g\u00e9n\u00e9rez votre plugin en quelques minutes.\" \/>\n<meta name=\"robots\" content=\"index, follow, max-snippet:-1, max-image-preview:large, max-video-preview:-1\" \/>\n<link rel=\"canonical\" href=\"https:\/\/elfsight.com\/fr\/pricing-table-plugin\/wix\/\" \/>\n<meta property=\"og:locale\" content=\"fr_FR\" \/>\n<meta property=\"og:type\" content=\"article\" \/>\n<meta property=\"og:title\" content=\"Tableau de prix - ajoutez app Prix showcase sur Wix\" \/>\n<meta property=\"og:description\" content=\"Int\u00e9grez un Tableau de prix avantageux sur votre site. Utilisez la d\u00e9mo d&#039;Elfsight et g\u00e9n\u00e9rez votre plugin en quelques minutes.\" \/>\n<meta property=\"og:url\" content=\"https:\/\/elfsight.com\/fr\/pricing-table-plugin\/wix\/\" \/>\n<meta property=\"og:site_name\" content=\"Elfsight FR\" \/>\n<meta property=\"article:modified_time\" content=\"2025-12-25T12:53:57+00:00\" \/>\n<meta name=\"twitter:card\" content=\"summary_large_image\" \/>\n<meta name=\"twitter:label1\" content=\"Dur\u00e9e de lecture estim\u00e9e\" \/>\n\t<meta name=\"twitter:data1\" content=\"4 minutes\" \/>\n<!-- \/ Yoast SEO plugin. -->","yoast_head_json":{"title":"Tableau de prix - ajoutez app Prix showcase sur Wix","description":"Int\u00e9grez un Tableau de prix avantageux sur votre site. Utilisez la d\u00e9mo d'Elfsight et g\u00e9n\u00e9rez votre plugin en quelques minutes.","robots":{"index":"index","follow":"follow","max-snippet":"max-snippet:-1","max-image-preview":"max-image-preview:large","max-video-preview":"max-video-preview:-1"},"canonical":"https:\/\/elfsight.com\/fr\/pricing-table-plugin\/wix\/","og_locale":"fr_FR","og_type":"article","og_title":"Tableau de prix - ajoutez app Prix showcase sur Wix","og_description":"Int\u00e9grez un Tableau de prix avantageux sur votre site. Utilisez la d\u00e9mo d'Elfsight et g\u00e9n\u00e9rez votre plugin en quelques minutes.","og_url":"https:\/\/elfsight.com\/fr\/pricing-table-plugin\/wix\/","og_site_name":"Elfsight FR","article_modified_time":"2025-12-25T12:53:57+00:00","twitter_card":"summary_large_image","twitter_misc":{"Dur\u00e9e de lecture estim\u00e9e":"4 minutes"},"schema":{"@context":"https:\/\/schema.org","@graph":[{"@type":"WebPage","@id":"https:\/\/elfsight.com\/fr\/pricing-table-plugin\/wix\/","url":"https:\/\/elfsight.com\/fr\/pricing-table-plugin\/wix\/","name":"Tableau de prix - ajoutez app Prix showcase sur Wix","isPartOf":{"@id":"https:\/\/elfsight.com\/fr\/#website"},"datePublished":"2021-12-03T09:32:49+00:00","dateModified":"2025-12-25T12:53:57+00:00","description":"Int\u00e9grez un Tableau de prix avantageux sur votre site. Utilisez la d\u00e9mo d'Elfsight et g\u00e9n\u00e9rez votre plugin en quelques minutes.","breadcrumb":{"@id":"https:\/\/elfsight.com\/fr\/pricing-table-plugin\/wix\/#breadcrumb"},"inLanguage":"fr-FR","potentialAction":[{"@type":"ReadAction","target":["https:\/\/elfsight.com\/fr\/pricing-table-plugin\/wix\/"]}]},{"@type":"BreadcrumbList","@id":"https:\/\/elfsight.com\/fr\/pricing-table-plugin\/wix\/#breadcrumb","itemListElement":[{"@type":"ListItem","position":1,"name":"Home","item":"https:\/\/elfsight.com\/fr\/"},{"@type":"ListItem","position":2,"name":"Pricing Table","item":"https:\/\/elfsight.com\/fr\/pricing-table-plugin\/"},{"@type":"ListItem","position":3,"name":"Pricing Table &#8211; Wix"}]},{"@type":"WebSite","@id":"https:\/\/elfsight.com\/fr\/#website","url":"https:\/\/elfsight.com\/fr\/","name":"Elfsight FR","description":"","potentialAction":[{"@type":"SearchAction","target":{"@type":"EntryPoint","urlTemplate":"https:\/\/elfsight.com\/fr\/?s={search_term_string}"},"query-input":{"@type":"PropertyValueSpecification","valueRequired":true,"valueName":"search_term_string"}}],"inLanguage":"fr-FR"}]}},"meta_box":{"industry":"","seo_heading":"","heading":"","description":"","cta_heading":"","cta_description":"","application":"1089","h1":"App Tableau de prix pour Wix","h1_caption":"Pr\u00e9sentez vos options de tarification de mani\u00e8re claire et attrayante, aidant ainsi les clients \u00e0 choisir sans effort le forfait adapt\u00e9 \u00e0 leurs besoins sur votre site Web Wix.","application_category":[],"applications_title":"","applications_request_title":"","applications_request_button_text":"","hero_text":"","hero_video":"","hero_video_schema_markup":"","selling_points_title":"","selling_points_caption":"","selling_points":[],"selling_points_cta_text":"","features_title":"","features":"","ed_cta_examples_text":"","ed_cta_examples_hidden":"","ed_cta_demo_text":"","ed_cta_demo_hidden":"","why_caption":"","why_editor_title":"","why_editor_text":"","why_team_title":"","why_team_text":"","why_service_title":"","why_service_text":"","template_catalog_visible":"0","template_catalog_title":"","template_catalog_text":"","template_catalog_categories_visible":"","demo_title":"Cr\u00e9ez votre application Tableau de tarification","demo_caption":"Configurez votre tableau de prix et ajoutez-le \u00e0 votre site Web Wix gratuitement !","default_faq_hidden":"","app_template_category":[],"platform":"345","template_public_id":"","codecanyon_url":"","codecanyon_item_id":"","codecanyon_price":"","pricing_caption":"","pricing_elfsight_apps_hide_column":"","pricing_elfsight_apps_url":"","pricing_codecanyon_price_caption":"","integration_category":[],"integration_request_title":"","integration_request_cta":"","integration_platform":"","integrations":[],"platform_category":[],"video_schema_markup":"","price":"\u00c0 partir de $0\/mois","trial":"","benefits":[{"text":"Installation gratuite"},{"text":"Support Premium"},{"text":"Garantie de remboursement de 14 jours"},{"text":"L'am\u00e9lioration continue"}],"button_url":"#demo","button_target_blank":"0","button_nofollow":"0","attributes":[{"name":"Nombre d'installations","content":"1,000 - 5,000","_state":"expanded"},{"name":"Adaptif","content":"Oui","_state":"expanded"},{"name":"Navigateurs compatibles","content":"Firefox, Safari, Opera, Chrome, Edge","_state":"expanded"}],"tags":[],"tags_disable_links":"0","hide_more_platforms":"0","video_object":"","demo_hide_cta":"0","demo_hide_cloud_options":"0","pricing_title":"","pricing":[{"pricing_icon":"platform","pricing_title":"Applications d'Elfsight","pricing_title_caption":"Solution num\u00e9rique multiplateforme qui fonctionne sur n'importe quel site","pricing_price":"\u00c0 partir de $0\/mois","pricing_price_caption":"Commencez avec un plan gratuit","pricing_benefits":[{"text":"Sites Web illimit\u00e9s"},{"text":"\u00c9quipe d'assistance professionnelle"},{"text":"Service d'installation gratuit"},{"text":"100% personnalisable"}],"pricing_button_text":"Ajouter au site Web","pricing_button_url":"https:\/\/apps.elfsight.com\/sign-up\/","pricing_button_nofollow":"1","_state":"expanded"}],"related_apps_title":"","related_apps_hidden":"1","author":"","image":[],"title":"","job":"","social_networks":[]},"_links":{"self":[{"href":"https:\/\/elfsight.com\/fr\/wp-json\/wp\/v2\/pages\/5291","targetHints":{"allow":["GET"]}}],"collection":[{"href":"https:\/\/elfsight.com\/fr\/wp-json\/wp\/v2\/pages"}],"about":[{"href":"https:\/\/elfsight.com\/fr\/wp-json\/wp\/v2\/types\/page"}],"author":[{"embeddable":true,"href":"https:\/\/elfsight.com\/fr\/wp-json\/wp\/v2\/users\/18"}],"replies":[{"embeddable":true,"href":"https:\/\/elfsight.com\/fr\/wp-json\/wp\/v2\/comments?post=5291"}],"version-history":[{"count":3,"href":"https:\/\/elfsight.com\/fr\/wp-json\/wp\/v2\/pages\/5291\/revisions"}],"predecessor-version":[{"id":16773,"href":"https:\/\/elfsight.com\/fr\/wp-json\/wp\/v2\/pages\/5291\/revisions\/16773"}],"up":[{"embeddable":true,"href":"https:\/\/elfsight.com\/fr\/wp-json\/wp\/v2\/pages\/1096"}],"wp:attachment":[{"href":"https:\/\/elfsight.com\/fr\/wp-json\/wp\/v2\/media?parent=5291"}],"curies":[{"name":"wp","href":"https:\/\/api.w.org\/{rel}","templated":true}]}}