{"id":5285,"date":"2021-12-03T09:32:58","date_gmt":"2021-12-03T09:32:58","guid":{"rendered":"https:\/\/elfsight.com\/fr\/?page_id=5285"},"modified":"2025-07-10T12:44:32","modified_gmt":"2025-07-10T12:44:32","slug":"webflow","status":"publish","type":"page","link":"https:\/\/elfsight.com\/fr\/pricing-table-plugin\/webflow\/","title":{"rendered":"Pricing Table &#8211; Webflow"},"content":{"rendered":"<div class=\"application-platform-content-item-description application-platform-content-item\" id=\"description\" data-nav-section=\"description\"><h2>Int\u00e9grer le tableau des prix sur Webflow avec le widget Elfsight<\/h2><p>La tarification joue l&rsquo;un des r\u00f4les principaux pour convaincre les clients d&rsquo;acheter votre produit ou service. Le widget de notre \u00e9quipe permet non seulement aux acheteurs du site Web de visualiser et de comparer rapidement les options de prix disponibles. Il contribue \u00e9galement \u00e0 augmenter la conversion en utilisant les derni\u00e8res tendances en mati\u00e8re de conception et de configuration des prix.<\/p><p><b>Augmentez les ventes de votre site gr\u00e2ce \u00e0 une tarification puissante.<\/b><\/p><ul><li><b>Amenez les clients \u00e0 acheter<\/b>.<br>D\u00e9montrez de la mani\u00e8re la plus simple et la plus efficace toutes les informations que vos clients potentiels recherchent et convainquez-les de prendre la bonne d\u00e9cision.<\/li><li><b>Personnalisation rapide et efficace<\/b>.<br>Avoir une grande vari\u00e9t\u00e9 d&rsquo;options permet de d\u00e9finir diff\u00e9rents types de tarification en quelques \u00e9tapes, vous aurez celle qui sera totalement efficace pour votre site Web.<\/li><li><b>Rendez vos offres attrayantes pour les clients<\/b>.<br>Choisissez diff\u00e9rentes couleurs, ins\u00e9rez des \u00e9l\u00e9ments, ajoutez des images, pour rendre vos prix divertissants pour les clients et influencer positivement le r\u00e9sultat d&rsquo;achat.<\/li><\/ul><\/div><div class=\"application-platform-content-item-features application-platform-content-item\" id=\"features\" data-nav-section=\"features\"><h2>Principales fonctionnalit\u00e9s du widget Tableau de tarification<\/h2><p>Les avantages qui font de notre widget le meilleur tableau de tarification pour les sites Web Webflow.<\/p><ul><li>2 types pr\u00e9d\u00e9finis de rayon de bordure et 4 types pr\u00e9d\u00e9finis de largeur de bordure\u00a0;<\/li><li>5\u00a0habillages pr\u00e9d\u00e9finis, pr\u00e9sentant diff\u00e9rents sch\u00e9mas de couleurs\u00a0;<\/li><li>Mettez n&rsquo;importe quelle colonne en avant\u00a0;<\/li> <li>Lier le bouton \u00e0 la page requise\u00a0;<\/li><li>Mise en page optimis\u00e9e pour les mobiles.<\/li><\/ul><p><a href=\"#demo\">Vous pouvez essayer tous les avantages en direct configurateur<\/a><\/p><\/div><div class=\"application-platform-content-item-installation application-platform-content-item\" id=\"installation\" data-nav-section=\"installation\"><h2>Comment ajouter un tableau de prix au site Web Webflow<\/h2><div class=\"video-container\"><iframe width=\"720\" height=\"405\" src=\"https:\/\/www.youtube.com\/embed\/a2UMiwjpLq8\" frameborder=\"0\" allowfullscreen=\"\"><\/iframe><\/div><p>Une instruction sur l&rsquo;int\u00e9gration Widget Elfsight vers un site Web. Pour le r\u00e9aliser, vous n\u2019avez pas besoin de connaissances en d\u00e9veloppement web et cela ne prendra pas beaucoup de temps. Juste quelques \u00e9tapes faciles et 1 minute.<\/p><ol><li><b>Cr\u00e9ez votre tableau de prix personnalis\u00e9<\/b>.<br>\u00c0 l&rsquo;aide de notre d\u00e9mo gratuite, cr\u00e9ez un plugin avec la mise en page et les options n\u00e9cessaires.<\/li><li><b>Acqu\u00e9rir le code pour ajouter le plugin<\/b>.<br>Apr\u00e8s le param\u00e9trage du widget, r\u00e9cup\u00e9rez le code du plugin de tarification dans la fen\u00eatre qui appara\u00eet sur les applications Elfsight.<\/li><li><b>Int\u00e9grez le plugin sur le site Web Webflow<\/b>.<br>Ins\u00e9rez le plugin \u00e0 l&rsquo;endroit n\u00e9cessaire du site Web et enregistrez les modifications.<\/li><li><b>Vous avez termin\u00e9\u00a0!<\/b><br>Entrez sur votre site Web pour voir vos tarifs.<\/li><\/ol><p>Vous avez des questions concernant la configuration du widget\u00a0? Consultez notre guide complet \u00ab\u00a0<a href=\"https:\/\/elfsight.com\/tutorials\/how-to-add-pricing-table-to-webflow\/\" target=\"_blank\" rel=\"noopener noreferrer\">Comment installer tableau de prix sur un Webflow<\/a>\u00bb ou adressez-vous \u00e0 notre service client, qui vous aidera \u00e0 r\u00e9soudre rapidement tout probl\u00e8me.<\/p><div class=\"faq\" data-component=\"FAQ\"> <div class=\"faq-item\">\r\n\t\t\t\t\t<div class=\"faq-item-question\">\r\n\t\t\t\t\t\t<h3 class=\"faq-item-question-text\">Comment puis-je ajouter un tableau de prix \u00e0 mon site Web Webflow sans comp\u00e9tences en codage ?<\/h3>\r\n\r\n\t\t\t\t\t\t<div class=\"faq-item-question-icon\"><\/div>\r\n\t\t\t\t\t<\/div>\r\n\r\n\t\t\t\t\t<div class=\"faq-item-answer\">\r\n\t\t\t\t\t\t<div class=\"faq-item-answer-text\"> <p>Elfsight fournit une solution SaaS qui vous permet de cr\u00e9er vous-m\u00eame un widget de tableau de tarification. Voyez \u00e0 quel point le processus est simple\u00a0: travaillez directement dans l&rsquo;\u00e9diteur en ligne pour cr\u00e9er un widget de tableau de tarification que vous aimeriez voir sur votre site Web Webflow. Choisissez l&rsquo;un des mod\u00e8les pr\u00e9d\u00e9finis et ajustez les param\u00e8tres du tableau de prix, ajoutez votre contenu, modifiez la mise en page et les couleurs sans aucune comp\u00e9tence en codage. Enregistrez le tableau des prix et copiez son code d&rsquo;installation, que vous pouvez ajouter \u00e0 votre site Web Webflow sans avoir besoin d&rsquo;acheter un forfait payant. Gr\u00e2ce \u00e0 notre \u00e9diteur intuitif, tout internaute peut cr\u00e9er un widget Tableau de tarification en ligne et l&rsquo;int\u00e9grer facilement \u00e0 son site Web Webflow. Il n&rsquo;est pas n\u00e9cessaire de payer ou de saisir les informations d&rsquo;identification de votre carte pour acc\u00e9der au service. Si vous rencontrez des probl\u00e8mes \u00e0 n&rsquo;importe quelle \u00e9tape, n&rsquo;h\u00e9sitez pas \u00e0 contacter notre \u00e9quipe d&rsquo;assistance technique.<\/p> <\/div>\r\n\t\t\t\t\t<\/div>\r\n\t\t\t\t<\/div> <\/div> <\/div>","protected":false},"excerpt":{"rendered":"","protected":false},"author":18,"featured_media":0,"parent":1096,"menu_order":0,"comment_status":"closed","ping_status":"closed","template":"templates\/template-application-platform.php","meta":{"publish_to_discourse":"","publish_post_category":"","wpdc_auto_publish_overridden":"","wpdc_topic_tags":"","wpdc_pin_topic":"","wpdc_pin_until":"","discourse_post_id":"","discourse_permalink":"","wpdc_publishing_response":"","wpdc_publishing_error":"","footnotes":""},"class_list":["post-5285","page","type-page","status-publish","hentry"],"yoast_head":"<!-- This site is optimized with the Yoast SEO plugin v25.3.1 - https:\/\/yoast.com\/wordpress\/plugins\/seo\/ -->\n<title>Tableau de prix - ajoutez widget Prix showcase sur Webflow<\/title>\n<meta name=\"description\" content=\"Int\u00e9grez un Tableau de prix attractif sur votre site. Utilisez la d\u00e9mo d&#039;Elfsight et g\u00e9n\u00e9rez votre widget en 2 minutes.\" \/>\n<meta name=\"robots\" content=\"index, follow, max-snippet:-1, max-image-preview:large, max-video-preview:-1\" \/>\n<link rel=\"canonical\" href=\"https:\/\/elfsight.com\/fr\/pricing-table-plugin\/webflow\/\" \/>\n<meta property=\"og:locale\" content=\"fr_FR\" \/>\n<meta property=\"og:type\" content=\"article\" \/>\n<meta property=\"og:title\" content=\"Tableau de prix - ajoutez widget Prix showcase sur Webflow\" \/>\n<meta property=\"og:description\" content=\"Int\u00e9grez un Tableau de prix attractif sur votre site. Utilisez la d\u00e9mo d&#039;Elfsight et g\u00e9n\u00e9rez votre widget en 2 minutes.\" \/>\n<meta property=\"og:url\" content=\"https:\/\/elfsight.com\/fr\/pricing-table-plugin\/webflow\/\" \/>\n<meta property=\"og:site_name\" content=\"Elfsight FR\" \/>\n<meta property=\"article:modified_time\" content=\"2025-07-10T12:44:32+00:00\" \/>\n<meta name=\"twitter:card\" content=\"summary_large_image\" \/>\n<meta name=\"twitter:label1\" content=\"Dur\u00e9e de lecture estim\u00e9e\" \/>\n\t<meta name=\"twitter:data1\" content=\"1 minute\" \/>\n<!-- \/ Yoast SEO plugin. -->","yoast_head_json":{"title":"Tableau de prix - ajoutez widget Prix showcase sur Webflow","description":"Int\u00e9grez un Tableau de prix attractif sur votre site. Utilisez la d\u00e9mo d'Elfsight et g\u00e9n\u00e9rez votre widget en 2 minutes.","robots":{"index":"index","follow":"follow","max-snippet":"max-snippet:-1","max-image-preview":"max-image-preview:large","max-video-preview":"max-video-preview:-1"},"canonical":"https:\/\/elfsight.com\/fr\/pricing-table-plugin\/webflow\/","og_locale":"fr_FR","og_type":"article","og_title":"Tableau de prix - ajoutez widget Prix showcase sur Webflow","og_description":"Int\u00e9grez un Tableau de prix attractif sur votre site. Utilisez la d\u00e9mo d'Elfsight et g\u00e9n\u00e9rez votre widget en 2 minutes.","og_url":"https:\/\/elfsight.com\/fr\/pricing-table-plugin\/webflow\/","og_site_name":"Elfsight FR","article_modified_time":"2025-07-10T12:44:32+00:00","twitter_card":"summary_large_image","twitter_misc":{"Dur\u00e9e de lecture estim\u00e9e":"1 minute"},"schema":{"@context":"https:\/\/schema.org","@graph":[{"@type":"WebPage","@id":"https:\/\/elfsight.com\/fr\/pricing-table-plugin\/webflow\/","url":"https:\/\/elfsight.com\/fr\/pricing-table-plugin\/webflow\/","name":"Tableau de prix - ajoutez widget Prix showcase sur Webflow","isPartOf":{"@id":"https:\/\/elfsight.com\/fr\/#website"},"datePublished":"2021-12-03T09:32:58+00:00","dateModified":"2025-07-10T12:44:32+00:00","description":"Int\u00e9grez un Tableau de prix attractif sur votre site. Utilisez la d\u00e9mo d'Elfsight et g\u00e9n\u00e9rez votre widget en 2 minutes.","breadcrumb":{"@id":"https:\/\/elfsight.com\/fr\/pricing-table-plugin\/webflow\/#breadcrumb"},"inLanguage":"fr-FR","potentialAction":[{"@type":"ReadAction","target":["https:\/\/elfsight.com\/fr\/pricing-table-plugin\/webflow\/"]}]},{"@type":"BreadcrumbList","@id":"https:\/\/elfsight.com\/fr\/pricing-table-plugin\/webflow\/#breadcrumb","itemListElement":[{"@type":"ListItem","position":1,"name":"Home","item":"https:\/\/elfsight.com\/fr\/"},{"@type":"ListItem","position":2,"name":"Pricing Table","item":"https:\/\/elfsight.com\/fr\/pricing-table-plugin\/"},{"@type":"ListItem","position":3,"name":"Pricing Table &#8211; Webflow"}]},{"@type":"WebSite","@id":"https:\/\/elfsight.com\/fr\/#website","url":"https:\/\/elfsight.com\/fr\/","name":"Elfsight FR","description":"","potentialAction":[{"@type":"SearchAction","target":{"@type":"EntryPoint","urlTemplate":"https:\/\/elfsight.com\/fr\/?s={search_term_string}"},"query-input":{"@type":"PropertyValueSpecification","valueRequired":true,"valueName":"search_term_string"}}],"inLanguage":"fr-FR"}]}},"meta_box":{"industry":"","seo_heading":"","heading":"","description":"","cta_heading":"","cta_description":"","application":"1089","h1":"Widget Tableau de prix pour Webflow","h1_caption":"Pr\u00e9sentez vos options de tarification de mani\u00e8re claire et attrayante, en aidant les clients \u00e0 choisir sans effort le plan adapt\u00e9 \u00e0 leurs besoins sur votre site Web Webflow.","application_category":[],"applications_title":"","applications_request_title":"","applications_request_button_text":"","hero_text":"","hero_video":"","hero_video_schema_markup":"","selling_points_title":"","selling_points_caption":"","selling_points":[],"selling_points_cta_text":"","features_title":"","features":"","ed_cta_examples_text":"","ed_cta_examples_hidden":"","ed_cta_demo_text":"","ed_cta_demo_hidden":"","why_caption":"","why_editor_title":"","why_editor_text":"","why_team_title":"","why_team_text":"","why_service_title":"","why_service_text":"","template_catalog_visible":"","template_catalog_title":"","template_catalog_text":"","template_catalog_categories_visible":"","demo_title":"Cr\u00e9ez votre widget Tableau de tarification","demo_caption":"Configurez votre tableau de prix et ajoutez-le \u00e0 votre site Web Webflow gratuitement\u00a0!","default_faq_hidden":"","app_template_category":[],"platform":"362","template_public_id":"","codecanyon_url":"","codecanyon_item_id":"","codecanyon_price":"","pricing_caption":"","pricing_elfsight_apps_hide_column":"","pricing_elfsight_apps_url":"","pricing_codecanyon_price_caption":"","integration_category":[],"integration_request_title":"","integration_request_cta":"","integration_platform":"","integrations":[],"platform_category":[],"video_schema_markup":"","price":"\u00c0 partir de $0\/mois","trial":"","benefits":[{"text":"Installation gratuite"},{"text":"Support Premium"},{"text":"Garantie de remboursement de 14 jours"},{"text":"L'am\u00e9lioration continue"}],"button_url":"#demo","button_target_blank":"0","button_nofollow":"0","attributes":[{"name":"Nombre d'installations","content":"1,000 - 5,000","_state":"expanded"},{"name":"Adaptif","content":"Oui","_state":"expanded"},{"name":"Navigateurs compatibles","content":"Firefox, Safari, Opera, Chrome, Edge","_state":"expanded"}],"tags":[],"tags_disable_links":"0","hide_more_platforms":"","video_object":"","demo_hide_cta":"0","demo_hide_cloud_options":"0","pricing_title":"","pricing":[{"pricing_icon":"platform","pricing_title":"Applications d'Elfsight","pricing_title_caption":"Solution num\u00e9rique multiplateforme qui fonctionne sur n'importe quel site","pricing_price":"\u00c0 partir de $0\/mois","pricing_price_caption":"Commencez avec un plan gratuit","pricing_benefits":[{"text":"Sites Web illimit\u00e9s"},{"text":"\u00c9quipe d'assistance professionnelle"},{"text":"Service d'installation gratuit"},{"text":"100% personnalisable"}],"pricing_button_text":"Ajouter au site Web","pricing_button_url":"https:\/\/apps.elfsight.com\/sign-up\/","pricing_button_nofollow":"1","_state":"expanded"}],"related_apps_title":"","related_apps_hidden":"1","author":"","image":[],"title":"","job":"","social_networks":[]},"_links":{"self":[{"href":"https:\/\/elfsight.com\/fr\/wp-json\/wp\/v2\/pages\/5285","targetHints":{"allow":["GET"]}}],"collection":[{"href":"https:\/\/elfsight.com\/fr\/wp-json\/wp\/v2\/pages"}],"about":[{"href":"https:\/\/elfsight.com\/fr\/wp-json\/wp\/v2\/types\/page"}],"author":[{"embeddable":true,"href":"https:\/\/elfsight.com\/fr\/wp-json\/wp\/v2\/users\/18"}],"replies":[{"embeddable":true,"href":"https:\/\/elfsight.com\/fr\/wp-json\/wp\/v2\/comments?post=5285"}],"version-history":[{"count":2,"href":"https:\/\/elfsight.com\/fr\/wp-json\/wp\/v2\/pages\/5285\/revisions"}],"predecessor-version":[{"id":14674,"href":"https:\/\/elfsight.com\/fr\/wp-json\/wp\/v2\/pages\/5285\/revisions\/14674"}],"up":[{"embeddable":true,"href":"https:\/\/elfsight.com\/fr\/wp-json\/wp\/v2\/pages\/1096"}],"wp:attachment":[{"href":"https:\/\/elfsight.com\/fr\/wp-json\/wp\/v2\/media?parent=5285"}],"curies":[{"name":"wp","href":"https:\/\/api.w.org\/{rel}","templated":true}]}}