{"id":5283,"date":"2021-12-03T09:33:01","date_gmt":"2021-12-03T09:33:01","guid":{"rendered":"https:\/\/elfsight.com\/fr\/?page_id=5283"},"modified":"2024-12-23T10:50:32","modified_gmt":"2024-12-23T10:50:32","slug":"squarespace","status":"publish","type":"page","link":"https:\/\/elfsight.com\/fr\/pricing-table-plugin\/squarespace\/","title":{"rendered":"Pricing Table &#8211; Squarespace"},"content":{"rendered":"\n<div class=\"application-platform-content-item-description application-platform-content-item\" id=\"description\" data-nav-section=\"description\">\n  <h2>Int\u00e9grer un tableau de tarification sur Squarespace avec le widget Elfsight<\/h2>\n  <p>La tarification est devenue l&rsquo;un des facteurs cl\u00e9s pour convaincre les utilisateurs de cr\u00e9er un achat. Le widget Elfsight donne non seulement aux acheteurs du site Web la possibilit\u00e9 d&rsquo;apprendre et de comparer rapidement les offres de prix. Il contribue \u00e9galement \u00e0 am\u00e9liorer la conversion gr\u00e2ce \u00e0 l&rsquo;utilisation des derni\u00e8res astuces en mati\u00e8re d&rsquo;interface et de mod\u00e9lisation.<\/p>\n  <p><b>Amenez les ventes de votre site Web \u00e0 un niveau sup\u00e9rieur, \u00e0 l&rsquo;aide d&rsquo;une tarification efficace.<\/b><\/p>\n  <ul>\n    <li><b>Ayez plus de clients<\/b>.<br>Exploitez les tendances les plus avanc\u00e9es de l&rsquo;interface, pour exclure toute id\u00e9e fausse que vos clients pourraient avoir lors de la prise de d\u00e9cision d&rsquo;achat et obtenir la conversion maximale.<\/li>\n    <li><b>Personnalisation du widget en seulement 1 minute<\/b>.<br>Ne passez que quelques minutes \u00e0 cr\u00e9er le widget id\u00e9al. Choisissez les configurations de conception et d&rsquo;informations n\u00e9cessaires pour les afficher en quelques clics seulement.<\/li>\n    <li><b>\u00c9crivez tous les d\u00e9tails sur vos plans tarifaires<\/b>.<br>Dites plus de d\u00e9tails sur vos conditions tarifaires et ajoutez vos forfaits \u00e0 un widget personnalis\u00e9, afin que les clients puissent voir et comparer les tarifs possibles.<\/li>\n  <\/ul>\n<\/div>\n\n<div class=\"application-platform-content-item-features application-platform-content-item\" id=\"features\" data-nav-section=\"features\">\n  <h2>Principales fonctionnalit\u00e9s du widget Tableau de tarification<\/h2>\n  <p>Les caract\u00e9ristiques qui transforment notre widget en le meilleur tableau de prix pour les sites Web Squarespace.<\/p>\n  <ul>\n    <li>2 types pr\u00e9d\u00e9finis de rayon de bordure et 4 types pr\u00e9d\u00e9finis de largeur de bordure ;<\/li>\n    <li>Liste de fonctionnalit\u00e9s r\u00e9glables, compl\u00e8te avec des ic\u00f4nes de fonctionnalit\u00e9s, des astuces et un nombre illimit\u00e9 de fonctionnalit\u00e9s ;<\/li>\n    <li>3 styles de fonctionnalit\u00e9s pr\u00e9d\u00e9finis ;<\/li>\n    <li>Lier le bouton \u00e0 la page requise ;<\/li>\n    <li>Mise en page optimis\u00e9e pour les mobiles.<\/li>\n  <\/ul>\n  <p><a href=\"#demo\">Vous pouvez \u00e9tudier tous les avantages avec l&rsquo;aide du configurateur en direct<\/a><\/p>\n<\/div>\n\n<div class=\"application-platform-content-item-installation application-platform-content-item\" id=\"installation\" data-nav-section=\"installation\">\n  <h2>Comment ajouter un tableau de prix au site Web Squarespace<\/h2>\n  <div class=\"video-container\">\n    <iframe width=\"720\" height=\"405\" src=\"https:\/\/www.youtube.com\/embed\/Z4wm8dOO78k\" frameborder=\"0\" allowfullscreen=\"\"><\/iframe>\n  <\/div>\n  <p>Un manuel d&rsquo;installation de notre widget. Pour le r\u00e9aliser, vous n\u2019aurez pas besoin de connaissances en programmation ni de beaucoup de temps. Seulement 4 \u00e9tapes faciles et 3 minutes.<\/p>\n  <ol>\n    <li><b>Cr\u00e9ez votre tableau de prix unique<\/b>.<br>Avec notre d\u00e9mo gratuite, fa\u00e7onnez un plugin avec l&rsquo;apparence et les fonctions n\u00e9cessaires.<\/li>\n    <li><b>Acqu\u00e9rir le code pour afficher le plugin<\/b>.<br>Apr\u00e8s le r\u00e9glage du widget, obtenez le code du plugin Pricing \u00e0 partir de la notification contextuelle sur les applications Elfsight.<\/li>\n    <li><b>Placez le plugin sur le site Web SquareSpace<\/b>.<br>Placez le plugin \u00e0 l&rsquo;endroit requis de la page et publiez les modifications.<\/li>\n    <li><b>Vous avez r\u00e9ussi l&rsquo;installation<\/b>.<br>Visitez votre site Web pour v\u00e9rifier vos tarifs.<\/li>\n  <\/ol>\n  <p>Vous avez des questions lors de la cr\u00e9ation de votre widget ? Consultez nos instructions compl\u00e8tes \u00ab<a href=\"https:\/\/elfsight.com\/tutorials\/how-to-add-pricing-table-to-squarespace\/\" target=\"_blank\" rel=\"noopener noreferrer\">Comment int\u00e9grer un tableau de prix dans un Squarespace<\/a>\u00bb ou contactez notre \u00e9quipe d&rsquo;assistance, nous serons heureux de vous aider en cas de probl\u00e8me !<\/p>\n<\/div>\n\n<div class=\"faq\" data-component=\"FAQ\">\n  <div class=\"faq-item\">\r\n\t\t\t\t\t<div class=\"faq-item-question\">\r\n\t\t\t\t\t\t<h3 class=\"faq-item-question-text\">Comment puis-je ajouter un tableau de prix \u00e0 mon site Web Squarespace sans comp\u00e9tences en codage ?<\/h3>\r\n\r\n\t\t\t\t\t\t<div class=\"faq-item-question-icon\"><\/div>\r\n\t\t\t\t\t<\/div>\r\n\r\n\t\t\t\t\t<div class=\"faq-item-answer\">\r\n\t\t\t\t\t\t<div class=\"faq-item-answer-text\">\n    <p>Elfsight fournit une solution SaaS qui vous permet de cr\u00e9er vous-m\u00eame un widget de tableau de tarification. Voyez \u00e0 quel point le processus est simple : travaillez directement dans l&rsquo;\u00e9diteur en ligne pour cr\u00e9er un widget de tableau de tarification que vous aimeriez voir sur votre site Squarespace. Choisissez l&rsquo;un des mod\u00e8les pr\u00e9d\u00e9finis et ajustez les param\u00e8tres du tableau de prix, ajoutez votre contenu, modifiez la mise en page et les couleurs sans aucune comp\u00e9tence en codage. Enregistrez le tableau de tarification et copiez son code d&rsquo;installation, que vous pouvez facilement int\u00e9grer \u00e0 votre site Web Squarespace sans avoir besoin d&rsquo;acheter un forfait payant. Gr\u00e2ce \u00e0 notre \u00e9diteur intuitif, tout internaute peut cr\u00e9er un widget Tableau de tarification en ligne et l&rsquo;int\u00e9grer facilement \u00e0 son site Web Squarespace. Il n&rsquo;est pas n\u00e9cessaire de payer ou de saisir les informations d&rsquo;identification de votre carte pour acc\u00e9der au service. Si vous rencontrez des probl\u00e8mes \u00e0 n&rsquo;importe quelle \u00e9tape, n&rsquo;h\u00e9sitez pas \u00e0 contacter notre \u00e9quipe d&rsquo;assistance technique.<\/p>\n  <\/div>\r\n\t\t\t\t\t<\/div>\r\n\t\t\t\t<\/div>\n<\/div>\n\n","protected":false},"excerpt":{"rendered":"","protected":false},"author":18,"featured_media":0,"parent":1096,"menu_order":0,"comment_status":"closed","ping_status":"closed","template":"templates\/template-application-platform.php","meta":{"publish_to_discourse":"","publish_post_category":"","wpdc_auto_publish_overridden":"","wpdc_topic_tags":"","wpdc_pin_topic":"","wpdc_pin_until":"","discourse_post_id":"","discourse_permalink":"","wpdc_publishing_response":"","wpdc_publishing_error":"","footnotes":""},"class_list":["post-5283","page","type-page","status-publish","hentry"],"yoast_head":"<!-- This site is optimized with the Yoast SEO plugin v25.3.1 - https:\/\/yoast.com\/wordpress\/plugins\/seo\/ -->\n<title>Tableau de prix - ajoutez plugin Prix showcase sur Squarespace<\/title>\n<meta name=\"description\" content=\"Int\u00e9grez un Tableau de prix avantageux sur votre site. Appliquez la d\u00e9mo d&#039;Elfsight et g\u00e9n\u00e9rez votre widget en quelques minutes.\" \/>\n<meta name=\"robots\" content=\"index, follow, max-snippet:-1, max-image-preview:large, max-video-preview:-1\" \/>\n<link rel=\"canonical\" href=\"https:\/\/elfsight.com\/fr\/pricing-table-plugin\/squarespace\/\" \/>\n<meta property=\"og:locale\" content=\"fr_FR\" \/>\n<meta property=\"og:type\" content=\"article\" \/>\n<meta property=\"og:title\" content=\"Tableau de prix - ajoutez plugin Prix showcase sur Squarespace\" \/>\n<meta property=\"og:description\" content=\"Int\u00e9grez un Tableau de prix avantageux sur votre site. Appliquez la d\u00e9mo d&#039;Elfsight et g\u00e9n\u00e9rez votre widget en quelques minutes.\" \/>\n<meta property=\"og:url\" content=\"https:\/\/elfsight.com\/fr\/pricing-table-plugin\/squarespace\/\" \/>\n<meta property=\"og:site_name\" content=\"Elfsight FR\" \/>\n<meta property=\"article:modified_time\" content=\"2024-12-23T10:50:32+00:00\" \/>\n<meta name=\"twitter:card\" content=\"summary_large_image\" \/>\n<meta name=\"twitter:label1\" content=\"Dur\u00e9e de lecture estim\u00e9e\" \/>\n\t<meta name=\"twitter:data1\" content=\"4 minutes\" \/>\n<!-- \/ Yoast SEO plugin. -->","yoast_head_json":{"title":"Tableau de prix - ajoutez plugin Prix showcase sur Squarespace","description":"Int\u00e9grez un Tableau de prix avantageux sur votre site. Appliquez la d\u00e9mo d'Elfsight et g\u00e9n\u00e9rez votre widget en quelques minutes.","robots":{"index":"index","follow":"follow","max-snippet":"max-snippet:-1","max-image-preview":"max-image-preview:large","max-video-preview":"max-video-preview:-1"},"canonical":"https:\/\/elfsight.com\/fr\/pricing-table-plugin\/squarespace\/","og_locale":"fr_FR","og_type":"article","og_title":"Tableau de prix - ajoutez plugin Prix showcase sur Squarespace","og_description":"Int\u00e9grez un Tableau de prix avantageux sur votre site. Appliquez la d\u00e9mo d'Elfsight et g\u00e9n\u00e9rez votre widget en quelques minutes.","og_url":"https:\/\/elfsight.com\/fr\/pricing-table-plugin\/squarespace\/","og_site_name":"Elfsight FR","article_modified_time":"2024-12-23T10:50:32+00:00","twitter_card":"summary_large_image","twitter_misc":{"Dur\u00e9e de lecture estim\u00e9e":"4 minutes"},"schema":{"@context":"https:\/\/schema.org","@graph":[{"@type":"WebPage","@id":"https:\/\/elfsight.com\/fr\/pricing-table-plugin\/squarespace\/","url":"https:\/\/elfsight.com\/fr\/pricing-table-plugin\/squarespace\/","name":"Tableau de prix - ajoutez plugin Prix showcase sur Squarespace","isPartOf":{"@id":"https:\/\/elfsight.com\/fr\/#website"},"datePublished":"2021-12-03T09:33:01+00:00","dateModified":"2024-12-23T10:50:32+00:00","description":"Int\u00e9grez un Tableau de prix avantageux sur votre site. Appliquez la d\u00e9mo d'Elfsight et g\u00e9n\u00e9rez votre widget en quelques minutes.","breadcrumb":{"@id":"https:\/\/elfsight.com\/fr\/pricing-table-plugin\/squarespace\/#breadcrumb"},"inLanguage":"fr-FR","potentialAction":[{"@type":"ReadAction","target":["https:\/\/elfsight.com\/fr\/pricing-table-plugin\/squarespace\/"]}]},{"@type":"BreadcrumbList","@id":"https:\/\/elfsight.com\/fr\/pricing-table-plugin\/squarespace\/#breadcrumb","itemListElement":[{"@type":"ListItem","position":1,"name":"Home","item":"https:\/\/elfsight.com\/fr\/"},{"@type":"ListItem","position":2,"name":"Pricing Table","item":"https:\/\/elfsight.com\/fr\/pricing-table-plugin\/"},{"@type":"ListItem","position":3,"name":"Pricing Table &#8211; Squarespace"}]},{"@type":"WebSite","@id":"https:\/\/elfsight.com\/fr\/#website","url":"https:\/\/elfsight.com\/fr\/","name":"Elfsight FR","description":"","potentialAction":[{"@type":"SearchAction","target":{"@type":"EntryPoint","urlTemplate":"https:\/\/elfsight.com\/fr\/?s={search_term_string}"},"query-input":{"@type":"PropertyValueSpecification","valueRequired":true,"valueName":"search_term_string"}}],"inLanguage":"fr-FR"}]}},"meta_box":{"industry":"","seo_heading":"","heading":"","description":"","cta_heading":"","cta_description":"","application":"1089","h1":"Plugin Tableau de prix pour Squarespace","h1_caption":"Pr\u00e9sentez vos options de tarification de mani\u00e8re claire et attrayante, aidant ainsi les clients \u00e0 choisir sans effort le forfait adapt\u00e9 \u00e0 leurs besoins sur votre site Web Squarespace.","application_category":[],"applications_title":"","applications_request_title":"","applications_request_button_text":"","hero_text":"","hero_video":"","hero_video_schema_markup":"","selling_points_title":"","selling_points_caption":"","selling_points":[],"selling_points_cta_text":"","features_title":"","features":"","ed_cta_examples_text":"","ed_cta_examples_hidden":"","ed_cta_demo_text":"","ed_cta_demo_hidden":"","why_caption":"","why_editor_title":"","why_editor_text":"","why_team_title":"","why_team_text":"","why_service_title":"","why_service_text":"","template_catalog_visible":"0","template_catalog_title":"","template_catalog_text":"","template_catalog_categories_visible":"","demo_title":"Cr\u00e9ez votre plugin Pricing Table","demo_caption":"Configurez votre tableau de prix et ajoutez-le gratuitement \u00e0 votre site Web Squarespace\u00a0!","default_faq_hidden":"","app_template_category":[],"platform":"361","template_public_id":"","codecanyon_url":"","codecanyon_item_id":"","codecanyon_price":"","pricing_caption":"","pricing_elfsight_apps_hide_column":"","pricing_elfsight_apps_url":"","pricing_codecanyon_price_caption":"","integration_category":[],"integration_request_title":"","integration_request_cta":"","integration_platform":"","integrations":[],"platform_category":[],"video_schema_markup":"","price":"\u00c0 partir de $0\/mois","trial":"","benefits":[{"text":"Installation gratuite"},{"text":"Support Premium"},{"text":"Garantie de remboursement de 14 jours"},{"text":"L'am\u00e9lioration continue"}],"button_url":"#demo","button_target_blank":"0","button_nofollow":"0","attributes":[{"name":"Nombre d'installations","content":"1,000 - 5,000","_state":"expanded"},{"name":"Adaptif","content":"Oui","_state":"expanded"},{"name":"Navigateurs compatibles","content":"Firefox, Safari, Opera, Chrome, Edge","_state":"expanded"}],"tags":[],"tags_disable_links":"0","hide_more_platforms":"","video_object":"","demo_hide_cta":"0","demo_hide_cloud_options":"0","pricing_title":"","pricing":[{"pricing_icon":"platform","pricing_title":"Applications d'Elfsight","pricing_title_caption":"Solution num\u00e9rique multiplateforme qui fonctionne sur n'importe quel site","pricing_price":"\u00c0 partir de $0\/mois","pricing_price_caption":"Commencez avec un plan gratuit","pricing_benefits":[{"text":"Sites Web illimit\u00e9s"},{"text":"\u00c9quipe d'assistance professionnelle"},{"text":"Service d'installation gratuit"},{"text":"100% personnalisable"}],"pricing_button_text":"Ajouter au site Web","pricing_button_url":"https:\/\/apps.elfsight.com\/sign-up\/","pricing_button_nofollow":"1","_state":"expanded"}],"related_apps_title":"","related_apps_hidden":"1","author":"","image":[],"title":"","job":"","social_networks":[]},"_links":{"self":[{"href":"https:\/\/elfsight.com\/fr\/wp-json\/wp\/v2\/pages\/5283","targetHints":{"allow":["GET"]}}],"collection":[{"href":"https:\/\/elfsight.com\/fr\/wp-json\/wp\/v2\/pages"}],"about":[{"href":"https:\/\/elfsight.com\/fr\/wp-json\/wp\/v2\/types\/page"}],"author":[{"embeddable":true,"href":"https:\/\/elfsight.com\/fr\/wp-json\/wp\/v2\/users\/18"}],"replies":[{"embeddable":true,"href":"https:\/\/elfsight.com\/fr\/wp-json\/wp\/v2\/comments?post=5283"}],"version-history":[{"count":3,"href":"https:\/\/elfsight.com\/fr\/wp-json\/wp\/v2\/pages\/5283\/revisions"}],"predecessor-version":[{"id":16013,"href":"https:\/\/elfsight.com\/fr\/wp-json\/wp\/v2\/pages\/5283\/revisions\/16013"}],"up":[{"embeddable":true,"href":"https:\/\/elfsight.com\/fr\/wp-json\/wp\/v2\/pages\/1096"}],"wp:attachment":[{"href":"https:\/\/elfsight.com\/fr\/wp-json\/wp\/v2\/media?parent=5283"}],"curies":[{"name":"wp","href":"https:\/\/api.w.org\/{rel}","templated":true}]}}