{"id":5277,"date":"2021-12-03T09:33:09","date_gmt":"2021-12-03T09:33:09","guid":{"rendered":"https:\/\/elfsight.com\/fr\/?page_id=5277"},"modified":"2025-07-10T12:43:56","modified_gmt":"2025-07-10T12:43:56","slug":"opencart","status":"publish","type":"page","link":"https:\/\/elfsight.com\/fr\/pricing-table-plugin\/opencart\/","title":{"rendered":"Pricing Table &#8211; OpenCart"},"content":{"rendered":"<div class=\"application-platform-content-item-description application-platform-content-item\" id=\"description\" data-nav-section=\"description\"><h2>Description<\/h2><p>La tarification joue l&rsquo;un des r\u00f4les essentiels dans la motivation des clients \u00e0 acheter. Le module de notre \u00e9quipe permet non seulement aux utilisateurs de la page de se familiariser rapidement avec vos options de prix. Il contribue \u00e9galement \u00e0 augmenter la conversion gr\u00e2ce aux derni\u00e8res techniques de conception et de mod\u00e8les.<\/p><p><b>Amenez les ventes de votre site Web \u00e0 un niveau diff\u00e9rent, en utilisant une tarification efficace.<\/b><\/p><ul><li><b>Aidez les utilisateurs \u00e0 finaliser un achat<\/b>.<br>Dans un format clair, pr\u00e9sentez les donn\u00e9es recherch\u00e9es par vos clients potentiels et convainquez-les de faire le bon choix.<\/li><li><b>Cr\u00e9er un module en seulement 90 secondes<\/b>.<br>Ne passez que quelques minutes pour g\u00e9n\u00e9rer un module id\u00e9al. Personnalisez les param\u00e8tres de l&rsquo;interface et ajoutez des informations d\u00e9taill\u00e9es pour les afficher en quelques secondes.<\/li><li><b>Rendez vos tarifs int\u00e9ressants pour les clients<\/b>.<br>Obtenez le meilleur de l&rsquo;assortiment de couleurs, affichez diff\u00e9rents composants, affichez des images, pour rendre votre tarification divertissante pour les visiteurs et stimuler l&rsquo;achat.<\/li><\/ul><\/div><div class=\"application-platform-content-item-features application-platform-content-item\" id=\"features\" data-nav-section=\"features\"><h2>Fonctionnalit\u00e9s<\/h2><p>Les avantages qui transforment notre module en le meilleur tableau de prix pour les sites Web OpenCart.<\/p><ul><li>2 types pr\u00e9d\u00e9finis de rayon de bordure et 4 types pr\u00e9d\u00e9finis de largeur de bordure\u00a0;<\/li><li>Liste de fonctionnalit\u00e9s r\u00e9glables, compl\u00e8te avec ic\u00f4nes de fonctionnalit\u00e9s, astuces et nombre illimit\u00e9 de fonctionnalit\u00e9s\u00a0;<\/li><li>Les \u00e9l\u00e9ments de couleur de chaque colonne peuvent \u00eatre personnalis\u00e9s individuellement\u00a0;<\/li><li>Lier le bouton \u00e0 la page requise\u00a0;<\/li><li>Police personnalisable taille et poids.<\/li><\/ul><p><a href=\"#demo\">Vous pouvez tester tous les avantages dans le configurateur en direct<\/a><\/p><\/div><div class=\"application-platform-content-item- installation application-platform-content-item\" id=\" installation\" data-nav-section=\" installation\"><h2>Comment ajouter le module Pricing Table au site Web OpenCart<\/h2><p>Suivez simplement les instructions ci-dessous pour int\u00e9grer l&rsquo;outil sur OpenCart.<\/p> <ol><li><b>Ouvrez notre gratuit \u00e9diteur et commencez \u00e0 cr\u00e9er votre extension sur mesure. <\/b><br> Choisissez l&rsquo;interface et les caract\u00e9ristiques appropri\u00e9es du widget et enregistrez les corrections. <\/li> <li><b>Copiez le code personnel expos\u00e9 dans le formulaire sp\u00e9cial sur Elfsight Apps. <\/b><br> Une fois l&rsquo;\u00e9tablissement de votre tableau de prix personnel termin\u00e9, copiez le code personnel dans la fen\u00eatre qui appara\u00eet et enregistrez-le pour un besoin ult\u00e9rieur. <\/li> <li><b>Commencez l&rsquo;utilisation de l&rsquo;extension sur le site Web OpenCart. <\/b><br> Int\u00e9grez le code que vous avez copi\u00e9 auparavant dans votre page et enregistrez les modifications. <\/li> <li><b>L&rsquo;installation est enti\u00e8rement termin\u00e9e. <\/b><br> Acc\u00e9dez \u00e0 votre site pour examiner les performances de l&rsquo;extension. <\/li><\/ol> <p>ne prendra pas beaucoup de temps. Effectuez simplement plusieurs \u00e9tapes rapides qui ne n\u00e9cessiteront pas plus de 3 minutes.<br>Vous rencontrez des probl\u00e8mes avec la g\u00e9n\u00e9ration du module\u00a0? Consultez nos instructions compl\u00e8tes \u00ab\u00a0<a href=\"https:\/\/elfsight.com\/tutorials\/how-to-add-pricing-table-to-opencart\/\" target=\"_blank\" rel=\"noopener noreferrer\">Comment int\u00e9grer tableau de prix dans un OpenCart<\/a>\u00bb ou contactez notre \u00e9quipe d&rsquo;assistance, qui vous aidera pour toute question.<\/p><div class=\"faq\" data-component=\"FAQ\"> <div class=\"faq-item\">\r\n\t\t\t\t\t<div class=\"faq-item-question\">\r\n\t\t\t\t\t\t<h3 class=\"faq-item-question-text\">Comment puis-je ajouter un tableau de prix \u00e0 mon site Web OpenCart sans comp\u00e9tences en codage ? <\/h3>\r\n\r\n\t\t\t\t\t\t<div class=\"faq-item-question-icon\"><\/div>\r\n\t\t\t\t\t<\/div>\r\n\r\n\t\t\t\t\t<div class=\"faq-item-answer\">\r\n\t\t\t\t\t\t<div class=\"faq-item-answer-text\"> <p>Elfsight fournit une solution SaaS qui vous permet de cr\u00e9er vous-m\u00eame un widget de tableau de tarification. Voyez \u00e0 quel point le processus est simple\u00a0: travaillez directement dans l&rsquo;\u00e9diteur en ligne pour cr\u00e9er un widget de tableau de tarification que vous aimeriez voir sur votre site Web OpenCart. Choisissez l&rsquo;un des mod\u00e8les pr\u00e9d\u00e9finis et ajustez les param\u00e8tres du tableau de prix, ajoutez votre contenu, modifiez la mise en page et les couleurs sans aucune comp\u00e9tence en codage. Enregistrez le tableau de prix et copiez son code d&rsquo;installation, afin de pouvoir l&rsquo;ajouter sans effort \u00e0 votre site Web OpenCart sans acheter de version payante. Avec notre \u00e9diteur intuitif, tout internaute peut cr\u00e9er un widget Tableau de tarification en ligne et l&rsquo;int\u00e9grer facilement \u00e0 son site Web OpenCart. Il n&rsquo;est pas n\u00e9cessaire de payer ou de saisir les informations d&rsquo;identification de votre carte pour acc\u00e9der au service. Si vous rencontrez des probl\u00e8mes \u00e0 n&rsquo;importe quelle \u00e9tape, n&rsquo;h\u00e9sitez pas \u00e0 contacter notre \u00e9quipe d&rsquo;assistance technique.<\/p> <\/div>\r\n\t\t\t\t\t<\/div>\r\n\t\t\t\t<\/div> <\/div> <\/div>","protected":false},"excerpt":{"rendered":"","protected":false},"author":18,"featured_media":0,"parent":1096,"menu_order":0,"comment_status":"closed","ping_status":"closed","template":"templates\/template-application-platform.php","meta":{"publish_to_discourse":"","publish_post_category":"","wpdc_auto_publish_overridden":"","wpdc_topic_tags":"","wpdc_pin_topic":"","wpdc_pin_until":"","discourse_post_id":"","discourse_permalink":"","wpdc_publishing_response":"","wpdc_publishing_error":"","footnotes":""},"class_list":["post-5277","page","type-page","status-publish","hentry"],"yoast_head":"<!-- This site is optimized with the Yoast SEO plugin v25.3.1 - https:\/\/yoast.com\/wordpress\/plugins\/seo\/ -->\n<title>Tableau de prix - ajoutez plugin Prix showcase sur OpenCart<\/title>\n<meta name=\"description\" content=\"Int\u00e9grez un Tableau de prix avantageux sur votre site. Utilisez la d\u00e9mo d&#039;Elfsight et g\u00e9n\u00e9rez votre module en 2 minutes.\" \/>\n<meta name=\"robots\" content=\"index, follow, max-snippet:-1, max-image-preview:large, max-video-preview:-1\" \/>\n<link rel=\"canonical\" href=\"https:\/\/elfsight.com\/fr\/pricing-table-plugin\/opencart\/\" \/>\n<meta property=\"og:locale\" content=\"fr_FR\" \/>\n<meta property=\"og:type\" content=\"article\" \/>\n<meta property=\"og:title\" content=\"Tableau de prix - ajoutez plugin Prix showcase sur OpenCart\" \/>\n<meta property=\"og:description\" content=\"Int\u00e9grez un Tableau de prix avantageux sur votre site. Utilisez la d\u00e9mo d&#039;Elfsight et g\u00e9n\u00e9rez votre module en 2 minutes.\" \/>\n<meta property=\"og:url\" content=\"https:\/\/elfsight.com\/fr\/pricing-table-plugin\/opencart\/\" \/>\n<meta property=\"og:site_name\" content=\"Elfsight FR\" \/>\n<meta property=\"article:modified_time\" content=\"2025-07-10T12:43:56+00:00\" \/>\n<meta name=\"twitter:card\" content=\"summary_large_image\" \/>\n<meta name=\"twitter:label1\" content=\"Dur\u00e9e de lecture estim\u00e9e\" \/>\n\t<meta name=\"twitter:data1\" content=\"1 minute\" \/>\n<!-- \/ Yoast SEO plugin. -->","yoast_head_json":{"title":"Tableau de prix - ajoutez plugin Prix showcase sur OpenCart","description":"Int\u00e9grez un Tableau de prix avantageux sur votre site. Utilisez la d\u00e9mo d'Elfsight et g\u00e9n\u00e9rez votre module en 2 minutes.","robots":{"index":"index","follow":"follow","max-snippet":"max-snippet:-1","max-image-preview":"max-image-preview:large","max-video-preview":"max-video-preview:-1"},"canonical":"https:\/\/elfsight.com\/fr\/pricing-table-plugin\/opencart\/","og_locale":"fr_FR","og_type":"article","og_title":"Tableau de prix - ajoutez plugin Prix showcase sur OpenCart","og_description":"Int\u00e9grez un Tableau de prix avantageux sur votre site. Utilisez la d\u00e9mo d'Elfsight et g\u00e9n\u00e9rez votre module en 2 minutes.","og_url":"https:\/\/elfsight.com\/fr\/pricing-table-plugin\/opencart\/","og_site_name":"Elfsight FR","article_modified_time":"2025-07-10T12:43:56+00:00","twitter_card":"summary_large_image","twitter_misc":{"Dur\u00e9e de lecture estim\u00e9e":"1 minute"},"schema":{"@context":"https:\/\/schema.org","@graph":[{"@type":"WebPage","@id":"https:\/\/elfsight.com\/fr\/pricing-table-plugin\/opencart\/","url":"https:\/\/elfsight.com\/fr\/pricing-table-plugin\/opencart\/","name":"Tableau de prix - ajoutez plugin Prix showcase sur OpenCart","isPartOf":{"@id":"https:\/\/elfsight.com\/fr\/#website"},"datePublished":"2021-12-03T09:33:09+00:00","dateModified":"2025-07-10T12:43:56+00:00","description":"Int\u00e9grez un Tableau de prix avantageux sur votre site. Utilisez la d\u00e9mo d'Elfsight et g\u00e9n\u00e9rez votre module en 2 minutes.","breadcrumb":{"@id":"https:\/\/elfsight.com\/fr\/pricing-table-plugin\/opencart\/#breadcrumb"},"inLanguage":"fr-FR","potentialAction":[{"@type":"ReadAction","target":["https:\/\/elfsight.com\/fr\/pricing-table-plugin\/opencart\/"]}]},{"@type":"BreadcrumbList","@id":"https:\/\/elfsight.com\/fr\/pricing-table-plugin\/opencart\/#breadcrumb","itemListElement":[{"@type":"ListItem","position":1,"name":"Home","item":"https:\/\/elfsight.com\/fr\/"},{"@type":"ListItem","position":2,"name":"Pricing Table","item":"https:\/\/elfsight.com\/fr\/pricing-table-plugin\/"},{"@type":"ListItem","position":3,"name":"Pricing Table &#8211; OpenCart"}]},{"@type":"WebSite","@id":"https:\/\/elfsight.com\/fr\/#website","url":"https:\/\/elfsight.com\/fr\/","name":"Elfsight FR","description":"","potentialAction":[{"@type":"SearchAction","target":{"@type":"EntryPoint","urlTemplate":"https:\/\/elfsight.com\/fr\/?s={search_term_string}"},"query-input":{"@type":"PropertyValueSpecification","valueRequired":true,"valueName":"search_term_string"}}],"inLanguage":"fr-FR"}]}},"meta_box":{"industry":"","seo_heading":"","heading":"","description":"","cta_heading":"","cta_description":"","application":"1089","h1":"Plugin Tableau de prix pour OpenCart","h1_caption":"Pr\u00e9sentez vos options de tarification de mani\u00e8re claire et attrayante, en aidant les clients \u00e0 choisir sans effort le plan adapt\u00e9 \u00e0 leurs besoins sur votre site Web Opencart.","application_category":[],"applications_title":"","applications_request_title":"","applications_request_button_text":"","hero_text":"","hero_video":"","hero_video_schema_markup":"","selling_points_title":"","selling_points_caption":"","selling_points":[],"selling_points_cta_text":"","features_title":"","features":"","ed_cta_examples_text":"","ed_cta_examples_hidden":"","ed_cta_demo_text":"","ed_cta_demo_hidden":"","why_caption":"","why_editor_title":"","why_editor_text":"","why_team_title":"","why_team_text":"","why_service_title":"","why_service_text":"","template_catalog_visible":"","template_catalog_title":"","template_catalog_text":"","template_catalog_categories_visible":"","demo_title":"Cr\u00e9ez votre extension de tableau de prix","demo_caption":"Configurez votre tableau de prix et ajoutez-le gratuitement \u00e0 votre site Web OpenCart\u00a0!","default_faq_hidden":"","app_template_category":[],"platform":"359","template_public_id":"","codecanyon_url":"","codecanyon_item_id":"","codecanyon_price":"","pricing_caption":"","pricing_elfsight_apps_hide_column":"","pricing_elfsight_apps_url":"","pricing_codecanyon_price_caption":"","integration_category":[],"integration_request_title":"","integration_request_cta":"","integration_platform":"","integrations":[],"platform_category":[],"video_schema_markup":"","price":"\u00c0 partir de $0\/mois","trial":"","benefits":[{"text":"Installation gratuite"},{"text":"Support Premium"},{"text":"Garantie de remboursement de 14 jours"},{"text":"L'am\u00e9lioration continue"}],"button_url":"#demo","button_target_blank":"0","button_nofollow":"0","attributes":[{"name":"Nombre d'installations","content":"1,000 - 5,000","_state":"expanded"},{"name":"Adaptif","content":"Oui","_state":"expanded"},{"name":"Navigateurs compatibles","content":"Firefox, Safari, Opera, Chrome, Edge","_state":"expanded"}],"tags":[],"tags_disable_links":"0","hide_more_platforms":"","video_object":"","demo_hide_cta":"0","demo_hide_cloud_options":"0","pricing_title":"","pricing":[{"pricing_icon":"platform","pricing_title":"Applications d'Elfsight","pricing_title_caption":"Solution num\u00e9rique multiplateforme qui fonctionne sur n'importe quel site","pricing_price":"\u00c0 partir de $0\/mois","pricing_price_caption":"Commencez avec un plan gratuit","pricing_benefits":[{"text":"Sites Web illimit\u00e9s"},{"text":"\u00c9quipe d'assistance professionnelle"},{"text":"Service d'installation gratuit"},{"text":"100% personnalisable"}],"pricing_button_text":"Ajouter au site Web","pricing_button_url":"https:\/\/apps.elfsight.com\/sign-up\/","pricing_button_nofollow":"1","_state":"expanded"}],"related_apps_title":"","related_apps_hidden":"1","author":"","image":[],"title":"","job":"","social_networks":[]},"_links":{"self":[{"href":"https:\/\/elfsight.com\/fr\/wp-json\/wp\/v2\/pages\/5277","targetHints":{"allow":["GET"]}}],"collection":[{"href":"https:\/\/elfsight.com\/fr\/wp-json\/wp\/v2\/pages"}],"about":[{"href":"https:\/\/elfsight.com\/fr\/wp-json\/wp\/v2\/types\/page"}],"author":[{"embeddable":true,"href":"https:\/\/elfsight.com\/fr\/wp-json\/wp\/v2\/users\/18"}],"replies":[{"embeddable":true,"href":"https:\/\/elfsight.com\/fr\/wp-json\/wp\/v2\/comments?post=5277"}],"version-history":[{"count":2,"href":"https:\/\/elfsight.com\/fr\/wp-json\/wp\/v2\/pages\/5277\/revisions"}],"predecessor-version":[{"id":14678,"href":"https:\/\/elfsight.com\/fr\/wp-json\/wp\/v2\/pages\/5277\/revisions\/14678"}],"up":[{"embeddable":true,"href":"https:\/\/elfsight.com\/fr\/wp-json\/wp\/v2\/pages\/1096"}],"wp:attachment":[{"href":"https:\/\/elfsight.com\/fr\/wp-json\/wp\/v2\/media?parent=5277"}],"curies":[{"name":"wp","href":"https:\/\/api.w.org\/{rel}","templated":true}]}}