{"id":5269,"date":"2021-12-03T09:33:21","date_gmt":"2021-12-03T09:33:21","guid":{"rendered":"https:\/\/elfsight.com\/fr\/?page_id=5269"},"modified":"2024-12-23T11:03:56","modified_gmt":"2024-12-23T11:03:56","slug":"jquery","status":"publish","type":"page","link":"https:\/\/elfsight.com\/fr\/pricing-table-plugin\/jquery\/","title":{"rendered":"Pricing Table &#8211; jQuery"},"content":{"rendered":"\n<div class=\"application-platform-content-item-description application-platform-content-item\" id=\"description\" data-nav-section=\"description\"><h2>Description<\/h2><p>La tarification occupe l&rsquo;une des principales positions pour convaincre les utilisateurs de commander. Le plugin d&rsquo;Elfsight permet non seulement aux utilisateurs du site d&rsquo;examiner et de comparer rapidement vos plans tarifaires. Il contribue \u00e9galement \u00e0 stimuler la conversion en utilisant les derni\u00e8res tendances en mati\u00e8re d&rsquo;interface et de mod\u00e9lisation.<\/p><p><b>Augmentez les ventes de votre site \u00e0 un nouveau niveau gr\u00e2ce \u00e0 une tarification avanc\u00e9e.<\/b><\/p> <ul><li><b>Attirez plus de clients<\/b>.<br> Tirez le meilleur parti des tendances les plus efficaces du design, pour combattre toutes les peurs et les incr\u00e9dulit\u00e9s qui emp\u00eachent les gens d&rsquo;acheter et obtenir la meilleure conversion.<\/li><li><b>Incitez les visiteurs \u00e0 effectuer un achat<\/b>.<br> Affichez les donn\u00e9es dont vos futurs visiteurs ont besoin de la mani\u00e8re la plus simple et la plus efficace et montrez-leur quelle option est le bon choix.<\/li><li><b>Personnalisation instantan\u00e9e et efficace<\/b>.<br> Avec un grand nombre de param\u00e8tres permettant de cr\u00e9er diff\u00e9rents types de tarifications en quelques clics seulement, vous aurez celle qui sera la plus efficace pour vous.<\/li><\/ul><\/div><div class=\"application-platform-content-item-features application-platform-content-item\" id=\"features\" data-nav-section=\"features\"><h2>Fonctionnalit\u00e9s<\/h2><p>Les fonctionnalit\u00e9s qui garantissent \u00e0 notre plugin d&rsquo;\u00eatre le meilleur tableau de prix pour les sites Web jQuery.<\/p><ul><li>Un ensemble minimum de champs pour envoyer un commentaire\u00a0: nom, e-mail, t\u00e9l\u00e9phone et message\u00a0;<\/li><li>Sp\u00e9cifiez un espace r\u00e9serv\u00e9 pour n&rsquo;importe quel champ, par exemple pour d\u00e9montrer le format requis\u00a0;<\/li> <li>Mise en page en ligne avec ajustement automatique des champs \u00e0 la largeur du formulaire\u00a0;<\/li><li>5\u00a0styles de champs visuels inclus\u00a0: classique, plat, mat\u00e9riel, classique arrondi, plat arrondi\u00a0;<\/li><li>Placez n&rsquo;importe quel texte dont vous avez besoin avant le formulaire dans la l\u00e9gende.<\/li><\/ul><p><a href=\"#demo\">Vous pouvez tester tous les avantages en utilisant l&rsquo;\u00e9diteur en direct<\/a><\/p><\/div><div class=\"application-platform-content-item-installation application-platform-content-item\" id=\"installation\" data-nav-section=\"installation\"><h2>Comment ajouter un tableau de tarification au site Web jQuery<\/h2><p>Un tutoriel sur l&rsquo;int\u00e9gration du plugin Elfsight sur un site Web. Pour mener \u00e0 bien ce processus, vous n\u2019avez pas besoin de connaissances en d\u00e9veloppement Web ni de beaucoup de temps. Seulement 3\u00a0actions rapides et 3\u00a0minutes.<\/p><ol><li><b>Cr\u00e9ez votre tableau de prix sur mesure<\/b>.<br>\u00c0 l&rsquo;aide de notre d\u00e9mo gratuite, cr\u00e9ez un plugin avec la mise en page n\u00e9cessaire. et fonctions.<\/li><li><b>Copiez un code pour l&rsquo;int\u00e9gration du plugin<\/b>.<br>Apr\u00e8s la configuration du widget, recevez un code pour le plugin Contact Form dans la fen\u00eatre apparue sur les applications Elfsight.<\/li> <li><b>Affichez le plugin sur le site Web jQuery <\/b>.<br>Placez le plugin \u00e0 l&rsquo;endroit souhait\u00e9 du site Web et enregistrez les modifications.<\/li><li><b>Vous avez enti\u00e8rement effectu\u00e9 l&rsquo;installation <\/b>.<br>Acc\u00e9dez \u00e0 votre site pour v\u00e9rifier votre travail.<\/li><\/ol><p>Vous rencontrez des probl\u00e8mes avec la configuration du plugin\u00a0? Contactez notre centre d&rsquo;aide et recevez une aide professionnelle en cas de probl\u00e8me.<\/p><div class=\"faq\" data-component=\"FAQ\"> <div class=\"faq-item\">\r\n\t\t\t\t\t<div class=\"faq-item-question\">\r\n\t\t\t\t\t\t<h3 class=\"faq-item-question-text\">Comment ajouter un tableau de tarification \u00e0 mon site Web jQuery sans comp\u00e9tences en codage ?<\/h3>\r\n\r\n\t\t\t\t\t\t<div class=\"faq-item-question-icon\"><\/div>\r\n\t\t\t\t\t<\/div>\r\n\r\n\t\t\t\t\t<div class=\"faq-item-answer\">\r\n\t\t\t\t\t\t<div class=\"faq-item-answer-text\"> <p>Elfsight fournit un Solution SaaS qui vous permet de cr\u00e9er vous-m\u00eame un widget Tableau de tarification. Voyez \u00e0 quel point le processus est simple\u00a0: Travaillez directement dans l&rsquo;\u00e9diteur en ligne pour cr\u00e9er un widget Tableau de tarification que vous aimeriez voir sur votre site Web jQuery. Choisissez l&rsquo;un des mod\u00e8les pr\u00e9d\u00e9finis et ajustez les param\u00e8tres du tableau de prix, ajoutez votre contenu, modifiez la mise en page et les couleurs sans aucune comp\u00e9tence en codage. Enregistrez le tableau des prix et copiez son code d&rsquo;installation, que vous pouvez int\u00e9grer dans votre site Web jQuery sans acheter de forfait payant. Gr\u00e2ce \u00e0 notre \u00e9diteur intuitif, tout internaute peut cr\u00e9er un widget Tableau de tarification en ligne et l&rsquo;int\u00e9grer facilement \u00e0 son site Web jQuery. Il n&rsquo;est pas n\u00e9cessaire de payer ou de saisir les informations d&rsquo;identification de votre carte pour acc\u00e9der au service. Si vous rencontrez des probl\u00e8mes \u00e0 n&rsquo;importe quelle \u00e9tape, n&rsquo;h\u00e9sitez pas \u00e0 contacter notre \u00e9quipe d&rsquo;assistance technique.<\/p> <\/div>\r\n\t\t\t\t\t<\/div>\r\n\t\t\t\t<\/div> <\/div> <\/div>\n","protected":false},"excerpt":{"rendered":"","protected":false},"author":18,"featured_media":0,"parent":1096,"menu_order":0,"comment_status":"closed","ping_status":"closed","template":"templates\/template-application-platform.php","meta":{"publish_to_discourse":"","publish_post_category":"","wpdc_auto_publish_overridden":"","wpdc_topic_tags":"","wpdc_pin_topic":"","wpdc_pin_until":"","discourse_post_id":"","discourse_permalink":"","wpdc_publishing_response":"","wpdc_publishing_error":"","footnotes":""},"class_list":["post-5269","page","type-page","status-publish","hentry"],"yoast_head":"<!-- This site is optimized with the Yoast SEO plugin v25.3.1 - https:\/\/yoast.com\/wordpress\/plugins\/seo\/ -->\n<title>Tableau de prix - ajoutez widget Prix showcase sur jQuery<\/title>\n<meta name=\"description\" content=\"Int\u00e9grez un Tableau de prix avantageux sur votre site. Appliquez la d\u00e9mo d&#039;Elfsight et g\u00e9n\u00e9rez votre widget en deux minutes.\" \/>\n<meta name=\"robots\" content=\"index, follow, max-snippet:-1, max-image-preview:large, max-video-preview:-1\" \/>\n<link rel=\"canonical\" href=\"https:\/\/elfsight.com\/fr\/pricing-table-plugin\/jquery\/\" \/>\n<meta property=\"og:locale\" content=\"fr_FR\" \/>\n<meta property=\"og:type\" content=\"article\" \/>\n<meta property=\"og:title\" content=\"Tableau de prix - ajoutez widget Prix showcase sur jQuery\" \/>\n<meta property=\"og:description\" content=\"Int\u00e9grez un Tableau de prix avantageux sur votre site. Appliquez la d\u00e9mo d&#039;Elfsight et g\u00e9n\u00e9rez votre widget en deux minutes.\" \/>\n<meta property=\"og:url\" content=\"https:\/\/elfsight.com\/fr\/pricing-table-plugin\/jquery\/\" \/>\n<meta property=\"og:site_name\" content=\"Elfsight FR\" \/>\n<meta property=\"article:modified_time\" content=\"2024-12-23T11:03:56+00:00\" \/>\n<meta name=\"twitter:card\" content=\"summary_large_image\" \/>\n<meta name=\"twitter:label1\" content=\"Dur\u00e9e de lecture estim\u00e9e\" \/>\n\t<meta name=\"twitter:data1\" content=\"4 minutes\" \/>\n<!-- \/ Yoast SEO plugin. -->","yoast_head_json":{"title":"Tableau de prix - ajoutez widget Prix showcase sur jQuery","description":"Int\u00e9grez un Tableau de prix avantageux sur votre site. Appliquez la d\u00e9mo d'Elfsight et g\u00e9n\u00e9rez votre widget en deux minutes.","robots":{"index":"index","follow":"follow","max-snippet":"max-snippet:-1","max-image-preview":"max-image-preview:large","max-video-preview":"max-video-preview:-1"},"canonical":"https:\/\/elfsight.com\/fr\/pricing-table-plugin\/jquery\/","og_locale":"fr_FR","og_type":"article","og_title":"Tableau de prix - ajoutez widget Prix showcase sur jQuery","og_description":"Int\u00e9grez un Tableau de prix avantageux sur votre site. Appliquez la d\u00e9mo d'Elfsight et g\u00e9n\u00e9rez votre widget en deux minutes.","og_url":"https:\/\/elfsight.com\/fr\/pricing-table-plugin\/jquery\/","og_site_name":"Elfsight FR","article_modified_time":"2024-12-23T11:03:56+00:00","twitter_card":"summary_large_image","twitter_misc":{"Dur\u00e9e de lecture estim\u00e9e":"4 minutes"},"schema":{"@context":"https:\/\/schema.org","@graph":[{"@type":"WebPage","@id":"https:\/\/elfsight.com\/fr\/pricing-table-plugin\/jquery\/","url":"https:\/\/elfsight.com\/fr\/pricing-table-plugin\/jquery\/","name":"Tableau de prix - ajoutez widget Prix showcase sur jQuery","isPartOf":{"@id":"https:\/\/elfsight.com\/fr\/#website"},"datePublished":"2021-12-03T09:33:21+00:00","dateModified":"2024-12-23T11:03:56+00:00","description":"Int\u00e9grez un Tableau de prix avantageux sur votre site. Appliquez la d\u00e9mo d'Elfsight et g\u00e9n\u00e9rez votre widget en deux minutes.","breadcrumb":{"@id":"https:\/\/elfsight.com\/fr\/pricing-table-plugin\/jquery\/#breadcrumb"},"inLanguage":"fr-FR","potentialAction":[{"@type":"ReadAction","target":["https:\/\/elfsight.com\/fr\/pricing-table-plugin\/jquery\/"]}]},{"@type":"BreadcrumbList","@id":"https:\/\/elfsight.com\/fr\/pricing-table-plugin\/jquery\/#breadcrumb","itemListElement":[{"@type":"ListItem","position":1,"name":"Home","item":"https:\/\/elfsight.com\/fr\/"},{"@type":"ListItem","position":2,"name":"Pricing Table","item":"https:\/\/elfsight.com\/fr\/pricing-table-plugin\/"},{"@type":"ListItem","position":3,"name":"Pricing Table &#8211; jQuery"}]},{"@type":"WebSite","@id":"https:\/\/elfsight.com\/fr\/#website","url":"https:\/\/elfsight.com\/fr\/","name":"Elfsight FR","description":"","potentialAction":[{"@type":"SearchAction","target":{"@type":"EntryPoint","urlTemplate":"https:\/\/elfsight.com\/fr\/?s={search_term_string}"},"query-input":{"@type":"PropertyValueSpecification","valueRequired":true,"valueName":"search_term_string"}}],"inLanguage":"fr-FR"}]}},"meta_box":{"industry":"","seo_heading":"","heading":"","description":"","cta_heading":"","cta_description":"","application":"1089","h1":"Widget Tableau de prix pour jQuery","h1_caption":"Pr\u00e9sentez vos options de tarification de mani\u00e8re claire et attrayante, en aidant les clients \u00e0 choisir sans effort le plan adapt\u00e9 \u00e0 leurs besoins sur votre site Web jQuery.","application_category":[],"applications_title":"","applications_request_title":"","applications_request_button_text":"","hero_text":"","hero_video":"","hero_video_schema_markup":"","selling_points_title":"","selling_points_caption":"","selling_points":[],"selling_points_cta_text":"","features_title":"","features":"","ed_cta_examples_text":"","ed_cta_examples_hidden":"","ed_cta_demo_text":"","ed_cta_demo_hidden":"","why_caption":"","why_editor_title":"","why_editor_text":"","why_team_title":"","why_team_text":"","why_service_title":"","why_service_text":"","template_catalog_visible":"0","template_catalog_title":"","template_catalog_text":"","template_catalog_categories_visible":"","demo_title":"Cr\u00e9ez votre plugin Pricing Table","demo_caption":"Configurez votre tableau de prix et ajoutez-le gratuitement \u00e0 votre site Web jQuery\u00a0!","default_faq_hidden":"","app_template_category":[],"platform":"355","template_public_id":"","codecanyon_url":"","codecanyon_item_id":"","codecanyon_price":"","pricing_caption":"","pricing_elfsight_apps_hide_column":"","pricing_elfsight_apps_url":"","pricing_codecanyon_price_caption":"","integration_category":[],"integration_request_title":"","integration_request_cta":"","integration_platform":"","integrations":[],"platform_category":[],"video_schema_markup":"","price":"\u00c0 partir de $0\/mois","trial":"","benefits":[{"text":"Installation gratuite"},{"text":"Support Premium"},{"text":"Garantie de remboursement de 14 jours"},{"text":"L'am\u00e9lioration continue"}],"button_url":"#demo","button_target_blank":"0","button_nofollow":"0","attributes":[{"name":"Nombre d'installations","content":"1,000 - 5,000","_state":"expanded"},{"name":"Adaptif","content":"Oui","_state":"expanded"},{"name":"Navigateurs compatibles","content":"Firefox, Safari, Opera, Chrome, Edge","_state":"expanded"}],"tags":[],"tags_disable_links":"0","hide_more_platforms":"","video_object":"","demo_hide_cta":"0","demo_hide_cloud_options":"0","pricing_title":"","pricing":[{"pricing_icon":"platform","pricing_title":"Applications d'Elfsight","pricing_title_caption":"Solution num\u00e9rique multiplateforme qui fonctionne sur n'importe quel site","pricing_price":"\u00c0 partir de $0\/mois","pricing_price_caption":"Commencez avec un plan gratuit","pricing_benefits":[{"text":"Sites Web illimit\u00e9s"},{"text":"\u00c9quipe d'assistance professionnelle"},{"text":"Service d'installation gratuit"},{"text":"100% personnalisable"}],"pricing_button_text":"Ajouter au site Web","pricing_button_url":"https:\/\/apps.elfsight.com\/sign-up\/","pricing_button_nofollow":"1","_state":"expanded"}],"related_apps_title":"","related_apps_hidden":"1","author":"","image":[],"title":"","job":"","social_networks":[]},"_links":{"self":[{"href":"https:\/\/elfsight.com\/fr\/wp-json\/wp\/v2\/pages\/5269","targetHints":{"allow":["GET"]}}],"collection":[{"href":"https:\/\/elfsight.com\/fr\/wp-json\/wp\/v2\/pages"}],"about":[{"href":"https:\/\/elfsight.com\/fr\/wp-json\/wp\/v2\/types\/page"}],"author":[{"embeddable":true,"href":"https:\/\/elfsight.com\/fr\/wp-json\/wp\/v2\/users\/18"}],"replies":[{"embeddable":true,"href":"https:\/\/elfsight.com\/fr\/wp-json\/wp\/v2\/comments?post=5269"}],"version-history":[{"count":3,"href":"https:\/\/elfsight.com\/fr\/wp-json\/wp\/v2\/pages\/5269\/revisions"}],"predecessor-version":[{"id":16014,"href":"https:\/\/elfsight.com\/fr\/wp-json\/wp\/v2\/pages\/5269\/revisions\/16014"}],"up":[{"embeddable":true,"href":"https:\/\/elfsight.com\/fr\/wp-json\/wp\/v2\/pages\/1096"}],"wp:attachment":[{"href":"https:\/\/elfsight.com\/fr\/wp-json\/wp\/v2\/media?parent=5269"}],"curies":[{"name":"wp","href":"https:\/\/api.w.org\/{rel}","templated":true}]}}