{"id":5267,"date":"2021-12-03T09:33:24","date_gmt":"2021-12-03T09:33:24","guid":{"rendered":"https:\/\/elfsight.com\/fr\/?page_id=5267"},"modified":"2025-07-10T12:43:33","modified_gmt":"2025-07-10T12:43:33","slug":"joomla","status":"publish","type":"page","link":"https:\/\/elfsight.com\/fr\/pricing-table-plugin\/joomla\/","title":{"rendered":"Pricing Table &#8211; Joomla"},"content":{"rendered":"<div class=\"application-platform-content-item-description application-platform-content-item\" id=\"description\" data-nav-section=\"description\"><h2>Description<\/h2><p>La tarification joue l&rsquo;un des r\u00f4les essentiels dans la motivation des clients \u00e0 acheter. Le module Elfsight aide non seulement les clients de la page \u00e0 \u00e9tudier et \u00e0 comprendre rapidement vos offres de prix. Il contribue \u00e9galement \u00e0 stimuler la conversion gr\u00e2ce aux derni\u00e8res tendances en mati\u00e8re d&rsquo;interface et de mod\u00e8les.<\/p><p><b>Augmentez les ventes de votre site \u00e0 l&rsquo;aide d&rsquo;une tarification efficace.<\/b><\/p><ul><li><b>Aidez les utilisateurs \u00e0 terminer leur parcours d&rsquo;achat avec une d\u00e9cision positive<\/b>.<br>Affichez toutes les donn\u00e9es que vos clients potentiels recherchent de mani\u00e8re simple et efficace, et aidez-les \u00e0 faire le bon choix.<\/li><li><b>Personnalisation rapide et efficace<\/b>.<br>Avec une riche vari\u00e9t\u00e9 d&rsquo;options permettant de g\u00e9n\u00e9rer tous les ensembles de prix possibles en seulement 3 clics, vous trouverez certainement celui qui sera tr\u00e8s efficace pour vous.<\/li><li><b>Donnez des informations compl\u00e8tes sur vos offres<\/b>.<br>Racontez toute l&rsquo;histoire de chacun de vos plans tarifaires et d\u00e9montrez-les dans votre module, afin que les clients puissent facilement rechercher et v\u00e9rifier vos conditions. <\/li><\/ul><\/div><div class=\"application-platform-content-item-features application-platform-content-item\" id=\"features\" data-nav-section=\"features\"><h2>Fonctionnalit\u00e9s<\/h2><p>Les fonctionnalit\u00e9s qui font de notre module le meilleur tableau de tarification pour les sites Web Joomla.<\/p> <ul><li>2 types pr\u00e9d\u00e9finis de rayon de bordure et 4 types pr\u00e9d\u00e9finis de largeur de bordure\u00a0;<\/li><li>Liste de fonctionnalit\u00e9s r\u00e9glables, compl\u00e8te avec des ic\u00f4nes de fonctionnalit\u00e9s, des astuces et un nombre illimit\u00e9 de fonctionnalit\u00e9s\u00a0;<\/li><li> 2 types d&rsquo;alignement de fonctionnalit\u00e9s pr\u00e9d\u00e9finis\u00a0;<\/li><li>Lier le bouton \u00e0 la page requise;<\/li><li>Mise en page optimis\u00e9e pour les mobiles.<\/li><\/ul><p><a href=\"#demo \">Vous pouvez \u00e9tudier tous les avantages de l&rsquo;\u00e9diteur en direct<\/a><\/p><\/div><div class=\"application-platform-content-item-installation application-platform-content-item\" id=\"installation\" data-nav-section=\"installation\"><h2>Comment ajouter un tableau de prix au site Web Joomla<\/h2><p>Simplement suivez les instructions ci-dessous pour ajouter l&rsquo;extension sur Joomla.<\/p> <ol><li><b>G\u00e9rez notre d\u00e9mo gratuite et commencez \u00e0 cr\u00e9er votre extension de tableau de tarification sur mesure. <\/b><br> Choisissez l&rsquo;apparence et les caract\u00e9ristiques fonctionnelles s\u00e9lectionn\u00e9es de l&rsquo;outil et appliquez les modifications. <\/li> <li><b>Obtenez votre code personnel apparaissant dans la fen\u00eatre sur Elfsight Apps. <\/b><br> Une fois la configuration de votre outil termin\u00e9e, copiez le code personnel dans la fen\u00eatre contextuelle qui appara\u00eet et conservez-le pour une occasion ult\u00e9rieure. <\/li> <li><b>Initiez l&rsquo;utilisation de l&rsquo;outil sur votre site Joomla. <\/b><br> Int\u00e9grez le code copi\u00e9 auparavant dans votre site Web et appliquez les ajustements. <\/li> <li><b>Fait\u00a0! L&rsquo;int\u00e9gration est termin\u00e9e avec succ\u00e8s. <\/b><br> Acc\u00e9dez \u00e0 votre site Web pour voir les performances du widget. <\/li><\/ol><p>Vous rencontrez des probl\u00e8mes lors de l&rsquo;ajout du module\u00a0? \u00c9tudiez notre tutoriel complet \u00ab<a href=\"https:\/\/elfsight.com\/tutorials\/how-to-add-pricing-table-to-joomla\/\" target=\"_blank\" rel=\"noopener noreferrer\">Comment int\u00e9grer tableau de prix dans Joomla<\/a>\u00bb ou adressez-vous \u00e0 notre service client, qui r\u00e9soudra avec plaisir toutes sortes de probl\u00e8mes.<\/p><div class=\"faq\" data-component=\"FAQ\"> <div class=\"faq-item\">\r\n\t\t\t\t\t<div class=\"faq-item-question\">\r\n\t\t\t\t\t\t<h3 class=\"faq-item-question-text\">Comment ajouter un tableau de prix sur mon site Joomla sans coder skills?<\/h3>\r\n\r\n\t\t\t\t\t\t<div class=\"faq-item-question-icon\"><\/div>\r\n\t\t\t\t\t<\/div>\r\n\r\n\t\t\t\t\t<div class=\"faq-item-answer\">\r\n\t\t\t\t\t\t<div class=\"faq-item-answer-text\"> <p>Elfsight fournit une solution SaaS qui vous permet de cr\u00e9er vous-m\u00eame un widget de tableau de prix. Voyez \u00e0 quel point le processus est simple\u00a0: travaillez directement dans l&rsquo;\u00e9diteur en ligne pour cr\u00e9er un widget de tableau de prix que vous aimeriez voir sur votre site Web Joomla. . Choisissez l&rsquo;un des mod\u00e8les pr\u00e9d\u00e9finis et ajustez les param\u00e8tres du tableau de prix, ajoutez votre contenu, modifiez la mise en page et les couleurs sans aucune comp\u00e9tence en codage. Enregistrez le tableau des prix et copiez son code d&rsquo;installation, que vous pouvez simplement inclure dans votre site Web Joomla sans avoir besoin d&rsquo;acheter une version payante. Gr\u00e2ce \u00e0 notre \u00e9diteur intuitif, tout internaute peut cr\u00e9er un widget Tableau de tarification en ligne et l&rsquo;int\u00e9grer facilement \u00e0 son site Web Joomla. Il n&rsquo;est pas n\u00e9cessaire de payer ou de saisir les informations d&rsquo;identification de votre carte pour acc\u00e9der au service. Si vous rencontrez des probl\u00e8mes \u00e0 n&rsquo;importe quelle \u00e9tape, n&rsquo;h\u00e9sitez pas \u00e0 contacter notre \u00e9quipe d&rsquo;assistance technique.<\/p> <\/div>\r\n\t\t\t\t\t<\/div>\r\n\t\t\t\t<\/div> <\/div> <\/div>","protected":false},"excerpt":{"rendered":"","protected":false},"author":18,"featured_media":0,"parent":1096,"menu_order":0,"comment_status":"closed","ping_status":"closed","template":"templates\/template-application-platform.php","meta":{"publish_to_discourse":"","publish_post_category":"","wpdc_auto_publish_overridden":"","wpdc_topic_tags":"","wpdc_pin_topic":"","wpdc_pin_until":"","discourse_post_id":"","discourse_permalink":"","wpdc_publishing_response":"","wpdc_publishing_error":"","footnotes":""},"class_list":["post-5267","page","type-page","status-publish","hentry"],"yoast_head":"<!-- This site is optimized with the Yoast SEO plugin v25.3.1 - https:\/\/yoast.com\/wordpress\/plugins\/seo\/ -->\n<title>Tableau de prix - ajoutez extension Prix showcase sur Joomla<\/title>\n<meta name=\"description\" content=\"Int\u00e9grez un Tableau de prix attractif sur votre site. Appliquez la d\u00e9mo d&#039;Elfsight et g\u00e9n\u00e9rez votre module en deux minutes.\" \/>\n<meta name=\"robots\" content=\"index, follow, max-snippet:-1, max-image-preview:large, max-video-preview:-1\" \/>\n<link rel=\"canonical\" href=\"https:\/\/elfsight.com\/fr\/pricing-table-plugin\/joomla\/\" \/>\n<meta property=\"og:locale\" content=\"fr_FR\" \/>\n<meta property=\"og:type\" content=\"article\" \/>\n<meta property=\"og:title\" content=\"Tableau de prix - ajoutez extension Prix showcase sur Joomla\" \/>\n<meta property=\"og:description\" content=\"Int\u00e9grez un Tableau de prix attractif sur votre site. Appliquez la d\u00e9mo d&#039;Elfsight et g\u00e9n\u00e9rez votre module en deux minutes.\" \/>\n<meta property=\"og:url\" content=\"https:\/\/elfsight.com\/fr\/pricing-table-plugin\/joomla\/\" \/>\n<meta property=\"og:site_name\" content=\"Elfsight FR\" \/>\n<meta property=\"article:modified_time\" content=\"2025-07-10T12:43:33+00:00\" \/>\n<meta name=\"twitter:card\" content=\"summary_large_image\" \/>\n<meta name=\"twitter:label1\" content=\"Dur\u00e9e de lecture estim\u00e9e\" \/>\n\t<meta name=\"twitter:data1\" content=\"1 minute\" \/>\n<!-- \/ Yoast SEO plugin. -->","yoast_head_json":{"title":"Tableau de prix - ajoutez extension Prix showcase sur Joomla","description":"Int\u00e9grez un Tableau de prix attractif sur votre site. Appliquez la d\u00e9mo d'Elfsight et g\u00e9n\u00e9rez votre module en deux minutes.","robots":{"index":"index","follow":"follow","max-snippet":"max-snippet:-1","max-image-preview":"max-image-preview:large","max-video-preview":"max-video-preview:-1"},"canonical":"https:\/\/elfsight.com\/fr\/pricing-table-plugin\/joomla\/","og_locale":"fr_FR","og_type":"article","og_title":"Tableau de prix - ajoutez extension Prix showcase sur Joomla","og_description":"Int\u00e9grez un Tableau de prix attractif sur votre site. Appliquez la d\u00e9mo d'Elfsight et g\u00e9n\u00e9rez votre module en deux minutes.","og_url":"https:\/\/elfsight.com\/fr\/pricing-table-plugin\/joomla\/","og_site_name":"Elfsight FR","article_modified_time":"2025-07-10T12:43:33+00:00","twitter_card":"summary_large_image","twitter_misc":{"Dur\u00e9e de lecture estim\u00e9e":"1 minute"},"schema":{"@context":"https:\/\/schema.org","@graph":[{"@type":"WebPage","@id":"https:\/\/elfsight.com\/fr\/pricing-table-plugin\/joomla\/","url":"https:\/\/elfsight.com\/fr\/pricing-table-plugin\/joomla\/","name":"Tableau de prix - ajoutez extension Prix showcase sur Joomla","isPartOf":{"@id":"https:\/\/elfsight.com\/fr\/#website"},"datePublished":"2021-12-03T09:33:24+00:00","dateModified":"2025-07-10T12:43:33+00:00","description":"Int\u00e9grez un Tableau de prix attractif sur votre site. Appliquez la d\u00e9mo d'Elfsight et g\u00e9n\u00e9rez votre module en deux minutes.","breadcrumb":{"@id":"https:\/\/elfsight.com\/fr\/pricing-table-plugin\/joomla\/#breadcrumb"},"inLanguage":"fr-FR","potentialAction":[{"@type":"ReadAction","target":["https:\/\/elfsight.com\/fr\/pricing-table-plugin\/joomla\/"]}]},{"@type":"BreadcrumbList","@id":"https:\/\/elfsight.com\/fr\/pricing-table-plugin\/joomla\/#breadcrumb","itemListElement":[{"@type":"ListItem","position":1,"name":"Home","item":"https:\/\/elfsight.com\/fr\/"},{"@type":"ListItem","position":2,"name":"Pricing Table","item":"https:\/\/elfsight.com\/fr\/pricing-table-plugin\/"},{"@type":"ListItem","position":3,"name":"Pricing Table &#8211; Joomla"}]},{"@type":"WebSite","@id":"https:\/\/elfsight.com\/fr\/#website","url":"https:\/\/elfsight.com\/fr\/","name":"Elfsight FR","description":"","potentialAction":[{"@type":"SearchAction","target":{"@type":"EntryPoint","urlTemplate":"https:\/\/elfsight.com\/fr\/?s={search_term_string}"},"query-input":{"@type":"PropertyValueSpecification","valueRequired":true,"valueName":"search_term_string"}}],"inLanguage":"fr-FR"}]}},"meta_box":{"industry":"","seo_heading":"","heading":"","description":"","cta_heading":"","cta_description":"","application":"1089","h1":"Extension Tableau de prix pour Joomla","h1_caption":"Pr\u00e9sentez vos options de tarification de mani\u00e8re claire et attrayante, aidant ainsi les clients \u00e0 choisir sans effort le plan adapt\u00e9 \u00e0 leurs besoins sur votre site Web Joomla.","application_category":[],"applications_title":"","applications_request_title":"","applications_request_button_text":"","hero_text":"","hero_video":"","hero_video_schema_markup":"","selling_points_title":"","selling_points_caption":"","selling_points":[],"selling_points_cta_text":"","features_title":"","features":"","ed_cta_examples_text":"","ed_cta_examples_hidden":"","ed_cta_demo_text":"","ed_cta_demo_hidden":"","why_caption":"","why_editor_title":"","why_editor_text":"","why_team_title":"","why_team_text":"","why_service_title":"","why_service_text":"","template_catalog_visible":"","template_catalog_title":"","template_catalog_text":"","template_catalog_categories_visible":"","demo_title":"Cr\u00e9ez votre plugin Pricing Table","demo_caption":"Configurez votre tableau de prix et ajoutez-le \u00e0 votre site Web Joomla gratuitement\u00a0!","default_faq_hidden":"","app_template_category":[],"platform":"354","template_public_id":"","codecanyon_url":"","codecanyon_item_id":"","codecanyon_price":"","pricing_caption":"","pricing_elfsight_apps_hide_column":"","pricing_elfsight_apps_url":"","pricing_codecanyon_price_caption":"","integration_category":[],"integration_request_title":"","integration_request_cta":"","integration_platform":"","integrations":[],"platform_category":[],"video_schema_markup":"","price":"\u00c0 partir de $0\/mois","trial":"","benefits":[{"text":"Installation gratuite"},{"text":"Support Premium"},{"text":"Garantie de remboursement de 14 jours"},{"text":"L'am\u00e9lioration continue"}],"button_url":"#demo","button_target_blank":"0","button_nofollow":"0","attributes":[{"name":"Nombre d'installations","content":"1,000 - 5,000","_state":"expanded"},{"name":"Adaptif","content":"Oui","_state":"expanded"},{"name":"Navigateurs compatibles","content":"Firefox, Safari, Opera, Chrome, Edge","_state":"expanded"}],"tags":[],"tags_disable_links":"0","hide_more_platforms":"","video_object":"","demo_hide_cta":"0","demo_hide_cloud_options":"0","pricing_title":"","pricing":[{"pricing_icon":"platform","pricing_title":"Applications d'Elfsight","pricing_title_caption":"Solution num\u00e9rique multiplateforme qui fonctionne sur n'importe quel site","pricing_price":"\u00c0 partir de $0\/mois","pricing_price_caption":"Commencez avec un plan gratuit","pricing_benefits":[{"text":"Sites Web illimit\u00e9s"},{"text":"\u00c9quipe d'assistance professionnelle"},{"text":"Service d'installation gratuit"},{"text":"100% personnalisable"}],"pricing_button_text":"Ajouter au site Web","pricing_button_url":"https:\/\/apps.elfsight.com\/sign-up\/","pricing_button_nofollow":"1","_state":"expanded"}],"related_apps_title":"","related_apps_hidden":"1","author":"","image":[],"title":"","job":"","social_networks":[]},"_links":{"self":[{"href":"https:\/\/elfsight.com\/fr\/wp-json\/wp\/v2\/pages\/5267","targetHints":{"allow":["GET"]}}],"collection":[{"href":"https:\/\/elfsight.com\/fr\/wp-json\/wp\/v2\/pages"}],"about":[{"href":"https:\/\/elfsight.com\/fr\/wp-json\/wp\/v2\/types\/page"}],"author":[{"embeddable":true,"href":"https:\/\/elfsight.com\/fr\/wp-json\/wp\/v2\/users\/18"}],"replies":[{"embeddable":true,"href":"https:\/\/elfsight.com\/fr\/wp-json\/wp\/v2\/comments?post=5267"}],"version-history":[{"count":2,"href":"https:\/\/elfsight.com\/fr\/wp-json\/wp\/v2\/pages\/5267\/revisions"}],"predecessor-version":[{"id":14683,"href":"https:\/\/elfsight.com\/fr\/wp-json\/wp\/v2\/pages\/5267\/revisions\/14683"}],"up":[{"embeddable":true,"href":"https:\/\/elfsight.com\/fr\/wp-json\/wp\/v2\/pages\/1096"}],"wp:attachment":[{"href":"https:\/\/elfsight.com\/fr\/wp-json\/wp\/v2\/media?parent=5267"}],"curies":[{"name":"wp","href":"https:\/\/api.w.org\/{rel}","templated":true}]}}