{"id":5265,"date":"2021-12-03T09:33:26","date_gmt":"2021-12-03T09:33:26","guid":{"rendered":"https:\/\/elfsight.com\/fr\/?page_id=5265"},"modified":"2025-07-10T12:43:27","modified_gmt":"2025-07-10T12:43:27","slug":"jimdo","status":"publish","type":"page","link":"https:\/\/elfsight.com\/fr\/pricing-table-plugin\/jimdo\/","title":{"rendered":"Pricing Table &#8211; Jimdo"},"content":{"rendered":"<div class=\"application-platform-content-item-description application-platform-content-item\" id=\"description\" data-nav-section=\"description\"><h2>Description<\/h2> <p>La tarification joue un r\u00f4le cl\u00e9 dans la motivation des clients \u00e0 effectuer un achat. Notre widget donne non seulement la possibilit\u00e9 aux clients du site Web de conna\u00eetre et de v\u00e9rifier vos offres de prix en un \u00e9clair. Il contribue \u00e9galement \u00e0 augmenter la conversion gr\u00e2ce \u00e0 l\u2019ajout des techniques les plus r\u00e9centes en mati\u00e8re de conception et de mod\u00e8les. <\/p><p><b>Ajoutez un tableau de prix pour atteindre vos objectifs de commerce \u00e9lectronique plus simplement\u00a0! <\/b><\/p> <\/div> <div class=\"application-platform-content-item-features application-platform-content-item\" id=\"features\" data-nav-section=\"features\"> <h2>Vous trouverez ci-dessous les fonctionnalit\u00e9s de base du widget\u00a0: <\/h2> <ul><li>6 \u00e9l\u00e9ments de colonne pr\u00e9d\u00e9finis qui peuvent \u00eatre personnalis\u00e9s et plac\u00e9 pour obtenir le look parfait<\/li><li>Mettez en valeur n&rsquo;importe quelle colonne<\/li><li>Les \u00e9l\u00e9ments de chaque colonne peuvent \u00eatre personnalis\u00e9s individuellement<\/li><li>Deux types pr\u00e9d\u00e9finis de rayon de bordure et 4 types de bordure pr\u00e9d\u00e9finis largeur<\/li><li>Liste de fonctionnalit\u00e9s r\u00e9glables compl\u00e8te avec des astuces, des ic\u00f4nes de fonctionnalit\u00e9s et un nombre illimit\u00e9 de fonctionnalit\u00e9s<\/li><li>Lier le bouton personnalis\u00e9 \u00e0 la page requise<\/li><\/ul><p><a href=\"#demo\">Vous pouvez explorer toutes les fonctionnalit\u00e9s du widget dans la d\u00e9mo ci-dessous<\/a><\/p> <\/div> <div class=\"application-platform-content-item-installation application-platform-content-item\" id=\"installation\" data-nav-section=\"installation\"> <h2>Comment int\u00e9grer le tableau de prix sur mon Jimdo site web? <\/h2> <p>Appliquez simplement les instructions ci-dessous pour int\u00e9grer l&rsquo;outil. <\/p> <ol><li><b>R\u00e9alisez notre d\u00e9mo gratuite et commencez \u00e0 cr\u00e9er votre instrument unique. <\/b><br> Sp\u00e9cifiez la forme et les param\u00e8tres pr\u00e9f\u00e9rables du widget et appliquez les corrections. <\/li> <li><b>Copiez votre code unique qui appara\u00eet dans le formulaire sp\u00e9cial sur les applications Elfsight. <\/b><br> D\u00e8s que la cr\u00e9ation de votre widget est termin\u00e9e, copiez le code personnel pr\u00e9sent dans la bo\u00eete et enregistrez-le pour des occasions ult\u00e9rieures. <\/li> <li><b>Commencez \u00e0 utiliser le widget sur le site Jimdo. <\/b><br> Ins\u00e9rez le code que vous avez enregistr\u00e9 auparavant dans votre page Web et appliquez les modifications. <\/li> <li><b>La configuration est enti\u00e8rement termin\u00e9e. <\/b><br> Acc\u00e9dez \u00e0 votre page pour voir le travail de l&rsquo;outil. <\/li><\/ol> <p>\u00c0 condition de r\u00e9pondre \u00e0 des demandes de renseignements ou de faire face \u00e0 des obstacles, n&rsquo;h\u00e9sitez pas \u00e0 contacter notre \u00e9quipe d&rsquo;assistance. Nos sp\u00e9cialistes se feront un plaisir de r\u00e9soudre toutes les difficult\u00e9s que vous pourriez rencontrer avec le produit. <\/p> <div class=\"faq\" data-component=\"FAQ\"> <div class=\"faq-item\">\r\n\t\t\t\t\t<div class=\"faq-item-question\">\r\n\t\t\t\t\t\t<h3 class=\"faq-item-question-text\">Comment ajouter un tableau de tarification \u00e0 mon site Jimdo sans comp\u00e9tences en codage ?<\/h3>\r\n\r\n\t\t\t\t\t\t<div class=\"faq-item-question-icon\"><\/div>\r\n\t\t\t\t\t<\/div>\r\n\r\n\t\t\t\t\t<div class=\"faq-item-answer\">\r\n\t\t\t\t\t\t<div class=\"faq-item-answer-text\"> <p>Elfsight fournit une solution SaaS qui vous permet de cr\u00e9er vous-m\u00eame un widget de tableau de tarification, voyez \u00e0 quel point il est facile Le processus est le suivant\u00a0: Travaillez directement dans l&rsquo;\u00e9diteur en ligne pour cr\u00e9er un widget Tableau de tarification que vous aimeriez voir sur votre site Jimdo. Choisissez l&rsquo;un des mod\u00e8les pr\u00e9d\u00e9finis et ajustez les param\u00e8tres du tableau de prix, ajoutez votre contenu, modifiez la mise en page et les couleurs sans aucune comp\u00e9tence en codage. Enregistrez le tableau des prix et copiez son code d&rsquo;installation, que vous pouvez facilement inclure dans votre site Web Jimdo sans acheter de forfait payant. Gr\u00e2ce \u00e0 notre \u00e9diteur intuitif, tout internaute peut cr\u00e9er un widget Tableau de tarification en ligne et l&rsquo;int\u00e9grer facilement \u00e0 son site Jimdo. Il n&rsquo;est pas n\u00e9cessaire de payer ou de saisir les informations d&rsquo;identification de votre carte pour acc\u00e9der au service. Si vous rencontrez des probl\u00e8mes \u00e0 n&rsquo;importe quelle \u00e9tape, n&rsquo;h\u00e9sitez pas \u00e0 contacter notre \u00e9quipe d&rsquo;assistance technique.<\/p> <\/div>\r\n\t\t\t\t\t<\/div>\r\n\t\t\t\t<\/div> <\/div> <\/div>","protected":false},"excerpt":{"rendered":"","protected":false},"author":18,"featured_media":0,"parent":1096,"menu_order":0,"comment_status":"closed","ping_status":"closed","template":"templates\/template-application-platform.php","meta":{"publish_to_discourse":"","publish_post_category":"","wpdc_auto_publish_overridden":"","wpdc_topic_tags":"","wpdc_pin_topic":"","wpdc_pin_until":"","discourse_post_id":"","discourse_permalink":"","wpdc_publishing_response":"","wpdc_publishing_error":"","footnotes":""},"class_list":["post-5265","page","type-page","status-publish","hentry"],"yoast_head":"<!-- This site is optimized with the Yoast SEO plugin v25.3.1 - https:\/\/yoast.com\/wordpress\/plugins\/seo\/ -->\n<title>Tableau de prix - ajoutez plugin Prix showcase sur Jimdo<\/title>\n<meta name=\"description\" content=\"Int\u00e9grez un Tableau de prix attractif sur votre site. Appliquez la d\u00e9mo d&#039;Elfsight et g\u00e9n\u00e9rez votre widget en quelques minutes.\" \/>\n<meta name=\"robots\" content=\"index, follow, max-snippet:-1, max-image-preview:large, max-video-preview:-1\" \/>\n<link rel=\"canonical\" href=\"https:\/\/elfsight.com\/fr\/pricing-table-plugin\/jimdo\/\" \/>\n<meta property=\"og:locale\" content=\"fr_FR\" \/>\n<meta property=\"og:type\" content=\"article\" \/>\n<meta property=\"og:title\" content=\"Tableau de prix - ajoutez plugin Prix showcase sur Jimdo\" \/>\n<meta property=\"og:description\" content=\"Int\u00e9grez un Tableau de prix attractif sur votre site. Appliquez la d\u00e9mo d&#039;Elfsight et g\u00e9n\u00e9rez votre widget en quelques minutes.\" \/>\n<meta property=\"og:url\" content=\"https:\/\/elfsight.com\/fr\/pricing-table-plugin\/jimdo\/\" \/>\n<meta property=\"og:site_name\" content=\"Elfsight FR\" \/>\n<meta property=\"article:modified_time\" content=\"2025-07-10T12:43:27+00:00\" \/>\n<meta name=\"twitter:card\" content=\"summary_large_image\" \/>\n<meta name=\"twitter:label1\" content=\"Dur\u00e9e de lecture estim\u00e9e\" \/>\n\t<meta name=\"twitter:data1\" content=\"1 minute\" \/>\n<!-- \/ Yoast SEO plugin. -->","yoast_head_json":{"title":"Tableau de prix - ajoutez plugin Prix showcase sur Jimdo","description":"Int\u00e9grez un Tableau de prix attractif sur votre site. Appliquez la d\u00e9mo d'Elfsight et g\u00e9n\u00e9rez votre widget en quelques minutes.","robots":{"index":"index","follow":"follow","max-snippet":"max-snippet:-1","max-image-preview":"max-image-preview:large","max-video-preview":"max-video-preview:-1"},"canonical":"https:\/\/elfsight.com\/fr\/pricing-table-plugin\/jimdo\/","og_locale":"fr_FR","og_type":"article","og_title":"Tableau de prix - ajoutez plugin Prix showcase sur Jimdo","og_description":"Int\u00e9grez un Tableau de prix attractif sur votre site. Appliquez la d\u00e9mo d'Elfsight et g\u00e9n\u00e9rez votre widget en quelques minutes.","og_url":"https:\/\/elfsight.com\/fr\/pricing-table-plugin\/jimdo\/","og_site_name":"Elfsight FR","article_modified_time":"2025-07-10T12:43:27+00:00","twitter_card":"summary_large_image","twitter_misc":{"Dur\u00e9e de lecture estim\u00e9e":"1 minute"},"schema":{"@context":"https:\/\/schema.org","@graph":[{"@type":"WebPage","@id":"https:\/\/elfsight.com\/fr\/pricing-table-plugin\/jimdo\/","url":"https:\/\/elfsight.com\/fr\/pricing-table-plugin\/jimdo\/","name":"Tableau de prix - ajoutez plugin Prix showcase sur Jimdo","isPartOf":{"@id":"https:\/\/elfsight.com\/fr\/#website"},"datePublished":"2021-12-03T09:33:26+00:00","dateModified":"2025-07-10T12:43:27+00:00","description":"Int\u00e9grez un Tableau de prix attractif sur votre site. Appliquez la d\u00e9mo d'Elfsight et g\u00e9n\u00e9rez votre widget en quelques minutes.","breadcrumb":{"@id":"https:\/\/elfsight.com\/fr\/pricing-table-plugin\/jimdo\/#breadcrumb"},"inLanguage":"fr-FR","potentialAction":[{"@type":"ReadAction","target":["https:\/\/elfsight.com\/fr\/pricing-table-plugin\/jimdo\/"]}]},{"@type":"BreadcrumbList","@id":"https:\/\/elfsight.com\/fr\/pricing-table-plugin\/jimdo\/#breadcrumb","itemListElement":[{"@type":"ListItem","position":1,"name":"Home","item":"https:\/\/elfsight.com\/fr\/"},{"@type":"ListItem","position":2,"name":"Pricing Table","item":"https:\/\/elfsight.com\/fr\/pricing-table-plugin\/"},{"@type":"ListItem","position":3,"name":"Pricing Table &#8211; Jimdo"}]},{"@type":"WebSite","@id":"https:\/\/elfsight.com\/fr\/#website","url":"https:\/\/elfsight.com\/fr\/","name":"Elfsight FR","description":"","potentialAction":[{"@type":"SearchAction","target":{"@type":"EntryPoint","urlTemplate":"https:\/\/elfsight.com\/fr\/?s={search_term_string}"},"query-input":{"@type":"PropertyValueSpecification","valueRequired":true,"valueName":"search_term_string"}}],"inLanguage":"fr-FR"}]}},"meta_box":{"industry":"","seo_heading":"","heading":"","description":"","cta_heading":"","cta_description":"","application":"1089","h1":"Plugin Tableau de prix pour Jimdo","h1_caption":"Pr\u00e9sentez vos options de tarification de mani\u00e8re claire et attrayante, aidant ainsi les clients \u00e0 choisir sans effort le forfait adapt\u00e9 \u00e0 leurs besoins sur votre site Web Jimdo.","application_category":[],"applications_title":"","applications_request_title":"","applications_request_button_text":"","hero_text":"","hero_video":"","hero_video_schema_markup":"","selling_points_title":"","selling_points_caption":"","selling_points":[],"selling_points_cta_text":"","features_title":"","features":"","ed_cta_examples_text":"","ed_cta_examples_hidden":"","ed_cta_demo_text":"","ed_cta_demo_hidden":"","why_caption":"","why_editor_title":"","why_editor_text":"","why_team_title":"","why_team_text":"","why_service_title":"","why_service_text":"","template_catalog_visible":"","template_catalog_title":"","template_catalog_text":"","template_catalog_categories_visible":"","demo_title":"Cr\u00e9ez votre widget Tableau de tarification","demo_caption":"Configurez votre tableau de prix et ajoutez-le gratuitement \u00e0 votre site Jimdo !","default_faq_hidden":"","app_template_category":[],"platform":"372","template_public_id":"","codecanyon_url":"","codecanyon_item_id":"","codecanyon_price":"","pricing_caption":"","pricing_elfsight_apps_hide_column":"","pricing_elfsight_apps_url":"","pricing_codecanyon_price_caption":"","integration_category":[],"integration_request_title":"","integration_request_cta":"","integration_platform":"","integrations":[],"platform_category":[],"video_schema_markup":"","price":"\u00c0 partir de $0\/mois","trial":"","benefits":[{"text":"Installation gratuite"},{"text":"Support Premium"},{"text":"Garantie de remboursement de 14 jours"},{"text":"L'am\u00e9lioration continue"}],"button_url":"#demo","button_target_blank":"0","button_nofollow":"0","attributes":[{"name":"Nombre d'installations","content":"1,000 - 5,000","_state":"expanded"},{"name":"Adaptif","content":"Oui","_state":"expanded"},{"name":"Navigateurs compatibles","content":"Firefox, Safari, Opera, Chrome, Edge","_state":"expanded"}],"tags":[],"tags_disable_links":"0","hide_more_platforms":"","video_object":"","demo_hide_cta":"0","demo_hide_cloud_options":"0","pricing_title":"","pricing":[{"pricing_icon":"platform","pricing_title":"Applications d'Elfsight","pricing_title_caption":"Solution num\u00e9rique multiplateforme qui fonctionne sur n'importe quel site","pricing_price":"\u00c0 partir de $0\/mois","pricing_price_caption":"Commencez avec un plan gratuit","pricing_benefits":[{"text":"Sites Web illimit\u00e9s"},{"text":"\u00c9quipe d'assistance professionnelle"},{"text":"Service d'installation gratuit"},{"text":"100% personnalisable"}],"pricing_button_text":"Ajouter au site Web","pricing_button_url":"https:\/\/apps.elfsight.com\/sign-up\/","pricing_button_nofollow":"1","_state":"expanded"}],"related_apps_title":"","related_apps_hidden":"1","author":"","image":[],"title":"","job":"","social_networks":[]},"_links":{"self":[{"href":"https:\/\/elfsight.com\/fr\/wp-json\/wp\/v2\/pages\/5265","targetHints":{"allow":["GET"]}}],"collection":[{"href":"https:\/\/elfsight.com\/fr\/wp-json\/wp\/v2\/pages"}],"about":[{"href":"https:\/\/elfsight.com\/fr\/wp-json\/wp\/v2\/types\/page"}],"author":[{"embeddable":true,"href":"https:\/\/elfsight.com\/fr\/wp-json\/wp\/v2\/users\/18"}],"replies":[{"embeddable":true,"href":"https:\/\/elfsight.com\/fr\/wp-json\/wp\/v2\/comments?post=5265"}],"version-history":[{"count":2,"href":"https:\/\/elfsight.com\/fr\/wp-json\/wp\/v2\/pages\/5265\/revisions"}],"predecessor-version":[{"id":14684,"href":"https:\/\/elfsight.com\/fr\/wp-json\/wp\/v2\/pages\/5265\/revisions\/14684"}],"up":[{"embeddable":true,"href":"https:\/\/elfsight.com\/fr\/wp-json\/wp\/v2\/pages\/1096"}],"wp:attachment":[{"href":"https:\/\/elfsight.com\/fr\/wp-json\/wp\/v2\/media?parent=5265"}],"curies":[{"name":"wp","href":"https:\/\/api.w.org\/{rel}","templated":true}]}}