{"id":5263,"date":"2021-12-03T09:33:29","date_gmt":"2021-12-03T09:33:29","guid":{"rendered":"https:\/\/elfsight.com\/fr\/?page_id=5263"},"modified":"2024-12-23T11:05:25","modified_gmt":"2024-12-23T11:05:25","slug":"iframe","status":"publish","type":"page","link":"https:\/\/elfsight.com\/fr\/pricing-table-plugin\/iframe\/","title":{"rendered":"Pricing Table &#8211; iFrame"},"content":{"rendered":"\n<div class=\"application-platform-content-item-description application-platform-content-item\" id=\"description\" data-nav-section=\"description\"><h2>Int\u00e9grer le tableau des prix sur iFrame avec le widget Elfsight<\/h2><p>La tarification joue l&rsquo;un des r\u00f4les les plus importants pour inciter les visiteurs \u00e0 commander . Le plugin de notre \u00e9quipe permet non seulement aux clients de la page de voir et de comparer les plans tarifaires disponibles. Il contribue \u00e9galement \u00e0 am\u00e9liorer la conversion \u00e0 l&rsquo;aide des techniques les plus avanc\u00e9es en mati\u00e8re d&rsquo;interface et de configuration.<\/p><p><b>Amenez les ventes de votre site Web \u00e0 un autre niveau, \u00e0 l&rsquo;aide d&rsquo;une tarification puissante.<\/b><\/p><p><b>Attirez plus de clients<\/b><br>Tirez le meilleur des derni\u00e8res tendances en mati\u00e8re de design, pour combattre les soup\u00e7ons de tous les clients tout en prenant une d\u00e9cision d&rsquo;achat et en obtenant la conversion la plus \u00e9lev\u00e9e.<\/p> <p><b>Aidez les clients \u00e0 effectuer un achat<\/b><br>D\u00e9montrez de la mani\u00e8re la plus claire et la plus efficace toutes les informations recherch\u00e9es par vos utilisateurs potentiels et aidez-les \u00e0 faire le choix ad\u00e9quat.<\/p> <p><b>Personnalisation rapide et efficace<\/b><br>Gr\u00e2ce \u00e0 un grand nombre de param\u00e8tres permettant de cr\u00e9er toutes les tarifications possibles en seulement 3 \u00e9tapes, vous aurez celle qui sera absolument efficace pour vous.<\/p><\/div><div class=\"application-platform-content-item-features application-platform-content-item\" id=\"features\" data-nav-section=\"features\"><h2>Principales fonctionnalit\u00e9s du widget Tableau de tarification<\/h2><p>V\u00e9rifiez les caract\u00e9ristiques qui transforment notre plugin en le meilleur tableau de tarification pour les sites Web iFrame.<\/p><ul><li>5\u00a0habillages pr\u00e9d\u00e9finis, pr\u00e9sentant diff\u00e9rentes combinaisons de couleurs\u00a0;<\/li><li>6 \u00e9l\u00e9ments de colonne int\u00e9gr\u00e9s qui peuvent \u00eatre dispos\u00e9s et personnalis\u00e9s pour obtenir le look parfait\u00a0;<\/li><li>Mettre n&rsquo;importe quelle colonne en vedette\u00a0;<\/li><li>Les \u00e9l\u00e9ments de couleur de chaque colonne peuvent \u00eatre personnalis\u00e9s individuellement.<\/li><\/ul><p><a href=\"#demo\">Vous pouvez essayer tous les avantages dans la d\u00e9mo en direct<\/a><\/p><\/div><div class=\"application-platform-content-item-installation application-platform-content-item\" id=\"installation\" data-nav-section=\"installation\"><h2>Comment ajouter le plugin Pricing Table au site Web iFrame<\/h2><p>Voici un petit guide sur la fa\u00e7on d&rsquo;int\u00e9grer notre plugin. Pour mener \u00e0 bien ce processus, vous n\u2019aurez pas besoin de comp\u00e9tences en d\u00e9veloppement Web ni de beaucoup de temps. Juste 3 actions simples et 3 minutes.<\/p><ol><li><b>Cr\u00e9ez votre propre plugin de tarification<\/b><br> Gr\u00e2ce \u00e0 notre configurateur gratuit, configurez un plugin avec un look et des fonctions pr\u00e9f\u00e9rables . <\/li><li><b>Copiez le code personnel pour afficher le plugin<\/b><br> Apr\u00e8s avoir cr\u00e9\u00e9 votre plugin, vous obtiendrez votre code personnel \u00e0 partir de la notification apparue sur Elfsight Apps. Copiez-le pour une utilisation future. <\/li> <li><b>Affichez le plugin sur votre site Web iFrame<\/b><br> Choisissez la zone dans laquelle vous souhaitez afficher le plugin et ins\u00e9rez-y le code enregistr\u00e9. Appliquez les modifications. <\/li> <li><b>La configuration est termin\u00e9e<\/b><br> Acc\u00e9dez au site Web pour consulter vos t\u00e9moignages. <\/li> <\/ol><p>Vous rencontrez des probl\u00e8mes lors de la configuration du plugin\u00a0? Consultez notre manuel complet \u00ab\u00a0Comment ajouter un tableau de prix dans un iFrame\u00a0\u00bb ou adressez-vous \u00e0 notre centre d&rsquo;aide, qui r\u00e9soudra facilement tous types de probl\u00e8mes.<\/p><div class=\"faq\" data-component=\"FAQ\"> <div class=\"faq-item\">\r\n\t\t\t\t\t<div class=\"faq-item-question\">\r\n\t\t\t\t\t\t<h3 class=\"faq-item-question-text\">Comment ajouter un tableau de prix \u00e0 mon iFrame site Web sans comp\u00e9tences en codage ?<\/h3>\r\n\r\n\t\t\t\t\t\t<div class=\"faq-item-question-icon\"><\/div>\r\n\t\t\t\t\t<\/div>\r\n\r\n\t\t\t\t\t<div class=\"faq-item-answer\">\r\n\t\t\t\t\t\t<div class=\"faq-item-answer-text\"> <p>Elfsight fournit une solution SaaS qui vous permet de cr\u00e9er vous-m\u00eame un widget de tableau de tarification. Voyez \u00e0 quel point le processus est simple\u00a0: travaillez directement dans l&rsquo;\u00e9diteur en ligne pour cr\u00e9er un widget de tableau de tarification que vous aimeriez voir sur votre site Web iFrame. Choisissez l&rsquo;un des mod\u00e8les pr\u00e9d\u00e9finis et ajustez les param\u00e8tres du tableau de prix, ajoutez votre contenu, modifiez la mise en page et les couleurs sans comp\u00e9tences en codage. Enregistrez le tableau de prix et copiez son code d&rsquo;installation, que vous pouvez simplement int\u00e9grer dans votre site Web iFrame sans avoir besoin d&rsquo;acheter une version payante. Gr\u00e2ce \u00e0 notre \u00e9diteur intuitif, tout internaute peut cr\u00e9er un widget Tableau de tarification en ligne et l&rsquo;int\u00e9grer facilement \u00e0 son site Web iFrame. Il n&rsquo;est pas n\u00e9cessaire de payer ou de saisir les informations d&rsquo;identification de votre carte pour acc\u00e9der au service. Si vous rencontrez des probl\u00e8mes \u00e0 n&rsquo;importe quelle \u00e9tape, n&rsquo;h\u00e9sitez pas \u00e0 contacter notre \u00e9quipe d&rsquo;assistance technique.<\/p> <\/div>\r\n\t\t\t\t\t<\/div>\r\n\t\t\t\t<\/div> <\/div> <\/div>\n","protected":false},"excerpt":{"rendered":"","protected":false},"author":18,"featured_media":0,"parent":1096,"menu_order":0,"comment_status":"closed","ping_status":"closed","template":"templates\/template-application-platform.php","meta":{"publish_to_discourse":"","publish_post_category":"","wpdc_auto_publish_overridden":"","wpdc_topic_tags":"","wpdc_pin_topic":"","wpdc_pin_until":"","discourse_post_id":"","discourse_permalink":"","wpdc_publishing_response":"","wpdc_publishing_error":"","footnotes":""},"class_list":["post-5263","page","type-page","status-publish","hentry"],"yoast_head":"<!-- This site is optimized with the Yoast SEO plugin v25.3.1 - https:\/\/yoast.com\/wordpress\/plugins\/seo\/ -->\n<title>Tableau de prix - ajoutez widget Prix showcase sur iFrame<\/title>\n<meta name=\"description\" content=\"Int\u00e9grez un Tableau de prix avantageux sur votre site. Utilisez la d\u00e9mo d&#039;Elfsight et g\u00e9n\u00e9rez votre widget en quelques minutes.\" \/>\n<meta name=\"robots\" content=\"index, follow, max-snippet:-1, max-image-preview:large, max-video-preview:-1\" \/>\n<link rel=\"canonical\" href=\"https:\/\/elfsight.com\/fr\/pricing-table-plugin\/iframe\/\" \/>\n<meta property=\"og:locale\" content=\"fr_FR\" \/>\n<meta property=\"og:type\" content=\"article\" \/>\n<meta property=\"og:title\" content=\"Tableau de prix - ajoutez widget Prix showcase sur iFrame\" \/>\n<meta property=\"og:description\" content=\"Int\u00e9grez un Tableau de prix avantageux sur votre site. Utilisez la d\u00e9mo d&#039;Elfsight et g\u00e9n\u00e9rez votre widget en quelques minutes.\" \/>\n<meta property=\"og:url\" content=\"https:\/\/elfsight.com\/fr\/pricing-table-plugin\/iframe\/\" \/>\n<meta property=\"og:site_name\" content=\"Elfsight FR\" \/>\n<meta property=\"article:modified_time\" content=\"2024-12-23T11:05:25+00:00\" \/>\n<meta name=\"twitter:card\" content=\"summary_large_image\" \/>\n<meta name=\"twitter:label1\" content=\"Dur\u00e9e de lecture estim\u00e9e\" \/>\n\t<meta name=\"twitter:data1\" content=\"4 minutes\" \/>\n<!-- \/ Yoast SEO plugin. -->","yoast_head_json":{"title":"Tableau de prix - ajoutez widget Prix showcase sur iFrame","description":"Int\u00e9grez un Tableau de prix avantageux sur votre site. Utilisez la d\u00e9mo d'Elfsight et g\u00e9n\u00e9rez votre widget en quelques minutes.","robots":{"index":"index","follow":"follow","max-snippet":"max-snippet:-1","max-image-preview":"max-image-preview:large","max-video-preview":"max-video-preview:-1"},"canonical":"https:\/\/elfsight.com\/fr\/pricing-table-plugin\/iframe\/","og_locale":"fr_FR","og_type":"article","og_title":"Tableau de prix - ajoutez widget Prix showcase sur iFrame","og_description":"Int\u00e9grez un Tableau de prix avantageux sur votre site. Utilisez la d\u00e9mo d'Elfsight et g\u00e9n\u00e9rez votre widget en quelques minutes.","og_url":"https:\/\/elfsight.com\/fr\/pricing-table-plugin\/iframe\/","og_site_name":"Elfsight FR","article_modified_time":"2024-12-23T11:05:25+00:00","twitter_card":"summary_large_image","twitter_misc":{"Dur\u00e9e de lecture estim\u00e9e":"4 minutes"},"schema":{"@context":"https:\/\/schema.org","@graph":[{"@type":"WebPage","@id":"https:\/\/elfsight.com\/fr\/pricing-table-plugin\/iframe\/","url":"https:\/\/elfsight.com\/fr\/pricing-table-plugin\/iframe\/","name":"Tableau de prix - ajoutez widget Prix showcase sur iFrame","isPartOf":{"@id":"https:\/\/elfsight.com\/fr\/#website"},"datePublished":"2021-12-03T09:33:29+00:00","dateModified":"2024-12-23T11:05:25+00:00","description":"Int\u00e9grez un Tableau de prix avantageux sur votre site. Utilisez la d\u00e9mo d'Elfsight et g\u00e9n\u00e9rez votre widget en quelques minutes.","breadcrumb":{"@id":"https:\/\/elfsight.com\/fr\/pricing-table-plugin\/iframe\/#breadcrumb"},"inLanguage":"fr-FR","potentialAction":[{"@type":"ReadAction","target":["https:\/\/elfsight.com\/fr\/pricing-table-plugin\/iframe\/"]}]},{"@type":"BreadcrumbList","@id":"https:\/\/elfsight.com\/fr\/pricing-table-plugin\/iframe\/#breadcrumb","itemListElement":[{"@type":"ListItem","position":1,"name":"Home","item":"https:\/\/elfsight.com\/fr\/"},{"@type":"ListItem","position":2,"name":"Pricing Table","item":"https:\/\/elfsight.com\/fr\/pricing-table-plugin\/"},{"@type":"ListItem","position":3,"name":"Pricing Table &#8211; iFrame"}]},{"@type":"WebSite","@id":"https:\/\/elfsight.com\/fr\/#website","url":"https:\/\/elfsight.com\/fr\/","name":"Elfsight FR","description":"","potentialAction":[{"@type":"SearchAction","target":{"@type":"EntryPoint","urlTemplate":"https:\/\/elfsight.com\/fr\/?s={search_term_string}"},"query-input":{"@type":"PropertyValueSpecification","valueRequired":true,"valueName":"search_term_string"}}],"inLanguage":"fr-FR"}]}},"meta_box":{"industry":"","seo_heading":"","heading":"","description":"","cta_heading":"","cta_description":"","application":"1089","h1":"Widget Tableau de prix pour iFrame","h1_caption":"Pr\u00e9sentez vos options de tarification de mani\u00e8re claire et attrayante, aidant ainsi les clients \u00e0 choisir sans effort le plan adapt\u00e9 \u00e0 leurs besoins sur votre site Web iFrame.","application_category":[],"applications_title":"","applications_request_title":"","applications_request_button_text":"","hero_text":"","hero_video":"","hero_video_schema_markup":"","selling_points_title":"","selling_points_caption":"","selling_points":[],"selling_points_cta_text":"","features_title":"","features":"","ed_cta_examples_text":"","ed_cta_examples_hidden":"","ed_cta_demo_text":"","ed_cta_demo_hidden":"","why_caption":"","why_editor_title":"","why_editor_text":"","why_team_title":"","why_team_text":"","why_service_title":"","why_service_text":"","template_catalog_visible":"0","template_catalog_title":"","template_catalog_text":"","template_catalog_categories_visible":"","demo_title":"Cr\u00e9ez votre widget Tableau de tarification","demo_caption":"Configurez votre tableau de prix et ajoutez-le gratuitement \u00e0 votre site Web iFrame\u00a0!","default_faq_hidden":"","app_template_category":[],"platform":"371","template_public_id":"","codecanyon_url":"","codecanyon_item_id":"","codecanyon_price":"","pricing_caption":"","pricing_elfsight_apps_hide_column":"","pricing_elfsight_apps_url":"","pricing_codecanyon_price_caption":"","integration_category":[],"integration_request_title":"","integration_request_cta":"","integration_platform":"","integrations":[],"platform_category":[],"video_schema_markup":"","price":"\u00c0 partir de $0\/mois","trial":"","benefits":[{"text":"Installation gratuite"},{"text":"Support Premium"},{"text":"Garantie de remboursement de 14 jours"},{"text":"L'am\u00e9lioration continue"}],"button_url":"#demo","button_target_blank":"0","button_nofollow":"0","attributes":[{"name":"Nombre d'installations","content":"1,000 - 5,000","_state":"expanded"},{"name":"Adaptif","content":"Oui","_state":"expanded"},{"name":"Navigateurs compatibles","content":"Firefox, Safari, Opera, Chrome, Edge","_state":"expanded"}],"tags":[],"tags_disable_links":"0","hide_more_platforms":"","video_object":"","demo_hide_cta":"0","demo_hide_cloud_options":"0","pricing_title":"","pricing":[{"pricing_icon":"platform","pricing_title":"Applications d'Elfsight","pricing_title_caption":"Solution num\u00e9rique multiplateforme qui fonctionne sur n'importe quel site","pricing_price":"\u00c0 partir de $0\/mois","pricing_price_caption":"Commencez avec un plan gratuit","pricing_benefits":[{"text":"Sites Web illimit\u00e9s"},{"text":"\u00c9quipe d'assistance professionnelle"},{"text":"Service d'installation gratuit"},{"text":"100% personnalisable"}],"pricing_button_text":"Ajouter au site Web","pricing_button_url":"https:\/\/apps.elfsight.com\/sign-up\/","pricing_button_nofollow":"1","_state":"expanded"}],"related_apps_title":"","related_apps_hidden":"1","author":"","image":[],"title":"","job":"","social_networks":[]},"_links":{"self":[{"href":"https:\/\/elfsight.com\/fr\/wp-json\/wp\/v2\/pages\/5263","targetHints":{"allow":["GET"]}}],"collection":[{"href":"https:\/\/elfsight.com\/fr\/wp-json\/wp\/v2\/pages"}],"about":[{"href":"https:\/\/elfsight.com\/fr\/wp-json\/wp\/v2\/types\/page"}],"author":[{"embeddable":true,"href":"https:\/\/elfsight.com\/fr\/wp-json\/wp\/v2\/users\/18"}],"replies":[{"embeddable":true,"href":"https:\/\/elfsight.com\/fr\/wp-json\/wp\/v2\/comments?post=5263"}],"version-history":[{"count":3,"href":"https:\/\/elfsight.com\/fr\/wp-json\/wp\/v2\/pages\/5263\/revisions"}],"predecessor-version":[{"id":16015,"href":"https:\/\/elfsight.com\/fr\/wp-json\/wp\/v2\/pages\/5263\/revisions\/16015"}],"up":[{"embeddable":true,"href":"https:\/\/elfsight.com\/fr\/wp-json\/wp\/v2\/pages\/1096"}],"wp:attachment":[{"href":"https:\/\/elfsight.com\/fr\/wp-json\/wp\/v2\/media?parent=5263"}],"curies":[{"name":"wp","href":"https:\/\/api.w.org\/{rel}","templated":true}]}}