{"id":5261,"date":"2021-12-03T09:33:32","date_gmt":"2021-12-03T09:33:32","guid":{"rendered":"https:\/\/elfsight.com\/fr\/?page_id=5261"},"modified":"2025-07-10T12:43:18","modified_gmt":"2025-07-10T12:43:18","slug":"html","status":"publish","type":"page","link":"https:\/\/elfsight.com\/fr\/pricing-table-plugin\/html\/","title":{"rendered":"Pricing Table &#8211; HTML"},"content":{"rendered":"<div class=\"application-platform-content-item-description application-platform-content-item\" id=\"description\" data-nav-section=\"description\"><h2>Description<\/h2><p>La tarification joue l&rsquo;un des principaux r\u00f4les pour convaincre les visiteurs de commander ou d&rsquo;acheter sur votre site. Le widget de notre \u00e9quipe permet non seulement \u00e0 vos acheteurs de conna\u00eetre et de comparer les plans tarifaires disponibles en un \u00e9clair. Il contribue \u00e9galement \u00e0 augmenter la conversion gr\u00e2ce aux techniques les plus r\u00e9centes incluses dans l&rsquo;interface et les mod\u00e8les.<\/p><p><b>Augmentez les ventes de votre site Web \u00e0 un niveau diff\u00e9rent, gr\u00e2ce \u00e0 une tarification intelligente.<\/b><\/p> <ul><li><b>Aidez les clients \u00e0 effectuer un achat<\/b>.<br>Affichez les informations dont vos futurs clients ont besoin de la mani\u00e8re la plus claire possible et aidez-les \u00e0 prendre la d\u00e9cision ad\u00e9quate.<\/li><li> <b>Personnalisation rapide et efficace<\/b>.<br>Disposant d&rsquo;une riche collection de param\u00e8tres qui vous permettent de configurer tous les types de tarifications possibles en 2 \u00e9tapes, vous pouvez cr\u00e9er le plugin qui sera totalement vendeur pour votre site. .<\/li><li><b>Rendez votre tarification int\u00e9ressante pour les utilisateurs<\/b>.<br>Utilisez diff\u00e9rentes couleurs, ajoutez des unit\u00e9s, montrez des images, pour rendre votre tarification divertissante pour les clients et produire un fort effet positif sur le r\u00e9sultat de l&rsquo;achat.<\/li><\/ul><\/div><div class=\"application-platform-content-item-features application-platform-content-item\" id=\"features\" data-nav-section=\"features\"><h2>Fonctionnalit\u00e9s<\/h2><p>Les caract\u00e9ristiques qui transforment notre widget en le meilleur tableau de prix pour les sites Web HTML. <\/p><ul><li>6 \u00e9l\u00e9ments de colonne pr\u00e9d\u00e9finis qui peuvent \u00eatre organis\u00e9s et personnalis\u00e9s pour obtenir le look parfait\u00a0;<\/li><li>Liste de fonctionnalit\u00e9s r\u00e9glables, compl\u00e8te avec des ic\u00f4nes de fonctionnalit\u00e9s, des astuces et un nombre illimit\u00e9 de fonctionnalit\u00e9s\u00a0;<\/li><li>Les \u00e9l\u00e9ments de couleur de chaque colonne peuvent \u00eatre personnalis\u00e9s individuellement\u00a0;<\/li><li>Rayon et largeur de la bordure du bouton personnalisables<\/li><li>Mise en page optimis\u00e9e pour les mobiles.<\/li><\/ul><p> <a href=\"#demo\">Vous pouvez essayer tous les avantages de l&rsquo;\u00e9diteur en direct<\/a><\/p><\/div><div class=\"application-platform-content-item-installation application-platform-content-item\" id=\"installation\" data-nav-section=\"installation\"><h2>Comment cr\u00e9er un tableau de prix pour un site Web HTML<\/h2><div class=\"video-container\"><iframe width=\"720\" height=\"405\" src=\"https:\/\/www.youtube.com\/embed\/cK2T6ohZcAU\" frameborder=\"0\" allowfullscreen=\"\"><\/iframe><\/div><p>Un guide sur l&rsquo;installation du widget Elfsight. Pour mener \u00e0 bien ce processus, vous n\u2019avez pas besoin d\u2019exp\u00e9rience en d\u00e9veloppement Web ni de beaucoup de temps. Juste quelques \u00e9tapes rapides et 2 minutes de temps.<\/p><ol><li><b>G\u00e9n\u00e9rez votre widget de tarification unique<\/b>.<br> Gr\u00e2ce \u00e0 notre d\u00e9mo gratuite, g\u00e9n\u00e9rez un plugin avec le look souhait\u00e9 et param\u00e8tres.<\/li><li><b>Recevez le code pour int\u00e9grer le plugin<\/b>.<br> Apr\u00e8s la configuration du widget, r\u00e9cup\u00e9rez le code du tableau de tarification \u00e0 partir de la notification apparue sur les applications Elfsight.<\/li><li><b>Ajoutez le widget sur la page HTML<\/b>.<br> Ouvrez le code de la page dans l&rsquo;\u00e9diteur HTML, et ins\u00e9rez le widget \u00e0 l&rsquo;endroit souhait\u00e9 (contenu, pied de page, barre lat\u00e9rale, etc.) puis publiez les modifications. <\/li><li><b>L&rsquo;int\u00e9gration est r\u00e9ussie\u00a0!<\/b><br> Allez sur le site Web pour v\u00e9rifier votre travail.<\/li><\/ol><p>Vous rencontrez des probl\u00e8mes avec la g\u00e9n\u00e9ration du widget ? \u00c9tudiez notre guide complet \u00ab<a href=\"https:\/\/elfsight.com\/tutorials\/how-to-add-pricing-table-to-html\/\" target=\"_blank\" rel=\"noopener noreferrer\">Comment ajouter tableau de prix dans un fichier HTML<\/a>\u00bb ou laissez un message \u00e0 notre \u00e9quipe d&rsquo;assistance, qui r\u00e9soudra toutes sortes de probl\u00e8mes en temps opportun.<\/p><\/div><div class=\"faq\" data-component=\"FAQ\"><div class=\"faq-item\">\r\n\t\t\t\t\t<div class=\"faq-item-question\">\r\n\t\t\t\t\t\t<h3 class=\"faq-item-question-text\">De quelle mani\u00e8re ajouter un tableau de prix au site HTML ?<\/h3>\r\n\r\n\t\t\t\t\t\t<div class=\"faq-item-question-icon\"><\/div>\r\n\t\t\t\t\t<\/div>\r\n\r\n\t\t\t\t\t<div class=\"faq-item-answer\">\r\n\t\t\t\t\t\t<div class=\"faq-item-answer-text\"><p>La construction de l&rsquo;outil s&rsquo;effectue sur les pages Elfsight et il n&rsquo;y a pas besoin de coder. Appliquez notre d\u00e9mo en ligne pour personnaliser votre application personnelle, obtenez le code et int\u00e9grez-le \u00e0 votre site Web. <\/p><\/div>\r\n\t\t\t\t\t<\/div>\r\n\t\t\t\t<\/div><div class=\"faq-item\">\r\n\t\t\t\t\t<div class=\"faq-item-question\">\r\n\t\t\t\t\t\t<h3 class=\"faq-item-question-text\">Les meilleures fa\u00e7ons d'utiliser l'int\u00e9gration des tableaux de prix<\/h3>\r\n\r\n\t\t\t\t\t\t<div class=\"faq-item-question-icon\"><\/div>\r\n\t\t\t\t\t<\/div>\r\n\r\n\t\t\t\t\t<div class=\"faq-item-answer\">\r\n\t\t\t\t\t\t<div class=\"faq-item-answer-text\"><p>Nous vous offrons de nombreuses possibilit\u00e9s d&rsquo;ajustement\u00a0: des widgets \u00e0 grande \u00e9chelle \u00e0 int\u00e9grer dans la zone de contenu, plugins flottants avec options de d\u00e9filement, dispositions pour le pied de page, l&rsquo;en-t\u00eate et toutes sortes d&rsquo;opportunit\u00e9s verticales pour les barres lat\u00e9rales et les menus. <\/p><\/div>\r\n\t\t\t\t\t<\/div>\r\n\t\t\t\t<\/div><div class=\"faq-item\">\r\n\t\t\t\t\t<div class=\"faq-item-question\">\r\n\t\t\t\t\t\t<h3 class=\"faq-item-question-text\">Puis-je cr\u00e9er des colonnes ou un tableau de comparaison par l'interm\u00e9diaire de votre \u00e9diteur ? <\/h3>\r\n\r\n\t\t\t\t\t\t<div class=\"faq-item-question-icon\"><\/div>\r\n\t\t\t\t\t<\/div>\r\n\r\n\t\t\t\t\t<div class=\"faq-item-answer\">\r\n\t\t\t\t\t\t<div class=\"faq-item-answer-text\"><p>Vous \u00eates invit\u00e9s \u00e0 apporter des modifications \u00e0 n&rsquo;importe quel widget. Il existe de nombreuses mises en page applicables dans l&rsquo;\u00e9diteur, et toutes peuvent \u00eatre rapidement personnalis\u00e9es selon vos besoins. <\/p><\/div>\r\n\t\t\t\t\t<\/div>\r\n\t\t\t\t<\/div><\/div>","protected":false},"excerpt":{"rendered":"","protected":false},"author":18,"featured_media":0,"parent":1096,"menu_order":0,"comment_status":"closed","ping_status":"closed","template":"templates\/template-application-platform.php","meta":{"publish_to_discourse":"","publish_post_category":"","wpdc_auto_publish_overridden":"","wpdc_topic_tags":"","wpdc_pin_topic":"","wpdc_pin_until":"","discourse_post_id":"","discourse_permalink":"","wpdc_publishing_response":"","wpdc_publishing_error":"","footnotes":""},"class_list":["post-5261","page","type-page","status-publish","hentry"],"yoast_head":"<!-- This site is optimized with the Yoast SEO plugin v25.3.1 - https:\/\/yoast.com\/wordpress\/plugins\/seo\/ -->\n<title>Tableau de prix - ajoutez widget Prix showcase sur HTML<\/title>\n<meta name=\"description\" content=\"Int\u00e9grez un Tableau de prix attractif sur votre site. Appliquez la d\u00e9mo d&#039;Elfsight et g\u00e9n\u00e9rez votre widget en 2 minutes.\" \/>\n<meta name=\"robots\" content=\"index, follow, max-snippet:-1, max-image-preview:large, max-video-preview:-1\" \/>\n<link rel=\"canonical\" href=\"https:\/\/elfsight.com\/fr\/pricing-table-plugin\/html\/\" \/>\n<meta property=\"og:locale\" content=\"fr_FR\" \/>\n<meta property=\"og:type\" content=\"article\" \/>\n<meta property=\"og:title\" content=\"Tableau de prix - ajoutez widget Prix showcase sur HTML\" \/>\n<meta property=\"og:description\" content=\"Int\u00e9grez un Tableau de prix attractif sur votre site. Appliquez la d\u00e9mo d&#039;Elfsight et g\u00e9n\u00e9rez votre widget en 2 minutes.\" \/>\n<meta property=\"og:url\" content=\"https:\/\/elfsight.com\/fr\/pricing-table-plugin\/html\/\" \/>\n<meta property=\"og:site_name\" content=\"Elfsight FR\" \/>\n<meta property=\"article:modified_time\" content=\"2025-07-10T12:43:18+00:00\" \/>\n<meta name=\"twitter:card\" content=\"summary_large_image\" \/>\n<meta name=\"twitter:label1\" content=\"Dur\u00e9e de lecture estim\u00e9e\" \/>\n\t<meta name=\"twitter:data1\" content=\"1 minute\" \/>\n<!-- \/ Yoast SEO plugin. -->","yoast_head_json":{"title":"Tableau de prix - ajoutez widget Prix showcase sur HTML","description":"Int\u00e9grez un Tableau de prix attractif sur votre site. Appliquez la d\u00e9mo d'Elfsight et g\u00e9n\u00e9rez votre widget en 2 minutes.","robots":{"index":"index","follow":"follow","max-snippet":"max-snippet:-1","max-image-preview":"max-image-preview:large","max-video-preview":"max-video-preview:-1"},"canonical":"https:\/\/elfsight.com\/fr\/pricing-table-plugin\/html\/","og_locale":"fr_FR","og_type":"article","og_title":"Tableau de prix - ajoutez widget Prix showcase sur HTML","og_description":"Int\u00e9grez un Tableau de prix attractif sur votre site. Appliquez la d\u00e9mo d'Elfsight et g\u00e9n\u00e9rez votre widget en 2 minutes.","og_url":"https:\/\/elfsight.com\/fr\/pricing-table-plugin\/html\/","og_site_name":"Elfsight FR","article_modified_time":"2025-07-10T12:43:18+00:00","twitter_card":"summary_large_image","twitter_misc":{"Dur\u00e9e de lecture estim\u00e9e":"1 minute"},"schema":{"@context":"https:\/\/schema.org","@graph":[{"@type":"WebPage","@id":"https:\/\/elfsight.com\/fr\/pricing-table-plugin\/html\/","url":"https:\/\/elfsight.com\/fr\/pricing-table-plugin\/html\/","name":"Tableau de prix - ajoutez widget Prix showcase sur HTML","isPartOf":{"@id":"https:\/\/elfsight.com\/fr\/#website"},"datePublished":"2021-12-03T09:33:32+00:00","dateModified":"2025-07-10T12:43:18+00:00","description":"Int\u00e9grez un Tableau de prix attractif sur votre site. Appliquez la d\u00e9mo d'Elfsight et g\u00e9n\u00e9rez votre widget en 2 minutes.","breadcrumb":{"@id":"https:\/\/elfsight.com\/fr\/pricing-table-plugin\/html\/#breadcrumb"},"inLanguage":"fr-FR","potentialAction":[{"@type":"ReadAction","target":["https:\/\/elfsight.com\/fr\/pricing-table-plugin\/html\/"]}]},{"@type":"BreadcrumbList","@id":"https:\/\/elfsight.com\/fr\/pricing-table-plugin\/html\/#breadcrumb","itemListElement":[{"@type":"ListItem","position":1,"name":"Home","item":"https:\/\/elfsight.com\/fr\/"},{"@type":"ListItem","position":2,"name":"Pricing Table","item":"https:\/\/elfsight.com\/fr\/pricing-table-plugin\/"},{"@type":"ListItem","position":3,"name":"Pricing Table &#8211; HTML"}]},{"@type":"WebSite","@id":"https:\/\/elfsight.com\/fr\/#website","url":"https:\/\/elfsight.com\/fr\/","name":"Elfsight FR","description":"","potentialAction":[{"@type":"SearchAction","target":{"@type":"EntryPoint","urlTemplate":"https:\/\/elfsight.com\/fr\/?s={search_term_string}"},"query-input":{"@type":"PropertyValueSpecification","valueRequired":true,"valueName":"search_term_string"}}],"inLanguage":"fr-FR"}]}},"meta_box":{"industry":"","seo_heading":"","heading":"","description":"","cta_heading":"","cta_description":"","application":"1089","h1":"Widget Tableau de prix pour HTML","h1_caption":"Pr\u00e9sentez vos options de tarification de mani\u00e8re claire et attrayante, aidant ainsi les clients \u00e0 choisir sans effort le forfait adapt\u00e9 \u00e0 leurs besoins sur votre site Web HTML.","application_category":[],"applications_title":"","applications_request_title":"","applications_request_button_text":"","hero_text":"","hero_video":"","hero_video_schema_markup":"","selling_points_title":"","selling_points_caption":"","selling_points":[],"selling_points_cta_text":"","features_title":"","features":"","ed_cta_examples_text":"","ed_cta_examples_hidden":"","ed_cta_demo_text":"","ed_cta_demo_hidden":"","why_caption":"","why_editor_title":"","why_editor_text":"","why_team_title":"","why_team_text":"","why_service_title":"","why_service_text":"","template_catalog_visible":"","template_catalog_title":"","template_catalog_text":"","template_catalog_categories_visible":"","demo_title":"Cr\u00e9ez votre widget Tableau de tarification","demo_caption":"Configurez votre tableau de prix et ajoutez-le \u00e0 votre site Web HTML gratuitement\u00a0!","default_faq_hidden":"","app_template_category":[],"platform":"352","template_public_id":"","codecanyon_url":"","codecanyon_item_id":"","codecanyon_price":"","pricing_caption":"","pricing_elfsight_apps_hide_column":"","pricing_elfsight_apps_url":"","pricing_codecanyon_price_caption":"","integration_category":[],"integration_request_title":"","integration_request_cta":"","integration_platform":"","integrations":[],"platform_category":[],"video_schema_markup":"","price":"\u00c0 partir de $0\/mois","trial":"","benefits":[{"text":"Installation gratuite"},{"text":"Support Premium"},{"text":"Garantie de remboursement de 14 jours"},{"text":"L'am\u00e9lioration continue"}],"button_url":"#demo","button_target_blank":"0","button_nofollow":"0","attributes":[{"name":"Nombre d'installations","content":"1,000 - 5,000","_state":"expanded"},{"name":"Adaptif","content":"Oui","_state":"expanded"},{"name":"Navigateurs compatibles","content":"Firefox, Safari, Opera, Chrome, Edge","_state":"expanded"}],"tags":[],"tags_disable_links":"0","hide_more_platforms":"","video_object":"","demo_hide_cta":"0","demo_hide_cloud_options":"0","pricing_title":"","pricing":[{"pricing_icon":"platform","pricing_title":"Applications d'Elfsight","pricing_title_caption":"Solution num\u00e9rique multiplateforme qui fonctionne sur n'importe quel site","pricing_price":"\u00c0 partir de $0\/mois","pricing_price_caption":"Commencez avec un plan gratuit","pricing_benefits":[{"text":"Sites Web illimit\u00e9s"},{"text":"\u00c9quipe d'assistance professionnelle"},{"text":"Service d'installation gratuit"},{"text":"100% personnalisable"}],"pricing_button_text":"Ajouter au site Web","pricing_button_url":"https:\/\/apps.elfsight.com\/sign-up\/","pricing_button_nofollow":"1","_state":"expanded"}],"related_apps_title":"","related_apps_hidden":"1","author":"","image":[],"title":"","job":"","social_networks":[]},"_links":{"self":[{"href":"https:\/\/elfsight.com\/fr\/wp-json\/wp\/v2\/pages\/5261","targetHints":{"allow":["GET"]}}],"collection":[{"href":"https:\/\/elfsight.com\/fr\/wp-json\/wp\/v2\/pages"}],"about":[{"href":"https:\/\/elfsight.com\/fr\/wp-json\/wp\/v2\/types\/page"}],"author":[{"embeddable":true,"href":"https:\/\/elfsight.com\/fr\/wp-json\/wp\/v2\/users\/18"}],"replies":[{"embeddable":true,"href":"https:\/\/elfsight.com\/fr\/wp-json\/wp\/v2\/comments?post=5261"}],"version-history":[{"count":2,"href":"https:\/\/elfsight.com\/fr\/wp-json\/wp\/v2\/pages\/5261\/revisions"}],"predecessor-version":[{"id":14686,"href":"https:\/\/elfsight.com\/fr\/wp-json\/wp\/v2\/pages\/5261\/revisions\/14686"}],"up":[{"embeddable":true,"href":"https:\/\/elfsight.com\/fr\/wp-json\/wp\/v2\/pages\/1096"}],"wp:attachment":[{"href":"https:\/\/elfsight.com\/fr\/wp-json\/wp\/v2\/media?parent=5261"}],"curies":[{"name":"wp","href":"https:\/\/api.w.org\/{rel}","templated":true}]}}