{"id":5259,"date":"2021-12-03T09:33:36","date_gmt":"2021-12-03T09:33:36","guid":{"rendered":"https:\/\/elfsight.com\/fr\/?page_id=5259"},"modified":"2025-07-10T12:43:13","modified_gmt":"2025-07-10T12:43:13","slug":"google-sites","status":"publish","type":"page","link":"https:\/\/elfsight.com\/fr\/pricing-table-plugin\/google-sites\/","title":{"rendered":"Pricing Table &#8211; Google Sites"},"content":{"rendered":"<div class=\"application-platform-content-item-description application-platform-content-item\" id=\"description\" data-nav-section=\"description\"> <h2>Int\u00e9grer un tableau de tarification sur Google Sites avec le widget Elfsight<\/h2> <p>La tarification joue l&rsquo;un des principaux r\u00f4les pour motiver les clients \u00e0 acheter. . Notre plugin aide non seulement les utilisateurs du site Web \u00e0 examiner et \u00e0 v\u00e9rifier rapidement plusieurs tarifs. Il contribue \u00e9galement \u00e0 acc\u00e9l\u00e9rer la conversion en utilisant les techniques les plus r\u00e9centes en mati\u00e8re de conception et de configuration. Augmentez les ventes de votre site Web \u00e0 un niveau sup\u00e9rieur gr\u00e2ce \u00e0 une tarification intelligente. <\/p> <p><b>Avec Pricing Table, d\u00e9marrez un d\u00e9veloppement commercial solide et des ventes plus \u00e9lev\u00e9es <\/b><\/p> <\/div><div class=\"application-platform-content-item-features application-platform-content-item\" id=\"features\" data-nav-section=\"features\"> <h2>Ce ne sont que quelques-uns des Fonctionnalit\u00e9s pr\u00e9cieuses du widget\u00a0: <\/h2> <ul><li>Permettez aux utilisateurs de finaliser un achat<\/li><li>Rendez vos tarifs attractifs pour les utilisateurs<\/li><li>Donnez vos plans tarifaires<\/li><li>Choisir l&rsquo;image de la page par d\u00e9faut, dans la collection ou t\u00e9l\u00e9charger votre propre image<\/li><\/ul><p><a href=\"#demo\">Vous pouvez voir ce que propose le widget \u00e0 l&rsquo;aide de la d\u00e9mo<\/a><\/p> <\/div><div class=\"application-platform-content-item-installation application-platform-content-item\" id=\"installation\" data-nav-section=\"installation\"> <h2>Comment int\u00e9grer le tableau de tarification dans mon site Google Sites\u00a0? <\/h2> <p>Appliquez simplement les instructions ci-dessous pour int\u00e9grer le widget. <\/p> <ol><li><b>Ex\u00e9cutez notre \u00e9diteur gratuit et commencez \u00e0 fa\u00e7onner votre plugin personnalis\u00e9. <\/b><br> Sp\u00e9cifiez la conception et les fonctionnalit\u00e9s personnalis\u00e9es du widget et enregistrez les modifications. <\/li> <li><b>R\u00e9cup\u00e9rez le code unique apparaissant dans la case sur Elfsight Apps. <\/b><br> D\u00e8s que la personnalisation de votre widget personnel est termin\u00e9e, copiez le code individuel dans la fen\u00eatre qui appara\u00eet et enregistrez-le pour une occasion ult\u00e9rieure. <\/li> <li><b>Commencez \u00e0 utiliser le plug-in sur le site Web de Google\u00a0Sites. <\/b><br> Ajoutez le code enregistr\u00e9 pr\u00e9c\u00e9demment dans votre page et appliquez les modifications. <\/li> <li><b>L&rsquo;installation est termin\u00e9e avec succ\u00e8s. <\/b><br> Acc\u00e9dez \u00e0 votre site pour voir comment fonctionne le widget. <\/li><\/ol> <div class=\"tip-yellow tip\"><b>En raison des particularit\u00e9s du fonctionnement de Google Sites, le widget peut \u00eatre diff\u00e9rent de la d\u00e9mo en ligne. Nous nous excusons pour tout inconv\u00e9nient caus\u00e9.<\/b><\/div><p>Si vous rencontrez des questions ou rencontrez des probl\u00e8mes, veuillez contacter notre \u00e9quipe de service client. Nos sp\u00e9cialistes sont impatients de vous aider avec toutes les questions que vous pourriez avoir avec l&rsquo;outil. <\/p> <div class=\"faq\" data-component=\"FAQ\"> <div class=\"faq-item\">\r\n\t\t\t\t\t<div class=\"faq-item-question\">\r\n\t\t\t\t\t\t<h3 class=\"faq-item-question-text\">Comment puis-je ajouter un tableau de tarification \u00e0 mon site Web Google Sites sans comp\u00e9tences en codage ?<\/h3>\r\n\r\n\t\t\t\t\t\t<div class=\"faq-item-question-icon\"><\/div>\r\n\t\t\t\t\t<\/div>\r\n\r\n\t\t\t\t\t<div class=\"faq-item-answer\">\r\n\t\t\t\t\t\t<div class=\"faq-item-answer-text\"> <p>Elfsight fournit une solution SaaS qui vous permet de cr\u00e9er vous-m\u00eame un widget de tableau de tarification. D\u00e9couvrez comment Le processus est simple\u00a0: travaillez directement dans l&rsquo;\u00e9diteur en ligne pour cr\u00e9er un widget Tableau de tarification que vous aimeriez voir sur votre site Web Google Sites. Choisissez l&rsquo;un des mod\u00e8les pr\u00e9d\u00e9finis et ajustez les param\u00e8tres du tableau de prix, ajoutez votre contenu, modifiez la mise en page et les couleurs sans aucune comp\u00e9tence en codage. Enregistrez le tableau des prix et copiez son code d&rsquo;installation, que vous pouvez simplement ajouter sur votre site Web Google Sites sans avoir besoin d&rsquo;acheter un abonnement payant. Gr\u00e2ce \u00e0 notre \u00e9diteur intuitif, tout internaute peut cr\u00e9er un widget Tableau de tarification en ligne et l&rsquo;int\u00e9grer facilement \u00e0 son site Web Google Sites. Il n&rsquo;est pas n\u00e9cessaire de payer ou de saisir les informations d&rsquo;identification de votre carte pour acc\u00e9der au service. Si vous rencontrez des probl\u00e8mes \u00e0 n&rsquo;importe quelle \u00e9tape, n&rsquo;h\u00e9sitez pas \u00e0 contacter notre \u00e9quipe d&rsquo;assistance technique.<\/p> <\/div>\r\n\t\t\t\t\t<\/div>\r\n\t\t\t\t<\/div> <\/div> <\/div>","protected":false},"excerpt":{"rendered":"","protected":false},"author":18,"featured_media":0,"parent":1096,"menu_order":0,"comment_status":"closed","ping_status":"closed","template":"templates\/template-application-platform.php","meta":{"publish_to_discourse":"","publish_post_category":"","wpdc_auto_publish_overridden":"","wpdc_topic_tags":"","wpdc_pin_topic":"","wpdc_pin_until":"","discourse_post_id":"","discourse_permalink":"","wpdc_publishing_response":"","wpdc_publishing_error":"","footnotes":""},"class_list":["post-5259","page","type-page","status-publish","hentry"],"yoast_head":"<!-- This site is optimized with the Yoast SEO plugin v25.3.1 - https:\/\/yoast.com\/wordpress\/plugins\/seo\/ -->\n<title>Tableau de prix - ajoutez plugin Prix showcase sur Google Sites<\/title>\n<meta name=\"description\" content=\"Int\u00e9grez un Tableau de prix attractif sur votre site. Appliquez la d\u00e9mo d&#039;Elfsight et g\u00e9n\u00e9rez votre widget en 2 minutes.\" \/>\n<meta name=\"robots\" content=\"index, follow, max-snippet:-1, max-image-preview:large, max-video-preview:-1\" \/>\n<link rel=\"canonical\" href=\"https:\/\/elfsight.com\/fr\/pricing-table-plugin\/google-sites\/\" \/>\n<meta property=\"og:locale\" content=\"fr_FR\" \/>\n<meta property=\"og:type\" content=\"article\" \/>\n<meta property=\"og:title\" content=\"Tableau de prix - ajoutez plugin Prix showcase sur Google Sites\" \/>\n<meta property=\"og:description\" content=\"Int\u00e9grez un Tableau de prix attractif sur votre site. Appliquez la d\u00e9mo d&#039;Elfsight et g\u00e9n\u00e9rez votre widget en 2 minutes.\" \/>\n<meta property=\"og:url\" content=\"https:\/\/elfsight.com\/fr\/pricing-table-plugin\/google-sites\/\" \/>\n<meta property=\"og:site_name\" content=\"Elfsight FR\" \/>\n<meta property=\"article:modified_time\" content=\"2025-07-10T12:43:13+00:00\" \/>\n<meta name=\"twitter:card\" content=\"summary_large_image\" \/>\n<meta name=\"twitter:label1\" content=\"Dur\u00e9e de lecture estim\u00e9e\" \/>\n\t<meta name=\"twitter:data1\" content=\"1 minute\" \/>\n<!-- \/ Yoast SEO plugin. -->","yoast_head_json":{"title":"Tableau de prix - ajoutez plugin Prix showcase sur Google Sites","description":"Int\u00e9grez un Tableau de prix attractif sur votre site. Appliquez la d\u00e9mo d'Elfsight et g\u00e9n\u00e9rez votre widget en 2 minutes.","robots":{"index":"index","follow":"follow","max-snippet":"max-snippet:-1","max-image-preview":"max-image-preview:large","max-video-preview":"max-video-preview:-1"},"canonical":"https:\/\/elfsight.com\/fr\/pricing-table-plugin\/google-sites\/","og_locale":"fr_FR","og_type":"article","og_title":"Tableau de prix - ajoutez plugin Prix showcase sur Google Sites","og_description":"Int\u00e9grez un Tableau de prix attractif sur votre site. Appliquez la d\u00e9mo d'Elfsight et g\u00e9n\u00e9rez votre widget en 2 minutes.","og_url":"https:\/\/elfsight.com\/fr\/pricing-table-plugin\/google-sites\/","og_site_name":"Elfsight FR","article_modified_time":"2025-07-10T12:43:13+00:00","twitter_card":"summary_large_image","twitter_misc":{"Dur\u00e9e de lecture estim\u00e9e":"1 minute"},"schema":{"@context":"https:\/\/schema.org","@graph":[{"@type":"WebPage","@id":"https:\/\/elfsight.com\/fr\/pricing-table-plugin\/google-sites\/","url":"https:\/\/elfsight.com\/fr\/pricing-table-plugin\/google-sites\/","name":"Tableau de prix - ajoutez plugin Prix showcase sur Google Sites","isPartOf":{"@id":"https:\/\/elfsight.com\/fr\/#website"},"datePublished":"2021-12-03T09:33:36+00:00","dateModified":"2025-07-10T12:43:13+00:00","description":"Int\u00e9grez un Tableau de prix attractif sur votre site. Appliquez la d\u00e9mo d'Elfsight et g\u00e9n\u00e9rez votre widget en 2 minutes.","breadcrumb":{"@id":"https:\/\/elfsight.com\/fr\/pricing-table-plugin\/google-sites\/#breadcrumb"},"inLanguage":"fr-FR","potentialAction":[{"@type":"ReadAction","target":["https:\/\/elfsight.com\/fr\/pricing-table-plugin\/google-sites\/"]}]},{"@type":"BreadcrumbList","@id":"https:\/\/elfsight.com\/fr\/pricing-table-plugin\/google-sites\/#breadcrumb","itemListElement":[{"@type":"ListItem","position":1,"name":"Home","item":"https:\/\/elfsight.com\/fr\/"},{"@type":"ListItem","position":2,"name":"Pricing Table","item":"https:\/\/elfsight.com\/fr\/pricing-table-plugin\/"},{"@type":"ListItem","position":3,"name":"Pricing Table &#8211; Google Sites"}]},{"@type":"WebSite","@id":"https:\/\/elfsight.com\/fr\/#website","url":"https:\/\/elfsight.com\/fr\/","name":"Elfsight FR","description":"","potentialAction":[{"@type":"SearchAction","target":{"@type":"EntryPoint","urlTemplate":"https:\/\/elfsight.com\/fr\/?s={search_term_string}"},"query-input":{"@type":"PropertyValueSpecification","valueRequired":true,"valueName":"search_term_string"}}],"inLanguage":"fr-FR"}]}},"meta_box":{"industry":"","seo_heading":"","heading":"","description":"","cta_heading":"","cta_description":"","application":"1089","h1":"Plugin Tableau de prix pour Google Sites","h1_caption":"Pr\u00e9sentez vos options de tarification de mani\u00e8re claire et attrayante, aidant ainsi les clients \u00e0 choisir sans effort le forfait adapt\u00e9 \u00e0 leurs besoins sur vos sites Google.","application_category":[],"applications_title":"","applications_request_title":"","applications_request_button_text":"","hero_text":"","hero_video":"","hero_video_schema_markup":"","selling_points_title":"","selling_points_caption":"","selling_points":[],"selling_points_cta_text":"","features_title":"","features":"","ed_cta_examples_text":"","ed_cta_examples_hidden":"","ed_cta_demo_text":"","ed_cta_demo_hidden":"","why_caption":"","why_editor_title":"","why_editor_text":"","why_team_title":"","why_team_text":"","why_service_title":"","why_service_text":"","template_catalog_visible":"","template_catalog_title":"","template_catalog_text":"","template_catalog_categories_visible":"","demo_title":"Cr\u00e9ez votre widget Tableau de tarification","demo_caption":"Configurez votre tableau de prix et ajoutez-le gratuitement \u00e0 votre site Web Google Sites\u00a0!","default_faq_hidden":"","app_template_category":[],"platform":"423","template_public_id":"","codecanyon_url":"","codecanyon_item_id":"","codecanyon_price":"","pricing_caption":"","pricing_elfsight_apps_hide_column":"","pricing_elfsight_apps_url":"","pricing_codecanyon_price_caption":"","integration_category":[],"integration_request_title":"","integration_request_cta":"","integration_platform":"","integrations":[],"platform_category":[],"video_schema_markup":"","price":"\u00c0 partir de $0\/mois","trial":"","benefits":[{"text":"Installation gratuite"},{"text":"Support Premium"},{"text":"Garantie de remboursement de 14 jours"},{"text":"L'am\u00e9lioration continue"}],"button_url":"#demo","button_target_blank":"0","button_nofollow":"0","attributes":[{"name":"Nombre d'installations","content":"1,000 - 5,000","_state":"expanded"},{"name":"Adaptif","content":"Oui","_state":"expanded"},{"name":"Navigateurs compatibles","content":"Firefox, Safari, Opera, Chrome, Edge","_state":"expanded"}],"tags":[],"tags_disable_links":"0","hide_more_platforms":"","video_object":"","demo_hide_cta":"0","demo_hide_cloud_options":"0","pricing_title":"","pricing":[{"pricing_icon":"platform","pricing_title":"Applications d'Elfsight","pricing_title_caption":"Solution num\u00e9rique multiplateforme qui fonctionne sur n'importe quel site","pricing_price":"\u00c0 partir de $0\/mois","pricing_price_caption":"Commencez avec un plan gratuit","pricing_benefits":[{"text":"Sites Web illimit\u00e9s"},{"text":"\u00c9quipe d'assistance professionnelle"},{"text":"Service d'installation gratuit"},{"text":"100% personnalisable"}],"pricing_button_text":"Ajouter au site Web","pricing_button_url":"https:\/\/apps.elfsight.com\/sign-up\/","pricing_button_nofollow":"1","_state":"expanded"}],"related_apps_title":"","related_apps_hidden":"1","author":"","image":[],"title":"","job":"","social_networks":[]},"_links":{"self":[{"href":"https:\/\/elfsight.com\/fr\/wp-json\/wp\/v2\/pages\/5259","targetHints":{"allow":["GET"]}}],"collection":[{"href":"https:\/\/elfsight.com\/fr\/wp-json\/wp\/v2\/pages"}],"about":[{"href":"https:\/\/elfsight.com\/fr\/wp-json\/wp\/v2\/types\/page"}],"author":[{"embeddable":true,"href":"https:\/\/elfsight.com\/fr\/wp-json\/wp\/v2\/users\/18"}],"replies":[{"embeddable":true,"href":"https:\/\/elfsight.com\/fr\/wp-json\/wp\/v2\/comments?post=5259"}],"version-history":[{"count":2,"href":"https:\/\/elfsight.com\/fr\/wp-json\/wp\/v2\/pages\/5259\/revisions"}],"predecessor-version":[{"id":14687,"href":"https:\/\/elfsight.com\/fr\/wp-json\/wp\/v2\/pages\/5259\/revisions\/14687"}],"up":[{"embeddable":true,"href":"https:\/\/elfsight.com\/fr\/wp-json\/wp\/v2\/pages\/1096"}],"wp:attachment":[{"href":"https:\/\/elfsight.com\/fr\/wp-json\/wp\/v2\/media?parent=5259"}],"curies":[{"name":"wp","href":"https:\/\/api.w.org\/{rel}","templated":true}]}}