{"id":5243,"date":"2021-12-03T10:07:26","date_gmt":"2021-12-03T10:07:26","guid":{"rendered":"https:\/\/elfsight.com\/fr\/?page_id=5243"},"modified":"2025-07-10T12:38:43","modified_gmt":"2025-07-10T12:38:43","slug":"woocommerce","status":"publish","type":"page","link":"https:\/\/elfsight.com\/fr\/popup-widget\/woocommerce\/","title":{"rendered":"Number Counter &#8211; WooCommerce"},"content":{"rendered":"<div class=\"application-platform-content-item-description application-platform-content-item\" id=\"description\" data-nav-section=\"description\"> <h2>Description<\/h2> <p>Le Number Counter est un plugin facile \u00e0 utiliser pour WooCommerce avec un large \u00e9ventail de fonctionnalit\u00e9s. C\u2019est bien pour vanter vos splendides r\u00e9sultats commerciaux, le nombre de travaux que vous avez r\u00e9alis\u00e9s jusqu\u2019\u00e0 pr\u00e9sent et bien d\u2019autres encore. Le plugin est extr\u00eamement flexible. Vous \u00eates libre de construire n&rsquo;importe quel nombre de pions, de les disposer en colonnes, de choisir des ic\u00f4nes dans notre biblioth\u00e8que ou de t\u00e9l\u00e9charger votre personnalisation, de les rendre color\u00e9s ou de couleur unie, d&rsquo;attacher des titres pour clarifier les nombres que vous d\u00e9montrez, de repeindre n&rsquo;importe quel \u00e9l\u00e9ment, de choisir l&rsquo;image d&rsquo;arri\u00e8re-plan, et ce n&rsquo;est m\u00eame pas la moiti\u00e9. Commencez \u00e0 cr\u00e9er votre fonctionnalit\u00e9 d\u00e8s maintenant et regardez les statistiques cl\u00e9s de votre entreprise cro\u00eetre rapidement\u00a0! <\/p> <p><b>Montrez vos r\u00e9alisations impressionnantes \u00e0 vos futurs clients. Augmentez la quantit\u00e9 de transactions et de leads r\u00e9ussis\u00a0! <\/b><\/p> <\/div> <div class=\"application-platform-content-item-features application-platform-content-item\" id=\"features\" data-nav-section=\"features\"> <h2>D\u00e9couvrez la liste des fonctionnalit\u00e9s les plus utiles\u00a0: <\/h2> <ul><li>Un nombre illimit\u00e9 de compteurs. <\/li><li>N&rsquo;importe quel nombre de colonnes. <\/li><li>Ajoutez des titres, des titres, des pr\u00e9fixes et des suffixes. <\/li><li>D\u00e9cidez de la cat\u00e9gorie d&rsquo;ic\u00f4nes\u00a0: prenez-la dans notre biblioth\u00e8que ou t\u00e9l\u00e9chargez votre personnalisation. <\/li><li>Ajouter des liens. <\/li><\/ul><p><a href=\"#demo\">Essayez simplement cette d\u00e9mo pour voir comment elle fonctionne<\/a><\/p> <\/div> <div class=\"application-platform-content-item-installation application-platform-content-item\" id=\"installation\" data-nav-section=\"installation\"> <h2>Comment int\u00e9grer Number Counter sur mon site WooCommerce ? <\/h2> <p>Suivez simplement les instructions ci-dessous pour int\u00e9grer le plugin. <\/p> <ol><li><b>Utilisez notre d\u00e9mo gratuite et commencez \u00e0 cr\u00e9er votre instrument unique. <\/b><br> D\u00e9terminez l&rsquo;apparence personnalis\u00e9e et les sp\u00e9cifications de l&rsquo;outil et enregistrez les corrections. <\/li> <li><b>Acqu\u00e9rir le code personnel qui est affich\u00e9 dans le formulaire sp\u00e9cial sur Elfsight Apps. <\/b><br> Une fois la cr\u00e9ation de votre plugin termin\u00e9e, copiez le code exclusif dans la fen\u00eatre contextuelle apparue et conservez-le pour d&rsquo;autres besoins. <\/li> <li><b>Commencez \u00e0 utiliser l&rsquo;outil sur votre page Web WooCommerce. <\/b><br> Int\u00e9grez le code que vous avez enregistr\u00e9 r\u00e9cemment dans votre page Web et enregistrez les modifications. <\/li> <li><b>L&rsquo;installation s&rsquo;est termin\u00e9e avec succ\u00e8s. <\/b><br> Acc\u00e9dez \u00e0 votre page Web pour observer le fonctionnement du widget. <\/li><\/ol> <p>En cas de questions ou de complications, n&rsquo;h\u00e9sitez pas \u00e0 demander l&rsquo;aide de notre \u00e9quipe d&rsquo;assistance. Nos consultants seront ravis de vous aider avec toutes les difficult\u00e9s que vous pourriez rencontrer avec le plugin. <\/p> <div class=\"faq\" data-component=\"FAQ\"><div class=\"faq-item\">\r\n\t\t\t\t\t<div class=\"faq-item-question\">\r\n\t\t\t\t\t\t<h3 class=\"faq-item-question-text\">Existe-t-il un moyen d'ajouter Number Counter \u00e0 mon site Web WooCommerce sans comp\u00e9tences en codage ?<\/h3>\r\n\r\n\t\t\t\t\t\t<div class=\"faq-item-question-icon\"><\/div>\r\n\t\t\t\t\t<\/div>\r\n\r\n\t\t\t\t\t<div class=\"faq-item-answer\">\r\n\t\t\t\t\t\t<div class=\"faq-item-answer-text\"> <p>La soci\u00e9t\u00e9 Elfsight propose une solution qui permet \u00e0 un large public de cr\u00e9er vous-m\u00eame un widget Number Counter , d\u00e9couvrez les instructions simples\u00a0: Acc\u00e9dez \u00e0 la d\u00e9mo en direct pour g\u00e9n\u00e9rer un plugin Number Counter que vous aimeriez voir sur votre site Web WooCommerce. S\u00e9lectionnez l&rsquo;un de nos mod\u00e8les pr\u00e9d\u00e9finis et modifiez les param\u00e8tres du compteur de nombres, mettez \u00e0 jour votre contenu, changez la disposition et la couleur des \u00e9l\u00e9ments sans aucune exp\u00e9rience de codage. Cliquez pour enregistrer le compteur de num\u00e9ros et obtenir le code d&rsquo;installation du widget, que vous pouvez facilement int\u00e9grer gratuitement dans votre page d&rsquo;accueil WooCommerce. En travaillant dans notre \u00e9diteur convivial, tout internaute peut cr\u00e9er la section Compteur de num\u00e9ros et l&rsquo;ajouter sans effort \u00e0 la page d&rsquo;accueil de WooCommerce. Il n&rsquo;est pas n\u00e9cessaire de payer ni de saisir les donn\u00e9es de votre carte pour acc\u00e9der \u00e0 l&rsquo;\u00c9diteur. Si vous rencontrez des probl\u00e8mes \u00e0 un moment donn\u00e9, n&rsquo;h\u00e9sitez pas \u00e0 contacter notre \u00e9quipe d&rsquo;assistance.<\/p> <\/div>\r\n\t\t\t\t\t<\/div>\r\n\t\t\t\t<\/div> <\/div><\/div>","protected":false},"excerpt":{"rendered":"","protected":false},"author":18,"featured_media":0,"parent":968,"menu_order":0,"comment_status":"closed","ping_status":"closed","template":"templates\/template-application-platform.php","meta":{"publish_to_discourse":"","publish_post_category":"","wpdc_auto_publish_overridden":"","wpdc_topic_tags":"","wpdc_pin_topic":"","wpdc_pin_until":"","discourse_post_id":"","discourse_permalink":"","wpdc_publishing_response":"","wpdc_publishing_error":"","footnotes":""},"class_list":["post-5243","page","type-page","status-publish","hentry"],"yoast_head":"<!-- This site is optimized with the Yoast SEO plugin v25.3.1 - https:\/\/yoast.com\/wordpress\/plugins\/seo\/ -->\n<title>Compteur de chiffre - ajoutez plugin Compteur de nombre sur WooCommerce<\/title>\n<meta name=\"description\" content=\"Int\u00e9grez un Compteur de chiffre attractif sur votre site. Utilisez la d\u00e9mo d&#039;Elfsight et g\u00e9n\u00e9rez votre widget en 2 minutes.\" \/>\n<meta name=\"robots\" content=\"index, follow, max-snippet:-1, max-image-preview:large, max-video-preview:-1\" \/>\n<link rel=\"canonical\" href=\"https:\/\/elfsight.com\/fr\/popup-widget\/woocommerce\/\" \/>\n<meta property=\"og:locale\" content=\"fr_FR\" \/>\n<meta property=\"og:type\" content=\"article\" \/>\n<meta property=\"og:title\" content=\"Compteur de chiffre - ajoutez plugin Compteur de nombre sur WooCommerce\" \/>\n<meta property=\"og:description\" content=\"Int\u00e9grez un Compteur de chiffre attractif sur votre site. Utilisez la d\u00e9mo d&#039;Elfsight et g\u00e9n\u00e9rez votre widget en 2 minutes.\" \/>\n<meta property=\"og:url\" content=\"https:\/\/elfsight.com\/fr\/popup-widget\/woocommerce\/\" \/>\n<meta property=\"og:site_name\" content=\"Elfsight FR\" \/>\n<meta property=\"article:modified_time\" content=\"2025-07-10T12:38:43+00:00\" \/>\n<meta name=\"twitter:card\" content=\"summary_large_image\" \/>\n<meta name=\"twitter:label1\" content=\"Dur\u00e9e de lecture estim\u00e9e\" \/>\n\t<meta name=\"twitter:data1\" content=\"1 minute\" \/>\n<!-- \/ Yoast SEO plugin. -->","yoast_head_json":{"title":"Compteur de chiffre - ajoutez plugin Compteur de nombre sur WooCommerce","description":"Int\u00e9grez un Compteur de chiffre attractif sur votre site. Utilisez la d\u00e9mo d'Elfsight et g\u00e9n\u00e9rez votre widget en 2 minutes.","robots":{"index":"index","follow":"follow","max-snippet":"max-snippet:-1","max-image-preview":"max-image-preview:large","max-video-preview":"max-video-preview:-1"},"canonical":"https:\/\/elfsight.com\/fr\/popup-widget\/woocommerce\/","og_locale":"fr_FR","og_type":"article","og_title":"Compteur de chiffre - ajoutez plugin Compteur de nombre sur WooCommerce","og_description":"Int\u00e9grez un Compteur de chiffre attractif sur votre site. Utilisez la d\u00e9mo d'Elfsight et g\u00e9n\u00e9rez votre widget en 2 minutes.","og_url":"https:\/\/elfsight.com\/fr\/popup-widget\/woocommerce\/","og_site_name":"Elfsight FR","article_modified_time":"2025-07-10T12:38:43+00:00","twitter_card":"summary_large_image","twitter_misc":{"Dur\u00e9e de lecture estim\u00e9e":"1 minute"},"schema":{"@context":"https:\/\/schema.org","@graph":[{"@type":"WebPage","@id":"https:\/\/elfsight.com\/fr\/popup-widget\/woocommerce\/","url":"https:\/\/elfsight.com\/fr\/popup-widget\/woocommerce\/","name":"Compteur de chiffre - ajoutez plugin Compteur de nombre sur WooCommerce","isPartOf":{"@id":"https:\/\/elfsight.com\/fr\/#website"},"datePublished":"2021-12-03T10:07:26+00:00","dateModified":"2025-07-10T12:38:43+00:00","description":"Int\u00e9grez un Compteur de chiffre attractif sur votre site. Utilisez la d\u00e9mo d'Elfsight et g\u00e9n\u00e9rez votre widget en 2 minutes.","breadcrumb":{"@id":"https:\/\/elfsight.com\/fr\/popup-widget\/woocommerce\/#breadcrumb"},"inLanguage":"fr-FR","potentialAction":[{"@type":"ReadAction","target":["https:\/\/elfsight.com\/fr\/popup-widget\/woocommerce\/"]}]},{"@type":"BreadcrumbList","@id":"https:\/\/elfsight.com\/fr\/popup-widget\/woocommerce\/#breadcrumb","itemListElement":[{"@type":"ListItem","position":1,"name":"Home","item":"https:\/\/elfsight.com\/fr\/"},{"@type":"ListItem","position":2,"name":"Popup","item":"https:\/\/elfsight.com\/fr\/popup-widget\/"},{"@type":"ListItem","position":3,"name":"Number Counter &#8211; WooCommerce"}]},{"@type":"WebSite","@id":"https:\/\/elfsight.com\/fr\/#website","url":"https:\/\/elfsight.com\/fr\/","name":"Elfsight FR","description":"","potentialAction":[{"@type":"SearchAction","target":{"@type":"EntryPoint","urlTemplate":"https:\/\/elfsight.com\/fr\/?s={search_term_string}"},"query-input":{"@type":"PropertyValueSpecification","valueRequired":true,"valueName":"search_term_string"}}],"inLanguage":"fr-FR"}]}},"meta_box":{"industry":"","seo_heading":"","heading":"","description":"","cta_heading":"","cta_description":"","application":"965","h1":"Plugin Compteur de chiffre pour WooCommerce","h1_caption":"Affichez les statistiques et les jalons cl\u00e9s avec des compteurs anim\u00e9s pour mettre en \u00e9vidence vos r\u00e9alisations de mani\u00e8re attrayante sur votre site Web WooCommerce sans effort.","application_category":[],"applications_title":"","applications_request_title":"","applications_request_button_text":"","hero_text":"","hero_video":"","hero_video_schema_markup":"","selling_points_title":"","selling_points_caption":"","selling_points":[],"selling_points_cta_text":"","features_title":"","features":"","ed_cta_examples_text":"","ed_cta_examples_hidden":"","ed_cta_demo_text":"","ed_cta_demo_hidden":"","why_caption":"","why_editor_title":"","why_editor_text":"","why_team_title":"","why_team_text":"","why_service_title":"","why_service_text":"","template_catalog_visible":"","template_catalog_title":"","template_catalog_text":"","template_catalog_categories_visible":"","demo_title":"Cr\u00e9ez votre application Number Counter","demo_caption":"Configurez votre compteur de num\u00e9ros et ajoutez-le gratuitement \u00e0 votre site Web WooCommerce\u00a0!","default_faq_hidden":"","app_template_category":[],"platform":"397","template_public_id":"","codecanyon_url":"","codecanyon_item_id":"","codecanyon_price":"","pricing_caption":"","pricing_elfsight_apps_hide_column":"","pricing_elfsight_apps_url":"","pricing_codecanyon_price_caption":"","integration_category":[],"integration_request_title":"","integration_request_cta":"","integration_platform":"","integrations":[],"platform_category":[],"video_schema_markup":"","price":"\u00c0 partir de $0\/mois","trial":"","benefits":[{"text":"Installation gratuite"},{"text":"Support Premium"},{"text":"Garantie de remboursement de 14 jours"},{"text":"L'am\u00e9lioration continue"}],"button_url":"#demo","button_target_blank":"0","button_nofollow":"0","attributes":[{"name":"Nombre d'installations","content":"1,000 - 5,000","_state":"expanded"},{"name":"Adaptif","content":"Oui","_state":"expanded"},{"name":"Navigateurs compatibles","content":"Firefox, Safari, Opera, Chrome, Edge","_state":"expanded"}],"tags":[],"tags_disable_links":"0","hide_more_platforms":"","video_object":"","demo_hide_cta":"0","demo_hide_cloud_options":"0","pricing_title":"","pricing":[{"pricing_icon":"platform","pricing_title":"Applications d'Elfsight","pricing_title_caption":"Solution num\u00e9rique multiplateforme qui fonctionne sur n'importe quel site","pricing_price":"\u00c0 partir de $0\/mois","pricing_price_caption":"Commencez avec un plan gratuit","pricing_benefits":[{"text":"Sites Web illimit\u00e9s"},{"text":"\u00c9quipe d'assistance professionnelle"},{"text":"Service d'installation gratuit"},{"text":"100% personnalisable"}],"pricing_button_text":"Ajouter au site Web","pricing_button_url":"https:\/\/apps.elfsight.com\/sign-up\/","pricing_button_nofollow":"1","_state":"expanded"}],"related_apps_title":"","related_apps_hidden":"1","author":"","image":[],"title":"","job":"","social_networks":[]},"_links":{"self":[{"href":"https:\/\/elfsight.com\/fr\/wp-json\/wp\/v2\/pages\/5243","targetHints":{"allow":["GET"]}}],"collection":[{"href":"https:\/\/elfsight.com\/fr\/wp-json\/wp\/v2\/pages"}],"about":[{"href":"https:\/\/elfsight.com\/fr\/wp-json\/wp\/v2\/types\/page"}],"author":[{"embeddable":true,"href":"https:\/\/elfsight.com\/fr\/wp-json\/wp\/v2\/users\/18"}],"replies":[{"embeddable":true,"href":"https:\/\/elfsight.com\/fr\/wp-json\/wp\/v2\/comments?post=5243"}],"version-history":[{"count":2,"href":"https:\/\/elfsight.com\/fr\/wp-json\/wp\/v2\/pages\/5243\/revisions"}],"predecessor-version":[{"id":14596,"href":"https:\/\/elfsight.com\/fr\/wp-json\/wp\/v2\/pages\/5243\/revisions\/14596"}],"up":[{"embeddable":true,"href":"https:\/\/elfsight.com\/fr\/wp-json\/wp\/v2\/pages\/968"}],"wp:attachment":[{"href":"https:\/\/elfsight.com\/fr\/wp-json\/wp\/v2\/media?parent=5243"}],"curies":[{"name":"wp","href":"https:\/\/api.w.org\/{rel}","templated":true}]}}