{"id":5241,"date":"2021-12-03T10:07:29","date_gmt":"2021-12-03T10:07:29","guid":{"rendered":"https:\/\/elfsight.com\/fr\/?page_id=5241"},"modified":"2025-10-30T09:43:43","modified_gmt":"2025-10-30T09:43:43","slug":"wix","status":"publish","type":"page","link":"https:\/\/elfsight.com\/fr\/popup-widget\/wix\/","title":{"rendered":"Number Counter &#8211; Wix"},"content":{"rendered":"\n<div class=\"application-platform-content-item-description application-platform-content-item\" id=\"description\" data-nav-section=\"description\">\n<h2>Description<\/h2>\n<p>Le Compteur de nombres est une application conviviale pour Wix avec un large \u00e9ventail de fonctionnalit\u00e9s. C&rsquo;est id\u00e9al pour vanter vos indices commerciaux remarquables, le nombre de travaux r\u00e9alis\u00e9s jusqu&rsquo;\u00e0 pr\u00e9sent et bien plus encore. L\u2019outil est extr\u00eamement flexible. Vous \u00eates libre de cr\u00e9er n&rsquo;importe quel nombre de compteurs, de les disposer en colonnes, de choisir des ic\u00f4nes dans notre biblioth\u00e8que ou de t\u00e9l\u00e9charger les v\u00f4tres, de les rendre multicolores ou monochromatiques, de joindre des titres pour fournir \u00e0 vos utilisateurs des informations imaginables, de recolorer n&rsquo;importe quelle fonctionnalit\u00e9, de choisir l&rsquo;image d&rsquo;arri\u00e8re-plan, et ce n&rsquo;est pas tout. Commencez \u00e0 cr\u00e9er votre application d\u00e8s maintenant et regardez vos statistiques commerciales cruciales cro\u00eetre rapidement\u00a0!<\/p>\n<p><b>Montrez vos brillantes r\u00e9alisations \u00e0 vos futurs clients. Obtenez plus d&rsquo;offres et de prospects r\u00e9ussis\u00a0!<\/b><\/p>\n<\/div>\n\n<div class=\"application-platform-content-item-features application-platform-content-item\" id=\"features\" data-nav-section=\"features\">\n<h2>Le widget offre des fonctionnalit\u00e9s puissantes et simples, en voici quelques-unes\u00a0:<\/h2>\n<ul>\n    <li>N&rsquo;importe quelle quantit\u00e9 de compteurs.<\/li>\n    <li>Nombre illimit\u00e9 de colonnes.<\/li>\n    <li>Joignez les l\u00e9gendes, les titres, les pr\u00e9fixes et les suffixes.<\/li>\n    <li>D\u00e9cidez de la cat\u00e9gorie d&rsquo;ic\u00f4nes &#8211; prenez-la dans notre biblioth\u00e8que ou t\u00e9l\u00e9chargez vos ic\u00f4nes personnalis\u00e9es.<\/li>\n    <li>Joindre des liens.<\/li>\n<\/ul>\n<p><a href=\"#demo\">Vous pouvez essayer toutes les fonctionnalit\u00e9s de l&rsquo;application dans la d\u00e9mo ci-dessous<\/a><\/p>\n<\/div>\n\n<div class=\"faq\" data-component=\"FAQ\">\n    <div class=\"faq-item\">\r\n\t\t\t\t\t<div class=\"faq-item-question\">\r\n\t\t\t\t\t\t<h3 class=\"faq-item-question-text\">Comment ajouter le widget anim\u00e9 Number Counter \u00e0 Wix ?<\/h3>\r\n\r\n\t\t\t\t\t\t<div class=\"faq-item-question-icon\"><\/div>\r\n\t\t\t\t\t<\/div>\r\n\r\n\t\t\t\t\t<div class=\"faq-item-answer\">\r\n\t\t\t\t\t\t<div class=\"faq-item-answer-text\">\n    <p>L&rsquo;ajout au site Web prend 90 secondes. De plus, vous n\u2019avez besoin d\u2019aucune comp\u00e9tence en programmation.<\/p>\n    <ol>\n        <li>Personnalisez le widget pour Wix dans le configurateur gratuit et voyez les modifications en direct.<\/li>\n        <li>Obtenez votre code d&rsquo;installation personnel.<\/li>\n        <li>Int\u00e9grez le code \u00e0 l&rsquo;endroit n\u00e9cessaire dans le backend du site Wix.<\/li>\n        <li>C&rsquo;est tout\u00a0! La configuration du plugin compteur de num\u00e9ros sur Wix est termin\u00e9e !<\/li>\n    <\/ol>\n    <p>Vous rencontrez des probl\u00e8mes pour ins\u00e9rer le plugin dans Wix ou pour formater le compteur num\u00e9rique\u00a0? Vous pouvez d\u00e9couvrir le guide complet <a href=\"https:\/\/elfsight.com\/tutorials\/how-to-add-number-counter-to-website\/#how-to-add-number-counter-to-wix\">sur cette page<\/a>.<\/p>\n    <\/div>\r\n\t\t\t\t\t<\/div>\r\n\t\t\t\t<\/div>\n\n    <div class=\"faq-item\">\r\n\t\t\t\t\t<div class=\"faq-item-question\">\r\n\t\t\t\t\t\t<h3 class=\"faq-item-question-text\">Ai-je la possibilit\u00e9 de voir \u00e0 quoi ressemblera le widget sur un site ?<\/h3>\r\n\r\n\t\t\t\t\t\t<div class=\"faq-item-question-icon\"><\/div>\r\n\t\t\t\t\t<\/div>\r\n\r\n\t\t\t\t\t<div class=\"faq-item-answer\">\r\n\t\t\t\t\t\t<div class=\"faq-item-answer-text\">\n    <p>Absolument\u00a0! Lorsque vous cr\u00e9ez le widget Compteur de nombres Wix dans le <a href=\"https:\/\/elfsight.com\/number-counter-widget\/#demo\">constructeur en ligne gratuit<\/a>, vous pourrez voir toutes les modifications en direct. Le compteur aura exactement le m\u00eame aspect que celui que vous ajouterez \u00e0 un site Web Wix.<\/p>\n    <\/div>\r\n\t\t\t\t\t<\/div>\r\n\t\t\t\t<\/div>\n\n    <div class=\"faq-item\">\r\n\t\t\t\t\t<div class=\"faq-item-question\">\r\n\t\t\t\t\t\t<h3 class=\"faq-item-question-text\">Quels autres widgets sont n\u00e9cessaires pour un site Wix ?<\/h3>\r\n\r\n\t\t\t\t\t\t<div class=\"faq-item-question-icon\"><\/div>\r\n\t\t\t\t\t<\/div>\r\n\r\n\t\t\t\t\t<div class=\"faq-item-answer\">\r\n\t\t\t\t\t\t<div class=\"faq-item-answer-text\">\n    <p>Wix vous permet d&rsquo;ajouter autant de widgets que vous le souhaitez. Cependant, si vous avez besoin d&rsquo;instruments suppl\u00e9mentaires, vous trouverez tout ce dont vous avez besoin sur Elfsight.<\/p>\n    <p>Par exemple, il existe un <a href=\"https:\/\/elfsight.com\/pdf-embed-widget\/wix\/\">Widget d&rsquo;int\u00e9gration PDF<\/a> id\u00e9al pour les instructions et les documents officiels, <a href=\"https:\/\/elfsight.com\/instagram-feed-instashow\/wix\/\">Flux Instagram<\/a> &#8211; pour des galeries de photos d&rsquo;Instagram directement sur votre site Web, <a href=\"https:\/\/elfsight.com\/google-reviews-widget\/wix\/\">Avis Google<\/a> &#8211; pour des t\u00e9moignages de Google. <a href=\"https:\/\/elfsight.com\/whatsapp-chat-widget\/wix\/\">WhatsApp Chat<\/a> facilite la communication avec les clients via la messagerie la plus populaire, et le <a href=\"https:\/\/elfsight.com\/popup-widget\/wix\/\">Widget contextuel<\/a> peut \u00eatre utilis\u00e9 pour placer des notifications et des messages importants sur des pages Web.<\/p>\n    <\/div>\r\n\t\t\t\t\t<\/div>\r\n\t\t\t\t<\/div>\n<\/div>\n\n<div class=\"application-platform-content-item-installation application-platform-content-item\" id=\"installation\" data-nav-section=\"installation\">\n<h2>Comment ajouter Number Counter \u00e0 ma page Web Wix ?<\/h2>\n<div class=\"video-container\">\n<iframe width=\"720\" height=\"405\" src=\"https:\/\/www.youtube.com\/embed\/PRv0bQN-rn4?si=Me7IS_Vu42VqaViK\" frameborder=\"0\" allowfullscreen=\"\"><\/iframe>\n<\/div>\n<p>Suivez simplement les instructions ci-dessous pour commencer \u00e0 utiliser l&rsquo;application.<\/p>\n<ol>\n    <li><b>Utilisez notre d\u00e9mo gratuite et commencez \u00e0 cr\u00e9er votre application sur mesure.<\/b><br> Choisissez l&rsquo;interface et les aspects pr\u00e9f\u00e9r\u00e9s de l&rsquo;outil et enregistrez les modifications.<\/li>\n    <li><b>Copiez votre code individuel qui s&rsquo;affiche dans la fen\u00eatre des applications Elfsight.<\/b><br> Juste apr\u00e8s la configuration de votre outil personnel, copiez le code individuel dans la case qui appara\u00eet et conservez-le pour une utilisation ult\u00e9rieure.<\/li>\n    <li><b>Commencez \u00e0 utiliser le plugin sur la page Web Wix.<\/b><br> Placez le code copi\u00e9 pr\u00e9c\u00e9demment dans votre site Web et appliquez les ajustements.<\/li>\n    <li><b>Vous avez termin\u00e9\u00a0! L&rsquo;installation est termin\u00e9e avec succ\u00e8s.<\/b><br> Acc\u00e9dez \u00e0 votre site pour visualiser les performances du widget.<\/li>\n<\/ol>\n<p>Si vous avez des questions ou rencontrez des obstacles, n&rsquo;h\u00e9sitez pas \u00e0 contacter notre \u00e9quipe d&rsquo;assistance. Nos collaborateurs seront heureux de r\u00e9soudre toutes les questions que vous pourriez avoir concernant le produit.<\/p>\n<\/div>\n","protected":false},"excerpt":{"rendered":"","protected":false},"author":18,"featured_media":0,"parent":968,"menu_order":0,"comment_status":"closed","ping_status":"closed","template":"templates\/template-application-platform.php","meta":{"publish_to_discourse":"","publish_post_category":"","wpdc_auto_publish_overridden":"","wpdc_topic_tags":"","wpdc_pin_topic":"","wpdc_pin_until":"","discourse_post_id":"","discourse_permalink":"","wpdc_publishing_response":"","wpdc_publishing_error":"","footnotes":""},"class_list":["post-5241","page","type-page","status-publish","hentry"],"yoast_head":"<!-- This site is optimized with the Yoast SEO plugin v25.3.1 - https:\/\/yoast.com\/wordpress\/plugins\/seo\/ -->\n<title>Compteur de chiffre - ajoutez app Compteur de nombre sur Wix<\/title>\n<meta name=\"description\" content=\"Int\u00e9grez un Compteur de chiffre avantageux sur votre site. Appliquez la d\u00e9mo d&#039;Elfsight et g\u00e9n\u00e9rez votre plugin en deux minutes.\" \/>\n<meta name=\"robots\" content=\"index, follow, max-snippet:-1, max-image-preview:large, max-video-preview:-1\" \/>\n<link rel=\"canonical\" href=\"https:\/\/elfsight.com\/fr\/popup-widget\/wix\/\" \/>\n<meta property=\"og:locale\" content=\"fr_FR\" \/>\n<meta property=\"og:type\" content=\"article\" \/>\n<meta property=\"og:title\" content=\"Compteur de chiffre - ajoutez app Compteur de nombre sur Wix\" \/>\n<meta property=\"og:description\" content=\"Int\u00e9grez un Compteur de chiffre avantageux sur votre site. Appliquez la d\u00e9mo d&#039;Elfsight et g\u00e9n\u00e9rez votre plugin en deux minutes.\" \/>\n<meta property=\"og:url\" content=\"https:\/\/elfsight.com\/fr\/popup-widget\/wix\/\" \/>\n<meta property=\"og:site_name\" content=\"Elfsight FR\" \/>\n<meta property=\"article:modified_time\" content=\"2025-10-30T09:43:43+00:00\" \/>\n<meta name=\"twitter:card\" content=\"summary_large_image\" \/>\n<meta name=\"twitter:label1\" content=\"Dur\u00e9e de lecture estim\u00e9e\" \/>\n\t<meta name=\"twitter:data1\" content=\"4 minutes\" \/>\n<!-- \/ Yoast SEO plugin. -->","yoast_head_json":{"title":"Compteur de chiffre - ajoutez app Compteur de nombre sur Wix","description":"Int\u00e9grez un Compteur de chiffre avantageux sur votre site. Appliquez la d\u00e9mo d'Elfsight et g\u00e9n\u00e9rez votre plugin en deux minutes.","robots":{"index":"index","follow":"follow","max-snippet":"max-snippet:-1","max-image-preview":"max-image-preview:large","max-video-preview":"max-video-preview:-1"},"canonical":"https:\/\/elfsight.com\/fr\/popup-widget\/wix\/","og_locale":"fr_FR","og_type":"article","og_title":"Compteur de chiffre - ajoutez app Compteur de nombre sur Wix","og_description":"Int\u00e9grez un Compteur de chiffre avantageux sur votre site. Appliquez la d\u00e9mo d'Elfsight et g\u00e9n\u00e9rez votre plugin en deux minutes.","og_url":"https:\/\/elfsight.com\/fr\/popup-widget\/wix\/","og_site_name":"Elfsight FR","article_modified_time":"2025-10-30T09:43:43+00:00","twitter_card":"summary_large_image","twitter_misc":{"Dur\u00e9e de lecture estim\u00e9e":"4 minutes"},"schema":{"@context":"https:\/\/schema.org","@graph":[{"@type":"WebPage","@id":"https:\/\/elfsight.com\/fr\/popup-widget\/wix\/","url":"https:\/\/elfsight.com\/fr\/popup-widget\/wix\/","name":"Compteur de chiffre - ajoutez app Compteur de nombre sur Wix","isPartOf":{"@id":"https:\/\/elfsight.com\/fr\/#website"},"datePublished":"2021-12-03T10:07:29+00:00","dateModified":"2025-10-30T09:43:43+00:00","description":"Int\u00e9grez un Compteur de chiffre avantageux sur votre site. Appliquez la d\u00e9mo d'Elfsight et g\u00e9n\u00e9rez votre plugin en deux minutes.","breadcrumb":{"@id":"https:\/\/elfsight.com\/fr\/popup-widget\/wix\/#breadcrumb"},"inLanguage":"fr-FR","potentialAction":[{"@type":"ReadAction","target":["https:\/\/elfsight.com\/fr\/popup-widget\/wix\/"]}]},{"@type":"BreadcrumbList","@id":"https:\/\/elfsight.com\/fr\/popup-widget\/wix\/#breadcrumb","itemListElement":[{"@type":"ListItem","position":1,"name":"Home","item":"https:\/\/elfsight.com\/fr\/"},{"@type":"ListItem","position":2,"name":"Popup","item":"https:\/\/elfsight.com\/fr\/popup-widget\/"},{"@type":"ListItem","position":3,"name":"Number Counter &#8211; Wix"}]},{"@type":"WebSite","@id":"https:\/\/elfsight.com\/fr\/#website","url":"https:\/\/elfsight.com\/fr\/","name":"Elfsight FR","description":"","potentialAction":[{"@type":"SearchAction","target":{"@type":"EntryPoint","urlTemplate":"https:\/\/elfsight.com\/fr\/?s={search_term_string}"},"query-input":{"@type":"PropertyValueSpecification","valueRequired":true,"valueName":"search_term_string"}}],"inLanguage":"fr-FR"}]}},"meta_box":{"industry":"","seo_heading":"","heading":"","description":"","cta_heading":"","cta_description":"","application":"965","h1":"App Compteur de chiffre pour Wix","h1_caption":"Affichez les statistiques et les jalons cl\u00e9s avec des compteurs anim\u00e9s pour mettre en valeur vos r\u00e9alisations de mani\u00e8re attrayante sur votre site Web Wix, sans effort.","application_category":[],"applications_title":"","applications_request_title":"","applications_request_button_text":"","hero_text":"","hero_video":"","hero_video_schema_markup":"","selling_points_title":"","selling_points_caption":"","selling_points":[],"selling_points_cta_text":"","features_title":"","features":"","ed_cta_examples_text":"","ed_cta_examples_hidden":"","ed_cta_demo_text":"","ed_cta_demo_hidden":"","why_caption":"","why_editor_title":"","why_editor_text":"","why_team_title":"","why_team_text":"","why_service_title":"","why_service_text":"","template_catalog_visible":"0","template_catalog_title":"","template_catalog_text":"","template_catalog_categories_visible":"","demo_title":"Cr\u00e9ez votre application Number Counter","demo_caption":"Configurez votre compteur de num\u00e9ros et ajoutez-le gratuitement \u00e0 votre site Web Wix\u00a0!","default_faq_hidden":"","app_template_category":[],"platform":"345","template_public_id":"","codecanyon_url":"","codecanyon_item_id":"","codecanyon_price":"","pricing_caption":"","pricing_elfsight_apps_hide_column":"","pricing_elfsight_apps_url":"","pricing_codecanyon_price_caption":"","integration_category":[],"integration_request_title":"","integration_request_cta":"","integration_platform":"","integrations":[],"platform_category":[],"video_schema_markup":"","price":"\u00c0 partir de $0\/mois","trial":"","benefits":[{"text":"Installation gratuite"},{"text":"Support Premium"},{"text":"Garantie de remboursement de 14 jours"},{"text":"L'am\u00e9lioration continue"}],"button_url":"#demo","button_target_blank":"0","button_nofollow":"0","attributes":[{"name":"Nombre d'installations","content":"1,000 - 5,000","_state":"expanded"},{"name":"Adaptif","content":"Oui","_state":"expanded"},{"name":"Navigateurs compatibles","content":"Firefox, Safari, Opera, Chrome, Edge","_state":"expanded"}],"tags":[],"tags_disable_links":"0","hide_more_platforms":"","video_object":"","demo_hide_cta":"0","demo_hide_cloud_options":"0","pricing_title":"","pricing":[{"pricing_icon":"platform","pricing_title":"Applications d'Elfsight","pricing_title_caption":"Solution num\u00e9rique multiplateforme qui fonctionne sur n'importe quel site","pricing_price":"\u00c0 partir de $0\/mois","pricing_price_caption":"Commencez avec un plan gratuit","pricing_benefits":[{"text":"Sites Web illimit\u00e9s"},{"text":"\u00c9quipe d'assistance professionnelle"},{"text":"Service d'installation gratuit"},{"text":"100% personnalisable"}],"pricing_button_text":"Ajouter au site Web","pricing_button_url":"https:\/\/apps.elfsight.com\/sign-up\/","pricing_button_nofollow":"1","_state":"expanded"}],"related_apps_title":"","related_apps_hidden":"1","author":"","image":[],"title":"","job":"","social_networks":[]},"_links":{"self":[{"href":"https:\/\/elfsight.com\/fr\/wp-json\/wp\/v2\/pages\/5241","targetHints":{"allow":["GET"]}}],"collection":[{"href":"https:\/\/elfsight.com\/fr\/wp-json\/wp\/v2\/pages"}],"about":[{"href":"https:\/\/elfsight.com\/fr\/wp-json\/wp\/v2\/types\/page"}],"author":[{"embeddable":true,"href":"https:\/\/elfsight.com\/fr\/wp-json\/wp\/v2\/users\/18"}],"replies":[{"embeddable":true,"href":"https:\/\/elfsight.com\/fr\/wp-json\/wp\/v2\/comments?post=5241"}],"version-history":[{"count":2,"href":"https:\/\/elfsight.com\/fr\/wp-json\/wp\/v2\/pages\/5241\/revisions"}],"predecessor-version":[{"id":14214,"href":"https:\/\/elfsight.com\/fr\/wp-json\/wp\/v2\/pages\/5241\/revisions\/14214"}],"up":[{"embeddable":true,"href":"https:\/\/elfsight.com\/fr\/wp-json\/wp\/v2\/pages\/968"}],"wp:attachment":[{"href":"https:\/\/elfsight.com\/fr\/wp-json\/wp\/v2\/media?parent=5241"}],"curies":[{"name":"wp","href":"https:\/\/api.w.org\/{rel}","templated":true}]}}