{"id":5231,"date":"2021-12-03T10:07:42","date_gmt":"2021-12-03T10:07:42","guid":{"rendered":"https:\/\/elfsight.com\/fr\/?page_id=5231"},"modified":"2025-07-10T12:38:08","modified_gmt":"2025-07-10T12:38:08","slug":"shopify","status":"publish","type":"page","link":"https:\/\/elfsight.com\/fr\/popup-widget\/shopify\/","title":{"rendered":"Number Counter &#8211; Shopify"},"content":{"rendered":"<div class=\"application-platform-content-item-description application-platform-content-item\" id=\"description\" data-nav-section=\"description\"> <h2>Int\u00e9grer Number Counter sur Shopify avec le widget Elfsight<\/h2> <p>The Number Counter est une application g\u00e9rable pour Shopify avec de nombreuses options choisir. C\u2019est un excellent outil pour vanter vos r\u00e9sultats commerciaux remarquables, la quantit\u00e9 de travail que vous avez effectu\u00e9 et ce n\u2019est pas tout. Le widget est remarquablement flexible. N&rsquo;h\u00e9sitez pas \u00e0 cr\u00e9er un nombre illimit\u00e9 de compteurs, \u00e0 les composer en colonnes, \u00e0 choisir des ic\u00f4nes de notre collection ou \u00e0 t\u00e9l\u00e9charger les v\u00f4tres, \u00e0 les rendre multicolores ou monochromes, \u00e0 attacher des titres pour fournir \u00e0 votre public des informations facilement compr\u00e9hensibles, \u00e0 recolorer n&rsquo;importe quel \u00e9l\u00e9ment, \u00e0 choisir l&rsquo;image de fond, et ce n&rsquo;est m\u00eame pas la moiti\u00e9. Commencez simplement \u00e0 cr\u00e9er votre plugin maintenant et regardez vos statistiques commerciales cruciales cro\u00eetre\u00a0! <\/p> <p><b>Montrez vos brillantes r\u00e9alisations \u00e0 vos acheteurs potentiels. Augmentez le nombre de ventes et de leads r\u00e9ussis\u00a0! <\/b><\/p> <\/div> <div class=\"application-platform-content-item-features application-platform-content-item\" id=\"features\" data-nav-section=\"features\"> <h2>Voici quelques-unes des puissantes fonctionnalit\u00e9s de l&rsquo;application\u00a0: <\/h2> <ul><li>N&rsquo;importe quel nombre de compteurs. <\/li><li>Nombre illimit\u00e9 de colonnes. <\/li><li>Ajoutez des titres, des titres, des pr\u00e9fixes et des suffixes. <\/li><li>Choisissez le format d&rsquo;ic\u00f4ne &#8211; prenez-le dans notre collection ou t\u00e9l\u00e9chargez votre version personnalis\u00e9e. <\/li><li>Int\u00e9grer des liens. <\/li><\/ul><p><a href=\"#demo\">Vous pouvez tester toutes les fonctionnalit\u00e9s du widget dans la d\u00e9mo <\/a><\/p> <\/div> <div class=\"application-platform-content-item-installation  application-platform-content-item\" id=\"installation \" data-nav-section=\"installation \"> <h2>Comment int\u00e9grer Number Counter dans ma page Web Shopify\u00a0? <\/h2><div class=\"video-container\"><iframe width=\"720\" height=\"405\" src=\"https:\/\/www.youtube.com\/embed\/arBAf1b7z7I\" frameborder=\"0\" allowfullscreen=\"\"><\/iframe><\/div><p>Appliquez simplement les instructions ci-dessous pour ajouter le widget. <\/p> <ol><li><b>En lan\u00e7ant notre \u00e9diteur gratuit, commencez \u00e0 cr\u00e9er votre propre application. <\/b><br> Recherchez la conception et les param\u00e8tres souhait\u00e9s pour l&rsquo;application et appliquez les modifications. <\/li> <li><b>Recevez votre code unique r\u00e9v\u00e9l\u00e9 dans la veuve sur Elfsight Apps. <\/b><br> Une fois la personnalisation de votre plugin termin\u00e9e, copiez le code individuel dans la case qui appara\u00eet et conservez-le pour une utilisation ult\u00e9rieure. <\/li> <li><b>Lancer l&rsquo;application du widget sur le site Shopify. <\/b><br> Int\u00e9grez le code que vous avez enregistr\u00e9 auparavant dans votre page et enregistrez les modifications. <\/li> <li><b>Vous avez termin\u00e9\u00a0! L&rsquo;int\u00e9gration est termin\u00e9e avec succ\u00e8s. <\/b><br> Acc\u00e9dez \u00e0 votre page Web pour v\u00e9rifier les performances de l&rsquo;outil. <\/li><\/ol> <p>Si vous rencontrez des difficult\u00e9s, n&rsquo;h\u00e9sitez pas \u00e0 contacter notre service client. Nos collaborateurs seront ravis de r\u00e9soudre toutes les questions que vous pourriez vous poser avec le widget. <\/p> <div class=\"faq\" data-component=\"FAQ\"><div class=\"faq-item\">\r\n\t\t\t\t\t<div class=\"faq-item-question\">\r\n\t\t\t\t\t\t<h3 class=\"faq-item-question-text\">De quelle mani\u00e8re puis-je ajouter Number Counter \u00e0 mon site Shopify sans comp\u00e9tences en codage ?<\/h3>\r\n\r\n\t\t\t\t\t\t<div class=\"faq-item-question-icon\"><\/div>\r\n\t\t\t\t\t<\/div>\r\n\r\n\t\t\t\t\t<div class=\"faq-item-answer\">\r\n\t\t\t\t\t\t<div class=\"faq-item-answer-text\"> <p>La soci\u00e9t\u00e9 Elfsight propose une solution Cloud qui permet aux utilisateurs de cr\u00e9er vous-m\u00eame un plugin Number Counter, v\u00e9rifiez le guide simple\u00a0: commencez \u00e0 travailler directement dans l&rsquo;\u00e9diteur en ligne pour cr\u00e9er une section Compteur de num\u00e9ros que vous souhaitez int\u00e9grer sur votre site Shopify. Choisissez l&rsquo;un de nos mod\u00e8les pr\u00eats \u00e0 l&#8217;emploi et modifiez les param\u00e8tres du compteur de nombres, modifiez la mise en page et la palette de couleurs et mettez \u00e0 jour votre contenu, sans aucune connaissance en codage. Cliquez pour enregistrer les param\u00e8tres que vous avez d\u00e9finis sur Number Counter et obtenir le code d&rsquo;installation, qui peut \u00eatre simplement int\u00e9gr\u00e9 au site Web Shopify \u00e0 l&rsquo;aide d&rsquo;un plan gratuit. Avec le configurateur facile \u00e0 utiliser, tout utilisateur Web peut cr\u00e9er un plugin Number Counter en ligne et l&rsquo;int\u00e9grer sur le site Shopify. Vous ne devez pas souscrire \u00e0 un abonnement payant ni divulguer les informations d&rsquo;identification de votre carte pour acc\u00e9der \u00e0 notre \u00e9diteur. Si vous rencontrez des probl\u00e8mes \u00e0 quelque \u00e9tape que ce soit, n&rsquo;h\u00e9sitez pas \u00e0 contacter notre \u00e9quipe d&rsquo;assistance technique.<\/p> <\/div>\r\n\t\t\t\t\t<\/div>\r\n\t\t\t\t<\/div> <\/div><\/div>","protected":false},"excerpt":{"rendered":"","protected":false},"author":18,"featured_media":0,"parent":968,"menu_order":0,"comment_status":"closed","ping_status":"closed","template":"templates\/template-application-platform.php","meta":{"publish_to_discourse":"","publish_post_category":"","wpdc_auto_publish_overridden":"","wpdc_topic_tags":"","wpdc_pin_topic":"","wpdc_pin_until":"","discourse_post_id":"","discourse_permalink":"","wpdc_publishing_response":"","wpdc_publishing_error":"","footnotes":""},"class_list":["post-5231","page","type-page","status-publish","hentry"],"yoast_head":"<!-- This site is optimized with the Yoast SEO plugin v25.3.1 - https:\/\/yoast.com\/wordpress\/plugins\/seo\/ -->\n<title>Compteur de chiffre - ajoutez app Compteur de nombre sur Shopify<\/title>\n<meta name=\"description\" content=\"Int\u00e9grez un Compteur de chiffre avantageux sur votre site. Utilisez la d\u00e9mo d&#039;Elfsight et g\u00e9n\u00e9rez votre widget en 2 minutes.\" \/>\n<meta name=\"robots\" content=\"index, follow, max-snippet:-1, max-image-preview:large, max-video-preview:-1\" \/>\n<link rel=\"canonical\" href=\"https:\/\/elfsight.com\/fr\/popup-widget\/shopify\/\" \/>\n<meta property=\"og:locale\" content=\"fr_FR\" \/>\n<meta property=\"og:type\" content=\"article\" \/>\n<meta property=\"og:title\" content=\"Compteur de chiffre - ajoutez app Compteur de nombre sur Shopify\" \/>\n<meta property=\"og:description\" content=\"Int\u00e9grez un Compteur de chiffre avantageux sur votre site. Utilisez la d\u00e9mo d&#039;Elfsight et g\u00e9n\u00e9rez votre widget en 2 minutes.\" \/>\n<meta property=\"og:url\" content=\"https:\/\/elfsight.com\/fr\/popup-widget\/shopify\/\" \/>\n<meta property=\"og:site_name\" content=\"Elfsight FR\" \/>\n<meta property=\"article:modified_time\" content=\"2025-07-10T12:38:08+00:00\" \/>\n<meta name=\"twitter:card\" content=\"summary_large_image\" \/>\n<meta name=\"twitter:label1\" content=\"Dur\u00e9e de lecture estim\u00e9e\" \/>\n\t<meta name=\"twitter:data1\" content=\"1 minute\" \/>\n<!-- \/ Yoast SEO plugin. -->","yoast_head_json":{"title":"Compteur de chiffre - ajoutez app Compteur de nombre sur Shopify","description":"Int\u00e9grez un Compteur de chiffre avantageux sur votre site. Utilisez la d\u00e9mo d'Elfsight et g\u00e9n\u00e9rez votre widget en 2 minutes.","robots":{"index":"index","follow":"follow","max-snippet":"max-snippet:-1","max-image-preview":"max-image-preview:large","max-video-preview":"max-video-preview:-1"},"canonical":"https:\/\/elfsight.com\/fr\/popup-widget\/shopify\/","og_locale":"fr_FR","og_type":"article","og_title":"Compteur de chiffre - ajoutez app Compteur de nombre sur Shopify","og_description":"Int\u00e9grez un Compteur de chiffre avantageux sur votre site. Utilisez la d\u00e9mo d'Elfsight et g\u00e9n\u00e9rez votre widget en 2 minutes.","og_url":"https:\/\/elfsight.com\/fr\/popup-widget\/shopify\/","og_site_name":"Elfsight FR","article_modified_time":"2025-07-10T12:38:08+00:00","twitter_card":"summary_large_image","twitter_misc":{"Dur\u00e9e de lecture estim\u00e9e":"1 minute"},"schema":{"@context":"https:\/\/schema.org","@graph":[{"@type":"WebPage","@id":"https:\/\/elfsight.com\/fr\/popup-widget\/shopify\/","url":"https:\/\/elfsight.com\/fr\/popup-widget\/shopify\/","name":"Compteur de chiffre - ajoutez app Compteur de nombre sur Shopify","isPartOf":{"@id":"https:\/\/elfsight.com\/fr\/#website"},"datePublished":"2021-12-03T10:07:42+00:00","dateModified":"2025-07-10T12:38:08+00:00","description":"Int\u00e9grez un Compteur de chiffre avantageux sur votre site. Utilisez la d\u00e9mo d'Elfsight et g\u00e9n\u00e9rez votre widget en 2 minutes.","breadcrumb":{"@id":"https:\/\/elfsight.com\/fr\/popup-widget\/shopify\/#breadcrumb"},"inLanguage":"fr-FR","potentialAction":[{"@type":"ReadAction","target":["https:\/\/elfsight.com\/fr\/popup-widget\/shopify\/"]}]},{"@type":"BreadcrumbList","@id":"https:\/\/elfsight.com\/fr\/popup-widget\/shopify\/#breadcrumb","itemListElement":[{"@type":"ListItem","position":1,"name":"Home","item":"https:\/\/elfsight.com\/fr\/"},{"@type":"ListItem","position":2,"name":"Popup","item":"https:\/\/elfsight.com\/fr\/popup-widget\/"},{"@type":"ListItem","position":3,"name":"Number Counter &#8211; Shopify"}]},{"@type":"WebSite","@id":"https:\/\/elfsight.com\/fr\/#website","url":"https:\/\/elfsight.com\/fr\/","name":"Elfsight FR","description":"","potentialAction":[{"@type":"SearchAction","target":{"@type":"EntryPoint","urlTemplate":"https:\/\/elfsight.com\/fr\/?s={search_term_string}"},"query-input":{"@type":"PropertyValueSpecification","valueRequired":true,"valueName":"search_term_string"}}],"inLanguage":"fr-FR"}]}},"meta_box":{"industry":"","seo_heading":"","heading":"","description":"","cta_heading":"","cta_description":"","application":"965","h1":"App Compteur de chiffre pour Shopify","h1_caption":"Affichez les statistiques et les jalons cl\u00e9s avec des compteurs anim\u00e9s pour mettre en \u00e9vidence vos r\u00e9alisations de mani\u00e8re attrayante sur votre site Web Shopify sans effort.","application_category":[],"applications_title":"","applications_request_title":"","applications_request_button_text":"","hero_text":"","hero_video":"","hero_video_schema_markup":"","selling_points_title":"","selling_points_caption":"","selling_points":[],"selling_points_cta_text":"","features_title":"","features":"","ed_cta_examples_text":"","ed_cta_examples_hidden":"","ed_cta_demo_text":"","ed_cta_demo_hidden":"","why_caption":"","why_editor_title":"","why_editor_text":"","why_team_title":"","why_team_text":"","why_service_title":"","why_service_text":"","template_catalog_visible":"","template_catalog_title":"","template_catalog_text":"","template_catalog_categories_visible":"","demo_title":"Cr\u00e9ez votre application Number Counter","demo_caption":"Configurez votre compteur de num\u00e9ros et ajoutez-le gratuitement \u00e0 votre site Web Shopify\u00a0!","default_faq_hidden":"","app_template_category":[],"platform":"360","template_public_id":"","codecanyon_url":"","codecanyon_item_id":"","codecanyon_price":"","pricing_caption":"","pricing_elfsight_apps_hide_column":"","pricing_elfsight_apps_url":"","pricing_codecanyon_price_caption":"","integration_category":[],"integration_request_title":"","integration_request_cta":"","integration_platform":"","integrations":[],"platform_category":[],"video_schema_markup":"","price":"\u00c0 partir de $0\/mois","trial":"","benefits":[{"text":"Installation gratuite"},{"text":"Support Premium"},{"text":"Garantie de remboursement de 14 jours"},{"text":"L'am\u00e9lioration continue"}],"button_url":"#demo","button_target_blank":"0","button_nofollow":"0","attributes":[{"name":"Nombre d'installations","content":"1,000 - 5,000","_state":"expanded"},{"name":"Adaptif","content":"Oui","_state":"expanded"},{"name":"Navigateurs compatibles","content":"Firefox, Safari, Opera, Chrome, Edge","_state":"expanded"}],"tags":[],"tags_disable_links":"0","hide_more_platforms":"","video_object":"","demo_hide_cta":"0","demo_hide_cloud_options":"0","pricing_title":"","pricing":[{"pricing_icon":"platform","pricing_title":"Applications d'Elfsight","pricing_title_caption":"Solution num\u00e9rique multiplateforme qui fonctionne sur n'importe quel site","pricing_price":"\u00c0 partir de $0\/mois","pricing_price_caption":"Commencez avec un plan gratuit","pricing_benefits":[{"text":"Sites Web illimit\u00e9s"},{"text":"\u00c9quipe d'assistance professionnelle"},{"text":"Service d'installation gratuit"},{"text":"100% personnalisable"}],"pricing_button_text":"Ajouter au site Web","pricing_button_url":"https:\/\/apps.elfsight.com\/sign-up\/","pricing_button_nofollow":"1","_state":"expanded"}],"related_apps_title":"","related_apps_hidden":"1","author":"","image":[],"title":"","job":"","social_networks":[]},"_links":{"self":[{"href":"https:\/\/elfsight.com\/fr\/wp-json\/wp\/v2\/pages\/5231","targetHints":{"allow":["GET"]}}],"collection":[{"href":"https:\/\/elfsight.com\/fr\/wp-json\/wp\/v2\/pages"}],"about":[{"href":"https:\/\/elfsight.com\/fr\/wp-json\/wp\/v2\/types\/page"}],"author":[{"embeddable":true,"href":"https:\/\/elfsight.com\/fr\/wp-json\/wp\/v2\/users\/18"}],"replies":[{"embeddable":true,"href":"https:\/\/elfsight.com\/fr\/wp-json\/wp\/v2\/comments?post=5231"}],"version-history":[{"count":2,"href":"https:\/\/elfsight.com\/fr\/wp-json\/wp\/v2\/pages\/5231\/revisions"}],"predecessor-version":[{"id":14601,"href":"https:\/\/elfsight.com\/fr\/wp-json\/wp\/v2\/pages\/5231\/revisions\/14601"}],"up":[{"embeddable":true,"href":"https:\/\/elfsight.com\/fr\/wp-json\/wp\/v2\/pages\/968"}],"wp:attachment":[{"href":"https:\/\/elfsight.com\/fr\/wp-json\/wp\/v2\/media?parent=5231"}],"curies":[{"name":"wp","href":"https:\/\/api.w.org\/{rel}","templated":true}]}}