{"id":5227,"date":"2021-12-03T10:07:49","date_gmt":"2021-12-03T10:07:49","guid":{"rendered":"https:\/\/elfsight.com\/fr\/?page_id=5227"},"modified":"2025-07-10T12:37:57","modified_gmt":"2025-07-10T12:37:57","slug":"opencart","status":"publish","type":"page","link":"https:\/\/elfsight.com\/fr\/popup-widget\/opencart\/","title":{"rendered":"Number Counter &#8211; OpenCart"},"content":{"rendered":"<div class=\"application-platform-content-item-description application-platform-content-item\" id=\"description\" data-nav-section=\"description\"> <h2>Description<\/h2> <p>Elfsight Number Counter est une extension facile \u00e0 utiliser pour OpenCart avec un large \u00e9ventail d&rsquo;options. C\u2019est un excellent outil pour vanter vos superbes indices commerciaux, le nombre de travaux que vous avez r\u00e9alis\u00e9s jusqu\u2019\u00e0 pr\u00e9sent et bien plus encore. Le widget est remarquablement flexible. N&rsquo;h\u00e9sitez pas \u00e0 construire n&rsquo;importe quel nombre de compteurs, \u00e0 les disposer en colonnes, \u00e0 s\u00e9lectionner des ic\u00f4nes de notre collection ou \u00e0 t\u00e9l\u00e9charger votre personnalisation, \u00e0 les rendre multicolores ou monochromes, \u00e0 joindre des l\u00e9gendes pour clarifier les chiffres que vous pr\u00e9sentez, \u00e0 recolorer n&rsquo;importe quel \u00e9l\u00e9ment, \u00e0 choisir le image d&rsquo;arri\u00e8re-plan, et ce n&rsquo;est m\u00eame pas la moiti\u00e9. Commencez simplement \u00e0 cr\u00e9er votre plugin maintenant et voyez vos statistiques commerciales cruciales cro\u00eetre rapidement ! <\/p> <p><b>R\u00e9v\u00e9lez vos r\u00e9alisations remarquables \u00e0 vos futurs acheteurs. Augmentez la quantit\u00e9 de ventes et de leads r\u00e9ussis\u00a0! <\/b><\/p> <\/div> <div class=\"application-platform-content-item-features application-platform-content-item\" id=\"features\" data-nav-section=\"features\"> <h2>Les fonctionnalit\u00e9s de widget les plus requises incluent<\/h2> <ul><li>Un nombre illimit\u00e9 de compteurs. <\/li><li>Nombre illimit\u00e9 de colonnes. <\/li><li>Joignez les titres, les titres, les pr\u00e9fixes et les suffixes. <\/li><li>D\u00e9cidez du type d&rsquo;ic\u00f4ne &#8211; r\u00e9cup\u00e9rez-le dans notre collection ou t\u00e9l\u00e9chargez votre ic\u00f4ne personnalis\u00e9e. <\/li><li>Adjoindre des liens. <\/li><\/ul><p><a href=\"#demo\">Vous pouvez essayer toutes les fonctionnalit\u00e9s de l&rsquo;extension dans la d\u00e9mo d\u00e8s maintenant<\/a><\/p> <\/div> <div class=\"application-platform-content-item-installation application-platform-content-item\" id=\"installation\" data-nav-section=\"installation\"> <h2>Comment puis-je int\u00e9grer Number Counter dans ma page Web OpenCart\u00a0? <\/h2> <p>Suivez simplement quelques \u00e9tapes ci-dessous pour commencer \u00e0 travailler avec l&rsquo;extension. <\/p> <ol><li><b>Utilisez notre configurateur gratuit et commencez \u00e0 cr\u00e9er votre extension personnalis\u00e9e. <\/b><br> D\u00e9terminez l&rsquo;interface et les fonctionnalit\u00e9s souhait\u00e9es de l&rsquo;extension et appliquez toutes les corrections. <\/li> <li><b>Copiez le code unique qui est affich\u00e9 dans le formulaire sp\u00e9cial sur les applications Elfsight. <\/b><br> Une fois la configuration de votre extension termin\u00e9e, copiez le code personnel dans la bo\u00eete qui appara\u00eet et enregistrez-le pour une occasion ult\u00e9rieure. <\/li> <li><b>Initiez l&rsquo;application de l&rsquo;extension sur votre page Web OpenCart. <\/b><br> Int\u00e9grez le code enregistr\u00e9 r\u00e9cemment dans votre page et enregistrez les corrections. <\/li> <li><b>L&rsquo;installation est termin\u00e9e avec succ\u00e8s. <\/b><br> Visitez votre site pour examiner les performances de l&rsquo;extension. <\/li><\/ol><p>Si vous rencontrez des obstacles, n&rsquo;h\u00e9sitez pas \u00e0 faire appel \u00e0 notre \u00e9quipe d&rsquo;assistance. Nos consultants sont d\u00e9sireux de vous aider avec toutes les difficult\u00e9s que vous pourriez rencontrer avec le produit. <\/p> <div class=\"faq\" data-component=\"FAQ\"><div class=\"faq-item\">\r\n\t\t\t\t\t<div class=\"faq-item-question\">\r\n\t\t\t\t\t\t<h3 class=\"faq-item-question-text\">Existe-t-il un moyen d'int\u00e9grer Number Counter \u00e0 ma page d'accueil OpenCart sans aucune connaissance en codage ?<\/h3>\r\n\r\n\t\t\t\t\t\t<div class=\"faq-item-question-icon\"><\/div>\r\n\t\t\t\t\t<\/div>\r\n\r\n\t\t\t\t\t<div class=\"faq-item-answer\">\r\n\t\t\t\t\t\t<div class=\"faq-item-answer-text\"> <p>Elfsight propose une solution SaaS qui vous permet de cr\u00e9er vous-m\u00eame un widget Number Counter, regardez les \u00e9tapes simples\u00a0: travaillez directement dans la d\u00e9mo en ligne pour cr\u00e9er un plugin Number Counter que vous souhaitez int\u00e9grer sur votre page d&rsquo;accueil OpenCart. S\u00e9lectionnez l&rsquo;un des mod\u00e8les pr\u00e9d\u00e9finis et modifiez les param\u00e8tres du compteur de nombres, changez la disposition et la couleur des \u00e9l\u00e9ments, y compris votre contenu, sans aucune comp\u00e9tence en codage. Cliquez pour enregistrer les param\u00e8tres que vous avez d\u00e9finis sur Number Counter et copiez le code du widget pour l&rsquo;installation, qui peut \u00eatre simplement inclus dans votre page d&rsquo;accueil OpenCart sans acheter de forfait payant. Avec l&rsquo;aide de notre configurateur facile \u00e0 utiliser, chaque internaute peut cr\u00e9er une application Number Counter en ligne et l&rsquo;int\u00e9grer sans effort sur le site Web OpenCart. Il n&rsquo;est pas n\u00e9cessaire de payer ou de saisir les donn\u00e9es de votre carte pour acc\u00e9der au service. Si vous rencontrez des obstacles \u00e0 une \u00e9tape quelconque, n&rsquo;h\u00e9sitez pas \u00e0 en parler \u00e0 notre \u00e9quipe d&rsquo;assistance technique.<\/p> <\/div>\r\n\t\t\t\t\t<\/div>\r\n\t\t\t\t<\/div> <\/div><\/div>","protected":false},"excerpt":{"rendered":"","protected":false},"author":18,"featured_media":0,"parent":968,"menu_order":0,"comment_status":"closed","ping_status":"closed","template":"templates\/template-application-platform.php","meta":{"publish_to_discourse":"","publish_post_category":"","wpdc_auto_publish_overridden":"","wpdc_topic_tags":"","wpdc_pin_topic":"","wpdc_pin_until":"","discourse_post_id":"","discourse_permalink":"","wpdc_publishing_response":"","wpdc_publishing_error":"","footnotes":""},"class_list":["post-5227","page","type-page","status-publish","hentry"],"yoast_head":"<!-- This site is optimized with the Yoast SEO plugin v25.3.1 - https:\/\/yoast.com\/wordpress\/plugins\/seo\/ -->\n<title>Compteur de chiffre - ajoutez plugin Compteur de nombre sur OpenCart<\/title>\n<meta name=\"description\" content=\"Int\u00e9grez un Compteur de chiffre attractif sur votre site. Utilisez la d\u00e9mo d&#039;Elfsight et g\u00e9n\u00e9rez votre module en quelques minutes.\" \/>\n<meta name=\"robots\" content=\"index, follow, max-snippet:-1, max-image-preview:large, max-video-preview:-1\" \/>\n<link rel=\"canonical\" href=\"https:\/\/elfsight.com\/fr\/popup-widget\/opencart\/\" \/>\n<meta property=\"og:locale\" content=\"fr_FR\" \/>\n<meta property=\"og:type\" content=\"article\" \/>\n<meta property=\"og:title\" content=\"Compteur de chiffre - ajoutez plugin Compteur de nombre sur OpenCart\" \/>\n<meta property=\"og:description\" content=\"Int\u00e9grez un Compteur de chiffre attractif sur votre site. Utilisez la d\u00e9mo d&#039;Elfsight et g\u00e9n\u00e9rez votre module en quelques minutes.\" \/>\n<meta property=\"og:url\" content=\"https:\/\/elfsight.com\/fr\/popup-widget\/opencart\/\" \/>\n<meta property=\"og:site_name\" content=\"Elfsight FR\" \/>\n<meta property=\"article:modified_time\" content=\"2025-07-10T12:37:57+00:00\" \/>\n<meta name=\"twitter:card\" content=\"summary_large_image\" \/>\n<meta name=\"twitter:label1\" content=\"Dur\u00e9e de lecture estim\u00e9e\" \/>\n\t<meta name=\"twitter:data1\" content=\"1 minute\" \/>\n<!-- \/ Yoast SEO plugin. -->","yoast_head_json":{"title":"Compteur de chiffre - ajoutez plugin Compteur de nombre sur OpenCart","description":"Int\u00e9grez un Compteur de chiffre attractif sur votre site. Utilisez la d\u00e9mo d'Elfsight et g\u00e9n\u00e9rez votre module en quelques minutes.","robots":{"index":"index","follow":"follow","max-snippet":"max-snippet:-1","max-image-preview":"max-image-preview:large","max-video-preview":"max-video-preview:-1"},"canonical":"https:\/\/elfsight.com\/fr\/popup-widget\/opencart\/","og_locale":"fr_FR","og_type":"article","og_title":"Compteur de chiffre - ajoutez plugin Compteur de nombre sur OpenCart","og_description":"Int\u00e9grez un Compteur de chiffre attractif sur votre site. Utilisez la d\u00e9mo d'Elfsight et g\u00e9n\u00e9rez votre module en quelques minutes.","og_url":"https:\/\/elfsight.com\/fr\/popup-widget\/opencart\/","og_site_name":"Elfsight FR","article_modified_time":"2025-07-10T12:37:57+00:00","twitter_card":"summary_large_image","twitter_misc":{"Dur\u00e9e de lecture estim\u00e9e":"1 minute"},"schema":{"@context":"https:\/\/schema.org","@graph":[{"@type":"WebPage","@id":"https:\/\/elfsight.com\/fr\/popup-widget\/opencart\/","url":"https:\/\/elfsight.com\/fr\/popup-widget\/opencart\/","name":"Compteur de chiffre - ajoutez plugin Compteur de nombre sur OpenCart","isPartOf":{"@id":"https:\/\/elfsight.com\/fr\/#website"},"datePublished":"2021-12-03T10:07:49+00:00","dateModified":"2025-07-10T12:37:57+00:00","description":"Int\u00e9grez un Compteur de chiffre attractif sur votre site. Utilisez la d\u00e9mo d'Elfsight et g\u00e9n\u00e9rez votre module en quelques minutes.","breadcrumb":{"@id":"https:\/\/elfsight.com\/fr\/popup-widget\/opencart\/#breadcrumb"},"inLanguage":"fr-FR","potentialAction":[{"@type":"ReadAction","target":["https:\/\/elfsight.com\/fr\/popup-widget\/opencart\/"]}]},{"@type":"BreadcrumbList","@id":"https:\/\/elfsight.com\/fr\/popup-widget\/opencart\/#breadcrumb","itemListElement":[{"@type":"ListItem","position":1,"name":"Home","item":"https:\/\/elfsight.com\/fr\/"},{"@type":"ListItem","position":2,"name":"Popup","item":"https:\/\/elfsight.com\/fr\/popup-widget\/"},{"@type":"ListItem","position":3,"name":"Number Counter &#8211; OpenCart"}]},{"@type":"WebSite","@id":"https:\/\/elfsight.com\/fr\/#website","url":"https:\/\/elfsight.com\/fr\/","name":"Elfsight FR","description":"","potentialAction":[{"@type":"SearchAction","target":{"@type":"EntryPoint","urlTemplate":"https:\/\/elfsight.com\/fr\/?s={search_term_string}"},"query-input":{"@type":"PropertyValueSpecification","valueRequired":true,"valueName":"search_term_string"}}],"inLanguage":"fr-FR"}]}},"meta_box":{"industry":"","seo_heading":"","heading":"","description":"","cta_heading":"","cta_description":"","application":"965","h1":"Plugin Compteur de chiffre pour OpenCart","h1_caption":"Affichez les statistiques et les jalons cl\u00e9s avec des compteurs anim\u00e9s pour mettre en \u00e9vidence vos r\u00e9alisations de mani\u00e8re attrayante sur votre site Web Opencart sans effort.","application_category":[],"applications_title":"","applications_request_title":"","applications_request_button_text":"","hero_text":"","hero_video":"","hero_video_schema_markup":"","selling_points_title":"","selling_points_caption":"","selling_points":[],"selling_points_cta_text":"","features_title":"","features":"","ed_cta_examples_text":"","ed_cta_examples_hidden":"","ed_cta_demo_text":"","ed_cta_demo_hidden":"","why_caption":"","why_editor_title":"","why_editor_text":"","why_team_title":"","why_team_text":"","why_service_title":"","why_service_text":"","template_catalog_visible":"","template_catalog_title":"","template_catalog_text":"","template_catalog_categories_visible":"","demo_title":"Cr\u00e9ez votre extension Compteur de num\u00e9ros","demo_caption":"Configurez votre compteur de num\u00e9ros et ajoutez-le gratuitement \u00e0 votre site Web OpenCart\u00a0!","default_faq_hidden":"","app_template_category":[],"platform":"359","template_public_id":"","codecanyon_url":"","codecanyon_item_id":"","codecanyon_price":"","pricing_caption":"","pricing_elfsight_apps_hide_column":"","pricing_elfsight_apps_url":"","pricing_codecanyon_price_caption":"","integration_category":[],"integration_request_title":"","integration_request_cta":"","integration_platform":"","integrations":[],"platform_category":[],"video_schema_markup":"","price":"\u00c0 partir de $0\/mois","trial":"","benefits":[{"text":"Installation gratuite"},{"text":"Support Premium"},{"text":"Garantie de remboursement de 14 jours"},{"text":"L'am\u00e9lioration continue"}],"button_url":"#demo","button_target_blank":"0","button_nofollow":"0","attributes":[{"name":"Nombre d'installations","content":"1,000 - 5,000","_state":"expanded"},{"name":"Adaptif","content":"Oui","_state":"expanded"},{"name":"Navigateurs compatibles","content":"Firefox, Safari, Opera, Chrome, Edge","_state":"expanded"}],"tags":[],"tags_disable_links":"0","hide_more_platforms":"","video_object":"","demo_hide_cta":"0","demo_hide_cloud_options":"0","pricing_title":"","pricing":[{"pricing_icon":"platform","pricing_title":"Applications d'Elfsight","pricing_title_caption":"Solution num\u00e9rique multiplateforme qui fonctionne sur n'importe quel site","pricing_price":"\u00c0 partir de $0\/mois","pricing_price_caption":"Commencez avec un plan gratuit","pricing_benefits":[{"text":"Sites Web illimit\u00e9s"},{"text":"\u00c9quipe d'assistance professionnelle"},{"text":"Service d'installation gratuit"},{"text":"100% personnalisable"}],"pricing_button_text":"Ajouter au site Web","pricing_button_url":"https:\/\/apps.elfsight.com\/sign-up\/","pricing_button_nofollow":"1","_state":"expanded"}],"related_apps_title":"","related_apps_hidden":"1","author":"","image":[],"title":"","job":"","social_networks":[]},"_links":{"self":[{"href":"https:\/\/elfsight.com\/fr\/wp-json\/wp\/v2\/pages\/5227","targetHints":{"allow":["GET"]}}],"collection":[{"href":"https:\/\/elfsight.com\/fr\/wp-json\/wp\/v2\/pages"}],"about":[{"href":"https:\/\/elfsight.com\/fr\/wp-json\/wp\/v2\/types\/page"}],"author":[{"embeddable":true,"href":"https:\/\/elfsight.com\/fr\/wp-json\/wp\/v2\/users\/18"}],"replies":[{"embeddable":true,"href":"https:\/\/elfsight.com\/fr\/wp-json\/wp\/v2\/comments?post=5227"}],"version-history":[{"count":2,"href":"https:\/\/elfsight.com\/fr\/wp-json\/wp\/v2\/pages\/5227\/revisions"}],"predecessor-version":[{"id":14603,"href":"https:\/\/elfsight.com\/fr\/wp-json\/wp\/v2\/pages\/5227\/revisions\/14603"}],"up":[{"embeddable":true,"href":"https:\/\/elfsight.com\/fr\/wp-json\/wp\/v2\/pages\/968"}],"wp:attachment":[{"href":"https:\/\/elfsight.com\/fr\/wp-json\/wp\/v2\/media?parent=5227"}],"curies":[{"name":"wp","href":"https:\/\/api.w.org\/{rel}","templated":true}]}}