{"id":5215,"date":"2021-12-03T10:08:05","date_gmt":"2021-12-03T10:08:05","guid":{"rendered":"https:\/\/elfsight.com\/fr\/?page_id=5215"},"modified":"2025-07-10T12:37:22","modified_gmt":"2025-07-10T12:37:22","slug":"jimdo","status":"publish","type":"page","link":"https:\/\/elfsight.com\/fr\/popup-widget\/jimdo\/","title":{"rendered":"Number Counter &#8211; Jimdo"},"content":{"rendered":"<div class=\"application-platform-content-item-description application-platform-content-item\" id=\"description\" data-nav-section=\"description\"> <h2>Description<\/h2> <p>Le compteur de nombres est un outil facile \u00e0 utiliser avec de nombreuses options parmi lesquelles choisir. C&rsquo;est une fonctionnalit\u00e9 int\u00e9ressante pour \u00eatre fier de vos splendides statistiques commerciales, de la quantit\u00e9 de travail que vous avez effectu\u00e9 et ce n&rsquo;est pas tout. Le plugin est extr\u00eamement personnalisable. N&rsquo;h\u00e9sitez pas \u00e0 ajouter un nombre illimit\u00e9 de compteurs, \u00e0 les disposer en colonnes, \u00e0 s\u00e9lectionner des ic\u00f4nes dans notre biblioth\u00e8que ou \u00e0 t\u00e9l\u00e9charger vos cr\u00e9ations personnalis\u00e9es, \u00e0 les rendre color\u00e9s ou monochromes, \u00e0 joindre des titres pour fournir \u00e0 votre public des informations imaginables, \u00e0 recolorer n&rsquo;importe quelle fonctionnalit\u00e9, \u00e0 choisir le image d&rsquo;arri\u00e8re-plan, et ce n&rsquo;est m\u00eame pas la moiti\u00e9. Commencez simplement \u00e0 cr\u00e9er votre plugin maintenant et regardez les principales statistiques de votre entreprise cro\u00eetre\u00a0! <\/p><p><b>Avec Number Counter, d\u00e9marrez un d\u00e9veloppement commercial durable et augmentez vos ventes <\/b><\/p> <\/div> <div class=\"application-platform-content-item-features application-platform-content-item\" id=\"features\" data-nav-section=\"features\"> <h2>Consultez la liste des Principales fonctionnalit\u00e9s\u00a0: <\/h2> <ul><li>N&rsquo;importe quel nombre de compteurs<\/li><li>Nombre illimit\u00e9 de colonnes<\/li><li>Joignez des titres, des l\u00e9gendes, des suffixes et des pr\u00e9fixes<\/li><li> Choisissez le type d&rsquo;ic\u00f4ne\u00a0: choisissez-le dans notre biblioth\u00e8que ou t\u00e9l\u00e9chargez le v\u00f4tre.<\/li><li>Ajouter des liens <\/li><li>D\u00e9finir la vitesse d&rsquo;animation<\/li><li>D\u00e9finir le nombre et le format d\u00e9cimal<\/li><li>Choisissez le type d&rsquo;arri\u00e8re-plan\u00a0: Image, Transparent ou Couleur<\/li><li>Rendre vos ic\u00f4nes multicolores ou monochromes<\/li><\/ul><p><a href=\"#demo\">Test toutes les options de personnalisation dans une d\u00e9mo compl\u00e8te<\/a><\/p> <\/div> <div class=\"application-platform-content-item-installation application-platform-content-item\" id=\"installation\" data-nav-section=\"installation\"> <h2>Comment ajouter Number Counter \u00e0 mon site Jimdo ? <\/h2> <p>Suivez simplement quelques \u00e9tapes pr\u00e9sent\u00e9es ci-dessous pour int\u00e9grer l&rsquo;outil. <\/p> <ol><li><b>Utilisez notre \u00e9diteur gratuit et commencez \u00e0 cr\u00e9er votre propre widget. <\/b><br> Recherchez l&rsquo;apparence et les fonctionnalit\u00e9s pr\u00e9f\u00e9r\u00e9es du widget et appliquez les corrections. <\/li> <li><b>Acqu\u00e9rir le code individuel qui appara\u00eet dans la case sur les applications Elfsight. <\/b><br> Une fois la g\u00e9n\u00e9ration de votre widget termin\u00e9e, copiez le code personnel de la fen\u00eatre apparue et enregistrez-le pour vos besoins futurs. <\/li> <li><b>Entrez en utilisant le widget sur la page Web Jimdo. <\/b><br> Ins\u00e9rez le code que vous avez copi\u00e9 auparavant dans votre page Web et enregistrez les am\u00e9liorations. <\/li> <li><b>L&rsquo;installation est enti\u00e8rement termin\u00e9e. <\/b><br> Acc\u00e9dez \u00e0 votre page pour voir comment fonctionne l&rsquo;outil. <\/li><\/ol> <p>\u00c0 condition de r\u00e9pondre \u00e0 des questions ou de rencontrer des difficult\u00e9s, n&rsquo;h\u00e9sitez pas \u00e0 contacter notre \u00e9quipe d&rsquo;assistance. Nos sp\u00e9cialistes sont impatients de vous aider avec tous les probl\u00e8mes que vous pourriez rencontrer avec le widget. <\/p> <div class=\"faq\" data-component=\"FAQ\"><div class=\"faq-item\">\r\n\t\t\t\t\t<div class=\"faq-item-question\">\r\n\t\t\t\t\t\t<h3 class=\"faq-item-question-text\">Existe-t-il un moyen d'ajouter Number Counter \u00e0 ma page d'accueil Jimdo sans exp\u00e9rience en codage ?<\/h3>\r\n\r\n\t\t\t\t\t\t<div class=\"faq-item-question-icon\"><\/div>\r\n\t\t\t\t\t<\/div>\r\n\r\n\t\t\t\t\t<div class=\"faq-item-answer\">\r\n\t\t\t\t\t\t<div class=\"faq-item-answer-text\"> <p>La soci\u00e9t\u00e9 Elfsight propose une solution SaaS qui permet \u00e0 un large public de cr\u00e9er un plugin Number Counter vous-m\u00eame, d\u00e9couvrez \u00e0 quel point c&rsquo;est simple : commencez \u00e0 travailler directement dans l&rsquo;\u00e9diteur en ligne pour cr\u00e9er un plugin Number Counter que vous souhaitez ajouter sur le site Jimdo. Choisissez l&rsquo;un des mod\u00e8les pr\u00e9d\u00e9finis et modifiez les param\u00e8tres du compteur de nombres, changez la disposition et la couleur des \u00e9l\u00e9ments, y compris votre contenu, sans aucune comp\u00e9tence en codage. Enregistrez les param\u00e8tres que vous avez d\u00e9finis sur Number Counter et copiez le code d&rsquo;installation que vous pouvez coller sur le site Jimdo sans avoir besoin d&rsquo;acheter un abonnement payant. En travaillant dans notre \u00e9diteur intuitif, chaque internaute peut g\u00e9n\u00e9rer un compteur de num\u00e9ros en ligne et le coller simplement sur n&rsquo;importe quel site Jimdo. Il n&rsquo;est pas n\u00e9cessaire d&rsquo;obtenir un forfait payant ou de saisir les informations d&rsquo;identification de votre carte pour acc\u00e9der \u00e0 Elfsight Editor. Si vous rencontrez des obstacles de quelque nature que ce soit, n&rsquo;h\u00e9sitez pas \u00e0 en parler \u00e0 notre \u00e9quipe d&rsquo;assistance technique.<\/p> <\/div>\r\n\t\t\t\t\t<\/div>\r\n\t\t\t\t<\/div> <\/div><\/div>","protected":false},"excerpt":{"rendered":"","protected":false},"author":18,"featured_media":0,"parent":968,"menu_order":0,"comment_status":"closed","ping_status":"closed","template":"templates\/template-application-platform.php","meta":{"publish_to_discourse":"","publish_post_category":"","wpdc_auto_publish_overridden":"","wpdc_topic_tags":"","wpdc_pin_topic":"","wpdc_pin_until":"","discourse_post_id":"","discourse_permalink":"","wpdc_publishing_response":"","wpdc_publishing_error":"","footnotes":""},"class_list":["post-5215","page","type-page","status-publish","hentry"],"yoast_head":"<!-- This site is optimized with the Yoast SEO plugin v25.3.1 - https:\/\/yoast.com\/wordpress\/plugins\/seo\/ -->\n<title>Compteur de chiffre - ajoutez plugin Compteur de nombre sur Jimdo<\/title>\n<meta name=\"description\" content=\"Int\u00e9grez un Compteur de chiffre attractif sur votre site. Appliquez la d\u00e9mo d&#039;Elfsight et g\u00e9n\u00e9rez votre widget en quelques minutes.\" \/>\n<meta name=\"robots\" content=\"index, follow, max-snippet:-1, max-image-preview:large, max-video-preview:-1\" \/>\n<link rel=\"canonical\" href=\"https:\/\/elfsight.com\/fr\/popup-widget\/jimdo\/\" \/>\n<meta property=\"og:locale\" content=\"fr_FR\" \/>\n<meta property=\"og:type\" content=\"article\" \/>\n<meta property=\"og:title\" content=\"Compteur de chiffre - ajoutez plugin Compteur de nombre sur Jimdo\" \/>\n<meta property=\"og:description\" content=\"Int\u00e9grez un Compteur de chiffre attractif sur votre site. Appliquez la d\u00e9mo d&#039;Elfsight et g\u00e9n\u00e9rez votre widget en quelques minutes.\" \/>\n<meta property=\"og:url\" content=\"https:\/\/elfsight.com\/fr\/popup-widget\/jimdo\/\" \/>\n<meta property=\"og:site_name\" content=\"Elfsight FR\" \/>\n<meta property=\"article:modified_time\" content=\"2025-07-10T12:37:22+00:00\" \/>\n<meta name=\"twitter:card\" content=\"summary_large_image\" \/>\n<meta name=\"twitter:label1\" content=\"Dur\u00e9e de lecture estim\u00e9e\" \/>\n\t<meta name=\"twitter:data1\" content=\"1 minute\" \/>\n<!-- \/ Yoast SEO plugin. -->","yoast_head_json":{"title":"Compteur de chiffre - ajoutez plugin Compteur de nombre sur Jimdo","description":"Int\u00e9grez un Compteur de chiffre attractif sur votre site. Appliquez la d\u00e9mo d'Elfsight et g\u00e9n\u00e9rez votre widget en quelques minutes.","robots":{"index":"index","follow":"follow","max-snippet":"max-snippet:-1","max-image-preview":"max-image-preview:large","max-video-preview":"max-video-preview:-1"},"canonical":"https:\/\/elfsight.com\/fr\/popup-widget\/jimdo\/","og_locale":"fr_FR","og_type":"article","og_title":"Compteur de chiffre - ajoutez plugin Compteur de nombre sur Jimdo","og_description":"Int\u00e9grez un Compteur de chiffre attractif sur votre site. Appliquez la d\u00e9mo d'Elfsight et g\u00e9n\u00e9rez votre widget en quelques minutes.","og_url":"https:\/\/elfsight.com\/fr\/popup-widget\/jimdo\/","og_site_name":"Elfsight FR","article_modified_time":"2025-07-10T12:37:22+00:00","twitter_card":"summary_large_image","twitter_misc":{"Dur\u00e9e de lecture estim\u00e9e":"1 minute"},"schema":{"@context":"https:\/\/schema.org","@graph":[{"@type":"WebPage","@id":"https:\/\/elfsight.com\/fr\/popup-widget\/jimdo\/","url":"https:\/\/elfsight.com\/fr\/popup-widget\/jimdo\/","name":"Compteur de chiffre - ajoutez plugin Compteur de nombre sur Jimdo","isPartOf":{"@id":"https:\/\/elfsight.com\/fr\/#website"},"datePublished":"2021-12-03T10:08:05+00:00","dateModified":"2025-07-10T12:37:22+00:00","description":"Int\u00e9grez un Compteur de chiffre attractif sur votre site. Appliquez la d\u00e9mo d'Elfsight et g\u00e9n\u00e9rez votre widget en quelques minutes.","breadcrumb":{"@id":"https:\/\/elfsight.com\/fr\/popup-widget\/jimdo\/#breadcrumb"},"inLanguage":"fr-FR","potentialAction":[{"@type":"ReadAction","target":["https:\/\/elfsight.com\/fr\/popup-widget\/jimdo\/"]}]},{"@type":"BreadcrumbList","@id":"https:\/\/elfsight.com\/fr\/popup-widget\/jimdo\/#breadcrumb","itemListElement":[{"@type":"ListItem","position":1,"name":"Home","item":"https:\/\/elfsight.com\/fr\/"},{"@type":"ListItem","position":2,"name":"Popup","item":"https:\/\/elfsight.com\/fr\/popup-widget\/"},{"@type":"ListItem","position":3,"name":"Number Counter &#8211; Jimdo"}]},{"@type":"WebSite","@id":"https:\/\/elfsight.com\/fr\/#website","url":"https:\/\/elfsight.com\/fr\/","name":"Elfsight FR","description":"","potentialAction":[{"@type":"SearchAction","target":{"@type":"EntryPoint","urlTemplate":"https:\/\/elfsight.com\/fr\/?s={search_term_string}"},"query-input":{"@type":"PropertyValueSpecification","valueRequired":true,"valueName":"search_term_string"}}],"inLanguage":"fr-FR"}]}},"meta_box":{"industry":"","seo_heading":"","heading":"","description":"","cta_heading":"","cta_description":"","application":"965","h1":"Plugin Compteur de chiffre pour Jimdo","h1_caption":"Affichez les statistiques et les jalons cl\u00e9s avec des compteurs anim\u00e9s pour mettre en \u00e9vidence vos r\u00e9alisations de mani\u00e8re attrayante sur votre site Web Jimdo, sans effort.","application_category":[],"applications_title":"","applications_request_title":"","applications_request_button_text":"","hero_text":"","hero_video":"","hero_video_schema_markup":"","selling_points_title":"","selling_points_caption":"","selling_points":[],"selling_points_cta_text":"","features_title":"","features":"","ed_cta_examples_text":"","ed_cta_examples_hidden":"","ed_cta_demo_text":"","ed_cta_demo_hidden":"","why_caption":"","why_editor_title":"","why_editor_text":"","why_team_title":"","why_team_text":"","why_service_title":"","why_service_text":"","template_catalog_visible":"","template_catalog_title":"","template_catalog_text":"","template_catalog_categories_visible":"","demo_title":"Cr\u00e9ez votre widget Compteur de num\u00e9ros","demo_caption":"Configurez votre compteur de num\u00e9ros et ajoutez-le gratuitement \u00e0 votre site Jimdo !","default_faq_hidden":"","app_template_category":[],"platform":"372","template_public_id":"","codecanyon_url":"","codecanyon_item_id":"","codecanyon_price":"","pricing_caption":"","pricing_elfsight_apps_hide_column":"","pricing_elfsight_apps_url":"","pricing_codecanyon_price_caption":"","integration_category":[],"integration_request_title":"","integration_request_cta":"","integration_platform":"","integrations":[],"platform_category":[],"video_schema_markup":"","price":"\u00c0 partir de $0\/mois","trial":"","benefits":[{"text":"Installation gratuite"},{"text":"Support Premium"},{"text":"Garantie de remboursement de 14 jours"},{"text":"L'am\u00e9lioration continue"}],"button_url":"#demo","button_target_blank":"0","button_nofollow":"0","attributes":[{"name":"Nombre d'installations","content":"1,000 - 5,000","_state":"expanded"},{"name":"Adaptif","content":"Oui","_state":"expanded"},{"name":"Navigateurs compatibles","content":"Firefox, Safari, Opera, Chrome, Edge","_state":"expanded"}],"tags":[],"tags_disable_links":"0","hide_more_platforms":"","video_object":"","demo_hide_cta":"0","demo_hide_cloud_options":"0","pricing_title":"","pricing":[{"pricing_icon":"platform","pricing_title":"Applications d'Elfsight","pricing_title_caption":"Solution num\u00e9rique multiplateforme qui fonctionne sur n'importe quel site","pricing_price":"\u00c0 partir de $0\/mois","pricing_price_caption":"Commencez avec un plan gratuit","pricing_benefits":[{"text":"Sites Web illimit\u00e9s"},{"text":"\u00c9quipe d'assistance professionnelle"},{"text":"Service d'installation gratuit"},{"text":"100% personnalisable"}],"pricing_button_text":"Ajouter au site Web","pricing_button_url":"https:\/\/apps.elfsight.com\/sign-up\/","pricing_button_nofollow":"1","_state":"expanded"}],"related_apps_title":"","related_apps_hidden":"1","author":"","image":[],"title":"","job":"","social_networks":[]},"_links":{"self":[{"href":"https:\/\/elfsight.com\/fr\/wp-json\/wp\/v2\/pages\/5215","targetHints":{"allow":["GET"]}}],"collection":[{"href":"https:\/\/elfsight.com\/fr\/wp-json\/wp\/v2\/pages"}],"about":[{"href":"https:\/\/elfsight.com\/fr\/wp-json\/wp\/v2\/types\/page"}],"author":[{"embeddable":true,"href":"https:\/\/elfsight.com\/fr\/wp-json\/wp\/v2\/users\/18"}],"replies":[{"embeddable":true,"href":"https:\/\/elfsight.com\/fr\/wp-json\/wp\/v2\/comments?post=5215"}],"version-history":[{"count":2,"href":"https:\/\/elfsight.com\/fr\/wp-json\/wp\/v2\/pages\/5215\/revisions"}],"predecessor-version":[{"id":14609,"href":"https:\/\/elfsight.com\/fr\/wp-json\/wp\/v2\/pages\/5215\/revisions\/14609"}],"up":[{"embeddable":true,"href":"https:\/\/elfsight.com\/fr\/wp-json\/wp\/v2\/pages\/968"}],"wp:attachment":[{"href":"https:\/\/elfsight.com\/fr\/wp-json\/wp\/v2\/media?parent=5215"}],"curies":[{"name":"wp","href":"https:\/\/api.w.org\/{rel}","templated":true}]}}