{"id":5213,"date":"2021-12-03T10:08:08","date_gmt":"2021-12-03T10:08:08","guid":{"rendered":"https:\/\/elfsight.com\/fr\/?page_id=5213"},"modified":"2025-07-10T12:37:15","modified_gmt":"2025-07-10T12:37:15","slug":"iframe","status":"publish","type":"page","link":"https:\/\/elfsight.com\/fr\/popup-widget\/iframe\/","title":{"rendered":"Number Counter &#8211; iFrame"},"content":{"rendered":"<div class=\"application-platform-content-item-description application-platform-content-item\" id=\"description\" data-nav-section=\"description\"> <h2>Int\u00e9grer le compteur de nombres sur iFrame avec le widget Elfsight<\/h2> <p>Le compteur de nombres est un widget g\u00e9rable pour iFrame avec un large \u00e9ventail de fonctionnalit\u00e9s. d&rsquo;options. C\u2019est bien d\u2019\u00eatre fier de vos indices commerciaux exceptionnels, de la quantit\u00e9 de travaux r\u00e9alis\u00e9s jusqu\u2019\u00e0 pr\u00e9sent et ce n\u2019est pas tout. L&rsquo;outil est extr\u00eamement flexible. N&rsquo;h\u00e9sitez pas \u00e0 construire un nombre illimit\u00e9 de compteurs, \u00e0 les composer en colonnes, \u00e0 choisir des ic\u00f4nes de notre collection ou \u00e0 t\u00e9l\u00e9charger vos personnalis\u00e9s, \u00e0 les rendre color\u00e9s ou monochromes, \u00e0 joindre des l\u00e9gendes pour clarifier les chiffres que vous affichez, \u00e0 recolorer n&rsquo;importe quel \u00e9l\u00e9ment, \u00e0 choisir l&rsquo;image d&rsquo;arri\u00e8re-plan. , et ce n&rsquo;est m\u00eame pas la moiti\u00e9. Commencez \u00e0 cr\u00e9er votre widget d\u00e8s maintenant et voyez vos statistiques commerciales cruciales augmenter\u00a0! <\/p> <p><b>Montrez vos r\u00e9alisations remarquables \u00e0 vos futurs acheteurs. Augmentez le nombre de ventes et de leads r\u00e9ussis\u00a0! <\/b><\/p> <\/div> <div class=\"application-platform-content-item-features application-platform-content-item\" id=\"features\" data-nav-section=\"features\"> <h2>Voici seulement quelques-unes des multiples fonctionnalit\u00e9s du widget\u00a0: <\/h2> <ul><li>Un nombre illimit\u00e9 de compteurs. <\/li><li>Nombre illimit\u00e9 de colonnes. <\/li><li>Ajoutez des titres, des titres, des pr\u00e9fixes et des suffixes. <\/li><li>Choisissez le format d&rsquo;ic\u00f4ne &#8211; obtenez-le dans notre biblioth\u00e8que ou t\u00e9l\u00e9chargez votre personnalisation. <\/li><li>Adjoindre des liens. <\/li><\/ul><p><a href=\"#demo\">Vous pouvez d\u00e9couvrir le fonctionnement du widget \u00e0 l&rsquo;aide de la d\u00e9mo<\/a><\/p> <\/div> <div class=\"application-platform-content-item- installation application-platform-content-item\" id=\" installation\" data-nav-section=\" installation\"> <h2>Comment ajouter Number Counter \u00e0 mon site iFrame\u00a0? <\/h2> <p>Suivez simplement les \u00e9tapes ci-dessous pour ajouter le widget. <\/p> <ol><li><b>En g\u00e9rant notre configurateur gratuit, commencez \u00e0 cr\u00e9er votre instrument personnalis\u00e9. <\/b><br> Choisissez l&rsquo;interface et les aspects appropri\u00e9s du widget et appliquez les modifications. <\/li> <li><b>Acqu\u00e9rir le code individuel apparaissant dans le formulaire sp\u00e9cial sur les applications Elfsight. <\/b><br> Une fois la personnalisation de votre plugin termin\u00e9e, copiez le code individuel de la bo\u00eete qui appara\u00eet et enregistrez-le pour une occasion ult\u00e9rieure. <\/li> <li><b>Commencez \u00e0 utiliser le plugin sur la page d&rsquo;accueil d&rsquo;iFrame. <\/b><br> Collez le code que vous avez enregistr\u00e9 auparavant dans votre page Web et enregistrez les modifications. <\/li> <li><b>L&rsquo;installation est enti\u00e8rement effectu\u00e9e. <\/b><br> Visitez votre site Web pour voir en action comment fonctionne le widget. <\/li><\/ol> <p>\u00c0 condition de faire face \u00e0 des demandes de renseignements ou de surmonter certains obstacles, n&rsquo;h\u00e9sitez pas \u00e0 contacter notre \u00e9quipe d&rsquo;assistance. Nos consultants seront ravis de r\u00e9soudre toutes les difficult\u00e9s que vous pourriez rencontrer avec le produit. <\/p> <div class=\"faq\" data-component=\"FAQ\"><div class=\"faq-item\">\r\n\t\t\t\t\t<div class=\"faq-item-question\">\r\n\t\t\t\t\t\t<h3 class=\"faq-item-question-text\">Existe-t-il une m\u00e9thode pour ajouter Number Counter \u00e0 ma page Web iFrame sans exp\u00e9rience en codage ?<\/h3>\r\n\r\n\t\t\t\t\t\t<div class=\"faq-item-question-icon\"><\/div>\r\n\t\t\t\t\t<\/div>\r\n\r\n\t\t\t\t\t<div class=\"faq-item-answer\">\r\n\t\t\t\t\t\t<div class=\"faq-item-answer-text\"> <p>Elfsight fournit une solution SaaS qui permet aux propri\u00e9taires de sites de cr\u00e9er vous-m\u00eame une application Number Counter. , d\u00e9couvrez \u00e0 quel point c&rsquo;est simple : acc\u00e9dez \u00e0 la d\u00e9mo en ligne pour cr\u00e9er un plugin Number Counter que vous souhaitez int\u00e9grer sur la page Web iFrame. S\u00e9lectionnez l&rsquo;un de nos mod\u00e8les pr\u00e9d\u00e9finis et adaptez les param\u00e8tres du compteur de nombres, modifiez la mise en page et les couleurs, y compris votre contenu, sans aucune exp\u00e9rience de codage. Cliquez pour enregistrer le compteur de num\u00e9ros et obtenir son code d&rsquo;installation, que vous pouvez int\u00e9grer dans la page Web iFrame \u00e0 l&rsquo;aide d&rsquo;un plan gratuit. Avec l&rsquo;\u00e9diteur intuitif, chaque utilisateur Web peut cr\u00e9er la section Compteur de nombres et l&rsquo;int\u00e9grer facilement \u00e0 la page d&rsquo;accueil d&rsquo;iFrame. Vous ne devez pas souscrire \u00e0 un abonnement payant ni soumettre les donn\u00e9es de votre carte pour acc\u00e9der \u00e0 notre \u00e9diteur. Si vous rencontrez des obstacles de quelque nature que ce soit, n&rsquo;h\u00e9sitez pas \u00e0 parler \u00e0 notre support technique client.<\/p> <\/div>\r\n\t\t\t\t\t<\/div>\r\n\t\t\t\t<\/div> <\/div><\/div>","protected":false},"excerpt":{"rendered":"","protected":false},"author":18,"featured_media":0,"parent":968,"menu_order":0,"comment_status":"closed","ping_status":"closed","template":"templates\/template-application-platform.php","meta":{"publish_to_discourse":"","publish_post_category":"","wpdc_auto_publish_overridden":"","wpdc_topic_tags":"","wpdc_pin_topic":"","wpdc_pin_until":"","discourse_post_id":"","discourse_permalink":"","wpdc_publishing_response":"","wpdc_publishing_error":"","footnotes":""},"class_list":["post-5213","page","type-page","status-publish","hentry"],"yoast_head":"<!-- This site is optimized with the Yoast SEO plugin v25.3.1 - https:\/\/yoast.com\/wordpress\/plugins\/seo\/ -->\n<title>Compteur de chiffre - ajoutez widget Compteur de nombre sur iFrame<\/title>\n<meta name=\"description\" content=\"Int\u00e9grez un Compteur de chiffre attractif sur votre site. Utilisez la d\u00e9mo d&#039;Elfsight et g\u00e9n\u00e9rez votre widget en 2 minutes.\" \/>\n<meta name=\"robots\" content=\"index, follow, max-snippet:-1, max-image-preview:large, max-video-preview:-1\" \/>\n<link rel=\"canonical\" href=\"https:\/\/elfsight.com\/fr\/popup-widget\/iframe\/\" \/>\n<meta property=\"og:locale\" content=\"fr_FR\" \/>\n<meta property=\"og:type\" content=\"article\" \/>\n<meta property=\"og:title\" content=\"Compteur de chiffre - ajoutez widget Compteur de nombre sur iFrame\" \/>\n<meta property=\"og:description\" content=\"Int\u00e9grez un Compteur de chiffre attractif sur votre site. Utilisez la d\u00e9mo d&#039;Elfsight et g\u00e9n\u00e9rez votre widget en 2 minutes.\" \/>\n<meta property=\"og:url\" content=\"https:\/\/elfsight.com\/fr\/popup-widget\/iframe\/\" \/>\n<meta property=\"og:site_name\" content=\"Elfsight FR\" \/>\n<meta property=\"article:modified_time\" content=\"2025-07-10T12:37:15+00:00\" \/>\n<meta name=\"twitter:card\" content=\"summary_large_image\" \/>\n<meta name=\"twitter:label1\" content=\"Dur\u00e9e de lecture estim\u00e9e\" \/>\n\t<meta name=\"twitter:data1\" content=\"1 minute\" \/>\n<!-- \/ Yoast SEO plugin. -->","yoast_head_json":{"title":"Compteur de chiffre - ajoutez widget Compteur de nombre sur iFrame","description":"Int\u00e9grez un Compteur de chiffre attractif sur votre site. Utilisez la d\u00e9mo d'Elfsight et g\u00e9n\u00e9rez votre widget en 2 minutes.","robots":{"index":"index","follow":"follow","max-snippet":"max-snippet:-1","max-image-preview":"max-image-preview:large","max-video-preview":"max-video-preview:-1"},"canonical":"https:\/\/elfsight.com\/fr\/popup-widget\/iframe\/","og_locale":"fr_FR","og_type":"article","og_title":"Compteur de chiffre - ajoutez widget Compteur de nombre sur iFrame","og_description":"Int\u00e9grez un Compteur de chiffre attractif sur votre site. Utilisez la d\u00e9mo d'Elfsight et g\u00e9n\u00e9rez votre widget en 2 minutes.","og_url":"https:\/\/elfsight.com\/fr\/popup-widget\/iframe\/","og_site_name":"Elfsight FR","article_modified_time":"2025-07-10T12:37:15+00:00","twitter_card":"summary_large_image","twitter_misc":{"Dur\u00e9e de lecture estim\u00e9e":"1 minute"},"schema":{"@context":"https:\/\/schema.org","@graph":[{"@type":"WebPage","@id":"https:\/\/elfsight.com\/fr\/popup-widget\/iframe\/","url":"https:\/\/elfsight.com\/fr\/popup-widget\/iframe\/","name":"Compteur de chiffre - ajoutez widget Compteur de nombre sur iFrame","isPartOf":{"@id":"https:\/\/elfsight.com\/fr\/#website"},"datePublished":"2021-12-03T10:08:08+00:00","dateModified":"2025-07-10T12:37:15+00:00","description":"Int\u00e9grez un Compteur de chiffre attractif sur votre site. Utilisez la d\u00e9mo d'Elfsight et g\u00e9n\u00e9rez votre widget en 2 minutes.","breadcrumb":{"@id":"https:\/\/elfsight.com\/fr\/popup-widget\/iframe\/#breadcrumb"},"inLanguage":"fr-FR","potentialAction":[{"@type":"ReadAction","target":["https:\/\/elfsight.com\/fr\/popup-widget\/iframe\/"]}]},{"@type":"BreadcrumbList","@id":"https:\/\/elfsight.com\/fr\/popup-widget\/iframe\/#breadcrumb","itemListElement":[{"@type":"ListItem","position":1,"name":"Home","item":"https:\/\/elfsight.com\/fr\/"},{"@type":"ListItem","position":2,"name":"Popup","item":"https:\/\/elfsight.com\/fr\/popup-widget\/"},{"@type":"ListItem","position":3,"name":"Number Counter &#8211; iFrame"}]},{"@type":"WebSite","@id":"https:\/\/elfsight.com\/fr\/#website","url":"https:\/\/elfsight.com\/fr\/","name":"Elfsight FR","description":"","potentialAction":[{"@type":"SearchAction","target":{"@type":"EntryPoint","urlTemplate":"https:\/\/elfsight.com\/fr\/?s={search_term_string}"},"query-input":{"@type":"PropertyValueSpecification","valueRequired":true,"valueName":"search_term_string"}}],"inLanguage":"fr-FR"}]}},"meta_box":{"industry":"","seo_heading":"","heading":"","description":"","cta_heading":"","cta_description":"","application":"965","h1":"Widget Compteur de chiffre pour iFrame","h1_caption":"Affichez les statistiques et les jalons cl\u00e9s avec des compteurs anim\u00e9s pour mettre en \u00e9vidence vos r\u00e9alisations de mani\u00e8re attrayante sur votre site Web iFrame, sans effort.","application_category":[],"applications_title":"","applications_request_title":"","applications_request_button_text":"","hero_text":"","hero_video":"","hero_video_schema_markup":"","selling_points_title":"","selling_points_caption":"","selling_points":[],"selling_points_cta_text":"","features_title":"","features":"","ed_cta_examples_text":"","ed_cta_examples_hidden":"","ed_cta_demo_text":"","ed_cta_demo_hidden":"","why_caption":"","why_editor_title":"","why_editor_text":"","why_team_title":"","why_team_text":"","why_service_title":"","why_service_text":"","template_catalog_visible":"","template_catalog_title":"","template_catalog_text":"","template_catalog_categories_visible":"","demo_title":"Cr\u00e9ez votre widget Compteur de num\u00e9ros","demo_caption":"Configurez votre compteur de num\u00e9ros et ajoutez-le gratuitement \u00e0 votre site Web iFrame\u00a0!","default_faq_hidden":"","app_template_category":[],"platform":"371","template_public_id":"","codecanyon_url":"","codecanyon_item_id":"","codecanyon_price":"","pricing_caption":"","pricing_elfsight_apps_hide_column":"","pricing_elfsight_apps_url":"","pricing_codecanyon_price_caption":"","integration_category":[],"integration_request_title":"","integration_request_cta":"","integration_platform":"","integrations":[],"platform_category":[],"video_schema_markup":"","price":"\u00c0 partir de $0\/mois","trial":"","benefits":[{"text":"Installation gratuite"},{"text":"Support Premium"},{"text":"Garantie de remboursement de 14 jours"},{"text":"L'am\u00e9lioration continue"}],"button_url":"#demo","button_target_blank":"0","button_nofollow":"0","attributes":[{"name":"Nombre d'installations","content":"1,000 - 5,000","_state":"expanded"},{"name":"Adaptif","content":"Oui","_state":"expanded"},{"name":"Navigateurs compatibles","content":"Firefox, Safari, Opera, Chrome, Edge","_state":"expanded"}],"tags":[],"tags_disable_links":"0","hide_more_platforms":"","video_object":"","demo_hide_cta":"0","demo_hide_cloud_options":"0","pricing_title":"","pricing":[{"pricing_icon":"platform","pricing_title":"Applications d'Elfsight","pricing_title_caption":"Solution num\u00e9rique multiplateforme qui fonctionne sur n'importe quel site","pricing_price":"\u00c0 partir de $0\/mois","pricing_price_caption":"Commencez avec un plan gratuit","pricing_benefits":[{"text":"Sites Web illimit\u00e9s"},{"text":"\u00c9quipe d'assistance professionnelle"},{"text":"Service d'installation gratuit"},{"text":"100% personnalisable"}],"pricing_button_text":"Ajouter au site Web","pricing_button_url":"https:\/\/apps.elfsight.com\/sign-up\/","pricing_button_nofollow":"1","_state":"expanded"}],"related_apps_title":"","related_apps_hidden":"1","author":"","image":[],"title":"","job":"","social_networks":[]},"_links":{"self":[{"href":"https:\/\/elfsight.com\/fr\/wp-json\/wp\/v2\/pages\/5213","targetHints":{"allow":["GET"]}}],"collection":[{"href":"https:\/\/elfsight.com\/fr\/wp-json\/wp\/v2\/pages"}],"about":[{"href":"https:\/\/elfsight.com\/fr\/wp-json\/wp\/v2\/types\/page"}],"author":[{"embeddable":true,"href":"https:\/\/elfsight.com\/fr\/wp-json\/wp\/v2\/users\/18"}],"replies":[{"embeddable":true,"href":"https:\/\/elfsight.com\/fr\/wp-json\/wp\/v2\/comments?post=5213"}],"version-history":[{"count":2,"href":"https:\/\/elfsight.com\/fr\/wp-json\/wp\/v2\/pages\/5213\/revisions"}],"predecessor-version":[{"id":14610,"href":"https:\/\/elfsight.com\/fr\/wp-json\/wp\/v2\/pages\/5213\/revisions\/14610"}],"up":[{"embeddable":true,"href":"https:\/\/elfsight.com\/fr\/wp-json\/wp\/v2\/pages\/968"}],"wp:attachment":[{"href":"https:\/\/elfsight.com\/fr\/wp-json\/wp\/v2\/media?parent=5213"}],"curies":[{"name":"wp","href":"https:\/\/api.w.org\/{rel}","templated":true}]}}