{"id":5207,"date":"2021-12-03T10:08:17","date_gmt":"2021-12-03T10:08:17","guid":{"rendered":"https:\/\/elfsight.com\/fr\/?page_id=5207"},"modified":"2025-07-10T12:36:41","modified_gmt":"2025-07-10T12:36:41","slug":"godaddy","status":"publish","type":"page","link":"https:\/\/elfsight.com\/fr\/popup-widget\/godaddy\/","title":{"rendered":"Number Counter &#8211; GoDaddy"},"content":{"rendered":"<div class=\"application-platform-content-item-description application-platform-content-item\" id=\"description\" data-nav-section=\"description\"> <h2>Int\u00e9grer Number Counter sur GoDaddy avec le widget Elfsight<\/h2> <p>Le Number Counter est un plugin facile \u00e0 utiliser avec un vaste gamme d&rsquo;options. C\u2019est une fonctionnalit\u00e9 int\u00e9ressante pour d\u00e9montrer vos indices commerciaux extraordinaires, le nombre de travaux que vous avez effectu\u00e9s et bien d\u2019autres encore. L\u2019outil est exceptionnellement flexible. Vous \u00eates libre de construire un nombre illimit\u00e9 de compteurs, de les organiser en colonnes, de choisir des ic\u00f4nes dans notre biblioth\u00e8que ou de t\u00e9l\u00e9charger les v\u00f4tres, de les rendre color\u00e9s ou de couleur unie, d&rsquo;attacher des l\u00e9gendes pour fournir \u00e0 vos visiteurs des informations facilement compr\u00e9hensibles, de recolorer n&rsquo;importe quel \u00e9l\u00e9ment, de choisir l&rsquo;image de fond, et ce n&rsquo;est m\u00eame pas la moiti\u00e9. Commencez simplement \u00e0 cr\u00e9er votre plugin maintenant et regardez les principales statistiques de votre entreprise cro\u00eetre\u00a0! <\/p> <p><b>R\u00e9v\u00e9lez vos merveilleux r\u00e9sultats \u00e0 vos futurs clients. Obtenez plus de ventes et de prospects r\u00e9ussis\u00a0! <\/b><\/p> <\/div> <div class=\"application-platform-content-item-features application-platform-content-item\" id=\"features\" data-nav-section=\"features\"> <h2>Affichez la liste des fonctionnalit\u00e9s les plus pr\u00e9cieuses\u00a0: <\/h2> <ul><li>Un nombre illimit\u00e9 de compteurs. <\/li><li>Nombre illimit\u00e9 de colonnes. <\/li><li>Joignez les l\u00e9gendes, les titres, les pr\u00e9fixes et les suffixes. <\/li><li>Choisissez le type d&rsquo;ic\u00f4ne &#8211; choisissez-le dans notre biblioth\u00e8que ou t\u00e9l\u00e9chargez votre personnalisation. <\/li><li>Int\u00e9grer des liens. <\/li><\/ul><p><a href=\"#demo\">Vous pouvez tester toutes les fonctionnalit\u00e9s du plugin dans la d\u00e9mo ci-dessous<\/a><\/p> <\/div> <div class=\"application-platform-content-item- installation application-platform-content-item\" id=\" installation\" data-nav-section=\" installation\"> <h2>Comment int\u00e9grer Number Counter dans mon site GoDaddy\u00a0? <\/h2> <p>Suivez simplement quelques \u00e9tapes ci-dessous pour commencer \u00e0 utiliser l&rsquo;outil. <\/p> <ol><li><b>Ex\u00e9cutez notre \u00e9diteur gratuit et commencez \u00e0 cr\u00e9er votre instrument unique. <\/b><br> Sp\u00e9cifiez la conception s\u00e9lectionn\u00e9e et les caract\u00e9ristiques fonctionnelles du plugin et appliquez les modifications. <\/li> <li><b>Copiez votre code unique affich\u00e9 dans le formulaire sp\u00e9cial sur les applications Elfsight. <\/b><br> Une fois la g\u00e9n\u00e9ration de votre outil personnel termin\u00e9e, copiez le code personnel dans la fen\u00eatre qui appara\u00eet et enregistrez-le pour une occasion ult\u00e9rieure. <\/li> <li><b>Commencez \u00e0 utiliser le plugin sur votre site GoDaddy. <\/b><br> Placez le code que vous avez enregistr\u00e9 r\u00e9cemment dans votre page et enregistrez les modifications. <\/li> <li><b>Vous avez termin\u00e9\u00a0! La configuration est termin\u00e9e avec succ\u00e8s. <\/b><br> Acc\u00e9dez \u00e0 votre site pour v\u00e9rifier comment fonctionne le plugin. <\/li><\/ol> <p>Si vous avez des questions ou rencontrez des difficult\u00e9s, n&rsquo;h\u00e9sitez pas \u00e0 demander l&rsquo;aide de notre service client. Nos collaborateurs sont impatients de vous aider avec tous les probl\u00e8mes que vous pourriez rencontrer avec l&rsquo;outil. <\/p> <div class=\"faq\" data-component=\"FAQ\"><div class=\"faq-item\">\r\n\t\t\t\t\t<div class=\"faq-item-question\">\r\n\t\t\t\t\t\t<h3 class=\"faq-item-question-text\">De quelle mani\u00e8re est-il possible d'int\u00e9grer Number Counter \u00e0 mon GoDaddy sans exp\u00e9rience en codage ?<\/h3>\r\n\r\n\t\t\t\t\t\t<div class=\"faq-item-question-icon\"><\/div>\r\n\t\t\t\t\t<\/div>\r\n\r\n\t\t\t\t\t<div class=\"faq-item-answer\">\r\n\t\t\t\t\t\t<div class=\"faq-item-answer-text\"> <p>La soci\u00e9t\u00e9 Elfsight propose une solution SaaS qui permet \u00e0 un large public d&rsquo;\u00e9tablir un Number Counter app vous-m\u00eame, d\u00e9couvrez le guide simple\u00a0: acc\u00e9dez \u00e0 l&rsquo;\u00e9diteur en ligne pour cr\u00e9er une application Number Counter que vous souhaitez int\u00e9grer sur le site GoDaddy. S\u00e9lectionnez l&rsquo;un de nos mod\u00e8les pr\u00eats \u00e0 l&#8217;emploi et modifiez les param\u00e8tres du compteur de nombres, changez la mise en page et les jeux de couleurs pour inclure votre contenu, sans codage. Cliquez pour enregistrer le compteur de num\u00e9ros et copier son code d&rsquo;installation, que vous pouvez ajouter sans effort et gratuitement \u00e0 votre site GoDaddy. Gr\u00e2ce au configurateur convivial, chaque internaute peut cr\u00e9er une application Number Counter en ligne et l&rsquo;ajouter sans effort au site Web de GoDaddy. Il n&rsquo;est pas n\u00e9cessaire de souscrire un abonnement payant ou de saisir les donn\u00e9es de votre carte pour acc\u00e9der \u00e0 l&rsquo;\u00e9diteur. Si vous rencontrez des probl\u00e8mes de quelque nature que ce soit, n&rsquo;h\u00e9sitez pas \u00e0 en parler \u00e0 notre \u00e9quipe d&rsquo;assistance.<\/p> <\/div>\r\n\t\t\t\t\t<\/div>\r\n\t\t\t\t<\/div> <\/div><\/div>","protected":false},"excerpt":{"rendered":"","protected":false},"author":18,"featured_media":0,"parent":968,"menu_order":0,"comment_status":"closed","ping_status":"closed","template":"templates\/template-application-platform.php","meta":{"publish_to_discourse":"","publish_post_category":"","wpdc_auto_publish_overridden":"","wpdc_topic_tags":"","wpdc_pin_topic":"","wpdc_pin_until":"","discourse_post_id":"","discourse_permalink":"","wpdc_publishing_response":"","wpdc_publishing_error":"","footnotes":""},"class_list":["post-5207","page","type-page","status-publish","hentry"],"yoast_head":"<!-- This site is optimized with the Yoast SEO plugin v25.3.1 - https:\/\/yoast.com\/wordpress\/plugins\/seo\/ -->\n<title>Compteur de chiffre - ajoutez app Compteur de nombre sur GoDaddy<\/title>\n<meta name=\"description\" content=\"Int\u00e9grez un Compteur de chiffre avantageux sur votre site. Utilisez la d\u00e9mo d&#039;Elfsight et g\u00e9n\u00e9rez votre plugin en quelques minutes.\" \/>\n<meta name=\"robots\" content=\"index, follow, max-snippet:-1, max-image-preview:large, max-video-preview:-1\" \/>\n<link rel=\"canonical\" href=\"https:\/\/elfsight.com\/fr\/popup-widget\/godaddy\/\" \/>\n<meta property=\"og:locale\" content=\"fr_FR\" \/>\n<meta property=\"og:type\" content=\"article\" \/>\n<meta property=\"og:title\" content=\"Compteur de chiffre - ajoutez app Compteur de nombre sur GoDaddy\" \/>\n<meta property=\"og:description\" content=\"Int\u00e9grez un Compteur de chiffre avantageux sur votre site. Utilisez la d\u00e9mo d&#039;Elfsight et g\u00e9n\u00e9rez votre plugin en quelques minutes.\" \/>\n<meta property=\"og:url\" content=\"https:\/\/elfsight.com\/fr\/popup-widget\/godaddy\/\" \/>\n<meta property=\"og:site_name\" content=\"Elfsight FR\" \/>\n<meta property=\"article:modified_time\" content=\"2025-07-10T12:36:41+00:00\" \/>\n<meta name=\"twitter:card\" content=\"summary_large_image\" \/>\n<meta name=\"twitter:label1\" content=\"Dur\u00e9e de lecture estim\u00e9e\" \/>\n\t<meta name=\"twitter:data1\" content=\"1 minute\" \/>\n<!-- \/ Yoast SEO plugin. -->","yoast_head_json":{"title":"Compteur de chiffre - ajoutez app Compteur de nombre sur GoDaddy","description":"Int\u00e9grez un Compteur de chiffre avantageux sur votre site. Utilisez la d\u00e9mo d'Elfsight et g\u00e9n\u00e9rez votre plugin en quelques minutes.","robots":{"index":"index","follow":"follow","max-snippet":"max-snippet:-1","max-image-preview":"max-image-preview:large","max-video-preview":"max-video-preview:-1"},"canonical":"https:\/\/elfsight.com\/fr\/popup-widget\/godaddy\/","og_locale":"fr_FR","og_type":"article","og_title":"Compteur de chiffre - ajoutez app Compteur de nombre sur GoDaddy","og_description":"Int\u00e9grez un Compteur de chiffre avantageux sur votre site. Utilisez la d\u00e9mo d'Elfsight et g\u00e9n\u00e9rez votre plugin en quelques minutes.","og_url":"https:\/\/elfsight.com\/fr\/popup-widget\/godaddy\/","og_site_name":"Elfsight FR","article_modified_time":"2025-07-10T12:36:41+00:00","twitter_card":"summary_large_image","twitter_misc":{"Dur\u00e9e de lecture estim\u00e9e":"1 minute"},"schema":{"@context":"https:\/\/schema.org","@graph":[{"@type":"WebPage","@id":"https:\/\/elfsight.com\/fr\/popup-widget\/godaddy\/","url":"https:\/\/elfsight.com\/fr\/popup-widget\/godaddy\/","name":"Compteur de chiffre - ajoutez app Compteur de nombre sur GoDaddy","isPartOf":{"@id":"https:\/\/elfsight.com\/fr\/#website"},"datePublished":"2021-12-03T10:08:17+00:00","dateModified":"2025-07-10T12:36:41+00:00","description":"Int\u00e9grez un Compteur de chiffre avantageux sur votre site. Utilisez la d\u00e9mo d'Elfsight et g\u00e9n\u00e9rez votre plugin en quelques minutes.","breadcrumb":{"@id":"https:\/\/elfsight.com\/fr\/popup-widget\/godaddy\/#breadcrumb"},"inLanguage":"fr-FR","potentialAction":[{"@type":"ReadAction","target":["https:\/\/elfsight.com\/fr\/popup-widget\/godaddy\/"]}]},{"@type":"BreadcrumbList","@id":"https:\/\/elfsight.com\/fr\/popup-widget\/godaddy\/#breadcrumb","itemListElement":[{"@type":"ListItem","position":1,"name":"Home","item":"https:\/\/elfsight.com\/fr\/"},{"@type":"ListItem","position":2,"name":"Popup","item":"https:\/\/elfsight.com\/fr\/popup-widget\/"},{"@type":"ListItem","position":3,"name":"Number Counter &#8211; GoDaddy"}]},{"@type":"WebSite","@id":"https:\/\/elfsight.com\/fr\/#website","url":"https:\/\/elfsight.com\/fr\/","name":"Elfsight FR","description":"","potentialAction":[{"@type":"SearchAction","target":{"@type":"EntryPoint","urlTemplate":"https:\/\/elfsight.com\/fr\/?s={search_term_string}"},"query-input":{"@type":"PropertyValueSpecification","valueRequired":true,"valueName":"search_term_string"}}],"inLanguage":"fr-FR"}]}},"meta_box":{"industry":"","seo_heading":"","heading":"","description":"","cta_heading":"","cta_description":"","application":"965","h1":"App Compteur de chiffre pour GoDaddy","h1_caption":"Affichez les statistiques et les jalons cl\u00e9s avec des compteurs anim\u00e9s pour mettre en \u00e9vidence vos r\u00e9alisations de mani\u00e8re attrayante sur votre site Web GoDaddy, sans effort.","application_category":[],"applications_title":"","applications_request_title":"","applications_request_button_text":"","hero_text":"","hero_video":"","hero_video_schema_markup":"","selling_points_title":"","selling_points_caption":"","selling_points":[],"selling_points_cta_text":"","features_title":"","features":"","ed_cta_examples_text":"","ed_cta_examples_hidden":"","ed_cta_demo_text":"","ed_cta_demo_hidden":"","why_caption":"","why_editor_title":"","why_editor_text":"","why_team_title":"","why_team_text":"","why_service_title":"","why_service_text":"","template_catalog_visible":"","template_catalog_title":"","template_catalog_text":"","template_catalog_categories_visible":"","demo_title":"Cr\u00e9ez votre plugin Number Counter","demo_caption":"Configurez votre compteur de num\u00e9ros et ajoutez-le gratuitement \u00e0 votre site Web GoDaddy\u00a0!","default_faq_hidden":"","app_template_category":[],"platform":"370","template_public_id":"","codecanyon_url":"","codecanyon_item_id":"","codecanyon_price":"","pricing_caption":"","pricing_elfsight_apps_hide_column":"","pricing_elfsight_apps_url":"","pricing_codecanyon_price_caption":"","integration_category":[],"integration_request_title":"","integration_request_cta":"","integration_platform":"","integrations":[],"platform_category":[],"video_schema_markup":"","price":"\u00c0 partir de $0\/mois","trial":"","benefits":[{"text":"Installation gratuite"},{"text":"Support Premium"},{"text":"Garantie de remboursement de 14 jours"},{"text":"L'am\u00e9lioration continue"}],"button_url":"#demo","button_target_blank":"0","button_nofollow":"0","attributes":[{"name":"Nombre d'installations","content":"1,000 - 5,000","_state":"expanded"},{"name":"Adaptif","content":"Oui","_state":"expanded"},{"name":"Navigateurs compatibles","content":"Firefox, Safari, Opera, Chrome, Edge","_state":"expanded"}],"tags":[],"tags_disable_links":"0","hide_more_platforms":"","video_object":"","demo_hide_cta":"0","demo_hide_cloud_options":"0","pricing_title":"","pricing":[{"pricing_icon":"platform","pricing_title":"Applications d'Elfsight","pricing_title_caption":"Solution num\u00e9rique multiplateforme qui fonctionne sur n'importe quel site","pricing_price":"\u00c0 partir de $0\/mois","pricing_price_caption":"Commencez avec un plan gratuit","pricing_benefits":[{"text":"Sites Web illimit\u00e9s"},{"text":"\u00c9quipe d'assistance professionnelle"},{"text":"Service d'installation gratuit"},{"text":"100% personnalisable"}],"pricing_button_text":"Ajouter au site Web","pricing_button_url":"https:\/\/apps.elfsight.com\/sign-up\/","pricing_button_nofollow":"1","_state":"expanded"}],"related_apps_title":"","related_apps_hidden":"1","author":"","image":[],"title":"","job":"","social_networks":[]},"_links":{"self":[{"href":"https:\/\/elfsight.com\/fr\/wp-json\/wp\/v2\/pages\/5207","targetHints":{"allow":["GET"]}}],"collection":[{"href":"https:\/\/elfsight.com\/fr\/wp-json\/wp\/v2\/pages"}],"about":[{"href":"https:\/\/elfsight.com\/fr\/wp-json\/wp\/v2\/types\/page"}],"author":[{"embeddable":true,"href":"https:\/\/elfsight.com\/fr\/wp-json\/wp\/v2\/users\/18"}],"replies":[{"embeddable":true,"href":"https:\/\/elfsight.com\/fr\/wp-json\/wp\/v2\/comments?post=5207"}],"version-history":[{"count":2,"href":"https:\/\/elfsight.com\/fr\/wp-json\/wp\/v2\/pages\/5207\/revisions"}],"predecessor-version":[{"id":14613,"href":"https:\/\/elfsight.com\/fr\/wp-json\/wp\/v2\/pages\/5207\/revisions\/14613"}],"up":[{"embeddable":true,"href":"https:\/\/elfsight.com\/fr\/wp-json\/wp\/v2\/pages\/968"}],"wp:attachment":[{"href":"https:\/\/elfsight.com\/fr\/wp-json\/wp\/v2\/media?parent=5207"}],"curies":[{"name":"wp","href":"https:\/\/api.w.org\/{rel}","templated":true}]}}