{"id":5203,"date":"2021-12-03T10:08:22","date_gmt":"2021-12-03T10:08:22","guid":{"rendered":"https:\/\/elfsight.com\/fr\/?page_id=5203"},"modified":"2025-07-10T12:36:28","modified_gmt":"2025-07-10T12:36:28","slug":"elementor","status":"publish","type":"page","link":"https:\/\/elfsight.com\/fr\/popup-widget\/elementor\/","title":{"rendered":"Number Counter &#8211; Elementor"},"content":{"rendered":"<div class=\"application-platform-content-item-description application-platform-content-item\" id=\"description\" data-nav-section=\"description\"> <h2>Int\u00e9grer le compteur de num\u00e9ros sur Elementor avec le widget Elfsight<\/h2> <p>Elfsight Number Counter est un widget facile \u00e0 utiliser pour Elementor avec un large \u00e9ventail d&rsquo;options. C&rsquo;est un bon moyen de pr\u00e9senter vos splendides statistiques commerciales, la quantit\u00e9 de travaux effectu\u00e9s jusqu&rsquo;\u00e0 pr\u00e9sent et bien d&rsquo;autres encore. Le plugin est extr\u00eamement personnalisable. Vous \u00eates libre d&rsquo;ajouter un nombre illimit\u00e9 de compteurs, de les disposer en colonnes, de s\u00e9lectionner des ic\u00f4nes dans notre biblioth\u00e8que ou de t\u00e9l\u00e9charger les v\u00f4tres, de les rendre color\u00e9s ou monochromes, d&rsquo;attacher des l\u00e9gendes pour fournir \u00e0 vos utilisateurs des donn\u00e9es facilement compr\u00e9hensibles, de recolorer n&rsquo;importe quel \u00e9l\u00e9ment, de choisir l&rsquo;arri\u00e8re-plan. image, et ce n&rsquo;est m\u00eame pas la moiti\u00e9. Commencez \u00e0 fa\u00e7onner votre fonctionnalit\u00e9 d\u00e8s maintenant et voyez les principales statistiques de votre entreprise cro\u00eetre rapidement\u00a0! <\/p> <p><b>Exposez vos r\u00e9alisations impressionnantes \u00e0 vos futurs acheteurs. Obtenez plus de ventes et de prospects r\u00e9ussis\u00a0! <\/b><\/p> <\/div> <div class=\"application-platform-content-item-features application-platform-content-item\" id=\"features\" data-nav-section=\"features\"> <h2>\u00c9tudiez la liste des fonctionnalit\u00e9s les plus puissantes\u00a0: <\/h2> <ul><li>N&rsquo;importe quel nombre de compteurs. <\/li><li>Nombre illimit\u00e9 de colonnes. <\/li><li>Joignez les titres, les titres, les pr\u00e9fixes et les suffixes. <\/li><li>D\u00e9cidez de la cat\u00e9gorie d&rsquo;ic\u00f4nes &#8211; prenez-la dans notre biblioth\u00e8que ou t\u00e9l\u00e9chargez votre personnalisation. <\/li><li>Int\u00e9grer des liens. <\/li><\/ul><p><a href=\"#demo\">Vous pouvez ressentir le fonctionnement du widget en utilisant la d\u00e9mo<\/a><\/p> <\/div> <div class=\"application-platform-content-item-installation application-platform-content-item\" id=\"installation\" data-nav-section=\"installation\"> <h2>Comment puis-je ajouter Number Counter \u00e0 mon site Elementor\u00a0? <\/h2><div class=\"video-container\"><iframe width=\"720\" height=\"405\" src=\"https:\/\/www.youtube.com\/embed\/OAl9RFkz3TU\" frameborder=\"0\" allowfullscreen=\"\"><\/iframe><\/div><p>Suivez simplement les \u00e9tapes d\u00e9crites ci-dessous pour int\u00e9grer le widget. <\/p> <ol><li><b>Ouvrez notre \u00e9diteur gratuit et commencez \u00e0 cr\u00e9er votre widget personnalis\u00e9. <\/b><br> Choisissez la forme et les fonctionnalit\u00e9s s\u00e9lectionn\u00e9es du plugin et enregistrez les modifications. <\/li> <li><b>Obtenez votre code personnel qui est affich\u00e9 dans la case sur les applications Elfsight. <\/b><br> Une fois la cr\u00e9ation de votre plugin personnel termin\u00e9e, copiez le code individuel dans la fen\u00eatre contextuelle apparue et conservez-le pour une utilisation ult\u00e9rieure. <\/li> <li><b>Entrez en utilisant le widget sur le site Web Elementor. <\/b><br> Int\u00e9grez le code que vous avez enregistr\u00e9 r\u00e9cemment dans votre page Web et enregistrez les am\u00e9liorations. <\/li> <li><b>Vous avez termin\u00e9\u00a0! L&rsquo;int\u00e9gration est enti\u00e8rement termin\u00e9e. <\/b><br> Visitez votre page Web pour voir comment fonctionne le widget. <\/li><\/ol> <p>Si vous rencontrez des probl\u00e8mes, n&rsquo;h\u00e9sitez pas \u00e0 vous adresser \u00e0 notre \u00e9quipe d&rsquo;assistance. Nos sp\u00e9cialistes sont impatients de vous aider avec toutes les questions que vous pourriez avoir avec le widget. <\/p> <div class=\"faq\" data-component=\"FAQ\"><div class=\"faq-item\">\r\n\t\t\t\t\t<div class=\"faq-item-question\">\r\n\t\t\t\t\t\t<h3 class=\"faq-item-question-text\">Existe-t-il une m\u00e9thode pour int\u00e9grer Number Counter \u00e0 mon site Web Elementor sans codage ?<\/h3>\r\n\r\n\t\t\t\t\t\t<div class=\"faq-item-question-icon\"><\/div>\r\n\t\t\t\t\t<\/div>\r\n\r\n\t\t\t\t\t<div class=\"faq-item-answer\">\r\n\t\t\t\t\t\t<div class=\"faq-item-answer-text\"> <p>Elfsight propose une solution qui vous permet de cr\u00e9er vous-m\u00eame un plugin Number Counter, v\u00e9rifiez le instructions simples\u00a0: travaillez directement dans l&rsquo;\u00e9diteur en ligne pour cr\u00e9er un plugin Number Counter que vous aimeriez voir sur le site Web d&rsquo;Elementor. Choisissez l&rsquo;un des nombreux mod\u00e8les pr\u00e9d\u00e9finis et modifiez les param\u00e8tres du compteur de nombres, changez la disposition et la couleur des \u00e9l\u00e9ments et ajoutez votre contenu, sans aucune connaissance en codage. Cliquez pour enregistrer le compteur de num\u00e9ros et obtenir le code d&rsquo;installation, qui peut \u00eatre facilement coll\u00e9 gratuitement sur votre site Elementor. Gr\u00e2ce \u00e0 notre \u00e9diteur convivial, chaque utilisateur Web peut cr\u00e9er Number Counter en ligne et le coller sans effort sur le site Elementor. Il n\u2019est pas n\u00e9cessaire de payer ou de saisir les donn\u00e9es de votre carte pour acc\u00e9der \u00e0 notre service. Si vous rencontrez des probl\u00e8mes \u00e0 n&rsquo;importe quelle \u00e9tape, n&rsquo;h\u00e9sitez pas \u00e0 parler \u00e0 notre support technique client.<\/p> <\/div>\r\n\t\t\t\t\t<\/div>\r\n\t\t\t\t<\/div> <\/div><\/div>","protected":false},"excerpt":{"rendered":"","protected":false},"author":18,"featured_media":0,"parent":968,"menu_order":0,"comment_status":"closed","ping_status":"closed","template":"templates\/template-application-platform.php","meta":{"publish_to_discourse":"","publish_post_category":"","wpdc_auto_publish_overridden":"","wpdc_topic_tags":"","wpdc_pin_topic":"","wpdc_pin_until":"","discourse_post_id":"","discourse_permalink":"","wpdc_publishing_response":"","wpdc_publishing_error":"","footnotes":""},"class_list":["post-5203","page","type-page","status-publish","hentry"],"yoast_head":"<!-- This site is optimized with the Yoast SEO plugin v25.3.1 - https:\/\/yoast.com\/wordpress\/plugins\/seo\/ -->\n<title>Compteur de chiffre - ajoutez plugin Compteur de nombre sur Elementor<\/title>\n<meta name=\"description\" content=\"Int\u00e9grez un Compteur de chiffre avantageux sur votre site. Utilisez la d\u00e9mo d&#039;Elfsight et g\u00e9n\u00e9rez votre widget en 2 minutes.\" \/>\n<meta name=\"robots\" content=\"index, follow, max-snippet:-1, max-image-preview:large, max-video-preview:-1\" \/>\n<link rel=\"canonical\" href=\"https:\/\/elfsight.com\/fr\/popup-widget\/elementor\/\" \/>\n<meta property=\"og:locale\" content=\"fr_FR\" \/>\n<meta property=\"og:type\" content=\"article\" \/>\n<meta property=\"og:title\" content=\"Compteur de chiffre - ajoutez plugin Compteur de nombre sur Elementor\" \/>\n<meta property=\"og:description\" content=\"Int\u00e9grez un Compteur de chiffre avantageux sur votre site. Utilisez la d\u00e9mo d&#039;Elfsight et g\u00e9n\u00e9rez votre widget en 2 minutes.\" \/>\n<meta property=\"og:url\" content=\"https:\/\/elfsight.com\/fr\/popup-widget\/elementor\/\" \/>\n<meta property=\"og:site_name\" content=\"Elfsight FR\" \/>\n<meta property=\"article:modified_time\" content=\"2025-07-10T12:36:28+00:00\" \/>\n<meta name=\"twitter:card\" content=\"summary_large_image\" \/>\n<meta name=\"twitter:label1\" content=\"Dur\u00e9e de lecture estim\u00e9e\" \/>\n\t<meta name=\"twitter:data1\" content=\"1 minute\" \/>\n<!-- \/ Yoast SEO plugin. -->","yoast_head_json":{"title":"Compteur de chiffre - ajoutez plugin Compteur de nombre sur Elementor","description":"Int\u00e9grez un Compteur de chiffre avantageux sur votre site. Utilisez la d\u00e9mo d'Elfsight et g\u00e9n\u00e9rez votre widget en 2 minutes.","robots":{"index":"index","follow":"follow","max-snippet":"max-snippet:-1","max-image-preview":"max-image-preview:large","max-video-preview":"max-video-preview:-1"},"canonical":"https:\/\/elfsight.com\/fr\/popup-widget\/elementor\/","og_locale":"fr_FR","og_type":"article","og_title":"Compteur de chiffre - ajoutez plugin Compteur de nombre sur Elementor","og_description":"Int\u00e9grez un Compteur de chiffre avantageux sur votre site. Utilisez la d\u00e9mo d'Elfsight et g\u00e9n\u00e9rez votre widget en 2 minutes.","og_url":"https:\/\/elfsight.com\/fr\/popup-widget\/elementor\/","og_site_name":"Elfsight FR","article_modified_time":"2025-07-10T12:36:28+00:00","twitter_card":"summary_large_image","twitter_misc":{"Dur\u00e9e de lecture estim\u00e9e":"1 minute"},"schema":{"@context":"https:\/\/schema.org","@graph":[{"@type":"WebPage","@id":"https:\/\/elfsight.com\/fr\/popup-widget\/elementor\/","url":"https:\/\/elfsight.com\/fr\/popup-widget\/elementor\/","name":"Compteur de chiffre - ajoutez plugin Compteur de nombre sur Elementor","isPartOf":{"@id":"https:\/\/elfsight.com\/fr\/#website"},"datePublished":"2021-12-03T10:08:22+00:00","dateModified":"2025-07-10T12:36:28+00:00","description":"Int\u00e9grez un Compteur de chiffre avantageux sur votre site. Utilisez la d\u00e9mo d'Elfsight et g\u00e9n\u00e9rez votre widget en 2 minutes.","breadcrumb":{"@id":"https:\/\/elfsight.com\/fr\/popup-widget\/elementor\/#breadcrumb"},"inLanguage":"fr-FR","potentialAction":[{"@type":"ReadAction","target":["https:\/\/elfsight.com\/fr\/popup-widget\/elementor\/"]}]},{"@type":"BreadcrumbList","@id":"https:\/\/elfsight.com\/fr\/popup-widget\/elementor\/#breadcrumb","itemListElement":[{"@type":"ListItem","position":1,"name":"Home","item":"https:\/\/elfsight.com\/fr\/"},{"@type":"ListItem","position":2,"name":"Popup","item":"https:\/\/elfsight.com\/fr\/popup-widget\/"},{"@type":"ListItem","position":3,"name":"Number Counter &#8211; Elementor"}]},{"@type":"WebSite","@id":"https:\/\/elfsight.com\/fr\/#website","url":"https:\/\/elfsight.com\/fr\/","name":"Elfsight FR","description":"","potentialAction":[{"@type":"SearchAction","target":{"@type":"EntryPoint","urlTemplate":"https:\/\/elfsight.com\/fr\/?s={search_term_string}"},"query-input":{"@type":"PropertyValueSpecification","valueRequired":true,"valueName":"search_term_string"}}],"inLanguage":"fr-FR"}]}},"meta_box":{"industry":"","seo_heading":"","heading":"","description":"","cta_heading":"","cta_description":"","application":"965","h1":"Plugin Compteur de chiffre pour Elementor","h1_caption":"Affichez les statistiques et les jalons cl\u00e9s avec des compteurs anim\u00e9s pour mettre en \u00e9vidence vos r\u00e9alisations de mani\u00e8re attrayante sur votre site Web Elementor sans effort.","application_category":[],"applications_title":"","applications_request_title":"","applications_request_button_text":"","hero_text":"","hero_video":"","hero_video_schema_markup":"","selling_points_title":"","selling_points_caption":"","selling_points":[],"selling_points_cta_text":"","features_title":"","features":"","ed_cta_examples_text":"","ed_cta_examples_hidden":"","ed_cta_demo_text":"","ed_cta_demo_hidden":"","why_caption":"","why_editor_title":"","why_editor_text":"","why_team_title":"","why_team_text":"","why_service_title":"","why_service_text":"","template_catalog_visible":"","template_catalog_title":"","template_catalog_text":"","template_catalog_categories_visible":"","demo_title":"Cr\u00e9ez votre widget Compteur de num\u00e9ros","demo_caption":"Configurez votre compteur de num\u00e9ros et ajoutez-le gratuitement \u00e0 votre site Web Elementor\u00a0!","default_faq_hidden":"","app_template_category":[],"platform":"385","template_public_id":"","codecanyon_url":"","codecanyon_item_id":"","codecanyon_price":"","pricing_caption":"","pricing_elfsight_apps_hide_column":"","pricing_elfsight_apps_url":"","pricing_codecanyon_price_caption":"","integration_category":[],"integration_request_title":"","integration_request_cta":"","integration_platform":"","integrations":[],"platform_category":[],"video_schema_markup":"","price":"\u00c0 partir de $0\/mois","trial":"","benefits":[{"text":"Installation gratuite"},{"text":"Support Premium"},{"text":"Garantie de remboursement de 14 jours"},{"text":"L'am\u00e9lioration continue"}],"button_url":"#demo","button_target_blank":"0","button_nofollow":"0","attributes":[{"name":"Nombre d'installations","content":"1,000 - 5,000","_state":"expanded"},{"name":"Adaptif","content":"Oui","_state":"expanded"},{"name":"Navigateurs compatibles","content":"Firefox, Safari, Opera, Chrome, Edge","_state":"expanded"}],"tags":[],"tags_disable_links":"0","hide_more_platforms":"","video_object":"","demo_hide_cta":"0","demo_hide_cloud_options":"0","pricing_title":"","pricing":[{"pricing_icon":"platform","pricing_title":"Applications d'Elfsight","pricing_title_caption":"Solution num\u00e9rique multiplateforme qui fonctionne sur n'importe quel site","pricing_price":"\u00c0 partir de $0\/mois","pricing_price_caption":"Commencez avec un plan gratuit","pricing_benefits":[{"text":"Sites Web illimit\u00e9s"},{"text":"\u00c9quipe d'assistance professionnelle"},{"text":"Service d'installation gratuit"},{"text":"100% personnalisable"}],"pricing_button_text":"Ajouter au site Web","pricing_button_url":"https:\/\/apps.elfsight.com\/sign-up\/","pricing_button_nofollow":"1","_state":"expanded"}],"related_apps_title":"","related_apps_hidden":"1","author":"","image":[],"title":"","job":"","social_networks":[]},"_links":{"self":[{"href":"https:\/\/elfsight.com\/fr\/wp-json\/wp\/v2\/pages\/5203","targetHints":{"allow":["GET"]}}],"collection":[{"href":"https:\/\/elfsight.com\/fr\/wp-json\/wp\/v2\/pages"}],"about":[{"href":"https:\/\/elfsight.com\/fr\/wp-json\/wp\/v2\/types\/page"}],"author":[{"embeddable":true,"href":"https:\/\/elfsight.com\/fr\/wp-json\/wp\/v2\/users\/18"}],"replies":[{"embeddable":true,"href":"https:\/\/elfsight.com\/fr\/wp-json\/wp\/v2\/comments?post=5203"}],"version-history":[{"count":2,"href":"https:\/\/elfsight.com\/fr\/wp-json\/wp\/v2\/pages\/5203\/revisions"}],"predecessor-version":[{"id":14614,"href":"https:\/\/elfsight.com\/fr\/wp-json\/wp\/v2\/pages\/5203\/revisions\/14614"}],"up":[{"embeddable":true,"href":"https:\/\/elfsight.com\/fr\/wp-json\/wp\/v2\/pages\/968"}],"wp:attachment":[{"href":"https:\/\/elfsight.com\/fr\/wp-json\/wp\/v2\/media?parent=5203"}],"curies":[{"name":"wp","href":"https:\/\/api.w.org\/{rel}","templated":true}]}}